{"id":506762,"date":"2022-11-16T14:46:24","date_gmt":"2022-11-16T13:46:24","guid":{"rendered":"https:\/\/www.vetorino.com\/boutique\/?post_type=product&#038;p=506762"},"modified":"2023-06-01T04:17:42","modified_gmt":"2023-06-01T02:17:42","slug":"abri-douillet-ella","status":"publish","type":"product","link":"https:\/\/www.vetorino.com\/veterinaire\/ecommoy-72220\/boutique\/product\/abri-douillet-ella\/","title":{"rendered":"Abri douillet Ella pour \u00e9tag\u00e8res"},"content":{"rendered":"<p>L&#8217;abri douillet Ella est un couchage discret qui s&#8217;adaptera parfaitement \u00e0 votre int\u00e9rieur.<br \/>\nCet abri est adapt\u00e9 aux \u00e9tag\u00e8res IKEA, Kallax ou Expedit afin de ne pas perdre de place. Avec son coussin r\u00e9versible recouvert de peluche, ce couchage pratique apportera tout le confort n\u00e9cessaire \u00e0 votre chat.<\/p>\n<p><strong>Caract\u00e9ristiques :<\/strong><\/p>\n<ul>\n<li>Recouvert de tissu<\/li>\n<li>Pliable<\/li>\n<li>Adapt\u00e9 par ex. aux \u00e9tag\u00e8res IKEA Kallax ou Expedit<\/li>\n<li>Coussin r\u00e9versible recouvert de peluche: lavable \u00e0 la main<\/li>\n<li>Dimensions: 33 \u00d7 33 \u00d7 37 cm<\/li>\n<li>Coloris: gris<\/li>\n<\/ul>\n","protected":false},"excerpt":{"rendered":"<p><strong>L&#8217;abri douillet Ella pour chat de chez Trixie est un couchage confortable et design, il peut s&#8217;adapter \u00e0 certaines \u00e9tag\u00e8res pour plus de discr\u00e9tion et gagner de la place. Les chats adorent !<\/strong><\/p>\n<p>&nbsp;<\/p>\n","protected":false},"featured_media":591807,"template":"","meta":[],"product_cat":[12548,2697,12595],"product_tag":[],"class_list":{"0":"post-506762","1":"product","2":"type-product","3":"status-publish","4":"has-post-thumbnail","6":"product_cat-accessoire-du-chat","7":"product_cat-chat","8":"product_cat-confort-du-chat","9":"pa_marque-trixie","11":"first","12":"outofstock","13":"taxable","14":"shipping-taxable","15":"purchasable","16":"product-type-simple"},"yoast_head":"<!-- This site is optimized with the Yoast SEO plugin v27.3 - https:\/\/yoast.com\/product\/yoast-seo-wordpress\/ -->\n<title>Abri douillet Ella pour \u00e9tag\u00e8res Trixie - V\u00e9torino<\/title>\n<meta name=\"description\" content=\"L&#039;abri douillet Ella pour chat de chez Trixie est un couchage confortable et design, il peut s&#039;adapter \u00e0 certaines \u00e9tag\u00e8res pour plus de discr\u00e9tion et gagner de la place. Les chats adorent !  &nbsp;\" \/>\n<meta name=\"robots\" content=\"noindex, nofollow\" \/>\n<meta property=\"og:locale\" content=\"fr_FR\" \/>\n<meta property=\"og:type\" content=\"article\" \/>\n<meta property=\"og:title\" content=\"Abri douillet Ella pour \u00e9tag\u00e8res Trixie - V\u00e9torino\" \/>\n<meta property=\"og:description\" content=\"L&#039;abri douillet Ella pour chat de chez Trixie est un couchage confortable et design, il peut s&#039;adapter \u00e0 certaines \u00e9tag\u00e8res pour plus de discr\u00e9tion et gagner de la place. Les chats adorent !  &nbsp;\" \/>\n<meta property=\"og:url\" content=\"https:\/\/www.vetorino.com\/veterinaire\/ecommoy-72220\/boutique\/product\/abri-douillet-ella\/\" \/>\n<meta property=\"og:site_name\" content=\"V\u00e9torino\" \/>\n<meta property=\"article:publisher\" content=\"https:\/\/www.facebook.com\/Vetorino\/\" \/>\n<meta property=\"article:modified_time\" content=\"2023-06-01T02:17:42+00:00\" \/>\n<meta property=\"og:image\" content=\"https:\/\/www.vetorino.com\/boutique\/wp-content\/uploads\/2022\/11\/trixie-abri-douillet-ella-pour-etageres-33x33x37cm-gris-pour-chat.jpeg\" \/>\n\t<meta property=\"og:image:width\" content=\"500\" \/>\n\t<meta property=\"og:image:height\" content=\"500\" \/>\n\t<meta property=\"og:image:type\" content=\"image\/jpeg\" \/>\n<meta name=\"twitter:card\" content=\"summary_large_image\" \/>\n<meta name=\"twitter:label1\" content=\"Prix\" \/>\n\t<meta name=\"twitter:data1\" content=\"16,20&euro;\" \/>\n\t<meta name=\"twitter:label2\" content=\"Disponibilit\u00e9\" \/>\n\t<meta name=\"twitter:data2\" content=\"Rupture de stock\" \/>\n<script type=\"application\/ld+json\" class=\"yoast-schema-graph\">{\"@context\":\"https:\\\/\\\/schema.org\",\"@graph\":[{\"@type\":\"WebPage\",\"@id\":\"https:\\\/\\\/www.vetorino.com\\\/boutique\\\/product\\\/abri-douillet-ella\\\/\",\"url\":\"https:\\\/\\\/www.vetorino.com\\\/boutique\\\/product\\\/abri-douillet-ella\\\/\",\"name\":\"Abri douillet Ella pour \u00e9tag\u00e8res Trixie - V\u00e9torino\",\"isPartOf\":{\"@id\":\"https:\\\/\\\/www.vetorino.com\\\/boutique\\\/#website\"},\"primaryImageOfPage\":{\"@id\":\"https:\\\/\\\/www.vetorino.com\\\/boutique\\\/product\\\/abri-douillet-ella\\\/#primaryimage\"},\"image\":{\"@id\":\"https:\\\/\\\/www.vetorino.com\\\/boutique\\\/product\\\/abri-douillet-ella\\\/#primaryimage\"},\"thumbnailUrl\":\"https:\\\/\\\/www.vetorino.com\\\/boutique\\\/wp-content\\\/uploads\\\/2022\\\/11\\\/trixie-abri-douillet-ella-pour-etageres-33x33x37cm-gris-pour-chat.jpeg\",\"datePublished\":\"2022-11-16T13:46:24+00:00\",\"dateModified\":\"2023-06-01T02:17:42+00:00\",\"description\":\"L'abri douillet Ella pour chat de chez Trixie est un couchage confortable et design, il peut s'adapter \u00e0 certaines \u00e9tag\u00e8res pour plus de discr\u00e9tion et gagner de la place. Les chats adorent ! &nbsp;\",\"breadcrumb\":{\"@id\":\"https:\\\/\\\/www.vetorino.com\\\/boutique\\\/product\\\/abri-douillet-ella\\\/#breadcrumb\"},\"inLanguage\":\"fr-FR\",\"potentialAction\":[{\"@type\":\"ReadAction\",\"target\":[\"https:\\\/\\\/www.vetorino.com\\\/boutique\\\/product\\\/abri-douillet-ella\\\/\"]}]},{\"@type\":\"ImageObject\",\"inLanguage\":\"fr-FR\",\"@id\":\"https:\\\/\\\/www.vetorino.com\\\/boutique\\\/product\\\/abri-douillet-ella\\\/#primaryimage\",\"url\":\"https:\\\/\\\/www.vetorino.com\\\/boutique\\\/wp-content\\\/uploads\\\/2022\\\/11\\\/trixie-abri-douillet-ella-pour-etageres-33x33x37cm-gris-pour-chat.jpeg\",\"contentUrl\":\"https:\\\/\\\/www.vetorino.com\\\/boutique\\\/wp-content\\\/uploads\\\/2022\\\/11\\\/trixie-abri-douillet-ella-pour-etageres-33x33x37cm-gris-pour-chat.jpeg\",\"width\":500,\"height\":500},{\"@type\":\"BreadcrumbList\",\"@id\":\"https:\\\/\\\/www.vetorino.com\\\/boutique\\\/product\\\/abri-douillet-ella\\\/#breadcrumb\",\"itemListElement\":[{\"@type\":\"ListItem\",\"position\":1,\"name\":\"Accueil\",\"item\":\"https:\\\/\\\/www.vetorino.com\\\/boutique\\\/\"},{\"@type\":\"ListItem\",\"position\":2,\"name\":\"Produits\",\"item\":\"https:\\\/\\\/www.vetorino.com\\\/boutique\\\/\"},{\"@type\":\"ListItem\",\"position\":3,\"name\":\"Abri douillet Ella pour \u00e9tag\u00e8res\"}]},{\"@type\":\"WebSite\",\"@id\":\"https:\\\/\\\/www.vetorino.com\\\/boutique\\\/#website\",\"url\":\"https:\\\/\\\/www.vetorino.com\\\/boutique\\\/\",\"name\":\"V\u00e9torino\",\"description\":\"\",\"publisher\":{\"@id\":\"https:\\\/\\\/www.vetorino.com\\\/boutique\\\/#organization\"},\"potentialAction\":[{\"@type\":\"SearchAction\",\"target\":{\"@type\":\"EntryPoint\",\"urlTemplate\":\"https:\\\/\\\/www.vetorino.com\\\/boutique\\\/?s={search_term_string}\"},\"query-input\":{\"@type\":\"PropertyValueSpecification\",\"valueRequired\":true,\"valueName\":\"search_term_string\"}}],\"inLanguage\":\"fr-FR\"},{\"@type\":\"Organization\",\"@id\":\"https:\\\/\\\/www.vetorino.com\\\/boutique\\\/#organization\",\"name\":\"V\u00e9torino\",\"url\":\"https:\\\/\\\/www.vetorino.com\\\/boutique\\\/\",\"logo\":{\"@type\":\"ImageObject\",\"inLanguage\":\"fr-FR\",\"@id\":\"https:\\\/\\\/www.vetorino.com\\\/boutique\\\/#\\\/schema\\\/logo\\\/image\\\/\",\"url\":\"https:\\\/\\\/www.vetorino.com\\\/boutique\\\/wp-content\\\/uploads\\\/2024\\\/10\\\/logo.jpg\",\"contentUrl\":\"https:\\\/\\\/www.vetorino.com\\\/boutique\\\/wp-content\\\/uploads\\\/2024\\\/10\\\/logo.jpg\",\"width\":1200,\"height\":610,\"caption\":\"V\u00e9torino\"},\"image\":{\"@id\":\"https:\\\/\\\/www.vetorino.com\\\/boutique\\\/#\\\/schema\\\/logo\\\/image\\\/\"},\"sameAs\":[\"https:\\\/\\\/www.facebook.com\\\/Vetorino\\\/\",\"https:\\\/\\\/www.instagram.com\\\/vetorino_off\\\/\",\"https:\\\/\\\/www.linkedin.com\\\/company\\\/vtorino\\\/\"]}]}<\/script>\n<meta property=\"product:brand\" content=\"Trixie\" \/>\n<meta property=\"product:price:amount\" content=\"16.20\" \/>\n<meta property=\"product:price:currency\" content=\"EUR\" \/>\n<meta property=\"og:availability\" content=\"out of stock\" \/>\n<meta property=\"product:availability\" content=\"out of stock\" \/>\n<meta property=\"product:retailer_item_id\" content=\"O-806847\" \/>\n<meta property=\"product:condition\" content=\"new\" \/>\n<!-- \/ Yoast SEO plugin. -->","yoast_head_json":{"title":"Abri douillet Ella pour \u00e9tag\u00e8res Trixie - V\u00e9torino","description":"L'abri douillet Ella pour chat de chez Trixie est un couchage confortable et design, il peut s'adapter \u00e0 certaines \u00e9tag\u00e8res pour plus de discr\u00e9tion et gagner de la place. Les chats adorent !  &nbsp;","robots":{"index":"noindex","follow":"nofollow"},"og_locale":"fr_FR","og_type":"article","og_title":"Abri douillet Ella pour \u00e9tag\u00e8res Trixie - V\u00e9torino","og_description":"L'abri douillet Ella pour chat de chez Trixie est un couchage confortable et design, il peut s'adapter \u00e0 certaines \u00e9tag\u00e8res pour plus de discr\u00e9tion et gagner de la place. Les chats adorent !  &nbsp;","og_url":"https:\/\/www.vetorino.com\/veterinaire\/ecommoy-72220\/boutique\/product\/abri-douillet-ella\/","og_site_name":"V\u00e9torino","article_publisher":"https:\/\/www.facebook.com\/Vetorino\/","article_modified_time":"2023-06-01T02:17:42+00:00","og_image":[{"width":500,"height":500,"url":"https:\/\/www.vetorino.com\/boutique\/wp-content\/uploads\/2022\/11\/trixie-abri-douillet-ella-pour-etageres-33x33x37cm-gris-pour-chat.jpeg","type":"image\/jpeg"}],"twitter_card":"summary_large_image","twitter_misc":{"Prix":"16,20&euro;","Disponibilit\u00e9":"Rupture de stock"},"schema":{"@context":"https:\/\/schema.org","@graph":[{"@type":"WebPage","@id":"https:\/\/www.vetorino.com\/boutique\/product\/abri-douillet-ella\/","url":"https:\/\/www.vetorino.com\/boutique\/product\/abri-douillet-ella\/","name":"Abri douillet Ella pour \u00e9tag\u00e8res Trixie - V\u00e9torino","isPartOf":{"@id":"https:\/\/www.vetorino.com\/boutique\/#website"},"primaryImageOfPage":{"@id":"https:\/\/www.vetorino.com\/boutique\/product\/abri-douillet-ella\/#primaryimage"},"image":{"@id":"https:\/\/www.vetorino.com\/boutique\/product\/abri-douillet-ella\/#primaryimage"},"thumbnailUrl":"https:\/\/www.vetorino.com\/boutique\/wp-content\/uploads\/2022\/11\/trixie-abri-douillet-ella-pour-etageres-33x33x37cm-gris-pour-chat.jpeg","datePublished":"2022-11-16T13:46:24+00:00","dateModified":"2023-06-01T02:17:42+00:00","description":"L'abri douillet Ella pour chat de chez Trixie est un couchage confortable et design, il peut s'adapter \u00e0 certaines \u00e9tag\u00e8res pour plus de discr\u00e9tion et gagner de la place. Les chats adorent ! &nbsp;","breadcrumb":{"@id":"https:\/\/www.vetorino.com\/boutique\/product\/abri-douillet-ella\/#breadcrumb"},"inLanguage":"fr-FR","potentialAction":[{"@type":"ReadAction","target":["https:\/\/www.vetorino.com\/boutique\/product\/abri-douillet-ella\/"]}]},{"@type":"ImageObject","inLanguage":"fr-FR","@id":"https:\/\/www.vetorino.com\/boutique\/product\/abri-douillet-ella\/#primaryimage","url":"https:\/\/www.vetorino.com\/boutique\/wp-content\/uploads\/2022\/11\/trixie-abri-douillet-ella-pour-etageres-33x33x37cm-gris-pour-chat.jpeg","contentUrl":"https:\/\/www.vetorino.com\/boutique\/wp-content\/uploads\/2022\/11\/trixie-abri-douillet-ella-pour-etageres-33x33x37cm-gris-pour-chat.jpeg","width":500,"height":500},{"@type":"BreadcrumbList","@id":"https:\/\/www.vetorino.com\/boutique\/product\/abri-douillet-ella\/#breadcrumb","itemListElement":[{"@type":"ListItem","position":1,"name":"Accueil","item":"https:\/\/www.vetorino.com\/boutique\/"},{"@type":"ListItem","position":2,"name":"Produits","item":"https:\/\/www.vetorino.com\/boutique\/"},{"@type":"ListItem","position":3,"name":"Abri douillet Ella pour \u00e9tag\u00e8res"}]},{"@type":"WebSite","@id":"https:\/\/www.vetorino.com\/boutique\/#website","url":"https:\/\/www.vetorino.com\/boutique\/","name":"V\u00e9torino","description":"","publisher":{"@id":"https:\/\/www.vetorino.com\/boutique\/#organization"},"potentialAction":[{"@type":"SearchAction","target":{"@type":"EntryPoint","urlTemplate":"https:\/\/www.vetorino.com\/boutique\/?s={search_term_string}"},"query-input":{"@type":"PropertyValueSpecification","valueRequired":true,"valueName":"search_term_string"}}],"inLanguage":"fr-FR"},{"@type":"Organization","@id":"https:\/\/www.vetorino.com\/boutique\/#organization","name":"V\u00e9torino","url":"https:\/\/www.vetorino.com\/boutique\/","logo":{"@type":"ImageObject","inLanguage":"fr-FR","@id":"https:\/\/www.vetorino.com\/boutique\/#\/schema\/logo\/image\/","url":"https:\/\/www.vetorino.com\/boutique\/wp-content\/uploads\/2024\/10\/logo.jpg","contentUrl":"https:\/\/www.vetorino.com\/boutique\/wp-content\/uploads\/2024\/10\/logo.jpg","width":1200,"height":610,"caption":"V\u00e9torino"},"image":{"@id":"https:\/\/www.vetorino.com\/boutique\/#\/schema\/logo\/image\/"},"sameAs":["https:\/\/www.facebook.com\/Vetorino\/","https:\/\/www.instagram.com\/vetorino_off\/","https:\/\/www.linkedin.com\/company\/vtorino\/"]}]},"product_brand":"Trixie","product_price_amount":"16.20","product_price_currency":"EUR","og_availability":"out of stock","product_availability":"out of stock","product_retailer_item_id":"O-806847","product_condition":"new"},"_links":{"self":[{"href":"https:\/\/www.vetorino.com\/veterinaire\/ecommoy-72220\/boutique\/wp-json\/wp\/v2\/product\/506762","targetHints":{"allow":["GET"]}}],"collection":[{"href":"https:\/\/www.vetorino.com\/veterinaire\/ecommoy-72220\/boutique\/wp-json\/wp\/v2\/product"}],"about":[{"href":"https:\/\/www.vetorino.com\/veterinaire\/ecommoy-72220\/boutique\/wp-json\/wp\/v2\/types\/product"}],"wp:featuredmedia":[{"embeddable":true,"href":"https:\/\/www.vetorino.com\/veterinaire\/ecommoy-72220\/boutique\/wp-json\/wp\/v2\/media\/591807"}],"wp:attachment":[{"href":"https:\/\/www.vetorino.com\/veterinaire\/ecommoy-72220\/boutique\/wp-json\/wp\/v2\/media?parent=506762"}],"wp:term":[{"taxonomy":"product_cat","embeddable":true,"href":"https:\/\/www.vetorino.com\/veterinaire\/ecommoy-72220\/boutique\/wp-json\/wp\/v2\/product_cat?post=506762"},{"taxonomy":"product_tag","embeddable":true,"href":"https:\/\/www.vetorino.com\/veterinaire\/ecommoy-72220\/boutique\/wp-json\/wp\/v2\/product_tag?post=506762"}],"curies":[{"name":"wp","href":"https:\/\/api.w.org\/{rel}","templated":true}]}}