{"id":602064,"date":"2023-04-25T15:14:03","date_gmt":"2023-04-25T13:14:03","guid":{"rendered":"https:\/\/www.vetorino.com\/boutique\/product\/baguette-telescopique-target-stick-coachi\/"},"modified":"2026-03-13T02:42:20","modified_gmt":"2026-03-13T01:42:20","slug":"baguette-telescopique-target-stick-coachi","status":"publish","type":"product","link":"https:\/\/www.vetorino.com\/veterinaire\/ferrette-68480\/boutique\/product\/baguette-telescopique-target-stick-coachi\/","title":{"rendered":"Baguette t\u00e9lescopique Target Stick Coachi"},"content":{"rendered":"<ul>\n<li>Target Stick Coachi pour chien Company of Animals,<\/li>\n<li>Accessoire essentiel pour l&#8217;\u00e9ducation au clicker,<\/li>\n<li>Elle permet d&#8217;attirer l&#8217;attention de votre chiot,<\/li>\n<li>Lorsque le chien a appris \u00e0 suivre la cible, vous pourrez plus facilement lui apprendre des ordres de bases comme &#8220;assis&#8221;ou &#8220;couch\u00e9&#8221;,<\/li>\n<li>Tr\u00e8s utile aussi pour l&#8217;apprentissage de tours plus avanc\u00e9s,<\/li>\n<li>Conception t\u00e9l\u00e9scopique qui vous permettra de la transporter facilement : 15 cm repli\u00e9e et 70 cm d\u00e9pli\u00e9e,<\/li>\n<li>La balle en mousse de 3 cm de couleur vive permet \u00e0 votre animal de la suivre plus facilement,<\/li>\n<li>Id\u00e9ale pour tous les chiens et les chiots en apprentissage.<\/li>\n<\/ul>\n<p><strong>Pourquoi utiliser une baguette t\u00e9l\u00e9scopique ?<\/strong><\/p>\n<ul>\n<li>Facilite l&#8217;entra\u00eenement pour les chiots et les chiens.<\/li>\n<li>Pour inciter votre chien \u00e0 se positionner et \u00e0 cibler des objets.<\/li>\n<li>Parfait pour l&#8217;entra\u00eenement \u00e0 des tricks.<\/li>\n<\/ul>\n","protected":false},"excerpt":{"rendered":"<p>La baguette t\u00e9lescopique Target Stick Coachi est id\u00e9ale pour l&#8217;apprentissage de l&#8217;\u00e9ducation des chiots avec un clicker.<br \/>\nCette baguette est indispensable pour l&#8217;\u00e9ducation au clicker car elle vous permettra d&#8217;attirer l&#8217;attention de votre chien.<br \/>\nDimension repli\u00e9e : 15 cm &#8211; d\u00e9pli\u00e9e : 70 cm. Diam\u00e8tre : 3 cm.<\/p>\n","protected":false},"featured_media":602070,"template":"","meta":[],"product_cat":[2698,12621],"product_tag":[],"class_list":{"0":"post-602064","1":"product","2":"type-product","3":"status-publish","4":"has-post-thumbnail","6":"product_cat-chien","7":"product_cat-jeux-educatifs-pour-chien","8":"pa_marque-coachi","10":"first","11":"instock","12":"taxable","13":"shipping-taxable","14":"purchasable","15":"product-type-simple"},"yoast_head":"<!-- This site is optimized with the Yoast SEO plugin v27.3 - https:\/\/yoast.com\/product\/yoast-seo-wordpress\/ -->\n<title>Baguette t\u00e9lescopique Target Stick Coachi Coachi - V\u00e9torino<\/title>\n<meta name=\"description\" content=\"La baguette t\u00e9lescopique Target Stick Coachi est id\u00e9ale pour l&#039;apprentissage de l&#039;\u00e9ducation des chiots avec un clicker. Cette baguette est indispensable pour l&#039;\u00e9ducation au clicker car elle vous permettra d&#039;attirer l&#039;attention de votre chien. Dimension repli\u00e9e : 15 cm - d\u00e9pli\u00e9e : 70 cm. Diam\u00e8tre : 3 cm.\" \/>\n<meta name=\"robots\" content=\"noindex, nofollow\" \/>\n<meta property=\"og:locale\" content=\"fr_FR\" \/>\n<meta property=\"og:type\" content=\"article\" \/>\n<meta property=\"og:title\" content=\"Baguette t\u00e9lescopique Target Stick Coachi Coachi - V\u00e9torino\" \/>\n<meta property=\"og:description\" content=\"La baguette t\u00e9lescopique Target Stick Coachi est id\u00e9ale pour l&#039;apprentissage de l&#039;\u00e9ducation des chiots avec un clicker. Cette baguette est indispensable pour l&#039;\u00e9ducation au clicker car elle vous permettra d&#039;attirer l&#039;attention de votre chien. Dimension repli\u00e9e : 15 cm - d\u00e9pli\u00e9e : 70 cm. Diam\u00e8tre : 3 cm.\" \/>\n<meta property=\"og:url\" content=\"https:\/\/www.vetorino.com\/veterinaire\/ferrette-68480\/boutique\/product\/baguette-telescopique-target-stick-coachi\/\" \/>\n<meta property=\"og:site_name\" content=\"V\u00e9torino\" \/>\n<meta property=\"article:publisher\" content=\"https:\/\/www.facebook.com\/Vetorino\/\" \/>\n<meta property=\"article:modified_time\" content=\"2026-03-13T01:42:20+00:00\" \/>\n<meta property=\"og:image\" content=\"https:\/\/www.vetorino.com\/boutique\/wp-content\/uploads\/2023\/04\/baguette-telescopique-coachi-coachi-1.png\" \/>\n\t<meta property=\"og:image:width\" content=\"700\" \/>\n\t<meta property=\"og:image:height\" content=\"700\" \/>\n\t<meta property=\"og:image:type\" content=\"image\/png\" \/>\n<meta name=\"twitter:card\" content=\"summary_large_image\" \/>\n<meta name=\"twitter:label1\" content=\"Prix\" \/>\n\t<meta name=\"twitter:data1\" content=\"8,32&euro;\" \/>\n\t<meta name=\"twitter:label2\" content=\"Disponibilit\u00e9\" \/>\n\t<meta name=\"twitter:data2\" content=\"En stock\" \/>\n<script type=\"application\/ld+json\" class=\"yoast-schema-graph\">{\"@context\":\"https:\\\/\\\/schema.org\",\"@graph\":[{\"@type\":\"WebPage\",\"@id\":\"https:\\\/\\\/www.vetorino.com\\\/boutique\\\/product\\\/baguette-telescopique-target-stick-coachi\\\/\",\"url\":\"https:\\\/\\\/www.vetorino.com\\\/boutique\\\/product\\\/baguette-telescopique-target-stick-coachi\\\/\",\"name\":\"Baguette t\u00e9lescopique Target Stick Coachi Coachi - V\u00e9torino\",\"isPartOf\":{\"@id\":\"https:\\\/\\\/www.vetorino.com\\\/boutique\\\/#website\"},\"primaryImageOfPage\":{\"@id\":\"https:\\\/\\\/www.vetorino.com\\\/boutique\\\/product\\\/baguette-telescopique-target-stick-coachi\\\/#primaryimage\"},\"image\":{\"@id\":\"https:\\\/\\\/www.vetorino.com\\\/boutique\\\/product\\\/baguette-telescopique-target-stick-coachi\\\/#primaryimage\"},\"thumbnailUrl\":\"https:\\\/\\\/www.vetorino.com\\\/boutique\\\/wp-content\\\/uploads\\\/2023\\\/04\\\/baguette-telescopique-coachi-coachi-1.png\",\"datePublished\":\"2023-04-25T13:14:03+00:00\",\"dateModified\":\"2026-03-13T01:42:20+00:00\",\"description\":\"La baguette t\u00e9lescopique Target Stick Coachi est id\u00e9ale pour l'apprentissage de l'\u00e9ducation des chiots avec un clicker. Cette baguette est indispensable pour l'\u00e9ducation au clicker car elle vous permettra d'attirer l'attention de votre chien. Dimension repli\u00e9e : 15 cm - d\u00e9pli\u00e9e : 70 cm. Diam\u00e8tre : 3 cm.\",\"breadcrumb\":{\"@id\":\"https:\\\/\\\/www.vetorino.com\\\/boutique\\\/product\\\/baguette-telescopique-target-stick-coachi\\\/#breadcrumb\"},\"inLanguage\":\"fr-FR\",\"potentialAction\":[{\"@type\":\"ReadAction\",\"target\":[\"https:\\\/\\\/www.vetorino.com\\\/boutique\\\/product\\\/baguette-telescopique-target-stick-coachi\\\/\"]}]},{\"@type\":\"ImageObject\",\"inLanguage\":\"fr-FR\",\"@id\":\"https:\\\/\\\/www.vetorino.com\\\/boutique\\\/product\\\/baguette-telescopique-target-stick-coachi\\\/#primaryimage\",\"url\":\"https:\\\/\\\/www.vetorino.com\\\/boutique\\\/wp-content\\\/uploads\\\/2023\\\/04\\\/baguette-telescopique-coachi-coachi-1.png\",\"contentUrl\":\"https:\\\/\\\/www.vetorino.com\\\/boutique\\\/wp-content\\\/uploads\\\/2023\\\/04\\\/baguette-telescopique-coachi-coachi-1.png\",\"width\":700,\"height\":700},{\"@type\":\"BreadcrumbList\",\"@id\":\"https:\\\/\\\/www.vetorino.com\\\/boutique\\\/product\\\/baguette-telescopique-target-stick-coachi\\\/#breadcrumb\",\"itemListElement\":[{\"@type\":\"ListItem\",\"position\":1,\"name\":\"Accueil\",\"item\":\"https:\\\/\\\/www.vetorino.com\\\/boutique\\\/\"},{\"@type\":\"ListItem\",\"position\":2,\"name\":\"Produits\",\"item\":\"https:\\\/\\\/www.vetorino.com\\\/boutique\\\/\"},{\"@type\":\"ListItem\",\"position\":3,\"name\":\"Baguette t\u00e9lescopique Target Stick Coachi\"}]},{\"@type\":\"WebSite\",\"@id\":\"https:\\\/\\\/www.vetorino.com\\\/boutique\\\/#website\",\"url\":\"https:\\\/\\\/www.vetorino.com\\\/boutique\\\/\",\"name\":\"V\u00e9torino\",\"description\":\"\",\"publisher\":{\"@id\":\"https:\\\/\\\/www.vetorino.com\\\/boutique\\\/#organization\"},\"potentialAction\":[{\"@type\":\"SearchAction\",\"target\":{\"@type\":\"EntryPoint\",\"urlTemplate\":\"https:\\\/\\\/www.vetorino.com\\\/boutique\\\/?s={search_term_string}\"},\"query-input\":{\"@type\":\"PropertyValueSpecification\",\"valueRequired\":true,\"valueName\":\"search_term_string\"}}],\"inLanguage\":\"fr-FR\"},{\"@type\":\"Organization\",\"@id\":\"https:\\\/\\\/www.vetorino.com\\\/boutique\\\/#organization\",\"name\":\"V\u00e9torino\",\"url\":\"https:\\\/\\\/www.vetorino.com\\\/boutique\\\/\",\"logo\":{\"@type\":\"ImageObject\",\"inLanguage\":\"fr-FR\",\"@id\":\"https:\\\/\\\/www.vetorino.com\\\/boutique\\\/#\\\/schema\\\/logo\\\/image\\\/\",\"url\":\"https:\\\/\\\/www.vetorino.com\\\/boutique\\\/wp-content\\\/uploads\\\/2024\\\/10\\\/logo.jpg\",\"contentUrl\":\"https:\\\/\\\/www.vetorino.com\\\/boutique\\\/wp-content\\\/uploads\\\/2024\\\/10\\\/logo.jpg\",\"width\":1200,\"height\":610,\"caption\":\"V\u00e9torino\"},\"image\":{\"@id\":\"https:\\\/\\\/www.vetorino.com\\\/boutique\\\/#\\\/schema\\\/logo\\\/image\\\/\"},\"sameAs\":[\"https:\\\/\\\/www.facebook.com\\\/Vetorino\\\/\",\"https:\\\/\\\/www.instagram.com\\\/vetorino_off\\\/\",\"https:\\\/\\\/www.linkedin.com\\\/company\\\/vtorino\\\/\"]}]}<\/script>\n<meta property=\"product:brand\" content=\"Coachi\" \/>\n<meta property=\"product:price:amount\" content=\"8.32\" \/>\n<meta property=\"product:price:currency\" content=\"EUR\" \/>\n<meta property=\"og:availability\" content=\"instock\" \/>\n<meta property=\"product:availability\" content=\"instock\" \/>\n<meta property=\"product:retailer_item_id\" content=\"C-BAG713\" \/>\n<meta property=\"product:condition\" content=\"new\" \/>\n<!-- \/ Yoast SEO plugin. -->","yoast_head_json":{"title":"Baguette t\u00e9lescopique Target Stick Coachi Coachi - V\u00e9torino","description":"La baguette t\u00e9lescopique Target Stick Coachi est id\u00e9ale pour l'apprentissage de l'\u00e9ducation des chiots avec un clicker. Cette baguette est indispensable pour l'\u00e9ducation au clicker car elle vous permettra d'attirer l'attention de votre chien. Dimension repli\u00e9e : 15 cm - d\u00e9pli\u00e9e : 70 cm. Diam\u00e8tre : 3 cm.","robots":{"index":"noindex","follow":"nofollow"},"og_locale":"fr_FR","og_type":"article","og_title":"Baguette t\u00e9lescopique Target Stick Coachi Coachi - V\u00e9torino","og_description":"La baguette t\u00e9lescopique Target Stick Coachi est id\u00e9ale pour l'apprentissage de l'\u00e9ducation des chiots avec un clicker. Cette baguette est indispensable pour l'\u00e9ducation au clicker car elle vous permettra d'attirer l'attention de votre chien. Dimension repli\u00e9e : 15 cm - d\u00e9pli\u00e9e : 70 cm. Diam\u00e8tre : 3 cm.","og_url":"https:\/\/www.vetorino.com\/veterinaire\/ferrette-68480\/boutique\/product\/baguette-telescopique-target-stick-coachi\/","og_site_name":"V\u00e9torino","article_publisher":"https:\/\/www.facebook.com\/Vetorino\/","article_modified_time":"2026-03-13T01:42:20+00:00","og_image":[{"width":700,"height":700,"url":"https:\/\/www.vetorino.com\/boutique\/wp-content\/uploads\/2023\/04\/baguette-telescopique-coachi-coachi-1.png","type":"image\/png"}],"twitter_card":"summary_large_image","twitter_misc":{"Prix":"8,32&euro;","Disponibilit\u00e9":"En stock"},"schema":{"@context":"https:\/\/schema.org","@graph":[{"@type":"WebPage","@id":"https:\/\/www.vetorino.com\/boutique\/product\/baguette-telescopique-target-stick-coachi\/","url":"https:\/\/www.vetorino.com\/boutique\/product\/baguette-telescopique-target-stick-coachi\/","name":"Baguette t\u00e9lescopique Target Stick Coachi Coachi - V\u00e9torino","isPartOf":{"@id":"https:\/\/www.vetorino.com\/boutique\/#website"},"primaryImageOfPage":{"@id":"https:\/\/www.vetorino.com\/boutique\/product\/baguette-telescopique-target-stick-coachi\/#primaryimage"},"image":{"@id":"https:\/\/www.vetorino.com\/boutique\/product\/baguette-telescopique-target-stick-coachi\/#primaryimage"},"thumbnailUrl":"https:\/\/www.vetorino.com\/boutique\/wp-content\/uploads\/2023\/04\/baguette-telescopique-coachi-coachi-1.png","datePublished":"2023-04-25T13:14:03+00:00","dateModified":"2026-03-13T01:42:20+00:00","description":"La baguette t\u00e9lescopique Target Stick Coachi est id\u00e9ale pour l'apprentissage de l'\u00e9ducation des chiots avec un clicker. Cette baguette est indispensable pour l'\u00e9ducation au clicker car elle vous permettra d'attirer l'attention de votre chien. Dimension repli\u00e9e : 15 cm - d\u00e9pli\u00e9e : 70 cm. Diam\u00e8tre : 3 cm.","breadcrumb":{"@id":"https:\/\/www.vetorino.com\/boutique\/product\/baguette-telescopique-target-stick-coachi\/#breadcrumb"},"inLanguage":"fr-FR","potentialAction":[{"@type":"ReadAction","target":["https:\/\/www.vetorino.com\/boutique\/product\/baguette-telescopique-target-stick-coachi\/"]}]},{"@type":"ImageObject","inLanguage":"fr-FR","@id":"https:\/\/www.vetorino.com\/boutique\/product\/baguette-telescopique-target-stick-coachi\/#primaryimage","url":"https:\/\/www.vetorino.com\/boutique\/wp-content\/uploads\/2023\/04\/baguette-telescopique-coachi-coachi-1.png","contentUrl":"https:\/\/www.vetorino.com\/boutique\/wp-content\/uploads\/2023\/04\/baguette-telescopique-coachi-coachi-1.png","width":700,"height":700},{"@type":"BreadcrumbList","@id":"https:\/\/www.vetorino.com\/boutique\/product\/baguette-telescopique-target-stick-coachi\/#breadcrumb","itemListElement":[{"@type":"ListItem","position":1,"name":"Accueil","item":"https:\/\/www.vetorino.com\/boutique\/"},{"@type":"ListItem","position":2,"name":"Produits","item":"https:\/\/www.vetorino.com\/boutique\/"},{"@type":"ListItem","position":3,"name":"Baguette t\u00e9lescopique Target Stick Coachi"}]},{"@type":"WebSite","@id":"https:\/\/www.vetorino.com\/boutique\/#website","url":"https:\/\/www.vetorino.com\/boutique\/","name":"V\u00e9torino","description":"","publisher":{"@id":"https:\/\/www.vetorino.com\/boutique\/#organization"},"potentialAction":[{"@type":"SearchAction","target":{"@type":"EntryPoint","urlTemplate":"https:\/\/www.vetorino.com\/boutique\/?s={search_term_string}"},"query-input":{"@type":"PropertyValueSpecification","valueRequired":true,"valueName":"search_term_string"}}],"inLanguage":"fr-FR"},{"@type":"Organization","@id":"https:\/\/www.vetorino.com\/boutique\/#organization","name":"V\u00e9torino","url":"https:\/\/www.vetorino.com\/boutique\/","logo":{"@type":"ImageObject","inLanguage":"fr-FR","@id":"https:\/\/www.vetorino.com\/boutique\/#\/schema\/logo\/image\/","url":"https:\/\/www.vetorino.com\/boutique\/wp-content\/uploads\/2024\/10\/logo.jpg","contentUrl":"https:\/\/www.vetorino.com\/boutique\/wp-content\/uploads\/2024\/10\/logo.jpg","width":1200,"height":610,"caption":"V\u00e9torino"},"image":{"@id":"https:\/\/www.vetorino.com\/boutique\/#\/schema\/logo\/image\/"},"sameAs":["https:\/\/www.facebook.com\/Vetorino\/","https:\/\/www.instagram.com\/vetorino_off\/","https:\/\/www.linkedin.com\/company\/vtorino\/"]}]},"product_brand":"Coachi","product_price_amount":"8.32","product_price_currency":"EUR","og_availability":"instock","product_availability":"instock","product_retailer_item_id":"C-BAG713","product_condition":"new"},"_links":{"self":[{"href":"https:\/\/www.vetorino.com\/veterinaire\/ferrette-68480\/boutique\/wp-json\/wp\/v2\/product\/602064","targetHints":{"allow":["GET"]}}],"collection":[{"href":"https:\/\/www.vetorino.com\/veterinaire\/ferrette-68480\/boutique\/wp-json\/wp\/v2\/product"}],"about":[{"href":"https:\/\/www.vetorino.com\/veterinaire\/ferrette-68480\/boutique\/wp-json\/wp\/v2\/types\/product"}],"wp:featuredmedia":[{"embeddable":true,"href":"https:\/\/www.vetorino.com\/veterinaire\/ferrette-68480\/boutique\/wp-json\/wp\/v2\/media\/602070"}],"wp:attachment":[{"href":"https:\/\/www.vetorino.com\/veterinaire\/ferrette-68480\/boutique\/wp-json\/wp\/v2\/media?parent=602064"}],"wp:term":[{"taxonomy":"product_cat","embeddable":true,"href":"https:\/\/www.vetorino.com\/veterinaire\/ferrette-68480\/boutique\/wp-json\/wp\/v2\/product_cat?post=602064"},{"taxonomy":"product_tag","embeddable":true,"href":"https:\/\/www.vetorino.com\/veterinaire\/ferrette-68480\/boutique\/wp-json\/wp\/v2\/product_tag?post=602064"}],"curies":[{"name":"wp","href":"https:\/\/api.w.org\/{rel}","templated":true}]}}