{"id":101535,"date":"2020-06-30T11:48:16","date_gmt":"2020-06-30T09:48:16","guid":{"rendered":"https:\/\/www.vetorino.com\/boutique\/product\/repas-complet-optima-lapin-nain\/"},"modified":"2026-04-02T02:42:12","modified_gmt":"2026-04-02T00:42:12","slug":"repas-complet-optima-lapin-nain","status":"publish","type":"product","link":"https:\/\/www.vetorino.com\/veterinaire\/gignaclanerthe-13180\/boutique\/product\/repas-complet-optima-lapin-nain\/","title":{"rendered":"Repas Complet Optima Lapin Nain"},"content":{"rendered":"<div class='hidden'>HAMI FORM SARL SOCEC<\/div>\n<div class='hidden'>Rongeurs<\/div>\n<div class='hidden'>Sec<\/div>\n<div class='hidden'>Granul\u00e9s<\/div>\n<div class='hidden'>Lapin &#8211; Nain adulte<\/div>\n<p>Par sa pr\u00e9sentation originale et sa formule sp\u00e9cifique, cet aliment constitue un repas complet et \u00e9quilibr\u00e9.<br \/>La luzerne, plante fourrag\u00e8re pr\u00e9f\u00e9r\u00e9e des lapins est d\u00e9shydrat\u00e9e, conservant ainsi son ar\u00f4me et sa qualit\u00e9.<br \/>Particularit\u00e9s :<br \/>. Fibres longues et cellulose pour une meilleure digestion. Les c\u00e9r\u00e9ales apportent l&#8217;amidon et la cellulose indispensables \u00e0 une bonne digestion. L&#8217;alimentation du lapin n\u00e9cessitant un apport en fibres longues, celui-ci est r\u00e9alis\u00e9 gr\u00e2ce \u00e0 un broyage grossier.<\/p>\n","protected":false},"excerpt":{"rendered":"<p>HAMI FORM SARL SOCEC Rongeurs Sec Granul\u00e9s Lapin &#8211; Nain adulte Par sa pr\u00e9sentation originale et sa formule sp\u00e9cifique, cet aliment constitue un repas complet et \u00e9quilibr\u00e9.La luzerne, plante fourrag\u00e8re pr\u00e9f\u00e9r\u00e9e des lapins est d\u00e9shydrat\u00e9e, conservant ainsi son ar\u00f4me et sa qualit\u00e9.Particularit\u00e9s :. Fibres longues et cellulose pour une meilleure digestion. Les c\u00e9r\u00e9ales apportent l&#8217;amidon [&hellip;]<\/p>\n","protected":false},"featured_media":101533,"template":"","meta":[],"product_cat":[12563,2727,12570],"product_tag":[],"class_list":{"0":"post-101535","1":"product","2":"type-product","3":"status-publish","4":"has-post-thumbnail","6":"product_cat-lapin","7":"product_cat-nac","8":"product_cat-rongeur","9":"pa_marque-hami-form-sarl-socec","11":"first","12":"instock","13":"taxable","14":"shipping-taxable","15":"purchasable","16":"product-type-variable"},"yoast_head":"<!-- This site is optimized with the Yoast SEO plugin v27.3 - https:\/\/yoast.com\/product\/yoast-seo-wordpress\/ -->\n<title>Repas Complet Optima Lapin Nain HAMI FORM SARL SOCEC - V\u00e9torino<\/title>\n<meta name=\"description\" content=\"HAMI FORM SARL SOCECRongeursSecGranul\u00e9sLapin - Nain adultePar sa pr\u00e9sentation originale et sa formule sp\u00e9cifique, cet aliment constitue un repas complet\" \/>\n<meta name=\"robots\" content=\"noindex, nofollow\" \/>\n<meta property=\"og:locale\" content=\"fr_FR\" \/>\n<meta property=\"og:type\" content=\"article\" \/>\n<meta property=\"og:title\" content=\"Repas Complet Optima Lapin Nain HAMI FORM SARL SOCEC - V\u00e9torino\" \/>\n<meta property=\"og:description\" content=\"HAMI FORM SARL SOCECRongeursSecGranul\u00e9sLapin - Nain adultePar sa pr\u00e9sentation originale et sa formule sp\u00e9cifique, cet aliment constitue un repas complet\" \/>\n<meta property=\"og:url\" content=\"https:\/\/www.vetorino.com\/veterinaire\/gignaclanerthe-13180\/boutique\/product\/repas-complet-optima-lapin-nain\/\" \/>\n<meta property=\"og:site_name\" content=\"V\u00e9torino\" \/>\n<meta property=\"article:publisher\" content=\"https:\/\/www.facebook.com\/Vetorino\/\" \/>\n<meta property=\"article:modified_time\" content=\"2026-04-02T00:42:12+00:00\" \/>\n<meta property=\"og:image\" content=\"https:\/\/www.vetorino.com\/boutique\/wp-content\/uploads\/2020\/06\/FilsREP023FormatMediumTypeIM.png\" \/>\n\t<meta property=\"og:image:width\" content=\"400\" \/>\n\t<meta property=\"og:image:height\" content=\"400\" \/>\n\t<meta property=\"og:image:type\" content=\"image\/png\" \/>\n<meta name=\"twitter:card\" content=\"summary_large_image\" \/>\n<meta name=\"twitter:label1\" content=\"Disponibilit\u00e9\" \/>\n\t<meta name=\"twitter:data1\" content=\"En stock\" \/>\n<script type=\"application\/ld+json\" class=\"yoast-schema-graph\">{\"@context\":\"https:\\\/\\\/schema.org\",\"@graph\":[{\"@type\":\"WebPage\",\"@id\":\"https:\\\/\\\/www.vetorino.com\\\/boutique\\\/product\\\/repas-complet-optima-lapin-nain\\\/\",\"url\":\"https:\\\/\\\/www.vetorino.com\\\/boutique\\\/product\\\/repas-complet-optima-lapin-nain\\\/\",\"name\":\"Repas Complet Optima Lapin Nain HAMI FORM SARL SOCEC - V\u00e9torino\",\"isPartOf\":{\"@id\":\"https:\\\/\\\/www.vetorino.com\\\/boutique\\\/#website\"},\"primaryImageOfPage\":{\"@id\":\"https:\\\/\\\/www.vetorino.com\\\/boutique\\\/product\\\/repas-complet-optima-lapin-nain\\\/#primaryimage\"},\"image\":{\"@id\":\"https:\\\/\\\/www.vetorino.com\\\/boutique\\\/product\\\/repas-complet-optima-lapin-nain\\\/#primaryimage\"},\"thumbnailUrl\":\"https:\\\/\\\/www.vetorino.com\\\/boutique\\\/wp-content\\\/uploads\\\/2020\\\/06\\\/FilsREP023FormatMediumTypeIM.png\",\"datePublished\":\"2020-06-30T09:48:16+00:00\",\"dateModified\":\"2026-04-02T00:42:12+00:00\",\"description\":\"HAMI FORM SARL SOCECRongeursSecGranul\u00e9sLapin - Nain adultePar sa pr\u00e9sentation originale et sa formule sp\u00e9cifique, cet aliment constitue un repas complet\",\"breadcrumb\":{\"@id\":\"https:\\\/\\\/www.vetorino.com\\\/boutique\\\/product\\\/repas-complet-optima-lapin-nain\\\/#breadcrumb\"},\"inLanguage\":\"fr-FR\",\"potentialAction\":[{\"@type\":\"ReadAction\",\"target\":[\"https:\\\/\\\/www.vetorino.com\\\/boutique\\\/product\\\/repas-complet-optima-lapin-nain\\\/\"]}]},{\"@type\":\"ImageObject\",\"inLanguage\":\"fr-FR\",\"@id\":\"https:\\\/\\\/www.vetorino.com\\\/boutique\\\/product\\\/repas-complet-optima-lapin-nain\\\/#primaryimage\",\"url\":\"https:\\\/\\\/www.vetorino.com\\\/boutique\\\/wp-content\\\/uploads\\\/2020\\\/06\\\/FilsREP023FormatMediumTypeIM.png\",\"contentUrl\":\"https:\\\/\\\/www.vetorino.com\\\/boutique\\\/wp-content\\\/uploads\\\/2020\\\/06\\\/FilsREP023FormatMediumTypeIM.png\",\"width\":400,\"height\":400},{\"@type\":\"BreadcrumbList\",\"@id\":\"https:\\\/\\\/www.vetorino.com\\\/boutique\\\/product\\\/repas-complet-optima-lapin-nain\\\/#breadcrumb\",\"itemListElement\":[{\"@type\":\"ListItem\",\"position\":1,\"name\":\"Accueil\",\"item\":\"https:\\\/\\\/www.vetorino.com\\\/boutique\\\/\"},{\"@type\":\"ListItem\",\"position\":2,\"name\":\"Produits\",\"item\":\"https:\\\/\\\/www.vetorino.com\\\/boutique\\\/\"},{\"@type\":\"ListItem\",\"position\":3,\"name\":\"Repas Complet Optima Lapin Nain\"}]},{\"@type\":\"WebSite\",\"@id\":\"https:\\\/\\\/www.vetorino.com\\\/boutique\\\/#website\",\"url\":\"https:\\\/\\\/www.vetorino.com\\\/boutique\\\/\",\"name\":\"V\u00e9torino\",\"description\":\"\",\"publisher\":{\"@id\":\"https:\\\/\\\/www.vetorino.com\\\/boutique\\\/#organization\"},\"potentialAction\":[{\"@type\":\"SearchAction\",\"target\":{\"@type\":\"EntryPoint\",\"urlTemplate\":\"https:\\\/\\\/www.vetorino.com\\\/boutique\\\/?s={search_term_string}\"},\"query-input\":{\"@type\":\"PropertyValueSpecification\",\"valueRequired\":true,\"valueName\":\"search_term_string\"}}],\"inLanguage\":\"fr-FR\"},{\"@type\":\"Organization\",\"@id\":\"https:\\\/\\\/www.vetorino.com\\\/boutique\\\/#organization\",\"name\":\"V\u00e9torino\",\"url\":\"https:\\\/\\\/www.vetorino.com\\\/boutique\\\/\",\"logo\":{\"@type\":\"ImageObject\",\"inLanguage\":\"fr-FR\",\"@id\":\"https:\\\/\\\/www.vetorino.com\\\/boutique\\\/#\\\/schema\\\/logo\\\/image\\\/\",\"url\":\"https:\\\/\\\/www.vetorino.com\\\/boutique\\\/wp-content\\\/uploads\\\/2024\\\/10\\\/logo.jpg\",\"contentUrl\":\"https:\\\/\\\/www.vetorino.com\\\/boutique\\\/wp-content\\\/uploads\\\/2024\\\/10\\\/logo.jpg\",\"width\":1200,\"height\":610,\"caption\":\"V\u00e9torino\"},\"image\":{\"@id\":\"https:\\\/\\\/www.vetorino.com\\\/boutique\\\/#\\\/schema\\\/logo\\\/image\\\/\"},\"sameAs\":[\"https:\\\/\\\/www.facebook.com\\\/Vetorino\\\/\",\"https:\\\/\\\/www.instagram.com\\\/vetorino_off\\\/\",\"https:\\\/\\\/www.linkedin.com\\\/company\\\/vtorino\\\/\"]}]}<\/script>\n<meta property=\"product:brand\" content=\"HAMI FORM SARL SOCEC\" \/>\n<meta property=\"og:availability\" content=\"instock\" \/>\n<meta property=\"product:availability\" content=\"instock\" \/>\n<meta property=\"product:condition\" content=\"new\" \/>\n<!-- \/ Yoast SEO plugin. -->","yoast_head_json":{"title":"Repas Complet Optima Lapin Nain HAMI FORM SARL SOCEC - V\u00e9torino","description":"HAMI FORM SARL SOCECRongeursSecGranul\u00e9sLapin - Nain adultePar sa pr\u00e9sentation originale et sa formule sp\u00e9cifique, cet aliment constitue un repas complet","robots":{"index":"noindex","follow":"nofollow"},"og_locale":"fr_FR","og_type":"article","og_title":"Repas Complet Optima Lapin Nain HAMI FORM SARL SOCEC - V\u00e9torino","og_description":"HAMI FORM SARL SOCECRongeursSecGranul\u00e9sLapin - Nain adultePar sa pr\u00e9sentation originale et sa formule sp\u00e9cifique, cet aliment constitue un repas complet","og_url":"https:\/\/www.vetorino.com\/veterinaire\/gignaclanerthe-13180\/boutique\/product\/repas-complet-optima-lapin-nain\/","og_site_name":"V\u00e9torino","article_publisher":"https:\/\/www.facebook.com\/Vetorino\/","article_modified_time":"2026-04-02T00:42:12+00:00","og_image":[{"width":400,"height":400,"url":"https:\/\/www.vetorino.com\/boutique\/wp-content\/uploads\/2020\/06\/FilsREP023FormatMediumTypeIM.png","type":"image\/png"}],"twitter_card":"summary_large_image","twitter_misc":{"Disponibilit\u00e9":"En stock"},"schema":{"@context":"https:\/\/schema.org","@graph":[{"@type":"WebPage","@id":"https:\/\/www.vetorino.com\/boutique\/product\/repas-complet-optima-lapin-nain\/","url":"https:\/\/www.vetorino.com\/boutique\/product\/repas-complet-optima-lapin-nain\/","name":"Repas Complet Optima Lapin Nain HAMI FORM SARL SOCEC - V\u00e9torino","isPartOf":{"@id":"https:\/\/www.vetorino.com\/boutique\/#website"},"primaryImageOfPage":{"@id":"https:\/\/www.vetorino.com\/boutique\/product\/repas-complet-optima-lapin-nain\/#primaryimage"},"image":{"@id":"https:\/\/www.vetorino.com\/boutique\/product\/repas-complet-optima-lapin-nain\/#primaryimage"},"thumbnailUrl":"https:\/\/www.vetorino.com\/boutique\/wp-content\/uploads\/2020\/06\/FilsREP023FormatMediumTypeIM.png","datePublished":"2020-06-30T09:48:16+00:00","dateModified":"2026-04-02T00:42:12+00:00","description":"HAMI FORM SARL SOCECRongeursSecGranul\u00e9sLapin - Nain adultePar sa pr\u00e9sentation originale et sa formule sp\u00e9cifique, cet aliment constitue un repas complet","breadcrumb":{"@id":"https:\/\/www.vetorino.com\/boutique\/product\/repas-complet-optima-lapin-nain\/#breadcrumb"},"inLanguage":"fr-FR","potentialAction":[{"@type":"ReadAction","target":["https:\/\/www.vetorino.com\/boutique\/product\/repas-complet-optima-lapin-nain\/"]}]},{"@type":"ImageObject","inLanguage":"fr-FR","@id":"https:\/\/www.vetorino.com\/boutique\/product\/repas-complet-optima-lapin-nain\/#primaryimage","url":"https:\/\/www.vetorino.com\/boutique\/wp-content\/uploads\/2020\/06\/FilsREP023FormatMediumTypeIM.png","contentUrl":"https:\/\/www.vetorino.com\/boutique\/wp-content\/uploads\/2020\/06\/FilsREP023FormatMediumTypeIM.png","width":400,"height":400},{"@type":"BreadcrumbList","@id":"https:\/\/www.vetorino.com\/boutique\/product\/repas-complet-optima-lapin-nain\/#breadcrumb","itemListElement":[{"@type":"ListItem","position":1,"name":"Accueil","item":"https:\/\/www.vetorino.com\/boutique\/"},{"@type":"ListItem","position":2,"name":"Produits","item":"https:\/\/www.vetorino.com\/boutique\/"},{"@type":"ListItem","position":3,"name":"Repas Complet Optima Lapin Nain"}]},{"@type":"WebSite","@id":"https:\/\/www.vetorino.com\/boutique\/#website","url":"https:\/\/www.vetorino.com\/boutique\/","name":"V\u00e9torino","description":"","publisher":{"@id":"https:\/\/www.vetorino.com\/boutique\/#organization"},"potentialAction":[{"@type":"SearchAction","target":{"@type":"EntryPoint","urlTemplate":"https:\/\/www.vetorino.com\/boutique\/?s={search_term_string}"},"query-input":{"@type":"PropertyValueSpecification","valueRequired":true,"valueName":"search_term_string"}}],"inLanguage":"fr-FR"},{"@type":"Organization","@id":"https:\/\/www.vetorino.com\/boutique\/#organization","name":"V\u00e9torino","url":"https:\/\/www.vetorino.com\/boutique\/","logo":{"@type":"ImageObject","inLanguage":"fr-FR","@id":"https:\/\/www.vetorino.com\/boutique\/#\/schema\/logo\/image\/","url":"https:\/\/www.vetorino.com\/boutique\/wp-content\/uploads\/2024\/10\/logo.jpg","contentUrl":"https:\/\/www.vetorino.com\/boutique\/wp-content\/uploads\/2024\/10\/logo.jpg","width":1200,"height":610,"caption":"V\u00e9torino"},"image":{"@id":"https:\/\/www.vetorino.com\/boutique\/#\/schema\/logo\/image\/"},"sameAs":["https:\/\/www.facebook.com\/Vetorino\/","https:\/\/www.instagram.com\/vetorino_off\/","https:\/\/www.linkedin.com\/company\/vtorino\/"]}]},"product_brand":"HAMI FORM SARL SOCEC","og_availability":"instock","product_availability":"instock","product_condition":"new"},"_links":{"self":[{"href":"https:\/\/www.vetorino.com\/veterinaire\/gignaclanerthe-13180\/boutique\/wp-json\/wp\/v2\/product\/101535","targetHints":{"allow":["GET"]}}],"collection":[{"href":"https:\/\/www.vetorino.com\/veterinaire\/gignaclanerthe-13180\/boutique\/wp-json\/wp\/v2\/product"}],"about":[{"href":"https:\/\/www.vetorino.com\/veterinaire\/gignaclanerthe-13180\/boutique\/wp-json\/wp\/v2\/types\/product"}],"wp:featuredmedia":[{"embeddable":true,"href":"https:\/\/www.vetorino.com\/veterinaire\/gignaclanerthe-13180\/boutique\/wp-json\/wp\/v2\/media\/101533"}],"wp:attachment":[{"href":"https:\/\/www.vetorino.com\/veterinaire\/gignaclanerthe-13180\/boutique\/wp-json\/wp\/v2\/media?parent=101535"}],"wp:term":[{"taxonomy":"product_cat","embeddable":true,"href":"https:\/\/www.vetorino.com\/veterinaire\/gignaclanerthe-13180\/boutique\/wp-json\/wp\/v2\/product_cat?post=101535"},{"taxonomy":"product_tag","embeddable":true,"href":"https:\/\/www.vetorino.com\/veterinaire\/gignaclanerthe-13180\/boutique\/wp-json\/wp\/v2\/product_tag?post=101535"}],"curies":[{"name":"wp","href":"https:\/\/api.w.org\/{rel}","templated":true}]}}