{"id":89457,"date":"2020-06-26T03:11:47","date_gmt":"2020-06-26T01:11:47","guid":{"rendered":"https:\/\/www.vetorino.com\/boutique\/product\/anti-germ-trayfilm\/"},"modified":"2022-01-28T00:06:46","modified_gmt":"2022-01-27T23:06:46","slug":"anti-germ-trayfilm","status":"publish","type":"product","link":"https:\/\/www.vetorino.com\/veterinaire\/gignaclanerthe-13180\/boutique\/product\/anti-germ-trayfilm\/","title":{"rendered":"Anti-Germ Trayfilm"},"content":{"rendered":"<div class='hidden'>KERSIA HYPRED<\/div>\n<div class='hidden'>Bovins<\/div>\n<div class='hidden'>Produits d&#8217;hygi\u00e8ne<\/div>\n<p>Film barri\u00e8re d\u00e9sinfectant longue dur\u00e9e pour une haute protection des trayons entre deux traites. <br \/>Laisse respirer la peau et s&#8217;enl\u00e8ve facilement \u00e0 la traite suivante. Efficace sur tous les germes pr\u00e9sents sur les trayons. R\u00e9pulsif contre les insectes.<br \/>Tr\u00e8s riche en agents cosm\u00e9tiques, poss\u00e9dant des propri\u00e9t\u00e9s hydratantes, adoucissantes, apaisantes, surgraissantes, protectrices et r\u00e9paratrices des couches superficielles de la peau.<\/p>\n","protected":false},"excerpt":{"rendered":"<p>KERSIA HYPRED Bovins Produits d&#8217;hygi\u00e8ne Film barri\u00e8re d\u00e9sinfectant longue dur\u00e9e pour une haute protection des trayons entre deux traites. Laisse respirer la peau et s&#8217;enl\u00e8ve facilement \u00e0 la traite suivante. Efficace sur tous les germes pr\u00e9sents sur les trayons. R\u00e9pulsif contre les insectes.Tr\u00e8s riche en agents cosm\u00e9tiques, poss\u00e9dant des propri\u00e9t\u00e9s hydratantes, adoucissantes, apaisantes, surgraissantes, protectrices [&hellip;]<\/p>\n","protected":false},"featured_media":89456,"template":"","meta":[],"product_cat":[6864,6870],"product_tag":[],"class_list":{"0":"post-89457","1":"product","2":"type-product","3":"status-publish","4":"has-post-thumbnail","6":"product_cat-animaux-delevage","7":"product_cat-bovins","8":"pa_marque-kersia-hypred","10":"first","11":"outofstock","12":"taxable","13":"shipping-taxable","14":"purchasable","15":"product-type-simple"},"yoast_head":"<!-- This site is optimized with the Yoast SEO plugin v27.3 - https:\/\/yoast.com\/product\/yoast-seo-wordpress\/ -->\n<title>Anti-Germ Trayfilm KERSIA HYPRED - V\u00e9torino<\/title>\n<meta name=\"description\" content=\"KERSIA HYPREDBovinsProduits d&#039;hygi\u00e8neFilm barri\u00e8re d\u00e9sinfectant longue dur\u00e9e pour une haute protection des trayons entre deux traites. Laisse respirer la\" \/>\n<meta name=\"robots\" content=\"noindex, nofollow\" \/>\n<meta property=\"og:locale\" content=\"fr_FR\" \/>\n<meta property=\"og:type\" content=\"article\" \/>\n<meta property=\"og:title\" content=\"Anti-Germ Trayfilm KERSIA HYPRED - V\u00e9torino\" \/>\n<meta property=\"og:description\" content=\"KERSIA HYPREDBovinsProduits d&#039;hygi\u00e8neFilm barri\u00e8re d\u00e9sinfectant longue dur\u00e9e pour une haute protection des trayons entre deux traites. Laisse respirer la\" \/>\n<meta property=\"og:url\" content=\"https:\/\/www.vetorino.com\/veterinaire\/gignaclanerthe-13180\/boutique\/product\/anti-germ-trayfilm\/\" \/>\n<meta property=\"og:site_name\" content=\"V\u00e9torino\" \/>\n<meta property=\"article:publisher\" content=\"https:\/\/www.facebook.com\/Vetorino\/\" \/>\n<meta property=\"article:modified_time\" content=\"2022-01-27T23:06:46+00:00\" \/>\n<meta property=\"og:image\" content=\"https:\/\/www.vetorino.com\/boutique\/wp-content\/uploads\/2020\/06\/FilsANT030FormatMediumTypeIM-3.png\" \/>\n\t<meta property=\"og:image:width\" content=\"400\" \/>\n\t<meta property=\"og:image:height\" content=\"400\" \/>\n\t<meta property=\"og:image:type\" content=\"image\/png\" \/>\n<meta name=\"twitter:card\" content=\"summary_large_image\" \/>\n<meta name=\"twitter:label1\" content=\"Prix\" \/>\n\t<meta name=\"twitter:data1\" content=\"124,70&euro;\" \/>\n\t<meta name=\"twitter:label2\" content=\"Disponibilit\u00e9\" \/>\n\t<meta name=\"twitter:data2\" content=\"Rupture de stock\" \/>\n<script type=\"application\/ld+json\" class=\"yoast-schema-graph\">{\"@context\":\"https:\\\/\\\/schema.org\",\"@graph\":[{\"@type\":\"WebPage\",\"@id\":\"https:\\\/\\\/www.vetorino.com\\\/boutique\\\/product\\\/anti-germ-trayfilm\\\/\",\"url\":\"https:\\\/\\\/www.vetorino.com\\\/boutique\\\/product\\\/anti-germ-trayfilm\\\/\",\"name\":\"Anti-Germ Trayfilm KERSIA HYPRED - V\u00e9torino\",\"isPartOf\":{\"@id\":\"https:\\\/\\\/www.vetorino.com\\\/boutique\\\/#website\"},\"primaryImageOfPage\":{\"@id\":\"https:\\\/\\\/www.vetorino.com\\\/boutique\\\/product\\\/anti-germ-trayfilm\\\/#primaryimage\"},\"image\":{\"@id\":\"https:\\\/\\\/www.vetorino.com\\\/boutique\\\/product\\\/anti-germ-trayfilm\\\/#primaryimage\"},\"thumbnailUrl\":\"https:\\\/\\\/www.vetorino.com\\\/boutique\\\/wp-content\\\/uploads\\\/2020\\\/06\\\/FilsANT030FormatMediumTypeIM-3.png\",\"datePublished\":\"2020-06-26T01:11:47+00:00\",\"dateModified\":\"2022-01-27T23:06:46+00:00\",\"description\":\"KERSIA HYPREDBovinsProduits d'hygi\u00e8neFilm barri\u00e8re d\u00e9sinfectant longue dur\u00e9e pour une haute protection des trayons entre deux traites. Laisse respirer la\",\"breadcrumb\":{\"@id\":\"https:\\\/\\\/www.vetorino.com\\\/boutique\\\/product\\\/anti-germ-trayfilm\\\/#breadcrumb\"},\"inLanguage\":\"fr-FR\",\"potentialAction\":[{\"@type\":\"ReadAction\",\"target\":[\"https:\\\/\\\/www.vetorino.com\\\/boutique\\\/product\\\/anti-germ-trayfilm\\\/\"]}]},{\"@type\":\"ImageObject\",\"inLanguage\":\"fr-FR\",\"@id\":\"https:\\\/\\\/www.vetorino.com\\\/boutique\\\/product\\\/anti-germ-trayfilm\\\/#primaryimage\",\"url\":\"https:\\\/\\\/www.vetorino.com\\\/boutique\\\/wp-content\\\/uploads\\\/2020\\\/06\\\/FilsANT030FormatMediumTypeIM-3.png\",\"contentUrl\":\"https:\\\/\\\/www.vetorino.com\\\/boutique\\\/wp-content\\\/uploads\\\/2020\\\/06\\\/FilsANT030FormatMediumTypeIM-3.png\",\"width\":400,\"height\":400},{\"@type\":\"BreadcrumbList\",\"@id\":\"https:\\\/\\\/www.vetorino.com\\\/boutique\\\/product\\\/anti-germ-trayfilm\\\/#breadcrumb\",\"itemListElement\":[{\"@type\":\"ListItem\",\"position\":1,\"name\":\"Accueil\",\"item\":\"https:\\\/\\\/www.vetorino.com\\\/boutique\\\/\"},{\"@type\":\"ListItem\",\"position\":2,\"name\":\"Produits\",\"item\":\"https:\\\/\\\/www.vetorino.com\\\/boutique\\\/\"},{\"@type\":\"ListItem\",\"position\":3,\"name\":\"Anti-Germ Trayfilm\"}]},{\"@type\":\"WebSite\",\"@id\":\"https:\\\/\\\/www.vetorino.com\\\/boutique\\\/#website\",\"url\":\"https:\\\/\\\/www.vetorino.com\\\/boutique\\\/\",\"name\":\"V\u00e9torino\",\"description\":\"\",\"publisher\":{\"@id\":\"https:\\\/\\\/www.vetorino.com\\\/boutique\\\/#organization\"},\"potentialAction\":[{\"@type\":\"SearchAction\",\"target\":{\"@type\":\"EntryPoint\",\"urlTemplate\":\"https:\\\/\\\/www.vetorino.com\\\/boutique\\\/?s={search_term_string}\"},\"query-input\":{\"@type\":\"PropertyValueSpecification\",\"valueRequired\":true,\"valueName\":\"search_term_string\"}}],\"inLanguage\":\"fr-FR\"},{\"@type\":\"Organization\",\"@id\":\"https:\\\/\\\/www.vetorino.com\\\/boutique\\\/#organization\",\"name\":\"V\u00e9torino\",\"url\":\"https:\\\/\\\/www.vetorino.com\\\/boutique\\\/\",\"logo\":{\"@type\":\"ImageObject\",\"inLanguage\":\"fr-FR\",\"@id\":\"https:\\\/\\\/www.vetorino.com\\\/boutique\\\/#\\\/schema\\\/logo\\\/image\\\/\",\"url\":\"https:\\\/\\\/www.vetorino.com\\\/boutique\\\/wp-content\\\/uploads\\\/2024\\\/10\\\/logo.jpg\",\"contentUrl\":\"https:\\\/\\\/www.vetorino.com\\\/boutique\\\/wp-content\\\/uploads\\\/2024\\\/10\\\/logo.jpg\",\"width\":1200,\"height\":610,\"caption\":\"V\u00e9torino\"},\"image\":{\"@id\":\"https:\\\/\\\/www.vetorino.com\\\/boutique\\\/#\\\/schema\\\/logo\\\/image\\\/\"},\"sameAs\":[\"https:\\\/\\\/www.facebook.com\\\/Vetorino\\\/\",\"https:\\\/\\\/www.instagram.com\\\/vetorino_off\\\/\",\"https:\\\/\\\/www.linkedin.com\\\/company\\\/vtorino\\\/\"]}]}<\/script>\n<meta property=\"product:brand\" content=\"KERSIA HYPRED\" \/>\n<meta property=\"product:price:amount\" content=\"124.70\" \/>\n<meta property=\"product:price:currency\" content=\"EUR\" \/>\n<meta property=\"og:availability\" content=\"out of stock\" \/>\n<meta property=\"product:availability\" content=\"out of stock\" \/>\n<meta property=\"product:retailer_item_id\" content=\"C-ANT030\" \/>\n<meta property=\"product:condition\" content=\"new\" \/>\n<!-- \/ Yoast SEO plugin. -->","yoast_head_json":{"title":"Anti-Germ Trayfilm KERSIA HYPRED - V\u00e9torino","description":"KERSIA HYPREDBovinsProduits d'hygi\u00e8neFilm barri\u00e8re d\u00e9sinfectant longue dur\u00e9e pour une haute protection des trayons entre deux traites. Laisse respirer la","robots":{"index":"noindex","follow":"nofollow"},"og_locale":"fr_FR","og_type":"article","og_title":"Anti-Germ Trayfilm KERSIA HYPRED - V\u00e9torino","og_description":"KERSIA HYPREDBovinsProduits d'hygi\u00e8neFilm barri\u00e8re d\u00e9sinfectant longue dur\u00e9e pour une haute protection des trayons entre deux traites. Laisse respirer la","og_url":"https:\/\/www.vetorino.com\/veterinaire\/gignaclanerthe-13180\/boutique\/product\/anti-germ-trayfilm\/","og_site_name":"V\u00e9torino","article_publisher":"https:\/\/www.facebook.com\/Vetorino\/","article_modified_time":"2022-01-27T23:06:46+00:00","og_image":[{"width":400,"height":400,"url":"https:\/\/www.vetorino.com\/boutique\/wp-content\/uploads\/2020\/06\/FilsANT030FormatMediumTypeIM-3.png","type":"image\/png"}],"twitter_card":"summary_large_image","twitter_misc":{"Prix":"124,70&euro;","Disponibilit\u00e9":"Rupture de stock"},"schema":{"@context":"https:\/\/schema.org","@graph":[{"@type":"WebPage","@id":"https:\/\/www.vetorino.com\/boutique\/product\/anti-germ-trayfilm\/","url":"https:\/\/www.vetorino.com\/boutique\/product\/anti-germ-trayfilm\/","name":"Anti-Germ Trayfilm KERSIA HYPRED - V\u00e9torino","isPartOf":{"@id":"https:\/\/www.vetorino.com\/boutique\/#website"},"primaryImageOfPage":{"@id":"https:\/\/www.vetorino.com\/boutique\/product\/anti-germ-trayfilm\/#primaryimage"},"image":{"@id":"https:\/\/www.vetorino.com\/boutique\/product\/anti-germ-trayfilm\/#primaryimage"},"thumbnailUrl":"https:\/\/www.vetorino.com\/boutique\/wp-content\/uploads\/2020\/06\/FilsANT030FormatMediumTypeIM-3.png","datePublished":"2020-06-26T01:11:47+00:00","dateModified":"2022-01-27T23:06:46+00:00","description":"KERSIA HYPREDBovinsProduits d'hygi\u00e8neFilm barri\u00e8re d\u00e9sinfectant longue dur\u00e9e pour une haute protection des trayons entre deux traites. Laisse respirer la","breadcrumb":{"@id":"https:\/\/www.vetorino.com\/boutique\/product\/anti-germ-trayfilm\/#breadcrumb"},"inLanguage":"fr-FR","potentialAction":[{"@type":"ReadAction","target":["https:\/\/www.vetorino.com\/boutique\/product\/anti-germ-trayfilm\/"]}]},{"@type":"ImageObject","inLanguage":"fr-FR","@id":"https:\/\/www.vetorino.com\/boutique\/product\/anti-germ-trayfilm\/#primaryimage","url":"https:\/\/www.vetorino.com\/boutique\/wp-content\/uploads\/2020\/06\/FilsANT030FormatMediumTypeIM-3.png","contentUrl":"https:\/\/www.vetorino.com\/boutique\/wp-content\/uploads\/2020\/06\/FilsANT030FormatMediumTypeIM-3.png","width":400,"height":400},{"@type":"BreadcrumbList","@id":"https:\/\/www.vetorino.com\/boutique\/product\/anti-germ-trayfilm\/#breadcrumb","itemListElement":[{"@type":"ListItem","position":1,"name":"Accueil","item":"https:\/\/www.vetorino.com\/boutique\/"},{"@type":"ListItem","position":2,"name":"Produits","item":"https:\/\/www.vetorino.com\/boutique\/"},{"@type":"ListItem","position":3,"name":"Anti-Germ Trayfilm"}]},{"@type":"WebSite","@id":"https:\/\/www.vetorino.com\/boutique\/#website","url":"https:\/\/www.vetorino.com\/boutique\/","name":"V\u00e9torino","description":"","publisher":{"@id":"https:\/\/www.vetorino.com\/boutique\/#organization"},"potentialAction":[{"@type":"SearchAction","target":{"@type":"EntryPoint","urlTemplate":"https:\/\/www.vetorino.com\/boutique\/?s={search_term_string}"},"query-input":{"@type":"PropertyValueSpecification","valueRequired":true,"valueName":"search_term_string"}}],"inLanguage":"fr-FR"},{"@type":"Organization","@id":"https:\/\/www.vetorino.com\/boutique\/#organization","name":"V\u00e9torino","url":"https:\/\/www.vetorino.com\/boutique\/","logo":{"@type":"ImageObject","inLanguage":"fr-FR","@id":"https:\/\/www.vetorino.com\/boutique\/#\/schema\/logo\/image\/","url":"https:\/\/www.vetorino.com\/boutique\/wp-content\/uploads\/2024\/10\/logo.jpg","contentUrl":"https:\/\/www.vetorino.com\/boutique\/wp-content\/uploads\/2024\/10\/logo.jpg","width":1200,"height":610,"caption":"V\u00e9torino"},"image":{"@id":"https:\/\/www.vetorino.com\/boutique\/#\/schema\/logo\/image\/"},"sameAs":["https:\/\/www.facebook.com\/Vetorino\/","https:\/\/www.instagram.com\/vetorino_off\/","https:\/\/www.linkedin.com\/company\/vtorino\/"]}]},"product_brand":"KERSIA HYPRED","product_price_amount":"124.70","product_price_currency":"EUR","og_availability":"out of stock","product_availability":"out of stock","product_retailer_item_id":"C-ANT030","product_condition":"new"},"_links":{"self":[{"href":"https:\/\/www.vetorino.com\/veterinaire\/gignaclanerthe-13180\/boutique\/wp-json\/wp\/v2\/product\/89457","targetHints":{"allow":["GET"]}}],"collection":[{"href":"https:\/\/www.vetorino.com\/veterinaire\/gignaclanerthe-13180\/boutique\/wp-json\/wp\/v2\/product"}],"about":[{"href":"https:\/\/www.vetorino.com\/veterinaire\/gignaclanerthe-13180\/boutique\/wp-json\/wp\/v2\/types\/product"}],"wp:featuredmedia":[{"embeddable":true,"href":"https:\/\/www.vetorino.com\/veterinaire\/gignaclanerthe-13180\/boutique\/wp-json\/wp\/v2\/media\/89456"}],"wp:attachment":[{"href":"https:\/\/www.vetorino.com\/veterinaire\/gignaclanerthe-13180\/boutique\/wp-json\/wp\/v2\/media?parent=89457"}],"wp:term":[{"taxonomy":"product_cat","embeddable":true,"href":"https:\/\/www.vetorino.com\/veterinaire\/gignaclanerthe-13180\/boutique\/wp-json\/wp\/v2\/product_cat?post=89457"},{"taxonomy":"product_tag","embeddable":true,"href":"https:\/\/www.vetorino.com\/veterinaire\/gignaclanerthe-13180\/boutique\/wp-json\/wp\/v2\/product_tag?post=89457"}],"curies":[{"name":"wp","href":"https:\/\/api.w.org\/{rel}","templated":true}]}}