{"id":91809,"date":"2020-06-26T14:35:28","date_gmt":"2020-06-26T12:35:28","guid":{"rendered":"https:\/\/www.vetorino.com\/boutique\/product\/care-perroquets-et-cacatoes-high-energy\/"},"modified":"2024-04-25T22:02:26","modified_gmt":"2024-04-25T20:02:26","slug":"care-perroquets-et-cacatoes-high-energy","status":"publish","type":"product","link":"https:\/\/www.vetorino.com\/veterinaire\/gignaclanerthe-13180\/boutique\/product\/care-perroquets-et-cacatoes-high-energy\/","title":{"rendered":"Care + Perroquets et Cacatoes High Energy"},"content":{"rendered":"<div class='hidden'>BEAPHAR<\/div>\n<div class='hidden'>Oiseaux<\/div>\n<div class='hidden'>Sec<\/div>\n<div class='hidden'>Granul\u00e9s<\/div>\n<div class='hidden'>Care +<\/div>\n<div class='hidden'>Perroquets et Cacatoes High Energy<\/div>\n<p>Aliment indiqu\u00e9 pour les perroquets et cacato\u00e8s ayant un niveau sup\u00e9rieur de combustion des graisses comme les aras macaos, les cacato\u00e8s noirs et les conures dor\u00e9es.<br \/>Les granul\u00e9s sont fabriqu\u00e9s \u00e0 partir d&#8217;ingr\u00e9dients biologiques (minimum garanti &gt; 95%). Les l\u00e9gumes, les fruits et les l\u00e9gumineuses incorpor\u00e9s sont naturellement riches en vitamines et en min\u00e9raux, ce qui conf\u00e8re \u00e0 chaque granul\u00e9 une haute valeur nutritionnelle. Les granul\u00e9s Care+ sont compress\u00e9s \u00e0 froid : les ingr\u00e9dients ne sont pas chauff\u00e9s et conservent ainsi leur haute valeur nutritionnelle. Chaque granul\u00e9 a la m\u00eame composition (All-in-One) pour emp\u00eacher l&#8217;alimentation s\u00e9lective : il n&#8217;y a plus de gaspillage et vous avez l&#8217;assurance que votre oiseau a bien consomm\u00e9 l&#8217;int\u00e9gralit\u00e9 de son repas.<br \/>Care+ ne contient ni colorant ni conservateur chimiques. La taille du granul\u00e9 est d&#8217;environ 5 mm<\/p>\n","protected":false},"excerpt":{"rendered":"<p>BEAPHAR Oiseaux Sec Granul\u00e9s Care + Perroquets et Cacatoes High Energy Aliment indiqu\u00e9 pour les perroquets et cacato\u00e8s ayant un niveau sup\u00e9rieur de combustion des graisses comme les aras macaos, les cacato\u00e8s noirs et les conures dor\u00e9es.Les granul\u00e9s sont fabriqu\u00e9s \u00e0 partir d&#8217;ingr\u00e9dients biologiques (minimum garanti &gt; 95%). Les l\u00e9gumes, les fruits et les l\u00e9gumineuses [&hellip;]<\/p>\n","protected":false},"featured_media":91808,"template":"","meta":[],"product_cat":[12576,12676,2727,2746],"product_tag":[],"class_list":{"0":"post-91809","1":"product","2":"type-product","3":"status-publish","4":"has-post-thumbnail","6":"product_cat-alimentation-de-loiseau","7":"product_cat-extrudes-pour-oiseau","8":"product_cat-nac","9":"product_cat-oiseau","10":"pa_marque-beaphar","12":"first","13":"outofstock","14":"taxable","15":"shipping-taxable","16":"purchasable","17":"product-type-simple"},"yoast_head":"<!-- This site is optimized with the Yoast SEO plugin v27.3 - https:\/\/yoast.com\/product\/yoast-seo-wordpress\/ -->\n<title>Care + Perroquets et Cacatoes High Energy Beaphar - V\u00e9torino<\/title>\n<meta name=\"description\" content=\"BEAPHAROiseauxSecGranul\u00e9sCare +Perroquets et Cacatoes High EnergyAliment indiqu\u00e9 pour les perroquets et cacato\u00e8s ayant un niveau sup\u00e9rieur de combustion\" \/>\n<meta name=\"robots\" content=\"noindex, nofollow\" \/>\n<meta property=\"og:locale\" content=\"fr_FR\" \/>\n<meta property=\"og:type\" content=\"article\" \/>\n<meta property=\"og:title\" content=\"Care + Perroquets et Cacatoes High Energy Beaphar - V\u00e9torino\" \/>\n<meta property=\"og:description\" content=\"BEAPHAROiseauxSecGranul\u00e9sCare +Perroquets et Cacatoes High EnergyAliment indiqu\u00e9 pour les perroquets et cacato\u00e8s ayant un niveau sup\u00e9rieur de combustion\" \/>\n<meta property=\"og:url\" content=\"https:\/\/www.vetorino.com\/veterinaire\/gignaclanerthe-13180\/boutique\/product\/care-perroquets-et-cacatoes-high-energy\/\" \/>\n<meta property=\"og:site_name\" content=\"V\u00e9torino\" \/>\n<meta property=\"article:publisher\" content=\"https:\/\/www.facebook.com\/Vetorino\/\" \/>\n<meta property=\"article:modified_time\" content=\"2024-04-25T20:02:26+00:00\" \/>\n<meta property=\"og:image\" content=\"https:\/\/www.vetorino.com\/boutique\/wp-content\/uploads\/2020\/06\/FilsCAR128FormatMediumTypeIM.png\" \/>\n\t<meta property=\"og:image:width\" content=\"400\" \/>\n\t<meta property=\"og:image:height\" content=\"400\" \/>\n\t<meta property=\"og:image:type\" content=\"image\/png\" \/>\n<meta name=\"twitter:card\" content=\"summary_large_image\" \/>\n<meta name=\"twitter:label1\" content=\"Prix\" \/>\n\t<meta name=\"twitter:data1\" content=\"10,38&euro;\" \/>\n\t<meta name=\"twitter:label2\" content=\"Disponibilit\u00e9\" \/>\n\t<meta name=\"twitter:data2\" content=\"Rupture de stock\" \/>\n<script type=\"application\/ld+json\" class=\"yoast-schema-graph\">{\"@context\":\"https:\\\/\\\/schema.org\",\"@graph\":[{\"@type\":\"WebPage\",\"@id\":\"https:\\\/\\\/www.vetorino.com\\\/boutique\\\/product\\\/care-perroquets-et-cacatoes-high-energy\\\/\",\"url\":\"https:\\\/\\\/www.vetorino.com\\\/boutique\\\/product\\\/care-perroquets-et-cacatoes-high-energy\\\/\",\"name\":\"Care + Perroquets et Cacatoes High Energy Beaphar - V\u00e9torino\",\"isPartOf\":{\"@id\":\"https:\\\/\\\/www.vetorino.com\\\/boutique\\\/#website\"},\"primaryImageOfPage\":{\"@id\":\"https:\\\/\\\/www.vetorino.com\\\/boutique\\\/product\\\/care-perroquets-et-cacatoes-high-energy\\\/#primaryimage\"},\"image\":{\"@id\":\"https:\\\/\\\/www.vetorino.com\\\/boutique\\\/product\\\/care-perroquets-et-cacatoes-high-energy\\\/#primaryimage\"},\"thumbnailUrl\":\"https:\\\/\\\/www.vetorino.com\\\/boutique\\\/wp-content\\\/uploads\\\/2020\\\/06\\\/FilsCAR128FormatMediumTypeIM.png\",\"datePublished\":\"2020-06-26T12:35:28+00:00\",\"dateModified\":\"2024-04-25T20:02:26+00:00\",\"description\":\"BEAPHAROiseauxSecGranul\u00e9sCare +Perroquets et Cacatoes High EnergyAliment indiqu\u00e9 pour les perroquets et cacato\u00e8s ayant un niveau sup\u00e9rieur de combustion\",\"breadcrumb\":{\"@id\":\"https:\\\/\\\/www.vetorino.com\\\/boutique\\\/product\\\/care-perroquets-et-cacatoes-high-energy\\\/#breadcrumb\"},\"inLanguage\":\"fr-FR\",\"potentialAction\":[{\"@type\":\"ReadAction\",\"target\":[\"https:\\\/\\\/www.vetorino.com\\\/boutique\\\/product\\\/care-perroquets-et-cacatoes-high-energy\\\/\"]}]},{\"@type\":\"ImageObject\",\"inLanguage\":\"fr-FR\",\"@id\":\"https:\\\/\\\/www.vetorino.com\\\/boutique\\\/product\\\/care-perroquets-et-cacatoes-high-energy\\\/#primaryimage\",\"url\":\"https:\\\/\\\/www.vetorino.com\\\/boutique\\\/wp-content\\\/uploads\\\/2020\\\/06\\\/FilsCAR128FormatMediumTypeIM.png\",\"contentUrl\":\"https:\\\/\\\/www.vetorino.com\\\/boutique\\\/wp-content\\\/uploads\\\/2020\\\/06\\\/FilsCAR128FormatMediumTypeIM.png\",\"width\":400,\"height\":400},{\"@type\":\"BreadcrumbList\",\"@id\":\"https:\\\/\\\/www.vetorino.com\\\/boutique\\\/product\\\/care-perroquets-et-cacatoes-high-energy\\\/#breadcrumb\",\"itemListElement\":[{\"@type\":\"ListItem\",\"position\":1,\"name\":\"Accueil\",\"item\":\"https:\\\/\\\/www.vetorino.com\\\/boutique\\\/\"},{\"@type\":\"ListItem\",\"position\":2,\"name\":\"Produits\",\"item\":\"https:\\\/\\\/www.vetorino.com\\\/boutique\\\/\"},{\"@type\":\"ListItem\",\"position\":3,\"name\":\"Care + Perroquets et Cacatoes High Energy\"}]},{\"@type\":\"WebSite\",\"@id\":\"https:\\\/\\\/www.vetorino.com\\\/boutique\\\/#website\",\"url\":\"https:\\\/\\\/www.vetorino.com\\\/boutique\\\/\",\"name\":\"V\u00e9torino\",\"description\":\"\",\"publisher\":{\"@id\":\"https:\\\/\\\/www.vetorino.com\\\/boutique\\\/#organization\"},\"potentialAction\":[{\"@type\":\"SearchAction\",\"target\":{\"@type\":\"EntryPoint\",\"urlTemplate\":\"https:\\\/\\\/www.vetorino.com\\\/boutique\\\/?s={search_term_string}\"},\"query-input\":{\"@type\":\"PropertyValueSpecification\",\"valueRequired\":true,\"valueName\":\"search_term_string\"}}],\"inLanguage\":\"fr-FR\"},{\"@type\":\"Organization\",\"@id\":\"https:\\\/\\\/www.vetorino.com\\\/boutique\\\/#organization\",\"name\":\"V\u00e9torino\",\"url\":\"https:\\\/\\\/www.vetorino.com\\\/boutique\\\/\",\"logo\":{\"@type\":\"ImageObject\",\"inLanguage\":\"fr-FR\",\"@id\":\"https:\\\/\\\/www.vetorino.com\\\/boutique\\\/#\\\/schema\\\/logo\\\/image\\\/\",\"url\":\"https:\\\/\\\/www.vetorino.com\\\/boutique\\\/wp-content\\\/uploads\\\/2024\\\/10\\\/logo.jpg\",\"contentUrl\":\"https:\\\/\\\/www.vetorino.com\\\/boutique\\\/wp-content\\\/uploads\\\/2024\\\/10\\\/logo.jpg\",\"width\":1200,\"height\":610,\"caption\":\"V\u00e9torino\"},\"image\":{\"@id\":\"https:\\\/\\\/www.vetorino.com\\\/boutique\\\/#\\\/schema\\\/logo\\\/image\\\/\"},\"sameAs\":[\"https:\\\/\\\/www.facebook.com\\\/Vetorino\\\/\",\"https:\\\/\\\/www.instagram.com\\\/vetorino_off\\\/\",\"https:\\\/\\\/www.linkedin.com\\\/company\\\/vtorino\\\/\"]}]}<\/script>\n<meta property=\"product:brand\" content=\"Beaphar\" \/>\n<meta property=\"product:price:amount\" content=\"10.38\" \/>\n<meta property=\"product:price:currency\" content=\"EUR\" \/>\n<meta property=\"og:availability\" content=\"out of stock\" \/>\n<meta property=\"product:availability\" content=\"out of stock\" \/>\n<meta property=\"product:retailer_item_id\" content=\"C-CAR128\" \/>\n<meta property=\"product:condition\" content=\"new\" \/>\n<!-- \/ Yoast SEO plugin. -->","yoast_head_json":{"title":"Care + Perroquets et Cacatoes High Energy Beaphar - V\u00e9torino","description":"BEAPHAROiseauxSecGranul\u00e9sCare +Perroquets et Cacatoes High EnergyAliment indiqu\u00e9 pour les perroquets et cacato\u00e8s ayant un niveau sup\u00e9rieur de combustion","robots":{"index":"noindex","follow":"nofollow"},"og_locale":"fr_FR","og_type":"article","og_title":"Care + Perroquets et Cacatoes High Energy Beaphar - V\u00e9torino","og_description":"BEAPHAROiseauxSecGranul\u00e9sCare +Perroquets et Cacatoes High EnergyAliment indiqu\u00e9 pour les perroquets et cacato\u00e8s ayant un niveau sup\u00e9rieur de combustion","og_url":"https:\/\/www.vetorino.com\/veterinaire\/gignaclanerthe-13180\/boutique\/product\/care-perroquets-et-cacatoes-high-energy\/","og_site_name":"V\u00e9torino","article_publisher":"https:\/\/www.facebook.com\/Vetorino\/","article_modified_time":"2024-04-25T20:02:26+00:00","og_image":[{"width":400,"height":400,"url":"https:\/\/www.vetorino.com\/boutique\/wp-content\/uploads\/2020\/06\/FilsCAR128FormatMediumTypeIM.png","type":"image\/png"}],"twitter_card":"summary_large_image","twitter_misc":{"Prix":"10,38&euro;","Disponibilit\u00e9":"Rupture de stock"},"schema":{"@context":"https:\/\/schema.org","@graph":[{"@type":"WebPage","@id":"https:\/\/www.vetorino.com\/boutique\/product\/care-perroquets-et-cacatoes-high-energy\/","url":"https:\/\/www.vetorino.com\/boutique\/product\/care-perroquets-et-cacatoes-high-energy\/","name":"Care + Perroquets et Cacatoes High Energy Beaphar - V\u00e9torino","isPartOf":{"@id":"https:\/\/www.vetorino.com\/boutique\/#website"},"primaryImageOfPage":{"@id":"https:\/\/www.vetorino.com\/boutique\/product\/care-perroquets-et-cacatoes-high-energy\/#primaryimage"},"image":{"@id":"https:\/\/www.vetorino.com\/boutique\/product\/care-perroquets-et-cacatoes-high-energy\/#primaryimage"},"thumbnailUrl":"https:\/\/www.vetorino.com\/boutique\/wp-content\/uploads\/2020\/06\/FilsCAR128FormatMediumTypeIM.png","datePublished":"2020-06-26T12:35:28+00:00","dateModified":"2024-04-25T20:02:26+00:00","description":"BEAPHAROiseauxSecGranul\u00e9sCare +Perroquets et Cacatoes High EnergyAliment indiqu\u00e9 pour les perroquets et cacato\u00e8s ayant un niveau sup\u00e9rieur de combustion","breadcrumb":{"@id":"https:\/\/www.vetorino.com\/boutique\/product\/care-perroquets-et-cacatoes-high-energy\/#breadcrumb"},"inLanguage":"fr-FR","potentialAction":[{"@type":"ReadAction","target":["https:\/\/www.vetorino.com\/boutique\/product\/care-perroquets-et-cacatoes-high-energy\/"]}]},{"@type":"ImageObject","inLanguage":"fr-FR","@id":"https:\/\/www.vetorino.com\/boutique\/product\/care-perroquets-et-cacatoes-high-energy\/#primaryimage","url":"https:\/\/www.vetorino.com\/boutique\/wp-content\/uploads\/2020\/06\/FilsCAR128FormatMediumTypeIM.png","contentUrl":"https:\/\/www.vetorino.com\/boutique\/wp-content\/uploads\/2020\/06\/FilsCAR128FormatMediumTypeIM.png","width":400,"height":400},{"@type":"BreadcrumbList","@id":"https:\/\/www.vetorino.com\/boutique\/product\/care-perroquets-et-cacatoes-high-energy\/#breadcrumb","itemListElement":[{"@type":"ListItem","position":1,"name":"Accueil","item":"https:\/\/www.vetorino.com\/boutique\/"},{"@type":"ListItem","position":2,"name":"Produits","item":"https:\/\/www.vetorino.com\/boutique\/"},{"@type":"ListItem","position":3,"name":"Care + Perroquets et Cacatoes High Energy"}]},{"@type":"WebSite","@id":"https:\/\/www.vetorino.com\/boutique\/#website","url":"https:\/\/www.vetorino.com\/boutique\/","name":"V\u00e9torino","description":"","publisher":{"@id":"https:\/\/www.vetorino.com\/boutique\/#organization"},"potentialAction":[{"@type":"SearchAction","target":{"@type":"EntryPoint","urlTemplate":"https:\/\/www.vetorino.com\/boutique\/?s={search_term_string}"},"query-input":{"@type":"PropertyValueSpecification","valueRequired":true,"valueName":"search_term_string"}}],"inLanguage":"fr-FR"},{"@type":"Organization","@id":"https:\/\/www.vetorino.com\/boutique\/#organization","name":"V\u00e9torino","url":"https:\/\/www.vetorino.com\/boutique\/","logo":{"@type":"ImageObject","inLanguage":"fr-FR","@id":"https:\/\/www.vetorino.com\/boutique\/#\/schema\/logo\/image\/","url":"https:\/\/www.vetorino.com\/boutique\/wp-content\/uploads\/2024\/10\/logo.jpg","contentUrl":"https:\/\/www.vetorino.com\/boutique\/wp-content\/uploads\/2024\/10\/logo.jpg","width":1200,"height":610,"caption":"V\u00e9torino"},"image":{"@id":"https:\/\/www.vetorino.com\/boutique\/#\/schema\/logo\/image\/"},"sameAs":["https:\/\/www.facebook.com\/Vetorino\/","https:\/\/www.instagram.com\/vetorino_off\/","https:\/\/www.linkedin.com\/company\/vtorino\/"]}]},"product_brand":"Beaphar","product_price_amount":"10.38","product_price_currency":"EUR","og_availability":"out of stock","product_availability":"out of stock","product_retailer_item_id":"C-CAR128","product_condition":"new"},"_links":{"self":[{"href":"https:\/\/www.vetorino.com\/veterinaire\/gignaclanerthe-13180\/boutique\/wp-json\/wp\/v2\/product\/91809","targetHints":{"allow":["GET"]}}],"collection":[{"href":"https:\/\/www.vetorino.com\/veterinaire\/gignaclanerthe-13180\/boutique\/wp-json\/wp\/v2\/product"}],"about":[{"href":"https:\/\/www.vetorino.com\/veterinaire\/gignaclanerthe-13180\/boutique\/wp-json\/wp\/v2\/types\/product"}],"wp:featuredmedia":[{"embeddable":true,"href":"https:\/\/www.vetorino.com\/veterinaire\/gignaclanerthe-13180\/boutique\/wp-json\/wp\/v2\/media\/91808"}],"wp:attachment":[{"href":"https:\/\/www.vetorino.com\/veterinaire\/gignaclanerthe-13180\/boutique\/wp-json\/wp\/v2\/media?parent=91809"}],"wp:term":[{"taxonomy":"product_cat","embeddable":true,"href":"https:\/\/www.vetorino.com\/veterinaire\/gignaclanerthe-13180\/boutique\/wp-json\/wp\/v2\/product_cat?post=91809"},{"taxonomy":"product_tag","embeddable":true,"href":"https:\/\/www.vetorino.com\/veterinaire\/gignaclanerthe-13180\/boutique\/wp-json\/wp\/v2\/product_tag?post=91809"}],"curies":[{"name":"wp","href":"https:\/\/api.w.org\/{rel}","templated":true}]}}