{"id":94779,"date":"2020-06-29T16:04:24","date_gmt":"2020-06-29T14:04:24","guid":{"rendered":"https:\/\/www.vetorino.com\/boutique\/product\/crochet-telescopique-pour-serpent\/"},"modified":"2025-08-23T21:11:23","modified_gmt":"2025-08-23T19:11:23","slug":"crochet-telescopique-pour-serpent","status":"publish","type":"product","link":"https:\/\/www.vetorino.com\/veterinaire\/gignaclanerthe-13180\/boutique\/product\/crochet-telescopique-pour-serpent\/","title":{"rendered":"Crochet t\u00e9lescopique pour serpent"},"content":{"rendered":"<div class='hidden'>MATERIEL<\/div>\n<div class='hidden'>Autres<\/div>\n<p>Outil d&#039;herp&eacute;tologie servant &agrave; manipuler les serpents en captivit&eacute; ou en milieu naturel<\/p>\n<ul>\n<li>Solide et l&eacute;ger.<\/li>\n<li>Manche t&eacute;lescopique : de&nbsp;18 cm &agrave; 66 cm.<\/li>\n<li>Outil id&eacute;al pour la manipulation des serpents, de serpenteaux &agrave; serpents de taille moyenne.<\/li>\n<\/ul>\n","protected":false},"excerpt":{"rendered":"<p>MATERIEL Autres Outil d&#039;herp&eacute;tologie servant &agrave; manipuler les serpents en captivit&eacute; ou en milieu naturel Solide et l&eacute;ger. Manche t&eacute;lescopique : de&nbsp;18 cm &agrave; 66 cm. Outil id&eacute;al pour la manipulation des serpents, de serpenteaux &agrave; serpents de taille moyenne.<\/p>\n","protected":false},"featured_media":94778,"template":"","meta":[],"product_cat":[2727,2747],"product_tag":[],"class_list":{"0":"post-94779","1":"product","2":"type-product","3":"status-publish","4":"has-post-thumbnail","6":"product_cat-nac","7":"product_cat-reptile","8":"pa_marque-materiel","10":"first","11":"instock","12":"taxable","13":"shipping-taxable","14":"purchasable","15":"product-type-simple"},"yoast_head":"<!-- This site is optimized with the Yoast SEO plugin v27.3 - https:\/\/yoast.com\/product\/yoast-seo-wordpress\/ -->\n<title>Crochet t\u00e9lescopique pour serpent Mat\u00e9riel - V\u00e9torino<\/title>\n<meta name=\"description\" content=\"MATERIELAutresOutil d&#039;herp&eacute;tologie servant &agrave; manipuler les serpents en captivit&eacute; ou en milieu naturel Solide et l&eacute;ger.\" \/>\n<meta name=\"robots\" content=\"noindex, nofollow\" \/>\n<meta property=\"og:locale\" content=\"fr_FR\" \/>\n<meta property=\"og:type\" content=\"article\" \/>\n<meta property=\"og:title\" content=\"Crochet t\u00e9lescopique pour serpent Mat\u00e9riel - V\u00e9torino\" \/>\n<meta property=\"og:description\" content=\"MATERIELAutresOutil d&#039;herp&eacute;tologie servant &agrave; manipuler les serpents en captivit&eacute; ou en milieu naturel Solide et l&eacute;ger.\" \/>\n<meta property=\"og:url\" content=\"https:\/\/www.vetorino.com\/veterinaire\/gignaclanerthe-13180\/boutique\/product\/crochet-telescopique-pour-serpent\/\" \/>\n<meta property=\"og:site_name\" content=\"V\u00e9torino\" \/>\n<meta property=\"article:publisher\" content=\"https:\/\/www.facebook.com\/Vetorino\/\" \/>\n<meta property=\"article:modified_time\" content=\"2025-08-23T19:11:23+00:00\" \/>\n<meta property=\"og:image\" content=\"https:\/\/www.vetorino.com\/boutique\/wp-content\/uploads\/2020\/06\/FilsCRO705FormatMediumTypeIM.png\" \/>\n\t<meta property=\"og:image:width\" content=\"400\" \/>\n\t<meta property=\"og:image:height\" content=\"400\" \/>\n\t<meta property=\"og:image:type\" content=\"image\/png\" \/>\n<meta name=\"twitter:card\" content=\"summary_large_image\" \/>\n<meta name=\"twitter:label1\" content=\"Prix\" \/>\n\t<meta name=\"twitter:data1\" content=\"12,80&euro;\" \/>\n\t<meta name=\"twitter:label2\" content=\"Disponibilit\u00e9\" \/>\n\t<meta name=\"twitter:data2\" content=\"En stock\" \/>\n<script type=\"application\/ld+json\" class=\"yoast-schema-graph\">{\"@context\":\"https:\\\/\\\/schema.org\",\"@graph\":[{\"@type\":\"WebPage\",\"@id\":\"https:\\\/\\\/www.vetorino.com\\\/boutique\\\/product\\\/crochet-telescopique-pour-serpent\\\/\",\"url\":\"https:\\\/\\\/www.vetorino.com\\\/boutique\\\/product\\\/crochet-telescopique-pour-serpent\\\/\",\"name\":\"Crochet t\u00e9lescopique pour serpent Mat\u00e9riel - V\u00e9torino\",\"isPartOf\":{\"@id\":\"https:\\\/\\\/www.vetorino.com\\\/boutique\\\/#website\"},\"primaryImageOfPage\":{\"@id\":\"https:\\\/\\\/www.vetorino.com\\\/boutique\\\/product\\\/crochet-telescopique-pour-serpent\\\/#primaryimage\"},\"image\":{\"@id\":\"https:\\\/\\\/www.vetorino.com\\\/boutique\\\/product\\\/crochet-telescopique-pour-serpent\\\/#primaryimage\"},\"thumbnailUrl\":\"https:\\\/\\\/www.vetorino.com\\\/boutique\\\/wp-content\\\/uploads\\\/2020\\\/06\\\/FilsCRO705FormatMediumTypeIM.png\",\"datePublished\":\"2020-06-29T14:04:24+00:00\",\"dateModified\":\"2025-08-23T19:11:23+00:00\",\"description\":\"MATERIELAutresOutil d&#039;herp&eacute;tologie servant &agrave; manipuler les serpents en captivit&eacute; ou en milieu naturel Solide et l&eacute;ger.\",\"breadcrumb\":{\"@id\":\"https:\\\/\\\/www.vetorino.com\\\/boutique\\\/product\\\/crochet-telescopique-pour-serpent\\\/#breadcrumb\"},\"inLanguage\":\"fr-FR\",\"potentialAction\":[{\"@type\":\"ReadAction\",\"target\":[\"https:\\\/\\\/www.vetorino.com\\\/boutique\\\/product\\\/crochet-telescopique-pour-serpent\\\/\"]}]},{\"@type\":\"ImageObject\",\"inLanguage\":\"fr-FR\",\"@id\":\"https:\\\/\\\/www.vetorino.com\\\/boutique\\\/product\\\/crochet-telescopique-pour-serpent\\\/#primaryimage\",\"url\":\"https:\\\/\\\/www.vetorino.com\\\/boutique\\\/wp-content\\\/uploads\\\/2020\\\/06\\\/FilsCRO705FormatMediumTypeIM.png\",\"contentUrl\":\"https:\\\/\\\/www.vetorino.com\\\/boutique\\\/wp-content\\\/uploads\\\/2020\\\/06\\\/FilsCRO705FormatMediumTypeIM.png\",\"width\":400,\"height\":400},{\"@type\":\"BreadcrumbList\",\"@id\":\"https:\\\/\\\/www.vetorino.com\\\/boutique\\\/product\\\/crochet-telescopique-pour-serpent\\\/#breadcrumb\",\"itemListElement\":[{\"@type\":\"ListItem\",\"position\":1,\"name\":\"Accueil\",\"item\":\"https:\\\/\\\/www.vetorino.com\\\/boutique\\\/\"},{\"@type\":\"ListItem\",\"position\":2,\"name\":\"Produits\",\"item\":\"https:\\\/\\\/www.vetorino.com\\\/boutique\\\/\"},{\"@type\":\"ListItem\",\"position\":3,\"name\":\"Crochet t\u00e9lescopique pour serpent\"}]},{\"@type\":\"WebSite\",\"@id\":\"https:\\\/\\\/www.vetorino.com\\\/boutique\\\/#website\",\"url\":\"https:\\\/\\\/www.vetorino.com\\\/boutique\\\/\",\"name\":\"V\u00e9torino\",\"description\":\"\",\"publisher\":{\"@id\":\"https:\\\/\\\/www.vetorino.com\\\/boutique\\\/#organization\"},\"potentialAction\":[{\"@type\":\"SearchAction\",\"target\":{\"@type\":\"EntryPoint\",\"urlTemplate\":\"https:\\\/\\\/www.vetorino.com\\\/boutique\\\/?s={search_term_string}\"},\"query-input\":{\"@type\":\"PropertyValueSpecification\",\"valueRequired\":true,\"valueName\":\"search_term_string\"}}],\"inLanguage\":\"fr-FR\"},{\"@type\":\"Organization\",\"@id\":\"https:\\\/\\\/www.vetorino.com\\\/boutique\\\/#organization\",\"name\":\"V\u00e9torino\",\"url\":\"https:\\\/\\\/www.vetorino.com\\\/boutique\\\/\",\"logo\":{\"@type\":\"ImageObject\",\"inLanguage\":\"fr-FR\",\"@id\":\"https:\\\/\\\/www.vetorino.com\\\/boutique\\\/#\\\/schema\\\/logo\\\/image\\\/\",\"url\":\"https:\\\/\\\/www.vetorino.com\\\/boutique\\\/wp-content\\\/uploads\\\/2024\\\/10\\\/logo.jpg\",\"contentUrl\":\"https:\\\/\\\/www.vetorino.com\\\/boutique\\\/wp-content\\\/uploads\\\/2024\\\/10\\\/logo.jpg\",\"width\":1200,\"height\":610,\"caption\":\"V\u00e9torino\"},\"image\":{\"@id\":\"https:\\\/\\\/www.vetorino.com\\\/boutique\\\/#\\\/schema\\\/logo\\\/image\\\/\"},\"sameAs\":[\"https:\\\/\\\/www.facebook.com\\\/Vetorino\\\/\",\"https:\\\/\\\/www.instagram.com\\\/vetorino_off\\\/\",\"https:\\\/\\\/www.linkedin.com\\\/company\\\/vtorino\\\/\"]}]}<\/script>\n<meta property=\"product:brand\" content=\"Mat\u00e9riel\" \/>\n<meta property=\"product:price:amount\" content=\"12.80\" \/>\n<meta property=\"product:price:currency\" content=\"EUR\" \/>\n<meta property=\"og:availability\" content=\"instock\" \/>\n<meta property=\"product:availability\" content=\"instock\" \/>\n<meta property=\"product:retailer_item_id\" content=\"C-CRO705\" \/>\n<meta property=\"product:condition\" content=\"new\" \/>\n<!-- \/ Yoast SEO plugin. -->","yoast_head_json":{"title":"Crochet t\u00e9lescopique pour serpent Mat\u00e9riel - V\u00e9torino","description":"MATERIELAutresOutil d&#039;herp&eacute;tologie servant &agrave; manipuler les serpents en captivit&eacute; ou en milieu naturel Solide et l&eacute;ger.","robots":{"index":"noindex","follow":"nofollow"},"og_locale":"fr_FR","og_type":"article","og_title":"Crochet t\u00e9lescopique pour serpent Mat\u00e9riel - V\u00e9torino","og_description":"MATERIELAutresOutil d&#039;herp&eacute;tologie servant &agrave; manipuler les serpents en captivit&eacute; ou en milieu naturel Solide et l&eacute;ger.","og_url":"https:\/\/www.vetorino.com\/veterinaire\/gignaclanerthe-13180\/boutique\/product\/crochet-telescopique-pour-serpent\/","og_site_name":"V\u00e9torino","article_publisher":"https:\/\/www.facebook.com\/Vetorino\/","article_modified_time":"2025-08-23T19:11:23+00:00","og_image":[{"width":400,"height":400,"url":"https:\/\/www.vetorino.com\/boutique\/wp-content\/uploads\/2020\/06\/FilsCRO705FormatMediumTypeIM.png","type":"image\/png"}],"twitter_card":"summary_large_image","twitter_misc":{"Prix":"12,80&euro;","Disponibilit\u00e9":"En stock"},"schema":{"@context":"https:\/\/schema.org","@graph":[{"@type":"WebPage","@id":"https:\/\/www.vetorino.com\/boutique\/product\/crochet-telescopique-pour-serpent\/","url":"https:\/\/www.vetorino.com\/boutique\/product\/crochet-telescopique-pour-serpent\/","name":"Crochet t\u00e9lescopique pour serpent Mat\u00e9riel - V\u00e9torino","isPartOf":{"@id":"https:\/\/www.vetorino.com\/boutique\/#website"},"primaryImageOfPage":{"@id":"https:\/\/www.vetorino.com\/boutique\/product\/crochet-telescopique-pour-serpent\/#primaryimage"},"image":{"@id":"https:\/\/www.vetorino.com\/boutique\/product\/crochet-telescopique-pour-serpent\/#primaryimage"},"thumbnailUrl":"https:\/\/www.vetorino.com\/boutique\/wp-content\/uploads\/2020\/06\/FilsCRO705FormatMediumTypeIM.png","datePublished":"2020-06-29T14:04:24+00:00","dateModified":"2025-08-23T19:11:23+00:00","description":"MATERIELAutresOutil d&#039;herp&eacute;tologie servant &agrave; manipuler les serpents en captivit&eacute; ou en milieu naturel Solide et l&eacute;ger.","breadcrumb":{"@id":"https:\/\/www.vetorino.com\/boutique\/product\/crochet-telescopique-pour-serpent\/#breadcrumb"},"inLanguage":"fr-FR","potentialAction":[{"@type":"ReadAction","target":["https:\/\/www.vetorino.com\/boutique\/product\/crochet-telescopique-pour-serpent\/"]}]},{"@type":"ImageObject","inLanguage":"fr-FR","@id":"https:\/\/www.vetorino.com\/boutique\/product\/crochet-telescopique-pour-serpent\/#primaryimage","url":"https:\/\/www.vetorino.com\/boutique\/wp-content\/uploads\/2020\/06\/FilsCRO705FormatMediumTypeIM.png","contentUrl":"https:\/\/www.vetorino.com\/boutique\/wp-content\/uploads\/2020\/06\/FilsCRO705FormatMediumTypeIM.png","width":400,"height":400},{"@type":"BreadcrumbList","@id":"https:\/\/www.vetorino.com\/boutique\/product\/crochet-telescopique-pour-serpent\/#breadcrumb","itemListElement":[{"@type":"ListItem","position":1,"name":"Accueil","item":"https:\/\/www.vetorino.com\/boutique\/"},{"@type":"ListItem","position":2,"name":"Produits","item":"https:\/\/www.vetorino.com\/boutique\/"},{"@type":"ListItem","position":3,"name":"Crochet t\u00e9lescopique pour serpent"}]},{"@type":"WebSite","@id":"https:\/\/www.vetorino.com\/boutique\/#website","url":"https:\/\/www.vetorino.com\/boutique\/","name":"V\u00e9torino","description":"","publisher":{"@id":"https:\/\/www.vetorino.com\/boutique\/#organization"},"potentialAction":[{"@type":"SearchAction","target":{"@type":"EntryPoint","urlTemplate":"https:\/\/www.vetorino.com\/boutique\/?s={search_term_string}"},"query-input":{"@type":"PropertyValueSpecification","valueRequired":true,"valueName":"search_term_string"}}],"inLanguage":"fr-FR"},{"@type":"Organization","@id":"https:\/\/www.vetorino.com\/boutique\/#organization","name":"V\u00e9torino","url":"https:\/\/www.vetorino.com\/boutique\/","logo":{"@type":"ImageObject","inLanguage":"fr-FR","@id":"https:\/\/www.vetorino.com\/boutique\/#\/schema\/logo\/image\/","url":"https:\/\/www.vetorino.com\/boutique\/wp-content\/uploads\/2024\/10\/logo.jpg","contentUrl":"https:\/\/www.vetorino.com\/boutique\/wp-content\/uploads\/2024\/10\/logo.jpg","width":1200,"height":610,"caption":"V\u00e9torino"},"image":{"@id":"https:\/\/www.vetorino.com\/boutique\/#\/schema\/logo\/image\/"},"sameAs":["https:\/\/www.facebook.com\/Vetorino\/","https:\/\/www.instagram.com\/vetorino_off\/","https:\/\/www.linkedin.com\/company\/vtorino\/"]}]},"product_brand":"Mat\u00e9riel","product_price_amount":"12.80","product_price_currency":"EUR","og_availability":"instock","product_availability":"instock","product_retailer_item_id":"C-CRO705","product_condition":"new"},"_links":{"self":[{"href":"https:\/\/www.vetorino.com\/veterinaire\/gignaclanerthe-13180\/boutique\/wp-json\/wp\/v2\/product\/94779","targetHints":{"allow":["GET"]}}],"collection":[{"href":"https:\/\/www.vetorino.com\/veterinaire\/gignaclanerthe-13180\/boutique\/wp-json\/wp\/v2\/product"}],"about":[{"href":"https:\/\/www.vetorino.com\/veterinaire\/gignaclanerthe-13180\/boutique\/wp-json\/wp\/v2\/types\/product"}],"wp:featuredmedia":[{"embeddable":true,"href":"https:\/\/www.vetorino.com\/veterinaire\/gignaclanerthe-13180\/boutique\/wp-json\/wp\/v2\/media\/94778"}],"wp:attachment":[{"href":"https:\/\/www.vetorino.com\/veterinaire\/gignaclanerthe-13180\/boutique\/wp-json\/wp\/v2\/media?parent=94779"}],"wp:term":[{"taxonomy":"product_cat","embeddable":true,"href":"https:\/\/www.vetorino.com\/veterinaire\/gignaclanerthe-13180\/boutique\/wp-json\/wp\/v2\/product_cat?post=94779"},{"taxonomy":"product_tag","embeddable":true,"href":"https:\/\/www.vetorino.com\/veterinaire\/gignaclanerthe-13180\/boutique\/wp-json\/wp\/v2\/product_tag?post=94779"}],"curies":[{"name":"wp","href":"https:\/\/api.w.org\/{rel}","templated":true}]}}