{"id":96814,"date":"2020-06-29T17:48:54","date_gmt":"2020-06-29T15:48:54","guid":{"rendered":"https:\/\/www.vetorino.com\/boutique\/product\/gilet-body-suit-classic-buster-pour-chien\/"},"modified":"2026-03-28T02:42:08","modified_gmt":"2026-03-28T01:42:08","slug":"gilet-body-suit-classic-buster-pour-chien","status":"publish","type":"product","link":"https:\/\/www.vetorino.com\/veterinaire\/gignaclanerthe-13180\/boutique\/product\/gilet-body-suit-classic-buster-pour-chien\/","title":{"rendered":"Gilet Body Suit Classic Buster pour chien"},"content":{"rendered":"<div class=\"tab__body lg:pt-10 lg:absolute lg:px-2\">\n<div class=\"prose row\">\n<article class=\"col-span-12 md:col-span-7 lg:col-span-8\">\n<ul>\n<li>Tr\u00e8s confortable au porter gr\u00e2ce \u00e0 sa conception en coton \u00e9lastique<\/li>\n<li>Maintient la libert\u00e9 de mouvement<\/li>\n<li>Facile \u00e0 enfiler et \u00e0 retirer<\/li>\n<li>Lavable en machine \u00e0 40 \u00b0C<\/li>\n<\/ul>\n<h2>Comment enfiler le Buster Bodysuit Classic ?<\/h2>\n<p>Passez la t\u00eate de votre chien dans l\u2019ouverture pr\u00e9vue \u00e0 cet effet. Ins\u00e9rez ensuite les pattes avant, une \u00e0 une, dans les ouvertures du v\u00eatement. Tirez le v\u00eatement aussi loin que possible le long du corps de votre chien. Faites passer la queue de votre chien \u00e0 travers l\u2019ouverture pr\u00e9vue \u00e0 cet effet, puis fixez le pan situ\u00e9 entre les deux pattes arri\u00e8re \u00e0 l\u2019aide de la bande velcro. Pour finir, fermez les boutons-pression.<\/p>\n<h2>Applications<\/h2>\n<ul>\n<li>Apr\u00e8s une op\u00e9ration<\/li>\n<li>Soin des blessures<\/li>\n<li>Hotspots (inflammations cutan\u00e9es)<\/li>\n<li>Affection cutan\u00e9es<\/li>\n<li>Incontinence<\/li>\n<li>Chaleurs<\/li>\n<\/ul>\n<p>Le Buster Bodysuit\u00a0Classic ne convient\u00a0<strong>pas<\/strong>\u00a0\u00e0 une utilisation cons\u00e9cutive \u00e0 une castration, une st\u00e9rilisation ou toute autre intervention au niveau du ventre.<\/p>\n<h2>Tailles<\/h2>\n<p>La longueur du corps est mesur\u00e9e de l\u2019encolure jusqu\u2019\u00e0 la naissance de la queue.<\/p>\n<p>Afin de commander la bonne taille pour votre animal de compagnie, prenez des mesures pr\u00e9cises. Dans l&#8217;article\u00a0<a href=\"https:\/\/www.medpets.fr\/comment-mesurer-votre-animal\">Comment conna\u00eetre la taille adapt\u00e9e \u00e0 mon animal de compagnie ?<\/a>\u00a0nous vous donnons des conseils pour bien mesurer votre animal de compagnie.<\/p>\n<table class=\"gridtable\">\n<tbody>\n<tr>\n<th>Quelle taille de Bodysuit\u00a0Classic convient \u00e0 mon chien ?<\/th>\n<th><\/th>\n<th><\/th>\n<\/tr>\n<tr>\n<td><strong>Taille<\/strong><\/td>\n<td><strong>Longueur du corps<\/strong><\/td>\n<td><strong>Indication de la race<\/strong><\/td>\n<\/tr>\n<tr>\n<td>XXXS<\/td>\n<td>26 cm<\/td>\n<td>Petit chihuahua<\/td>\n<\/tr>\n<tr>\n<td>XXS<\/td>\n<td>33 cm<\/td>\n<td>Chihuahua, caniche nain<\/td>\n<\/tr>\n<tr>\n<td>XS<\/td>\n<td>39 cm<\/td>\n<td>Yorkshire, terrier, lhassa apso, caniche nain<\/td>\n<\/tr>\n<tr>\n<td>S<\/td>\n<td>42 cm<\/td>\n<td>Bichon maltais, p\u00e9kinois, bouledogue fran\u00e7ais, carlin, terrier<\/td>\n<\/tr>\n<tr>\n<td>M<\/td>\n<td>46 cm<\/td>\n<td>Cocker spaniel, samoy\u00e8de, l\u00e9vrier portugais<\/td>\n<\/tr>\n<tr>\n<td>L<\/td>\n<td>53 cm<\/td>\n<td>Schnauzer, beagle, caniche, fox-terrier, chow-chow<\/td>\n<\/tr>\n<tr>\n<td>XL<\/td>\n<td>63 cm<\/td>\n<td>Colley, bouvier de l\u2019Appenzell, boxer, labrador<\/td>\n<\/tr>\n<tr>\n<td>XXL<\/td>\n<td>74 cm<\/td>\n<td>Rottweiler, golden retriever, chien de berger<\/td>\n<\/tr>\n<tr>\n<td>XXXL<\/td>\n<td>76 cm<\/td>\n<td>Saint-bernard, terre-neuve<\/td>\n<\/tr>\n<\/tbody>\n<\/table>\n<p>&nbsp;<\/p>\n<\/article>\n<\/div>\n<\/div>\n","protected":false},"excerpt":{"rendered":"<p>Si votre chien vient de subir une intervention chirurgicale, vous souhaitez que la zone concern\u00e9e gu\u00e9risse le plus rapidement possible. Le Buster Bodysuit Classic est un gilet de protection \u00e9lastique. Ce v\u00eatement \u00e9vite \u00e0 votre chien de l\u00e9cher, mordiller ou gratter sa plaie. Une double \u00e9paisseur de mat\u00e9riau au niveau de l\u2019abdomen permet d\u2019ins\u00e9rer des protections hygi\u00e9niques. Il convient ainsi en cas d\u2019incontinence ou de chaleurs.<\/p>\n","protected":false},"featured_media":624455,"template":"","meta":[],"product_cat":[2698],"product_tag":[],"class_list":{"0":"post-96814","1":"product","2":"type-product","3":"status-publish","4":"has-post-thumbnail","6":"product_cat-chien","7":"pa_marque-kruuse","9":"first","10":"instock","11":"taxable","12":"shipping-taxable","13":"purchasable","14":"product-type-variable"},"yoast_head":"<!-- This site is optimized with the Yoast SEO plugin v27.3 - https:\/\/yoast.com\/product\/yoast-seo-wordpress\/ -->\n<title>Gilet Body Suit Classic Buster pour chien Kruuse - V\u00e9torino<\/title>\n<meta name=\"description\" content=\"Si votre chien vient de subir une intervention chirurgicale, vous souhaitez que la zone concern\u00e9e gu\u00e9risse le plus rapidement possible. Le Buster Bodysuit Classic est un gilet de protection \u00e9lastique. Ce v\u00eatement \u00e9vite \u00e0 votre chien de l\u00e9cher, mordiller ou gratter sa plaie. Une double \u00e9paisseur de mat\u00e9riau au niveau de l\u2019abdomen permet d\u2019ins\u00e9rer des protections hygi\u00e9niques. Il convient ainsi en cas d\u2019incontinence ou de chaleurs.\" \/>\n<meta name=\"robots\" content=\"noindex, nofollow\" \/>\n<meta property=\"og:locale\" content=\"fr_FR\" \/>\n<meta property=\"og:type\" content=\"article\" \/>\n<meta property=\"og:title\" content=\"Gilet Body Suit Classic Buster pour chien Kruuse - V\u00e9torino\" \/>\n<meta property=\"og:description\" content=\"Si votre chien vient de subir une intervention chirurgicale, vous souhaitez que la zone concern\u00e9e gu\u00e9risse le plus rapidement possible. Le Buster Bodysuit Classic est un gilet de protection \u00e9lastique. Ce v\u00eatement \u00e9vite \u00e0 votre chien de l\u00e9cher, mordiller ou gratter sa plaie. Une double \u00e9paisseur de mat\u00e9riau au niveau de l\u2019abdomen permet d\u2019ins\u00e9rer des protections hygi\u00e9niques. Il convient ainsi en cas d\u2019incontinence ou de chaleurs.\" \/>\n<meta property=\"og:url\" content=\"https:\/\/www.vetorino.com\/veterinaire\/gignaclanerthe-13180\/boutique\/product\/gilet-body-suit-classic-buster-pour-chien\/\" \/>\n<meta property=\"og:site_name\" content=\"V\u00e9torino\" \/>\n<meta property=\"article:publisher\" content=\"https:\/\/www.facebook.com\/Vetorino\/\" \/>\n<meta property=\"article:modified_time\" content=\"2026-03-28T01:42:08+00:00\" \/>\n<meta property=\"og:image\" content=\"https:\/\/www.vetorino.com\/boutique\/wp-content\/uploads\/2020\/06\/Capture-decran-2023-05-30-a-12.17.31.png\" \/>\n\t<meta property=\"og:image:width\" content=\"820\" \/>\n\t<meta property=\"og:image:height\" content=\"798\" \/>\n\t<meta property=\"og:image:type\" content=\"image\/png\" \/>\n<meta name=\"twitter:card\" content=\"summary_large_image\" \/>\n<meta name=\"twitter:label1\" content=\"Disponibilit\u00e9\" \/>\n\t<meta name=\"twitter:data1\" content=\"En stock\" \/>\n<script type=\"application\/ld+json\" class=\"yoast-schema-graph\">{\"@context\":\"https:\\\/\\\/schema.org\",\"@graph\":[{\"@type\":\"WebPage\",\"@id\":\"https:\\\/\\\/www.vetorino.com\\\/boutique\\\/product\\\/gilet-body-suit-classic-buster-pour-chien\\\/\",\"url\":\"https:\\\/\\\/www.vetorino.com\\\/boutique\\\/product\\\/gilet-body-suit-classic-buster-pour-chien\\\/\",\"name\":\"Gilet Body Suit Classic Buster pour chien Kruuse - V\u00e9torino\",\"isPartOf\":{\"@id\":\"https:\\\/\\\/www.vetorino.com\\\/boutique\\\/#website\"},\"primaryImageOfPage\":{\"@id\":\"https:\\\/\\\/www.vetorino.com\\\/boutique\\\/product\\\/gilet-body-suit-classic-buster-pour-chien\\\/#primaryimage\"},\"image\":{\"@id\":\"https:\\\/\\\/www.vetorino.com\\\/boutique\\\/product\\\/gilet-body-suit-classic-buster-pour-chien\\\/#primaryimage\"},\"thumbnailUrl\":\"https:\\\/\\\/www.vetorino.com\\\/boutique\\\/wp-content\\\/uploads\\\/2020\\\/06\\\/Capture-decran-2023-05-30-a-12.17.31.png\",\"datePublished\":\"2020-06-29T15:48:54+00:00\",\"dateModified\":\"2026-03-28T01:42:08+00:00\",\"description\":\"Si votre chien vient de subir une intervention chirurgicale, vous souhaitez que la zone concern\u00e9e gu\u00e9risse le plus rapidement possible. Le Buster Bodysuit Classic est un gilet de protection \u00e9lastique. Ce v\u00eatement \u00e9vite \u00e0 votre chien de l\u00e9cher, mordiller ou gratter sa plaie. Une double \u00e9paisseur de mat\u00e9riau au niveau de l\u2019abdomen permet d\u2019ins\u00e9rer des protections hygi\u00e9niques. Il convient ainsi en cas d\u2019incontinence ou de chaleurs.\",\"breadcrumb\":{\"@id\":\"https:\\\/\\\/www.vetorino.com\\\/boutique\\\/product\\\/gilet-body-suit-classic-buster-pour-chien\\\/#breadcrumb\"},\"inLanguage\":\"fr-FR\",\"potentialAction\":[{\"@type\":\"ReadAction\",\"target\":[\"https:\\\/\\\/www.vetorino.com\\\/boutique\\\/product\\\/gilet-body-suit-classic-buster-pour-chien\\\/\"]}]},{\"@type\":\"ImageObject\",\"inLanguage\":\"fr-FR\",\"@id\":\"https:\\\/\\\/www.vetorino.com\\\/boutique\\\/product\\\/gilet-body-suit-classic-buster-pour-chien\\\/#primaryimage\",\"url\":\"https:\\\/\\\/www.vetorino.com\\\/boutique\\\/wp-content\\\/uploads\\\/2020\\\/06\\\/Capture-decran-2023-05-30-a-12.17.31.png\",\"contentUrl\":\"https:\\\/\\\/www.vetorino.com\\\/boutique\\\/wp-content\\\/uploads\\\/2020\\\/06\\\/Capture-decran-2023-05-30-a-12.17.31.png\",\"width\":820,\"height\":798},{\"@type\":\"BreadcrumbList\",\"@id\":\"https:\\\/\\\/www.vetorino.com\\\/boutique\\\/product\\\/gilet-body-suit-classic-buster-pour-chien\\\/#breadcrumb\",\"itemListElement\":[{\"@type\":\"ListItem\",\"position\":1,\"name\":\"Accueil\",\"item\":\"https:\\\/\\\/www.vetorino.com\\\/boutique\\\/\"},{\"@type\":\"ListItem\",\"position\":2,\"name\":\"Produits\",\"item\":\"https:\\\/\\\/www.vetorino.com\\\/boutique\\\/\"},{\"@type\":\"ListItem\",\"position\":3,\"name\":\"Gilet Body Suit Classic Buster pour chien\"}]},{\"@type\":\"WebSite\",\"@id\":\"https:\\\/\\\/www.vetorino.com\\\/boutique\\\/#website\",\"url\":\"https:\\\/\\\/www.vetorino.com\\\/boutique\\\/\",\"name\":\"V\u00e9torino\",\"description\":\"\",\"publisher\":{\"@id\":\"https:\\\/\\\/www.vetorino.com\\\/boutique\\\/#organization\"},\"potentialAction\":[{\"@type\":\"SearchAction\",\"target\":{\"@type\":\"EntryPoint\",\"urlTemplate\":\"https:\\\/\\\/www.vetorino.com\\\/boutique\\\/?s={search_term_string}\"},\"query-input\":{\"@type\":\"PropertyValueSpecification\",\"valueRequired\":true,\"valueName\":\"search_term_string\"}}],\"inLanguage\":\"fr-FR\"},{\"@type\":\"Organization\",\"@id\":\"https:\\\/\\\/www.vetorino.com\\\/boutique\\\/#organization\",\"name\":\"V\u00e9torino\",\"url\":\"https:\\\/\\\/www.vetorino.com\\\/boutique\\\/\",\"logo\":{\"@type\":\"ImageObject\",\"inLanguage\":\"fr-FR\",\"@id\":\"https:\\\/\\\/www.vetorino.com\\\/boutique\\\/#\\\/schema\\\/logo\\\/image\\\/\",\"url\":\"https:\\\/\\\/www.vetorino.com\\\/boutique\\\/wp-content\\\/uploads\\\/2024\\\/10\\\/logo.jpg\",\"contentUrl\":\"https:\\\/\\\/www.vetorino.com\\\/boutique\\\/wp-content\\\/uploads\\\/2024\\\/10\\\/logo.jpg\",\"width\":1200,\"height\":610,\"caption\":\"V\u00e9torino\"},\"image\":{\"@id\":\"https:\\\/\\\/www.vetorino.com\\\/boutique\\\/#\\\/schema\\\/logo\\\/image\\\/\"},\"sameAs\":[\"https:\\\/\\\/www.facebook.com\\\/Vetorino\\\/\",\"https:\\\/\\\/www.instagram.com\\\/vetorino_off\\\/\",\"https:\\\/\\\/www.linkedin.com\\\/company\\\/vtorino\\\/\"]}]}<\/script>\n<meta property=\"product:brand\" content=\"Kruuse\" \/>\n<meta property=\"og:availability\" content=\"instock\" \/>\n<meta property=\"product:availability\" content=\"instock\" \/>\n<meta property=\"product:condition\" content=\"new\" \/>\n<!-- \/ Yoast SEO plugin. -->","yoast_head_json":{"title":"Gilet Body Suit Classic Buster pour chien Kruuse - V\u00e9torino","description":"Si votre chien vient de subir une intervention chirurgicale, vous souhaitez que la zone concern\u00e9e gu\u00e9risse le plus rapidement possible. Le Buster Bodysuit Classic est un gilet de protection \u00e9lastique. Ce v\u00eatement \u00e9vite \u00e0 votre chien de l\u00e9cher, mordiller ou gratter sa plaie. Une double \u00e9paisseur de mat\u00e9riau au niveau de l\u2019abdomen permet d\u2019ins\u00e9rer des protections hygi\u00e9niques. Il convient ainsi en cas d\u2019incontinence ou de chaleurs.","robots":{"index":"noindex","follow":"nofollow"},"og_locale":"fr_FR","og_type":"article","og_title":"Gilet Body Suit Classic Buster pour chien Kruuse - V\u00e9torino","og_description":"Si votre chien vient de subir une intervention chirurgicale, vous souhaitez que la zone concern\u00e9e gu\u00e9risse le plus rapidement possible. Le Buster Bodysuit Classic est un gilet de protection \u00e9lastique. Ce v\u00eatement \u00e9vite \u00e0 votre chien de l\u00e9cher, mordiller ou gratter sa plaie. Une double \u00e9paisseur de mat\u00e9riau au niveau de l\u2019abdomen permet d\u2019ins\u00e9rer des protections hygi\u00e9niques. Il convient ainsi en cas d\u2019incontinence ou de chaleurs.","og_url":"https:\/\/www.vetorino.com\/veterinaire\/gignaclanerthe-13180\/boutique\/product\/gilet-body-suit-classic-buster-pour-chien\/","og_site_name":"V\u00e9torino","article_publisher":"https:\/\/www.facebook.com\/Vetorino\/","article_modified_time":"2026-03-28T01:42:08+00:00","og_image":[{"width":820,"height":798,"url":"https:\/\/www.vetorino.com\/boutique\/wp-content\/uploads\/2020\/06\/Capture-decran-2023-05-30-a-12.17.31.png","type":"image\/png"}],"twitter_card":"summary_large_image","twitter_misc":{"Disponibilit\u00e9":"En stock"},"schema":{"@context":"https:\/\/schema.org","@graph":[{"@type":"WebPage","@id":"https:\/\/www.vetorino.com\/boutique\/product\/gilet-body-suit-classic-buster-pour-chien\/","url":"https:\/\/www.vetorino.com\/boutique\/product\/gilet-body-suit-classic-buster-pour-chien\/","name":"Gilet Body Suit Classic Buster pour chien Kruuse - V\u00e9torino","isPartOf":{"@id":"https:\/\/www.vetorino.com\/boutique\/#website"},"primaryImageOfPage":{"@id":"https:\/\/www.vetorino.com\/boutique\/product\/gilet-body-suit-classic-buster-pour-chien\/#primaryimage"},"image":{"@id":"https:\/\/www.vetorino.com\/boutique\/product\/gilet-body-suit-classic-buster-pour-chien\/#primaryimage"},"thumbnailUrl":"https:\/\/www.vetorino.com\/boutique\/wp-content\/uploads\/2020\/06\/Capture-decran-2023-05-30-a-12.17.31.png","datePublished":"2020-06-29T15:48:54+00:00","dateModified":"2026-03-28T01:42:08+00:00","description":"Si votre chien vient de subir une intervention chirurgicale, vous souhaitez que la zone concern\u00e9e gu\u00e9risse le plus rapidement possible. Le Buster Bodysuit Classic est un gilet de protection \u00e9lastique. Ce v\u00eatement \u00e9vite \u00e0 votre chien de l\u00e9cher, mordiller ou gratter sa plaie. Une double \u00e9paisseur de mat\u00e9riau au niveau de l\u2019abdomen permet d\u2019ins\u00e9rer des protections hygi\u00e9niques. Il convient ainsi en cas d\u2019incontinence ou de chaleurs.","breadcrumb":{"@id":"https:\/\/www.vetorino.com\/boutique\/product\/gilet-body-suit-classic-buster-pour-chien\/#breadcrumb"},"inLanguage":"fr-FR","potentialAction":[{"@type":"ReadAction","target":["https:\/\/www.vetorino.com\/boutique\/product\/gilet-body-suit-classic-buster-pour-chien\/"]}]},{"@type":"ImageObject","inLanguage":"fr-FR","@id":"https:\/\/www.vetorino.com\/boutique\/product\/gilet-body-suit-classic-buster-pour-chien\/#primaryimage","url":"https:\/\/www.vetorino.com\/boutique\/wp-content\/uploads\/2020\/06\/Capture-decran-2023-05-30-a-12.17.31.png","contentUrl":"https:\/\/www.vetorino.com\/boutique\/wp-content\/uploads\/2020\/06\/Capture-decran-2023-05-30-a-12.17.31.png","width":820,"height":798},{"@type":"BreadcrumbList","@id":"https:\/\/www.vetorino.com\/boutique\/product\/gilet-body-suit-classic-buster-pour-chien\/#breadcrumb","itemListElement":[{"@type":"ListItem","position":1,"name":"Accueil","item":"https:\/\/www.vetorino.com\/boutique\/"},{"@type":"ListItem","position":2,"name":"Produits","item":"https:\/\/www.vetorino.com\/boutique\/"},{"@type":"ListItem","position":3,"name":"Gilet Body Suit Classic Buster pour chien"}]},{"@type":"WebSite","@id":"https:\/\/www.vetorino.com\/boutique\/#website","url":"https:\/\/www.vetorino.com\/boutique\/","name":"V\u00e9torino","description":"","publisher":{"@id":"https:\/\/www.vetorino.com\/boutique\/#organization"},"potentialAction":[{"@type":"SearchAction","target":{"@type":"EntryPoint","urlTemplate":"https:\/\/www.vetorino.com\/boutique\/?s={search_term_string}"},"query-input":{"@type":"PropertyValueSpecification","valueRequired":true,"valueName":"search_term_string"}}],"inLanguage":"fr-FR"},{"@type":"Organization","@id":"https:\/\/www.vetorino.com\/boutique\/#organization","name":"V\u00e9torino","url":"https:\/\/www.vetorino.com\/boutique\/","logo":{"@type":"ImageObject","inLanguage":"fr-FR","@id":"https:\/\/www.vetorino.com\/boutique\/#\/schema\/logo\/image\/","url":"https:\/\/www.vetorino.com\/boutique\/wp-content\/uploads\/2024\/10\/logo.jpg","contentUrl":"https:\/\/www.vetorino.com\/boutique\/wp-content\/uploads\/2024\/10\/logo.jpg","width":1200,"height":610,"caption":"V\u00e9torino"},"image":{"@id":"https:\/\/www.vetorino.com\/boutique\/#\/schema\/logo\/image\/"},"sameAs":["https:\/\/www.facebook.com\/Vetorino\/","https:\/\/www.instagram.com\/vetorino_off\/","https:\/\/www.linkedin.com\/company\/vtorino\/"]}]},"product_brand":"Kruuse","og_availability":"instock","product_availability":"instock","product_condition":"new"},"_links":{"self":[{"href":"https:\/\/www.vetorino.com\/veterinaire\/gignaclanerthe-13180\/boutique\/wp-json\/wp\/v2\/product\/96814","targetHints":{"allow":["GET"]}}],"collection":[{"href":"https:\/\/www.vetorino.com\/veterinaire\/gignaclanerthe-13180\/boutique\/wp-json\/wp\/v2\/product"}],"about":[{"href":"https:\/\/www.vetorino.com\/veterinaire\/gignaclanerthe-13180\/boutique\/wp-json\/wp\/v2\/types\/product"}],"wp:featuredmedia":[{"embeddable":true,"href":"https:\/\/www.vetorino.com\/veterinaire\/gignaclanerthe-13180\/boutique\/wp-json\/wp\/v2\/media\/624455"}],"wp:attachment":[{"href":"https:\/\/www.vetorino.com\/veterinaire\/gignaclanerthe-13180\/boutique\/wp-json\/wp\/v2\/media?parent=96814"}],"wp:term":[{"taxonomy":"product_cat","embeddable":true,"href":"https:\/\/www.vetorino.com\/veterinaire\/gignaclanerthe-13180\/boutique\/wp-json\/wp\/v2\/product_cat?post=96814"},{"taxonomy":"product_tag","embeddable":true,"href":"https:\/\/www.vetorino.com\/veterinaire\/gignaclanerthe-13180\/boutique\/wp-json\/wp\/v2\/product_tag?post=96814"}],"curies":[{"name":"wp","href":"https:\/\/api.w.org\/{rel}","templated":true}]}}