{"id":100379,"date":"2020-06-30T01:43:53","date_gmt":"2020-06-29T23:43:53","guid":{"rendered":"https:\/\/www.vetorino.com\/boutique\/product\/oxbow-essentials-young-rabbit\/"},"modified":"2023-09-07T10:25:52","modified_gmt":"2023-09-07T08:25:52","slug":"oxbow-essentials-young-rabbit","status":"publish","type":"product","link":"https:\/\/www.vetorino.com\/veterinaire\/issoudun-36100\/boutique\/product\/oxbow-essentials-young-rabbit\/","title":{"rendered":"Young Rabbit"},"content":{"rendered":"<p>Les granul\u00e9s sont con\u00e7us sp\u00e9cialement pour couvrir les besoins nutritionnels des lapins nains en croissance ou tr\u00e8s actifs ainsi que pour les lapines gestantes ou allaitantes. Le foin de luzerne qu&#8217;ils contiennent fournit les fibres n\u00e9cessaires \u00e0 un fontionnement digestif optimal, indispensables \u00e0 la croissance et \u00e0 la bonne sant\u00e9 de votre lapin.<\/p>\n","protected":false},"excerpt":{"rendered":"<p>Les granul\u00e9s sont con\u00e7us sp\u00e9cialement pour couvrir les besoins nutritionnels des lapins nains en croissance ou tr\u00e8s actifs ainsi que pour les lapines gestantes ou allaitantes. Le foin de luzerne qu&#8217;ils contiennent fournit les fibres n\u00e9cessaires \u00e0 un fontionnement digestif optimal, indispensables \u00e0 la croissance et \u00e0 la bonne sant\u00e9 de votre lapin.<\/p>\n","protected":false},"featured_media":690950,"template":"","meta":[],"product_cat":[12574,12578,15841,2727],"product_tag":[],"class_list":{"0":"post-100379","1":"product","2":"type-product","3":"status-publish","4":"has-post-thumbnail","6":"product_cat-accessoire-pour-lapin","7":"product_cat-alimentation-du-lapin","8":"product_cat-lapins","9":"product_cat-nac","10":"pa_marque-oxbow-animal-health","12":"first","13":"outofstock","14":"taxable","15":"shipping-taxable","16":"purchasable","17":"product-type-simple"},"yoast_head":"<!-- This site is optimized with the Yoast SEO plugin v27.3 - https:\/\/yoast.com\/product\/yoast-seo-wordpress\/ -->\n<title>Young Rabbit Oxbow Animal Health - V\u00e9torino<\/title>\n<meta name=\"description\" content=\"Les granul\u00e9s sont con\u00e7us sp\u00e9cialement pour couvrir les besoins nutritionnels des lapins nains en croissance ou tr\u00e8s actifs ainsi que pour les lapines gestantes ou allaitantes. Le foin de luzerne qu&#039;ils contiennent fournit les fibres n\u00e9cessaires \u00e0 un fontionnement digestif optimal, indispensables \u00e0 la croissance et \u00e0 la bonne sant\u00e9 de votre lapin.\" \/>\n<meta name=\"robots\" content=\"noindex, nofollow\" \/>\n<meta property=\"og:locale\" content=\"fr_FR\" \/>\n<meta property=\"og:type\" content=\"article\" \/>\n<meta property=\"og:title\" content=\"Young Rabbit Oxbow Animal Health - V\u00e9torino\" \/>\n<meta property=\"og:description\" content=\"Les granul\u00e9s sont con\u00e7us sp\u00e9cialement pour couvrir les besoins nutritionnels des lapins nains en croissance ou tr\u00e8s actifs ainsi que pour les lapines gestantes ou allaitantes. Le foin de luzerne qu&#039;ils contiennent fournit les fibres n\u00e9cessaires \u00e0 un fontionnement digestif optimal, indispensables \u00e0 la croissance et \u00e0 la bonne sant\u00e9 de votre lapin.\" \/>\n<meta property=\"og:url\" content=\"https:\/\/www.vetorino.com\/veterinaire\/issoudun-36100\/boutique\/product\/oxbow-essentials-young-rabbit\/\" \/>\n<meta property=\"og:site_name\" content=\"V\u00e9torino\" \/>\n<meta property=\"article:publisher\" content=\"https:\/\/www.facebook.com\/Vetorino\/\" \/>\n<meta property=\"article:modified_time\" content=\"2023-09-07T08:25:52+00:00\" \/>\n<meta property=\"og:image\" content=\"https:\/\/www.vetorino.com\/boutique\/wp-content\/uploads\/2020\/06\/optinac-oxbow-essentials-young-rabbit.png\" \/>\n\t<meta property=\"og:image:width\" content=\"800\" \/>\n\t<meta property=\"og:image:height\" content=\"800\" \/>\n\t<meta property=\"og:image:type\" content=\"image\/png\" \/>\n<meta name=\"twitter:card\" content=\"summary_large_image\" \/>\n<meta name=\"twitter:label1\" content=\"Prix\" \/>\n\t<meta name=\"twitter:data1\" content=\"18,46&euro;\" \/>\n\t<meta name=\"twitter:label2\" content=\"Disponibilit\u00e9\" \/>\n\t<meta name=\"twitter:data2\" content=\"Rupture de stock\" \/>\n<script type=\"application\/ld+json\" class=\"yoast-schema-graph\">{\"@context\":\"https:\\\/\\\/schema.org\",\"@graph\":[{\"@type\":\"WebPage\",\"@id\":\"https:\\\/\\\/www.vetorino.com\\\/boutique\\\/product\\\/oxbow-essentials-young-rabbit\\\/\",\"url\":\"https:\\\/\\\/www.vetorino.com\\\/boutique\\\/product\\\/oxbow-essentials-young-rabbit\\\/\",\"name\":\"Young Rabbit Oxbow Animal Health - V\u00e9torino\",\"isPartOf\":{\"@id\":\"https:\\\/\\\/www.vetorino.com\\\/boutique\\\/#website\"},\"primaryImageOfPage\":{\"@id\":\"https:\\\/\\\/www.vetorino.com\\\/boutique\\\/product\\\/oxbow-essentials-young-rabbit\\\/#primaryimage\"},\"image\":{\"@id\":\"https:\\\/\\\/www.vetorino.com\\\/boutique\\\/product\\\/oxbow-essentials-young-rabbit\\\/#primaryimage\"},\"thumbnailUrl\":\"https:\\\/\\\/www.vetorino.com\\\/boutique\\\/wp-content\\\/uploads\\\/2020\\\/06\\\/optinac-oxbow-essentials-young-rabbit.png\",\"datePublished\":\"2020-06-29T23:43:53+00:00\",\"dateModified\":\"2023-09-07T08:25:52+00:00\",\"description\":\"Les granul\u00e9s sont con\u00e7us sp\u00e9cialement pour couvrir les besoins nutritionnels des lapins nains en croissance ou tr\u00e8s actifs ainsi que pour les lapines gestantes ou allaitantes. Le foin de luzerne qu'ils contiennent fournit les fibres n\u00e9cessaires \u00e0 un fontionnement digestif optimal, indispensables \u00e0 la croissance et \u00e0 la bonne sant\u00e9 de votre lapin.\",\"breadcrumb\":{\"@id\":\"https:\\\/\\\/www.vetorino.com\\\/boutique\\\/product\\\/oxbow-essentials-young-rabbit\\\/#breadcrumb\"},\"inLanguage\":\"fr-FR\",\"potentialAction\":[{\"@type\":\"ReadAction\",\"target\":[\"https:\\\/\\\/www.vetorino.com\\\/boutique\\\/product\\\/oxbow-essentials-young-rabbit\\\/\"]}]},{\"@type\":\"ImageObject\",\"inLanguage\":\"fr-FR\",\"@id\":\"https:\\\/\\\/www.vetorino.com\\\/boutique\\\/product\\\/oxbow-essentials-young-rabbit\\\/#primaryimage\",\"url\":\"https:\\\/\\\/www.vetorino.com\\\/boutique\\\/wp-content\\\/uploads\\\/2020\\\/06\\\/optinac-oxbow-essentials-young-rabbit.png\",\"contentUrl\":\"https:\\\/\\\/www.vetorino.com\\\/boutique\\\/wp-content\\\/uploads\\\/2020\\\/06\\\/optinac-oxbow-essentials-young-rabbit.png\",\"width\":800,\"height\":800},{\"@type\":\"BreadcrumbList\",\"@id\":\"https:\\\/\\\/www.vetorino.com\\\/boutique\\\/product\\\/oxbow-essentials-young-rabbit\\\/#breadcrumb\",\"itemListElement\":[{\"@type\":\"ListItem\",\"position\":1,\"name\":\"Accueil\",\"item\":\"https:\\\/\\\/www.vetorino.com\\\/boutique\\\/\"},{\"@type\":\"ListItem\",\"position\":2,\"name\":\"Produits\",\"item\":\"https:\\\/\\\/www.vetorino.com\\\/boutique\\\/\"},{\"@type\":\"ListItem\",\"position\":3,\"name\":\"Young Rabbit\"}]},{\"@type\":\"WebSite\",\"@id\":\"https:\\\/\\\/www.vetorino.com\\\/boutique\\\/#website\",\"url\":\"https:\\\/\\\/www.vetorino.com\\\/boutique\\\/\",\"name\":\"V\u00e9torino\",\"description\":\"\",\"publisher\":{\"@id\":\"https:\\\/\\\/www.vetorino.com\\\/boutique\\\/#organization\"},\"potentialAction\":[{\"@type\":\"SearchAction\",\"target\":{\"@type\":\"EntryPoint\",\"urlTemplate\":\"https:\\\/\\\/www.vetorino.com\\\/boutique\\\/?s={search_term_string}\"},\"query-input\":{\"@type\":\"PropertyValueSpecification\",\"valueRequired\":true,\"valueName\":\"search_term_string\"}}],\"inLanguage\":\"fr-FR\"},{\"@type\":\"Organization\",\"@id\":\"https:\\\/\\\/www.vetorino.com\\\/boutique\\\/#organization\",\"name\":\"V\u00e9torino\",\"url\":\"https:\\\/\\\/www.vetorino.com\\\/boutique\\\/\",\"logo\":{\"@type\":\"ImageObject\",\"inLanguage\":\"fr-FR\",\"@id\":\"https:\\\/\\\/www.vetorino.com\\\/boutique\\\/#\\\/schema\\\/logo\\\/image\\\/\",\"url\":\"https:\\\/\\\/www.vetorino.com\\\/boutique\\\/wp-content\\\/uploads\\\/2024\\\/10\\\/logo.jpg\",\"contentUrl\":\"https:\\\/\\\/www.vetorino.com\\\/boutique\\\/wp-content\\\/uploads\\\/2024\\\/10\\\/logo.jpg\",\"width\":1200,\"height\":610,\"caption\":\"V\u00e9torino\"},\"image\":{\"@id\":\"https:\\\/\\\/www.vetorino.com\\\/boutique\\\/#\\\/schema\\\/logo\\\/image\\\/\"},\"sameAs\":[\"https:\\\/\\\/www.facebook.com\\\/Vetorino\\\/\",\"https:\\\/\\\/www.instagram.com\\\/vetorino_off\\\/\",\"https:\\\/\\\/www.linkedin.com\\\/company\\\/vtorino\\\/\"]}]}<\/script>\n<meta property=\"product:brand\" content=\"Oxbow Animal Health\" \/>\n<meta property=\"product:price:amount\" content=\"18.46\" \/>\n<meta property=\"product:price:currency\" content=\"EUR\" \/>\n<meta property=\"og:availability\" content=\"out of stock\" \/>\n<meta property=\"product:availability\" content=\"out of stock\" \/>\n<meta property=\"product:retailer_item_id\" content=\"C-OXB015\" \/>\n<meta property=\"product:condition\" content=\"new\" \/>\n<!-- \/ Yoast SEO plugin. -->","yoast_head_json":{"title":"Young Rabbit Oxbow Animal Health - V\u00e9torino","description":"Les granul\u00e9s sont con\u00e7us sp\u00e9cialement pour couvrir les besoins nutritionnels des lapins nains en croissance ou tr\u00e8s actifs ainsi que pour les lapines gestantes ou allaitantes. Le foin de luzerne qu'ils contiennent fournit les fibres n\u00e9cessaires \u00e0 un fontionnement digestif optimal, indispensables \u00e0 la croissance et \u00e0 la bonne sant\u00e9 de votre lapin.","robots":{"index":"noindex","follow":"nofollow"},"og_locale":"fr_FR","og_type":"article","og_title":"Young Rabbit Oxbow Animal Health - V\u00e9torino","og_description":"Les granul\u00e9s sont con\u00e7us sp\u00e9cialement pour couvrir les besoins nutritionnels des lapins nains en croissance ou tr\u00e8s actifs ainsi que pour les lapines gestantes ou allaitantes. Le foin de luzerne qu'ils contiennent fournit les fibres n\u00e9cessaires \u00e0 un fontionnement digestif optimal, indispensables \u00e0 la croissance et \u00e0 la bonne sant\u00e9 de votre lapin.","og_url":"https:\/\/www.vetorino.com\/veterinaire\/issoudun-36100\/boutique\/product\/oxbow-essentials-young-rabbit\/","og_site_name":"V\u00e9torino","article_publisher":"https:\/\/www.facebook.com\/Vetorino\/","article_modified_time":"2023-09-07T08:25:52+00:00","og_image":[{"width":800,"height":800,"url":"https:\/\/www.vetorino.com\/boutique\/wp-content\/uploads\/2020\/06\/optinac-oxbow-essentials-young-rabbit.png","type":"image\/png"}],"twitter_card":"summary_large_image","twitter_misc":{"Prix":"18,46&euro;","Disponibilit\u00e9":"Rupture de stock"},"schema":{"@context":"https:\/\/schema.org","@graph":[{"@type":"WebPage","@id":"https:\/\/www.vetorino.com\/boutique\/product\/oxbow-essentials-young-rabbit\/","url":"https:\/\/www.vetorino.com\/boutique\/product\/oxbow-essentials-young-rabbit\/","name":"Young Rabbit Oxbow Animal Health - V\u00e9torino","isPartOf":{"@id":"https:\/\/www.vetorino.com\/boutique\/#website"},"primaryImageOfPage":{"@id":"https:\/\/www.vetorino.com\/boutique\/product\/oxbow-essentials-young-rabbit\/#primaryimage"},"image":{"@id":"https:\/\/www.vetorino.com\/boutique\/product\/oxbow-essentials-young-rabbit\/#primaryimage"},"thumbnailUrl":"https:\/\/www.vetorino.com\/boutique\/wp-content\/uploads\/2020\/06\/optinac-oxbow-essentials-young-rabbit.png","datePublished":"2020-06-29T23:43:53+00:00","dateModified":"2023-09-07T08:25:52+00:00","description":"Les granul\u00e9s sont con\u00e7us sp\u00e9cialement pour couvrir les besoins nutritionnels des lapins nains en croissance ou tr\u00e8s actifs ainsi que pour les lapines gestantes ou allaitantes. Le foin de luzerne qu'ils contiennent fournit les fibres n\u00e9cessaires \u00e0 un fontionnement digestif optimal, indispensables \u00e0 la croissance et \u00e0 la bonne sant\u00e9 de votre lapin.","breadcrumb":{"@id":"https:\/\/www.vetorino.com\/boutique\/product\/oxbow-essentials-young-rabbit\/#breadcrumb"},"inLanguage":"fr-FR","potentialAction":[{"@type":"ReadAction","target":["https:\/\/www.vetorino.com\/boutique\/product\/oxbow-essentials-young-rabbit\/"]}]},{"@type":"ImageObject","inLanguage":"fr-FR","@id":"https:\/\/www.vetorino.com\/boutique\/product\/oxbow-essentials-young-rabbit\/#primaryimage","url":"https:\/\/www.vetorino.com\/boutique\/wp-content\/uploads\/2020\/06\/optinac-oxbow-essentials-young-rabbit.png","contentUrl":"https:\/\/www.vetorino.com\/boutique\/wp-content\/uploads\/2020\/06\/optinac-oxbow-essentials-young-rabbit.png","width":800,"height":800},{"@type":"BreadcrumbList","@id":"https:\/\/www.vetorino.com\/boutique\/product\/oxbow-essentials-young-rabbit\/#breadcrumb","itemListElement":[{"@type":"ListItem","position":1,"name":"Accueil","item":"https:\/\/www.vetorino.com\/boutique\/"},{"@type":"ListItem","position":2,"name":"Produits","item":"https:\/\/www.vetorino.com\/boutique\/"},{"@type":"ListItem","position":3,"name":"Young Rabbit"}]},{"@type":"WebSite","@id":"https:\/\/www.vetorino.com\/boutique\/#website","url":"https:\/\/www.vetorino.com\/boutique\/","name":"V\u00e9torino","description":"","publisher":{"@id":"https:\/\/www.vetorino.com\/boutique\/#organization"},"potentialAction":[{"@type":"SearchAction","target":{"@type":"EntryPoint","urlTemplate":"https:\/\/www.vetorino.com\/boutique\/?s={search_term_string}"},"query-input":{"@type":"PropertyValueSpecification","valueRequired":true,"valueName":"search_term_string"}}],"inLanguage":"fr-FR"},{"@type":"Organization","@id":"https:\/\/www.vetorino.com\/boutique\/#organization","name":"V\u00e9torino","url":"https:\/\/www.vetorino.com\/boutique\/","logo":{"@type":"ImageObject","inLanguage":"fr-FR","@id":"https:\/\/www.vetorino.com\/boutique\/#\/schema\/logo\/image\/","url":"https:\/\/www.vetorino.com\/boutique\/wp-content\/uploads\/2024\/10\/logo.jpg","contentUrl":"https:\/\/www.vetorino.com\/boutique\/wp-content\/uploads\/2024\/10\/logo.jpg","width":1200,"height":610,"caption":"V\u00e9torino"},"image":{"@id":"https:\/\/www.vetorino.com\/boutique\/#\/schema\/logo\/image\/"},"sameAs":["https:\/\/www.facebook.com\/Vetorino\/","https:\/\/www.instagram.com\/vetorino_off\/","https:\/\/www.linkedin.com\/company\/vtorino\/"]}]},"product_brand":"Oxbow Animal Health","product_price_amount":"18.46","product_price_currency":"EUR","og_availability":"out of stock","product_availability":"out of stock","product_retailer_item_id":"C-OXB015","product_condition":"new"},"_links":{"self":[{"href":"https:\/\/www.vetorino.com\/veterinaire\/issoudun-36100\/boutique\/wp-json\/wp\/v2\/product\/100379","targetHints":{"allow":["GET"]}}],"collection":[{"href":"https:\/\/www.vetorino.com\/veterinaire\/issoudun-36100\/boutique\/wp-json\/wp\/v2\/product"}],"about":[{"href":"https:\/\/www.vetorino.com\/veterinaire\/issoudun-36100\/boutique\/wp-json\/wp\/v2\/types\/product"}],"wp:featuredmedia":[{"embeddable":true,"href":"https:\/\/www.vetorino.com\/veterinaire\/issoudun-36100\/boutique\/wp-json\/wp\/v2\/media\/690950"}],"wp:attachment":[{"href":"https:\/\/www.vetorino.com\/veterinaire\/issoudun-36100\/boutique\/wp-json\/wp\/v2\/media?parent=100379"}],"wp:term":[{"taxonomy":"product_cat","embeddable":true,"href":"https:\/\/www.vetorino.com\/veterinaire\/issoudun-36100\/boutique\/wp-json\/wp\/v2\/product_cat?post=100379"},{"taxonomy":"product_tag","embeddable":true,"href":"https:\/\/www.vetorino.com\/veterinaire\/issoudun-36100\/boutique\/wp-json\/wp\/v2\/product_tag?post=100379"}],"curies":[{"name":"wp","href":"https:\/\/api.w.org\/{rel}","templated":true}]}}