{"id":101664,"date":"2020-06-30T11:50:12","date_gmt":"2020-06-30T09:50:12","guid":{"rendered":"https:\/\/www.vetorino.com\/boutique\/product\/sachets-repas-qalian\/"},"modified":"2026-02-25T02:42:06","modified_gmt":"2026-02-25T01:42:06","slug":"sachets-repas-qalian","status":"publish","type":"product","link":"https:\/\/www.vetorino.com\/veterinaire\/issoudun-36100\/boutique\/product\/sachets-repas-qalian\/","title":{"rendered":"Sachets Repas Qalian"},"content":{"rendered":"<p>Aliment complet pour veaux et agneaux.<\/p>\n<p><strong>Utilisation :<\/strong><\/p>\n<p>Chez les veaux et agneaux : le Sachet repas constitue un <strong>repas en substitution momentan\u00e9e du lait<\/strong>, notamment<strong> en cas de risque de troubles digestifs<\/strong> pendant et apr\u00e8s ceux-ci et avant la reprise du lait.<\/p>\n<p><u><strong>Mode d&#8217;emploi :<\/strong><\/u><\/p>\n<ul>\n<li>Administration par voie orale.<\/li>\n<li>A employer comme seul aliment pendant 2 jours de suite, matin et soir.<\/li>\n<\/ul>\n<p>Chez les veaux : Par repas, diluer un sachet de 100 g dans un demi litre deau froide et compl\u00e9ter avec 1,5 \u00e0 2 litres deau ti\u00e8de.<\/p>\n<p>Chez les agneaux : Par repas, distribuer 1\/2 sachet par animal.<\/p>\n<p><strong>Pr\u00e9cautions d&#8217;emploi :<\/strong><\/p>\n<ul>\n<li>Distribuer en cas de risques de troubles digestifs (diarrh\u00e9es), pendant et apr\u00e8s ceux-ci.<\/li>\n<li>Il est recommand\u00e9 de demander l&#8217;avis d&#8217;un expert en alimentation ou d&#8217;un v\u00e9t\u00e9rinaire avant d&#8217;utiliser ou de prolonger l&#8217;utilisation.<\/li>\n<\/ul>\n","protected":false},"excerpt":{"rendered":"<p>Aliment complet pour veaux et agneaux.<\/p>\n<p><strong>Utilisation :<\/strong><\/p>\n<p>Chez les veaux et agneaux : le Sachet repas constitue un<strong> repas en substitution momentan\u00e9e du lait<\/strong>, notamment<strong> en cas de risque de troubles digestifs<\/strong> pendant et apr\u00e8s ceux-ci et avant la reprise du lait.<\/p>\n","protected":false},"featured_media":101663,"template":"","meta":[],"product_cat":[6864,6870,6873],"product_tag":[],"class_list":{"0":"post-101664","1":"product","2":"type-product","3":"status-publish","4":"has-post-thumbnail","6":"product_cat-animaux-delevage","7":"product_cat-bovins","8":"product_cat-ovins","9":"pa_marque-huvepharma-sa","11":"first","12":"instock","13":"taxable","14":"shipping-taxable","15":"purchasable","16":"product-type-simple"},"yoast_head":"<!-- This site is optimized with the Yoast SEO plugin v27.3 - https:\/\/yoast.com\/product\/yoast-seo-wordpress\/ -->\n<title>Sachets Repas Qalian Huvepharma SA - V\u00e9torino<\/title>\n<meta name=\"description\" content=\"Aliment complet pour veaux et agneaux.  Utilisation :  Chez les veaux et agneaux : le Sachet repas constitue un repas en substitution momentan\u00e9e du lait, notamment en cas de risque de troubles digestifs pendant et apr\u00e8s ceux-ci et avant la reprise du lait.\" \/>\n<meta name=\"robots\" content=\"noindex, nofollow\" \/>\n<meta property=\"og:locale\" content=\"fr_FR\" \/>\n<meta property=\"og:type\" content=\"article\" \/>\n<meta property=\"og:title\" content=\"Sachets Repas Qalian Huvepharma SA - V\u00e9torino\" \/>\n<meta property=\"og:description\" content=\"Aliment complet pour veaux et agneaux.  Utilisation :  Chez les veaux et agneaux : le Sachet repas constitue un repas en substitution momentan\u00e9e du lait, notamment en cas de risque de troubles digestifs pendant et apr\u00e8s ceux-ci et avant la reprise du lait.\" \/>\n<meta property=\"og:url\" content=\"https:\/\/www.vetorino.com\/veterinaire\/issoudun-36100\/boutique\/product\/sachets-repas-qalian\/\" \/>\n<meta property=\"og:site_name\" content=\"V\u00e9torino\" \/>\n<meta property=\"article:publisher\" content=\"https:\/\/www.facebook.com\/Vetorino\/\" \/>\n<meta property=\"article:modified_time\" content=\"2026-02-25T01:42:06+00:00\" \/>\n<meta property=\"og:image\" content=\"https:\/\/www.vetorino.com\/boutique\/wp-content\/uploads\/2020\/06\/FilsSAC011FormatMediumTypeIM.png\" \/>\n\t<meta property=\"og:image:width\" content=\"400\" \/>\n\t<meta property=\"og:image:height\" content=\"400\" \/>\n\t<meta property=\"og:image:type\" content=\"image\/png\" \/>\n<meta name=\"twitter:card\" content=\"summary_large_image\" \/>\n<meta name=\"twitter:label1\" content=\"Prix\" \/>\n\t<meta name=\"twitter:data1\" content=\"139,34&euro;\" \/>\n\t<meta name=\"twitter:label2\" content=\"Disponibilit\u00e9\" \/>\n\t<meta name=\"twitter:data2\" content=\"En stock\" \/>\n<script type=\"application\/ld+json\" class=\"yoast-schema-graph\">{\"@context\":\"https:\\\/\\\/schema.org\",\"@graph\":[{\"@type\":\"WebPage\",\"@id\":\"https:\\\/\\\/www.vetorino.com\\\/boutique\\\/product\\\/sachets-repas-qalian\\\/\",\"url\":\"https:\\\/\\\/www.vetorino.com\\\/boutique\\\/product\\\/sachets-repas-qalian\\\/\",\"name\":\"Sachets Repas Qalian Huvepharma SA - V\u00e9torino\",\"isPartOf\":{\"@id\":\"https:\\\/\\\/www.vetorino.com\\\/boutique\\\/#website\"},\"primaryImageOfPage\":{\"@id\":\"https:\\\/\\\/www.vetorino.com\\\/boutique\\\/product\\\/sachets-repas-qalian\\\/#primaryimage\"},\"image\":{\"@id\":\"https:\\\/\\\/www.vetorino.com\\\/boutique\\\/product\\\/sachets-repas-qalian\\\/#primaryimage\"},\"thumbnailUrl\":\"https:\\\/\\\/www.vetorino.com\\\/boutique\\\/wp-content\\\/uploads\\\/2020\\\/06\\\/FilsSAC011FormatMediumTypeIM.png\",\"datePublished\":\"2020-06-30T09:50:12+00:00\",\"dateModified\":\"2026-02-25T01:42:06+00:00\",\"description\":\"Aliment complet pour veaux et agneaux. Utilisation : Chez les veaux et agneaux : le Sachet repas constitue un repas en substitution momentan\u00e9e du lait, notamment en cas de risque de troubles digestifs pendant et apr\u00e8s ceux-ci et avant la reprise du lait.\",\"breadcrumb\":{\"@id\":\"https:\\\/\\\/www.vetorino.com\\\/boutique\\\/product\\\/sachets-repas-qalian\\\/#breadcrumb\"},\"inLanguage\":\"fr-FR\",\"potentialAction\":[{\"@type\":\"ReadAction\",\"target\":[\"https:\\\/\\\/www.vetorino.com\\\/boutique\\\/product\\\/sachets-repas-qalian\\\/\"]}]},{\"@type\":\"ImageObject\",\"inLanguage\":\"fr-FR\",\"@id\":\"https:\\\/\\\/www.vetorino.com\\\/boutique\\\/product\\\/sachets-repas-qalian\\\/#primaryimage\",\"url\":\"https:\\\/\\\/www.vetorino.com\\\/boutique\\\/wp-content\\\/uploads\\\/2020\\\/06\\\/FilsSAC011FormatMediumTypeIM.png\",\"contentUrl\":\"https:\\\/\\\/www.vetorino.com\\\/boutique\\\/wp-content\\\/uploads\\\/2020\\\/06\\\/FilsSAC011FormatMediumTypeIM.png\",\"width\":400,\"height\":400},{\"@type\":\"BreadcrumbList\",\"@id\":\"https:\\\/\\\/www.vetorino.com\\\/boutique\\\/product\\\/sachets-repas-qalian\\\/#breadcrumb\",\"itemListElement\":[{\"@type\":\"ListItem\",\"position\":1,\"name\":\"Accueil\",\"item\":\"https:\\\/\\\/www.vetorino.com\\\/boutique\\\/\"},{\"@type\":\"ListItem\",\"position\":2,\"name\":\"Produits\",\"item\":\"https:\\\/\\\/www.vetorino.com\\\/boutique\\\/\"},{\"@type\":\"ListItem\",\"position\":3,\"name\":\"Sachets Repas Qalian\"}]},{\"@type\":\"WebSite\",\"@id\":\"https:\\\/\\\/www.vetorino.com\\\/boutique\\\/#website\",\"url\":\"https:\\\/\\\/www.vetorino.com\\\/boutique\\\/\",\"name\":\"V\u00e9torino\",\"description\":\"\",\"publisher\":{\"@id\":\"https:\\\/\\\/www.vetorino.com\\\/boutique\\\/#organization\"},\"potentialAction\":[{\"@type\":\"SearchAction\",\"target\":{\"@type\":\"EntryPoint\",\"urlTemplate\":\"https:\\\/\\\/www.vetorino.com\\\/boutique\\\/?s={search_term_string}\"},\"query-input\":{\"@type\":\"PropertyValueSpecification\",\"valueRequired\":true,\"valueName\":\"search_term_string\"}}],\"inLanguage\":\"fr-FR\"},{\"@type\":\"Organization\",\"@id\":\"https:\\\/\\\/www.vetorino.com\\\/boutique\\\/#organization\",\"name\":\"V\u00e9torino\",\"url\":\"https:\\\/\\\/www.vetorino.com\\\/boutique\\\/\",\"logo\":{\"@type\":\"ImageObject\",\"inLanguage\":\"fr-FR\",\"@id\":\"https:\\\/\\\/www.vetorino.com\\\/boutique\\\/#\\\/schema\\\/logo\\\/image\\\/\",\"url\":\"https:\\\/\\\/www.vetorino.com\\\/boutique\\\/wp-content\\\/uploads\\\/2024\\\/10\\\/logo.jpg\",\"contentUrl\":\"https:\\\/\\\/www.vetorino.com\\\/boutique\\\/wp-content\\\/uploads\\\/2024\\\/10\\\/logo.jpg\",\"width\":1200,\"height\":610,\"caption\":\"V\u00e9torino\"},\"image\":{\"@id\":\"https:\\\/\\\/www.vetorino.com\\\/boutique\\\/#\\\/schema\\\/logo\\\/image\\\/\"},\"sameAs\":[\"https:\\\/\\\/www.facebook.com\\\/Vetorino\\\/\",\"https:\\\/\\\/www.instagram.com\\\/vetorino_off\\\/\",\"https:\\\/\\\/www.linkedin.com\\\/company\\\/vtorino\\\/\"]}]}<\/script>\n<meta property=\"product:brand\" content=\"Huvepharma SA\" \/>\n<meta property=\"product:price:amount\" content=\"139.34\" \/>\n<meta property=\"product:price:currency\" content=\"EUR\" \/>\n<meta property=\"og:availability\" content=\"instock\" \/>\n<meta property=\"product:availability\" content=\"instock\" \/>\n<meta property=\"product:retailer_item_id\" content=\"C-SAC011\" \/>\n<meta property=\"product:condition\" content=\"new\" \/>\n<!-- \/ Yoast SEO plugin. -->","yoast_head_json":{"title":"Sachets Repas Qalian Huvepharma SA - V\u00e9torino","description":"Aliment complet pour veaux et agneaux.  Utilisation :  Chez les veaux et agneaux : le Sachet repas constitue un repas en substitution momentan\u00e9e du lait, notamment en cas de risque de troubles digestifs pendant et apr\u00e8s ceux-ci et avant la reprise du lait.","robots":{"index":"noindex","follow":"nofollow"},"og_locale":"fr_FR","og_type":"article","og_title":"Sachets Repas Qalian Huvepharma SA - V\u00e9torino","og_description":"Aliment complet pour veaux et agneaux.  Utilisation :  Chez les veaux et agneaux : le Sachet repas constitue un repas en substitution momentan\u00e9e du lait, notamment en cas de risque de troubles digestifs pendant et apr\u00e8s ceux-ci et avant la reprise du lait.","og_url":"https:\/\/www.vetorino.com\/veterinaire\/issoudun-36100\/boutique\/product\/sachets-repas-qalian\/","og_site_name":"V\u00e9torino","article_publisher":"https:\/\/www.facebook.com\/Vetorino\/","article_modified_time":"2026-02-25T01:42:06+00:00","og_image":[{"width":400,"height":400,"url":"https:\/\/www.vetorino.com\/boutique\/wp-content\/uploads\/2020\/06\/FilsSAC011FormatMediumTypeIM.png","type":"image\/png"}],"twitter_card":"summary_large_image","twitter_misc":{"Prix":"139,34&euro;","Disponibilit\u00e9":"En stock"},"schema":{"@context":"https:\/\/schema.org","@graph":[{"@type":"WebPage","@id":"https:\/\/www.vetorino.com\/boutique\/product\/sachets-repas-qalian\/","url":"https:\/\/www.vetorino.com\/boutique\/product\/sachets-repas-qalian\/","name":"Sachets Repas Qalian Huvepharma SA - V\u00e9torino","isPartOf":{"@id":"https:\/\/www.vetorino.com\/boutique\/#website"},"primaryImageOfPage":{"@id":"https:\/\/www.vetorino.com\/boutique\/product\/sachets-repas-qalian\/#primaryimage"},"image":{"@id":"https:\/\/www.vetorino.com\/boutique\/product\/sachets-repas-qalian\/#primaryimage"},"thumbnailUrl":"https:\/\/www.vetorino.com\/boutique\/wp-content\/uploads\/2020\/06\/FilsSAC011FormatMediumTypeIM.png","datePublished":"2020-06-30T09:50:12+00:00","dateModified":"2026-02-25T01:42:06+00:00","description":"Aliment complet pour veaux et agneaux. Utilisation : Chez les veaux et agneaux : le Sachet repas constitue un repas en substitution momentan\u00e9e du lait, notamment en cas de risque de troubles digestifs pendant et apr\u00e8s ceux-ci et avant la reprise du lait.","breadcrumb":{"@id":"https:\/\/www.vetorino.com\/boutique\/product\/sachets-repas-qalian\/#breadcrumb"},"inLanguage":"fr-FR","potentialAction":[{"@type":"ReadAction","target":["https:\/\/www.vetorino.com\/boutique\/product\/sachets-repas-qalian\/"]}]},{"@type":"ImageObject","inLanguage":"fr-FR","@id":"https:\/\/www.vetorino.com\/boutique\/product\/sachets-repas-qalian\/#primaryimage","url":"https:\/\/www.vetorino.com\/boutique\/wp-content\/uploads\/2020\/06\/FilsSAC011FormatMediumTypeIM.png","contentUrl":"https:\/\/www.vetorino.com\/boutique\/wp-content\/uploads\/2020\/06\/FilsSAC011FormatMediumTypeIM.png","width":400,"height":400},{"@type":"BreadcrumbList","@id":"https:\/\/www.vetorino.com\/boutique\/product\/sachets-repas-qalian\/#breadcrumb","itemListElement":[{"@type":"ListItem","position":1,"name":"Accueil","item":"https:\/\/www.vetorino.com\/boutique\/"},{"@type":"ListItem","position":2,"name":"Produits","item":"https:\/\/www.vetorino.com\/boutique\/"},{"@type":"ListItem","position":3,"name":"Sachets Repas Qalian"}]},{"@type":"WebSite","@id":"https:\/\/www.vetorino.com\/boutique\/#website","url":"https:\/\/www.vetorino.com\/boutique\/","name":"V\u00e9torino","description":"","publisher":{"@id":"https:\/\/www.vetorino.com\/boutique\/#organization"},"potentialAction":[{"@type":"SearchAction","target":{"@type":"EntryPoint","urlTemplate":"https:\/\/www.vetorino.com\/boutique\/?s={search_term_string}"},"query-input":{"@type":"PropertyValueSpecification","valueRequired":true,"valueName":"search_term_string"}}],"inLanguage":"fr-FR"},{"@type":"Organization","@id":"https:\/\/www.vetorino.com\/boutique\/#organization","name":"V\u00e9torino","url":"https:\/\/www.vetorino.com\/boutique\/","logo":{"@type":"ImageObject","inLanguage":"fr-FR","@id":"https:\/\/www.vetorino.com\/boutique\/#\/schema\/logo\/image\/","url":"https:\/\/www.vetorino.com\/boutique\/wp-content\/uploads\/2024\/10\/logo.jpg","contentUrl":"https:\/\/www.vetorino.com\/boutique\/wp-content\/uploads\/2024\/10\/logo.jpg","width":1200,"height":610,"caption":"V\u00e9torino"},"image":{"@id":"https:\/\/www.vetorino.com\/boutique\/#\/schema\/logo\/image\/"},"sameAs":["https:\/\/www.facebook.com\/Vetorino\/","https:\/\/www.instagram.com\/vetorino_off\/","https:\/\/www.linkedin.com\/company\/vtorino\/"]}]},"product_brand":"Huvepharma SA","product_price_amount":"139.34","product_price_currency":"EUR","og_availability":"instock","product_availability":"instock","product_retailer_item_id":"C-SAC011","product_condition":"new"},"_links":{"self":[{"href":"https:\/\/www.vetorino.com\/veterinaire\/issoudun-36100\/boutique\/wp-json\/wp\/v2\/product\/101664","targetHints":{"allow":["GET"]}}],"collection":[{"href":"https:\/\/www.vetorino.com\/veterinaire\/issoudun-36100\/boutique\/wp-json\/wp\/v2\/product"}],"about":[{"href":"https:\/\/www.vetorino.com\/veterinaire\/issoudun-36100\/boutique\/wp-json\/wp\/v2\/types\/product"}],"wp:featuredmedia":[{"embeddable":true,"href":"https:\/\/www.vetorino.com\/veterinaire\/issoudun-36100\/boutique\/wp-json\/wp\/v2\/media\/101663"}],"wp:attachment":[{"href":"https:\/\/www.vetorino.com\/veterinaire\/issoudun-36100\/boutique\/wp-json\/wp\/v2\/media?parent=101664"}],"wp:term":[{"taxonomy":"product_cat","embeddable":true,"href":"https:\/\/www.vetorino.com\/veterinaire\/issoudun-36100\/boutique\/wp-json\/wp\/v2\/product_cat?post=101664"},{"taxonomy":"product_tag","embeddable":true,"href":"https:\/\/www.vetorino.com\/veterinaire\/issoudun-36100\/boutique\/wp-json\/wp\/v2\/product_tag?post=101664"}],"curies":[{"name":"wp","href":"https:\/\/api.w.org\/{rel}","templated":true}]}}