{"id":130107,"date":"2020-11-25T20:02:05","date_gmt":"2020-11-25T19:02:05","guid":{"rendered":"https:\/\/www.vetorino.com\/boutique\/product\/protection-anti-intoxication-trixie\/"},"modified":"2026-04-04T02:42:09","modified_gmt":"2026-04-04T00:42:09","slug":"protection-anti-intoxication-trixie","status":"publish","type":"product","link":"https:\/\/www.vetorino.com\/veterinaire\/issoudun-36100\/boutique\/product\/protection-anti-intoxication-trixie\/","title":{"rendered":"Protection anti-intoxication Trixie"},"content":{"rendered":"<p>Protection anti-intoxication contre les app\u00e2ts empoisonn\u00e9s ou autre chose pendant les promenades.<\/p>\n<ul>\n<li>Permet d&#8217;haleter, de renifler ou de boire.<\/li>\n<li>Les ouvertures \u00e0 c\u00f4t\u00e9 permettent de donner des friandises au chien.<\/li>\n<li>Avec \u00e9lastique pour une bonne tenue.<\/li>\n<li>R\u00e9glable en continu.<\/li>\n<li>En polyester.<\/li>\n<\/ul>\n","protected":false},"excerpt":{"rendered":"<p>La Protection anti-intoxication de chez Trixie est une museli\u00e8re qui emp\u00eache votre chien de manger des d&#8217;app\u00e2ts toxiques ou autres choses nocives que vous risquez de rencontrer lors de votre promenade. Id\u00e9ale pour les chiots et chiens qui ont tendance \u00e0 tout mettre dans la bouche.<\/p>\n","protected":false},"featured_media":625454,"template":"","meta":[],"product_cat":[2698,2777],"product_tag":[],"class_list":{"0":"post-130107","1":"product","2":"type-product","3":"status-publish","4":"has-post-thumbnail","6":"product_cat-chien","7":"product_cat-colliers-laisses-et-harnais-pour-chien","8":"pa_marque-trixie","10":"first","11":"instock","12":"taxable","13":"shipping-taxable","14":"purchasable","15":"product-type-variable"},"yoast_head":"<!-- This site is optimized with the Yoast SEO plugin v27.3 - https:\/\/yoast.com\/product\/yoast-seo-wordpress\/ -->\n<title>Protection anti-intoxication Trixie Trixie - V\u00e9torino<\/title>\n<meta name=\"description\" content=\"La Protection anti-intoxication de chez Trixie est une museli\u00e8re qui emp\u00eache votre chien de manger des d&#039;app\u00e2ts toxiques ou autres choses nocives que vous risquez de rencontrer lors de votre promenade. Id\u00e9ale pour les chiots et chiens qui ont tendance \u00e0 tout mettre dans la bouche.\" \/>\n<meta name=\"robots\" content=\"noindex, nofollow\" \/>\n<meta property=\"og:locale\" content=\"fr_FR\" \/>\n<meta property=\"og:type\" content=\"article\" \/>\n<meta property=\"og:title\" content=\"Protection anti-intoxication Trixie Trixie - V\u00e9torino\" \/>\n<meta property=\"og:description\" content=\"La Protection anti-intoxication de chez Trixie est une museli\u00e8re qui emp\u00eache votre chien de manger des d&#039;app\u00e2ts toxiques ou autres choses nocives que vous risquez de rencontrer lors de votre promenade. Id\u00e9ale pour les chiots et chiens qui ont tendance \u00e0 tout mettre dans la bouche.\" \/>\n<meta property=\"og:url\" content=\"https:\/\/www.vetorino.com\/veterinaire\/issoudun-36100\/boutique\/product\/protection-anti-intoxication-trixie\/\" \/>\n<meta property=\"og:site_name\" content=\"V\u00e9torino\" \/>\n<meta property=\"article:publisher\" content=\"https:\/\/www.facebook.com\/Vetorino\/\" \/>\n<meta property=\"article:modified_time\" content=\"2026-04-04T00:42:09+00:00\" \/>\n<meta property=\"og:image\" content=\"https:\/\/www.vetorino.com\/boutique\/wp-content\/uploads\/2020\/11\/trixie_protection_anti-intoxication_-_la_compagnie_des_animaux_6-1.jpg\" \/>\n\t<meta property=\"og:image:width\" content=\"700\" \/>\n\t<meta property=\"og:image:height\" content=\"700\" \/>\n\t<meta property=\"og:image:type\" content=\"image\/jpeg\" \/>\n<meta name=\"twitter:card\" content=\"summary_large_image\" \/>\n<meta name=\"twitter:label1\" content=\"Disponibilit\u00e9\" \/>\n\t<meta name=\"twitter:data1\" content=\"En stock\" \/>\n<script type=\"application\/ld+json\" class=\"yoast-schema-graph\">{\"@context\":\"https:\\\/\\\/schema.org\",\"@graph\":[{\"@type\":\"WebPage\",\"@id\":\"https:\\\/\\\/www.vetorino.com\\\/veterinaire\\\/evry-91000\\\/boutique\\\/product\\\/protection-anti-intoxication-trixie\\\/\",\"url\":\"https:\\\/\\\/www.vetorino.com\\\/veterinaire\\\/evry-91000\\\/boutique\\\/product\\\/protection-anti-intoxication-trixie\\\/\",\"name\":\"Protection anti-intoxication Trixie Trixie - V\u00e9torino\",\"isPartOf\":{\"@id\":\"https:\\\/\\\/www.vetorino.com\\\/boutique\\\/#website\"},\"primaryImageOfPage\":{\"@id\":\"https:\\\/\\\/www.vetorino.com\\\/veterinaire\\\/evry-91000\\\/boutique\\\/product\\\/protection-anti-intoxication-trixie\\\/#primaryimage\"},\"image\":{\"@id\":\"https:\\\/\\\/www.vetorino.com\\\/veterinaire\\\/evry-91000\\\/boutique\\\/product\\\/protection-anti-intoxication-trixie\\\/#primaryimage\"},\"thumbnailUrl\":\"https:\\\/\\\/www.vetorino.com\\\/boutique\\\/wp-content\\\/uploads\\\/2020\\\/11\\\/trixie_protection_anti-intoxication_-_la_compagnie_des_animaux_6-1.jpg\",\"datePublished\":\"2020-11-25T19:02:05+00:00\",\"dateModified\":\"2026-04-04T00:42:09+00:00\",\"description\":\"La Protection anti-intoxication de chez Trixie est une museli\u00e8re qui emp\u00eache votre chien de manger des d'app\u00e2ts toxiques ou autres choses nocives que vous risquez de rencontrer lors de votre promenade. Id\u00e9ale pour les chiots et chiens qui ont tendance \u00e0 tout mettre dans la bouche.\",\"breadcrumb\":{\"@id\":\"https:\\\/\\\/www.vetorino.com\\\/veterinaire\\\/evry-91000\\\/boutique\\\/product\\\/protection-anti-intoxication-trixie\\\/#breadcrumb\"},\"inLanguage\":\"fr-FR\",\"potentialAction\":[{\"@type\":\"ReadAction\",\"target\":[\"https:\\\/\\\/www.vetorino.com\\\/veterinaire\\\/evry-91000\\\/boutique\\\/product\\\/protection-anti-intoxication-trixie\\\/\"]}]},{\"@type\":\"ImageObject\",\"inLanguage\":\"fr-FR\",\"@id\":\"https:\\\/\\\/www.vetorino.com\\\/veterinaire\\\/evry-91000\\\/boutique\\\/product\\\/protection-anti-intoxication-trixie\\\/#primaryimage\",\"url\":\"https:\\\/\\\/www.vetorino.com\\\/boutique\\\/wp-content\\\/uploads\\\/2020\\\/11\\\/trixie_protection_anti-intoxication_-_la_compagnie_des_animaux_6-1.jpg\",\"contentUrl\":\"https:\\\/\\\/www.vetorino.com\\\/boutique\\\/wp-content\\\/uploads\\\/2020\\\/11\\\/trixie_protection_anti-intoxication_-_la_compagnie_des_animaux_6-1.jpg\",\"width\":700,\"height\":700},{\"@type\":\"BreadcrumbList\",\"@id\":\"https:\\\/\\\/www.vetorino.com\\\/veterinaire\\\/evry-91000\\\/boutique\\\/product\\\/protection-anti-intoxication-trixie\\\/#breadcrumb\",\"itemListElement\":[{\"@type\":\"ListItem\",\"position\":1,\"name\":\"Accueil\",\"item\":\"https:\\\/\\\/www.vetorino.com\\\/boutique\\\/\"},{\"@type\":\"ListItem\",\"position\":2,\"name\":\"Produits\",\"item\":\"https:\\\/\\\/www.vetorino.com\\\/boutique\\\/\"},{\"@type\":\"ListItem\",\"position\":3,\"name\":\"Protection anti-intoxication Trixie\"}]},{\"@type\":\"WebSite\",\"@id\":\"https:\\\/\\\/www.vetorino.com\\\/boutique\\\/#website\",\"url\":\"https:\\\/\\\/www.vetorino.com\\\/boutique\\\/\",\"name\":\"V\u00e9torino\",\"description\":\"\",\"publisher\":{\"@id\":\"https:\\\/\\\/www.vetorino.com\\\/boutique\\\/#organization\"},\"potentialAction\":[{\"@type\":\"SearchAction\",\"target\":{\"@type\":\"EntryPoint\",\"urlTemplate\":\"https:\\\/\\\/www.vetorino.com\\\/boutique\\\/?s={search_term_string}\"},\"query-input\":{\"@type\":\"PropertyValueSpecification\",\"valueRequired\":true,\"valueName\":\"search_term_string\"}}],\"inLanguage\":\"fr-FR\"},{\"@type\":\"Organization\",\"@id\":\"https:\\\/\\\/www.vetorino.com\\\/boutique\\\/#organization\",\"name\":\"V\u00e9torino\",\"url\":\"https:\\\/\\\/www.vetorino.com\\\/boutique\\\/\",\"logo\":{\"@type\":\"ImageObject\",\"inLanguage\":\"fr-FR\",\"@id\":\"https:\\\/\\\/www.vetorino.com\\\/boutique\\\/#\\\/schema\\\/logo\\\/image\\\/\",\"url\":\"https:\\\/\\\/www.vetorino.com\\\/boutique\\\/wp-content\\\/uploads\\\/2024\\\/10\\\/logo.jpg\",\"contentUrl\":\"https:\\\/\\\/www.vetorino.com\\\/boutique\\\/wp-content\\\/uploads\\\/2024\\\/10\\\/logo.jpg\",\"width\":1200,\"height\":610,\"caption\":\"V\u00e9torino\"},\"image\":{\"@id\":\"https:\\\/\\\/www.vetorino.com\\\/boutique\\\/#\\\/schema\\\/logo\\\/image\\\/\"},\"sameAs\":[\"https:\\\/\\\/www.facebook.com\\\/Vetorino\\\/\",\"https:\\\/\\\/www.instagram.com\\\/vetorino_off\\\/\",\"https:\\\/\\\/www.linkedin.com\\\/company\\\/vtorino\\\/\"]}]}<\/script>\n<meta property=\"product:brand\" content=\"Trixie\" \/>\n<meta property=\"og:availability\" content=\"instock\" \/>\n<meta property=\"product:availability\" content=\"instock\" \/>\n<meta property=\"product:condition\" content=\"new\" \/>\n<!-- \/ Yoast SEO plugin. -->","yoast_head_json":{"title":"Protection anti-intoxication Trixie Trixie - V\u00e9torino","description":"La Protection anti-intoxication de chez Trixie est une museli\u00e8re qui emp\u00eache votre chien de manger des d'app\u00e2ts toxiques ou autres choses nocives que vous risquez de rencontrer lors de votre promenade. Id\u00e9ale pour les chiots et chiens qui ont tendance \u00e0 tout mettre dans la bouche.","robots":{"index":"noindex","follow":"nofollow"},"og_locale":"fr_FR","og_type":"article","og_title":"Protection anti-intoxication Trixie Trixie - V\u00e9torino","og_description":"La Protection anti-intoxication de chez Trixie est une museli\u00e8re qui emp\u00eache votre chien de manger des d'app\u00e2ts toxiques ou autres choses nocives que vous risquez de rencontrer lors de votre promenade. Id\u00e9ale pour les chiots et chiens qui ont tendance \u00e0 tout mettre dans la bouche.","og_url":"https:\/\/www.vetorino.com\/veterinaire\/issoudun-36100\/boutique\/product\/protection-anti-intoxication-trixie\/","og_site_name":"V\u00e9torino","article_publisher":"https:\/\/www.facebook.com\/Vetorino\/","article_modified_time":"2026-04-04T00:42:09+00:00","og_image":[{"width":700,"height":700,"url":"https:\/\/www.vetorino.com\/boutique\/wp-content\/uploads\/2020\/11\/trixie_protection_anti-intoxication_-_la_compagnie_des_animaux_6-1.jpg","type":"image\/jpeg"}],"twitter_card":"summary_large_image","twitter_misc":{"Disponibilit\u00e9":"En stock"},"schema":{"@context":"https:\/\/schema.org","@graph":[{"@type":"WebPage","@id":"https:\/\/www.vetorino.com\/veterinaire\/evry-91000\/boutique\/product\/protection-anti-intoxication-trixie\/","url":"https:\/\/www.vetorino.com\/veterinaire\/evry-91000\/boutique\/product\/protection-anti-intoxication-trixie\/","name":"Protection anti-intoxication Trixie Trixie - V\u00e9torino","isPartOf":{"@id":"https:\/\/www.vetorino.com\/boutique\/#website"},"primaryImageOfPage":{"@id":"https:\/\/www.vetorino.com\/veterinaire\/evry-91000\/boutique\/product\/protection-anti-intoxication-trixie\/#primaryimage"},"image":{"@id":"https:\/\/www.vetorino.com\/veterinaire\/evry-91000\/boutique\/product\/protection-anti-intoxication-trixie\/#primaryimage"},"thumbnailUrl":"https:\/\/www.vetorino.com\/boutique\/wp-content\/uploads\/2020\/11\/trixie_protection_anti-intoxication_-_la_compagnie_des_animaux_6-1.jpg","datePublished":"2020-11-25T19:02:05+00:00","dateModified":"2026-04-04T00:42:09+00:00","description":"La Protection anti-intoxication de chez Trixie est une museli\u00e8re qui emp\u00eache votre chien de manger des d'app\u00e2ts toxiques ou autres choses nocives que vous risquez de rencontrer lors de votre promenade. Id\u00e9ale pour les chiots et chiens qui ont tendance \u00e0 tout mettre dans la bouche.","breadcrumb":{"@id":"https:\/\/www.vetorino.com\/veterinaire\/evry-91000\/boutique\/product\/protection-anti-intoxication-trixie\/#breadcrumb"},"inLanguage":"fr-FR","potentialAction":[{"@type":"ReadAction","target":["https:\/\/www.vetorino.com\/veterinaire\/evry-91000\/boutique\/product\/protection-anti-intoxication-trixie\/"]}]},{"@type":"ImageObject","inLanguage":"fr-FR","@id":"https:\/\/www.vetorino.com\/veterinaire\/evry-91000\/boutique\/product\/protection-anti-intoxication-trixie\/#primaryimage","url":"https:\/\/www.vetorino.com\/boutique\/wp-content\/uploads\/2020\/11\/trixie_protection_anti-intoxication_-_la_compagnie_des_animaux_6-1.jpg","contentUrl":"https:\/\/www.vetorino.com\/boutique\/wp-content\/uploads\/2020\/11\/trixie_protection_anti-intoxication_-_la_compagnie_des_animaux_6-1.jpg","width":700,"height":700},{"@type":"BreadcrumbList","@id":"https:\/\/www.vetorino.com\/veterinaire\/evry-91000\/boutique\/product\/protection-anti-intoxication-trixie\/#breadcrumb","itemListElement":[{"@type":"ListItem","position":1,"name":"Accueil","item":"https:\/\/www.vetorino.com\/boutique\/"},{"@type":"ListItem","position":2,"name":"Produits","item":"https:\/\/www.vetorino.com\/boutique\/"},{"@type":"ListItem","position":3,"name":"Protection anti-intoxication Trixie"}]},{"@type":"WebSite","@id":"https:\/\/www.vetorino.com\/boutique\/#website","url":"https:\/\/www.vetorino.com\/boutique\/","name":"V\u00e9torino","description":"","publisher":{"@id":"https:\/\/www.vetorino.com\/boutique\/#organization"},"potentialAction":[{"@type":"SearchAction","target":{"@type":"EntryPoint","urlTemplate":"https:\/\/www.vetorino.com\/boutique\/?s={search_term_string}"},"query-input":{"@type":"PropertyValueSpecification","valueRequired":true,"valueName":"search_term_string"}}],"inLanguage":"fr-FR"},{"@type":"Organization","@id":"https:\/\/www.vetorino.com\/boutique\/#organization","name":"V\u00e9torino","url":"https:\/\/www.vetorino.com\/boutique\/","logo":{"@type":"ImageObject","inLanguage":"fr-FR","@id":"https:\/\/www.vetorino.com\/boutique\/#\/schema\/logo\/image\/","url":"https:\/\/www.vetorino.com\/boutique\/wp-content\/uploads\/2024\/10\/logo.jpg","contentUrl":"https:\/\/www.vetorino.com\/boutique\/wp-content\/uploads\/2024\/10\/logo.jpg","width":1200,"height":610,"caption":"V\u00e9torino"},"image":{"@id":"https:\/\/www.vetorino.com\/boutique\/#\/schema\/logo\/image\/"},"sameAs":["https:\/\/www.facebook.com\/Vetorino\/","https:\/\/www.instagram.com\/vetorino_off\/","https:\/\/www.linkedin.com\/company\/vtorino\/"]}]},"product_brand":"Trixie","og_availability":"instock","product_availability":"instock","product_condition":"new"},"_links":{"self":[{"href":"https:\/\/www.vetorino.com\/veterinaire\/issoudun-36100\/boutique\/wp-json\/wp\/v2\/product\/130107","targetHints":{"allow":["GET"]}}],"collection":[{"href":"https:\/\/www.vetorino.com\/veterinaire\/issoudun-36100\/boutique\/wp-json\/wp\/v2\/product"}],"about":[{"href":"https:\/\/www.vetorino.com\/veterinaire\/issoudun-36100\/boutique\/wp-json\/wp\/v2\/types\/product"}],"wp:featuredmedia":[{"embeddable":true,"href":"https:\/\/www.vetorino.com\/veterinaire\/issoudun-36100\/boutique\/wp-json\/wp\/v2\/media\/625454"}],"wp:attachment":[{"href":"https:\/\/www.vetorino.com\/veterinaire\/issoudun-36100\/boutique\/wp-json\/wp\/v2\/media?parent=130107"}],"wp:term":[{"taxonomy":"product_cat","embeddable":true,"href":"https:\/\/www.vetorino.com\/veterinaire\/issoudun-36100\/boutique\/wp-json\/wp\/v2\/product_cat?post=130107"},{"taxonomy":"product_tag","embeddable":true,"href":"https:\/\/www.vetorino.com\/veterinaire\/issoudun-36100\/boutique\/wp-json\/wp\/v2\/product_tag?post=130107"}],"curies":[{"name":"wp","href":"https:\/\/api.w.org\/{rel}","templated":true}]}}