{"id":550577,"date":"2023-02-01T16:57:50","date_gmt":"2023-02-01T15:57:50","guid":{"rendered":"https:\/\/www.vetorino.com\/boutique\/product\/boule-a-foin-trixie-food-ball-pour-rongeurs\/"},"modified":"2026-04-02T02:42:11","modified_gmt":"2026-04-02T00:42:11","slug":"boule-a-foin-trixie-food-ball-pour-rongeurs","status":"publish","type":"product","link":"https:\/\/www.vetorino.com\/veterinaire\/issoudun-36100\/boutique\/product\/boule-a-foin-trixie-food-ball-pour-rongeurs\/","title":{"rendered":"Boule \u00e0 foin Food Ball pour rongeurs"},"content":{"rendered":"<p>Le Food-Ball est un support \u00e0 nourriture qui prot\u00e8ge celle-ci des contaminations par les animaux et incite de mani\u00e8re amusante le rongeur \u00e0 se procurer son alimentation lui-m\u00eame. Il doit s&#8217;\u00e9tirer et s&#8217;allonger pour atteindre les friandises tant convoit\u00e9es.<\/p>\n<p>De plus, la cha\u00eene \u00e0 laquelle se balance le support rend l&#8217;op\u00e9ration plus difficile : cela occupe et amuse votre animal pour longtemps.<br \/>\nLe jouet parfait pour tous les rongeurs et lapins.<\/p>\n<p><span style=\"color: red\"><b>Veuillez noter : le support Food-Ball n&#8217;est pas adapt\u00e9 aux hamsters et aux souris. <\/b><\/span><br \/>\nVeuillez \u00e9galement noter que le coloris livr\u00e9 peut diff\u00e9rer de celui pr\u00e9sent\u00e9 en photo.<\/p>\n<ul>\n<li>Apporte une activit\u00e9 adapt\u00e9e, motive l&#8217;animal \u00e0 chercher sa nourriture en s&#8217;amusant.<\/li>\n<li>A suspendre dans la cage.<\/li>\n<li>La protection emp\u00eache l&#8217;animal de grimper dedans.<\/li>\n<li>Avec anneau de protection pour \u00e9viter \u00e0 l?&#8217;animal de se coincer les pattes.<\/li>\n<li>En m\u00e9tal, rev\u00eatement poudr\u00e9.<\/li>\n<\/ul>\n","protected":false},"excerpt":{"rendered":"<p>La<b>\u00a0Boule \u00e0 foin pour rongeurs Food-Ball\u00a0<\/b>de la marque Trixie permet d&#8217;offrir \u00e0 votre rongeur, un accessoire unique pour qu&#8217;il puisse avoir du foin \u00e0 volont\u00e9 dans sa cage.<\/p>\n","protected":false},"featured_media":915979,"template":"","meta":[],"product_cat":[12574,12668,15841,2727,15842],"product_tag":[],"class_list":{"0":"post-550577","1":"product","2":"type-product","3":"status-publish","4":"has-post-thumbnail","6":"product_cat-accessoire-pour-lapin","7":"product_cat-friandise-pour-lapin","8":"product_cat-lapins","9":"product_cat-nac","10":"product_cat-rongeurs","11":"pa_marque-trixie","13":"first","14":"instock","15":"taxable","16":"shipping-taxable","17":"purchasable","18":"product-type-variable"},"yoast_head":"<!-- This site is optimized with the Yoast SEO plugin v27.3 - https:\/\/yoast.com\/product\/yoast-seo-wordpress\/ -->\n<title>Boule \u00e0 foin Food Ball pour rongeurs Trixie - V\u00e9torino<\/title>\n<meta name=\"description\" content=\"La\u00a0Boule \u00e0 foin pour rongeurs Food-Ball\u00a0de la marque Trixie permet d&#039;offrir \u00e0 votre rongeur, un accessoire unique pour qu&#039;il puisse avoir du foin \u00e0 volont\u00e9 dans sa cage.\" \/>\n<meta name=\"robots\" content=\"noindex, nofollow\" \/>\n<meta property=\"og:locale\" content=\"fr_FR\" \/>\n<meta property=\"og:type\" content=\"article\" \/>\n<meta property=\"og:title\" content=\"Boule \u00e0 foin Food Ball pour rongeurs Trixie - V\u00e9torino\" \/>\n<meta property=\"og:description\" content=\"La\u00a0Boule \u00e0 foin pour rongeurs Food-Ball\u00a0de la marque Trixie permet d&#039;offrir \u00e0 votre rongeur, un accessoire unique pour qu&#039;il puisse avoir du foin \u00e0 volont\u00e9 dans sa cage.\" \/>\n<meta property=\"og:url\" content=\"https:\/\/www.vetorino.com\/veterinaire\/issoudun-36100\/boutique\/product\/boule-a-foin-trixie-food-ball-pour-rongeurs\/\" \/>\n<meta property=\"og:site_name\" content=\"V\u00e9torino\" \/>\n<meta property=\"article:publisher\" content=\"https:\/\/www.facebook.com\/Vetorino\/\" \/>\n<meta property=\"article:modified_time\" content=\"2026-04-02T00:42:11+00:00\" \/>\n<meta property=\"og:image\" content=\"https:\/\/www.vetorino.com\/boutique\/wp-content\/uploads\/2023\/02\/PHO_PRO_CLIP_6105-3_SALL_AWK_V1.jpg\" \/>\n\t<meta property=\"og:image:width\" content=\"640\" \/>\n\t<meta property=\"og:image:height\" content=\"640\" \/>\n\t<meta property=\"og:image:type\" content=\"image\/jpeg\" \/>\n<meta name=\"twitter:card\" content=\"summary_large_image\" \/>\n<meta name=\"twitter:label1\" content=\"Disponibilit\u00e9\" \/>\n\t<meta name=\"twitter:data1\" content=\"En stock\" \/>\n<script type=\"application\/ld+json\" class=\"yoast-schema-graph\">{\"@context\":\"https:\\\/\\\/schema.org\",\"@graph\":[{\"@type\":\"WebPage\",\"@id\":\"https:\\\/\\\/www.vetorino.com\\\/veterinaire\\\/evry-91000\\\/boutique\\\/product\\\/boule-a-foin-trixie-food-ball-pour-rongeurs\\\/\",\"url\":\"https:\\\/\\\/www.vetorino.com\\\/veterinaire\\\/evry-91000\\\/boutique\\\/product\\\/boule-a-foin-trixie-food-ball-pour-rongeurs\\\/\",\"name\":\"Boule \u00e0 foin Food Ball pour rongeurs Trixie - V\u00e9torino\",\"isPartOf\":{\"@id\":\"https:\\\/\\\/www.vetorino.com\\\/boutique\\\/#website\"},\"primaryImageOfPage\":{\"@id\":\"https:\\\/\\\/www.vetorino.com\\\/veterinaire\\\/evry-91000\\\/boutique\\\/product\\\/boule-a-foin-trixie-food-ball-pour-rongeurs\\\/#primaryimage\"},\"image\":{\"@id\":\"https:\\\/\\\/www.vetorino.com\\\/veterinaire\\\/evry-91000\\\/boutique\\\/product\\\/boule-a-foin-trixie-food-ball-pour-rongeurs\\\/#primaryimage\"},\"thumbnailUrl\":\"https:\\\/\\\/www.vetorino.com\\\/boutique\\\/wp-content\\\/uploads\\\/2023\\\/02\\\/PHO_PRO_CLIP_6105-3_SALL_AWK_V1.jpg\",\"datePublished\":\"2023-02-01T15:57:50+00:00\",\"dateModified\":\"2026-04-02T00:42:11+00:00\",\"description\":\"La\u00a0Boule \u00e0 foin pour rongeurs Food-Ball\u00a0de la marque Trixie permet d'offrir \u00e0 votre rongeur, un accessoire unique pour qu'il puisse avoir du foin \u00e0 volont\u00e9 dans sa cage.\",\"breadcrumb\":{\"@id\":\"https:\\\/\\\/www.vetorino.com\\\/veterinaire\\\/evry-91000\\\/boutique\\\/product\\\/boule-a-foin-trixie-food-ball-pour-rongeurs\\\/#breadcrumb\"},\"inLanguage\":\"fr-FR\",\"potentialAction\":[{\"@type\":\"ReadAction\",\"target\":[\"https:\\\/\\\/www.vetorino.com\\\/veterinaire\\\/evry-91000\\\/boutique\\\/product\\\/boule-a-foin-trixie-food-ball-pour-rongeurs\\\/\"]}]},{\"@type\":\"ImageObject\",\"inLanguage\":\"fr-FR\",\"@id\":\"https:\\\/\\\/www.vetorino.com\\\/veterinaire\\\/evry-91000\\\/boutique\\\/product\\\/boule-a-foin-trixie-food-ball-pour-rongeurs\\\/#primaryimage\",\"url\":\"https:\\\/\\\/www.vetorino.com\\\/boutique\\\/wp-content\\\/uploads\\\/2023\\\/02\\\/PHO_PRO_CLIP_6105-3_SALL_AWK_V1.jpg\",\"contentUrl\":\"https:\\\/\\\/www.vetorino.com\\\/boutique\\\/wp-content\\\/uploads\\\/2023\\\/02\\\/PHO_PRO_CLIP_6105-3_SALL_AWK_V1.jpg\",\"width\":640,\"height\":640},{\"@type\":\"BreadcrumbList\",\"@id\":\"https:\\\/\\\/www.vetorino.com\\\/veterinaire\\\/evry-91000\\\/boutique\\\/product\\\/boule-a-foin-trixie-food-ball-pour-rongeurs\\\/#breadcrumb\",\"itemListElement\":[{\"@type\":\"ListItem\",\"position\":1,\"name\":\"Accueil\",\"item\":\"https:\\\/\\\/www.vetorino.com\\\/boutique\\\/\"},{\"@type\":\"ListItem\",\"position\":2,\"name\":\"Produits\",\"item\":\"https:\\\/\\\/www.vetorino.com\\\/boutique\\\/\"},{\"@type\":\"ListItem\",\"position\":3,\"name\":\"Boule \u00e0 foin Food Ball pour rongeurs\"}]},{\"@type\":\"WebSite\",\"@id\":\"https:\\\/\\\/www.vetorino.com\\\/boutique\\\/#website\",\"url\":\"https:\\\/\\\/www.vetorino.com\\\/boutique\\\/\",\"name\":\"V\u00e9torino\",\"description\":\"\",\"publisher\":{\"@id\":\"https:\\\/\\\/www.vetorino.com\\\/boutique\\\/#organization\"},\"potentialAction\":[{\"@type\":\"SearchAction\",\"target\":{\"@type\":\"EntryPoint\",\"urlTemplate\":\"https:\\\/\\\/www.vetorino.com\\\/boutique\\\/?s={search_term_string}\"},\"query-input\":{\"@type\":\"PropertyValueSpecification\",\"valueRequired\":true,\"valueName\":\"search_term_string\"}}],\"inLanguage\":\"fr-FR\"},{\"@type\":\"Organization\",\"@id\":\"https:\\\/\\\/www.vetorino.com\\\/boutique\\\/#organization\",\"name\":\"V\u00e9torino\",\"url\":\"https:\\\/\\\/www.vetorino.com\\\/boutique\\\/\",\"logo\":{\"@type\":\"ImageObject\",\"inLanguage\":\"fr-FR\",\"@id\":\"https:\\\/\\\/www.vetorino.com\\\/boutique\\\/#\\\/schema\\\/logo\\\/image\\\/\",\"url\":\"https:\\\/\\\/www.vetorino.com\\\/boutique\\\/wp-content\\\/uploads\\\/2024\\\/10\\\/logo.jpg\",\"contentUrl\":\"https:\\\/\\\/www.vetorino.com\\\/boutique\\\/wp-content\\\/uploads\\\/2024\\\/10\\\/logo.jpg\",\"width\":1200,\"height\":610,\"caption\":\"V\u00e9torino\"},\"image\":{\"@id\":\"https:\\\/\\\/www.vetorino.com\\\/boutique\\\/#\\\/schema\\\/logo\\\/image\\\/\"},\"sameAs\":[\"https:\\\/\\\/www.facebook.com\\\/Vetorino\\\/\",\"https:\\\/\\\/www.instagram.com\\\/vetorino_off\\\/\",\"https:\\\/\\\/www.linkedin.com\\\/company\\\/vtorino\\\/\"]}]}<\/script>\n<meta property=\"product:brand\" content=\"Trixie\" \/>\n<meta property=\"og:availability\" content=\"instock\" \/>\n<meta property=\"product:availability\" content=\"instock\" \/>\n<meta property=\"product:condition\" content=\"new\" \/>\n<!-- \/ Yoast SEO plugin. -->","yoast_head_json":{"title":"Boule \u00e0 foin Food Ball pour rongeurs Trixie - V\u00e9torino","description":"La\u00a0Boule \u00e0 foin pour rongeurs Food-Ball\u00a0de la marque Trixie permet d'offrir \u00e0 votre rongeur, un accessoire unique pour qu'il puisse avoir du foin \u00e0 volont\u00e9 dans sa cage.","robots":{"index":"noindex","follow":"nofollow"},"og_locale":"fr_FR","og_type":"article","og_title":"Boule \u00e0 foin Food Ball pour rongeurs Trixie - V\u00e9torino","og_description":"La\u00a0Boule \u00e0 foin pour rongeurs Food-Ball\u00a0de la marque Trixie permet d'offrir \u00e0 votre rongeur, un accessoire unique pour qu'il puisse avoir du foin \u00e0 volont\u00e9 dans sa cage.","og_url":"https:\/\/www.vetorino.com\/veterinaire\/issoudun-36100\/boutique\/product\/boule-a-foin-trixie-food-ball-pour-rongeurs\/","og_site_name":"V\u00e9torino","article_publisher":"https:\/\/www.facebook.com\/Vetorino\/","article_modified_time":"2026-04-02T00:42:11+00:00","og_image":[{"width":640,"height":640,"url":"https:\/\/www.vetorino.com\/boutique\/wp-content\/uploads\/2023\/02\/PHO_PRO_CLIP_6105-3_SALL_AWK_V1.jpg","type":"image\/jpeg"}],"twitter_card":"summary_large_image","twitter_misc":{"Disponibilit\u00e9":"En stock"},"schema":{"@context":"https:\/\/schema.org","@graph":[{"@type":"WebPage","@id":"https:\/\/www.vetorino.com\/veterinaire\/evry-91000\/boutique\/product\/boule-a-foin-trixie-food-ball-pour-rongeurs\/","url":"https:\/\/www.vetorino.com\/veterinaire\/evry-91000\/boutique\/product\/boule-a-foin-trixie-food-ball-pour-rongeurs\/","name":"Boule \u00e0 foin Food Ball pour rongeurs Trixie - V\u00e9torino","isPartOf":{"@id":"https:\/\/www.vetorino.com\/boutique\/#website"},"primaryImageOfPage":{"@id":"https:\/\/www.vetorino.com\/veterinaire\/evry-91000\/boutique\/product\/boule-a-foin-trixie-food-ball-pour-rongeurs\/#primaryimage"},"image":{"@id":"https:\/\/www.vetorino.com\/veterinaire\/evry-91000\/boutique\/product\/boule-a-foin-trixie-food-ball-pour-rongeurs\/#primaryimage"},"thumbnailUrl":"https:\/\/www.vetorino.com\/boutique\/wp-content\/uploads\/2023\/02\/PHO_PRO_CLIP_6105-3_SALL_AWK_V1.jpg","datePublished":"2023-02-01T15:57:50+00:00","dateModified":"2026-04-02T00:42:11+00:00","description":"La\u00a0Boule \u00e0 foin pour rongeurs Food-Ball\u00a0de la marque Trixie permet d'offrir \u00e0 votre rongeur, un accessoire unique pour qu'il puisse avoir du foin \u00e0 volont\u00e9 dans sa cage.","breadcrumb":{"@id":"https:\/\/www.vetorino.com\/veterinaire\/evry-91000\/boutique\/product\/boule-a-foin-trixie-food-ball-pour-rongeurs\/#breadcrumb"},"inLanguage":"fr-FR","potentialAction":[{"@type":"ReadAction","target":["https:\/\/www.vetorino.com\/veterinaire\/evry-91000\/boutique\/product\/boule-a-foin-trixie-food-ball-pour-rongeurs\/"]}]},{"@type":"ImageObject","inLanguage":"fr-FR","@id":"https:\/\/www.vetorino.com\/veterinaire\/evry-91000\/boutique\/product\/boule-a-foin-trixie-food-ball-pour-rongeurs\/#primaryimage","url":"https:\/\/www.vetorino.com\/boutique\/wp-content\/uploads\/2023\/02\/PHO_PRO_CLIP_6105-3_SALL_AWK_V1.jpg","contentUrl":"https:\/\/www.vetorino.com\/boutique\/wp-content\/uploads\/2023\/02\/PHO_PRO_CLIP_6105-3_SALL_AWK_V1.jpg","width":640,"height":640},{"@type":"BreadcrumbList","@id":"https:\/\/www.vetorino.com\/veterinaire\/evry-91000\/boutique\/product\/boule-a-foin-trixie-food-ball-pour-rongeurs\/#breadcrumb","itemListElement":[{"@type":"ListItem","position":1,"name":"Accueil","item":"https:\/\/www.vetorino.com\/boutique\/"},{"@type":"ListItem","position":2,"name":"Produits","item":"https:\/\/www.vetorino.com\/boutique\/"},{"@type":"ListItem","position":3,"name":"Boule \u00e0 foin Food Ball pour rongeurs"}]},{"@type":"WebSite","@id":"https:\/\/www.vetorino.com\/boutique\/#website","url":"https:\/\/www.vetorino.com\/boutique\/","name":"V\u00e9torino","description":"","publisher":{"@id":"https:\/\/www.vetorino.com\/boutique\/#organization"},"potentialAction":[{"@type":"SearchAction","target":{"@type":"EntryPoint","urlTemplate":"https:\/\/www.vetorino.com\/boutique\/?s={search_term_string}"},"query-input":{"@type":"PropertyValueSpecification","valueRequired":true,"valueName":"search_term_string"}}],"inLanguage":"fr-FR"},{"@type":"Organization","@id":"https:\/\/www.vetorino.com\/boutique\/#organization","name":"V\u00e9torino","url":"https:\/\/www.vetorino.com\/boutique\/","logo":{"@type":"ImageObject","inLanguage":"fr-FR","@id":"https:\/\/www.vetorino.com\/boutique\/#\/schema\/logo\/image\/","url":"https:\/\/www.vetorino.com\/boutique\/wp-content\/uploads\/2024\/10\/logo.jpg","contentUrl":"https:\/\/www.vetorino.com\/boutique\/wp-content\/uploads\/2024\/10\/logo.jpg","width":1200,"height":610,"caption":"V\u00e9torino"},"image":{"@id":"https:\/\/www.vetorino.com\/boutique\/#\/schema\/logo\/image\/"},"sameAs":["https:\/\/www.facebook.com\/Vetorino\/","https:\/\/www.instagram.com\/vetorino_off\/","https:\/\/www.linkedin.com\/company\/vtorino\/"]}]},"product_brand":"Trixie","og_availability":"instock","product_availability":"instock","product_condition":"new"},"_links":{"self":[{"href":"https:\/\/www.vetorino.com\/veterinaire\/issoudun-36100\/boutique\/wp-json\/wp\/v2\/product\/550577","targetHints":{"allow":["GET"]}}],"collection":[{"href":"https:\/\/www.vetorino.com\/veterinaire\/issoudun-36100\/boutique\/wp-json\/wp\/v2\/product"}],"about":[{"href":"https:\/\/www.vetorino.com\/veterinaire\/issoudun-36100\/boutique\/wp-json\/wp\/v2\/types\/product"}],"wp:featuredmedia":[{"embeddable":true,"href":"https:\/\/www.vetorino.com\/veterinaire\/issoudun-36100\/boutique\/wp-json\/wp\/v2\/media\/915979"}],"wp:attachment":[{"href":"https:\/\/www.vetorino.com\/veterinaire\/issoudun-36100\/boutique\/wp-json\/wp\/v2\/media?parent=550577"}],"wp:term":[{"taxonomy":"product_cat","embeddable":true,"href":"https:\/\/www.vetorino.com\/veterinaire\/issoudun-36100\/boutique\/wp-json\/wp\/v2\/product_cat?post=550577"},{"taxonomy":"product_tag","embeddable":true,"href":"https:\/\/www.vetorino.com\/veterinaire\/issoudun-36100\/boutique\/wp-json\/wp\/v2\/product_tag?post=550577"}],"curies":[{"name":"wp","href":"https:\/\/api.w.org\/{rel}","templated":true}]}}