{"id":657583,"date":"2023-07-17T14:33:51","date_gmt":"2023-07-17T12:33:51","guid":{"rendered":"https:\/\/www.vetorino.com\/boutique\/product\/creme-pour-coussinets-chien-pet-head-on-all-paws-hydratant\/"},"modified":"2026-04-03T02:42:09","modified_gmt":"2026-04-03T00:42:09","slug":"creme-pour-coussinets-chien-pet-head-on-all-paws-hydratant","status":"publish","type":"product","link":"https:\/\/www.vetorino.com\/veterinaire\/issoudun-36100\/boutique\/product\/creme-pour-coussinets-chien-pet-head-on-all-paws-hydratant\/","title":{"rendered":"Beurre pour coussinets Pet Head On All Paws"},"content":{"rendered":"<p><strong>Soin nourrissant pour coussinets ab\u00eem\u00e9s,\u00a0au beurre de karit\u00e9, extrait de flocons d&#8217;avoine, beurre de mangue,\u00a0huile de noix de coco et aloe vera.<\/strong><\/p>\n<p><strong>Convient aussi pour les chiots \u00e0 partir de 8 semaines.<\/strong><\/p>\n<p><strong>Bienfaits essentiels<\/strong> :<\/p>\n<ul>\n<li>Beurre de karit\u00e9 : super hydratant.<\/li>\n<li>Beurre de mangue : nourrissant et hydratant.<\/li>\n<li>Extrait d&#8217;avoine : anti-inflammatoire et apaisant.<\/li>\n<li>Huile de noix de coco : nourrissant et apporte de la douceur.<\/li>\n<li>Prot\u00e9ine v\u00e9g\u00e9tale : renforce et hydrate le pelage.<\/li>\n<li>Jus d&#8217;alo\u00e9 v\u00e9ra : propri\u00e9t\u00e9s apaisantes. Laisse le pelage doux et brillant.<\/li>\n<\/ul>\n<p><strong>Vegan, sans gluten ni noix, pH neutre, non test\u00e9 sur les animaux.<\/strong><\/p>\n<p><strong>Emballage 100 % recyclable : respectueux de l&#8217;environnement.<\/strong><\/p>\n","protected":false},"excerpt":{"rendered":"<p><strong>Soin nourrissant pour coussinets ab\u00eem\u00e9s,\u00a0au beurre de karit\u00e9, extrait de flocons d&#8217;avoine, beurre de mangue,\u00a0huile de noix de coco et aloe vera.<\/strong><\/p>\n<p><strong>Convient aussi pour les chiots \u00e0 partir de 8 semaines.<\/strong><\/p>\n","protected":false},"featured_media":1273776,"template":"","meta":[],"product_cat":[12573,12550,2698],"product_tag":[],"class_list":{"0":"post-657583","1":"product","2":"type-product","3":"status-publish","4":"has-post-thumbnail","6":"product_cat-accessoire-pour-lhygiene-du-chien","7":"product_cat-accessoires-du-chien","8":"product_cat-chien","9":"pa_marque-company-of-animals","11":"first","12":"instock","13":"taxable","14":"shipping-taxable","15":"purchasable","16":"product-type-simple"},"yoast_head":"<!-- This site is optimized with the Yoast SEO plugin v27.3 - https:\/\/yoast.com\/product\/yoast-seo-wordpress\/ -->\n<title>Beurre pour coussinets Pet Head On All Paws Company of Animals - V\u00e9torino<\/title>\n<meta name=\"description\" content=\"Soin nourrissant pour coussinets ab\u00eem\u00e9s,\u00a0au beurre de karit\u00e9, extrait de flocons d&#039;avoine, beurre de mangue,\u00a0huile de noix de coco et aloe vera.  Convient aussi pour les chiots \u00e0 partir de 8 semaines.\" \/>\n<meta name=\"robots\" content=\"noindex, nofollow\" \/>\n<meta property=\"og:locale\" content=\"fr_FR\" \/>\n<meta property=\"og:type\" content=\"article\" \/>\n<meta property=\"og:title\" content=\"Beurre pour coussinets Pet Head On All Paws Company of Animals - V\u00e9torino\" \/>\n<meta property=\"og:description\" content=\"Soin nourrissant pour coussinets ab\u00eem\u00e9s,\u00a0au beurre de karit\u00e9, extrait de flocons d&#039;avoine, beurre de mangue,\u00a0huile de noix de coco et aloe vera.  Convient aussi pour les chiots \u00e0 partir de 8 semaines.\" \/>\n<meta property=\"og:url\" content=\"https:\/\/www.vetorino.com\/veterinaire\/issoudun-36100\/boutique\/product\/creme-pour-coussinets-chien-pet-head-on-all-paws-hydratant\/\" \/>\n<meta property=\"og:site_name\" content=\"V\u00e9torino\" \/>\n<meta property=\"article:publisher\" content=\"https:\/\/www.facebook.com\/Vetorino\/\" \/>\n<meta property=\"article:modified_time\" content=\"2026-04-03T00:42:09+00:00\" \/>\n<meta property=\"og:image\" content=\"https:\/\/www.vetorino.com\/boutique\/wp-content\/uploads\/2023\/07\/xl_97089fcd07f20b6785b92134bd6c1d0fa421631794756-1.jpg\" \/>\n\t<meta property=\"og:image:width\" content=\"1757\" \/>\n\t<meta property=\"og:image:height\" content=\"1802\" \/>\n\t<meta property=\"og:image:type\" content=\"image\/jpeg\" \/>\n<meta name=\"twitter:card\" content=\"summary_large_image\" \/>\n<meta name=\"twitter:label1\" content=\"Prix\" \/>\n\t<meta name=\"twitter:data1\" content=\"8,20&euro;\" \/>\n\t<meta name=\"twitter:label2\" content=\"Disponibilit\u00e9\" \/>\n\t<meta name=\"twitter:data2\" content=\"En stock\" \/>\n<script type=\"application\/ld+json\" class=\"yoast-schema-graph\">{\"@context\":\"https:\\\/\\\/schema.org\",\"@graph\":[{\"@type\":\"WebPage\",\"@id\":\"https:\\\/\\\/www.vetorino.com\\\/boutique\\\/product\\\/creme-pour-coussinets-chien-pet-head-on-all-paws-hydratant\\\/\",\"url\":\"https:\\\/\\\/www.vetorino.com\\\/boutique\\\/product\\\/creme-pour-coussinets-chien-pet-head-on-all-paws-hydratant\\\/\",\"name\":\"Beurre pour coussinets Pet Head On All Paws Company of Animals - V\u00e9torino\",\"isPartOf\":{\"@id\":\"https:\\\/\\\/www.vetorino.com\\\/boutique\\\/#website\"},\"primaryImageOfPage\":{\"@id\":\"https:\\\/\\\/www.vetorino.com\\\/boutique\\\/product\\\/creme-pour-coussinets-chien-pet-head-on-all-paws-hydratant\\\/#primaryimage\"},\"image\":{\"@id\":\"https:\\\/\\\/www.vetorino.com\\\/boutique\\\/product\\\/creme-pour-coussinets-chien-pet-head-on-all-paws-hydratant\\\/#primaryimage\"},\"thumbnailUrl\":\"https:\\\/\\\/www.vetorino.com\\\/boutique\\\/wp-content\\\/uploads\\\/2023\\\/07\\\/xl_97089fcd07f20b6785b92134bd6c1d0fa421631794756-1.jpg\",\"datePublished\":\"2023-07-17T12:33:51+00:00\",\"dateModified\":\"2026-04-03T00:42:09+00:00\",\"description\":\"Soin nourrissant pour coussinets ab\u00eem\u00e9s,\u00a0au beurre de karit\u00e9, extrait de flocons d'avoine, beurre de mangue,\u00a0huile de noix de coco et aloe vera. Convient aussi pour les chiots \u00e0 partir de 8 semaines.\",\"breadcrumb\":{\"@id\":\"https:\\\/\\\/www.vetorino.com\\\/boutique\\\/product\\\/creme-pour-coussinets-chien-pet-head-on-all-paws-hydratant\\\/#breadcrumb\"},\"inLanguage\":\"fr-FR\",\"potentialAction\":[{\"@type\":\"ReadAction\",\"target\":[\"https:\\\/\\\/www.vetorino.com\\\/boutique\\\/product\\\/creme-pour-coussinets-chien-pet-head-on-all-paws-hydratant\\\/\"]}]},{\"@type\":\"ImageObject\",\"inLanguage\":\"fr-FR\",\"@id\":\"https:\\\/\\\/www.vetorino.com\\\/boutique\\\/product\\\/creme-pour-coussinets-chien-pet-head-on-all-paws-hydratant\\\/#primaryimage\",\"url\":\"https:\\\/\\\/www.vetorino.com\\\/boutique\\\/wp-content\\\/uploads\\\/2023\\\/07\\\/xl_97089fcd07f20b6785b92134bd6c1d0fa421631794756-1.jpg\",\"contentUrl\":\"https:\\\/\\\/www.vetorino.com\\\/boutique\\\/wp-content\\\/uploads\\\/2023\\\/07\\\/xl_97089fcd07f20b6785b92134bd6c1d0fa421631794756-1.jpg\",\"width\":1757,\"height\":1802},{\"@type\":\"BreadcrumbList\",\"@id\":\"https:\\\/\\\/www.vetorino.com\\\/boutique\\\/product\\\/creme-pour-coussinets-chien-pet-head-on-all-paws-hydratant\\\/#breadcrumb\",\"itemListElement\":[{\"@type\":\"ListItem\",\"position\":1,\"name\":\"Accueil\",\"item\":\"https:\\\/\\\/www.vetorino.com\\\/boutique\\\/\"},{\"@type\":\"ListItem\",\"position\":2,\"name\":\"Produits\",\"item\":\"https:\\\/\\\/www.vetorino.com\\\/boutique\\\/\"},{\"@type\":\"ListItem\",\"position\":3,\"name\":\"Beurre pour coussinets Pet Head On All Paws\"}]},{\"@type\":\"WebSite\",\"@id\":\"https:\\\/\\\/www.vetorino.com\\\/boutique\\\/#website\",\"url\":\"https:\\\/\\\/www.vetorino.com\\\/boutique\\\/\",\"name\":\"V\u00e9torino\",\"description\":\"\",\"publisher\":{\"@id\":\"https:\\\/\\\/www.vetorino.com\\\/boutique\\\/#organization\"},\"potentialAction\":[{\"@type\":\"SearchAction\",\"target\":{\"@type\":\"EntryPoint\",\"urlTemplate\":\"https:\\\/\\\/www.vetorino.com\\\/boutique\\\/?s={search_term_string}\"},\"query-input\":{\"@type\":\"PropertyValueSpecification\",\"valueRequired\":true,\"valueName\":\"search_term_string\"}}],\"inLanguage\":\"fr-FR\"},{\"@type\":\"Organization\",\"@id\":\"https:\\\/\\\/www.vetorino.com\\\/boutique\\\/#organization\",\"name\":\"V\u00e9torino\",\"url\":\"https:\\\/\\\/www.vetorino.com\\\/boutique\\\/\",\"logo\":{\"@type\":\"ImageObject\",\"inLanguage\":\"fr-FR\",\"@id\":\"https:\\\/\\\/www.vetorino.com\\\/boutique\\\/#\\\/schema\\\/logo\\\/image\\\/\",\"url\":\"https:\\\/\\\/www.vetorino.com\\\/boutique\\\/wp-content\\\/uploads\\\/2024\\\/10\\\/logo.jpg\",\"contentUrl\":\"https:\\\/\\\/www.vetorino.com\\\/boutique\\\/wp-content\\\/uploads\\\/2024\\\/10\\\/logo.jpg\",\"width\":1200,\"height\":610,\"caption\":\"V\u00e9torino\"},\"image\":{\"@id\":\"https:\\\/\\\/www.vetorino.com\\\/boutique\\\/#\\\/schema\\\/logo\\\/image\\\/\"},\"sameAs\":[\"https:\\\/\\\/www.facebook.com\\\/Vetorino\\\/\",\"https:\\\/\\\/www.instagram.com\\\/vetorino_off\\\/\",\"https:\\\/\\\/www.linkedin.com\\\/company\\\/vtorino\\\/\"]}]}<\/script>\n<meta property=\"product:brand\" content=\"Company of Animals\" \/>\n<meta property=\"product:price:amount\" content=\"8.20\" \/>\n<meta property=\"product:price:currency\" content=\"EUR\" \/>\n<meta property=\"og:availability\" content=\"instock\" \/>\n<meta property=\"product:availability\" content=\"instock\" \/>\n<meta property=\"product:retailer_item_id\" content=\"C-CRE451\" \/>\n<meta property=\"product:condition\" content=\"new\" \/>\n<!-- \/ Yoast SEO plugin. -->","yoast_head_json":{"title":"Beurre pour coussinets Pet Head On All Paws Company of Animals - V\u00e9torino","description":"Soin nourrissant pour coussinets ab\u00eem\u00e9s,\u00a0au beurre de karit\u00e9, extrait de flocons d'avoine, beurre de mangue,\u00a0huile de noix de coco et aloe vera.  Convient aussi pour les chiots \u00e0 partir de 8 semaines.","robots":{"index":"noindex","follow":"nofollow"},"og_locale":"fr_FR","og_type":"article","og_title":"Beurre pour coussinets Pet Head On All Paws Company of Animals - V\u00e9torino","og_description":"Soin nourrissant pour coussinets ab\u00eem\u00e9s,\u00a0au beurre de karit\u00e9, extrait de flocons d'avoine, beurre de mangue,\u00a0huile de noix de coco et aloe vera.  Convient aussi pour les chiots \u00e0 partir de 8 semaines.","og_url":"https:\/\/www.vetorino.com\/veterinaire\/issoudun-36100\/boutique\/product\/creme-pour-coussinets-chien-pet-head-on-all-paws-hydratant\/","og_site_name":"V\u00e9torino","article_publisher":"https:\/\/www.facebook.com\/Vetorino\/","article_modified_time":"2026-04-03T00:42:09+00:00","og_image":[{"width":1757,"height":1802,"url":"https:\/\/www.vetorino.com\/boutique\/wp-content\/uploads\/2023\/07\/xl_97089fcd07f20b6785b92134bd6c1d0fa421631794756-1.jpg","type":"image\/jpeg"}],"twitter_card":"summary_large_image","twitter_misc":{"Prix":"8,20&euro;","Disponibilit\u00e9":"En stock"},"schema":{"@context":"https:\/\/schema.org","@graph":[{"@type":"WebPage","@id":"https:\/\/www.vetorino.com\/boutique\/product\/creme-pour-coussinets-chien-pet-head-on-all-paws-hydratant\/","url":"https:\/\/www.vetorino.com\/boutique\/product\/creme-pour-coussinets-chien-pet-head-on-all-paws-hydratant\/","name":"Beurre pour coussinets Pet Head On All Paws Company of Animals - V\u00e9torino","isPartOf":{"@id":"https:\/\/www.vetorino.com\/boutique\/#website"},"primaryImageOfPage":{"@id":"https:\/\/www.vetorino.com\/boutique\/product\/creme-pour-coussinets-chien-pet-head-on-all-paws-hydratant\/#primaryimage"},"image":{"@id":"https:\/\/www.vetorino.com\/boutique\/product\/creme-pour-coussinets-chien-pet-head-on-all-paws-hydratant\/#primaryimage"},"thumbnailUrl":"https:\/\/www.vetorino.com\/boutique\/wp-content\/uploads\/2023\/07\/xl_97089fcd07f20b6785b92134bd6c1d0fa421631794756-1.jpg","datePublished":"2023-07-17T12:33:51+00:00","dateModified":"2026-04-03T00:42:09+00:00","description":"Soin nourrissant pour coussinets ab\u00eem\u00e9s,\u00a0au beurre de karit\u00e9, extrait de flocons d'avoine, beurre de mangue,\u00a0huile de noix de coco et aloe vera. Convient aussi pour les chiots \u00e0 partir de 8 semaines.","breadcrumb":{"@id":"https:\/\/www.vetorino.com\/boutique\/product\/creme-pour-coussinets-chien-pet-head-on-all-paws-hydratant\/#breadcrumb"},"inLanguage":"fr-FR","potentialAction":[{"@type":"ReadAction","target":["https:\/\/www.vetorino.com\/boutique\/product\/creme-pour-coussinets-chien-pet-head-on-all-paws-hydratant\/"]}]},{"@type":"ImageObject","inLanguage":"fr-FR","@id":"https:\/\/www.vetorino.com\/boutique\/product\/creme-pour-coussinets-chien-pet-head-on-all-paws-hydratant\/#primaryimage","url":"https:\/\/www.vetorino.com\/boutique\/wp-content\/uploads\/2023\/07\/xl_97089fcd07f20b6785b92134bd6c1d0fa421631794756-1.jpg","contentUrl":"https:\/\/www.vetorino.com\/boutique\/wp-content\/uploads\/2023\/07\/xl_97089fcd07f20b6785b92134bd6c1d0fa421631794756-1.jpg","width":1757,"height":1802},{"@type":"BreadcrumbList","@id":"https:\/\/www.vetorino.com\/boutique\/product\/creme-pour-coussinets-chien-pet-head-on-all-paws-hydratant\/#breadcrumb","itemListElement":[{"@type":"ListItem","position":1,"name":"Accueil","item":"https:\/\/www.vetorino.com\/boutique\/"},{"@type":"ListItem","position":2,"name":"Produits","item":"https:\/\/www.vetorino.com\/boutique\/"},{"@type":"ListItem","position":3,"name":"Beurre pour coussinets Pet Head On All Paws"}]},{"@type":"WebSite","@id":"https:\/\/www.vetorino.com\/boutique\/#website","url":"https:\/\/www.vetorino.com\/boutique\/","name":"V\u00e9torino","description":"","publisher":{"@id":"https:\/\/www.vetorino.com\/boutique\/#organization"},"potentialAction":[{"@type":"SearchAction","target":{"@type":"EntryPoint","urlTemplate":"https:\/\/www.vetorino.com\/boutique\/?s={search_term_string}"},"query-input":{"@type":"PropertyValueSpecification","valueRequired":true,"valueName":"search_term_string"}}],"inLanguage":"fr-FR"},{"@type":"Organization","@id":"https:\/\/www.vetorino.com\/boutique\/#organization","name":"V\u00e9torino","url":"https:\/\/www.vetorino.com\/boutique\/","logo":{"@type":"ImageObject","inLanguage":"fr-FR","@id":"https:\/\/www.vetorino.com\/boutique\/#\/schema\/logo\/image\/","url":"https:\/\/www.vetorino.com\/boutique\/wp-content\/uploads\/2024\/10\/logo.jpg","contentUrl":"https:\/\/www.vetorino.com\/boutique\/wp-content\/uploads\/2024\/10\/logo.jpg","width":1200,"height":610,"caption":"V\u00e9torino"},"image":{"@id":"https:\/\/www.vetorino.com\/boutique\/#\/schema\/logo\/image\/"},"sameAs":["https:\/\/www.facebook.com\/Vetorino\/","https:\/\/www.instagram.com\/vetorino_off\/","https:\/\/www.linkedin.com\/company\/vtorino\/"]}]},"product_brand":"Company of Animals","product_price_amount":"8.20","product_price_currency":"EUR","og_availability":"instock","product_availability":"instock","product_retailer_item_id":"C-CRE451","product_condition":"new"},"_links":{"self":[{"href":"https:\/\/www.vetorino.com\/veterinaire\/issoudun-36100\/boutique\/wp-json\/wp\/v2\/product\/657583","targetHints":{"allow":["GET"]}}],"collection":[{"href":"https:\/\/www.vetorino.com\/veterinaire\/issoudun-36100\/boutique\/wp-json\/wp\/v2\/product"}],"about":[{"href":"https:\/\/www.vetorino.com\/veterinaire\/issoudun-36100\/boutique\/wp-json\/wp\/v2\/types\/product"}],"wp:featuredmedia":[{"embeddable":true,"href":"https:\/\/www.vetorino.com\/veterinaire\/issoudun-36100\/boutique\/wp-json\/wp\/v2\/media\/1273776"}],"wp:attachment":[{"href":"https:\/\/www.vetorino.com\/veterinaire\/issoudun-36100\/boutique\/wp-json\/wp\/v2\/media?parent=657583"}],"wp:term":[{"taxonomy":"product_cat","embeddable":true,"href":"https:\/\/www.vetorino.com\/veterinaire\/issoudun-36100\/boutique\/wp-json\/wp\/v2\/product_cat?post=657583"},{"taxonomy":"product_tag","embeddable":true,"href":"https:\/\/www.vetorino.com\/veterinaire\/issoudun-36100\/boutique\/wp-json\/wp\/v2\/product_tag?post=657583"}],"curies":[{"name":"wp","href":"https:\/\/api.w.org\/{rel}","templated":true}]}}