{"id":89459,"date":"2020-06-26T03:11:48","date_gmt":"2020-06-26T01:11:48","guid":{"rendered":"https:\/\/www.vetorino.com\/boutique\/product\/anti-germ-trayor\/"},"modified":"2022-01-28T00:06:46","modified_gmt":"2022-01-27T23:06:46","slug":"anti-germ-trayor","status":"publish","type":"product","link":"https:\/\/www.vetorino.com\/veterinaire\/issoudun-36100\/boutique\/product\/anti-germ-trayor\/","title":{"rendered":"Anti-Germ Trayor"},"content":{"rendered":"<div class='hidden'>KERSIA HYPRED<\/div>\n<div class='hidden'>Bovins<\/div>\n<div class='hidden'>Produits d&#8217;hygi\u00e8ne<\/div>\n<p>Sp\u00e9cialit\u00e9 de pr\u00e9 et post-traite pour d\u00e9sinfecter et prot\u00e9ger les trayons. Efficace sur les germes responsables des mammites d\u00e8s 30 secondes de contact, conjugue effet flash et longue dur\u00e9e, assure une protection renforc\u00e9e de la mamelle et diminue les risques de contamination crois\u00e9e gr\u00e2ce \u00e0 une action d\u00e9sinfectante puissante.<br \/>S&#8217;emploie pur avant la traite et\/ou apr\u00e8s la traite, en pr\u00e9-trempage (tous types de gobelets) ou en pulv\u00e9risation des trayons.<\/p>\n","protected":false},"excerpt":{"rendered":"<p>KERSIA HYPRED Bovins Produits d&#8217;hygi\u00e8ne Sp\u00e9cialit\u00e9 de pr\u00e9 et post-traite pour d\u00e9sinfecter et prot\u00e9ger les trayons. Efficace sur les germes responsables des mammites d\u00e8s 30 secondes de contact, conjugue effet flash et longue dur\u00e9e, assure une protection renforc\u00e9e de la mamelle et diminue les risques de contamination crois\u00e9e gr\u00e2ce \u00e0 une action d\u00e9sinfectante puissante.S&#8217;emploie pur [&hellip;]<\/p>\n","protected":false},"featured_media":89458,"template":"","meta":[],"product_cat":[6864,6870],"product_tag":[],"class_list":{"0":"post-89459","1":"product","2":"type-product","3":"status-publish","4":"has-post-thumbnail","6":"product_cat-animaux-delevage","7":"product_cat-bovins","8":"pa_marque-kersia-hypred","10":"first","11":"outofstock","12":"taxable","13":"shipping-taxable","14":"purchasable","15":"product-type-simple"},"yoast_head":"<!-- This site is optimized with the Yoast SEO plugin v27.3 - https:\/\/yoast.com\/product\/yoast-seo-wordpress\/ -->\n<title>Anti-Germ Trayor KERSIA HYPRED - V\u00e9torino<\/title>\n<meta name=\"description\" content=\"KERSIA HYPREDBovinsProduits d&#039;hygi\u00e8neSp\u00e9cialit\u00e9 de pr\u00e9 et post-traite pour d\u00e9sinfecter et prot\u00e9ger les trayons. Efficace sur les germes responsables des\" \/>\n<meta name=\"robots\" content=\"noindex, nofollow\" \/>\n<meta property=\"og:locale\" content=\"fr_FR\" \/>\n<meta property=\"og:type\" content=\"article\" \/>\n<meta property=\"og:title\" content=\"Anti-Germ Trayor KERSIA HYPRED - V\u00e9torino\" \/>\n<meta property=\"og:description\" content=\"KERSIA HYPREDBovinsProduits d&#039;hygi\u00e8neSp\u00e9cialit\u00e9 de pr\u00e9 et post-traite pour d\u00e9sinfecter et prot\u00e9ger les trayons. Efficace sur les germes responsables des\" \/>\n<meta property=\"og:url\" content=\"https:\/\/www.vetorino.com\/veterinaire\/issoudun-36100\/boutique\/product\/anti-germ-trayor\/\" \/>\n<meta property=\"og:site_name\" content=\"V\u00e9torino\" \/>\n<meta property=\"article:publisher\" content=\"https:\/\/www.facebook.com\/Vetorino\/\" \/>\n<meta property=\"article:modified_time\" content=\"2022-01-27T23:06:46+00:00\" \/>\n<meta property=\"og:image\" content=\"https:\/\/www.vetorino.com\/boutique\/wp-content\/uploads\/2020\/06\/FilsANT031FormatMediumTypeIM-3.png\" \/>\n\t<meta property=\"og:image:width\" content=\"282\" \/>\n\t<meta property=\"og:image:height\" content=\"400\" \/>\n\t<meta property=\"og:image:type\" content=\"image\/png\" \/>\n<meta name=\"twitter:card\" content=\"summary_large_image\" \/>\n<meta name=\"twitter:label1\" content=\"Prix\" \/>\n\t<meta name=\"twitter:data1\" content=\"87,05&euro;\" \/>\n\t<meta name=\"twitter:label2\" content=\"Disponibilit\u00e9\" \/>\n\t<meta name=\"twitter:data2\" content=\"Rupture de stock\" \/>\n<script type=\"application\/ld+json\" class=\"yoast-schema-graph\">{\"@context\":\"https:\\\/\\\/schema.org\",\"@graph\":[{\"@type\":\"WebPage\",\"@id\":\"https:\\\/\\\/www.vetorino.com\\\/boutique\\\/product\\\/anti-germ-trayor\\\/\",\"url\":\"https:\\\/\\\/www.vetorino.com\\\/boutique\\\/product\\\/anti-germ-trayor\\\/\",\"name\":\"Anti-Germ Trayor KERSIA HYPRED - V\u00e9torino\",\"isPartOf\":{\"@id\":\"https:\\\/\\\/www.vetorino.com\\\/boutique\\\/#website\"},\"primaryImageOfPage\":{\"@id\":\"https:\\\/\\\/www.vetorino.com\\\/boutique\\\/product\\\/anti-germ-trayor\\\/#primaryimage\"},\"image\":{\"@id\":\"https:\\\/\\\/www.vetorino.com\\\/boutique\\\/product\\\/anti-germ-trayor\\\/#primaryimage\"},\"thumbnailUrl\":\"https:\\\/\\\/www.vetorino.com\\\/boutique\\\/wp-content\\\/uploads\\\/2020\\\/06\\\/FilsANT031FormatMediumTypeIM-3.png\",\"datePublished\":\"2020-06-26T01:11:48+00:00\",\"dateModified\":\"2022-01-27T23:06:46+00:00\",\"description\":\"KERSIA HYPREDBovinsProduits d'hygi\u00e8neSp\u00e9cialit\u00e9 de pr\u00e9 et post-traite pour d\u00e9sinfecter et prot\u00e9ger les trayons. Efficace sur les germes responsables des\",\"breadcrumb\":{\"@id\":\"https:\\\/\\\/www.vetorino.com\\\/boutique\\\/product\\\/anti-germ-trayor\\\/#breadcrumb\"},\"inLanguage\":\"fr-FR\",\"potentialAction\":[{\"@type\":\"ReadAction\",\"target\":[\"https:\\\/\\\/www.vetorino.com\\\/boutique\\\/product\\\/anti-germ-trayor\\\/\"]}]},{\"@type\":\"ImageObject\",\"inLanguage\":\"fr-FR\",\"@id\":\"https:\\\/\\\/www.vetorino.com\\\/boutique\\\/product\\\/anti-germ-trayor\\\/#primaryimage\",\"url\":\"https:\\\/\\\/www.vetorino.com\\\/boutique\\\/wp-content\\\/uploads\\\/2020\\\/06\\\/FilsANT031FormatMediumTypeIM-3.png\",\"contentUrl\":\"https:\\\/\\\/www.vetorino.com\\\/boutique\\\/wp-content\\\/uploads\\\/2020\\\/06\\\/FilsANT031FormatMediumTypeIM-3.png\",\"width\":282,\"height\":400},{\"@type\":\"BreadcrumbList\",\"@id\":\"https:\\\/\\\/www.vetorino.com\\\/boutique\\\/product\\\/anti-germ-trayor\\\/#breadcrumb\",\"itemListElement\":[{\"@type\":\"ListItem\",\"position\":1,\"name\":\"Accueil\",\"item\":\"https:\\\/\\\/www.vetorino.com\\\/boutique\\\/\"},{\"@type\":\"ListItem\",\"position\":2,\"name\":\"Produits\",\"item\":\"https:\\\/\\\/www.vetorino.com\\\/boutique\\\/\"},{\"@type\":\"ListItem\",\"position\":3,\"name\":\"Anti-Germ Trayor\"}]},{\"@type\":\"WebSite\",\"@id\":\"https:\\\/\\\/www.vetorino.com\\\/boutique\\\/#website\",\"url\":\"https:\\\/\\\/www.vetorino.com\\\/boutique\\\/\",\"name\":\"V\u00e9torino\",\"description\":\"\",\"publisher\":{\"@id\":\"https:\\\/\\\/www.vetorino.com\\\/boutique\\\/#organization\"},\"potentialAction\":[{\"@type\":\"SearchAction\",\"target\":{\"@type\":\"EntryPoint\",\"urlTemplate\":\"https:\\\/\\\/www.vetorino.com\\\/boutique\\\/?s={search_term_string}\"},\"query-input\":{\"@type\":\"PropertyValueSpecification\",\"valueRequired\":true,\"valueName\":\"search_term_string\"}}],\"inLanguage\":\"fr-FR\"},{\"@type\":\"Organization\",\"@id\":\"https:\\\/\\\/www.vetorino.com\\\/boutique\\\/#organization\",\"name\":\"V\u00e9torino\",\"url\":\"https:\\\/\\\/www.vetorino.com\\\/boutique\\\/\",\"logo\":{\"@type\":\"ImageObject\",\"inLanguage\":\"fr-FR\",\"@id\":\"https:\\\/\\\/www.vetorino.com\\\/boutique\\\/#\\\/schema\\\/logo\\\/image\\\/\",\"url\":\"https:\\\/\\\/www.vetorino.com\\\/boutique\\\/wp-content\\\/uploads\\\/2024\\\/10\\\/logo.jpg\",\"contentUrl\":\"https:\\\/\\\/www.vetorino.com\\\/boutique\\\/wp-content\\\/uploads\\\/2024\\\/10\\\/logo.jpg\",\"width\":1200,\"height\":610,\"caption\":\"V\u00e9torino\"},\"image\":{\"@id\":\"https:\\\/\\\/www.vetorino.com\\\/boutique\\\/#\\\/schema\\\/logo\\\/image\\\/\"},\"sameAs\":[\"https:\\\/\\\/www.facebook.com\\\/Vetorino\\\/\",\"https:\\\/\\\/www.instagram.com\\\/vetorino_off\\\/\",\"https:\\\/\\\/www.linkedin.com\\\/company\\\/vtorino\\\/\"]}]}<\/script>\n<meta property=\"product:brand\" content=\"KERSIA HYPRED\" \/>\n<meta property=\"product:price:amount\" content=\"87.05\" \/>\n<meta property=\"product:price:currency\" content=\"EUR\" \/>\n<meta property=\"og:availability\" content=\"out of stock\" \/>\n<meta property=\"product:availability\" content=\"out of stock\" \/>\n<meta property=\"product:retailer_item_id\" content=\"C-ANT031\" \/>\n<meta property=\"product:condition\" content=\"new\" \/>\n<!-- \/ Yoast SEO plugin. -->","yoast_head_json":{"title":"Anti-Germ Trayor KERSIA HYPRED - V\u00e9torino","description":"KERSIA HYPREDBovinsProduits d'hygi\u00e8neSp\u00e9cialit\u00e9 de pr\u00e9 et post-traite pour d\u00e9sinfecter et prot\u00e9ger les trayons. Efficace sur les germes responsables des","robots":{"index":"noindex","follow":"nofollow"},"og_locale":"fr_FR","og_type":"article","og_title":"Anti-Germ Trayor KERSIA HYPRED - V\u00e9torino","og_description":"KERSIA HYPREDBovinsProduits d'hygi\u00e8neSp\u00e9cialit\u00e9 de pr\u00e9 et post-traite pour d\u00e9sinfecter et prot\u00e9ger les trayons. Efficace sur les germes responsables des","og_url":"https:\/\/www.vetorino.com\/veterinaire\/issoudun-36100\/boutique\/product\/anti-germ-trayor\/","og_site_name":"V\u00e9torino","article_publisher":"https:\/\/www.facebook.com\/Vetorino\/","article_modified_time":"2022-01-27T23:06:46+00:00","og_image":[{"width":282,"height":400,"url":"https:\/\/www.vetorino.com\/boutique\/wp-content\/uploads\/2020\/06\/FilsANT031FormatMediumTypeIM-3.png","type":"image\/png"}],"twitter_card":"summary_large_image","twitter_misc":{"Prix":"87,05&euro;","Disponibilit\u00e9":"Rupture de stock"},"schema":{"@context":"https:\/\/schema.org","@graph":[{"@type":"WebPage","@id":"https:\/\/www.vetorino.com\/boutique\/product\/anti-germ-trayor\/","url":"https:\/\/www.vetorino.com\/boutique\/product\/anti-germ-trayor\/","name":"Anti-Germ Trayor KERSIA HYPRED - V\u00e9torino","isPartOf":{"@id":"https:\/\/www.vetorino.com\/boutique\/#website"},"primaryImageOfPage":{"@id":"https:\/\/www.vetorino.com\/boutique\/product\/anti-germ-trayor\/#primaryimage"},"image":{"@id":"https:\/\/www.vetorino.com\/boutique\/product\/anti-germ-trayor\/#primaryimage"},"thumbnailUrl":"https:\/\/www.vetorino.com\/boutique\/wp-content\/uploads\/2020\/06\/FilsANT031FormatMediumTypeIM-3.png","datePublished":"2020-06-26T01:11:48+00:00","dateModified":"2022-01-27T23:06:46+00:00","description":"KERSIA HYPREDBovinsProduits d'hygi\u00e8neSp\u00e9cialit\u00e9 de pr\u00e9 et post-traite pour d\u00e9sinfecter et prot\u00e9ger les trayons. Efficace sur les germes responsables des","breadcrumb":{"@id":"https:\/\/www.vetorino.com\/boutique\/product\/anti-germ-trayor\/#breadcrumb"},"inLanguage":"fr-FR","potentialAction":[{"@type":"ReadAction","target":["https:\/\/www.vetorino.com\/boutique\/product\/anti-germ-trayor\/"]}]},{"@type":"ImageObject","inLanguage":"fr-FR","@id":"https:\/\/www.vetorino.com\/boutique\/product\/anti-germ-trayor\/#primaryimage","url":"https:\/\/www.vetorino.com\/boutique\/wp-content\/uploads\/2020\/06\/FilsANT031FormatMediumTypeIM-3.png","contentUrl":"https:\/\/www.vetorino.com\/boutique\/wp-content\/uploads\/2020\/06\/FilsANT031FormatMediumTypeIM-3.png","width":282,"height":400},{"@type":"BreadcrumbList","@id":"https:\/\/www.vetorino.com\/boutique\/product\/anti-germ-trayor\/#breadcrumb","itemListElement":[{"@type":"ListItem","position":1,"name":"Accueil","item":"https:\/\/www.vetorino.com\/boutique\/"},{"@type":"ListItem","position":2,"name":"Produits","item":"https:\/\/www.vetorino.com\/boutique\/"},{"@type":"ListItem","position":3,"name":"Anti-Germ Trayor"}]},{"@type":"WebSite","@id":"https:\/\/www.vetorino.com\/boutique\/#website","url":"https:\/\/www.vetorino.com\/boutique\/","name":"V\u00e9torino","description":"","publisher":{"@id":"https:\/\/www.vetorino.com\/boutique\/#organization"},"potentialAction":[{"@type":"SearchAction","target":{"@type":"EntryPoint","urlTemplate":"https:\/\/www.vetorino.com\/boutique\/?s={search_term_string}"},"query-input":{"@type":"PropertyValueSpecification","valueRequired":true,"valueName":"search_term_string"}}],"inLanguage":"fr-FR"},{"@type":"Organization","@id":"https:\/\/www.vetorino.com\/boutique\/#organization","name":"V\u00e9torino","url":"https:\/\/www.vetorino.com\/boutique\/","logo":{"@type":"ImageObject","inLanguage":"fr-FR","@id":"https:\/\/www.vetorino.com\/boutique\/#\/schema\/logo\/image\/","url":"https:\/\/www.vetorino.com\/boutique\/wp-content\/uploads\/2024\/10\/logo.jpg","contentUrl":"https:\/\/www.vetorino.com\/boutique\/wp-content\/uploads\/2024\/10\/logo.jpg","width":1200,"height":610,"caption":"V\u00e9torino"},"image":{"@id":"https:\/\/www.vetorino.com\/boutique\/#\/schema\/logo\/image\/"},"sameAs":["https:\/\/www.facebook.com\/Vetorino\/","https:\/\/www.instagram.com\/vetorino_off\/","https:\/\/www.linkedin.com\/company\/vtorino\/"]}]},"product_brand":"KERSIA HYPRED","product_price_amount":"87.05","product_price_currency":"EUR","og_availability":"out of stock","product_availability":"out of stock","product_retailer_item_id":"C-ANT031","product_condition":"new"},"_links":{"self":[{"href":"https:\/\/www.vetorino.com\/veterinaire\/issoudun-36100\/boutique\/wp-json\/wp\/v2\/product\/89459","targetHints":{"allow":["GET"]}}],"collection":[{"href":"https:\/\/www.vetorino.com\/veterinaire\/issoudun-36100\/boutique\/wp-json\/wp\/v2\/product"}],"about":[{"href":"https:\/\/www.vetorino.com\/veterinaire\/issoudun-36100\/boutique\/wp-json\/wp\/v2\/types\/product"}],"wp:featuredmedia":[{"embeddable":true,"href":"https:\/\/www.vetorino.com\/veterinaire\/issoudun-36100\/boutique\/wp-json\/wp\/v2\/media\/89458"}],"wp:attachment":[{"href":"https:\/\/www.vetorino.com\/veterinaire\/issoudun-36100\/boutique\/wp-json\/wp\/v2\/media?parent=89459"}],"wp:term":[{"taxonomy":"product_cat","embeddable":true,"href":"https:\/\/www.vetorino.com\/veterinaire\/issoudun-36100\/boutique\/wp-json\/wp\/v2\/product_cat?post=89459"},{"taxonomy":"product_tag","embeddable":true,"href":"https:\/\/www.vetorino.com\/veterinaire\/issoudun-36100\/boutique\/wp-json\/wp\/v2\/product_tag?post=89459"}],"curies":[{"name":"wp","href":"https:\/\/api.w.org\/{rel}","templated":true}]}}