{"id":90867,"date":"2020-06-26T14:03:11","date_gmt":"2020-06-26T12:03:11","guid":{"rendered":"https:\/\/www.vetorino.com\/boutique\/product\/bois-de-cerf-a-macher-farm-food\/"},"modified":"2026-04-02T00:40:02","modified_gmt":"2026-04-01T22:40:02","slug":"bois-de-cerf-a-macher-farm-food","status":"publish","type":"product","link":"https:\/\/www.vetorino.com\/veterinaire\/issoudun-36100\/boutique\/product\/bois-de-cerf-a-macher-farm-food\/","title":{"rendered":"Bois de cerf \u00e0 m\u00e2cher Farm Food"},"content":{"rendered":"<div class='hidden'>FARM FOOD BV<\/div>\n<div class='hidden'>Chiens<\/div>\n<div class='hidden'>Hygi\u00e8ne bucco-dentaire<\/div>\n<div class='hidden'>Farm Food<\/div>\n<div class='hidden'>Pour chien, taille XXL. Veillez \u00e0 acheter la mesure convenant le mieux \u00e0 la puissance de m\u00e2choire de votre chien.<\/div>\n<p>Le bois de cerf nettoie naturellement les dents du chien tout en l&#039;occupant pendant longtemps !<br \/>\nLes bois sont ramass&eacute;s pendant la mue naturelle des cerfs. Aucun animal n&#039;a &eacute;t&eacute; bless&eacute; ou tu&eacute; pour obtenir ses bois.<br \/>\nIls sont divis&eacute;s en diff&eacute;rentes tailles correspondant &agrave; leur poids (et non &agrave; leur longueur). Comme ce sont des produits naturels, la forme varie d&#039;un bois &agrave; l&#039;autre dans une m&ecirc;me cat&eacute;gorie.<br \/>\nVeillez &agrave; choisir la taille de bois adapt&eacute;e au gabarit de votre chien !<br \/>\nComme tout produit ou jouet &agrave; m&acirc;cher, &agrave; utiliser sous surveillance du ma&icirc;tre.<br \/>\nMod&egrave;le entier : un v&eacute;ritable d&eacute;fi pour arriver jusqu&rsquo;&agrave; la moelle savoureuse ! Un os qui dure longtemps, particuli&egrave;rement destin&eacute; aux chiens &agrave; la m&acirc;choire puissante&#8230;<\/p>\n<ul>\n<li>100% naturel.<\/li>\n<li>Propre et sans odeur.<\/li>\n<li>Extra longue dur&eacute;e.<\/li>\n<li>Source de calcium et de min&eacute;raux.<\/li>\n<li>Sans conservateur ni additif.<\/li>\n<li>Convient &agrave; tous les chiens.<\/li>\n<li>Origine : Europe.<\/li>\n<\/ul>\n","protected":false},"excerpt":{"rendered":"<p>FARM FOOD BV Chiens Hygi\u00e8ne bucco-dentaire Farm Food Pour chien, taille XXL. Veillez \u00e0 acheter la mesure convenant le mieux \u00e0 la puissance de m\u00e2choire de votre chien. Le bois de cerf nettoie naturellement les dents du chien tout en l&#039;occupant pendant longtemps ! Les bois sont ramass&eacute;s pendant la mue naturelle des cerfs. Aucun [&hellip;]<\/p>\n","protected":false},"featured_media":90861,"template":"","meta":[],"product_cat":[12550,2698,12603,12610,12561],"product_tag":[],"class_list":{"0":"post-90867","1":"product","2":"type-product","3":"status-publish","4":"has-post-thumbnail","6":"product_cat-accessoires-du-chien","7":"product_cat-chien","8":"product_cat-friandises-pour-chien","9":"product_cat-hygiene-bucco-dentaire-du-chien","10":"product_cat-hygiene-du-chien","11":"pa_marque-farm-food-bv","13":"first","14":"instock","15":"taxable","16":"shipping-taxable","17":"purchasable","18":"product-type-variable"},"yoast_head":"<!-- This site is optimized with the Yoast SEO plugin v27.3 - https:\/\/yoast.com\/product\/yoast-seo-wordpress\/ -->\n<title>Bois de cerf \u00e0 m\u00e2cher Farm Food FARM FOOD BV - V\u00e9torino<\/title>\n<meta name=\"description\" content=\"FARM FOOD BVChiensHygi\u00e8ne bucco-dentaireFarm FoodPour chien, taille XXL. Veillez \u00e0 acheter la mesure convenant le mieux \u00e0 la puissance de m\u00e2choire de\" \/>\n<meta name=\"robots\" content=\"noindex, nofollow\" \/>\n<meta property=\"og:locale\" content=\"fr_FR\" \/>\n<meta property=\"og:type\" content=\"article\" \/>\n<meta property=\"og:title\" content=\"Bois de cerf \u00e0 m\u00e2cher Farm Food FARM FOOD BV - V\u00e9torino\" \/>\n<meta property=\"og:description\" content=\"FARM FOOD BVChiensHygi\u00e8ne bucco-dentaireFarm FoodPour chien, taille XXL. Veillez \u00e0 acheter la mesure convenant le mieux \u00e0 la puissance de m\u00e2choire de\" \/>\n<meta property=\"og:url\" content=\"https:\/\/www.vetorino.com\/veterinaire\/issoudun-36100\/boutique\/product\/bois-de-cerf-a-macher-farm-food\/\" \/>\n<meta property=\"og:site_name\" content=\"V\u00e9torino\" \/>\n<meta property=\"article:publisher\" content=\"https:\/\/www.facebook.com\/Vetorino\/\" \/>\n<meta property=\"article:modified_time\" content=\"2026-04-01T22:40:02+00:00\" \/>\n<meta property=\"og:image\" content=\"https:\/\/www.vetorino.com\/boutique\/wp-content\/uploads\/2020\/06\/FilsBOI420FormatMediumTypeIM.png\" \/>\n\t<meta property=\"og:image:width\" content=\"400\" \/>\n\t<meta property=\"og:image:height\" content=\"400\" \/>\n\t<meta property=\"og:image:type\" content=\"image\/png\" \/>\n<meta name=\"twitter:card\" content=\"summary_large_image\" \/>\n<meta name=\"twitter:label1\" content=\"Disponibilit\u00e9\" \/>\n\t<meta name=\"twitter:data1\" content=\"En stock\" \/>\n<script type=\"application\/ld+json\" class=\"yoast-schema-graph\">{\"@context\":\"https:\\\/\\\/schema.org\",\"@graph\":[{\"@type\":\"WebPage\",\"@id\":\"https:\\\/\\\/www.vetorino.com\\\/boutique\\\/product\\\/bois-de-cerf-a-macher-farm-food\\\/\",\"url\":\"https:\\\/\\\/www.vetorino.com\\\/boutique\\\/product\\\/bois-de-cerf-a-macher-farm-food\\\/\",\"name\":\"Bois de cerf \u00e0 m\u00e2cher Farm Food FARM FOOD BV - V\u00e9torino\",\"isPartOf\":{\"@id\":\"https:\\\/\\\/www.vetorino.com\\\/boutique\\\/#website\"},\"primaryImageOfPage\":{\"@id\":\"https:\\\/\\\/www.vetorino.com\\\/boutique\\\/product\\\/bois-de-cerf-a-macher-farm-food\\\/#primaryimage\"},\"image\":{\"@id\":\"https:\\\/\\\/www.vetorino.com\\\/boutique\\\/product\\\/bois-de-cerf-a-macher-farm-food\\\/#primaryimage\"},\"thumbnailUrl\":\"https:\\\/\\\/www.vetorino.com\\\/boutique\\\/wp-content\\\/uploads\\\/2020\\\/06\\\/FilsBOI420FormatMediumTypeIM.png\",\"datePublished\":\"2020-06-26T12:03:11+00:00\",\"dateModified\":\"2026-04-01T22:40:02+00:00\",\"description\":\"FARM FOOD BVChiensHygi\u00e8ne bucco-dentaireFarm FoodPour chien, taille XXL. Veillez \u00e0 acheter la mesure convenant le mieux \u00e0 la puissance de m\u00e2choire de\",\"breadcrumb\":{\"@id\":\"https:\\\/\\\/www.vetorino.com\\\/boutique\\\/product\\\/bois-de-cerf-a-macher-farm-food\\\/#breadcrumb\"},\"inLanguage\":\"fr-FR\",\"potentialAction\":[{\"@type\":\"ReadAction\",\"target\":[\"https:\\\/\\\/www.vetorino.com\\\/boutique\\\/product\\\/bois-de-cerf-a-macher-farm-food\\\/\"]}]},{\"@type\":\"ImageObject\",\"inLanguage\":\"fr-FR\",\"@id\":\"https:\\\/\\\/www.vetorino.com\\\/boutique\\\/product\\\/bois-de-cerf-a-macher-farm-food\\\/#primaryimage\",\"url\":\"https:\\\/\\\/www.vetorino.com\\\/boutique\\\/wp-content\\\/uploads\\\/2020\\\/06\\\/FilsBOI420FormatMediumTypeIM.png\",\"contentUrl\":\"https:\\\/\\\/www.vetorino.com\\\/boutique\\\/wp-content\\\/uploads\\\/2020\\\/06\\\/FilsBOI420FormatMediumTypeIM.png\",\"width\":400,\"height\":400},{\"@type\":\"BreadcrumbList\",\"@id\":\"https:\\\/\\\/www.vetorino.com\\\/boutique\\\/product\\\/bois-de-cerf-a-macher-farm-food\\\/#breadcrumb\",\"itemListElement\":[{\"@type\":\"ListItem\",\"position\":1,\"name\":\"Accueil\",\"item\":\"https:\\\/\\\/www.vetorino.com\\\/boutique\\\/\"},{\"@type\":\"ListItem\",\"position\":2,\"name\":\"Produits\",\"item\":\"https:\\\/\\\/www.vetorino.com\\\/boutique\\\/\"},{\"@type\":\"ListItem\",\"position\":3,\"name\":\"Bois de cerf \u00e0 m\u00e2cher Farm Food\"}]},{\"@type\":\"WebSite\",\"@id\":\"https:\\\/\\\/www.vetorino.com\\\/boutique\\\/#website\",\"url\":\"https:\\\/\\\/www.vetorino.com\\\/boutique\\\/\",\"name\":\"V\u00e9torino\",\"description\":\"\",\"publisher\":{\"@id\":\"https:\\\/\\\/www.vetorino.com\\\/boutique\\\/#organization\"},\"potentialAction\":[{\"@type\":\"SearchAction\",\"target\":{\"@type\":\"EntryPoint\",\"urlTemplate\":\"https:\\\/\\\/www.vetorino.com\\\/boutique\\\/?s={search_term_string}\"},\"query-input\":{\"@type\":\"PropertyValueSpecification\",\"valueRequired\":true,\"valueName\":\"search_term_string\"}}],\"inLanguage\":\"fr-FR\"},{\"@type\":\"Organization\",\"@id\":\"https:\\\/\\\/www.vetorino.com\\\/boutique\\\/#organization\",\"name\":\"V\u00e9torino\",\"url\":\"https:\\\/\\\/www.vetorino.com\\\/boutique\\\/\",\"logo\":{\"@type\":\"ImageObject\",\"inLanguage\":\"fr-FR\",\"@id\":\"https:\\\/\\\/www.vetorino.com\\\/boutique\\\/#\\\/schema\\\/logo\\\/image\\\/\",\"url\":\"https:\\\/\\\/www.vetorino.com\\\/boutique\\\/wp-content\\\/uploads\\\/2024\\\/10\\\/logo.jpg\",\"contentUrl\":\"https:\\\/\\\/www.vetorino.com\\\/boutique\\\/wp-content\\\/uploads\\\/2024\\\/10\\\/logo.jpg\",\"width\":1200,\"height\":610,\"caption\":\"V\u00e9torino\"},\"image\":{\"@id\":\"https:\\\/\\\/www.vetorino.com\\\/boutique\\\/#\\\/schema\\\/logo\\\/image\\\/\"},\"sameAs\":[\"https:\\\/\\\/www.facebook.com\\\/Vetorino\\\/\",\"https:\\\/\\\/www.instagram.com\\\/vetorino_off\\\/\",\"https:\\\/\\\/www.linkedin.com\\\/company\\\/vtorino\\\/\"]}]}<\/script>\n<meta property=\"product:brand\" content=\"FARM FOOD BV\" \/>\n<meta property=\"og:availability\" content=\"instock\" \/>\n<meta property=\"product:availability\" content=\"instock\" \/>\n<meta property=\"product:condition\" content=\"new\" \/>\n<!-- \/ Yoast SEO plugin. -->","yoast_head_json":{"title":"Bois de cerf \u00e0 m\u00e2cher Farm Food FARM FOOD BV - V\u00e9torino","description":"FARM FOOD BVChiensHygi\u00e8ne bucco-dentaireFarm FoodPour chien, taille XXL. Veillez \u00e0 acheter la mesure convenant le mieux \u00e0 la puissance de m\u00e2choire de","robots":{"index":"noindex","follow":"nofollow"},"og_locale":"fr_FR","og_type":"article","og_title":"Bois de cerf \u00e0 m\u00e2cher Farm Food FARM FOOD BV - V\u00e9torino","og_description":"FARM FOOD BVChiensHygi\u00e8ne bucco-dentaireFarm FoodPour chien, taille XXL. Veillez \u00e0 acheter la mesure convenant le mieux \u00e0 la puissance de m\u00e2choire de","og_url":"https:\/\/www.vetorino.com\/veterinaire\/issoudun-36100\/boutique\/product\/bois-de-cerf-a-macher-farm-food\/","og_site_name":"V\u00e9torino","article_publisher":"https:\/\/www.facebook.com\/Vetorino\/","article_modified_time":"2026-04-01T22:40:02+00:00","og_image":[{"width":400,"height":400,"url":"https:\/\/www.vetorino.com\/boutique\/wp-content\/uploads\/2020\/06\/FilsBOI420FormatMediumTypeIM.png","type":"image\/png"}],"twitter_card":"summary_large_image","twitter_misc":{"Disponibilit\u00e9":"En stock"},"schema":{"@context":"https:\/\/schema.org","@graph":[{"@type":"WebPage","@id":"https:\/\/www.vetorino.com\/boutique\/product\/bois-de-cerf-a-macher-farm-food\/","url":"https:\/\/www.vetorino.com\/boutique\/product\/bois-de-cerf-a-macher-farm-food\/","name":"Bois de cerf \u00e0 m\u00e2cher Farm Food FARM FOOD BV - V\u00e9torino","isPartOf":{"@id":"https:\/\/www.vetorino.com\/boutique\/#website"},"primaryImageOfPage":{"@id":"https:\/\/www.vetorino.com\/boutique\/product\/bois-de-cerf-a-macher-farm-food\/#primaryimage"},"image":{"@id":"https:\/\/www.vetorino.com\/boutique\/product\/bois-de-cerf-a-macher-farm-food\/#primaryimage"},"thumbnailUrl":"https:\/\/www.vetorino.com\/boutique\/wp-content\/uploads\/2020\/06\/FilsBOI420FormatMediumTypeIM.png","datePublished":"2020-06-26T12:03:11+00:00","dateModified":"2026-04-01T22:40:02+00:00","description":"FARM FOOD BVChiensHygi\u00e8ne bucco-dentaireFarm FoodPour chien, taille XXL. Veillez \u00e0 acheter la mesure convenant le mieux \u00e0 la puissance de m\u00e2choire de","breadcrumb":{"@id":"https:\/\/www.vetorino.com\/boutique\/product\/bois-de-cerf-a-macher-farm-food\/#breadcrumb"},"inLanguage":"fr-FR","potentialAction":[{"@type":"ReadAction","target":["https:\/\/www.vetorino.com\/boutique\/product\/bois-de-cerf-a-macher-farm-food\/"]}]},{"@type":"ImageObject","inLanguage":"fr-FR","@id":"https:\/\/www.vetorino.com\/boutique\/product\/bois-de-cerf-a-macher-farm-food\/#primaryimage","url":"https:\/\/www.vetorino.com\/boutique\/wp-content\/uploads\/2020\/06\/FilsBOI420FormatMediumTypeIM.png","contentUrl":"https:\/\/www.vetorino.com\/boutique\/wp-content\/uploads\/2020\/06\/FilsBOI420FormatMediumTypeIM.png","width":400,"height":400},{"@type":"BreadcrumbList","@id":"https:\/\/www.vetorino.com\/boutique\/product\/bois-de-cerf-a-macher-farm-food\/#breadcrumb","itemListElement":[{"@type":"ListItem","position":1,"name":"Accueil","item":"https:\/\/www.vetorino.com\/boutique\/"},{"@type":"ListItem","position":2,"name":"Produits","item":"https:\/\/www.vetorino.com\/boutique\/"},{"@type":"ListItem","position":3,"name":"Bois de cerf \u00e0 m\u00e2cher Farm Food"}]},{"@type":"WebSite","@id":"https:\/\/www.vetorino.com\/boutique\/#website","url":"https:\/\/www.vetorino.com\/boutique\/","name":"V\u00e9torino","description":"","publisher":{"@id":"https:\/\/www.vetorino.com\/boutique\/#organization"},"potentialAction":[{"@type":"SearchAction","target":{"@type":"EntryPoint","urlTemplate":"https:\/\/www.vetorino.com\/boutique\/?s={search_term_string}"},"query-input":{"@type":"PropertyValueSpecification","valueRequired":true,"valueName":"search_term_string"}}],"inLanguage":"fr-FR"},{"@type":"Organization","@id":"https:\/\/www.vetorino.com\/boutique\/#organization","name":"V\u00e9torino","url":"https:\/\/www.vetorino.com\/boutique\/","logo":{"@type":"ImageObject","inLanguage":"fr-FR","@id":"https:\/\/www.vetorino.com\/boutique\/#\/schema\/logo\/image\/","url":"https:\/\/www.vetorino.com\/boutique\/wp-content\/uploads\/2024\/10\/logo.jpg","contentUrl":"https:\/\/www.vetorino.com\/boutique\/wp-content\/uploads\/2024\/10\/logo.jpg","width":1200,"height":610,"caption":"V\u00e9torino"},"image":{"@id":"https:\/\/www.vetorino.com\/boutique\/#\/schema\/logo\/image\/"},"sameAs":["https:\/\/www.facebook.com\/Vetorino\/","https:\/\/www.instagram.com\/vetorino_off\/","https:\/\/www.linkedin.com\/company\/vtorino\/"]}]},"product_brand":"FARM FOOD BV","og_availability":"instock","product_availability":"instock","product_condition":"new"},"_links":{"self":[{"href":"https:\/\/www.vetorino.com\/veterinaire\/issoudun-36100\/boutique\/wp-json\/wp\/v2\/product\/90867","targetHints":{"allow":["GET"]}}],"collection":[{"href":"https:\/\/www.vetorino.com\/veterinaire\/issoudun-36100\/boutique\/wp-json\/wp\/v2\/product"}],"about":[{"href":"https:\/\/www.vetorino.com\/veterinaire\/issoudun-36100\/boutique\/wp-json\/wp\/v2\/types\/product"}],"wp:featuredmedia":[{"embeddable":true,"href":"https:\/\/www.vetorino.com\/veterinaire\/issoudun-36100\/boutique\/wp-json\/wp\/v2\/media\/90861"}],"wp:attachment":[{"href":"https:\/\/www.vetorino.com\/veterinaire\/issoudun-36100\/boutique\/wp-json\/wp\/v2\/media?parent=90867"}],"wp:term":[{"taxonomy":"product_cat","embeddable":true,"href":"https:\/\/www.vetorino.com\/veterinaire\/issoudun-36100\/boutique\/wp-json\/wp\/v2\/product_cat?post=90867"},{"taxonomy":"product_tag","embeddable":true,"href":"https:\/\/www.vetorino.com\/veterinaire\/issoudun-36100\/boutique\/wp-json\/wp\/v2\/product_tag?post=90867"}],"curies":[{"name":"wp","href":"https:\/\/api.w.org\/{rel}","templated":true}]}}