{"id":965885,"date":"2024-07-05T14:17:03","date_gmt":"2024-07-05T12:17:03","guid":{"rendered":"https:\/\/www.vetorino.com\/boutique\/product\/manteau-rafraichissant-ruffwear-swamp-cooler\/"},"modified":"2026-03-28T20:08:33","modified_gmt":"2026-03-28T19:08:33","slug":"manteau-rafraichissant-ruffwear-swamp-cooler","status":"publish","type":"product","link":"https:\/\/www.vetorino.com\/veterinaire\/issoudun-36100\/boutique\/product\/manteau-rafraichissant-ruffwear-swamp-cooler\/","title":{"rendered":"Veste de Refroidissement Swamp Cooler\u2122"},"content":{"rendered":"<p>Prot\u00e8ge le chien de la chaleur gr\u00e2ce \u00e0 une construction 3 couches :<\/p>\n<ul>\n<li>Le rev\u00eatement externe facilite l&#8217;\u00e9vaporation et r\u00e9fl\u00e9chit la lumi\u00e8re du soleil.<\/li>\n<li>La couche m\u00e9diane absorbe et stocke l&#8217;eau.<\/li>\n<li>La couche interne rafra\u00eechit le chien.<\/li>\n<\/ul>\n<p>Simple d&#8217;utilisation : il suffit de l&#8217;asperger avec de l&#8217;eau froide, de l&#8217;essorer pour enlever le surplus d&#8217;eau, puis de mettre la veste sur le chien.\u00a0A asperger \u00e0 nouveau durant la balade si besoin.<br \/>\nFacile \u00e0 mettre et \u00e0 enlever\u00a0gr\u00e2ce aux boucles \u00e0 verrouillage automatique lat\u00e9rales r\u00e9glables.<br \/>\nMuni de bandes r\u00e9fl\u00e9chissantes.<br \/>\nLa couleur claire est con\u00e7ue pour refl\u00e9ter la chaleur du soleil.<br \/>\nSe lave en machine \u00e0 l&#8217;eau froide.<br \/>\nTaille XXS : Lg dos : 26 cm &#8211; Tour de cou : 34,5 cm &#8211; Tour de poitrail : 33\/43 cm.<\/p>\n","protected":false},"excerpt":{"rendered":"<p>Lorsque l&#8217;ombre est rare et que le mercure est \u00e9lev\u00e9, les chiens peuvent compter sur le Swamp Cooler pour les aider \u00e0 sortir. Le choix strat\u00e9gique des mat\u00e9riaux et la conception offrent des solutions aux d\u00e9fis que posent les explorations par temps chaud.<\/p>\n","protected":false},"featured_media":965944,"template":"","meta":[],"product_cat":[12550,2698,2777,12596],"product_tag":[],"class_list":{"0":"post-965885","1":"product","2":"type-product","3":"status-publish","4":"has-post-thumbnail","6":"product_cat-accessoires-du-chien","7":"product_cat-chien","8":"product_cat-colliers-laisses-et-harnais-pour-chien","9":"product_cat-confort-du-chien","10":"pa_marque-ruffwear","12":"first","13":"instock","14":"taxable","15":"shipping-taxable","16":"purchasable","17":"product-type-variable"},"yoast_head":"<!-- This site is optimized with the Yoast SEO plugin v27.3 - https:\/\/yoast.com\/product\/yoast-seo-wordpress\/ -->\n<title>Veste de Refroidissement Swamp Cooler\u2122 Ruffwear - V\u00e9torino<\/title>\n<meta name=\"description\" content=\"Lorsque l&#039;ombre est rare et que le mercure est \u00e9lev\u00e9, les chiens peuvent compter sur le Swamp Cooler pour les aider \u00e0 sortir. Le choix strat\u00e9gique des mat\u00e9riaux et la conception offrent des solutions aux d\u00e9fis que posent les explorations par temps chaud.\" \/>\n<meta name=\"robots\" content=\"noindex, nofollow\" \/>\n<meta property=\"og:locale\" content=\"fr_FR\" \/>\n<meta property=\"og:type\" content=\"article\" \/>\n<meta property=\"og:title\" content=\"Veste de Refroidissement Swamp Cooler\u2122 Ruffwear - V\u00e9torino\" \/>\n<meta property=\"og:description\" content=\"Lorsque l&#039;ombre est rare et que le mercure est \u00e9lev\u00e9, les chiens peuvent compter sur le Swamp Cooler pour les aider \u00e0 sortir. Le choix strat\u00e9gique des mat\u00e9riaux et la conception offrent des solutions aux d\u00e9fis que posent les explorations par temps chaud.\" \/>\n<meta property=\"og:url\" content=\"https:\/\/www.vetorino.com\/veterinaire\/issoudun-36100\/boutique\/product\/manteau-rafraichissant-ruffwear-swamp-cooler\/\" \/>\n<meta property=\"og:site_name\" content=\"V\u00e9torino\" \/>\n<meta property=\"article:publisher\" content=\"https:\/\/www.facebook.com\/Vetorino\/\" \/>\n<meta property=\"article:modified_time\" content=\"2026-03-28T19:08:33+00:00\" \/>\n<meta property=\"og:image\" content=\"https:\/\/www.vetorino.com\/boutique\/wp-content\/uploads\/2024\/07\/05403_Swamp-Cooler-Vest_Sage-Green_DIXIE_Medium_8f90989c-d13c-4726-9732-56671ee69332.webp\" \/>\n\t<meta property=\"og:image:width\" content=\"820\" \/>\n\t<meta property=\"og:image:height\" content=\"550\" \/>\n\t<meta property=\"og:image:type\" content=\"image\/webp\" \/>\n<meta name=\"twitter:card\" content=\"summary_large_image\" \/>\n<meta name=\"twitter:label1\" content=\"Disponibilit\u00e9\" \/>\n\t<meta name=\"twitter:data1\" content=\"En stock\" \/>\n<script type=\"application\/ld+json\" class=\"yoast-schema-graph\">{\"@context\":\"https:\\\/\\\/schema.org\",\"@graph\":[{\"@type\":\"WebPage\",\"@id\":\"https:\\\/\\\/www.vetorino.com\\\/boutique\\\/product\\\/manteau-rafraichissant-ruffwear-swamp-cooler\\\/\",\"url\":\"https:\\\/\\\/www.vetorino.com\\\/boutique\\\/product\\\/manteau-rafraichissant-ruffwear-swamp-cooler\\\/\",\"name\":\"Veste de Refroidissement Swamp Cooler\u2122 Ruffwear - V\u00e9torino\",\"isPartOf\":{\"@id\":\"https:\\\/\\\/www.vetorino.com\\\/boutique\\\/#website\"},\"primaryImageOfPage\":{\"@id\":\"https:\\\/\\\/www.vetorino.com\\\/boutique\\\/product\\\/manteau-rafraichissant-ruffwear-swamp-cooler\\\/#primaryimage\"},\"image\":{\"@id\":\"https:\\\/\\\/www.vetorino.com\\\/boutique\\\/product\\\/manteau-rafraichissant-ruffwear-swamp-cooler\\\/#primaryimage\"},\"thumbnailUrl\":\"https:\\\/\\\/www.vetorino.com\\\/boutique\\\/wp-content\\\/uploads\\\/2024\\\/07\\\/05403_Swamp-Cooler-Vest_Sage-Green_DIXIE_Medium_8f90989c-d13c-4726-9732-56671ee69332.webp\",\"datePublished\":\"2024-07-05T12:17:03+00:00\",\"dateModified\":\"2026-03-28T19:08:33+00:00\",\"description\":\"Lorsque l'ombre est rare et que le mercure est \u00e9lev\u00e9, les chiens peuvent compter sur le Swamp Cooler pour les aider \u00e0 sortir. Le choix strat\u00e9gique des mat\u00e9riaux et la conception offrent des solutions aux d\u00e9fis que posent les explorations par temps chaud.\",\"breadcrumb\":{\"@id\":\"https:\\\/\\\/www.vetorino.com\\\/boutique\\\/product\\\/manteau-rafraichissant-ruffwear-swamp-cooler\\\/#breadcrumb\"},\"inLanguage\":\"fr-FR\",\"potentialAction\":[{\"@type\":\"ReadAction\",\"target\":[\"https:\\\/\\\/www.vetorino.com\\\/boutique\\\/product\\\/manteau-rafraichissant-ruffwear-swamp-cooler\\\/\"]}]},{\"@type\":\"ImageObject\",\"inLanguage\":\"fr-FR\",\"@id\":\"https:\\\/\\\/www.vetorino.com\\\/boutique\\\/product\\\/manteau-rafraichissant-ruffwear-swamp-cooler\\\/#primaryimage\",\"url\":\"https:\\\/\\\/www.vetorino.com\\\/boutique\\\/wp-content\\\/uploads\\\/2024\\\/07\\\/05403_Swamp-Cooler-Vest_Sage-Green_DIXIE_Medium_8f90989c-d13c-4726-9732-56671ee69332.webp\",\"contentUrl\":\"https:\\\/\\\/www.vetorino.com\\\/boutique\\\/wp-content\\\/uploads\\\/2024\\\/07\\\/05403_Swamp-Cooler-Vest_Sage-Green_DIXIE_Medium_8f90989c-d13c-4726-9732-56671ee69332.webp\",\"width\":820,\"height\":550},{\"@type\":\"BreadcrumbList\",\"@id\":\"https:\\\/\\\/www.vetorino.com\\\/boutique\\\/product\\\/manteau-rafraichissant-ruffwear-swamp-cooler\\\/#breadcrumb\",\"itemListElement\":[{\"@type\":\"ListItem\",\"position\":1,\"name\":\"Accueil\",\"item\":\"https:\\\/\\\/www.vetorino.com\\\/boutique\\\/\"},{\"@type\":\"ListItem\",\"position\":2,\"name\":\"Produits\",\"item\":\"https:\\\/\\\/www.vetorino.com\\\/boutique\\\/\"},{\"@type\":\"ListItem\",\"position\":3,\"name\":\"Veste de Refroidissement Swamp Cooler\u2122\"}]},{\"@type\":\"WebSite\",\"@id\":\"https:\\\/\\\/www.vetorino.com\\\/boutique\\\/#website\",\"url\":\"https:\\\/\\\/www.vetorino.com\\\/boutique\\\/\",\"name\":\"V\u00e9torino\",\"description\":\"\",\"publisher\":{\"@id\":\"https:\\\/\\\/www.vetorino.com\\\/boutique\\\/#organization\"},\"potentialAction\":[{\"@type\":\"SearchAction\",\"target\":{\"@type\":\"EntryPoint\",\"urlTemplate\":\"https:\\\/\\\/www.vetorino.com\\\/boutique\\\/?s={search_term_string}\"},\"query-input\":{\"@type\":\"PropertyValueSpecification\",\"valueRequired\":true,\"valueName\":\"search_term_string\"}}],\"inLanguage\":\"fr-FR\"},{\"@type\":\"Organization\",\"@id\":\"https:\\\/\\\/www.vetorino.com\\\/boutique\\\/#organization\",\"name\":\"V\u00e9torino\",\"url\":\"https:\\\/\\\/www.vetorino.com\\\/boutique\\\/\",\"logo\":{\"@type\":\"ImageObject\",\"inLanguage\":\"fr-FR\",\"@id\":\"https:\\\/\\\/www.vetorino.com\\\/boutique\\\/#\\\/schema\\\/logo\\\/image\\\/\",\"url\":\"https:\\\/\\\/www.vetorino.com\\\/boutique\\\/wp-content\\\/uploads\\\/2024\\\/10\\\/logo.jpg\",\"contentUrl\":\"https:\\\/\\\/www.vetorino.com\\\/boutique\\\/wp-content\\\/uploads\\\/2024\\\/10\\\/logo.jpg\",\"width\":1200,\"height\":610,\"caption\":\"V\u00e9torino\"},\"image\":{\"@id\":\"https:\\\/\\\/www.vetorino.com\\\/boutique\\\/#\\\/schema\\\/logo\\\/image\\\/\"},\"sameAs\":[\"https:\\\/\\\/www.facebook.com\\\/Vetorino\\\/\",\"https:\\\/\\\/www.instagram.com\\\/vetorino_off\\\/\",\"https:\\\/\\\/www.linkedin.com\\\/company\\\/vtorino\\\/\"]}]}<\/script>\n<meta property=\"product:brand\" content=\"Ruffwear\" \/>\n<meta property=\"og:availability\" content=\"instock\" \/>\n<meta property=\"product:availability\" content=\"instock\" \/>\n<meta property=\"product:condition\" content=\"new\" \/>\n<!-- \/ Yoast SEO plugin. -->","yoast_head_json":{"title":"Veste de Refroidissement Swamp Cooler\u2122 Ruffwear - V\u00e9torino","description":"Lorsque l'ombre est rare et que le mercure est \u00e9lev\u00e9, les chiens peuvent compter sur le Swamp Cooler pour les aider \u00e0 sortir. Le choix strat\u00e9gique des mat\u00e9riaux et la conception offrent des solutions aux d\u00e9fis que posent les explorations par temps chaud.","robots":{"index":"noindex","follow":"nofollow"},"og_locale":"fr_FR","og_type":"article","og_title":"Veste de Refroidissement Swamp Cooler\u2122 Ruffwear - V\u00e9torino","og_description":"Lorsque l'ombre est rare et que le mercure est \u00e9lev\u00e9, les chiens peuvent compter sur le Swamp Cooler pour les aider \u00e0 sortir. Le choix strat\u00e9gique des mat\u00e9riaux et la conception offrent des solutions aux d\u00e9fis que posent les explorations par temps chaud.","og_url":"https:\/\/www.vetorino.com\/veterinaire\/issoudun-36100\/boutique\/product\/manteau-rafraichissant-ruffwear-swamp-cooler\/","og_site_name":"V\u00e9torino","article_publisher":"https:\/\/www.facebook.com\/Vetorino\/","article_modified_time":"2026-03-28T19:08:33+00:00","og_image":[{"width":820,"height":550,"url":"https:\/\/www.vetorino.com\/boutique\/wp-content\/uploads\/2024\/07\/05403_Swamp-Cooler-Vest_Sage-Green_DIXIE_Medium_8f90989c-d13c-4726-9732-56671ee69332.webp","type":"image\/webp"}],"twitter_card":"summary_large_image","twitter_misc":{"Disponibilit\u00e9":"En stock"},"schema":{"@context":"https:\/\/schema.org","@graph":[{"@type":"WebPage","@id":"https:\/\/www.vetorino.com\/boutique\/product\/manteau-rafraichissant-ruffwear-swamp-cooler\/","url":"https:\/\/www.vetorino.com\/boutique\/product\/manteau-rafraichissant-ruffwear-swamp-cooler\/","name":"Veste de Refroidissement Swamp Cooler\u2122 Ruffwear - V\u00e9torino","isPartOf":{"@id":"https:\/\/www.vetorino.com\/boutique\/#website"},"primaryImageOfPage":{"@id":"https:\/\/www.vetorino.com\/boutique\/product\/manteau-rafraichissant-ruffwear-swamp-cooler\/#primaryimage"},"image":{"@id":"https:\/\/www.vetorino.com\/boutique\/product\/manteau-rafraichissant-ruffwear-swamp-cooler\/#primaryimage"},"thumbnailUrl":"https:\/\/www.vetorino.com\/boutique\/wp-content\/uploads\/2024\/07\/05403_Swamp-Cooler-Vest_Sage-Green_DIXIE_Medium_8f90989c-d13c-4726-9732-56671ee69332.webp","datePublished":"2024-07-05T12:17:03+00:00","dateModified":"2026-03-28T19:08:33+00:00","description":"Lorsque l'ombre est rare et que le mercure est \u00e9lev\u00e9, les chiens peuvent compter sur le Swamp Cooler pour les aider \u00e0 sortir. Le choix strat\u00e9gique des mat\u00e9riaux et la conception offrent des solutions aux d\u00e9fis que posent les explorations par temps chaud.","breadcrumb":{"@id":"https:\/\/www.vetorino.com\/boutique\/product\/manteau-rafraichissant-ruffwear-swamp-cooler\/#breadcrumb"},"inLanguage":"fr-FR","potentialAction":[{"@type":"ReadAction","target":["https:\/\/www.vetorino.com\/boutique\/product\/manteau-rafraichissant-ruffwear-swamp-cooler\/"]}]},{"@type":"ImageObject","inLanguage":"fr-FR","@id":"https:\/\/www.vetorino.com\/boutique\/product\/manteau-rafraichissant-ruffwear-swamp-cooler\/#primaryimage","url":"https:\/\/www.vetorino.com\/boutique\/wp-content\/uploads\/2024\/07\/05403_Swamp-Cooler-Vest_Sage-Green_DIXIE_Medium_8f90989c-d13c-4726-9732-56671ee69332.webp","contentUrl":"https:\/\/www.vetorino.com\/boutique\/wp-content\/uploads\/2024\/07\/05403_Swamp-Cooler-Vest_Sage-Green_DIXIE_Medium_8f90989c-d13c-4726-9732-56671ee69332.webp","width":820,"height":550},{"@type":"BreadcrumbList","@id":"https:\/\/www.vetorino.com\/boutique\/product\/manteau-rafraichissant-ruffwear-swamp-cooler\/#breadcrumb","itemListElement":[{"@type":"ListItem","position":1,"name":"Accueil","item":"https:\/\/www.vetorino.com\/boutique\/"},{"@type":"ListItem","position":2,"name":"Produits","item":"https:\/\/www.vetorino.com\/boutique\/"},{"@type":"ListItem","position":3,"name":"Veste de Refroidissement Swamp Cooler\u2122"}]},{"@type":"WebSite","@id":"https:\/\/www.vetorino.com\/boutique\/#website","url":"https:\/\/www.vetorino.com\/boutique\/","name":"V\u00e9torino","description":"","publisher":{"@id":"https:\/\/www.vetorino.com\/boutique\/#organization"},"potentialAction":[{"@type":"SearchAction","target":{"@type":"EntryPoint","urlTemplate":"https:\/\/www.vetorino.com\/boutique\/?s={search_term_string}"},"query-input":{"@type":"PropertyValueSpecification","valueRequired":true,"valueName":"search_term_string"}}],"inLanguage":"fr-FR"},{"@type":"Organization","@id":"https:\/\/www.vetorino.com\/boutique\/#organization","name":"V\u00e9torino","url":"https:\/\/www.vetorino.com\/boutique\/","logo":{"@type":"ImageObject","inLanguage":"fr-FR","@id":"https:\/\/www.vetorino.com\/boutique\/#\/schema\/logo\/image\/","url":"https:\/\/www.vetorino.com\/boutique\/wp-content\/uploads\/2024\/10\/logo.jpg","contentUrl":"https:\/\/www.vetorino.com\/boutique\/wp-content\/uploads\/2024\/10\/logo.jpg","width":1200,"height":610,"caption":"V\u00e9torino"},"image":{"@id":"https:\/\/www.vetorino.com\/boutique\/#\/schema\/logo\/image\/"},"sameAs":["https:\/\/www.facebook.com\/Vetorino\/","https:\/\/www.instagram.com\/vetorino_off\/","https:\/\/www.linkedin.com\/company\/vtorino\/"]}]},"product_brand":"Ruffwear","og_availability":"instock","product_availability":"instock","product_condition":"new"},"_links":{"self":[{"href":"https:\/\/www.vetorino.com\/veterinaire\/issoudun-36100\/boutique\/wp-json\/wp\/v2\/product\/965885","targetHints":{"allow":["GET"]}}],"collection":[{"href":"https:\/\/www.vetorino.com\/veterinaire\/issoudun-36100\/boutique\/wp-json\/wp\/v2\/product"}],"about":[{"href":"https:\/\/www.vetorino.com\/veterinaire\/issoudun-36100\/boutique\/wp-json\/wp\/v2\/types\/product"}],"wp:featuredmedia":[{"embeddable":true,"href":"https:\/\/www.vetorino.com\/veterinaire\/issoudun-36100\/boutique\/wp-json\/wp\/v2\/media\/965944"}],"wp:attachment":[{"href":"https:\/\/www.vetorino.com\/veterinaire\/issoudun-36100\/boutique\/wp-json\/wp\/v2\/media?parent=965885"}],"wp:term":[{"taxonomy":"product_cat","embeddable":true,"href":"https:\/\/www.vetorino.com\/veterinaire\/issoudun-36100\/boutique\/wp-json\/wp\/v2\/product_cat?post=965885"},{"taxonomy":"product_tag","embeddable":true,"href":"https:\/\/www.vetorino.com\/veterinaire\/issoudun-36100\/boutique\/wp-json\/wp\/v2\/product_tag?post=965885"}],"curies":[{"name":"wp","href":"https:\/\/api.w.org\/{rel}","templated":true}]}}