{"id":968107,"date":"2024-07-08T10:39:49","date_gmt":"2024-07-08T08:39:49","guid":{"rendered":"https:\/\/www.vetorino.com\/boutique\/product\/manteau-impermeable-hunter-uppsala-cozy\/"},"modified":"2026-04-03T09:41:24","modified_gmt":"2026-04-03T07:41:24","slug":"manteau-impermeable-hunter-uppsala-cozy","status":"publish","type":"product","link":"https:\/\/www.vetorino.com\/veterinaire\/issoudun-36100\/boutique\/product\/manteau-impermeable-hunter-uppsala-cozy\/","title":{"rendered":"Manteau imperm\u00e9able Uppsala Cozy"},"content":{"rendered":"<p>Le manteau pour chien sportif UPPSALA COSY est hydrofuge et coupe-vent et, avec sa doublure int\u00e9rieure en peluche chaude, est plus adapt\u00e9 aux jours tr\u00e8s froids ou pluvieux.<br \/>\nLe ventre ferm\u00e9 et les caoutchoucs de fixation \u00e9lastiques et r\u00e9glables en longueur pour les pattes arri\u00e8re assurent un ajustement parfait, quel que soit le physique du chien.<br \/>\nLe col du manteau pour chien est r\u00e9glable en largeur avec une bande \u00e9lastique.<br \/>\nEn plus d&#8217;une ouverture pour l&#8217;anneau en D d&#8217;un col, le manteau est \u00e9galement id\u00e9al pour les &#8220;porteurs de harnais&#8221; gr\u00e2ce \u00e0 la fermeture \u00e0 glissi\u00e8re bidirectionnelle \u00e9tanche et r\u00e9glable individuellement.<br \/>\nLa ceinture r\u00e9glable en continu avec fermeture \u00e0 clic garantit une flexibilit\u00e9 totale. Le passepoil r\u00e9fl\u00e9chissant assure une bonne visibilit\u00e9 m\u00eame dans des conditions de visibilit\u00e9 difficiles.<\/p>\n<ul>\n<li>Manteau chaud et doux pour chien pour les jours tr\u00e8s froids et pluvieux.<\/li>\n<li>Avec col et c\u00f4t\u00e9 ventre ferm\u00e9.<\/li>\n<li>Design sportif avec passepoil r\u00e9fl\u00e9chissant.<\/li>\n<li>Libert\u00e9 de mouvement optimale et coupe ajustable individuellement.<\/li>\n<li>La laisse peut \u00eatre attach\u00e9e au harnais et au collier.<\/li>\n<li>Boucles \u00e9lastiques r\u00e9glables en longueur pour les pattes arri\u00e8re.<\/li>\n<li>Lavable \u00e0 30 \u00b0C.<\/li>\n<\/ul>\n<p>Mat\u00e9riel :<\/p>\n<ul>\n<li>Mat\u00e9riau sup\u00e9rieur : polyester.<\/li>\n<li>Sous-mat\u00e9riau : peluche.<\/li>\n<\/ul>\n","protected":false},"excerpt":{"rendered":"<p>Le manteau pour chien sportif UPPSALA COSY est hydrofuge et coupe-vent et, avec sa doublure int\u00e9rieure en peluche chaude, est plus adapt\u00e9 aux jours tr\u00e8s froids ou pluvieux.<br \/>\nLe ventre ferm\u00e9 et les caoutchoucs de fixation \u00e9lastiques et r\u00e9glables en longueur pour les pattes arri\u00e8re assurent un ajustement parfait, quel que soit le physique du chien.<br \/>\nLe col du manteau pour chien est r\u00e9glable en largeur avec une bande \u00e9lastique.<\/p>\n","protected":false},"featured_media":968139,"template":"","meta":[],"product_cat":[12550,2698,12596],"product_tag":[],"class_list":{"0":"post-968107","1":"product","2":"type-product","3":"status-publish","4":"has-post-thumbnail","6":"product_cat-accessoires-du-chien","7":"product_cat-chien","8":"product_cat-confort-du-chien","9":"pa_marque-hunter","11":"first","12":"instock","13":"taxable","14":"shipping-taxable","15":"purchasable","16":"product-type-variable"},"yoast_head":"<!-- This site is optimized with the Yoast SEO plugin v27.3 - https:\/\/yoast.com\/product\/yoast-seo-wordpress\/ -->\n<title>Manteau imperm\u00e9able Uppsala Cozy Hunter - V\u00e9torino<\/title>\n<meta name=\"description\" content=\"Le manteau pour chien sportif UPPSALA COSY est hydrofuge et coupe-vent et, avec sa doublure int\u00e9rieure en peluche chaude, est plus adapt\u00e9 aux jours tr\u00e8s froids ou pluvieux. Le ventre ferm\u00e9 et les caoutchoucs de fixation \u00e9lastiques et r\u00e9glables en longueur pour les pattes arri\u00e8re assurent un ajustement parfait, quel que soit le physique du chien. Le col du manteau pour chien est r\u00e9glable en largeur avec une bande \u00e9lastique.\" \/>\n<meta name=\"robots\" content=\"noindex, nofollow\" \/>\n<meta property=\"og:locale\" content=\"fr_FR\" \/>\n<meta property=\"og:type\" content=\"article\" \/>\n<meta property=\"og:title\" content=\"Manteau imperm\u00e9able Uppsala Cozy Hunter - V\u00e9torino\" \/>\n<meta property=\"og:description\" content=\"Le manteau pour chien sportif UPPSALA COSY est hydrofuge et coupe-vent et, avec sa doublure int\u00e9rieure en peluche chaude, est plus adapt\u00e9 aux jours tr\u00e8s froids ou pluvieux. Le ventre ferm\u00e9 et les caoutchoucs de fixation \u00e9lastiques et r\u00e9glables en longueur pour les pattes arri\u00e8re assurent un ajustement parfait, quel que soit le physique du chien. Le col du manteau pour chien est r\u00e9glable en largeur avec une bande \u00e9lastique.\" \/>\n<meta property=\"og:url\" content=\"https:\/\/www.vetorino.com\/veterinaire\/issoudun-36100\/boutique\/product\/manteau-impermeable-hunter-uppsala-cozy\/\" \/>\n<meta property=\"og:site_name\" content=\"V\u00e9torino\" \/>\n<meta property=\"article:publisher\" content=\"https:\/\/www.facebook.com\/Vetorino\/\" \/>\n<meta property=\"article:modified_time\" content=\"2026-04-03T07:41:24+00:00\" \/>\n<meta property=\"og:image\" content=\"https:\/\/www.vetorino.com\/boutique\/wp-content\/uploads\/2024\/07\/61Ef0evHYjL._AC_SL1200_.jpg\" \/>\n\t<meta property=\"og:image:width\" content=\"1184\" \/>\n\t<meta property=\"og:image:height\" content=\"1186\" \/>\n\t<meta property=\"og:image:type\" content=\"image\/jpeg\" \/>\n<meta name=\"twitter:card\" content=\"summary_large_image\" \/>\n<meta name=\"twitter:label1\" content=\"Disponibilit\u00e9\" \/>\n\t<meta name=\"twitter:data1\" content=\"En stock\" \/>\n<script type=\"application\/ld+json\" class=\"yoast-schema-graph\">{\"@context\":\"https:\\\/\\\/schema.org\",\"@graph\":[{\"@type\":\"WebPage\",\"@id\":\"https:\\\/\\\/www.vetorino.com\\\/boutique\\\/product\\\/manteau-impermeable-hunter-uppsala-cozy\\\/\",\"url\":\"https:\\\/\\\/www.vetorino.com\\\/boutique\\\/product\\\/manteau-impermeable-hunter-uppsala-cozy\\\/\",\"name\":\"Manteau imperm\u00e9able Uppsala Cozy Hunter - V\u00e9torino\",\"isPartOf\":{\"@id\":\"https:\\\/\\\/www.vetorino.com\\\/boutique\\\/#website\"},\"primaryImageOfPage\":{\"@id\":\"https:\\\/\\\/www.vetorino.com\\\/boutique\\\/product\\\/manteau-impermeable-hunter-uppsala-cozy\\\/#primaryimage\"},\"image\":{\"@id\":\"https:\\\/\\\/www.vetorino.com\\\/boutique\\\/product\\\/manteau-impermeable-hunter-uppsala-cozy\\\/#primaryimage\"},\"thumbnailUrl\":\"https:\\\/\\\/www.vetorino.com\\\/boutique\\\/wp-content\\\/uploads\\\/2024\\\/07\\\/61Ef0evHYjL._AC_SL1200_.jpg\",\"datePublished\":\"2024-07-08T08:39:49+00:00\",\"dateModified\":\"2026-04-03T07:41:24+00:00\",\"description\":\"Le manteau pour chien sportif UPPSALA COSY est hydrofuge et coupe-vent et, avec sa doublure int\u00e9rieure en peluche chaude, est plus adapt\u00e9 aux jours tr\u00e8s froids ou pluvieux. Le ventre ferm\u00e9 et les caoutchoucs de fixation \u00e9lastiques et r\u00e9glables en longueur pour les pattes arri\u00e8re assurent un ajustement parfait, quel que soit le physique du chien. Le col du manteau pour chien est r\u00e9glable en largeur avec une bande \u00e9lastique.\",\"breadcrumb\":{\"@id\":\"https:\\\/\\\/www.vetorino.com\\\/boutique\\\/product\\\/manteau-impermeable-hunter-uppsala-cozy\\\/#breadcrumb\"},\"inLanguage\":\"fr-FR\",\"potentialAction\":[{\"@type\":\"ReadAction\",\"target\":[\"https:\\\/\\\/www.vetorino.com\\\/boutique\\\/product\\\/manteau-impermeable-hunter-uppsala-cozy\\\/\"]}]},{\"@type\":\"ImageObject\",\"inLanguage\":\"fr-FR\",\"@id\":\"https:\\\/\\\/www.vetorino.com\\\/boutique\\\/product\\\/manteau-impermeable-hunter-uppsala-cozy\\\/#primaryimage\",\"url\":\"https:\\\/\\\/www.vetorino.com\\\/boutique\\\/wp-content\\\/uploads\\\/2024\\\/07\\\/61Ef0evHYjL._AC_SL1200_.jpg\",\"contentUrl\":\"https:\\\/\\\/www.vetorino.com\\\/boutique\\\/wp-content\\\/uploads\\\/2024\\\/07\\\/61Ef0evHYjL._AC_SL1200_.jpg\",\"width\":1184,\"height\":1186},{\"@type\":\"BreadcrumbList\",\"@id\":\"https:\\\/\\\/www.vetorino.com\\\/boutique\\\/product\\\/manteau-impermeable-hunter-uppsala-cozy\\\/#breadcrumb\",\"itemListElement\":[{\"@type\":\"ListItem\",\"position\":1,\"name\":\"Accueil\",\"item\":\"https:\\\/\\\/www.vetorino.com\\\/boutique\\\/\"},{\"@type\":\"ListItem\",\"position\":2,\"name\":\"Produits\",\"item\":\"https:\\\/\\\/www.vetorino.com\\\/boutique\\\/\"},{\"@type\":\"ListItem\",\"position\":3,\"name\":\"Manteau imperm\u00e9able Uppsala Cozy\"}]},{\"@type\":\"WebSite\",\"@id\":\"https:\\\/\\\/www.vetorino.com\\\/boutique\\\/#website\",\"url\":\"https:\\\/\\\/www.vetorino.com\\\/boutique\\\/\",\"name\":\"V\u00e9torino\",\"description\":\"\",\"publisher\":{\"@id\":\"https:\\\/\\\/www.vetorino.com\\\/boutique\\\/#organization\"},\"potentialAction\":[{\"@type\":\"SearchAction\",\"target\":{\"@type\":\"EntryPoint\",\"urlTemplate\":\"https:\\\/\\\/www.vetorino.com\\\/boutique\\\/?s={search_term_string}\"},\"query-input\":{\"@type\":\"PropertyValueSpecification\",\"valueRequired\":true,\"valueName\":\"search_term_string\"}}],\"inLanguage\":\"fr-FR\"},{\"@type\":\"Organization\",\"@id\":\"https:\\\/\\\/www.vetorino.com\\\/boutique\\\/#organization\",\"name\":\"V\u00e9torino\",\"url\":\"https:\\\/\\\/www.vetorino.com\\\/boutique\\\/\",\"logo\":{\"@type\":\"ImageObject\",\"inLanguage\":\"fr-FR\",\"@id\":\"https:\\\/\\\/www.vetorino.com\\\/boutique\\\/#\\\/schema\\\/logo\\\/image\\\/\",\"url\":\"https:\\\/\\\/www.vetorino.com\\\/boutique\\\/wp-content\\\/uploads\\\/2024\\\/10\\\/logo.jpg\",\"contentUrl\":\"https:\\\/\\\/www.vetorino.com\\\/boutique\\\/wp-content\\\/uploads\\\/2024\\\/10\\\/logo.jpg\",\"width\":1200,\"height\":610,\"caption\":\"V\u00e9torino\"},\"image\":{\"@id\":\"https:\\\/\\\/www.vetorino.com\\\/boutique\\\/#\\\/schema\\\/logo\\\/image\\\/\"},\"sameAs\":[\"https:\\\/\\\/www.facebook.com\\\/Vetorino\\\/\",\"https:\\\/\\\/www.instagram.com\\\/vetorino_off\\\/\",\"https:\\\/\\\/www.linkedin.com\\\/company\\\/vtorino\\\/\"]}]}<\/script>\n<meta property=\"product:brand\" content=\"Hunter\" \/>\n<meta property=\"og:availability\" content=\"instock\" \/>\n<meta property=\"product:availability\" content=\"instock\" \/>\n<meta property=\"product:condition\" content=\"new\" \/>\n<!-- \/ Yoast SEO plugin. -->","yoast_head_json":{"title":"Manteau imperm\u00e9able Uppsala Cozy Hunter - V\u00e9torino","description":"Le manteau pour chien sportif UPPSALA COSY est hydrofuge et coupe-vent et, avec sa doublure int\u00e9rieure en peluche chaude, est plus adapt\u00e9 aux jours tr\u00e8s froids ou pluvieux. Le ventre ferm\u00e9 et les caoutchoucs de fixation \u00e9lastiques et r\u00e9glables en longueur pour les pattes arri\u00e8re assurent un ajustement parfait, quel que soit le physique du chien. Le col du manteau pour chien est r\u00e9glable en largeur avec une bande \u00e9lastique.","robots":{"index":"noindex","follow":"nofollow"},"og_locale":"fr_FR","og_type":"article","og_title":"Manteau imperm\u00e9able Uppsala Cozy Hunter - V\u00e9torino","og_description":"Le manteau pour chien sportif UPPSALA COSY est hydrofuge et coupe-vent et, avec sa doublure int\u00e9rieure en peluche chaude, est plus adapt\u00e9 aux jours tr\u00e8s froids ou pluvieux. Le ventre ferm\u00e9 et les caoutchoucs de fixation \u00e9lastiques et r\u00e9glables en longueur pour les pattes arri\u00e8re assurent un ajustement parfait, quel que soit le physique du chien. Le col du manteau pour chien est r\u00e9glable en largeur avec une bande \u00e9lastique.","og_url":"https:\/\/www.vetorino.com\/veterinaire\/issoudun-36100\/boutique\/product\/manteau-impermeable-hunter-uppsala-cozy\/","og_site_name":"V\u00e9torino","article_publisher":"https:\/\/www.facebook.com\/Vetorino\/","article_modified_time":"2026-04-03T07:41:24+00:00","og_image":[{"width":1184,"height":1186,"url":"https:\/\/www.vetorino.com\/boutique\/wp-content\/uploads\/2024\/07\/61Ef0evHYjL._AC_SL1200_.jpg","type":"image\/jpeg"}],"twitter_card":"summary_large_image","twitter_misc":{"Disponibilit\u00e9":"En stock"},"schema":{"@context":"https:\/\/schema.org","@graph":[{"@type":"WebPage","@id":"https:\/\/www.vetorino.com\/boutique\/product\/manteau-impermeable-hunter-uppsala-cozy\/","url":"https:\/\/www.vetorino.com\/boutique\/product\/manteau-impermeable-hunter-uppsala-cozy\/","name":"Manteau imperm\u00e9able Uppsala Cozy Hunter - V\u00e9torino","isPartOf":{"@id":"https:\/\/www.vetorino.com\/boutique\/#website"},"primaryImageOfPage":{"@id":"https:\/\/www.vetorino.com\/boutique\/product\/manteau-impermeable-hunter-uppsala-cozy\/#primaryimage"},"image":{"@id":"https:\/\/www.vetorino.com\/boutique\/product\/manteau-impermeable-hunter-uppsala-cozy\/#primaryimage"},"thumbnailUrl":"https:\/\/www.vetorino.com\/boutique\/wp-content\/uploads\/2024\/07\/61Ef0evHYjL._AC_SL1200_.jpg","datePublished":"2024-07-08T08:39:49+00:00","dateModified":"2026-04-03T07:41:24+00:00","description":"Le manteau pour chien sportif UPPSALA COSY est hydrofuge et coupe-vent et, avec sa doublure int\u00e9rieure en peluche chaude, est plus adapt\u00e9 aux jours tr\u00e8s froids ou pluvieux. Le ventre ferm\u00e9 et les caoutchoucs de fixation \u00e9lastiques et r\u00e9glables en longueur pour les pattes arri\u00e8re assurent un ajustement parfait, quel que soit le physique du chien. Le col du manteau pour chien est r\u00e9glable en largeur avec une bande \u00e9lastique.","breadcrumb":{"@id":"https:\/\/www.vetorino.com\/boutique\/product\/manteau-impermeable-hunter-uppsala-cozy\/#breadcrumb"},"inLanguage":"fr-FR","potentialAction":[{"@type":"ReadAction","target":["https:\/\/www.vetorino.com\/boutique\/product\/manteau-impermeable-hunter-uppsala-cozy\/"]}]},{"@type":"ImageObject","inLanguage":"fr-FR","@id":"https:\/\/www.vetorino.com\/boutique\/product\/manteau-impermeable-hunter-uppsala-cozy\/#primaryimage","url":"https:\/\/www.vetorino.com\/boutique\/wp-content\/uploads\/2024\/07\/61Ef0evHYjL._AC_SL1200_.jpg","contentUrl":"https:\/\/www.vetorino.com\/boutique\/wp-content\/uploads\/2024\/07\/61Ef0evHYjL._AC_SL1200_.jpg","width":1184,"height":1186},{"@type":"BreadcrumbList","@id":"https:\/\/www.vetorino.com\/boutique\/product\/manteau-impermeable-hunter-uppsala-cozy\/#breadcrumb","itemListElement":[{"@type":"ListItem","position":1,"name":"Accueil","item":"https:\/\/www.vetorino.com\/boutique\/"},{"@type":"ListItem","position":2,"name":"Produits","item":"https:\/\/www.vetorino.com\/boutique\/"},{"@type":"ListItem","position":3,"name":"Manteau imperm\u00e9able Uppsala Cozy"}]},{"@type":"WebSite","@id":"https:\/\/www.vetorino.com\/boutique\/#website","url":"https:\/\/www.vetorino.com\/boutique\/","name":"V\u00e9torino","description":"","publisher":{"@id":"https:\/\/www.vetorino.com\/boutique\/#organization"},"potentialAction":[{"@type":"SearchAction","target":{"@type":"EntryPoint","urlTemplate":"https:\/\/www.vetorino.com\/boutique\/?s={search_term_string}"},"query-input":{"@type":"PropertyValueSpecification","valueRequired":true,"valueName":"search_term_string"}}],"inLanguage":"fr-FR"},{"@type":"Organization","@id":"https:\/\/www.vetorino.com\/boutique\/#organization","name":"V\u00e9torino","url":"https:\/\/www.vetorino.com\/boutique\/","logo":{"@type":"ImageObject","inLanguage":"fr-FR","@id":"https:\/\/www.vetorino.com\/boutique\/#\/schema\/logo\/image\/","url":"https:\/\/www.vetorino.com\/boutique\/wp-content\/uploads\/2024\/10\/logo.jpg","contentUrl":"https:\/\/www.vetorino.com\/boutique\/wp-content\/uploads\/2024\/10\/logo.jpg","width":1200,"height":610,"caption":"V\u00e9torino"},"image":{"@id":"https:\/\/www.vetorino.com\/boutique\/#\/schema\/logo\/image\/"},"sameAs":["https:\/\/www.facebook.com\/Vetorino\/","https:\/\/www.instagram.com\/vetorino_off\/","https:\/\/www.linkedin.com\/company\/vtorino\/"]}]},"product_brand":"Hunter","og_availability":"instock","product_availability":"instock","product_condition":"new"},"_links":{"self":[{"href":"https:\/\/www.vetorino.com\/veterinaire\/issoudun-36100\/boutique\/wp-json\/wp\/v2\/product\/968107","targetHints":{"allow":["GET"]}}],"collection":[{"href":"https:\/\/www.vetorino.com\/veterinaire\/issoudun-36100\/boutique\/wp-json\/wp\/v2\/product"}],"about":[{"href":"https:\/\/www.vetorino.com\/veterinaire\/issoudun-36100\/boutique\/wp-json\/wp\/v2\/types\/product"}],"wp:featuredmedia":[{"embeddable":true,"href":"https:\/\/www.vetorino.com\/veterinaire\/issoudun-36100\/boutique\/wp-json\/wp\/v2\/media\/968139"}],"wp:attachment":[{"href":"https:\/\/www.vetorino.com\/veterinaire\/issoudun-36100\/boutique\/wp-json\/wp\/v2\/media?parent=968107"}],"wp:term":[{"taxonomy":"product_cat","embeddable":true,"href":"https:\/\/www.vetorino.com\/veterinaire\/issoudun-36100\/boutique\/wp-json\/wp\/v2\/product_cat?post=968107"},{"taxonomy":"product_tag","embeddable":true,"href":"https:\/\/www.vetorino.com\/veterinaire\/issoudun-36100\/boutique\/wp-json\/wp\/v2\/product_tag?post=968107"}],"curies":[{"name":"wp","href":"https:\/\/api.w.org\/{rel}","templated":true}]}}