{"id":98229,"date":"2020-06-30T00:46:04","date_gmt":"2020-06-29T22:46:04","guid":{"rendered":"https:\/\/www.vetorino.com\/boutique\/product\/jouet-chien-hunter-canvas-sansibar\/"},"modified":"2026-03-15T02:42:51","modified_gmt":"2026-03-15T01:42:51","slug":"jouet-chien-hunter-canvas-sansibar","status":"publish","type":"product","link":"https:\/\/www.vetorino.com\/veterinaire\/issoudun-36100\/boutique\/product\/jouet-chien-hunter-canvas-sansibar\/","title":{"rendered":"Jouet homard &#8211; chien"},"content":{"rendered":"<div class=\"hidden\"><strong>Jouet pour chien en toile robuste<\/strong> \u00e0 l&#8217;aspect denim et renforc\u00e9 par une corde nou\u00e9e qui le traverse, ce qui le rend particuli\u00e8rement robuste.<\/div>\n<div><\/div>\n<p><\/p>\n<div class=\"hidden\"><strong>Avec couineur<\/strong> pour un divertissement suppl\u00e9mentaire.<\/div>\n<div>\n<ul>\n<\/p>\n<li>Lavable en machine \u00e0 30\u00b0<\/li>\n<\/ul>\n<\/div>\n","protected":false},"excerpt":{"rendered":"<div class=\"hidden\"><strong>Jouet pour chien en toile robuste<\/strong> \u00e0 l&#8217;aspect denim et renforc\u00e9 par une corde nou\u00e9e qui le traverse, ce qui le rend particuli\u00e8rement robuste.<\/div>\n<div><\/div>\n<p><\/p>\n<div class=\"hidden\"><strong>Avec couineur<\/strong> pour un divertissement suppl\u00e9mentaire.<\/div>\n<div>\n<ul>\n<\/p>\n<li>Lavable en machine \u00e0 30\u00b0<\/li>\n<\/ul>\n<\/div>\n","protected":false},"featured_media":1432530,"template":"","meta":[],"product_cat":[12550,2698,12621,2805],"product_tag":[],"class_list":{"0":"post-98229","1":"product","2":"type-product","3":"status-publish","4":"has-post-thumbnail","6":"product_cat-accessoires-du-chien","7":"product_cat-chien","8":"product_cat-jeux-educatifs-pour-chien","9":"product_cat-peluches-pour-chien","10":"pa_marque-materiel","12":"first","13":"instock","14":"taxable","15":"shipping-taxable","16":"purchasable","17":"product-type-variable"},"yoast_head":"<!-- This site is optimized with the Yoast SEO plugin v27.3 - https:\/\/yoast.com\/product\/yoast-seo-wordpress\/ -->\n<title>Jouet homard - chien Mat\u00e9riel - V\u00e9torino<\/title>\n<meta name=\"description\" content=\"Jouet pour chien en toile robuste \u00e0 l&#039;aspect denim et renforc\u00e9 par une corde nou\u00e9e qui le traverse, ce qui le rend particuli\u00e8rement robuste.   Avec couineur pour un divertissement suppl\u00e9mentaire.     Lavable en machine \u00e0 30\u00b0\" \/>\n<meta name=\"robots\" content=\"noindex, nofollow\" \/>\n<meta property=\"og:locale\" content=\"fr_FR\" \/>\n<meta property=\"og:type\" content=\"article\" \/>\n<meta property=\"og:title\" content=\"Jouet homard - chien Mat\u00e9riel - V\u00e9torino\" \/>\n<meta property=\"og:description\" content=\"Jouet pour chien en toile robuste \u00e0 l&#039;aspect denim et renforc\u00e9 par une corde nou\u00e9e qui le traverse, ce qui le rend particuli\u00e8rement robuste.   Avec couineur pour un divertissement suppl\u00e9mentaire.     Lavable en machine \u00e0 30\u00b0\" \/>\n<meta property=\"og:url\" content=\"https:\/\/www.vetorino.com\/veterinaire\/issoudun-36100\/boutique\/product\/jouet-chien-hunter-canvas-sansibar\/\" \/>\n<meta property=\"og:site_name\" content=\"V\u00e9torino\" \/>\n<meta property=\"article:publisher\" content=\"https:\/\/www.facebook.com\/Vetorino\/\" \/>\n<meta property=\"article:modified_time\" content=\"2026-03-15T01:42:51+00:00\" \/>\n<meta property=\"og:image\" content=\"https:\/\/www.vetorino.com\/boutique\/wp-content\/uploads\/2020\/06\/hunter_canvas_sansibar_homard_jouet_pour_chien_-_la_compagnie_des_animaux_3.jpg\" \/>\n\t<meta property=\"og:image:width\" content=\"900\" \/>\n\t<meta property=\"og:image:height\" content=\"900\" \/>\n\t<meta property=\"og:image:type\" content=\"image\/jpeg\" \/>\n<meta name=\"twitter:card\" content=\"summary_large_image\" \/>\n<meta name=\"twitter:label1\" content=\"Disponibilit\u00e9\" \/>\n\t<meta name=\"twitter:data1\" content=\"En stock\" \/>\n<script type=\"application\/ld+json\" class=\"yoast-schema-graph\">{\"@context\":\"https:\\\/\\\/schema.org\",\"@graph\":[{\"@type\":\"WebPage\",\"@id\":\"https:\\\/\\\/www.vetorino.com\\\/boutique\\\/product\\\/jouet-chien-hunter-canvas-sansibar\\\/\",\"url\":\"https:\\\/\\\/www.vetorino.com\\\/boutique\\\/product\\\/jouet-chien-hunter-canvas-sansibar\\\/\",\"name\":\"Jouet homard - chien Mat\u00e9riel - V\u00e9torino\",\"isPartOf\":{\"@id\":\"https:\\\/\\\/www.vetorino.com\\\/boutique\\\/#website\"},\"primaryImageOfPage\":{\"@id\":\"https:\\\/\\\/www.vetorino.com\\\/boutique\\\/product\\\/jouet-chien-hunter-canvas-sansibar\\\/#primaryimage\"},\"image\":{\"@id\":\"https:\\\/\\\/www.vetorino.com\\\/boutique\\\/product\\\/jouet-chien-hunter-canvas-sansibar\\\/#primaryimage\"},\"thumbnailUrl\":\"https:\\\/\\\/www.vetorino.com\\\/boutique\\\/wp-content\\\/uploads\\\/2020\\\/06\\\/hunter_canvas_sansibar_homard_jouet_pour_chien_-_la_compagnie_des_animaux_3.jpg\",\"datePublished\":\"2020-06-29T22:46:04+00:00\",\"dateModified\":\"2026-03-15T01:42:51+00:00\",\"description\":\"Jouet pour chien en toile robuste \u00e0 l'aspect denim et renforc\u00e9 par une corde nou\u00e9e qui le traverse, ce qui le rend particuli\u00e8rement robuste. Avec couineur pour un divertissement suppl\u00e9mentaire. Lavable en machine \u00e0 30\u00b0\",\"breadcrumb\":{\"@id\":\"https:\\\/\\\/www.vetorino.com\\\/boutique\\\/product\\\/jouet-chien-hunter-canvas-sansibar\\\/#breadcrumb\"},\"inLanguage\":\"fr-FR\",\"potentialAction\":[{\"@type\":\"ReadAction\",\"target\":[\"https:\\\/\\\/www.vetorino.com\\\/boutique\\\/product\\\/jouet-chien-hunter-canvas-sansibar\\\/\"]}]},{\"@type\":\"ImageObject\",\"inLanguage\":\"fr-FR\",\"@id\":\"https:\\\/\\\/www.vetorino.com\\\/boutique\\\/product\\\/jouet-chien-hunter-canvas-sansibar\\\/#primaryimage\",\"url\":\"https:\\\/\\\/www.vetorino.com\\\/boutique\\\/wp-content\\\/uploads\\\/2020\\\/06\\\/hunter_canvas_sansibar_homard_jouet_pour_chien_-_la_compagnie_des_animaux_3.jpg\",\"contentUrl\":\"https:\\\/\\\/www.vetorino.com\\\/boutique\\\/wp-content\\\/uploads\\\/2020\\\/06\\\/hunter_canvas_sansibar_homard_jouet_pour_chien_-_la_compagnie_des_animaux_3.jpg\",\"width\":900,\"height\":900},{\"@type\":\"BreadcrumbList\",\"@id\":\"https:\\\/\\\/www.vetorino.com\\\/boutique\\\/product\\\/jouet-chien-hunter-canvas-sansibar\\\/#breadcrumb\",\"itemListElement\":[{\"@type\":\"ListItem\",\"position\":1,\"name\":\"Accueil\",\"item\":\"https:\\\/\\\/www.vetorino.com\\\/boutique\\\/\"},{\"@type\":\"ListItem\",\"position\":2,\"name\":\"Produits\",\"item\":\"https:\\\/\\\/www.vetorino.com\\\/boutique\\\/\"},{\"@type\":\"ListItem\",\"position\":3,\"name\":\"Jouet homard &#8211; chien\"}]},{\"@type\":\"WebSite\",\"@id\":\"https:\\\/\\\/www.vetorino.com\\\/boutique\\\/#website\",\"url\":\"https:\\\/\\\/www.vetorino.com\\\/boutique\\\/\",\"name\":\"V\u00e9torino\",\"description\":\"\",\"publisher\":{\"@id\":\"https:\\\/\\\/www.vetorino.com\\\/boutique\\\/#organization\"},\"potentialAction\":[{\"@type\":\"SearchAction\",\"target\":{\"@type\":\"EntryPoint\",\"urlTemplate\":\"https:\\\/\\\/www.vetorino.com\\\/boutique\\\/?s={search_term_string}\"},\"query-input\":{\"@type\":\"PropertyValueSpecification\",\"valueRequired\":true,\"valueName\":\"search_term_string\"}}],\"inLanguage\":\"fr-FR\"},{\"@type\":\"Organization\",\"@id\":\"https:\\\/\\\/www.vetorino.com\\\/boutique\\\/#organization\",\"name\":\"V\u00e9torino\",\"url\":\"https:\\\/\\\/www.vetorino.com\\\/boutique\\\/\",\"logo\":{\"@type\":\"ImageObject\",\"inLanguage\":\"fr-FR\",\"@id\":\"https:\\\/\\\/www.vetorino.com\\\/boutique\\\/#\\\/schema\\\/logo\\\/image\\\/\",\"url\":\"https:\\\/\\\/www.vetorino.com\\\/boutique\\\/wp-content\\\/uploads\\\/2024\\\/10\\\/logo.jpg\",\"contentUrl\":\"https:\\\/\\\/www.vetorino.com\\\/boutique\\\/wp-content\\\/uploads\\\/2024\\\/10\\\/logo.jpg\",\"width\":1200,\"height\":610,\"caption\":\"V\u00e9torino\"},\"image\":{\"@id\":\"https:\\\/\\\/www.vetorino.com\\\/boutique\\\/#\\\/schema\\\/logo\\\/image\\\/\"},\"sameAs\":[\"https:\\\/\\\/www.facebook.com\\\/Vetorino\\\/\",\"https:\\\/\\\/www.instagram.com\\\/vetorino_off\\\/\",\"https:\\\/\\\/www.linkedin.com\\\/company\\\/vtorino\\\/\"]}]}<\/script>\n<meta property=\"product:brand\" content=\"Mat\u00e9riel\" \/>\n<meta property=\"og:availability\" content=\"instock\" \/>\n<meta property=\"product:availability\" content=\"instock\" \/>\n<meta property=\"product:condition\" content=\"new\" \/>\n<!-- \/ Yoast SEO plugin. -->","yoast_head_json":{"title":"Jouet homard - chien Mat\u00e9riel - V\u00e9torino","description":"Jouet pour chien en toile robuste \u00e0 l'aspect denim et renforc\u00e9 par une corde nou\u00e9e qui le traverse, ce qui le rend particuli\u00e8rement robuste.   Avec couineur pour un divertissement suppl\u00e9mentaire.     Lavable en machine \u00e0 30\u00b0","robots":{"index":"noindex","follow":"nofollow"},"og_locale":"fr_FR","og_type":"article","og_title":"Jouet homard - chien Mat\u00e9riel - V\u00e9torino","og_description":"Jouet pour chien en toile robuste \u00e0 l'aspect denim et renforc\u00e9 par une corde nou\u00e9e qui le traverse, ce qui le rend particuli\u00e8rement robuste.   Avec couineur pour un divertissement suppl\u00e9mentaire.     Lavable en machine \u00e0 30\u00b0","og_url":"https:\/\/www.vetorino.com\/veterinaire\/issoudun-36100\/boutique\/product\/jouet-chien-hunter-canvas-sansibar\/","og_site_name":"V\u00e9torino","article_publisher":"https:\/\/www.facebook.com\/Vetorino\/","article_modified_time":"2026-03-15T01:42:51+00:00","og_image":[{"width":900,"height":900,"url":"https:\/\/www.vetorino.com\/boutique\/wp-content\/uploads\/2020\/06\/hunter_canvas_sansibar_homard_jouet_pour_chien_-_la_compagnie_des_animaux_3.jpg","type":"image\/jpeg"}],"twitter_card":"summary_large_image","twitter_misc":{"Disponibilit\u00e9":"En stock"},"schema":{"@context":"https:\/\/schema.org","@graph":[{"@type":"WebPage","@id":"https:\/\/www.vetorino.com\/boutique\/product\/jouet-chien-hunter-canvas-sansibar\/","url":"https:\/\/www.vetorino.com\/boutique\/product\/jouet-chien-hunter-canvas-sansibar\/","name":"Jouet homard - chien Mat\u00e9riel - V\u00e9torino","isPartOf":{"@id":"https:\/\/www.vetorino.com\/boutique\/#website"},"primaryImageOfPage":{"@id":"https:\/\/www.vetorino.com\/boutique\/product\/jouet-chien-hunter-canvas-sansibar\/#primaryimage"},"image":{"@id":"https:\/\/www.vetorino.com\/boutique\/product\/jouet-chien-hunter-canvas-sansibar\/#primaryimage"},"thumbnailUrl":"https:\/\/www.vetorino.com\/boutique\/wp-content\/uploads\/2020\/06\/hunter_canvas_sansibar_homard_jouet_pour_chien_-_la_compagnie_des_animaux_3.jpg","datePublished":"2020-06-29T22:46:04+00:00","dateModified":"2026-03-15T01:42:51+00:00","description":"Jouet pour chien en toile robuste \u00e0 l'aspect denim et renforc\u00e9 par une corde nou\u00e9e qui le traverse, ce qui le rend particuli\u00e8rement robuste. Avec couineur pour un divertissement suppl\u00e9mentaire. Lavable en machine \u00e0 30\u00b0","breadcrumb":{"@id":"https:\/\/www.vetorino.com\/boutique\/product\/jouet-chien-hunter-canvas-sansibar\/#breadcrumb"},"inLanguage":"fr-FR","potentialAction":[{"@type":"ReadAction","target":["https:\/\/www.vetorino.com\/boutique\/product\/jouet-chien-hunter-canvas-sansibar\/"]}]},{"@type":"ImageObject","inLanguage":"fr-FR","@id":"https:\/\/www.vetorino.com\/boutique\/product\/jouet-chien-hunter-canvas-sansibar\/#primaryimage","url":"https:\/\/www.vetorino.com\/boutique\/wp-content\/uploads\/2020\/06\/hunter_canvas_sansibar_homard_jouet_pour_chien_-_la_compagnie_des_animaux_3.jpg","contentUrl":"https:\/\/www.vetorino.com\/boutique\/wp-content\/uploads\/2020\/06\/hunter_canvas_sansibar_homard_jouet_pour_chien_-_la_compagnie_des_animaux_3.jpg","width":900,"height":900},{"@type":"BreadcrumbList","@id":"https:\/\/www.vetorino.com\/boutique\/product\/jouet-chien-hunter-canvas-sansibar\/#breadcrumb","itemListElement":[{"@type":"ListItem","position":1,"name":"Accueil","item":"https:\/\/www.vetorino.com\/boutique\/"},{"@type":"ListItem","position":2,"name":"Produits","item":"https:\/\/www.vetorino.com\/boutique\/"},{"@type":"ListItem","position":3,"name":"Jouet homard &#8211; chien"}]},{"@type":"WebSite","@id":"https:\/\/www.vetorino.com\/boutique\/#website","url":"https:\/\/www.vetorino.com\/boutique\/","name":"V\u00e9torino","description":"","publisher":{"@id":"https:\/\/www.vetorino.com\/boutique\/#organization"},"potentialAction":[{"@type":"SearchAction","target":{"@type":"EntryPoint","urlTemplate":"https:\/\/www.vetorino.com\/boutique\/?s={search_term_string}"},"query-input":{"@type":"PropertyValueSpecification","valueRequired":true,"valueName":"search_term_string"}}],"inLanguage":"fr-FR"},{"@type":"Organization","@id":"https:\/\/www.vetorino.com\/boutique\/#organization","name":"V\u00e9torino","url":"https:\/\/www.vetorino.com\/boutique\/","logo":{"@type":"ImageObject","inLanguage":"fr-FR","@id":"https:\/\/www.vetorino.com\/boutique\/#\/schema\/logo\/image\/","url":"https:\/\/www.vetorino.com\/boutique\/wp-content\/uploads\/2024\/10\/logo.jpg","contentUrl":"https:\/\/www.vetorino.com\/boutique\/wp-content\/uploads\/2024\/10\/logo.jpg","width":1200,"height":610,"caption":"V\u00e9torino"},"image":{"@id":"https:\/\/www.vetorino.com\/boutique\/#\/schema\/logo\/image\/"},"sameAs":["https:\/\/www.facebook.com\/Vetorino\/","https:\/\/www.instagram.com\/vetorino_off\/","https:\/\/www.linkedin.com\/company\/vtorino\/"]}]},"product_brand":"Mat\u00e9riel","og_availability":"instock","product_availability":"instock","product_condition":"new"},"_links":{"self":[{"href":"https:\/\/www.vetorino.com\/veterinaire\/issoudun-36100\/boutique\/wp-json\/wp\/v2\/product\/98229","targetHints":{"allow":["GET"]}}],"collection":[{"href":"https:\/\/www.vetorino.com\/veterinaire\/issoudun-36100\/boutique\/wp-json\/wp\/v2\/product"}],"about":[{"href":"https:\/\/www.vetorino.com\/veterinaire\/issoudun-36100\/boutique\/wp-json\/wp\/v2\/types\/product"}],"wp:featuredmedia":[{"embeddable":true,"href":"https:\/\/www.vetorino.com\/veterinaire\/issoudun-36100\/boutique\/wp-json\/wp\/v2\/media\/1432530"}],"wp:attachment":[{"href":"https:\/\/www.vetorino.com\/veterinaire\/issoudun-36100\/boutique\/wp-json\/wp\/v2\/media?parent=98229"}],"wp:term":[{"taxonomy":"product_cat","embeddable":true,"href":"https:\/\/www.vetorino.com\/veterinaire\/issoudun-36100\/boutique\/wp-json\/wp\/v2\/product_cat?post=98229"},{"taxonomy":"product_tag","embeddable":true,"href":"https:\/\/www.vetorino.com\/veterinaire\/issoudun-36100\/boutique\/wp-json\/wp\/v2\/product_tag?post=98229"}],"curies":[{"name":"wp","href":"https:\/\/api.w.org\/{rel}","templated":true}]}}