{"id":98576,"date":"2020-06-30T01:07:45","date_gmt":"2020-06-29T23:07:45","guid":{"rendered":"https:\/\/www.vetorino.com\/boutique\/product\/kong-ballistic-gliderz\/"},"modified":"2026-03-18T21:17:44","modified_gmt":"2026-03-18T20:17:44","slug":"kong-ballistic-gliderz","status":"publish","type":"product","link":"https:\/\/www.vetorino.com\/veterinaire\/issoudun-36100\/boutique\/product\/kong-ballistic-gliderz\/","title":{"rendered":"Kong Floppy Knots"},"content":{"rendered":"<p><strong>Des peluches pour chien con\u00e7ues avec du fil renforc\u00e9, douces \u00e0 l&#8217;ext\u00e9rieur mais r\u00e9sistantes \u00e0 l&#8217;int\u00e9rieur. Con\u00e7ues pour une mastication l\u00e9g\u00e8re \u00e0 mod\u00e9r\u00e9e.\u00a0<\/strong><\/p>\n<p><strong>Bras et jambes souples, non rembourr\u00e9s, parfaits \u00e0 secouer. Satisfait l&#8217;instinct naturel du chien.<\/strong><\/p>\n<p>Con\u00e7u pour une mastication l\u00e9g\u00e8re \u00e0 mod\u00e9r\u00e9e. Retirez tous les emballages. Cessez d&#8217;utiliser les jouets ou peluches s&#8217;ils sont endommag\u00e9s.<\/p>\n","protected":false},"excerpt":{"rendered":"<p><strong>Des peluches pour chien con\u00e7ues avec du fil renforc\u00e9, douces \u00e0 l&#8217;ext\u00e9rieur mais r\u00e9sistantes \u00e0 l&#8217;int\u00e9rieur. Con\u00e7ues pour une mastication l\u00e9g\u00e8re \u00e0 mod\u00e9r\u00e9e.\u00a0<\/strong><\/p>\n<p><strong>Bras et jambes souples, non rembourr\u00e9s, parfaits \u00e0 secouer. Satisfait l&#8217;instinct naturel du chien.<\/strong><\/p>\n","protected":false},"featured_media":1141165,"template":"","meta":[],"product_cat":[12550,2698,12621,2805],"product_tag":[],"class_list":{"0":"post-98576","1":"product","2":"type-product","3":"status-publish","4":"has-post-thumbnail","6":"product_cat-accessoires-du-chien","7":"product_cat-chien","8":"product_cat-jeux-educatifs-pour-chien","9":"product_cat-peluches-pour-chien","10":"pa_marque-kong","12":"first","13":"instock","14":"taxable","15":"shipping-taxable","16":"purchasable","17":"product-type-variable"},"yoast_head":"<!-- This site is optimized with the Yoast SEO plugin v27.3 - https:\/\/yoast.com\/product\/yoast-seo-wordpress\/ -->\n<title>Kong Floppy Knots Kong - V\u00e9torino<\/title>\n<meta name=\"description\" content=\"Des peluches pour chien con\u00e7ues avec du fil renforc\u00e9, douces \u00e0 l&#039;ext\u00e9rieur mais r\u00e9sistantes \u00e0 l&#039;int\u00e9rieur. Con\u00e7ues pour une mastication l\u00e9g\u00e8re \u00e0 mod\u00e9r\u00e9e.\u00a0  Bras et jambes souples, non rembourr\u00e9s, parfaits \u00e0 secouer. Satisfait l&#039;instinct naturel du chien.\" \/>\n<meta name=\"robots\" content=\"noindex, nofollow\" \/>\n<meta property=\"og:locale\" content=\"fr_FR\" \/>\n<meta property=\"og:type\" content=\"article\" \/>\n<meta property=\"og:title\" content=\"Kong Floppy Knots Kong - V\u00e9torino\" \/>\n<meta property=\"og:description\" content=\"Des peluches pour chien con\u00e7ues avec du fil renforc\u00e9, douces \u00e0 l&#039;ext\u00e9rieur mais r\u00e9sistantes \u00e0 l&#039;int\u00e9rieur. Con\u00e7ues pour une mastication l\u00e9g\u00e8re \u00e0 mod\u00e9r\u00e9e.\u00a0  Bras et jambes souples, non rembourr\u00e9s, parfaits \u00e0 secouer. Satisfait l&#039;instinct naturel du chien.\" \/>\n<meta property=\"og:url\" content=\"https:\/\/www.vetorino.com\/veterinaire\/issoudun-36100\/boutique\/product\/kong-ballistic-gliderz\/\" \/>\n<meta property=\"og:site_name\" content=\"V\u00e9torino\" \/>\n<meta property=\"article:publisher\" content=\"https:\/\/www.facebook.com\/Vetorino\/\" \/>\n<meta property=\"article:modified_time\" content=\"2026-03-18T20:17:44+00:00\" \/>\n<meta property=\"og:image\" content=\"https:\/\/www.vetorino.com\/boutique\/wp-content\/uploads\/2020\/06\/kong_floppy_knots_elephant_peluche_pour_chien_-_la_compagnie_des_animaux_1.jpg\" \/>\n\t<meta property=\"og:image:width\" content=\"1000\" \/>\n\t<meta property=\"og:image:height\" content=\"1000\" \/>\n\t<meta property=\"og:image:type\" content=\"image\/jpeg\" \/>\n<meta name=\"twitter:card\" content=\"summary_large_image\" \/>\n<meta name=\"twitter:label1\" content=\"Disponibilit\u00e9\" \/>\n\t<meta name=\"twitter:data1\" content=\"En stock\" \/>\n<script type=\"application\/ld+json\" class=\"yoast-schema-graph\">{\"@context\":\"https:\\\/\\\/schema.org\",\"@graph\":[{\"@type\":\"WebPage\",\"@id\":\"https:\\\/\\\/www.vetorino.com\\\/boutique\\\/product\\\/kong-ballistic-gliderz\\\/\",\"url\":\"https:\\\/\\\/www.vetorino.com\\\/boutique\\\/product\\\/kong-ballistic-gliderz\\\/\",\"name\":\"Kong Floppy Knots Kong - V\u00e9torino\",\"isPartOf\":{\"@id\":\"https:\\\/\\\/www.vetorino.com\\\/boutique\\\/#website\"},\"primaryImageOfPage\":{\"@id\":\"https:\\\/\\\/www.vetorino.com\\\/boutique\\\/product\\\/kong-ballistic-gliderz\\\/#primaryimage\"},\"image\":{\"@id\":\"https:\\\/\\\/www.vetorino.com\\\/boutique\\\/product\\\/kong-ballistic-gliderz\\\/#primaryimage\"},\"thumbnailUrl\":\"https:\\\/\\\/www.vetorino.com\\\/boutique\\\/wp-content\\\/uploads\\\/2020\\\/06\\\/kong_floppy_knots_elephant_peluche_pour_chien_-_la_compagnie_des_animaux_1.jpg\",\"datePublished\":\"2020-06-29T23:07:45+00:00\",\"dateModified\":\"2026-03-18T20:17:44+00:00\",\"description\":\"Des peluches pour chien con\u00e7ues avec du fil renforc\u00e9, douces \u00e0 l'ext\u00e9rieur mais r\u00e9sistantes \u00e0 l'int\u00e9rieur. Con\u00e7ues pour une mastication l\u00e9g\u00e8re \u00e0 mod\u00e9r\u00e9e.\u00a0 Bras et jambes souples, non rembourr\u00e9s, parfaits \u00e0 secouer. Satisfait l'instinct naturel du chien.\",\"breadcrumb\":{\"@id\":\"https:\\\/\\\/www.vetorino.com\\\/boutique\\\/product\\\/kong-ballistic-gliderz\\\/#breadcrumb\"},\"inLanguage\":\"fr-FR\",\"potentialAction\":[{\"@type\":\"ReadAction\",\"target\":[\"https:\\\/\\\/www.vetorino.com\\\/boutique\\\/product\\\/kong-ballistic-gliderz\\\/\"]}]},{\"@type\":\"ImageObject\",\"inLanguage\":\"fr-FR\",\"@id\":\"https:\\\/\\\/www.vetorino.com\\\/boutique\\\/product\\\/kong-ballistic-gliderz\\\/#primaryimage\",\"url\":\"https:\\\/\\\/www.vetorino.com\\\/boutique\\\/wp-content\\\/uploads\\\/2020\\\/06\\\/kong_floppy_knots_elephant_peluche_pour_chien_-_la_compagnie_des_animaux_1.jpg\",\"contentUrl\":\"https:\\\/\\\/www.vetorino.com\\\/boutique\\\/wp-content\\\/uploads\\\/2020\\\/06\\\/kong_floppy_knots_elephant_peluche_pour_chien_-_la_compagnie_des_animaux_1.jpg\",\"width\":1000,\"height\":1000},{\"@type\":\"BreadcrumbList\",\"@id\":\"https:\\\/\\\/www.vetorino.com\\\/boutique\\\/product\\\/kong-ballistic-gliderz\\\/#breadcrumb\",\"itemListElement\":[{\"@type\":\"ListItem\",\"position\":1,\"name\":\"Accueil\",\"item\":\"https:\\\/\\\/www.vetorino.com\\\/boutique\\\/\"},{\"@type\":\"ListItem\",\"position\":2,\"name\":\"Produits\",\"item\":\"https:\\\/\\\/www.vetorino.com\\\/boutique\\\/\"},{\"@type\":\"ListItem\",\"position\":3,\"name\":\"Kong Floppy Knots\"}]},{\"@type\":\"WebSite\",\"@id\":\"https:\\\/\\\/www.vetorino.com\\\/boutique\\\/#website\",\"url\":\"https:\\\/\\\/www.vetorino.com\\\/boutique\\\/\",\"name\":\"V\u00e9torino\",\"description\":\"\",\"publisher\":{\"@id\":\"https:\\\/\\\/www.vetorino.com\\\/boutique\\\/#organization\"},\"potentialAction\":[{\"@type\":\"SearchAction\",\"target\":{\"@type\":\"EntryPoint\",\"urlTemplate\":\"https:\\\/\\\/www.vetorino.com\\\/boutique\\\/?s={search_term_string}\"},\"query-input\":{\"@type\":\"PropertyValueSpecification\",\"valueRequired\":true,\"valueName\":\"search_term_string\"}}],\"inLanguage\":\"fr-FR\"},{\"@type\":\"Organization\",\"@id\":\"https:\\\/\\\/www.vetorino.com\\\/boutique\\\/#organization\",\"name\":\"V\u00e9torino\",\"url\":\"https:\\\/\\\/www.vetorino.com\\\/boutique\\\/\",\"logo\":{\"@type\":\"ImageObject\",\"inLanguage\":\"fr-FR\",\"@id\":\"https:\\\/\\\/www.vetorino.com\\\/boutique\\\/#\\\/schema\\\/logo\\\/image\\\/\",\"url\":\"https:\\\/\\\/www.vetorino.com\\\/boutique\\\/wp-content\\\/uploads\\\/2024\\\/10\\\/logo.jpg\",\"contentUrl\":\"https:\\\/\\\/www.vetorino.com\\\/boutique\\\/wp-content\\\/uploads\\\/2024\\\/10\\\/logo.jpg\",\"width\":1200,\"height\":610,\"caption\":\"V\u00e9torino\"},\"image\":{\"@id\":\"https:\\\/\\\/www.vetorino.com\\\/boutique\\\/#\\\/schema\\\/logo\\\/image\\\/\"},\"sameAs\":[\"https:\\\/\\\/www.facebook.com\\\/Vetorino\\\/\",\"https:\\\/\\\/www.instagram.com\\\/vetorino_off\\\/\",\"https:\\\/\\\/www.linkedin.com\\\/company\\\/vtorino\\\/\"]}]}<\/script>\n<meta property=\"product:brand\" content=\"Kong\" \/>\n<meta property=\"og:availability\" content=\"instock\" \/>\n<meta property=\"product:availability\" content=\"instock\" \/>\n<meta property=\"product:condition\" content=\"new\" \/>\n<!-- \/ Yoast SEO plugin. -->","yoast_head_json":{"title":"Kong Floppy Knots Kong - V\u00e9torino","description":"Des peluches pour chien con\u00e7ues avec du fil renforc\u00e9, douces \u00e0 l'ext\u00e9rieur mais r\u00e9sistantes \u00e0 l'int\u00e9rieur. Con\u00e7ues pour une mastication l\u00e9g\u00e8re \u00e0 mod\u00e9r\u00e9e.\u00a0  Bras et jambes souples, non rembourr\u00e9s, parfaits \u00e0 secouer. Satisfait l'instinct naturel du chien.","robots":{"index":"noindex","follow":"nofollow"},"og_locale":"fr_FR","og_type":"article","og_title":"Kong Floppy Knots Kong - V\u00e9torino","og_description":"Des peluches pour chien con\u00e7ues avec du fil renforc\u00e9, douces \u00e0 l'ext\u00e9rieur mais r\u00e9sistantes \u00e0 l'int\u00e9rieur. Con\u00e7ues pour une mastication l\u00e9g\u00e8re \u00e0 mod\u00e9r\u00e9e.\u00a0  Bras et jambes souples, non rembourr\u00e9s, parfaits \u00e0 secouer. Satisfait l'instinct naturel du chien.","og_url":"https:\/\/www.vetorino.com\/veterinaire\/issoudun-36100\/boutique\/product\/kong-ballistic-gliderz\/","og_site_name":"V\u00e9torino","article_publisher":"https:\/\/www.facebook.com\/Vetorino\/","article_modified_time":"2026-03-18T20:17:44+00:00","og_image":[{"width":1000,"height":1000,"url":"https:\/\/www.vetorino.com\/boutique\/wp-content\/uploads\/2020\/06\/kong_floppy_knots_elephant_peluche_pour_chien_-_la_compagnie_des_animaux_1.jpg","type":"image\/jpeg"}],"twitter_card":"summary_large_image","twitter_misc":{"Disponibilit\u00e9":"En stock"},"schema":{"@context":"https:\/\/schema.org","@graph":[{"@type":"WebPage","@id":"https:\/\/www.vetorino.com\/boutique\/product\/kong-ballistic-gliderz\/","url":"https:\/\/www.vetorino.com\/boutique\/product\/kong-ballistic-gliderz\/","name":"Kong Floppy Knots Kong - V\u00e9torino","isPartOf":{"@id":"https:\/\/www.vetorino.com\/boutique\/#website"},"primaryImageOfPage":{"@id":"https:\/\/www.vetorino.com\/boutique\/product\/kong-ballistic-gliderz\/#primaryimage"},"image":{"@id":"https:\/\/www.vetorino.com\/boutique\/product\/kong-ballistic-gliderz\/#primaryimage"},"thumbnailUrl":"https:\/\/www.vetorino.com\/boutique\/wp-content\/uploads\/2020\/06\/kong_floppy_knots_elephant_peluche_pour_chien_-_la_compagnie_des_animaux_1.jpg","datePublished":"2020-06-29T23:07:45+00:00","dateModified":"2026-03-18T20:17:44+00:00","description":"Des peluches pour chien con\u00e7ues avec du fil renforc\u00e9, douces \u00e0 l'ext\u00e9rieur mais r\u00e9sistantes \u00e0 l'int\u00e9rieur. Con\u00e7ues pour une mastication l\u00e9g\u00e8re \u00e0 mod\u00e9r\u00e9e.\u00a0 Bras et jambes souples, non rembourr\u00e9s, parfaits \u00e0 secouer. Satisfait l'instinct naturel du chien.","breadcrumb":{"@id":"https:\/\/www.vetorino.com\/boutique\/product\/kong-ballistic-gliderz\/#breadcrumb"},"inLanguage":"fr-FR","potentialAction":[{"@type":"ReadAction","target":["https:\/\/www.vetorino.com\/boutique\/product\/kong-ballistic-gliderz\/"]}]},{"@type":"ImageObject","inLanguage":"fr-FR","@id":"https:\/\/www.vetorino.com\/boutique\/product\/kong-ballistic-gliderz\/#primaryimage","url":"https:\/\/www.vetorino.com\/boutique\/wp-content\/uploads\/2020\/06\/kong_floppy_knots_elephant_peluche_pour_chien_-_la_compagnie_des_animaux_1.jpg","contentUrl":"https:\/\/www.vetorino.com\/boutique\/wp-content\/uploads\/2020\/06\/kong_floppy_knots_elephant_peluche_pour_chien_-_la_compagnie_des_animaux_1.jpg","width":1000,"height":1000},{"@type":"BreadcrumbList","@id":"https:\/\/www.vetorino.com\/boutique\/product\/kong-ballistic-gliderz\/#breadcrumb","itemListElement":[{"@type":"ListItem","position":1,"name":"Accueil","item":"https:\/\/www.vetorino.com\/boutique\/"},{"@type":"ListItem","position":2,"name":"Produits","item":"https:\/\/www.vetorino.com\/boutique\/"},{"@type":"ListItem","position":3,"name":"Kong Floppy Knots"}]},{"@type":"WebSite","@id":"https:\/\/www.vetorino.com\/boutique\/#website","url":"https:\/\/www.vetorino.com\/boutique\/","name":"V\u00e9torino","description":"","publisher":{"@id":"https:\/\/www.vetorino.com\/boutique\/#organization"},"potentialAction":[{"@type":"SearchAction","target":{"@type":"EntryPoint","urlTemplate":"https:\/\/www.vetorino.com\/boutique\/?s={search_term_string}"},"query-input":{"@type":"PropertyValueSpecification","valueRequired":true,"valueName":"search_term_string"}}],"inLanguage":"fr-FR"},{"@type":"Organization","@id":"https:\/\/www.vetorino.com\/boutique\/#organization","name":"V\u00e9torino","url":"https:\/\/www.vetorino.com\/boutique\/","logo":{"@type":"ImageObject","inLanguage":"fr-FR","@id":"https:\/\/www.vetorino.com\/boutique\/#\/schema\/logo\/image\/","url":"https:\/\/www.vetorino.com\/boutique\/wp-content\/uploads\/2024\/10\/logo.jpg","contentUrl":"https:\/\/www.vetorino.com\/boutique\/wp-content\/uploads\/2024\/10\/logo.jpg","width":1200,"height":610,"caption":"V\u00e9torino"},"image":{"@id":"https:\/\/www.vetorino.com\/boutique\/#\/schema\/logo\/image\/"},"sameAs":["https:\/\/www.facebook.com\/Vetorino\/","https:\/\/www.instagram.com\/vetorino_off\/","https:\/\/www.linkedin.com\/company\/vtorino\/"]}]},"product_brand":"Kong","og_availability":"instock","product_availability":"instock","product_condition":"new"},"_links":{"self":[{"href":"https:\/\/www.vetorino.com\/veterinaire\/issoudun-36100\/boutique\/wp-json\/wp\/v2\/product\/98576","targetHints":{"allow":["GET"]}}],"collection":[{"href":"https:\/\/www.vetorino.com\/veterinaire\/issoudun-36100\/boutique\/wp-json\/wp\/v2\/product"}],"about":[{"href":"https:\/\/www.vetorino.com\/veterinaire\/issoudun-36100\/boutique\/wp-json\/wp\/v2\/types\/product"}],"wp:featuredmedia":[{"embeddable":true,"href":"https:\/\/www.vetorino.com\/veterinaire\/issoudun-36100\/boutique\/wp-json\/wp\/v2\/media\/1141165"}],"wp:attachment":[{"href":"https:\/\/www.vetorino.com\/veterinaire\/issoudun-36100\/boutique\/wp-json\/wp\/v2\/media?parent=98576"}],"wp:term":[{"taxonomy":"product_cat","embeddable":true,"href":"https:\/\/www.vetorino.com\/veterinaire\/issoudun-36100\/boutique\/wp-json\/wp\/v2\/product_cat?post=98576"},{"taxonomy":"product_tag","embeddable":true,"href":"https:\/\/www.vetorino.com\/veterinaire\/issoudun-36100\/boutique\/wp-json\/wp\/v2\/product_tag?post=98576"}],"curies":[{"name":"wp","href":"https:\/\/api.w.org\/{rel}","templated":true}]}}