{"id":99160,"date":"2020-06-30T01:27:37","date_gmt":"2020-06-29T23:27:37","guid":{"rendered":"https:\/\/www.vetorino.com\/boutique\/product\/laisse-halti-3-positions\/"},"modified":"2026-01-19T02:42:18","modified_gmt":"2026-01-19T01:42:18","slug":"laisse-halti-3-positions","status":"publish","type":"product","link":"https:\/\/www.vetorino.com\/veterinaire\/issoudun-36100\/boutique\/product\/laisse-halti-3-positions\/","title":{"rendered":"Laisse Halti 3 positions"},"content":{"rendered":"<ul>\n<li>Laisse multifonctions Halti est en nylon doubl\u00e9<\/li>\n<li>Peut \u00eatre utilis\u00e9e comme outil d&#8217;\u00e9ducation ou simple laisse.<\/li>\n<li>Utilis\u00e9e avec un licol ou un harnais Halti, cette laisse permet un double contr\u00f4le particuli\u00e8rement efficace de l&#8217;animal.<\/li>\n<\/ul>\n<p><strong>Caract\u00e9ristiques de la laisse Halti multifonction 3 positions pour chiens<\/strong><\/p>\n<ul>\n<li><strong>Mati\u00e8re: <\/strong>Nylon<\/li>\n<li><strong>Couleur: <\/strong>Noire<\/li>\n<li><strong>Taille:<\/strong><\/li>\n<\/ul>\n<div class=\"table_container\">\n<table border=\"1\" cellspacing=\"1\" cellpadding=\"1\">\n<tbody>\n<tr>\n<td><strong>Taille<\/strong><\/td>\n<td><strong>Dimensions<\/strong><\/td>\n<\/tr>\n<tr>\n<td>Small<\/td>\n<td>2 m\u00e8tres de long et 15 mm de largeur<\/td>\n<\/tr>\n<tr>\n<td>Large<\/td>\n<td>2 m\u00e8tres de long et 25 mm de largeur<\/td>\n<\/tr>\n<\/tbody>\n<\/table>\n<\/div>\n","protected":false},"excerpt":{"rendered":"<p>Laisse multifonctions en nylon doubl\u00e9 pouvant \u00eatre utilis\u00e9e comme outil d&#8217;\u00e9ducation ou simple laisse. Utilis\u00e9e avec un licol ou un harnais Halti, cette laisse permet un double contr\u00f4le particuli\u00e8rement effi cace de l&#8217;animal.<\/p>\n","protected":false},"featured_media":874971,"template":"","meta":[],"product_cat":[12550,2698,2777],"product_tag":[],"class_list":{"0":"post-99160","1":"product","2":"type-product","3":"status-publish","4":"has-post-thumbnail","6":"product_cat-accessoires-du-chien","7":"product_cat-chien","8":"product_cat-colliers-laisses-et-harnais-pour-chien","9":"pa_marque-halti","11":"first","12":"instock","13":"taxable","14":"shipping-taxable","15":"purchasable","16":"product-type-variable"},"yoast_head":"<!-- This site is optimized with the Yoast SEO plugin v27.3 - https:\/\/yoast.com\/product\/yoast-seo-wordpress\/ -->\n<title>Laisse Halti 3 positions Halti - V\u00e9torino<\/title>\n<meta name=\"description\" content=\"Laisse multifonctions en nylon doubl\u00e9 pouvant \u00eatre utilis\u00e9e comme outil d&#039;\u00e9ducation ou simple laisse. Utilis\u00e9e avec un licol ou un harnais Halti, cette laisse permet un double contr\u00f4le particuli\u00e8rement effi cace de l&#039;animal.\" \/>\n<meta name=\"robots\" content=\"noindex, nofollow\" \/>\n<meta property=\"og:locale\" content=\"fr_FR\" \/>\n<meta property=\"og:type\" content=\"article\" \/>\n<meta property=\"og:title\" content=\"Laisse Halti 3 positions Halti - V\u00e9torino\" \/>\n<meta property=\"og:description\" content=\"Laisse multifonctions en nylon doubl\u00e9 pouvant \u00eatre utilis\u00e9e comme outil d&#039;\u00e9ducation ou simple laisse. Utilis\u00e9e avec un licol ou un harnais Halti, cette laisse permet un double contr\u00f4le particuli\u00e8rement effi cace de l&#039;animal.\" \/>\n<meta property=\"og:url\" content=\"https:\/\/www.vetorino.com\/veterinaire\/issoudun-36100\/boutique\/product\/laisse-halti-3-positions\/\" \/>\n<meta property=\"og:site_name\" content=\"V\u00e9torino\" \/>\n<meta property=\"article:publisher\" content=\"https:\/\/www.facebook.com\/Vetorino\/\" \/>\n<meta property=\"article:modified_time\" content=\"2026-01-19T01:42:18+00:00\" \/>\n<meta property=\"og:image\" content=\"https:\/\/www.vetorino.com\/boutique\/wp-content\/uploads\/2020\/03\/laisse-halti-multifonction-3-positions-1.jpg\" \/>\n\t<meta property=\"og:image:width\" content=\"800\" \/>\n\t<meta property=\"og:image:height\" content=\"800\" \/>\n\t<meta property=\"og:image:type\" content=\"image\/jpeg\" \/>\n<meta name=\"twitter:card\" content=\"summary_large_image\" \/>\n<meta name=\"twitter:label1\" content=\"Disponibilit\u00e9\" \/>\n\t<meta name=\"twitter:data1\" content=\"En stock\" \/>\n<script type=\"application\/ld+json\" class=\"yoast-schema-graph\">{\"@context\":\"https:\\\/\\\/schema.org\",\"@graph\":[{\"@type\":\"WebPage\",\"@id\":\"https:\\\/\\\/www.vetorino.com\\\/veterinaire\\\/nivillac-56130\\\/boutique\\\/product\\\/laisse-halti-3-positions\\\/\",\"url\":\"https:\\\/\\\/www.vetorino.com\\\/veterinaire\\\/nivillac-56130\\\/boutique\\\/product\\\/laisse-halti-3-positions\\\/\",\"name\":\"Laisse Halti 3 positions Halti - V\u00e9torino\",\"isPartOf\":{\"@id\":\"https:\\\/\\\/www.vetorino.com\\\/boutique\\\/#website\"},\"primaryImageOfPage\":{\"@id\":\"https:\\\/\\\/www.vetorino.com\\\/veterinaire\\\/nivillac-56130\\\/boutique\\\/product\\\/laisse-halti-3-positions\\\/#primaryimage\"},\"image\":{\"@id\":\"https:\\\/\\\/www.vetorino.com\\\/veterinaire\\\/nivillac-56130\\\/boutique\\\/product\\\/laisse-halti-3-positions\\\/#primaryimage\"},\"thumbnailUrl\":\"https:\\\/\\\/www.vetorino.com\\\/boutique\\\/wp-content\\\/uploads\\\/2020\\\/03\\\/laisse-halti-multifonction-3-positions-1.jpg\",\"datePublished\":\"2020-06-29T23:27:37+00:00\",\"dateModified\":\"2026-01-19T01:42:18+00:00\",\"description\":\"Laisse multifonctions en nylon doubl\u00e9 pouvant \u00eatre utilis\u00e9e comme outil d'\u00e9ducation ou simple laisse. Utilis\u00e9e avec un licol ou un harnais Halti, cette laisse permet un double contr\u00f4le particuli\u00e8rement effi cace de l'animal.\",\"breadcrumb\":{\"@id\":\"https:\\\/\\\/www.vetorino.com\\\/veterinaire\\\/nivillac-56130\\\/boutique\\\/product\\\/laisse-halti-3-positions\\\/#breadcrumb\"},\"inLanguage\":\"fr-FR\",\"potentialAction\":[{\"@type\":\"ReadAction\",\"target\":[\"https:\\\/\\\/www.vetorino.com\\\/veterinaire\\\/nivillac-56130\\\/boutique\\\/product\\\/laisse-halti-3-positions\\\/\"]}]},{\"@type\":\"ImageObject\",\"inLanguage\":\"fr-FR\",\"@id\":\"https:\\\/\\\/www.vetorino.com\\\/veterinaire\\\/nivillac-56130\\\/boutique\\\/product\\\/laisse-halti-3-positions\\\/#primaryimage\",\"url\":\"https:\\\/\\\/www.vetorino.com\\\/boutique\\\/wp-content\\\/uploads\\\/2020\\\/03\\\/laisse-halti-multifonction-3-positions-1.jpg\",\"contentUrl\":\"https:\\\/\\\/www.vetorino.com\\\/boutique\\\/wp-content\\\/uploads\\\/2020\\\/03\\\/laisse-halti-multifonction-3-positions-1.jpg\",\"width\":800,\"height\":800},{\"@type\":\"BreadcrumbList\",\"@id\":\"https:\\\/\\\/www.vetorino.com\\\/veterinaire\\\/nivillac-56130\\\/boutique\\\/product\\\/laisse-halti-3-positions\\\/#breadcrumb\",\"itemListElement\":[{\"@type\":\"ListItem\",\"position\":1,\"name\":\"Accueil\",\"item\":\"https:\\\/\\\/www.vetorino.com\\\/boutique\\\/\"},{\"@type\":\"ListItem\",\"position\":2,\"name\":\"Produits\",\"item\":\"https:\\\/\\\/www.vetorino.com\\\/boutique\\\/\"},{\"@type\":\"ListItem\",\"position\":3,\"name\":\"Laisse Halti 3 positions\"}]},{\"@type\":\"WebSite\",\"@id\":\"https:\\\/\\\/www.vetorino.com\\\/boutique\\\/#website\",\"url\":\"https:\\\/\\\/www.vetorino.com\\\/boutique\\\/\",\"name\":\"V\u00e9torino\",\"description\":\"\",\"publisher\":{\"@id\":\"https:\\\/\\\/www.vetorino.com\\\/boutique\\\/#organization\"},\"potentialAction\":[{\"@type\":\"SearchAction\",\"target\":{\"@type\":\"EntryPoint\",\"urlTemplate\":\"https:\\\/\\\/www.vetorino.com\\\/boutique\\\/?s={search_term_string}\"},\"query-input\":{\"@type\":\"PropertyValueSpecification\",\"valueRequired\":true,\"valueName\":\"search_term_string\"}}],\"inLanguage\":\"fr-FR\"},{\"@type\":\"Organization\",\"@id\":\"https:\\\/\\\/www.vetorino.com\\\/boutique\\\/#organization\",\"name\":\"V\u00e9torino\",\"url\":\"https:\\\/\\\/www.vetorino.com\\\/boutique\\\/\",\"logo\":{\"@type\":\"ImageObject\",\"inLanguage\":\"fr-FR\",\"@id\":\"https:\\\/\\\/www.vetorino.com\\\/boutique\\\/#\\\/schema\\\/logo\\\/image\\\/\",\"url\":\"https:\\\/\\\/www.vetorino.com\\\/boutique\\\/wp-content\\\/uploads\\\/2024\\\/10\\\/logo.jpg\",\"contentUrl\":\"https:\\\/\\\/www.vetorino.com\\\/boutique\\\/wp-content\\\/uploads\\\/2024\\\/10\\\/logo.jpg\",\"width\":1200,\"height\":610,\"caption\":\"V\u00e9torino\"},\"image\":{\"@id\":\"https:\\\/\\\/www.vetorino.com\\\/boutique\\\/#\\\/schema\\\/logo\\\/image\\\/\"},\"sameAs\":[\"https:\\\/\\\/www.facebook.com\\\/Vetorino\\\/\",\"https:\\\/\\\/www.instagram.com\\\/vetorino_off\\\/\",\"https:\\\/\\\/www.linkedin.com\\\/company\\\/vtorino\\\/\"]}]}<\/script>\n<meta property=\"product:brand\" content=\"Halti\" \/>\n<meta property=\"og:availability\" content=\"instock\" \/>\n<meta property=\"product:availability\" content=\"instock\" \/>\n<meta property=\"product:condition\" content=\"new\" \/>\n<!-- \/ Yoast SEO plugin. -->","yoast_head_json":{"title":"Laisse Halti 3 positions Halti - V\u00e9torino","description":"Laisse multifonctions en nylon doubl\u00e9 pouvant \u00eatre utilis\u00e9e comme outil d'\u00e9ducation ou simple laisse. Utilis\u00e9e avec un licol ou un harnais Halti, cette laisse permet un double contr\u00f4le particuli\u00e8rement effi cace de l'animal.","robots":{"index":"noindex","follow":"nofollow"},"og_locale":"fr_FR","og_type":"article","og_title":"Laisse Halti 3 positions Halti - V\u00e9torino","og_description":"Laisse multifonctions en nylon doubl\u00e9 pouvant \u00eatre utilis\u00e9e comme outil d'\u00e9ducation ou simple laisse. Utilis\u00e9e avec un licol ou un harnais Halti, cette laisse permet un double contr\u00f4le particuli\u00e8rement effi cace de l'animal.","og_url":"https:\/\/www.vetorino.com\/veterinaire\/issoudun-36100\/boutique\/product\/laisse-halti-3-positions\/","og_site_name":"V\u00e9torino","article_publisher":"https:\/\/www.facebook.com\/Vetorino\/","article_modified_time":"2026-01-19T01:42:18+00:00","og_image":[{"width":800,"height":800,"url":"https:\/\/www.vetorino.com\/boutique\/wp-content\/uploads\/2020\/03\/laisse-halti-multifonction-3-positions-1.jpg","type":"image\/jpeg"}],"twitter_card":"summary_large_image","twitter_misc":{"Disponibilit\u00e9":"En stock"},"schema":{"@context":"https:\/\/schema.org","@graph":[{"@type":"WebPage","@id":"https:\/\/www.vetorino.com\/veterinaire\/nivillac-56130\/boutique\/product\/laisse-halti-3-positions\/","url":"https:\/\/www.vetorino.com\/veterinaire\/nivillac-56130\/boutique\/product\/laisse-halti-3-positions\/","name":"Laisse Halti 3 positions Halti - V\u00e9torino","isPartOf":{"@id":"https:\/\/www.vetorino.com\/boutique\/#website"},"primaryImageOfPage":{"@id":"https:\/\/www.vetorino.com\/veterinaire\/nivillac-56130\/boutique\/product\/laisse-halti-3-positions\/#primaryimage"},"image":{"@id":"https:\/\/www.vetorino.com\/veterinaire\/nivillac-56130\/boutique\/product\/laisse-halti-3-positions\/#primaryimage"},"thumbnailUrl":"https:\/\/www.vetorino.com\/boutique\/wp-content\/uploads\/2020\/03\/laisse-halti-multifonction-3-positions-1.jpg","datePublished":"2020-06-29T23:27:37+00:00","dateModified":"2026-01-19T01:42:18+00:00","description":"Laisse multifonctions en nylon doubl\u00e9 pouvant \u00eatre utilis\u00e9e comme outil d'\u00e9ducation ou simple laisse. Utilis\u00e9e avec un licol ou un harnais Halti, cette laisse permet un double contr\u00f4le particuli\u00e8rement effi cace de l'animal.","breadcrumb":{"@id":"https:\/\/www.vetorino.com\/veterinaire\/nivillac-56130\/boutique\/product\/laisse-halti-3-positions\/#breadcrumb"},"inLanguage":"fr-FR","potentialAction":[{"@type":"ReadAction","target":["https:\/\/www.vetorino.com\/veterinaire\/nivillac-56130\/boutique\/product\/laisse-halti-3-positions\/"]}]},{"@type":"ImageObject","inLanguage":"fr-FR","@id":"https:\/\/www.vetorino.com\/veterinaire\/nivillac-56130\/boutique\/product\/laisse-halti-3-positions\/#primaryimage","url":"https:\/\/www.vetorino.com\/boutique\/wp-content\/uploads\/2020\/03\/laisse-halti-multifonction-3-positions-1.jpg","contentUrl":"https:\/\/www.vetorino.com\/boutique\/wp-content\/uploads\/2020\/03\/laisse-halti-multifonction-3-positions-1.jpg","width":800,"height":800},{"@type":"BreadcrumbList","@id":"https:\/\/www.vetorino.com\/veterinaire\/nivillac-56130\/boutique\/product\/laisse-halti-3-positions\/#breadcrumb","itemListElement":[{"@type":"ListItem","position":1,"name":"Accueil","item":"https:\/\/www.vetorino.com\/boutique\/"},{"@type":"ListItem","position":2,"name":"Produits","item":"https:\/\/www.vetorino.com\/boutique\/"},{"@type":"ListItem","position":3,"name":"Laisse Halti 3 positions"}]},{"@type":"WebSite","@id":"https:\/\/www.vetorino.com\/boutique\/#website","url":"https:\/\/www.vetorino.com\/boutique\/","name":"V\u00e9torino","description":"","publisher":{"@id":"https:\/\/www.vetorino.com\/boutique\/#organization"},"potentialAction":[{"@type":"SearchAction","target":{"@type":"EntryPoint","urlTemplate":"https:\/\/www.vetorino.com\/boutique\/?s={search_term_string}"},"query-input":{"@type":"PropertyValueSpecification","valueRequired":true,"valueName":"search_term_string"}}],"inLanguage":"fr-FR"},{"@type":"Organization","@id":"https:\/\/www.vetorino.com\/boutique\/#organization","name":"V\u00e9torino","url":"https:\/\/www.vetorino.com\/boutique\/","logo":{"@type":"ImageObject","inLanguage":"fr-FR","@id":"https:\/\/www.vetorino.com\/boutique\/#\/schema\/logo\/image\/","url":"https:\/\/www.vetorino.com\/boutique\/wp-content\/uploads\/2024\/10\/logo.jpg","contentUrl":"https:\/\/www.vetorino.com\/boutique\/wp-content\/uploads\/2024\/10\/logo.jpg","width":1200,"height":610,"caption":"V\u00e9torino"},"image":{"@id":"https:\/\/www.vetorino.com\/boutique\/#\/schema\/logo\/image\/"},"sameAs":["https:\/\/www.facebook.com\/Vetorino\/","https:\/\/www.instagram.com\/vetorino_off\/","https:\/\/www.linkedin.com\/company\/vtorino\/"]}]},"product_brand":"Halti","og_availability":"instock","product_availability":"instock","product_condition":"new"},"_links":{"self":[{"href":"https:\/\/www.vetorino.com\/veterinaire\/issoudun-36100\/boutique\/wp-json\/wp\/v2\/product\/99160","targetHints":{"allow":["GET"]}}],"collection":[{"href":"https:\/\/www.vetorino.com\/veterinaire\/issoudun-36100\/boutique\/wp-json\/wp\/v2\/product"}],"about":[{"href":"https:\/\/www.vetorino.com\/veterinaire\/issoudun-36100\/boutique\/wp-json\/wp\/v2\/types\/product"}],"wp:featuredmedia":[{"embeddable":true,"href":"https:\/\/www.vetorino.com\/veterinaire\/issoudun-36100\/boutique\/wp-json\/wp\/v2\/media\/874971"}],"wp:attachment":[{"href":"https:\/\/www.vetorino.com\/veterinaire\/issoudun-36100\/boutique\/wp-json\/wp\/v2\/media?parent=99160"}],"wp:term":[{"taxonomy":"product_cat","embeddable":true,"href":"https:\/\/www.vetorino.com\/veterinaire\/issoudun-36100\/boutique\/wp-json\/wp\/v2\/product_cat?post=99160"},{"taxonomy":"product_tag","embeddable":true,"href":"https:\/\/www.vetorino.com\/veterinaire\/issoudun-36100\/boutique\/wp-json\/wp\/v2\/product_tag?post=99160"}],"curies":[{"name":"wp","href":"https:\/\/api.w.org\/{rel}","templated":true}]}}