{"id":99739,"date":"2020-06-30T01:35:17","date_gmt":"2020-06-29T23:35:17","guid":{"rendered":"https:\/\/www.vetorino.com\/boutique\/product\/mouxine-appats\/"},"modified":"2022-08-17T12:57:41","modified_gmt":"2022-08-17T10:57:41","slug":"mouxine-appats","status":"publish","type":"product","link":"https:\/\/www.vetorino.com\/veterinaire\/issoudun-36100\/boutique\/product\/mouxine-appats\/","title":{"rendered":"Mouxine Appats"},"content":{"rendered":"<p>MOUXINE App\u00e2ts GB est un app\u00e2t granul\u00e9 insecticide pour le contr\u00f4le des mouches dans tous les types d&#8217;\u00e9levages (b\u00e9tail, porcs, volailles, moutons, lapins, chevaux\u2026) MOUXINE App\u00e2ts GB est sans odeur et facile d&#8217;emploi. Il\u00a0doit \u00eatre appliqu\u00e9 sur les surfaces o\u00f9 les mouches demeurent, passent ou se nourissent. La fr\u00e9quence de renouvellement du traitement varie de une \u00e0 six semaines selon le niveau d&#8217;infestation. Il\u00a0peut \u00eatre utilis\u00e9 pour pr\u00e9venir l&#8217;infestation des mouches ou r\u00e9duire leur population.<\/p>\n","protected":false},"excerpt":{"rendered":"<p>MOUXINE App\u00e2ts GB est un app\u00e2t granul\u00e9 insecticide pour le contr\u00f4le des mouches dans tous les types d&#8217;\u00e9levages (b\u00e9tail, porcs, volailles, moutons, lapins, chevaux\u2026) MOUXINE App\u00e2ts GB est sans odeur et facile d&#8217;emploi. Il\u00a0doit \u00eatre appliqu\u00e9 sur les surfaces o\u00f9 les mouches demeurent, passent ou se nourissent. La fr\u00e9quence de renouvellement du traitement varie de une \u00e0 six semaines selon le niveau d&#8217;infestation. Il\u00a0peut \u00eatre utilis\u00e9 pour pr\u00e9venir l&#8217;infestation des mouches ou r\u00e9duire leur population.<\/p>\n","protected":false},"featured_media":180514,"template":"","meta":[],"product_cat":[6869,12547,12762,12760],"product_tag":[],"class_list":{"0":"post-99739","1":"product","2":"type-product","3":"status-publish","4":"has-post-thumbnail","6":"product_cat-basse-cour","7":"product_cat-cheval","8":"product_cat-hygiene-des-batiments","9":"product_cat-materiel-et-equipement-du-cheval","10":"pa_marque-huvepharma-franceqalian","12":"first","13":"outofstock","14":"taxable","15":"shipping-taxable","16":"purchasable","17":"product-type-simple"},"yoast_head":"<!-- This site is optimized with the Yoast SEO plugin v27.3 - https:\/\/yoast.com\/product\/yoast-seo-wordpress\/ -->\n<title>Mouxine Appats HUVEPHARMA FRANCE(QALIAN) - V\u00e9torino<\/title>\n<meta name=\"description\" content=\"MOUXINE App\u00e2ts GB est un app\u00e2t granul\u00e9 insecticide pour le contr\u00f4le des mouches dans tous les types d&#039;\u00e9levages (b\u00e9tail, porcs, volailles, moutons, lapins, chevaux\u2026) MOUXINE App\u00e2ts GB est sans odeur et facile d&#039;emploi. Il\u00a0doit \u00eatre appliqu\u00e9 sur les surfaces o\u00f9 les mouches demeurent, passent ou se nourissent. La fr\u00e9quence de renouvellement du traitement varie de une \u00e0 six semaines selon le niveau d&#039;infestation. Il\u00a0peut \u00eatre utilis\u00e9 pour pr\u00e9venir l&#039;infestation des mouches ou r\u00e9duire leur population.\" \/>\n<meta name=\"robots\" content=\"noindex, nofollow\" \/>\n<meta property=\"og:locale\" content=\"fr_FR\" \/>\n<meta property=\"og:type\" content=\"article\" \/>\n<meta property=\"og:title\" content=\"Mouxine Appats HUVEPHARMA FRANCE(QALIAN) - V\u00e9torino\" \/>\n<meta property=\"og:description\" content=\"MOUXINE App\u00e2ts GB est un app\u00e2t granul\u00e9 insecticide pour le contr\u00f4le des mouches dans tous les types d&#039;\u00e9levages (b\u00e9tail, porcs, volailles, moutons, lapins, chevaux\u2026) MOUXINE App\u00e2ts GB est sans odeur et facile d&#039;emploi. Il\u00a0doit \u00eatre appliqu\u00e9 sur les surfaces o\u00f9 les mouches demeurent, passent ou se nourissent. La fr\u00e9quence de renouvellement du traitement varie de une \u00e0 six semaines selon le niveau d&#039;infestation. Il\u00a0peut \u00eatre utilis\u00e9 pour pr\u00e9venir l&#039;infestation des mouches ou r\u00e9duire leur population.\" \/>\n<meta property=\"og:url\" content=\"https:\/\/www.vetorino.com\/veterinaire\/issoudun-36100\/boutique\/product\/mouxine-appats\/\" \/>\n<meta property=\"og:site_name\" content=\"V\u00e9torino\" \/>\n<meta property=\"article:publisher\" content=\"https:\/\/www.facebook.com\/Vetorino\/\" \/>\n<meta property=\"article:modified_time\" content=\"2022-08-17T10:57:41+00:00\" \/>\n<meta property=\"og:image\" content=\"https:\/\/www.vetorino.com\/boutique\/wp-content\/uploads\/2020\/06\/mouxine-appat-400g-g1.jpeg\" \/>\n\t<meta property=\"og:image:width\" content=\"400\" \/>\n\t<meta property=\"og:image:height\" content=\"400\" \/>\n\t<meta property=\"og:image:type\" content=\"image\/jpeg\" \/>\n<meta name=\"twitter:card\" content=\"summary_large_image\" \/>\n<meta name=\"twitter:label1\" content=\"Prix\" \/>\n\t<meta name=\"twitter:data1\" content=\"28,06&euro;\" \/>\n\t<meta name=\"twitter:label2\" content=\"Disponibilit\u00e9\" \/>\n\t<meta name=\"twitter:data2\" content=\"Rupture de stock\" \/>\n<script type=\"application\/ld+json\" class=\"yoast-schema-graph\">{\"@context\":\"https:\\\/\\\/schema.org\",\"@graph\":[{\"@type\":\"WebPage\",\"@id\":\"https:\\\/\\\/www.vetorino.com\\\/boutique\\\/product\\\/mouxine-appats\\\/\",\"url\":\"https:\\\/\\\/www.vetorino.com\\\/boutique\\\/product\\\/mouxine-appats\\\/\",\"name\":\"Mouxine Appats HUVEPHARMA FRANCE(QALIAN) - V\u00e9torino\",\"isPartOf\":{\"@id\":\"https:\\\/\\\/www.vetorino.com\\\/boutique\\\/#website\"},\"primaryImageOfPage\":{\"@id\":\"https:\\\/\\\/www.vetorino.com\\\/boutique\\\/product\\\/mouxine-appats\\\/#primaryimage\"},\"image\":{\"@id\":\"https:\\\/\\\/www.vetorino.com\\\/boutique\\\/product\\\/mouxine-appats\\\/#primaryimage\"},\"thumbnailUrl\":\"https:\\\/\\\/www.vetorino.com\\\/boutique\\\/wp-content\\\/uploads\\\/2020\\\/06\\\/mouxine-appat-400g-g1.jpeg\",\"datePublished\":\"2020-06-29T23:35:17+00:00\",\"dateModified\":\"2022-08-17T10:57:41+00:00\",\"description\":\"MOUXINE App\u00e2ts GB est un app\u00e2t granul\u00e9 insecticide pour le contr\u00f4le des mouches dans tous les types d'\u00e9levages (b\u00e9tail, porcs, volailles, moutons, lapins, chevaux\u2026) MOUXINE App\u00e2ts GB est sans odeur et facile d'emploi. Il\u00a0doit \u00eatre appliqu\u00e9 sur les surfaces o\u00f9 les mouches demeurent, passent ou se nourissent. La fr\u00e9quence de renouvellement du traitement varie de une \u00e0 six semaines selon le niveau d'infestation. Il\u00a0peut \u00eatre utilis\u00e9 pour pr\u00e9venir l'infestation des mouches ou r\u00e9duire leur population.\",\"breadcrumb\":{\"@id\":\"https:\\\/\\\/www.vetorino.com\\\/boutique\\\/product\\\/mouxine-appats\\\/#breadcrumb\"},\"inLanguage\":\"fr-FR\",\"potentialAction\":[{\"@type\":\"ReadAction\",\"target\":[\"https:\\\/\\\/www.vetorino.com\\\/boutique\\\/product\\\/mouxine-appats\\\/\"]}]},{\"@type\":\"ImageObject\",\"inLanguage\":\"fr-FR\",\"@id\":\"https:\\\/\\\/www.vetorino.com\\\/boutique\\\/product\\\/mouxine-appats\\\/#primaryimage\",\"url\":\"https:\\\/\\\/www.vetorino.com\\\/boutique\\\/wp-content\\\/uploads\\\/2020\\\/06\\\/mouxine-appat-400g-g1.jpeg\",\"contentUrl\":\"https:\\\/\\\/www.vetorino.com\\\/boutique\\\/wp-content\\\/uploads\\\/2020\\\/06\\\/mouxine-appat-400g-g1.jpeg\",\"width\":400,\"height\":400},{\"@type\":\"BreadcrumbList\",\"@id\":\"https:\\\/\\\/www.vetorino.com\\\/boutique\\\/product\\\/mouxine-appats\\\/#breadcrumb\",\"itemListElement\":[{\"@type\":\"ListItem\",\"position\":1,\"name\":\"Accueil\",\"item\":\"https:\\\/\\\/www.vetorino.com\\\/boutique\\\/\"},{\"@type\":\"ListItem\",\"position\":2,\"name\":\"Produits\",\"item\":\"https:\\\/\\\/www.vetorino.com\\\/boutique\\\/\"},{\"@type\":\"ListItem\",\"position\":3,\"name\":\"Mouxine Appats\"}]},{\"@type\":\"WebSite\",\"@id\":\"https:\\\/\\\/www.vetorino.com\\\/boutique\\\/#website\",\"url\":\"https:\\\/\\\/www.vetorino.com\\\/boutique\\\/\",\"name\":\"V\u00e9torino\",\"description\":\"\",\"publisher\":{\"@id\":\"https:\\\/\\\/www.vetorino.com\\\/boutique\\\/#organization\"},\"potentialAction\":[{\"@type\":\"SearchAction\",\"target\":{\"@type\":\"EntryPoint\",\"urlTemplate\":\"https:\\\/\\\/www.vetorino.com\\\/boutique\\\/?s={search_term_string}\"},\"query-input\":{\"@type\":\"PropertyValueSpecification\",\"valueRequired\":true,\"valueName\":\"search_term_string\"}}],\"inLanguage\":\"fr-FR\"},{\"@type\":\"Organization\",\"@id\":\"https:\\\/\\\/www.vetorino.com\\\/boutique\\\/#organization\",\"name\":\"V\u00e9torino\",\"url\":\"https:\\\/\\\/www.vetorino.com\\\/boutique\\\/\",\"logo\":{\"@type\":\"ImageObject\",\"inLanguage\":\"fr-FR\",\"@id\":\"https:\\\/\\\/www.vetorino.com\\\/boutique\\\/#\\\/schema\\\/logo\\\/image\\\/\",\"url\":\"https:\\\/\\\/www.vetorino.com\\\/boutique\\\/wp-content\\\/uploads\\\/2024\\\/10\\\/logo.jpg\",\"contentUrl\":\"https:\\\/\\\/www.vetorino.com\\\/boutique\\\/wp-content\\\/uploads\\\/2024\\\/10\\\/logo.jpg\",\"width\":1200,\"height\":610,\"caption\":\"V\u00e9torino\"},\"image\":{\"@id\":\"https:\\\/\\\/www.vetorino.com\\\/boutique\\\/#\\\/schema\\\/logo\\\/image\\\/\"},\"sameAs\":[\"https:\\\/\\\/www.facebook.com\\\/Vetorino\\\/\",\"https:\\\/\\\/www.instagram.com\\\/vetorino_off\\\/\",\"https:\\\/\\\/www.linkedin.com\\\/company\\\/vtorino\\\/\"]}]}<\/script>\n<meta property=\"product:brand\" content=\"HUVEPHARMA FRANCE(QALIAN)\" \/>\n<meta property=\"product:price:amount\" content=\"28.06\" \/>\n<meta property=\"product:price:currency\" content=\"EUR\" \/>\n<meta property=\"og:availability\" content=\"out of stock\" \/>\n<meta property=\"product:availability\" content=\"out of stock\" \/>\n<meta property=\"product:retailer_item_id\" content=\"C-MOU004\" \/>\n<meta property=\"product:condition\" content=\"new\" \/>\n<!-- \/ Yoast SEO plugin. -->","yoast_head_json":{"title":"Mouxine Appats HUVEPHARMA FRANCE(QALIAN) - V\u00e9torino","description":"MOUXINE App\u00e2ts GB est un app\u00e2t granul\u00e9 insecticide pour le contr\u00f4le des mouches dans tous les types d'\u00e9levages (b\u00e9tail, porcs, volailles, moutons, lapins, chevaux\u2026) MOUXINE App\u00e2ts GB est sans odeur et facile d'emploi. Il\u00a0doit \u00eatre appliqu\u00e9 sur les surfaces o\u00f9 les mouches demeurent, passent ou se nourissent. La fr\u00e9quence de renouvellement du traitement varie de une \u00e0 six semaines selon le niveau d'infestation. Il\u00a0peut \u00eatre utilis\u00e9 pour pr\u00e9venir l'infestation des mouches ou r\u00e9duire leur population.","robots":{"index":"noindex","follow":"nofollow"},"og_locale":"fr_FR","og_type":"article","og_title":"Mouxine Appats HUVEPHARMA FRANCE(QALIAN) - V\u00e9torino","og_description":"MOUXINE App\u00e2ts GB est un app\u00e2t granul\u00e9 insecticide pour le contr\u00f4le des mouches dans tous les types d'\u00e9levages (b\u00e9tail, porcs, volailles, moutons, lapins, chevaux\u2026) MOUXINE App\u00e2ts GB est sans odeur et facile d'emploi. Il\u00a0doit \u00eatre appliqu\u00e9 sur les surfaces o\u00f9 les mouches demeurent, passent ou se nourissent. La fr\u00e9quence de renouvellement du traitement varie de une \u00e0 six semaines selon le niveau d'infestation. Il\u00a0peut \u00eatre utilis\u00e9 pour pr\u00e9venir l'infestation des mouches ou r\u00e9duire leur population.","og_url":"https:\/\/www.vetorino.com\/veterinaire\/issoudun-36100\/boutique\/product\/mouxine-appats\/","og_site_name":"V\u00e9torino","article_publisher":"https:\/\/www.facebook.com\/Vetorino\/","article_modified_time":"2022-08-17T10:57:41+00:00","og_image":[{"width":400,"height":400,"url":"https:\/\/www.vetorino.com\/boutique\/wp-content\/uploads\/2020\/06\/mouxine-appat-400g-g1.jpeg","type":"image\/jpeg"}],"twitter_card":"summary_large_image","twitter_misc":{"Prix":"28,06&euro;","Disponibilit\u00e9":"Rupture de stock"},"schema":{"@context":"https:\/\/schema.org","@graph":[{"@type":"WebPage","@id":"https:\/\/www.vetorino.com\/boutique\/product\/mouxine-appats\/","url":"https:\/\/www.vetorino.com\/boutique\/product\/mouxine-appats\/","name":"Mouxine Appats HUVEPHARMA FRANCE(QALIAN) - V\u00e9torino","isPartOf":{"@id":"https:\/\/www.vetorino.com\/boutique\/#website"},"primaryImageOfPage":{"@id":"https:\/\/www.vetorino.com\/boutique\/product\/mouxine-appats\/#primaryimage"},"image":{"@id":"https:\/\/www.vetorino.com\/boutique\/product\/mouxine-appats\/#primaryimage"},"thumbnailUrl":"https:\/\/www.vetorino.com\/boutique\/wp-content\/uploads\/2020\/06\/mouxine-appat-400g-g1.jpeg","datePublished":"2020-06-29T23:35:17+00:00","dateModified":"2022-08-17T10:57:41+00:00","description":"MOUXINE App\u00e2ts GB est un app\u00e2t granul\u00e9 insecticide pour le contr\u00f4le des mouches dans tous les types d'\u00e9levages (b\u00e9tail, porcs, volailles, moutons, lapins, chevaux\u2026) MOUXINE App\u00e2ts GB est sans odeur et facile d'emploi. Il\u00a0doit \u00eatre appliqu\u00e9 sur les surfaces o\u00f9 les mouches demeurent, passent ou se nourissent. La fr\u00e9quence de renouvellement du traitement varie de une \u00e0 six semaines selon le niveau d'infestation. Il\u00a0peut \u00eatre utilis\u00e9 pour pr\u00e9venir l'infestation des mouches ou r\u00e9duire leur population.","breadcrumb":{"@id":"https:\/\/www.vetorino.com\/boutique\/product\/mouxine-appats\/#breadcrumb"},"inLanguage":"fr-FR","potentialAction":[{"@type":"ReadAction","target":["https:\/\/www.vetorino.com\/boutique\/product\/mouxine-appats\/"]}]},{"@type":"ImageObject","inLanguage":"fr-FR","@id":"https:\/\/www.vetorino.com\/boutique\/product\/mouxine-appats\/#primaryimage","url":"https:\/\/www.vetorino.com\/boutique\/wp-content\/uploads\/2020\/06\/mouxine-appat-400g-g1.jpeg","contentUrl":"https:\/\/www.vetorino.com\/boutique\/wp-content\/uploads\/2020\/06\/mouxine-appat-400g-g1.jpeg","width":400,"height":400},{"@type":"BreadcrumbList","@id":"https:\/\/www.vetorino.com\/boutique\/product\/mouxine-appats\/#breadcrumb","itemListElement":[{"@type":"ListItem","position":1,"name":"Accueil","item":"https:\/\/www.vetorino.com\/boutique\/"},{"@type":"ListItem","position":2,"name":"Produits","item":"https:\/\/www.vetorino.com\/boutique\/"},{"@type":"ListItem","position":3,"name":"Mouxine Appats"}]},{"@type":"WebSite","@id":"https:\/\/www.vetorino.com\/boutique\/#website","url":"https:\/\/www.vetorino.com\/boutique\/","name":"V\u00e9torino","description":"","publisher":{"@id":"https:\/\/www.vetorino.com\/boutique\/#organization"},"potentialAction":[{"@type":"SearchAction","target":{"@type":"EntryPoint","urlTemplate":"https:\/\/www.vetorino.com\/boutique\/?s={search_term_string}"},"query-input":{"@type":"PropertyValueSpecification","valueRequired":true,"valueName":"search_term_string"}}],"inLanguage":"fr-FR"},{"@type":"Organization","@id":"https:\/\/www.vetorino.com\/boutique\/#organization","name":"V\u00e9torino","url":"https:\/\/www.vetorino.com\/boutique\/","logo":{"@type":"ImageObject","inLanguage":"fr-FR","@id":"https:\/\/www.vetorino.com\/boutique\/#\/schema\/logo\/image\/","url":"https:\/\/www.vetorino.com\/boutique\/wp-content\/uploads\/2024\/10\/logo.jpg","contentUrl":"https:\/\/www.vetorino.com\/boutique\/wp-content\/uploads\/2024\/10\/logo.jpg","width":1200,"height":610,"caption":"V\u00e9torino"},"image":{"@id":"https:\/\/www.vetorino.com\/boutique\/#\/schema\/logo\/image\/"},"sameAs":["https:\/\/www.facebook.com\/Vetorino\/","https:\/\/www.instagram.com\/vetorino_off\/","https:\/\/www.linkedin.com\/company\/vtorino\/"]}]},"product_brand":"HUVEPHARMA FRANCE(QALIAN)","product_price_amount":"28.06","product_price_currency":"EUR","og_availability":"out of stock","product_availability":"out of stock","product_retailer_item_id":"C-MOU004","product_condition":"new"},"_links":{"self":[{"href":"https:\/\/www.vetorino.com\/veterinaire\/issoudun-36100\/boutique\/wp-json\/wp\/v2\/product\/99739","targetHints":{"allow":["GET"]}}],"collection":[{"href":"https:\/\/www.vetorino.com\/veterinaire\/issoudun-36100\/boutique\/wp-json\/wp\/v2\/product"}],"about":[{"href":"https:\/\/www.vetorino.com\/veterinaire\/issoudun-36100\/boutique\/wp-json\/wp\/v2\/types\/product"}],"wp:featuredmedia":[{"embeddable":true,"href":"https:\/\/www.vetorino.com\/veterinaire\/issoudun-36100\/boutique\/wp-json\/wp\/v2\/media\/180514"}],"wp:attachment":[{"href":"https:\/\/www.vetorino.com\/veterinaire\/issoudun-36100\/boutique\/wp-json\/wp\/v2\/media?parent=99739"}],"wp:term":[{"taxonomy":"product_cat","embeddable":true,"href":"https:\/\/www.vetorino.com\/veterinaire\/issoudun-36100\/boutique\/wp-json\/wp\/v2\/product_cat?post=99739"},{"taxonomy":"product_tag","embeddable":true,"href":"https:\/\/www.vetorino.com\/veterinaire\/issoudun-36100\/boutique\/wp-json\/wp\/v2\/product_tag?post=99739"}],"curies":[{"name":"wp","href":"https:\/\/api.w.org\/{rel}","templated":true}]}}