{"id":1025793,"date":"2024-09-22T05:35:09","date_gmt":"2024-09-22T03:35:09","guid":{"rendered":"https:\/\/www.vetorino.com\/boutique\/product\/ziggy-patee-chat-adulte-irc\/"},"modified":"2025-10-30T17:29:16","modified_gmt":"2025-10-30T16:29:16","slug":"ziggy-patee-chat-adulte-irc","status":"publish","type":"product","link":"https:\/\/www.vetorino.com\/veterinaire\/landos-43340\/boutique\/product\/ziggy-patee-chat-adulte-irc\/","title":{"rendered":"P\u00e2t\u00e9e Adulte IRC Insuffisance R\u00e9nale &#8211; chat"},"content":{"rendered":"<p><strong>Les p\u00e2t\u00e9es pour chats\u00a0 de la marque Ziggy sont con\u00e7ues pour ceux souffrant de maladie r\u00e9nale chronique, en les aidant \u00e0 soutenir leur fonction r\u00e9nale.<\/strong><\/p>\n<p><strong>Les caract\u00e9ristiques des p\u00e2t\u00e9es pour Chat Adulte Insuffisance R\u00e9nale Porc de la marque Ziggy :<\/strong><\/p>\n<ul>\n<li>Contient 100% de prot\u00e9ines d\u2019origine animale de haute qualit\u00e9.<\/li>\n<li>Comporte une tr\u00e8s faible quantit\u00e9 phosphore pour soutenir la fonction r\u00e9nale.<\/li>\n<li>Aliment hautement digestible, sans amidon.<\/li>\n<\/ul>\n<p><strong>Indications et conseils :<\/strong><\/p>\n<ul>\n<li>Une fois ouvert, le produit est \u00e0 conserver au r\u00e9frig\u00e9rateur jusqu\u2019\u00e0 48h.<\/li>\n<li>\u00c0 consommer de pr\u00e9f\u00e9rence avant la date limite indiqu\u00e9e.<\/li>\n<li>R\u00e9partir les quantit\u00e9s recommand\u00e9es sur plusieurs repas.<\/li>\n<li>Les p\u00e2t\u00e9es Ziggy Chat Adulte Insuffisance R\u00e9nale P\u00e2t\u00e9e sont destin\u00e9es \u00e0 la prise en charge nutritionnelle du trouble r\u00e9nal chez le chat.<\/li>\n<\/ul>\n<p><strong>Veuillez consulter votre v\u00e9t\u00e9rinaire avant utilisation.<\/strong><\/p>\n","protected":false},"excerpt":{"rendered":"<p><strong>Les p\u00e2t\u00e9es pour chats\u00a0 de la marque Ziggy sont con\u00e7ues pour ceux souffrant de maladie r\u00e9nale chronique, en les aidant \u00e0 soutenir leur fonction r\u00e9nale.<\/strong><\/p>\n<p><strong>Les caract\u00e9ristiques des p\u00e2t\u00e9es pour Chat Adulte Insuffisance R\u00e9nale Porc de la marque Ziggy :<\/strong><\/p>\n<ul>\n<li>Contient 100% de prot\u00e9ines d\u2019origine animale de haute qualit\u00e9.<\/li>\n<li>Comporte une tr\u00e8s faible quantit\u00e9 phosphore pour soutenir la fonction r\u00e9nale.<\/li>\n<li>Aliment hautement digestible, sans amidon.<\/li>\n<\/ul>\n<p><strong>Indications et conseils :<\/strong><\/p>\n<ul>\n<li>Une fois ouvert, le produit est \u00e0 conserver au r\u00e9frig\u00e9rateur jusqu\u2019\u00e0 48h.<\/li>\n<li>\u00c0 consommer de pr\u00e9f\u00e9rence avant la date limite indiqu\u00e9e.<\/li>\n<li>R\u00e9partir les quantit\u00e9s recommand\u00e9es sur plusieurs repas.<\/li>\n<li>Les p\u00e2t\u00e9es Ziggy Chat Adulte Insuffisance R\u00e9nale P\u00e2t\u00e9e sont destin\u00e9es \u00e0 la prise en charge nutritionnelle du trouble r\u00e9nal chez le chat.<\/li>\n<\/ul>\n<p><strong>Veuillez consulter votre v\u00e9t\u00e9rinaire avant utilisation.<\/strong><\/p>\n","protected":false},"featured_media":1548954,"template":"","meta":[],"product_cat":[12551,12581,2697,12567,12641],"product_tag":[],"class_list":{"0":"post-1025793","1":"product","2":"type-product","3":"status-publish","4":"has-post-thumbnail","6":"product_cat-alimentation-du-chat","7":"product_cat-alimentation-medicalisee-pour-chat","8":"product_cat-chat","9":"product_cat-produit-veterinaire-du-chat","10":"product_cat-systeme-renal-du-chat","11":"pa_marque-s-a-s-ziggy","13":"first","14":"instock","15":"taxable","16":"shipping-taxable","17":"purchasable","18":"product-type-variable"},"yoast_head":"<!-- This site is optimized with the Yoast SEO plugin v27.3 - https:\/\/yoast.com\/product\/yoast-seo-wordpress\/ -->\n<title>P\u00e2t\u00e9e Adulte IRC Insuffisance R\u00e9nale - chat Ziggy - V\u00e9torino<\/title>\n<meta name=\"description\" content=\"Les p\u00e2t\u00e9es pour chats\u00a0 de la marque Ziggy sont con\u00e7ues pour ceux souffrant de maladie r\u00e9nale chronique, en les aidant \u00e0 soutenir leur fonction r\u00e9nale.  Les caract\u00e9ristiques des p\u00e2t\u00e9es pour Chat Adulte Insuffisance R\u00e9nale Porc de la marque Ziggy :   Contient 100% de prot\u00e9ines d\u2019origine animale de haute qualit\u00e9.  Comporte une tr\u00e8s faible quantit\u00e9 phosphore pour soutenir la fonction r\u00e9nale.  Aliment hautement digestible, sans amidon.  Indications et conseils :   Une fois ouvert, le produit est \u00e0 conserver au r\u00e9frig\u00e9rateur jusqu\u2019\u00e0 48h.  \u00c0 consommer de pr\u00e9f\u00e9rence avant la date limite indiqu\u00e9e.  R\u00e9partir les quantit\u00e9s recommand\u00e9es sur plusieurs repas.  Les p\u00e2t\u00e9es Ziggy Chat Adulte Insuffisance R\u00e9nale P\u00e2t\u00e9e sont destin\u00e9es \u00e0 la prise en charge nutritionnelle du trouble r\u00e9nal chez le chat.  Veuillez consulter votre v\u00e9t\u00e9rinaire avant utilisation.\" \/>\n<meta name=\"robots\" content=\"noindex, nofollow\" \/>\n<meta property=\"og:locale\" content=\"fr_FR\" \/>\n<meta property=\"og:type\" content=\"article\" \/>\n<meta property=\"og:title\" content=\"P\u00e2t\u00e9e Adulte IRC Insuffisance R\u00e9nale - chat Ziggy - V\u00e9torino\" \/>\n<meta property=\"og:description\" content=\"Les p\u00e2t\u00e9es pour chats\u00a0 de la marque Ziggy sont con\u00e7ues pour ceux souffrant de maladie r\u00e9nale chronique, en les aidant \u00e0 soutenir leur fonction r\u00e9nale.  Les caract\u00e9ristiques des p\u00e2t\u00e9es pour Chat Adulte Insuffisance R\u00e9nale Porc de la marque Ziggy :   Contient 100% de prot\u00e9ines d\u2019origine animale de haute qualit\u00e9.  Comporte une tr\u00e8s faible quantit\u00e9 phosphore pour soutenir la fonction r\u00e9nale.  Aliment hautement digestible, sans amidon.  Indications et conseils :   Une fois ouvert, le produit est \u00e0 conserver au r\u00e9frig\u00e9rateur jusqu\u2019\u00e0 48h.  \u00c0 consommer de pr\u00e9f\u00e9rence avant la date limite indiqu\u00e9e.  R\u00e9partir les quantit\u00e9s recommand\u00e9es sur plusieurs repas.  Les p\u00e2t\u00e9es Ziggy Chat Adulte Insuffisance R\u00e9nale P\u00e2t\u00e9e sont destin\u00e9es \u00e0 la prise en charge nutritionnelle du trouble r\u00e9nal chez le chat.  Veuillez consulter votre v\u00e9t\u00e9rinaire avant utilisation.\" \/>\n<meta property=\"og:url\" content=\"https:\/\/www.vetorino.com\/veterinaire\/landos-43340\/boutique\/product\/ziggy-patee-chat-adulte-irc\/\" \/>\n<meta property=\"og:site_name\" content=\"V\u00e9torino\" \/>\n<meta property=\"article:publisher\" content=\"https:\/\/www.facebook.com\/Vetorino\/\" \/>\n<meta property=\"article:modified_time\" content=\"2025-10-30T16:29:16+00:00\" \/>\n<meta property=\"og:image\" content=\"https:\/\/www.vetorino.com\/boutique\/wp-content\/uploads\/2024\/09\/pateechat-PCTRN1_1.webp\" \/>\n\t<meta property=\"og:image:width\" content=\"840\" \/>\n\t<meta property=\"og:image:height\" content=\"840\" \/>\n\t<meta property=\"og:image:type\" content=\"image\/webp\" \/>\n<meta name=\"twitter:card\" content=\"summary_large_image\" \/>\n<meta name=\"twitter:label1\" content=\"Disponibilit\u00e9\" \/>\n\t<meta name=\"twitter:data1\" content=\"En stock\" \/>\n<script type=\"application\/ld+json\" class=\"yoast-schema-graph\">{\"@context\":\"https:\\\/\\\/schema.org\",\"@graph\":[{\"@type\":\"WebPage\",\"@id\":\"https:\\\/\\\/www.vetorino.com\\\/boutique\\\/product\\\/ziggy-patee-chat-adulte-irc\\\/\",\"url\":\"https:\\\/\\\/www.vetorino.com\\\/boutique\\\/product\\\/ziggy-patee-chat-adulte-irc\\\/\",\"name\":\"P\u00e2t\u00e9e Adulte IRC Insuffisance R\u00e9nale - chat Ziggy - V\u00e9torino\",\"isPartOf\":{\"@id\":\"https:\\\/\\\/www.vetorino.com\\\/boutique\\\/#website\"},\"primaryImageOfPage\":{\"@id\":\"https:\\\/\\\/www.vetorino.com\\\/boutique\\\/product\\\/ziggy-patee-chat-adulte-irc\\\/#primaryimage\"},\"image\":{\"@id\":\"https:\\\/\\\/www.vetorino.com\\\/boutique\\\/product\\\/ziggy-patee-chat-adulte-irc\\\/#primaryimage\"},\"thumbnailUrl\":\"https:\\\/\\\/www.vetorino.com\\\/boutique\\\/wp-content\\\/uploads\\\/2024\\\/09\\\/pateechat-PCTRN1_1.webp\",\"datePublished\":\"2024-09-22T03:35:09+00:00\",\"dateModified\":\"2025-10-30T16:29:16+00:00\",\"description\":\"Les p\u00e2t\u00e9es pour chats\u00a0 de la marque Ziggy sont con\u00e7ues pour ceux souffrant de maladie r\u00e9nale chronique, en les aidant \u00e0 soutenir leur fonction r\u00e9nale. Les caract\u00e9ristiques des p\u00e2t\u00e9es pour Chat Adulte Insuffisance R\u00e9nale Porc de la marque Ziggy : Contient 100% de prot\u00e9ines d\u2019origine animale de haute qualit\u00e9. Comporte une tr\u00e8s faible quantit\u00e9 phosphore pour soutenir la fonction r\u00e9nale. Aliment hautement digestible, sans amidon. Indications et conseils : Une fois ouvert, le produit est \u00e0 conserver au r\u00e9frig\u00e9rateur jusqu\u2019\u00e0 48h. \u00c0 consommer de pr\u00e9f\u00e9rence avant la date limite indiqu\u00e9e. R\u00e9partir les quantit\u00e9s recommand\u00e9es sur plusieurs repas. Les p\u00e2t\u00e9es Ziggy Chat Adulte Insuffisance R\u00e9nale P\u00e2t\u00e9e sont destin\u00e9es \u00e0 la prise en charge nutritionnelle du trouble r\u00e9nal chez le chat. Veuillez consulter votre v\u00e9t\u00e9rinaire avant utilisation.\",\"breadcrumb\":{\"@id\":\"https:\\\/\\\/www.vetorino.com\\\/boutique\\\/product\\\/ziggy-patee-chat-adulte-irc\\\/#breadcrumb\"},\"inLanguage\":\"fr-FR\",\"potentialAction\":[{\"@type\":\"ReadAction\",\"target\":[\"https:\\\/\\\/www.vetorino.com\\\/boutique\\\/product\\\/ziggy-patee-chat-adulte-irc\\\/\"]}]},{\"@type\":\"ImageObject\",\"inLanguage\":\"fr-FR\",\"@id\":\"https:\\\/\\\/www.vetorino.com\\\/boutique\\\/product\\\/ziggy-patee-chat-adulte-irc\\\/#primaryimage\",\"url\":\"https:\\\/\\\/www.vetorino.com\\\/boutique\\\/wp-content\\\/uploads\\\/2024\\\/09\\\/pateechat-PCTRN1_1.webp\",\"contentUrl\":\"https:\\\/\\\/www.vetorino.com\\\/boutique\\\/wp-content\\\/uploads\\\/2024\\\/09\\\/pateechat-PCTRN1_1.webp\",\"width\":840,\"height\":840},{\"@type\":\"BreadcrumbList\",\"@id\":\"https:\\\/\\\/www.vetorino.com\\\/boutique\\\/product\\\/ziggy-patee-chat-adulte-irc\\\/#breadcrumb\",\"itemListElement\":[{\"@type\":\"ListItem\",\"position\":1,\"name\":\"Accueil\",\"item\":\"https:\\\/\\\/www.vetorino.com\\\/boutique\\\/\"},{\"@type\":\"ListItem\",\"position\":2,\"name\":\"Produits\",\"item\":\"https:\\\/\\\/www.vetorino.com\\\/boutique\\\/\"},{\"@type\":\"ListItem\",\"position\":3,\"name\":\"P\u00e2t\u00e9e Adulte IRC Insuffisance R\u00e9nale &#8211; chat\"}]},{\"@type\":\"WebSite\",\"@id\":\"https:\\\/\\\/www.vetorino.com\\\/boutique\\\/#website\",\"url\":\"https:\\\/\\\/www.vetorino.com\\\/boutique\\\/\",\"name\":\"V\u00e9torino\",\"description\":\"\",\"publisher\":{\"@id\":\"https:\\\/\\\/www.vetorino.com\\\/boutique\\\/#organization\"},\"potentialAction\":[{\"@type\":\"SearchAction\",\"target\":{\"@type\":\"EntryPoint\",\"urlTemplate\":\"https:\\\/\\\/www.vetorino.com\\\/boutique\\\/?s={search_term_string}\"},\"query-input\":{\"@type\":\"PropertyValueSpecification\",\"valueRequired\":true,\"valueName\":\"search_term_string\"}}],\"inLanguage\":\"fr-FR\"},{\"@type\":\"Organization\",\"@id\":\"https:\\\/\\\/www.vetorino.com\\\/boutique\\\/#organization\",\"name\":\"V\u00e9torino\",\"url\":\"https:\\\/\\\/www.vetorino.com\\\/boutique\\\/\",\"logo\":{\"@type\":\"ImageObject\",\"inLanguage\":\"fr-FR\",\"@id\":\"https:\\\/\\\/www.vetorino.com\\\/boutique\\\/#\\\/schema\\\/logo\\\/image\\\/\",\"url\":\"https:\\\/\\\/www.vetorino.com\\\/boutique\\\/wp-content\\\/uploads\\\/2024\\\/10\\\/logo.jpg\",\"contentUrl\":\"https:\\\/\\\/www.vetorino.com\\\/boutique\\\/wp-content\\\/uploads\\\/2024\\\/10\\\/logo.jpg\",\"width\":1200,\"height\":610,\"caption\":\"V\u00e9torino\"},\"image\":{\"@id\":\"https:\\\/\\\/www.vetorino.com\\\/boutique\\\/#\\\/schema\\\/logo\\\/image\\\/\"},\"sameAs\":[\"https:\\\/\\\/www.facebook.com\\\/Vetorino\\\/\",\"https:\\\/\\\/www.instagram.com\\\/vetorino_off\\\/\",\"https:\\\/\\\/www.linkedin.com\\\/company\\\/vtorino\\\/\"]}]}<\/script>\n<meta property=\"product:brand\" content=\"Ziggy\" \/>\n<meta property=\"og:availability\" content=\"instock\" \/>\n<meta property=\"product:availability\" content=\"instock\" \/>\n<meta property=\"product:condition\" content=\"new\" \/>\n<!-- \/ Yoast SEO plugin. -->","yoast_head_json":{"title":"P\u00e2t\u00e9e Adulte IRC Insuffisance R\u00e9nale - chat Ziggy - V\u00e9torino","description":"Les p\u00e2t\u00e9es pour chats\u00a0 de la marque Ziggy sont con\u00e7ues pour ceux souffrant de maladie r\u00e9nale chronique, en les aidant \u00e0 soutenir leur fonction r\u00e9nale.  Les caract\u00e9ristiques des p\u00e2t\u00e9es pour Chat Adulte Insuffisance R\u00e9nale Porc de la marque Ziggy :   Contient 100% de prot\u00e9ines d\u2019origine animale de haute qualit\u00e9.  Comporte une tr\u00e8s faible quantit\u00e9 phosphore pour soutenir la fonction r\u00e9nale.  Aliment hautement digestible, sans amidon.  Indications et conseils :   Une fois ouvert, le produit est \u00e0 conserver au r\u00e9frig\u00e9rateur jusqu\u2019\u00e0 48h.  \u00c0 consommer de pr\u00e9f\u00e9rence avant la date limite indiqu\u00e9e.  R\u00e9partir les quantit\u00e9s recommand\u00e9es sur plusieurs repas.  Les p\u00e2t\u00e9es Ziggy Chat Adulte Insuffisance R\u00e9nale P\u00e2t\u00e9e sont destin\u00e9es \u00e0 la prise en charge nutritionnelle du trouble r\u00e9nal chez le chat.  Veuillez consulter votre v\u00e9t\u00e9rinaire avant utilisation.","robots":{"index":"noindex","follow":"nofollow"},"og_locale":"fr_FR","og_type":"article","og_title":"P\u00e2t\u00e9e Adulte IRC Insuffisance R\u00e9nale - chat Ziggy - V\u00e9torino","og_description":"Les p\u00e2t\u00e9es pour chats\u00a0 de la marque Ziggy sont con\u00e7ues pour ceux souffrant de maladie r\u00e9nale chronique, en les aidant \u00e0 soutenir leur fonction r\u00e9nale.  Les caract\u00e9ristiques des p\u00e2t\u00e9es pour Chat Adulte Insuffisance R\u00e9nale Porc de la marque Ziggy :   Contient 100% de prot\u00e9ines d\u2019origine animale de haute qualit\u00e9.  Comporte une tr\u00e8s faible quantit\u00e9 phosphore pour soutenir la fonction r\u00e9nale.  Aliment hautement digestible, sans amidon.  Indications et conseils :   Une fois ouvert, le produit est \u00e0 conserver au r\u00e9frig\u00e9rateur jusqu\u2019\u00e0 48h.  \u00c0 consommer de pr\u00e9f\u00e9rence avant la date limite indiqu\u00e9e.  R\u00e9partir les quantit\u00e9s recommand\u00e9es sur plusieurs repas.  Les p\u00e2t\u00e9es Ziggy Chat Adulte Insuffisance R\u00e9nale P\u00e2t\u00e9e sont destin\u00e9es \u00e0 la prise en charge nutritionnelle du trouble r\u00e9nal chez le chat.  Veuillez consulter votre v\u00e9t\u00e9rinaire avant utilisation.","og_url":"https:\/\/www.vetorino.com\/veterinaire\/landos-43340\/boutique\/product\/ziggy-patee-chat-adulte-irc\/","og_site_name":"V\u00e9torino","article_publisher":"https:\/\/www.facebook.com\/Vetorino\/","article_modified_time":"2025-10-30T16:29:16+00:00","og_image":[{"width":840,"height":840,"url":"https:\/\/www.vetorino.com\/boutique\/wp-content\/uploads\/2024\/09\/pateechat-PCTRN1_1.webp","type":"image\/webp"}],"twitter_card":"summary_large_image","twitter_misc":{"Disponibilit\u00e9":"En stock"},"schema":{"@context":"https:\/\/schema.org","@graph":[{"@type":"WebPage","@id":"https:\/\/www.vetorino.com\/boutique\/product\/ziggy-patee-chat-adulte-irc\/","url":"https:\/\/www.vetorino.com\/boutique\/product\/ziggy-patee-chat-adulte-irc\/","name":"P\u00e2t\u00e9e Adulte IRC Insuffisance R\u00e9nale - chat Ziggy - V\u00e9torino","isPartOf":{"@id":"https:\/\/www.vetorino.com\/boutique\/#website"},"primaryImageOfPage":{"@id":"https:\/\/www.vetorino.com\/boutique\/product\/ziggy-patee-chat-adulte-irc\/#primaryimage"},"image":{"@id":"https:\/\/www.vetorino.com\/boutique\/product\/ziggy-patee-chat-adulte-irc\/#primaryimage"},"thumbnailUrl":"https:\/\/www.vetorino.com\/boutique\/wp-content\/uploads\/2024\/09\/pateechat-PCTRN1_1.webp","datePublished":"2024-09-22T03:35:09+00:00","dateModified":"2025-10-30T16:29:16+00:00","description":"Les p\u00e2t\u00e9es pour chats\u00a0 de la marque Ziggy sont con\u00e7ues pour ceux souffrant de maladie r\u00e9nale chronique, en les aidant \u00e0 soutenir leur fonction r\u00e9nale. Les caract\u00e9ristiques des p\u00e2t\u00e9es pour Chat Adulte Insuffisance R\u00e9nale Porc de la marque Ziggy : Contient 100% de prot\u00e9ines d\u2019origine animale de haute qualit\u00e9. Comporte une tr\u00e8s faible quantit\u00e9 phosphore pour soutenir la fonction r\u00e9nale. Aliment hautement digestible, sans amidon. Indications et conseils : Une fois ouvert, le produit est \u00e0 conserver au r\u00e9frig\u00e9rateur jusqu\u2019\u00e0 48h. \u00c0 consommer de pr\u00e9f\u00e9rence avant la date limite indiqu\u00e9e. R\u00e9partir les quantit\u00e9s recommand\u00e9es sur plusieurs repas. Les p\u00e2t\u00e9es Ziggy Chat Adulte Insuffisance R\u00e9nale P\u00e2t\u00e9e sont destin\u00e9es \u00e0 la prise en charge nutritionnelle du trouble r\u00e9nal chez le chat. Veuillez consulter votre v\u00e9t\u00e9rinaire avant utilisation.","breadcrumb":{"@id":"https:\/\/www.vetorino.com\/boutique\/product\/ziggy-patee-chat-adulte-irc\/#breadcrumb"},"inLanguage":"fr-FR","potentialAction":[{"@type":"ReadAction","target":["https:\/\/www.vetorino.com\/boutique\/product\/ziggy-patee-chat-adulte-irc\/"]}]},{"@type":"ImageObject","inLanguage":"fr-FR","@id":"https:\/\/www.vetorino.com\/boutique\/product\/ziggy-patee-chat-adulte-irc\/#primaryimage","url":"https:\/\/www.vetorino.com\/boutique\/wp-content\/uploads\/2024\/09\/pateechat-PCTRN1_1.webp","contentUrl":"https:\/\/www.vetorino.com\/boutique\/wp-content\/uploads\/2024\/09\/pateechat-PCTRN1_1.webp","width":840,"height":840},{"@type":"BreadcrumbList","@id":"https:\/\/www.vetorino.com\/boutique\/product\/ziggy-patee-chat-adulte-irc\/#breadcrumb","itemListElement":[{"@type":"ListItem","position":1,"name":"Accueil","item":"https:\/\/www.vetorino.com\/boutique\/"},{"@type":"ListItem","position":2,"name":"Produits","item":"https:\/\/www.vetorino.com\/boutique\/"},{"@type":"ListItem","position":3,"name":"P\u00e2t\u00e9e Adulte IRC Insuffisance R\u00e9nale &#8211; chat"}]},{"@type":"WebSite","@id":"https:\/\/www.vetorino.com\/boutique\/#website","url":"https:\/\/www.vetorino.com\/boutique\/","name":"V\u00e9torino","description":"","publisher":{"@id":"https:\/\/www.vetorino.com\/boutique\/#organization"},"potentialAction":[{"@type":"SearchAction","target":{"@type":"EntryPoint","urlTemplate":"https:\/\/www.vetorino.com\/boutique\/?s={search_term_string}"},"query-input":{"@type":"PropertyValueSpecification","valueRequired":true,"valueName":"search_term_string"}}],"inLanguage":"fr-FR"},{"@type":"Organization","@id":"https:\/\/www.vetorino.com\/boutique\/#organization","name":"V\u00e9torino","url":"https:\/\/www.vetorino.com\/boutique\/","logo":{"@type":"ImageObject","inLanguage":"fr-FR","@id":"https:\/\/www.vetorino.com\/boutique\/#\/schema\/logo\/image\/","url":"https:\/\/www.vetorino.com\/boutique\/wp-content\/uploads\/2024\/10\/logo.jpg","contentUrl":"https:\/\/www.vetorino.com\/boutique\/wp-content\/uploads\/2024\/10\/logo.jpg","width":1200,"height":610,"caption":"V\u00e9torino"},"image":{"@id":"https:\/\/www.vetorino.com\/boutique\/#\/schema\/logo\/image\/"},"sameAs":["https:\/\/www.facebook.com\/Vetorino\/","https:\/\/www.instagram.com\/vetorino_off\/","https:\/\/www.linkedin.com\/company\/vtorino\/"]}]},"product_brand":"Ziggy","og_availability":"instock","product_availability":"instock","product_condition":"new"},"_links":{"self":[{"href":"https:\/\/www.vetorino.com\/veterinaire\/landos-43340\/boutique\/wp-json\/wp\/v2\/product\/1025793","targetHints":{"allow":["GET"]}}],"collection":[{"href":"https:\/\/www.vetorino.com\/veterinaire\/landos-43340\/boutique\/wp-json\/wp\/v2\/product"}],"about":[{"href":"https:\/\/www.vetorino.com\/veterinaire\/landos-43340\/boutique\/wp-json\/wp\/v2\/types\/product"}],"wp:featuredmedia":[{"embeddable":true,"href":"https:\/\/www.vetorino.com\/veterinaire\/landos-43340\/boutique\/wp-json\/wp\/v2\/media\/1548954"}],"wp:attachment":[{"href":"https:\/\/www.vetorino.com\/veterinaire\/landos-43340\/boutique\/wp-json\/wp\/v2\/media?parent=1025793"}],"wp:term":[{"taxonomy":"product_cat","embeddable":true,"href":"https:\/\/www.vetorino.com\/veterinaire\/landos-43340\/boutique\/wp-json\/wp\/v2\/product_cat?post=1025793"},{"taxonomy":"product_tag","embeddable":true,"href":"https:\/\/www.vetorino.com\/veterinaire\/landos-43340\/boutique\/wp-json\/wp\/v2\/product_tag?post=1025793"}],"curies":[{"name":"wp","href":"https:\/\/api.w.org\/{rel}","templated":true}]}}