{"id":1036720,"date":"2024-09-26T10:57:26","date_gmt":"2024-09-26T08:57:26","guid":{"rendered":"https:\/\/www.vetorino.com\/boutique\/product\/ziggy-probiotiques-chat\/"},"modified":"2024-09-26T11:16:35","modified_gmt":"2024-09-26T09:16:35","slug":"ziggy-probiotiques-chat","status":"publish","type":"product","link":"https:\/\/www.vetorino.com\/veterinaire\/landos-43340\/boutique\/product\/ziggy-probiotiques-chat\/","title":{"rendered":"Sachets Probiotiques Chat"},"content":{"rendered":"<p><em><strong>Un sachet par jour \u00e0 saupoudrer au cours d\u2019un ou plusieurs repas.<\/strong><\/em><\/p>\n<p>&nbsp;<\/p>\n<p>Les probiotiques Ziggy Care peuvent \u00eatre donn\u00e9s :<\/p>\n<p>&#8211; Aux chats adultes st\u00e9rilis\u00e9s ou entiers<br \/>\n&#8211; Aux chatons, d\u00e8s lors qu&#8217;ils commencent \u00e0 manger de la nourriture solide<br \/>\n&#8211; Aux chats seniors<br \/>\n&#8211; Aux chats malades pour favoriser de meilleures d\u00e9fenses immunitaires et renforcer leur flore digestive<br \/>\n&#8211; Aux femelles en gestation ou pendant l&#8217;allaitement<\/p>\n<p>En cas de selles molles, flatulences, \u00e9pisode de stress, changement d&#8217;alimentation, prise d&#8217;antibiotiques, baisse d&#8217;app\u00e9tit ou juste en cure pr\u00e9ventive de mani\u00e8re ponctuelle, plusieurs mois ou tout au long de l&#8217;ann\u00e9e. La prise de probiotiques est \u00e9galement recommand\u00e9e pour tous les chats \u00e0 chaque changement de saison (au moins 4 fois par an).<\/p>\n<p>&nbsp;<\/p>\n","protected":false},"excerpt":{"rendered":"<p>Les probiotiques pour chats et chatons Ziggy Care vous aident \u00e0 prendre soin de leur sant\u00e9 et de leur flore digestive gr\u00e2ce \u00e0 une formulation unique qui contribue \u00e0 favoriser un bon \u00e9quilibre intestinal, une microflore saine et qui contribue \u00e0 renforcer les d\u00e9fenses immunitaires de nos f\u00e9lins.<\/p>\n","protected":false},"featured_media":1036730,"template":"","meta":[],"product_cat":[2730,2697,12635,12639],"product_tag":[],"class_list":{"0":"post-1036720","1":"product","2":"type-product","3":"status-publish","4":"has-post-thumbnail","6":"product_cat-aliments-complementaires-pour-chat","7":"product_cat-chat","8":"product_cat-systeme-digestif-du-chat","9":"product_cat-systeme-immunitaire-du-chat","10":"pa_marque-s-a-s-ziggy","12":"first","13":"instock","14":"taxable","15":"shipping-taxable","16":"purchasable","17":"product-type-simple"},"yoast_head":"<!-- This site is optimized with the Yoast SEO plugin v27.3 - https:\/\/yoast.com\/product\/yoast-seo-wordpress\/ -->\n<title>Sachets Probiotiques Chat Ziggy - V\u00e9torino<\/title>\n<meta name=\"description\" content=\"Les probiotiques pour chats et chatons Ziggy Care vous aident \u00e0 prendre soin de leur sant\u00e9 et de leur flore digestive gr\u00e2ce \u00e0 une formulation unique qui contribue \u00e0 favoriser un bon \u00e9quilibre intestinal, une microflore saine et qui contribue \u00e0 renforcer les d\u00e9fenses immunitaires de nos f\u00e9lins.\" \/>\n<meta name=\"robots\" content=\"noindex, nofollow\" \/>\n<meta property=\"og:locale\" content=\"fr_FR\" \/>\n<meta property=\"og:type\" content=\"article\" \/>\n<meta property=\"og:title\" content=\"Sachets Probiotiques Chat Ziggy - V\u00e9torino\" \/>\n<meta property=\"og:description\" content=\"Les probiotiques pour chats et chatons Ziggy Care vous aident \u00e0 prendre soin de leur sant\u00e9 et de leur flore digestive gr\u00e2ce \u00e0 une formulation unique qui contribue \u00e0 favoriser un bon \u00e9quilibre intestinal, une microflore saine et qui contribue \u00e0 renforcer les d\u00e9fenses immunitaires de nos f\u00e9lins.\" \/>\n<meta property=\"og:url\" content=\"https:\/\/www.vetorino.com\/veterinaire\/landos-43340\/boutique\/product\/ziggy-probiotiques-chat\/\" \/>\n<meta property=\"og:site_name\" content=\"V\u00e9torino\" \/>\n<meta property=\"article:publisher\" content=\"https:\/\/www.facebook.com\/Vetorino\/\" \/>\n<meta property=\"article:modified_time\" content=\"2024-09-26T09:16:35+00:00\" \/>\n<meta property=\"og:image\" content=\"https:\/\/www.vetorino.com\/boutique\/wp-content\/uploads\/2024\/09\/Probiotiques.2.webp\" \/>\n\t<meta property=\"og:image:width\" content=\"1080\" \/>\n\t<meta property=\"og:image:height\" content=\"1080\" \/>\n\t<meta property=\"og:image:type\" content=\"image\/webp\" \/>\n<meta name=\"twitter:card\" content=\"summary_large_image\" \/>\n<meta name=\"twitter:label1\" content=\"Prix\" \/>\n\t<meta name=\"twitter:data1\" content=\"37,72&euro;\" \/>\n\t<meta name=\"twitter:label2\" content=\"Disponibilit\u00e9\" \/>\n\t<meta name=\"twitter:data2\" content=\"En stock\" \/>\n<script type=\"application\/ld+json\" class=\"yoast-schema-graph\">{\"@context\":\"https:\\\/\\\/schema.org\",\"@graph\":[{\"@type\":\"WebPage\",\"@id\":\"https:\\\/\\\/www.vetorino.com\\\/boutique\\\/product\\\/ziggy-probiotiques-chat\\\/\",\"url\":\"https:\\\/\\\/www.vetorino.com\\\/boutique\\\/product\\\/ziggy-probiotiques-chat\\\/\",\"name\":\"Sachets Probiotiques Chat Ziggy - V\u00e9torino\",\"isPartOf\":{\"@id\":\"https:\\\/\\\/www.vetorino.com\\\/boutique\\\/#website\"},\"primaryImageOfPage\":{\"@id\":\"https:\\\/\\\/www.vetorino.com\\\/boutique\\\/product\\\/ziggy-probiotiques-chat\\\/#primaryimage\"},\"image\":{\"@id\":\"https:\\\/\\\/www.vetorino.com\\\/boutique\\\/product\\\/ziggy-probiotiques-chat\\\/#primaryimage\"},\"thumbnailUrl\":\"https:\\\/\\\/www.vetorino.com\\\/boutique\\\/wp-content\\\/uploads\\\/2024\\\/09\\\/Probiotiques.2.webp\",\"datePublished\":\"2024-09-26T08:57:26+00:00\",\"dateModified\":\"2024-09-26T09:16:35+00:00\",\"description\":\"Les probiotiques pour chats et chatons Ziggy Care vous aident \u00e0 prendre soin de leur sant\u00e9 et de leur flore digestive gr\u00e2ce \u00e0 une formulation unique qui contribue \u00e0 favoriser un bon \u00e9quilibre intestinal, une microflore saine et qui contribue \u00e0 renforcer les d\u00e9fenses immunitaires de nos f\u00e9lins.\",\"breadcrumb\":{\"@id\":\"https:\\\/\\\/www.vetorino.com\\\/boutique\\\/product\\\/ziggy-probiotiques-chat\\\/#breadcrumb\"},\"inLanguage\":\"fr-FR\",\"potentialAction\":[{\"@type\":\"ReadAction\",\"target\":[\"https:\\\/\\\/www.vetorino.com\\\/boutique\\\/product\\\/ziggy-probiotiques-chat\\\/\"]}]},{\"@type\":\"ImageObject\",\"inLanguage\":\"fr-FR\",\"@id\":\"https:\\\/\\\/www.vetorino.com\\\/boutique\\\/product\\\/ziggy-probiotiques-chat\\\/#primaryimage\",\"url\":\"https:\\\/\\\/www.vetorino.com\\\/boutique\\\/wp-content\\\/uploads\\\/2024\\\/09\\\/Probiotiques.2.webp\",\"contentUrl\":\"https:\\\/\\\/www.vetorino.com\\\/boutique\\\/wp-content\\\/uploads\\\/2024\\\/09\\\/Probiotiques.2.webp\",\"width\":1080,\"height\":1080},{\"@type\":\"BreadcrumbList\",\"@id\":\"https:\\\/\\\/www.vetorino.com\\\/boutique\\\/product\\\/ziggy-probiotiques-chat\\\/#breadcrumb\",\"itemListElement\":[{\"@type\":\"ListItem\",\"position\":1,\"name\":\"Accueil\",\"item\":\"https:\\\/\\\/www.vetorino.com\\\/boutique\\\/\"},{\"@type\":\"ListItem\",\"position\":2,\"name\":\"Produits\",\"item\":\"https:\\\/\\\/www.vetorino.com\\\/boutique\\\/\"},{\"@type\":\"ListItem\",\"position\":3,\"name\":\"Sachets Probiotiques Chat\"}]},{\"@type\":\"WebSite\",\"@id\":\"https:\\\/\\\/www.vetorino.com\\\/boutique\\\/#website\",\"url\":\"https:\\\/\\\/www.vetorino.com\\\/boutique\\\/\",\"name\":\"V\u00e9torino\",\"description\":\"\",\"publisher\":{\"@id\":\"https:\\\/\\\/www.vetorino.com\\\/boutique\\\/#organization\"},\"potentialAction\":[{\"@type\":\"SearchAction\",\"target\":{\"@type\":\"EntryPoint\",\"urlTemplate\":\"https:\\\/\\\/www.vetorino.com\\\/boutique\\\/?s={search_term_string}\"},\"query-input\":{\"@type\":\"PropertyValueSpecification\",\"valueRequired\":true,\"valueName\":\"search_term_string\"}}],\"inLanguage\":\"fr-FR\"},{\"@type\":\"Organization\",\"@id\":\"https:\\\/\\\/www.vetorino.com\\\/boutique\\\/#organization\",\"name\":\"V\u00e9torino\",\"url\":\"https:\\\/\\\/www.vetorino.com\\\/boutique\\\/\",\"logo\":{\"@type\":\"ImageObject\",\"inLanguage\":\"fr-FR\",\"@id\":\"https:\\\/\\\/www.vetorino.com\\\/boutique\\\/#\\\/schema\\\/logo\\\/image\\\/\",\"url\":\"https:\\\/\\\/www.vetorino.com\\\/boutique\\\/wp-content\\\/uploads\\\/2024\\\/10\\\/logo.jpg\",\"contentUrl\":\"https:\\\/\\\/www.vetorino.com\\\/boutique\\\/wp-content\\\/uploads\\\/2024\\\/10\\\/logo.jpg\",\"width\":1200,\"height\":610,\"caption\":\"V\u00e9torino\"},\"image\":{\"@id\":\"https:\\\/\\\/www.vetorino.com\\\/boutique\\\/#\\\/schema\\\/logo\\\/image\\\/\"},\"sameAs\":[\"https:\\\/\\\/www.facebook.com\\\/Vetorino\\\/\",\"https:\\\/\\\/www.instagram.com\\\/vetorino_off\\\/\",\"https:\\\/\\\/www.linkedin.com\\\/company\\\/vtorino\\\/\"]}]}<\/script>\n<meta property=\"product:brand\" content=\"Ziggy\" \/>\n<meta property=\"product:price:amount\" content=\"37.72\" \/>\n<meta property=\"product:price:currency\" content=\"EUR\" \/>\n<meta property=\"og:availability\" content=\"instock\" \/>\n<meta property=\"product:availability\" content=\"instock\" \/>\n<meta property=\"product:retailer_item_id\" content=\"A-1887580\" \/>\n<meta property=\"product:condition\" content=\"new\" \/>\n<!-- \/ Yoast SEO plugin. -->","yoast_head_json":{"title":"Sachets Probiotiques Chat Ziggy - V\u00e9torino","description":"Les probiotiques pour chats et chatons Ziggy Care vous aident \u00e0 prendre soin de leur sant\u00e9 et de leur flore digestive gr\u00e2ce \u00e0 une formulation unique qui contribue \u00e0 favoriser un bon \u00e9quilibre intestinal, une microflore saine et qui contribue \u00e0 renforcer les d\u00e9fenses immunitaires de nos f\u00e9lins.","robots":{"index":"noindex","follow":"nofollow"},"og_locale":"fr_FR","og_type":"article","og_title":"Sachets Probiotiques Chat Ziggy - V\u00e9torino","og_description":"Les probiotiques pour chats et chatons Ziggy Care vous aident \u00e0 prendre soin de leur sant\u00e9 et de leur flore digestive gr\u00e2ce \u00e0 une formulation unique qui contribue \u00e0 favoriser un bon \u00e9quilibre intestinal, une microflore saine et qui contribue \u00e0 renforcer les d\u00e9fenses immunitaires de nos f\u00e9lins.","og_url":"https:\/\/www.vetorino.com\/veterinaire\/landos-43340\/boutique\/product\/ziggy-probiotiques-chat\/","og_site_name":"V\u00e9torino","article_publisher":"https:\/\/www.facebook.com\/Vetorino\/","article_modified_time":"2024-09-26T09:16:35+00:00","og_image":[{"width":1080,"height":1080,"url":"https:\/\/www.vetorino.com\/boutique\/wp-content\/uploads\/2024\/09\/Probiotiques.2.webp","type":"image\/webp"}],"twitter_card":"summary_large_image","twitter_misc":{"Prix":"37,72&euro;","Disponibilit\u00e9":"En stock"},"schema":{"@context":"https:\/\/schema.org","@graph":[{"@type":"WebPage","@id":"https:\/\/www.vetorino.com\/boutique\/product\/ziggy-probiotiques-chat\/","url":"https:\/\/www.vetorino.com\/boutique\/product\/ziggy-probiotiques-chat\/","name":"Sachets Probiotiques Chat Ziggy - V\u00e9torino","isPartOf":{"@id":"https:\/\/www.vetorino.com\/boutique\/#website"},"primaryImageOfPage":{"@id":"https:\/\/www.vetorino.com\/boutique\/product\/ziggy-probiotiques-chat\/#primaryimage"},"image":{"@id":"https:\/\/www.vetorino.com\/boutique\/product\/ziggy-probiotiques-chat\/#primaryimage"},"thumbnailUrl":"https:\/\/www.vetorino.com\/boutique\/wp-content\/uploads\/2024\/09\/Probiotiques.2.webp","datePublished":"2024-09-26T08:57:26+00:00","dateModified":"2024-09-26T09:16:35+00:00","description":"Les probiotiques pour chats et chatons Ziggy Care vous aident \u00e0 prendre soin de leur sant\u00e9 et de leur flore digestive gr\u00e2ce \u00e0 une formulation unique qui contribue \u00e0 favoriser un bon \u00e9quilibre intestinal, une microflore saine et qui contribue \u00e0 renforcer les d\u00e9fenses immunitaires de nos f\u00e9lins.","breadcrumb":{"@id":"https:\/\/www.vetorino.com\/boutique\/product\/ziggy-probiotiques-chat\/#breadcrumb"},"inLanguage":"fr-FR","potentialAction":[{"@type":"ReadAction","target":["https:\/\/www.vetorino.com\/boutique\/product\/ziggy-probiotiques-chat\/"]}]},{"@type":"ImageObject","inLanguage":"fr-FR","@id":"https:\/\/www.vetorino.com\/boutique\/product\/ziggy-probiotiques-chat\/#primaryimage","url":"https:\/\/www.vetorino.com\/boutique\/wp-content\/uploads\/2024\/09\/Probiotiques.2.webp","contentUrl":"https:\/\/www.vetorino.com\/boutique\/wp-content\/uploads\/2024\/09\/Probiotiques.2.webp","width":1080,"height":1080},{"@type":"BreadcrumbList","@id":"https:\/\/www.vetorino.com\/boutique\/product\/ziggy-probiotiques-chat\/#breadcrumb","itemListElement":[{"@type":"ListItem","position":1,"name":"Accueil","item":"https:\/\/www.vetorino.com\/boutique\/"},{"@type":"ListItem","position":2,"name":"Produits","item":"https:\/\/www.vetorino.com\/boutique\/"},{"@type":"ListItem","position":3,"name":"Sachets Probiotiques Chat"}]},{"@type":"WebSite","@id":"https:\/\/www.vetorino.com\/boutique\/#website","url":"https:\/\/www.vetorino.com\/boutique\/","name":"V\u00e9torino","description":"","publisher":{"@id":"https:\/\/www.vetorino.com\/boutique\/#organization"},"potentialAction":[{"@type":"SearchAction","target":{"@type":"EntryPoint","urlTemplate":"https:\/\/www.vetorino.com\/boutique\/?s={search_term_string}"},"query-input":{"@type":"PropertyValueSpecification","valueRequired":true,"valueName":"search_term_string"}}],"inLanguage":"fr-FR"},{"@type":"Organization","@id":"https:\/\/www.vetorino.com\/boutique\/#organization","name":"V\u00e9torino","url":"https:\/\/www.vetorino.com\/boutique\/","logo":{"@type":"ImageObject","inLanguage":"fr-FR","@id":"https:\/\/www.vetorino.com\/boutique\/#\/schema\/logo\/image\/","url":"https:\/\/www.vetorino.com\/boutique\/wp-content\/uploads\/2024\/10\/logo.jpg","contentUrl":"https:\/\/www.vetorino.com\/boutique\/wp-content\/uploads\/2024\/10\/logo.jpg","width":1200,"height":610,"caption":"V\u00e9torino"},"image":{"@id":"https:\/\/www.vetorino.com\/boutique\/#\/schema\/logo\/image\/"},"sameAs":["https:\/\/www.facebook.com\/Vetorino\/","https:\/\/www.instagram.com\/vetorino_off\/","https:\/\/www.linkedin.com\/company\/vtorino\/"]}]},"product_brand":"Ziggy","product_price_amount":"37.72","product_price_currency":"EUR","og_availability":"instock","product_availability":"instock","product_retailer_item_id":"A-1887580","product_condition":"new"},"_links":{"self":[{"href":"https:\/\/www.vetorino.com\/veterinaire\/landos-43340\/boutique\/wp-json\/wp\/v2\/product\/1036720","targetHints":{"allow":["GET"]}}],"collection":[{"href":"https:\/\/www.vetorino.com\/veterinaire\/landos-43340\/boutique\/wp-json\/wp\/v2\/product"}],"about":[{"href":"https:\/\/www.vetorino.com\/veterinaire\/landos-43340\/boutique\/wp-json\/wp\/v2\/types\/product"}],"wp:featuredmedia":[{"embeddable":true,"href":"https:\/\/www.vetorino.com\/veterinaire\/landos-43340\/boutique\/wp-json\/wp\/v2\/media\/1036730"}],"wp:attachment":[{"href":"https:\/\/www.vetorino.com\/veterinaire\/landos-43340\/boutique\/wp-json\/wp\/v2\/media?parent=1036720"}],"wp:term":[{"taxonomy":"product_cat","embeddable":true,"href":"https:\/\/www.vetorino.com\/veterinaire\/landos-43340\/boutique\/wp-json\/wp\/v2\/product_cat?post=1036720"},{"taxonomy":"product_tag","embeddable":true,"href":"https:\/\/www.vetorino.com\/veterinaire\/landos-43340\/boutique\/wp-json\/wp\/v2\/product_tag?post=1036720"}],"curies":[{"name":"wp","href":"https:\/\/api.w.org\/{rel}","templated":true}]}}