{"id":1115201,"date":"2024-11-29T09:35:04","date_gmt":"2024-11-29T08:35:04","guid":{"rendered":"https:\/\/www.vetorino.com\/boutique\/product\/jouet-pop-strong\/"},"modified":"2025-08-18T15:56:58","modified_gmt":"2025-08-18T13:56:58","slug":"jouet-pop-strong","status":"publish","type":"product","link":"https:\/\/www.vetorino.com\/veterinaire\/landos-43340\/boutique\/product\/jouet-pop-strong\/","title":{"rendered":"Jouet Strong Pop &#8211; chien"},"content":{"rendered":"<p><strong>Jouet en forme d\u2019halt\u00e8re de haute qualit\u00e9, tr\u00e8s r\u00e9sistant, muni de picots sur la partie centrale.<\/strong><\/p>\n<p>Polyvalent, Strong est destin\u00e9 \u00e0 l\u2019amusement, l\u2019\u00e9ducation ainsi que l\u2019hygi\u00e8ne buccodentaire.<\/p>\n<p><strong>Avantages :<\/strong><\/p>\n<ul>\n<li>L\u00e9ger et rebondissant, il poss\u00e8de deux orifices pouvant \u00eatre garnis de nourriture.<\/li>\n<li>Sa conception permet plusieurs possibilit\u00e9s de prise en bouche, avec des dimensions adapt\u00e9es \u00e0 la m\u00e2choire du chien.<\/li>\n<li>Disponible en 3 tailles de duret\u00e9s pour satisfaire petits et grands chiens.<\/li>\n<li>Se d\u00e9cline en 3 couleurs diff\u00e9rentes selon la taille et la duret\u00e9 : vert, orange, violet.<\/li>\n<li>Vendu \u00e0 l\u2019unit\u00e9. Emballage individuel cartonn\u00e9.<\/li>\n<\/ul>\n<p><strong>Ce produit est propos\u00e9 en trois mod\u00e8les :\u00a0<\/strong><\/p>\n<ul>\n<li><strong>Niveau 1\u00a0 : Vert<\/strong> &#8211; Longueur : 11 cm &#8211; Duret\u00e9 : 45 Shore<\/li>\n<li><strong>Niveau 2 : Orange<\/strong> &#8211; Longueur : 13 cm &#8211; Duret\u00e9 : 50 Shore<\/li>\n<li><strong>Niveau 3 : Violet<\/strong> &#8211; Longueur : 15 cm &#8211; Duret\u00e9 : 55 Shore<\/li>\n<\/ul>\n","protected":false},"excerpt":{"rendered":"<p><strong>Jouet en forme d\u2019halt\u00e8re de haute qualit\u00e9, tr\u00e8s r\u00e9sistant, muni de picots sur la partie centrale.<\/strong><\/p>\n<p>Polyvalent, Strong est destin\u00e9 \u00e0 l\u2019amusement, l\u2019\u00e9ducation ainsi que l\u2019hygi\u00e8ne buccodentaire.<\/p>\n<p><strong>Ce produit est propos\u00e9 en trois mod\u00e8les :\u00a0<\/strong><\/p>\n<ul>\n<li><strong>Niveau 1\u00a0 : Vert<\/strong> &#8211; Longueur : 11 cm &#8211; Duret\u00e9 : 45 Shore<\/li>\n<li><strong>Niveau 2 : Orange<\/strong> &#8211; Longueur : 13 cm &#8211; Duret\u00e9 : 50 Shore<\/li>\n<li><strong>Niveau 3 : Violet<\/strong> &#8211; Longueur : 15 cm &#8211; Duret\u00e9 : 55 Shore<\/li>\n<\/ul>\n","protected":false},"featured_media":1079451,"template":"","meta":[],"product_cat":[12550,2698,2802,12621],"product_tag":[],"class_list":{"0":"post-1115201","1":"product","2":"type-product","3":"status-publish","4":"has-post-thumbnail","6":"product_cat-accessoires-du-chien","7":"product_cat-chien","8":"product_cat-jouets-a-macher-pour-chien","9":"product_cat-jeux-educatifs-pour-chien","10":"pa_marque-vetopop","12":"first","13":"instock","14":"taxable","15":"shipping-taxable","16":"purchasable","17":"product-type-variable"},"yoast_head":"<!-- This site is optimized with the Yoast SEO plugin v27.3 - https:\/\/yoast.com\/product\/yoast-seo-wordpress\/ -->\n<title>Jouet Strong Pop - chien V\u00e9topop - V\u00e9torino<\/title>\n<meta name=\"description\" content=\"Jouet en forme d\u2019halt\u00e8re de haute qualit\u00e9, tr\u00e8s r\u00e9sistant, muni de picots sur la partie centrale.  Polyvalent, Strong est destin\u00e9 \u00e0 l\u2019amusement, l\u2019\u00e9ducation ainsi que l\u2019hygi\u00e8ne buccodentaire.  Ce produit est propos\u00e9 en trois mod\u00e8les :\u00a0   Niveau 1\u00a0 : Vert - Longueur : 11 cm - Duret\u00e9 : 45 Shore  Niveau 2 : Orange - Longueur : 13 cm - Duret\u00e9 : 50 Shore  Niveau 3 : Violet - Longueur : 15 cm - Duret\u00e9 : 55 Shore\" \/>\n<meta name=\"robots\" content=\"noindex, nofollow\" \/>\n<meta property=\"og:locale\" content=\"fr_FR\" \/>\n<meta property=\"og:type\" content=\"article\" \/>\n<meta property=\"og:title\" content=\"Jouet Strong Pop - chien V\u00e9topop - V\u00e9torino\" \/>\n<meta property=\"og:description\" content=\"Jouet en forme d\u2019halt\u00e8re de haute qualit\u00e9, tr\u00e8s r\u00e9sistant, muni de picots sur la partie centrale.  Polyvalent, Strong est destin\u00e9 \u00e0 l\u2019amusement, l\u2019\u00e9ducation ainsi que l\u2019hygi\u00e8ne buccodentaire.  Ce produit est propos\u00e9 en trois mod\u00e8les :\u00a0   Niveau 1\u00a0 : Vert - Longueur : 11 cm - Duret\u00e9 : 45 Shore  Niveau 2 : Orange - Longueur : 13 cm - Duret\u00e9 : 50 Shore  Niveau 3 : Violet - Longueur : 15 cm - Duret\u00e9 : 55 Shore\" \/>\n<meta property=\"og:url\" content=\"https:\/\/www.vetorino.com\/veterinaire\/landos-43340\/boutique\/product\/jouet-pop-strong\/\" \/>\n<meta property=\"og:site_name\" content=\"V\u00e9torino\" \/>\n<meta property=\"article:publisher\" content=\"https:\/\/www.facebook.com\/Vetorino\/\" \/>\n<meta property=\"article:modified_time\" content=\"2025-08-18T13:56:58+00:00\" \/>\n<meta property=\"og:image\" content=\"https:\/\/www.vetorino.com\/boutique\/wp-content\/uploads\/2024\/10\/strong-pop-level-1.webp\" \/>\n\t<meta property=\"og:image:width\" content=\"800\" \/>\n\t<meta property=\"og:image:height\" content=\"800\" \/>\n\t<meta property=\"og:image:type\" content=\"image\/webp\" \/>\n<meta name=\"twitter:card\" content=\"summary_large_image\" \/>\n<meta name=\"twitter:label1\" content=\"Disponibilit\u00e9\" \/>\n\t<meta name=\"twitter:data1\" content=\"En stock\" \/>\n<script type=\"application\/ld+json\" class=\"yoast-schema-graph\">{\"@context\":\"https:\\\/\\\/schema.org\",\"@graph\":[{\"@type\":\"WebPage\",\"@id\":\"https:\\\/\\\/www.vetorino.com\\\/veterinaire\\\/pontarlier-25300\\\/boutique\\\/product\\\/jouet-pop-strong\\\/\",\"url\":\"https:\\\/\\\/www.vetorino.com\\\/veterinaire\\\/pontarlier-25300\\\/boutique\\\/product\\\/jouet-pop-strong\\\/\",\"name\":\"Jouet Strong Pop - chien V\u00e9topop - V\u00e9torino\",\"isPartOf\":{\"@id\":\"https:\\\/\\\/www.vetorino.com\\\/boutique\\\/#website\"},\"primaryImageOfPage\":{\"@id\":\"https:\\\/\\\/www.vetorino.com\\\/veterinaire\\\/pontarlier-25300\\\/boutique\\\/product\\\/jouet-pop-strong\\\/#primaryimage\"},\"image\":{\"@id\":\"https:\\\/\\\/www.vetorino.com\\\/veterinaire\\\/pontarlier-25300\\\/boutique\\\/product\\\/jouet-pop-strong\\\/#primaryimage\"},\"thumbnailUrl\":\"https:\\\/\\\/www.vetorino.com\\\/boutique\\\/wp-content\\\/uploads\\\/2024\\\/10\\\/strong-pop-level-1.webp\",\"datePublished\":\"2024-11-29T08:35:04+00:00\",\"dateModified\":\"2025-08-18T13:56:58+00:00\",\"description\":\"Jouet en forme d\u2019halt\u00e8re de haute qualit\u00e9, tr\u00e8s r\u00e9sistant, muni de picots sur la partie centrale. Polyvalent, Strong est destin\u00e9 \u00e0 l\u2019amusement, l\u2019\u00e9ducation ainsi que l\u2019hygi\u00e8ne buccodentaire. Ce produit est propos\u00e9 en trois mod\u00e8les :\u00a0 Niveau 1\u00a0 : Vert - Longueur : 11 cm - Duret\u00e9 : 45 Shore Niveau 2 : Orange - Longueur : 13 cm - Duret\u00e9 : 50 Shore Niveau 3 : Violet - Longueur : 15 cm - Duret\u00e9 : 55 Shore\",\"breadcrumb\":{\"@id\":\"https:\\\/\\\/www.vetorino.com\\\/veterinaire\\\/pontarlier-25300\\\/boutique\\\/product\\\/jouet-pop-strong\\\/#breadcrumb\"},\"inLanguage\":\"fr-FR\",\"potentialAction\":[{\"@type\":\"ReadAction\",\"target\":[\"https:\\\/\\\/www.vetorino.com\\\/veterinaire\\\/pontarlier-25300\\\/boutique\\\/product\\\/jouet-pop-strong\\\/\"]}]},{\"@type\":\"ImageObject\",\"inLanguage\":\"fr-FR\",\"@id\":\"https:\\\/\\\/www.vetorino.com\\\/veterinaire\\\/pontarlier-25300\\\/boutique\\\/product\\\/jouet-pop-strong\\\/#primaryimage\",\"url\":\"https:\\\/\\\/www.vetorino.com\\\/boutique\\\/wp-content\\\/uploads\\\/2024\\\/10\\\/strong-pop-level-1.webp\",\"contentUrl\":\"https:\\\/\\\/www.vetorino.com\\\/boutique\\\/wp-content\\\/uploads\\\/2024\\\/10\\\/strong-pop-level-1.webp\",\"width\":800,\"height\":800},{\"@type\":\"BreadcrumbList\",\"@id\":\"https:\\\/\\\/www.vetorino.com\\\/veterinaire\\\/pontarlier-25300\\\/boutique\\\/product\\\/jouet-pop-strong\\\/#breadcrumb\",\"itemListElement\":[{\"@type\":\"ListItem\",\"position\":1,\"name\":\"Accueil\",\"item\":\"https:\\\/\\\/www.vetorino.com\\\/boutique\\\/\"},{\"@type\":\"ListItem\",\"position\":2,\"name\":\"Produits\",\"item\":\"https:\\\/\\\/www.vetorino.com\\\/boutique\\\/\"},{\"@type\":\"ListItem\",\"position\":3,\"name\":\"Jouet Strong Pop &#8211; chien\"}]},{\"@type\":\"WebSite\",\"@id\":\"https:\\\/\\\/www.vetorino.com\\\/boutique\\\/#website\",\"url\":\"https:\\\/\\\/www.vetorino.com\\\/boutique\\\/\",\"name\":\"V\u00e9torino\",\"description\":\"\",\"publisher\":{\"@id\":\"https:\\\/\\\/www.vetorino.com\\\/boutique\\\/#organization\"},\"potentialAction\":[{\"@type\":\"SearchAction\",\"target\":{\"@type\":\"EntryPoint\",\"urlTemplate\":\"https:\\\/\\\/www.vetorino.com\\\/boutique\\\/?s={search_term_string}\"},\"query-input\":{\"@type\":\"PropertyValueSpecification\",\"valueRequired\":true,\"valueName\":\"search_term_string\"}}],\"inLanguage\":\"fr-FR\"},{\"@type\":\"Organization\",\"@id\":\"https:\\\/\\\/www.vetorino.com\\\/boutique\\\/#organization\",\"name\":\"V\u00e9torino\",\"url\":\"https:\\\/\\\/www.vetorino.com\\\/boutique\\\/\",\"logo\":{\"@type\":\"ImageObject\",\"inLanguage\":\"fr-FR\",\"@id\":\"https:\\\/\\\/www.vetorino.com\\\/boutique\\\/#\\\/schema\\\/logo\\\/image\\\/\",\"url\":\"https:\\\/\\\/www.vetorino.com\\\/boutique\\\/wp-content\\\/uploads\\\/2024\\\/10\\\/logo.jpg\",\"contentUrl\":\"https:\\\/\\\/www.vetorino.com\\\/boutique\\\/wp-content\\\/uploads\\\/2024\\\/10\\\/logo.jpg\",\"width\":1200,\"height\":610,\"caption\":\"V\u00e9torino\"},\"image\":{\"@id\":\"https:\\\/\\\/www.vetorino.com\\\/boutique\\\/#\\\/schema\\\/logo\\\/image\\\/\"},\"sameAs\":[\"https:\\\/\\\/www.facebook.com\\\/Vetorino\\\/\",\"https:\\\/\\\/www.instagram.com\\\/vetorino_off\\\/\",\"https:\\\/\\\/www.linkedin.com\\\/company\\\/vtorino\\\/\"]}]}<\/script>\n<meta property=\"product:brand\" content=\"V\u00e9topop\" \/>\n<meta property=\"og:availability\" content=\"instock\" \/>\n<meta property=\"product:availability\" content=\"instock\" \/>\n<meta property=\"product:condition\" content=\"new\" \/>\n<!-- \/ Yoast SEO plugin. -->","yoast_head_json":{"title":"Jouet Strong Pop - chien V\u00e9topop - V\u00e9torino","description":"Jouet en forme d\u2019halt\u00e8re de haute qualit\u00e9, tr\u00e8s r\u00e9sistant, muni de picots sur la partie centrale.  Polyvalent, Strong est destin\u00e9 \u00e0 l\u2019amusement, l\u2019\u00e9ducation ainsi que l\u2019hygi\u00e8ne buccodentaire.  Ce produit est propos\u00e9 en trois mod\u00e8les :\u00a0   Niveau 1\u00a0 : Vert - Longueur : 11 cm - Duret\u00e9 : 45 Shore  Niveau 2 : Orange - Longueur : 13 cm - Duret\u00e9 : 50 Shore  Niveau 3 : Violet - Longueur : 15 cm - Duret\u00e9 : 55 Shore","robots":{"index":"noindex","follow":"nofollow"},"og_locale":"fr_FR","og_type":"article","og_title":"Jouet Strong Pop - chien V\u00e9topop - V\u00e9torino","og_description":"Jouet en forme d\u2019halt\u00e8re de haute qualit\u00e9, tr\u00e8s r\u00e9sistant, muni de picots sur la partie centrale.  Polyvalent, Strong est destin\u00e9 \u00e0 l\u2019amusement, l\u2019\u00e9ducation ainsi que l\u2019hygi\u00e8ne buccodentaire.  Ce produit est propos\u00e9 en trois mod\u00e8les :\u00a0   Niveau 1\u00a0 : Vert - Longueur : 11 cm - Duret\u00e9 : 45 Shore  Niveau 2 : Orange - Longueur : 13 cm - Duret\u00e9 : 50 Shore  Niveau 3 : Violet - Longueur : 15 cm - Duret\u00e9 : 55 Shore","og_url":"https:\/\/www.vetorino.com\/veterinaire\/landos-43340\/boutique\/product\/jouet-pop-strong\/","og_site_name":"V\u00e9torino","article_publisher":"https:\/\/www.facebook.com\/Vetorino\/","article_modified_time":"2025-08-18T13:56:58+00:00","og_image":[{"width":800,"height":800,"url":"https:\/\/www.vetorino.com\/boutique\/wp-content\/uploads\/2024\/10\/strong-pop-level-1.webp","type":"image\/webp"}],"twitter_card":"summary_large_image","twitter_misc":{"Disponibilit\u00e9":"En stock"},"schema":{"@context":"https:\/\/schema.org","@graph":[{"@type":"WebPage","@id":"https:\/\/www.vetorino.com\/veterinaire\/pontarlier-25300\/boutique\/product\/jouet-pop-strong\/","url":"https:\/\/www.vetorino.com\/veterinaire\/pontarlier-25300\/boutique\/product\/jouet-pop-strong\/","name":"Jouet Strong Pop - chien V\u00e9topop - V\u00e9torino","isPartOf":{"@id":"https:\/\/www.vetorino.com\/boutique\/#website"},"primaryImageOfPage":{"@id":"https:\/\/www.vetorino.com\/veterinaire\/pontarlier-25300\/boutique\/product\/jouet-pop-strong\/#primaryimage"},"image":{"@id":"https:\/\/www.vetorino.com\/veterinaire\/pontarlier-25300\/boutique\/product\/jouet-pop-strong\/#primaryimage"},"thumbnailUrl":"https:\/\/www.vetorino.com\/boutique\/wp-content\/uploads\/2024\/10\/strong-pop-level-1.webp","datePublished":"2024-11-29T08:35:04+00:00","dateModified":"2025-08-18T13:56:58+00:00","description":"Jouet en forme d\u2019halt\u00e8re de haute qualit\u00e9, tr\u00e8s r\u00e9sistant, muni de picots sur la partie centrale. Polyvalent, Strong est destin\u00e9 \u00e0 l\u2019amusement, l\u2019\u00e9ducation ainsi que l\u2019hygi\u00e8ne buccodentaire. Ce produit est propos\u00e9 en trois mod\u00e8les :\u00a0 Niveau 1\u00a0 : Vert - Longueur : 11 cm - Duret\u00e9 : 45 Shore Niveau 2 : Orange - Longueur : 13 cm - Duret\u00e9 : 50 Shore Niveau 3 : Violet - Longueur : 15 cm - Duret\u00e9 : 55 Shore","breadcrumb":{"@id":"https:\/\/www.vetorino.com\/veterinaire\/pontarlier-25300\/boutique\/product\/jouet-pop-strong\/#breadcrumb"},"inLanguage":"fr-FR","potentialAction":[{"@type":"ReadAction","target":["https:\/\/www.vetorino.com\/veterinaire\/pontarlier-25300\/boutique\/product\/jouet-pop-strong\/"]}]},{"@type":"ImageObject","inLanguage":"fr-FR","@id":"https:\/\/www.vetorino.com\/veterinaire\/pontarlier-25300\/boutique\/product\/jouet-pop-strong\/#primaryimage","url":"https:\/\/www.vetorino.com\/boutique\/wp-content\/uploads\/2024\/10\/strong-pop-level-1.webp","contentUrl":"https:\/\/www.vetorino.com\/boutique\/wp-content\/uploads\/2024\/10\/strong-pop-level-1.webp","width":800,"height":800},{"@type":"BreadcrumbList","@id":"https:\/\/www.vetorino.com\/veterinaire\/pontarlier-25300\/boutique\/product\/jouet-pop-strong\/#breadcrumb","itemListElement":[{"@type":"ListItem","position":1,"name":"Accueil","item":"https:\/\/www.vetorino.com\/boutique\/"},{"@type":"ListItem","position":2,"name":"Produits","item":"https:\/\/www.vetorino.com\/boutique\/"},{"@type":"ListItem","position":3,"name":"Jouet Strong Pop &#8211; chien"}]},{"@type":"WebSite","@id":"https:\/\/www.vetorino.com\/boutique\/#website","url":"https:\/\/www.vetorino.com\/boutique\/","name":"V\u00e9torino","description":"","publisher":{"@id":"https:\/\/www.vetorino.com\/boutique\/#organization"},"potentialAction":[{"@type":"SearchAction","target":{"@type":"EntryPoint","urlTemplate":"https:\/\/www.vetorino.com\/boutique\/?s={search_term_string}"},"query-input":{"@type":"PropertyValueSpecification","valueRequired":true,"valueName":"search_term_string"}}],"inLanguage":"fr-FR"},{"@type":"Organization","@id":"https:\/\/www.vetorino.com\/boutique\/#organization","name":"V\u00e9torino","url":"https:\/\/www.vetorino.com\/boutique\/","logo":{"@type":"ImageObject","inLanguage":"fr-FR","@id":"https:\/\/www.vetorino.com\/boutique\/#\/schema\/logo\/image\/","url":"https:\/\/www.vetorino.com\/boutique\/wp-content\/uploads\/2024\/10\/logo.jpg","contentUrl":"https:\/\/www.vetorino.com\/boutique\/wp-content\/uploads\/2024\/10\/logo.jpg","width":1200,"height":610,"caption":"V\u00e9torino"},"image":{"@id":"https:\/\/www.vetorino.com\/boutique\/#\/schema\/logo\/image\/"},"sameAs":["https:\/\/www.facebook.com\/Vetorino\/","https:\/\/www.instagram.com\/vetorino_off\/","https:\/\/www.linkedin.com\/company\/vtorino\/"]}]},"product_brand":"V\u00e9topop","og_availability":"instock","product_availability":"instock","product_condition":"new"},"_links":{"self":[{"href":"https:\/\/www.vetorino.com\/veterinaire\/landos-43340\/boutique\/wp-json\/wp\/v2\/product\/1115201","targetHints":{"allow":["GET"]}}],"collection":[{"href":"https:\/\/www.vetorino.com\/veterinaire\/landos-43340\/boutique\/wp-json\/wp\/v2\/product"}],"about":[{"href":"https:\/\/www.vetorino.com\/veterinaire\/landos-43340\/boutique\/wp-json\/wp\/v2\/types\/product"}],"wp:featuredmedia":[{"embeddable":true,"href":"https:\/\/www.vetorino.com\/veterinaire\/landos-43340\/boutique\/wp-json\/wp\/v2\/media\/1079451"}],"wp:attachment":[{"href":"https:\/\/www.vetorino.com\/veterinaire\/landos-43340\/boutique\/wp-json\/wp\/v2\/media?parent=1115201"}],"wp:term":[{"taxonomy":"product_cat","embeddable":true,"href":"https:\/\/www.vetorino.com\/veterinaire\/landos-43340\/boutique\/wp-json\/wp\/v2\/product_cat?post=1115201"},{"taxonomy":"product_tag","embeddable":true,"href":"https:\/\/www.vetorino.com\/veterinaire\/landos-43340\/boutique\/wp-json\/wp\/v2\/product_tag?post=1115201"}],"curies":[{"name":"wp","href":"https:\/\/api.w.org\/{rel}","templated":true}]}}