{"id":1299319,"date":"2025-04-22T11:14:56","date_gmt":"2025-04-22T09:14:56","guid":{"rendered":"https:\/\/www.vetorino.com\/boutique\/product\/peptivet-oto-gel-4\/"},"modified":"2025-04-30T14:35:49","modified_gmt":"2025-04-30T12:35:49","slug":"peptivet-oto-gel-4","status":"publish","type":"product","link":"https:\/\/www.vetorino.com\/veterinaire\/landos-43340\/boutique\/product\/peptivet-oto-gel-4\/","title":{"rendered":"Peptivet Oto Gel"},"content":{"rendered":"<div class=\"elementor-element elementor-element-d922b92 elementor-widget elementor-widget-text-editor\" data-id=\"d922b92\" data-element_type=\"text-editor.default\">\n<div class=\"elementor-widget-container\">\n<div class=\"elementor-text-editor elementor-clearfix\">\n<p><strong>Gel assainissant pour le<\/strong> <strong>nettoyage en profondeur des oreilles<\/strong> des chiens et des chats, aux effets hydratants et apaisants. \u00c0 base du peptide AMP2041, de Tris-EDTA et de digluconate de chlorhexidine ayant des actions synergiques.<\/p>\n<\/div>\n<\/div>\n<\/div>\n<div class=\"elementor-element elementor-element-41e7bc33 elementor-widget elementor-widget-text-editor\" data-id=\"41e7bc33\" data-element_type=\"text-editor.default\">\n<div class=\"elementor-widget-container\">\n<div class=\"elementor-text-editor elementor-clearfix\">\n<p>&#8220;Peptivet\u00ae Oto Gel&#8221; est un gel innovant assainissant<strong> hydratant et apaisant<\/strong> pour les oreilles des chiens et des chats. Le gel contient des ingr\u00e9dients qui soutiennent la fonction de la barri\u00e8re cutan\u00e9e, hydratent, aident \u00e0 apaiser et adoucir la peau.<\/p>\n<p><strong>Comment utiliser Peptivet Oto Gel :<\/strong><\/p>\n<p>1. Nettoyer d&#8217;abord le conduit auditif avec Otoact\u00ae ou Otodine\u00ae.<\/p>\n<p>2. Appliquer le gel toutes les 48 heures (ou selon les indications du v\u00e9t\u00e9rinaire).<\/p>\n<p>&#8211; Pour les chiens de\u00a0<strong>petite et moyenne taille<\/strong>\u00a0: appliquer\u00a0<strong>2 pompes de gel<\/strong>.<\/p>\n<p>&#8211; Pour les<strong>\u00a0grands chiens<\/strong>\u00a0: appliquer\u00a0<strong>3 pompes de gel<\/strong><\/p>\n<p>&#8211; Pour<strong>\u00a0les chats<\/strong>\u00a0: appliquer<strong>\u00a01 pompe de gel\u00a0<\/strong><\/p>\n<p>3. Masser d\u00e9licatement la base du conduit auditif pour assurer une bonne r\u00e9partition dans le conduit.<\/p>\n<p>4. Ne pas utiliser chez les chiens ou les chats pr\u00e9sentant une rupture du tympan.<\/p>\n<p><strong>Avantages :<\/strong>\u00a0Le gel modifie la perm\u00e9abilit\u00e9 des membranes cellulaires des bact\u00e9ries et des champignons et fait de minuscules trous dans les membranes bact\u00e9riennes et fongiques, ce qui inhibe la production d&#8217;ATP (Ad\u00e9nosine Triphosphate) et d&#8217;autres processus m\u00e9taboliques jusqu&#8217;\u00e0 la mort du microbe.&#8221;<\/p>\n<\/div>\n<\/div>\n<\/div>\n","protected":false},"excerpt":{"rendered":"<div class=\"elementor-element elementor-element-d922b92 elementor-widget elementor-widget-text-editor\" data-id=\"d922b92\" data-element_type=\"text-editor.default\">\n<div class=\"elementor-widget-container\">\n<div class=\"elementor-text-editor elementor-clearfix\">\n<p><strong>Gel assainissant pour le<\/strong> <strong>nettoyage en profondeur des oreilles<\/strong> des chiens et des chats, aux effets hydratants et apaisants. \u00c0 base du peptide AMP2041, de Tris-EDTA et de digluconate de chlorhexidine ayant des actions synergiques.<\/p>\n<\/div>\n<\/div>\n<\/div>\n<div class=\"elementor-element elementor-element-41e7bc33 elementor-widget elementor-widget-text-editor\" data-id=\"41e7bc33\" data-element_type=\"text-editor.default\">\n<div class=\"elementor-widget-container\">\n<div class=\"elementor-text-editor elementor-clearfix\">\n<p>&#8220;Peptivet\u00ae Oto Gel&#8221; est un gel innovant assainissant<strong> hydratant et apaisant<\/strong> pour les oreilles des chiens et des chats. Le gel contient des ingr\u00e9dients qui soutiennent la fonction de la barri\u00e8re cutan\u00e9e, hydratent, aident \u00e0 apaiser et adoucir la peau.<\/p>\n<\/div>\n<\/div>\n<\/div>\n","protected":false},"featured_media":1310038,"template":"","meta":[],"product_cat":[2697,2698,12613,12614,12560,12561],"product_tag":[],"class_list":{"0":"post-1299319","1":"product","2":"type-product","3":"status-publish","4":"has-post-thumbnail","6":"product_cat-chat","7":"product_cat-chien","8":"product_cat-hygiene-des-oreilles-du-chat","9":"product_cat-hygiene-des-oreilles-du-chien","10":"product_cat-hygiene-du-chat","11":"product_cat-hygiene-du-chien","12":"pa_marque-nextmune","14":"first","15":"instock","16":"taxable","17":"shipping-taxable","18":"purchasable","19":"product-type-simple"},"yoast_head":"<!-- This site is optimized with the Yoast SEO plugin v27.3 - https:\/\/yoast.com\/product\/yoast-seo-wordpress\/ -->\n<title>Peptivet Oto Gel NEXTMUNE - V\u00e9torino<\/title>\n<meta name=\"description\" content=\"Gel assainissant pour le nettoyage en profondeur des oreilles des chiens et des chats, aux effets hydratants et apaisants. \u00c0 base du peptide AMP2041, de Tris-EDTA et de digluconate de chlorhexidine ayant des actions synergiques.         &quot;Peptivet\u00ae Oto Gel&quot; est un gel innovant assainissant hydratant et apaisant pour les oreilles des chiens et des chats. Le gel contient des ingr\u00e9dients qui soutiennent la fonction de la barri\u00e8re cutan\u00e9e, hydratent, aident \u00e0 apaiser et adoucir la peau.\" \/>\n<meta name=\"robots\" content=\"noindex, nofollow\" \/>\n<meta property=\"og:locale\" content=\"fr_FR\" \/>\n<meta property=\"og:type\" content=\"article\" \/>\n<meta property=\"og:title\" content=\"Peptivet Oto Gel NEXTMUNE - V\u00e9torino\" \/>\n<meta property=\"og:description\" content=\"Gel assainissant pour le nettoyage en profondeur des oreilles des chiens et des chats, aux effets hydratants et apaisants. \u00c0 base du peptide AMP2041, de Tris-EDTA et de digluconate de chlorhexidine ayant des actions synergiques.         &quot;Peptivet\u00ae Oto Gel&quot; est un gel innovant assainissant hydratant et apaisant pour les oreilles des chiens et des chats. Le gel contient des ingr\u00e9dients qui soutiennent la fonction de la barri\u00e8re cutan\u00e9e, hydratent, aident \u00e0 apaiser et adoucir la peau.\" \/>\n<meta property=\"og:url\" content=\"https:\/\/www.vetorino.com\/veterinaire\/landos-43340\/boutique\/product\/peptivet-oto-gel-4\/\" \/>\n<meta property=\"og:site_name\" content=\"V\u00e9torino\" \/>\n<meta property=\"article:publisher\" content=\"https:\/\/www.facebook.com\/Vetorino\/\" \/>\n<meta property=\"article:modified_time\" content=\"2025-04-30T12:35:49+00:00\" \/>\n<meta property=\"og:image\" content=\"https:\/\/www.vetorino.com\/boutique\/wp-content\/uploads\/2025\/04\/mp-labo-peptivet.jpg\" \/>\n\t<meta property=\"og:image:width\" content=\"800\" \/>\n\t<meta property=\"og:image:height\" content=\"800\" \/>\n\t<meta property=\"og:image:type\" content=\"image\/jpeg\" \/>\n<meta name=\"twitter:card\" content=\"summary_large_image\" \/>\n<meta name=\"twitter:label1\" content=\"Prix\" \/>\n\t<meta name=\"twitter:data1\" content=\"30,77&euro;\" \/>\n\t<meta name=\"twitter:label2\" content=\"Disponibilit\u00e9\" \/>\n\t<meta name=\"twitter:data2\" content=\"En stock\" \/>\n<script type=\"application\/ld+json\" class=\"yoast-schema-graph\">{\"@context\":\"https:\\\/\\\/schema.org\",\"@graph\":[{\"@type\":\"WebPage\",\"@id\":\"https:\\\/\\\/www.vetorino.com\\\/boutique\\\/product\\\/peptivet-oto-gel-4\\\/\",\"url\":\"https:\\\/\\\/www.vetorino.com\\\/boutique\\\/product\\\/peptivet-oto-gel-4\\\/\",\"name\":\"Peptivet Oto Gel NEXTMUNE - V\u00e9torino\",\"isPartOf\":{\"@id\":\"https:\\\/\\\/www.vetorino.com\\\/boutique\\\/#website\"},\"primaryImageOfPage\":{\"@id\":\"https:\\\/\\\/www.vetorino.com\\\/boutique\\\/product\\\/peptivet-oto-gel-4\\\/#primaryimage\"},\"image\":{\"@id\":\"https:\\\/\\\/www.vetorino.com\\\/boutique\\\/product\\\/peptivet-oto-gel-4\\\/#primaryimage\"},\"thumbnailUrl\":\"https:\\\/\\\/www.vetorino.com\\\/boutique\\\/wp-content\\\/uploads\\\/2025\\\/04\\\/mp-labo-peptivet.jpg\",\"datePublished\":\"2025-04-22T09:14:56+00:00\",\"dateModified\":\"2025-04-30T12:35:49+00:00\",\"description\":\"Gel assainissant pour le nettoyage en profondeur des oreilles des chiens et des chats, aux effets hydratants et apaisants. \u00c0 base du peptide AMP2041, de Tris-EDTA et de digluconate de chlorhexidine ayant des actions synergiques. \\\"Peptivet\u00ae Oto Gel\\\" est un gel innovant assainissant hydratant et apaisant pour les oreilles des chiens et des chats. Le gel contient des ingr\u00e9dients qui soutiennent la fonction de la barri\u00e8re cutan\u00e9e, hydratent, aident \u00e0 apaiser et adoucir la peau.\",\"breadcrumb\":{\"@id\":\"https:\\\/\\\/www.vetorino.com\\\/boutique\\\/product\\\/peptivet-oto-gel-4\\\/#breadcrumb\"},\"inLanguage\":\"fr-FR\",\"potentialAction\":[{\"@type\":\"ReadAction\",\"target\":[\"https:\\\/\\\/www.vetorino.com\\\/boutique\\\/product\\\/peptivet-oto-gel-4\\\/\"]}]},{\"@type\":\"ImageObject\",\"inLanguage\":\"fr-FR\",\"@id\":\"https:\\\/\\\/www.vetorino.com\\\/boutique\\\/product\\\/peptivet-oto-gel-4\\\/#primaryimage\",\"url\":\"https:\\\/\\\/www.vetorino.com\\\/boutique\\\/wp-content\\\/uploads\\\/2025\\\/04\\\/mp-labo-peptivet.jpg\",\"contentUrl\":\"https:\\\/\\\/www.vetorino.com\\\/boutique\\\/wp-content\\\/uploads\\\/2025\\\/04\\\/mp-labo-peptivet.jpg\",\"width\":800,\"height\":800},{\"@type\":\"BreadcrumbList\",\"@id\":\"https:\\\/\\\/www.vetorino.com\\\/boutique\\\/product\\\/peptivet-oto-gel-4\\\/#breadcrumb\",\"itemListElement\":[{\"@type\":\"ListItem\",\"position\":1,\"name\":\"Accueil\",\"item\":\"https:\\\/\\\/www.vetorino.com\\\/boutique\\\/\"},{\"@type\":\"ListItem\",\"position\":2,\"name\":\"Produits\",\"item\":\"https:\\\/\\\/www.vetorino.com\\\/boutique\\\/\"},{\"@type\":\"ListItem\",\"position\":3,\"name\":\"Peptivet Oto Gel\"}]},{\"@type\":\"WebSite\",\"@id\":\"https:\\\/\\\/www.vetorino.com\\\/boutique\\\/#website\",\"url\":\"https:\\\/\\\/www.vetorino.com\\\/boutique\\\/\",\"name\":\"V\u00e9torino\",\"description\":\"\",\"publisher\":{\"@id\":\"https:\\\/\\\/www.vetorino.com\\\/boutique\\\/#organization\"},\"potentialAction\":[{\"@type\":\"SearchAction\",\"target\":{\"@type\":\"EntryPoint\",\"urlTemplate\":\"https:\\\/\\\/www.vetorino.com\\\/boutique\\\/?s={search_term_string}\"},\"query-input\":{\"@type\":\"PropertyValueSpecification\",\"valueRequired\":true,\"valueName\":\"search_term_string\"}}],\"inLanguage\":\"fr-FR\"},{\"@type\":\"Organization\",\"@id\":\"https:\\\/\\\/www.vetorino.com\\\/boutique\\\/#organization\",\"name\":\"V\u00e9torino\",\"url\":\"https:\\\/\\\/www.vetorino.com\\\/boutique\\\/\",\"logo\":{\"@type\":\"ImageObject\",\"inLanguage\":\"fr-FR\",\"@id\":\"https:\\\/\\\/www.vetorino.com\\\/boutique\\\/#\\\/schema\\\/logo\\\/image\\\/\",\"url\":\"https:\\\/\\\/www.vetorino.com\\\/boutique\\\/wp-content\\\/uploads\\\/2024\\\/10\\\/logo.jpg\",\"contentUrl\":\"https:\\\/\\\/www.vetorino.com\\\/boutique\\\/wp-content\\\/uploads\\\/2024\\\/10\\\/logo.jpg\",\"width\":1200,\"height\":610,\"caption\":\"V\u00e9torino\"},\"image\":{\"@id\":\"https:\\\/\\\/www.vetorino.com\\\/boutique\\\/#\\\/schema\\\/logo\\\/image\\\/\"},\"sameAs\":[\"https:\\\/\\\/www.facebook.com\\\/Vetorino\\\/\",\"https:\\\/\\\/www.instagram.com\\\/vetorino_off\\\/\",\"https:\\\/\\\/www.linkedin.com\\\/company\\\/vtorino\\\/\"]}]}<\/script>\n<meta property=\"product:brand\" content=\"NEXTMUNE\" \/>\n<meta property=\"product:price:amount\" content=\"30.77\" \/>\n<meta property=\"product:price:currency\" content=\"EUR\" \/>\n<meta property=\"og:availability\" content=\"instock\" \/>\n<meta property=\"product:availability\" content=\"instock\" \/>\n<meta property=\"product:retailer_item_id\" content=\"A-1814600\" \/>\n<meta property=\"product:condition\" content=\"new\" \/>\n<!-- \/ Yoast SEO plugin. -->","yoast_head_json":{"title":"Peptivet Oto Gel NEXTMUNE - V\u00e9torino","description":"Gel assainissant pour le nettoyage en profondeur des oreilles des chiens et des chats, aux effets hydratants et apaisants. \u00c0 base du peptide AMP2041, de Tris-EDTA et de digluconate de chlorhexidine ayant des actions synergiques.         \"Peptivet\u00ae Oto Gel\" est un gel innovant assainissant hydratant et apaisant pour les oreilles des chiens et des chats. Le gel contient des ingr\u00e9dients qui soutiennent la fonction de la barri\u00e8re cutan\u00e9e, hydratent, aident \u00e0 apaiser et adoucir la peau.","robots":{"index":"noindex","follow":"nofollow"},"og_locale":"fr_FR","og_type":"article","og_title":"Peptivet Oto Gel NEXTMUNE - V\u00e9torino","og_description":"Gel assainissant pour le nettoyage en profondeur des oreilles des chiens et des chats, aux effets hydratants et apaisants. \u00c0 base du peptide AMP2041, de Tris-EDTA et de digluconate de chlorhexidine ayant des actions synergiques.         \"Peptivet\u00ae Oto Gel\" est un gel innovant assainissant hydratant et apaisant pour les oreilles des chiens et des chats. Le gel contient des ingr\u00e9dients qui soutiennent la fonction de la barri\u00e8re cutan\u00e9e, hydratent, aident \u00e0 apaiser et adoucir la peau.","og_url":"https:\/\/www.vetorino.com\/veterinaire\/landos-43340\/boutique\/product\/peptivet-oto-gel-4\/","og_site_name":"V\u00e9torino","article_publisher":"https:\/\/www.facebook.com\/Vetorino\/","article_modified_time":"2025-04-30T12:35:49+00:00","og_image":[{"width":800,"height":800,"url":"https:\/\/www.vetorino.com\/boutique\/wp-content\/uploads\/2025\/04\/mp-labo-peptivet.jpg","type":"image\/jpeg"}],"twitter_card":"summary_large_image","twitter_misc":{"Prix":"30,77&euro;","Disponibilit\u00e9":"En stock"},"schema":{"@context":"https:\/\/schema.org","@graph":[{"@type":"WebPage","@id":"https:\/\/www.vetorino.com\/boutique\/product\/peptivet-oto-gel-4\/","url":"https:\/\/www.vetorino.com\/boutique\/product\/peptivet-oto-gel-4\/","name":"Peptivet Oto Gel NEXTMUNE - V\u00e9torino","isPartOf":{"@id":"https:\/\/www.vetorino.com\/boutique\/#website"},"primaryImageOfPage":{"@id":"https:\/\/www.vetorino.com\/boutique\/product\/peptivet-oto-gel-4\/#primaryimage"},"image":{"@id":"https:\/\/www.vetorino.com\/boutique\/product\/peptivet-oto-gel-4\/#primaryimage"},"thumbnailUrl":"https:\/\/www.vetorino.com\/boutique\/wp-content\/uploads\/2025\/04\/mp-labo-peptivet.jpg","datePublished":"2025-04-22T09:14:56+00:00","dateModified":"2025-04-30T12:35:49+00:00","description":"Gel assainissant pour le nettoyage en profondeur des oreilles des chiens et des chats, aux effets hydratants et apaisants. \u00c0 base du peptide AMP2041, de Tris-EDTA et de digluconate de chlorhexidine ayant des actions synergiques. \"Peptivet\u00ae Oto Gel\" est un gel innovant assainissant hydratant et apaisant pour les oreilles des chiens et des chats. Le gel contient des ingr\u00e9dients qui soutiennent la fonction de la barri\u00e8re cutan\u00e9e, hydratent, aident \u00e0 apaiser et adoucir la peau.","breadcrumb":{"@id":"https:\/\/www.vetorino.com\/boutique\/product\/peptivet-oto-gel-4\/#breadcrumb"},"inLanguage":"fr-FR","potentialAction":[{"@type":"ReadAction","target":["https:\/\/www.vetorino.com\/boutique\/product\/peptivet-oto-gel-4\/"]}]},{"@type":"ImageObject","inLanguage":"fr-FR","@id":"https:\/\/www.vetorino.com\/boutique\/product\/peptivet-oto-gel-4\/#primaryimage","url":"https:\/\/www.vetorino.com\/boutique\/wp-content\/uploads\/2025\/04\/mp-labo-peptivet.jpg","contentUrl":"https:\/\/www.vetorino.com\/boutique\/wp-content\/uploads\/2025\/04\/mp-labo-peptivet.jpg","width":800,"height":800},{"@type":"BreadcrumbList","@id":"https:\/\/www.vetorino.com\/boutique\/product\/peptivet-oto-gel-4\/#breadcrumb","itemListElement":[{"@type":"ListItem","position":1,"name":"Accueil","item":"https:\/\/www.vetorino.com\/boutique\/"},{"@type":"ListItem","position":2,"name":"Produits","item":"https:\/\/www.vetorino.com\/boutique\/"},{"@type":"ListItem","position":3,"name":"Peptivet Oto Gel"}]},{"@type":"WebSite","@id":"https:\/\/www.vetorino.com\/boutique\/#website","url":"https:\/\/www.vetorino.com\/boutique\/","name":"V\u00e9torino","description":"","publisher":{"@id":"https:\/\/www.vetorino.com\/boutique\/#organization"},"potentialAction":[{"@type":"SearchAction","target":{"@type":"EntryPoint","urlTemplate":"https:\/\/www.vetorino.com\/boutique\/?s={search_term_string}"},"query-input":{"@type":"PropertyValueSpecification","valueRequired":true,"valueName":"search_term_string"}}],"inLanguage":"fr-FR"},{"@type":"Organization","@id":"https:\/\/www.vetorino.com\/boutique\/#organization","name":"V\u00e9torino","url":"https:\/\/www.vetorino.com\/boutique\/","logo":{"@type":"ImageObject","inLanguage":"fr-FR","@id":"https:\/\/www.vetorino.com\/boutique\/#\/schema\/logo\/image\/","url":"https:\/\/www.vetorino.com\/boutique\/wp-content\/uploads\/2024\/10\/logo.jpg","contentUrl":"https:\/\/www.vetorino.com\/boutique\/wp-content\/uploads\/2024\/10\/logo.jpg","width":1200,"height":610,"caption":"V\u00e9torino"},"image":{"@id":"https:\/\/www.vetorino.com\/boutique\/#\/schema\/logo\/image\/"},"sameAs":["https:\/\/www.facebook.com\/Vetorino\/","https:\/\/www.instagram.com\/vetorino_off\/","https:\/\/www.linkedin.com\/company\/vtorino\/"]}]},"product_brand":"NEXTMUNE","product_price_amount":"30.77","product_price_currency":"EUR","og_availability":"instock","product_availability":"instock","product_retailer_item_id":"A-1814600","product_condition":"new"},"_links":{"self":[{"href":"https:\/\/www.vetorino.com\/veterinaire\/landos-43340\/boutique\/wp-json\/wp\/v2\/product\/1299319","targetHints":{"allow":["GET"]}}],"collection":[{"href":"https:\/\/www.vetorino.com\/veterinaire\/landos-43340\/boutique\/wp-json\/wp\/v2\/product"}],"about":[{"href":"https:\/\/www.vetorino.com\/veterinaire\/landos-43340\/boutique\/wp-json\/wp\/v2\/types\/product"}],"wp:featuredmedia":[{"embeddable":true,"href":"https:\/\/www.vetorino.com\/veterinaire\/landos-43340\/boutique\/wp-json\/wp\/v2\/media\/1310038"}],"wp:attachment":[{"href":"https:\/\/www.vetorino.com\/veterinaire\/landos-43340\/boutique\/wp-json\/wp\/v2\/media?parent=1299319"}],"wp:term":[{"taxonomy":"product_cat","embeddable":true,"href":"https:\/\/www.vetorino.com\/veterinaire\/landos-43340\/boutique\/wp-json\/wp\/v2\/product_cat?post=1299319"},{"taxonomy":"product_tag","embeddable":true,"href":"https:\/\/www.vetorino.com\/veterinaire\/landos-43340\/boutique\/wp-json\/wp\/v2\/product_tag?post=1299319"}],"curies":[{"name":"wp","href":"https:\/\/api.w.org\/{rel}","templated":true}]}}