{"id":1369739,"date":"2025-06-12T05:35:05","date_gmt":"2025-06-12T03:35:05","guid":{"rendered":"https:\/\/www.vetorino.com\/boutique\/product\/advance-veterinary-diets-chat-gastroenteric-sachets\/"},"modified":"2025-10-29T17:27:27","modified_gmt":"2025-10-29T16:27:27","slug":"advance-veterinary-diets-chat-gastroenteric-sachets","status":"publish","type":"product","link":"https:\/\/www.vetorino.com\/veterinaire\/landos-43340\/boutique\/product\/advance-veterinary-diets-chat-gastroenteric-sachets\/","title":{"rendered":"Chat Gastroenteric &#8211; sachets"},"content":{"rendered":"<p>ADVANCE VETERINARY DIETS GASTROENTERIC est un<strong> aliment di\u00e9t\u00e9tique complet<\/strong> et \u00e9quilibr\u00e9 pour chats adultes et chatons qui<strong> aide \u00e0 compenser les troubles de la digestion<\/strong>,<strong> l\u2019insuffisance pancr\u00e9atique exocrine<\/strong> et<strong> favorise la r\u00e9duction des troubles de l\u2019absorption intestinale. <\/strong><\/p>\n<p>Pauvre en fibres et avec une teneur plus \u00e9lev\u00e9e en sodium et en potassium, il est<strong> \u00e9labor\u00e9 \u00e0 base d\u2019ingr\u00e9dients hautement digestes<\/strong>. Il contient des sources s\u00e9lectionn\u00e9es de prot\u00e9ines pour faciliter la digestion ainsi que des pr\u00e9biotiques pour favoriser le bon d\u00e9veloppement de la flore intestinale.<\/p>\n<p><strong>Utilisation :<\/strong><\/p>\n<ul>\n<li>Gastro-ent\u00e9rite<\/li>\n<li>Pancr\u00e9atite<\/li>\n<li>Diarrh\u00e9e aigu\u00eb et chronique<\/li>\n<li>Vomissements<\/li>\n<li>Mauvaise digestion\/mauvaise assimilation<\/li>\n<li>Insuffisance pancr\u00e9atique exocrine<\/li>\n<li>Maladie inflammatoire de l\u2019intestin non li\u00e9e \u00e0 une allergie alimentaire<\/li>\n<li>Prolif\u00e9ration bact\u00e9rienne intestinale<\/li>\n<\/ul>\n<p><strong>Demandez conseil \u00e0 un v\u00e9t\u00e9rinaire.<\/strong><\/p>\n<p>&nbsp;<\/p>\n","protected":false},"excerpt":{"rendered":"<p>ADVANCE VETERINARY DIETS GASTROENTERIC est un<strong> aliment di\u00e9t\u00e9tique complet<\/strong> et \u00e9quilibr\u00e9 pour chats adultes et chatons qui<strong> aide \u00e0 compenser les troubles de la digestion<\/strong>,<strong> l\u2019insuffisance pancr\u00e9atique exocrine<\/strong> et<strong> favorise la r\u00e9duction des troubles de l\u2019absorption intestinale. <\/strong><\/p>\n<p>Pauvre en fibres et avec une teneur plus \u00e9lev\u00e9e en sodium et en potassium, il est<strong> \u00e9labor\u00e9 \u00e0 base d\u2019ingr\u00e9dients hautement digestes<\/strong>. Il contient des sources s\u00e9lectionn\u00e9es de prot\u00e9ines pour faciliter la digestion ainsi que des pr\u00e9biotiques pour favoriser le bon d\u00e9veloppement de la flore intestinale.<\/p>\n","protected":false},"featured_media":1439852,"template":"","meta":[],"product_cat":[12551,12581,2697],"product_tag":[],"class_list":{"0":"post-1369739","1":"product","2":"type-product","3":"status-publish","4":"has-post-thumbnail","6":"product_cat-alimentation-du-chat","7":"product_cat-alimentation-medicalisee-pour-chat","8":"product_cat-chat","9":"pa_marque-advance","11":"first","12":"instock","13":"taxable","14":"shipping-taxable","15":"purchasable","16":"product-type-simple"},"yoast_head":"<!-- This site is optimized with the Yoast SEO plugin v27.3 - https:\/\/yoast.com\/product\/yoast-seo-wordpress\/ -->\n<title>Chat Gastroenteric - sachets Advance - V\u00e9torino<\/title>\n<meta name=\"description\" content=\"ADVANCE VETERINARY DIETS GASTROENTERIC est un aliment di\u00e9t\u00e9tique complet et \u00e9quilibr\u00e9 pour chats adultes et chatons qui aide \u00e0 compenser les troubles de la digestion, l\u2019insuffisance pancr\u00e9atique exocrine et favorise la r\u00e9duction des troubles de l\u2019absorption intestinale.   Pauvre en fibres et avec une teneur plus \u00e9lev\u00e9e en sodium et en potassium, il est \u00e9labor\u00e9 \u00e0 base d\u2019ingr\u00e9dients hautement digestes. Il contient des sources s\u00e9lectionn\u00e9es de prot\u00e9ines pour faciliter la digestion ainsi que des pr\u00e9biotiques pour favoriser le bon d\u00e9veloppement de la flore intestinale.\" \/>\n<meta name=\"robots\" content=\"noindex, nofollow\" \/>\n<meta property=\"og:locale\" content=\"fr_FR\" \/>\n<meta property=\"og:type\" content=\"article\" \/>\n<meta property=\"og:title\" content=\"Chat Gastroenteric - sachets Advance - V\u00e9torino\" \/>\n<meta property=\"og:description\" content=\"ADVANCE VETERINARY DIETS GASTROENTERIC est un aliment di\u00e9t\u00e9tique complet et \u00e9quilibr\u00e9 pour chats adultes et chatons qui aide \u00e0 compenser les troubles de la digestion, l\u2019insuffisance pancr\u00e9atique exocrine et favorise la r\u00e9duction des troubles de l\u2019absorption intestinale.   Pauvre en fibres et avec une teneur plus \u00e9lev\u00e9e en sodium et en potassium, il est \u00e9labor\u00e9 \u00e0 base d\u2019ingr\u00e9dients hautement digestes. Il contient des sources s\u00e9lectionn\u00e9es de prot\u00e9ines pour faciliter la digestion ainsi que des pr\u00e9biotiques pour favoriser le bon d\u00e9veloppement de la flore intestinale.\" \/>\n<meta property=\"og:url\" content=\"https:\/\/www.vetorino.com\/veterinaire\/landos-43340\/boutique\/product\/advance-veterinary-diets-chat-gastroenteric-sachets\/\" \/>\n<meta property=\"og:site_name\" content=\"V\u00e9torino\" \/>\n<meta property=\"article:publisher\" content=\"https:\/\/www.facebook.com\/Vetorino\/\" \/>\n<meta property=\"article:modified_time\" content=\"2025-10-29T16:27:27+00:00\" \/>\n<meta property=\"og:image\" content=\"https:\/\/www.vetorino.com\/boutique\/wp-content\/uploads\/2025\/06\/gastroenteric-advance-sachet-poulet.jpg\" \/>\n\t<meta property=\"og:image:width\" content=\"1024\" \/>\n\t<meta property=\"og:image:height\" content=\"1024\" \/>\n\t<meta property=\"og:image:type\" content=\"image\/jpeg\" \/>\n<meta name=\"twitter:card\" content=\"summary_large_image\" \/>\n<meta name=\"twitter:label1\" content=\"Prix\" \/>\n\t<meta name=\"twitter:data1\" content=\"18,44&euro;\" \/>\n\t<meta name=\"twitter:label2\" content=\"Disponibilit\u00e9\" \/>\n\t<meta name=\"twitter:data2\" content=\"En stock\" \/>\n<script type=\"application\/ld+json\" class=\"yoast-schema-graph\">{\"@context\":\"https:\\\/\\\/schema.org\",\"@graph\":[{\"@type\":\"WebPage\",\"@id\":\"https:\\\/\\\/www.vetorino.com\\\/veterinaire\\\/briancon-05100\\\/boutique\\\/product\\\/advance-veterinary-diets-chat-gastroenteric-sachets\\\/\",\"url\":\"https:\\\/\\\/www.vetorino.com\\\/veterinaire\\\/briancon-05100\\\/boutique\\\/product\\\/advance-veterinary-diets-chat-gastroenteric-sachets\\\/\",\"name\":\"Chat Gastroenteric - sachets Advance - V\u00e9torino\",\"isPartOf\":{\"@id\":\"https:\\\/\\\/www.vetorino.com\\\/boutique\\\/#website\"},\"primaryImageOfPage\":{\"@id\":\"https:\\\/\\\/www.vetorino.com\\\/veterinaire\\\/briancon-05100\\\/boutique\\\/product\\\/advance-veterinary-diets-chat-gastroenteric-sachets\\\/#primaryimage\"},\"image\":{\"@id\":\"https:\\\/\\\/www.vetorino.com\\\/veterinaire\\\/briancon-05100\\\/boutique\\\/product\\\/advance-veterinary-diets-chat-gastroenteric-sachets\\\/#primaryimage\"},\"thumbnailUrl\":\"https:\\\/\\\/www.vetorino.com\\\/boutique\\\/wp-content\\\/uploads\\\/2025\\\/06\\\/gastroenteric-advance-sachet-poulet.jpg\",\"datePublished\":\"2025-06-12T03:35:05+00:00\",\"dateModified\":\"2025-10-29T16:27:27+00:00\",\"description\":\"ADVANCE VETERINARY DIETS GASTROENTERIC est un aliment di\u00e9t\u00e9tique complet et \u00e9quilibr\u00e9 pour chats adultes et chatons qui aide \u00e0 compenser les troubles de la digestion, l\u2019insuffisance pancr\u00e9atique exocrine et favorise la r\u00e9duction des troubles de l\u2019absorption intestinale. Pauvre en fibres et avec une teneur plus \u00e9lev\u00e9e en sodium et en potassium, il est \u00e9labor\u00e9 \u00e0 base d\u2019ingr\u00e9dients hautement digestes. Il contient des sources s\u00e9lectionn\u00e9es de prot\u00e9ines pour faciliter la digestion ainsi que des pr\u00e9biotiques pour favoriser le bon d\u00e9veloppement de la flore intestinale.\",\"breadcrumb\":{\"@id\":\"https:\\\/\\\/www.vetorino.com\\\/veterinaire\\\/briancon-05100\\\/boutique\\\/product\\\/advance-veterinary-diets-chat-gastroenteric-sachets\\\/#breadcrumb\"},\"inLanguage\":\"fr-FR\",\"potentialAction\":[{\"@type\":\"ReadAction\",\"target\":[\"https:\\\/\\\/www.vetorino.com\\\/veterinaire\\\/briancon-05100\\\/boutique\\\/product\\\/advance-veterinary-diets-chat-gastroenteric-sachets\\\/\"]}]},{\"@type\":\"ImageObject\",\"inLanguage\":\"fr-FR\",\"@id\":\"https:\\\/\\\/www.vetorino.com\\\/veterinaire\\\/briancon-05100\\\/boutique\\\/product\\\/advance-veterinary-diets-chat-gastroenteric-sachets\\\/#primaryimage\",\"url\":\"https:\\\/\\\/www.vetorino.com\\\/boutique\\\/wp-content\\\/uploads\\\/2025\\\/06\\\/gastroenteric-advance-sachet-poulet.jpg\",\"contentUrl\":\"https:\\\/\\\/www.vetorino.com\\\/boutique\\\/wp-content\\\/uploads\\\/2025\\\/06\\\/gastroenteric-advance-sachet-poulet.jpg\",\"width\":1024,\"height\":1024},{\"@type\":\"BreadcrumbList\",\"@id\":\"https:\\\/\\\/www.vetorino.com\\\/veterinaire\\\/briancon-05100\\\/boutique\\\/product\\\/advance-veterinary-diets-chat-gastroenteric-sachets\\\/#breadcrumb\",\"itemListElement\":[{\"@type\":\"ListItem\",\"position\":1,\"name\":\"Accueil\",\"item\":\"https:\\\/\\\/www.vetorino.com\\\/boutique\\\/\"},{\"@type\":\"ListItem\",\"position\":2,\"name\":\"Produits\",\"item\":\"https:\\\/\\\/www.vetorino.com\\\/boutique\\\/\"},{\"@type\":\"ListItem\",\"position\":3,\"name\":\"Chat Gastroenteric &#8211; sachets\"}]},{\"@type\":\"WebSite\",\"@id\":\"https:\\\/\\\/www.vetorino.com\\\/boutique\\\/#website\",\"url\":\"https:\\\/\\\/www.vetorino.com\\\/boutique\\\/\",\"name\":\"V\u00e9torino\",\"description\":\"\",\"publisher\":{\"@id\":\"https:\\\/\\\/www.vetorino.com\\\/boutique\\\/#organization\"},\"potentialAction\":[{\"@type\":\"SearchAction\",\"target\":{\"@type\":\"EntryPoint\",\"urlTemplate\":\"https:\\\/\\\/www.vetorino.com\\\/boutique\\\/?s={search_term_string}\"},\"query-input\":{\"@type\":\"PropertyValueSpecification\",\"valueRequired\":true,\"valueName\":\"search_term_string\"}}],\"inLanguage\":\"fr-FR\"},{\"@type\":\"Organization\",\"@id\":\"https:\\\/\\\/www.vetorino.com\\\/boutique\\\/#organization\",\"name\":\"V\u00e9torino\",\"url\":\"https:\\\/\\\/www.vetorino.com\\\/boutique\\\/\",\"logo\":{\"@type\":\"ImageObject\",\"inLanguage\":\"fr-FR\",\"@id\":\"https:\\\/\\\/www.vetorino.com\\\/boutique\\\/#\\\/schema\\\/logo\\\/image\\\/\",\"url\":\"https:\\\/\\\/www.vetorino.com\\\/boutique\\\/wp-content\\\/uploads\\\/2024\\\/10\\\/logo.jpg\",\"contentUrl\":\"https:\\\/\\\/www.vetorino.com\\\/boutique\\\/wp-content\\\/uploads\\\/2024\\\/10\\\/logo.jpg\",\"width\":1200,\"height\":610,\"caption\":\"V\u00e9torino\"},\"image\":{\"@id\":\"https:\\\/\\\/www.vetorino.com\\\/boutique\\\/#\\\/schema\\\/logo\\\/image\\\/\"},\"sameAs\":[\"https:\\\/\\\/www.facebook.com\\\/Vetorino\\\/\",\"https:\\\/\\\/www.instagram.com\\\/vetorino_off\\\/\",\"https:\\\/\\\/www.linkedin.com\\\/company\\\/vtorino\\\/\"]}]}<\/script>\n<meta property=\"product:brand\" content=\"Advance\" \/>\n<meta property=\"product:price:amount\" content=\"18.44\" \/>\n<meta property=\"product:price:currency\" content=\"EUR\" \/>\n<meta property=\"og:availability\" content=\"instock\" \/>\n<meta property=\"product:availability\" content=\"instock\" \/>\n<meta property=\"product:retailer_item_id\" content=\"A-1891720\" \/>\n<meta property=\"product:condition\" content=\"new\" \/>\n<!-- \/ Yoast SEO plugin. -->","yoast_head_json":{"title":"Chat Gastroenteric - sachets Advance - V\u00e9torino","description":"ADVANCE VETERINARY DIETS GASTROENTERIC est un aliment di\u00e9t\u00e9tique complet et \u00e9quilibr\u00e9 pour chats adultes et chatons qui aide \u00e0 compenser les troubles de la digestion, l\u2019insuffisance pancr\u00e9atique exocrine et favorise la r\u00e9duction des troubles de l\u2019absorption intestinale.   Pauvre en fibres et avec une teneur plus \u00e9lev\u00e9e en sodium et en potassium, il est \u00e9labor\u00e9 \u00e0 base d\u2019ingr\u00e9dients hautement digestes. Il contient des sources s\u00e9lectionn\u00e9es de prot\u00e9ines pour faciliter la digestion ainsi que des pr\u00e9biotiques pour favoriser le bon d\u00e9veloppement de la flore intestinale.","robots":{"index":"noindex","follow":"nofollow"},"og_locale":"fr_FR","og_type":"article","og_title":"Chat Gastroenteric - sachets Advance - V\u00e9torino","og_description":"ADVANCE VETERINARY DIETS GASTROENTERIC est un aliment di\u00e9t\u00e9tique complet et \u00e9quilibr\u00e9 pour chats adultes et chatons qui aide \u00e0 compenser les troubles de la digestion, l\u2019insuffisance pancr\u00e9atique exocrine et favorise la r\u00e9duction des troubles de l\u2019absorption intestinale.   Pauvre en fibres et avec une teneur plus \u00e9lev\u00e9e en sodium et en potassium, il est \u00e9labor\u00e9 \u00e0 base d\u2019ingr\u00e9dients hautement digestes. Il contient des sources s\u00e9lectionn\u00e9es de prot\u00e9ines pour faciliter la digestion ainsi que des pr\u00e9biotiques pour favoriser le bon d\u00e9veloppement de la flore intestinale.","og_url":"https:\/\/www.vetorino.com\/veterinaire\/landos-43340\/boutique\/product\/advance-veterinary-diets-chat-gastroenteric-sachets\/","og_site_name":"V\u00e9torino","article_publisher":"https:\/\/www.facebook.com\/Vetorino\/","article_modified_time":"2025-10-29T16:27:27+00:00","og_image":[{"width":1024,"height":1024,"url":"https:\/\/www.vetorino.com\/boutique\/wp-content\/uploads\/2025\/06\/gastroenteric-advance-sachet-poulet.jpg","type":"image\/jpeg"}],"twitter_card":"summary_large_image","twitter_misc":{"Prix":"18,44&euro;","Disponibilit\u00e9":"En stock"},"schema":{"@context":"https:\/\/schema.org","@graph":[{"@type":"WebPage","@id":"https:\/\/www.vetorino.com\/veterinaire\/briancon-05100\/boutique\/product\/advance-veterinary-diets-chat-gastroenteric-sachets\/","url":"https:\/\/www.vetorino.com\/veterinaire\/briancon-05100\/boutique\/product\/advance-veterinary-diets-chat-gastroenteric-sachets\/","name":"Chat Gastroenteric - sachets Advance - V\u00e9torino","isPartOf":{"@id":"https:\/\/www.vetorino.com\/boutique\/#website"},"primaryImageOfPage":{"@id":"https:\/\/www.vetorino.com\/veterinaire\/briancon-05100\/boutique\/product\/advance-veterinary-diets-chat-gastroenteric-sachets\/#primaryimage"},"image":{"@id":"https:\/\/www.vetorino.com\/veterinaire\/briancon-05100\/boutique\/product\/advance-veterinary-diets-chat-gastroenteric-sachets\/#primaryimage"},"thumbnailUrl":"https:\/\/www.vetorino.com\/boutique\/wp-content\/uploads\/2025\/06\/gastroenteric-advance-sachet-poulet.jpg","datePublished":"2025-06-12T03:35:05+00:00","dateModified":"2025-10-29T16:27:27+00:00","description":"ADVANCE VETERINARY DIETS GASTROENTERIC est un aliment di\u00e9t\u00e9tique complet et \u00e9quilibr\u00e9 pour chats adultes et chatons qui aide \u00e0 compenser les troubles de la digestion, l\u2019insuffisance pancr\u00e9atique exocrine et favorise la r\u00e9duction des troubles de l\u2019absorption intestinale. Pauvre en fibres et avec une teneur plus \u00e9lev\u00e9e en sodium et en potassium, il est \u00e9labor\u00e9 \u00e0 base d\u2019ingr\u00e9dients hautement digestes. Il contient des sources s\u00e9lectionn\u00e9es de prot\u00e9ines pour faciliter la digestion ainsi que des pr\u00e9biotiques pour favoriser le bon d\u00e9veloppement de la flore intestinale.","breadcrumb":{"@id":"https:\/\/www.vetorino.com\/veterinaire\/briancon-05100\/boutique\/product\/advance-veterinary-diets-chat-gastroenteric-sachets\/#breadcrumb"},"inLanguage":"fr-FR","potentialAction":[{"@type":"ReadAction","target":["https:\/\/www.vetorino.com\/veterinaire\/briancon-05100\/boutique\/product\/advance-veterinary-diets-chat-gastroenteric-sachets\/"]}]},{"@type":"ImageObject","inLanguage":"fr-FR","@id":"https:\/\/www.vetorino.com\/veterinaire\/briancon-05100\/boutique\/product\/advance-veterinary-diets-chat-gastroenteric-sachets\/#primaryimage","url":"https:\/\/www.vetorino.com\/boutique\/wp-content\/uploads\/2025\/06\/gastroenteric-advance-sachet-poulet.jpg","contentUrl":"https:\/\/www.vetorino.com\/boutique\/wp-content\/uploads\/2025\/06\/gastroenteric-advance-sachet-poulet.jpg","width":1024,"height":1024},{"@type":"BreadcrumbList","@id":"https:\/\/www.vetorino.com\/veterinaire\/briancon-05100\/boutique\/product\/advance-veterinary-diets-chat-gastroenteric-sachets\/#breadcrumb","itemListElement":[{"@type":"ListItem","position":1,"name":"Accueil","item":"https:\/\/www.vetorino.com\/boutique\/"},{"@type":"ListItem","position":2,"name":"Produits","item":"https:\/\/www.vetorino.com\/boutique\/"},{"@type":"ListItem","position":3,"name":"Chat Gastroenteric &#8211; sachets"}]},{"@type":"WebSite","@id":"https:\/\/www.vetorino.com\/boutique\/#website","url":"https:\/\/www.vetorino.com\/boutique\/","name":"V\u00e9torino","description":"","publisher":{"@id":"https:\/\/www.vetorino.com\/boutique\/#organization"},"potentialAction":[{"@type":"SearchAction","target":{"@type":"EntryPoint","urlTemplate":"https:\/\/www.vetorino.com\/boutique\/?s={search_term_string}"},"query-input":{"@type":"PropertyValueSpecification","valueRequired":true,"valueName":"search_term_string"}}],"inLanguage":"fr-FR"},{"@type":"Organization","@id":"https:\/\/www.vetorino.com\/boutique\/#organization","name":"V\u00e9torino","url":"https:\/\/www.vetorino.com\/boutique\/","logo":{"@type":"ImageObject","inLanguage":"fr-FR","@id":"https:\/\/www.vetorino.com\/boutique\/#\/schema\/logo\/image\/","url":"https:\/\/www.vetorino.com\/boutique\/wp-content\/uploads\/2024\/10\/logo.jpg","contentUrl":"https:\/\/www.vetorino.com\/boutique\/wp-content\/uploads\/2024\/10\/logo.jpg","width":1200,"height":610,"caption":"V\u00e9torino"},"image":{"@id":"https:\/\/www.vetorino.com\/boutique\/#\/schema\/logo\/image\/"},"sameAs":["https:\/\/www.facebook.com\/Vetorino\/","https:\/\/www.instagram.com\/vetorino_off\/","https:\/\/www.linkedin.com\/company\/vtorino\/"]}]},"product_brand":"Advance","product_price_amount":"18.44","product_price_currency":"EUR","og_availability":"instock","product_availability":"instock","product_retailer_item_id":"A-1891720","product_condition":"new"},"_links":{"self":[{"href":"https:\/\/www.vetorino.com\/veterinaire\/landos-43340\/boutique\/wp-json\/wp\/v2\/product\/1369739","targetHints":{"allow":["GET"]}}],"collection":[{"href":"https:\/\/www.vetorino.com\/veterinaire\/landos-43340\/boutique\/wp-json\/wp\/v2\/product"}],"about":[{"href":"https:\/\/www.vetorino.com\/veterinaire\/landos-43340\/boutique\/wp-json\/wp\/v2\/types\/product"}],"wp:featuredmedia":[{"embeddable":true,"href":"https:\/\/www.vetorino.com\/veterinaire\/landos-43340\/boutique\/wp-json\/wp\/v2\/media\/1439852"}],"wp:attachment":[{"href":"https:\/\/www.vetorino.com\/veterinaire\/landos-43340\/boutique\/wp-json\/wp\/v2\/media?parent=1369739"}],"wp:term":[{"taxonomy":"product_cat","embeddable":true,"href":"https:\/\/www.vetorino.com\/veterinaire\/landos-43340\/boutique\/wp-json\/wp\/v2\/product_cat?post=1369739"},{"taxonomy":"product_tag","embeddable":true,"href":"https:\/\/www.vetorino.com\/veterinaire\/landos-43340\/boutique\/wp-json\/wp\/v2\/product_tag?post=1369739"}],"curies":[{"name":"wp","href":"https:\/\/api.w.org\/{rel}","templated":true}]}}