{"id":1369762,"date":"2025-06-12T05:35:21","date_gmt":"2025-06-12T03:35:21","guid":{"rendered":"https:\/\/www.vetorino.com\/boutique\/product\/advance-veterinary-diets-chien-atopic-medium-maxi\/"},"modified":"2025-07-01T11:50:56","modified_gmt":"2025-07-01T09:50:56","slug":"advance-veterinary-diets-chien-atopic-medium-maxi","status":"publish","type":"product","link":"https:\/\/www.vetorino.com\/veterinaire\/landos-43340\/boutique\/product\/advance-veterinary-diets-chien-atopic-medium-maxi\/","title":{"rendered":"Chien Atopic Medium Maxi"},"content":{"rendered":"<p>ADVANCE VETERINARY DIETS Atopic Medium\/Maxi est un <strong>aliment di\u00e9t\u00e9tique complet et \u00e9quilibr\u00e9 pour chiens adultes et chiots \u00e2g\u00e9s de plus de 4 mois de moyenne et grande taille,<\/strong> formul\u00e9 pour <strong>traiter la peau en cas de dermatite et de perte de poils excessive<\/strong>, et pour<strong> r\u00e9duire les intol\u00e9rances<\/strong> aux ingr\u00e9dients et aux nutriments.<\/p>\n<p>Gr\u00e2ce \u00e0 sa formule unique, il<strong> aide \u00e0 am\u00e9liorer l&#8217;aspect de la peau des chiens atteints de dermatite atopique<\/strong>, \u00e0<strong> r\u00e9duire les d\u00e9mangeaisons<\/strong> et \u00e0 <strong>restaurer la barri\u00e8re cutan\u00e9e<\/strong>, tout en aidant \u00e0 <strong>contr\u00f4ler les pouss\u00e9es atopiques<\/strong>. Par ailleurs, ses ingr\u00e9dients principaux, la truite et la pomme de terre, aident \u00e0 r\u00e9duire le risque d&#8217;\u00e9ventuelles r\u00e9actions ind\u00e9sirables \u00e0 l\u2019aliment.<\/p>\n<p>Les r\u00e9sultats de la gamme ADVANCE VETERINARY DIETS Atopic sont cliniquement prouv\u00e9s :<strong> soulagement des d\u00e9mangeaisons en 4 semaines.*<\/strong><\/p>\n<p>ADVANCE VETERINARY DIETS Atopic Medium\/Maxi est compos\u00e9 de croquettes sp\u00e9cifiquement adapt\u00e9es \u00e0 la taille et aux besoins de votre chien de taille moyenne\/maxi (&gt; 10 kg).<\/p>\n<p><strong>Utilisation :<\/strong><\/p>\n<ul>\n<li>Dermatite atopique<\/li>\n<li>R\u00e9actions ind\u00e9sirables \u00e0 un aliment<\/li>\n<li>Prurit chronique<\/li>\n<li>Probl\u00e8mes intestinaux associ\u00e9s \u00e0 un prurit<\/li>\n<li>Otite externe d\u2019origine allergique<\/li>\n<li>Ent\u00e9rite<\/li>\n<li>Maladie inflammatoire de l\u2019intestin<\/li>\n<li>Autres inflammations cutan\u00e9es<\/li>\n<li>Pour tous les \u00e2ges et pour les chiots d\u00e8s 4 moi<\/li>\n<\/ul>\n<p><strong>Il est recommand\u00e9 de consulter un v\u00e9t\u00e9rinaire avant l&#8217;introduction d&#8217;un r\u00e9gime alimentaire v\u00e9t\u00e9rinaire.<\/strong><\/p>\n<p><em>*\u00c9tude clinique r\u00e9alis\u00e9e chez les chiens atopiques. Donn\u00e9es internes.<\/em><\/p>\n","protected":false},"excerpt":{"rendered":"<p>ADVANCE VETERINARY DIETS Atopic Medium\/Maxi est un <strong>aliment di\u00e9t\u00e9tique complet et \u00e9quilibr\u00e9 pour chiens adultes et chiots \u00e2g\u00e9s de plus de 4 mois de moyenne et grande taille.<\/strong><\/p>\n<p>Formul\u00e9 pour traiter la peau <strong>en cas de dermatite et de perte de poils excessive<\/strong>, et pou<strong>r r\u00e9duire les intol\u00e9rances<\/strong> aux ingr\u00e9dients et aux nutriments.<\/p>\n","protected":false},"featured_media":1371691,"template":"","meta":[],"product_cat":[12552,12582,2698],"product_tag":[],"class_list":{"0":"post-1369762","1":"product","2":"type-product","3":"status-publish","4":"has-post-thumbnail","6":"product_cat-alimentation-du-chien","7":"product_cat-alimentation-medicalisee-pour-chien","8":"product_cat-chien","9":"pa_marque-advance","11":"first","12":"instock","13":"taxable","14":"shipping-taxable","15":"purchasable","16":"product-type-simple"},"yoast_head":"<!-- This site is optimized with the Yoast SEO plugin v27.3 - https:\/\/yoast.com\/product\/yoast-seo-wordpress\/ -->\n<title>Veterinary Diets (Advance) Chien Atopic Medium Maxi Advance - V\u00e9torino<\/title>\n<meta name=\"description\" content=\"ADVANCE VETERINARY DIETS Atopic Medium\/Maxi est un aliment di\u00e9t\u00e9tique complet et \u00e9quilibr\u00e9 pour chiens adultes et chiots \u00e2g\u00e9s de plus de 4 mois de moyenne et grande taille.  Formul\u00e9 pour traiter la peau en cas de dermatite et de perte de poils excessive, et pour r\u00e9duire les intol\u00e9rances aux ingr\u00e9dients et aux nutriments.\" \/>\n<meta name=\"robots\" content=\"noindex, nofollow\" \/>\n<meta property=\"og:locale\" content=\"fr_FR\" \/>\n<meta property=\"og:type\" content=\"article\" \/>\n<meta property=\"og:title\" content=\"Veterinary Diets (Advance) Chien Atopic Medium Maxi Advance - V\u00e9torino\" \/>\n<meta property=\"og:description\" content=\"ADVANCE VETERINARY DIETS Atopic Medium\/Maxi est un aliment di\u00e9t\u00e9tique complet et \u00e9quilibr\u00e9 pour chiens adultes et chiots \u00e2g\u00e9s de plus de 4 mois de moyenne et grande taille.  Formul\u00e9 pour traiter la peau en cas de dermatite et de perte de poils excessive, et pour r\u00e9duire les intol\u00e9rances aux ingr\u00e9dients et aux nutriments.\" \/>\n<meta property=\"og:url\" content=\"https:\/\/www.vetorino.com\/veterinaire\/landos-43340\/boutique\/product\/advance-veterinary-diets-chien-atopic-medium-maxi\/\" \/>\n<meta property=\"og:site_name\" content=\"V\u00e9torino\" \/>\n<meta property=\"article:publisher\" content=\"https:\/\/www.facebook.com\/Vetorino\/\" \/>\n<meta property=\"article:modified_time\" content=\"2025-07-01T09:50:56+00:00\" \/>\n<meta property=\"og:image\" content=\"https:\/\/www.vetorino.com\/boutique\/wp-content\/uploads\/2025\/06\/atopic-medium-maxi-chien-croquette.jpg\" \/>\n\t<meta property=\"og:image:width\" content=\"967\" \/>\n\t<meta property=\"og:image:height\" content=\"1024\" \/>\n\t<meta property=\"og:image:type\" content=\"image\/jpeg\" \/>\n<meta name=\"twitter:card\" content=\"summary_large_image\" \/>\n<meta name=\"twitter:label1\" content=\"Prix\" \/>\n\t<meta name=\"twitter:data1\" content=\"27,85&euro;\" \/>\n\t<meta name=\"twitter:label2\" content=\"Disponibilit\u00e9\" \/>\n\t<meta name=\"twitter:data2\" content=\"En stock\" \/>\n<script type=\"application\/ld+json\" class=\"yoast-schema-graph\">{\"@context\":\"https:\\\/\\\/schema.org\",\"@graph\":[{\"@type\":\"WebPage\",\"@id\":\"https:\\\/\\\/www.vetorino.com\\\/veterinaire\\\/briancon-05100\\\/boutique\\\/product\\\/advance-veterinary-diets-chien-atopic-medium-maxi\\\/\",\"url\":\"https:\\\/\\\/www.vetorino.com\\\/veterinaire\\\/briancon-05100\\\/boutique\\\/product\\\/advance-veterinary-diets-chien-atopic-medium-maxi\\\/\",\"name\":\"Veterinary Diets (Advance) Chien Atopic Medium Maxi Advance - V\u00e9torino\",\"isPartOf\":{\"@id\":\"https:\\\/\\\/www.vetorino.com\\\/boutique\\\/#website\"},\"primaryImageOfPage\":{\"@id\":\"https:\\\/\\\/www.vetorino.com\\\/veterinaire\\\/briancon-05100\\\/boutique\\\/product\\\/advance-veterinary-diets-chien-atopic-medium-maxi\\\/#primaryimage\"},\"image\":{\"@id\":\"https:\\\/\\\/www.vetorino.com\\\/veterinaire\\\/briancon-05100\\\/boutique\\\/product\\\/advance-veterinary-diets-chien-atopic-medium-maxi\\\/#primaryimage\"},\"thumbnailUrl\":\"https:\\\/\\\/www.vetorino.com\\\/boutique\\\/wp-content\\\/uploads\\\/2025\\\/06\\\/atopic-medium-maxi-chien-croquette.jpg\",\"datePublished\":\"2025-06-12T03:35:21+00:00\",\"dateModified\":\"2025-07-01T09:50:56+00:00\",\"description\":\"ADVANCE VETERINARY DIETS Atopic Medium\\\/Maxi est un aliment di\u00e9t\u00e9tique complet et \u00e9quilibr\u00e9 pour chiens adultes et chiots \u00e2g\u00e9s de plus de 4 mois de moyenne et grande taille. Formul\u00e9 pour traiter la peau en cas de dermatite et de perte de poils excessive, et pour r\u00e9duire les intol\u00e9rances aux ingr\u00e9dients et aux nutriments.\",\"breadcrumb\":{\"@id\":\"https:\\\/\\\/www.vetorino.com\\\/veterinaire\\\/briancon-05100\\\/boutique\\\/product\\\/advance-veterinary-diets-chien-atopic-medium-maxi\\\/#breadcrumb\"},\"inLanguage\":\"fr-FR\",\"potentialAction\":[{\"@type\":\"ReadAction\",\"target\":[\"https:\\\/\\\/www.vetorino.com\\\/veterinaire\\\/briancon-05100\\\/boutique\\\/product\\\/advance-veterinary-diets-chien-atopic-medium-maxi\\\/\"]}]},{\"@type\":\"ImageObject\",\"inLanguage\":\"fr-FR\",\"@id\":\"https:\\\/\\\/www.vetorino.com\\\/veterinaire\\\/briancon-05100\\\/boutique\\\/product\\\/advance-veterinary-diets-chien-atopic-medium-maxi\\\/#primaryimage\",\"url\":\"https:\\\/\\\/www.vetorino.com\\\/boutique\\\/wp-content\\\/uploads\\\/2025\\\/06\\\/atopic-medium-maxi-chien-croquette.jpg\",\"contentUrl\":\"https:\\\/\\\/www.vetorino.com\\\/boutique\\\/wp-content\\\/uploads\\\/2025\\\/06\\\/atopic-medium-maxi-chien-croquette.jpg\",\"width\":967,\"height\":1024},{\"@type\":\"BreadcrumbList\",\"@id\":\"https:\\\/\\\/www.vetorino.com\\\/veterinaire\\\/briancon-05100\\\/boutique\\\/product\\\/advance-veterinary-diets-chien-atopic-medium-maxi\\\/#breadcrumb\",\"itemListElement\":[{\"@type\":\"ListItem\",\"position\":1,\"name\":\"Accueil\",\"item\":\"https:\\\/\\\/www.vetorino.com\\\/boutique\\\/\"},{\"@type\":\"ListItem\",\"position\":2,\"name\":\"Produits\",\"item\":\"https:\\\/\\\/www.vetorino.com\\\/boutique\\\/\"},{\"@type\":\"ListItem\",\"position\":3,\"name\":\"Chien Atopic Medium Maxi\"}]},{\"@type\":\"WebSite\",\"@id\":\"https:\\\/\\\/www.vetorino.com\\\/boutique\\\/#website\",\"url\":\"https:\\\/\\\/www.vetorino.com\\\/boutique\\\/\",\"name\":\"V\u00e9torino\",\"description\":\"\",\"publisher\":{\"@id\":\"https:\\\/\\\/www.vetorino.com\\\/boutique\\\/#organization\"},\"potentialAction\":[{\"@type\":\"SearchAction\",\"target\":{\"@type\":\"EntryPoint\",\"urlTemplate\":\"https:\\\/\\\/www.vetorino.com\\\/boutique\\\/?s={search_term_string}\"},\"query-input\":{\"@type\":\"PropertyValueSpecification\",\"valueRequired\":true,\"valueName\":\"search_term_string\"}}],\"inLanguage\":\"fr-FR\"},{\"@type\":\"Organization\",\"@id\":\"https:\\\/\\\/www.vetorino.com\\\/boutique\\\/#organization\",\"name\":\"V\u00e9torino\",\"url\":\"https:\\\/\\\/www.vetorino.com\\\/boutique\\\/\",\"logo\":{\"@type\":\"ImageObject\",\"inLanguage\":\"fr-FR\",\"@id\":\"https:\\\/\\\/www.vetorino.com\\\/boutique\\\/#\\\/schema\\\/logo\\\/image\\\/\",\"url\":\"https:\\\/\\\/www.vetorino.com\\\/boutique\\\/wp-content\\\/uploads\\\/2024\\\/10\\\/logo.jpg\",\"contentUrl\":\"https:\\\/\\\/www.vetorino.com\\\/boutique\\\/wp-content\\\/uploads\\\/2024\\\/10\\\/logo.jpg\",\"width\":1200,\"height\":610,\"caption\":\"V\u00e9torino\"},\"image\":{\"@id\":\"https:\\\/\\\/www.vetorino.com\\\/boutique\\\/#\\\/schema\\\/logo\\\/image\\\/\"},\"sameAs\":[\"https:\\\/\\\/www.facebook.com\\\/Vetorino\\\/\",\"https:\\\/\\\/www.instagram.com\\\/vetorino_off\\\/\",\"https:\\\/\\\/www.linkedin.com\\\/company\\\/vtorino\\\/\"]}]}<\/script>\n<meta property=\"product:brand\" content=\"Advance\" \/>\n<meta property=\"product:price:amount\" content=\"27.85\" \/>\n<meta property=\"product:price:currency\" content=\"EUR\" \/>\n<meta property=\"og:availability\" content=\"instock\" \/>\n<meta property=\"product:availability\" content=\"instock\" \/>\n<meta property=\"product:retailer_item_id\" content=\"A-1891430\" \/>\n<meta property=\"product:condition\" content=\"new\" \/>\n<!-- \/ Yoast SEO plugin. -->","yoast_head_json":{"title":"Veterinary Diets (Advance) Chien Atopic Medium Maxi Advance - V\u00e9torino","description":"ADVANCE VETERINARY DIETS Atopic Medium\/Maxi est un aliment di\u00e9t\u00e9tique complet et \u00e9quilibr\u00e9 pour chiens adultes et chiots \u00e2g\u00e9s de plus de 4 mois de moyenne et grande taille.  Formul\u00e9 pour traiter la peau en cas de dermatite et de perte de poils excessive, et pour r\u00e9duire les intol\u00e9rances aux ingr\u00e9dients et aux nutriments.","robots":{"index":"noindex","follow":"nofollow"},"og_locale":"fr_FR","og_type":"article","og_title":"Veterinary Diets (Advance) Chien Atopic Medium Maxi Advance - V\u00e9torino","og_description":"ADVANCE VETERINARY DIETS Atopic Medium\/Maxi est un aliment di\u00e9t\u00e9tique complet et \u00e9quilibr\u00e9 pour chiens adultes et chiots \u00e2g\u00e9s de plus de 4 mois de moyenne et grande taille.  Formul\u00e9 pour traiter la peau en cas de dermatite et de perte de poils excessive, et pour r\u00e9duire les intol\u00e9rances aux ingr\u00e9dients et aux nutriments.","og_url":"https:\/\/www.vetorino.com\/veterinaire\/landos-43340\/boutique\/product\/advance-veterinary-diets-chien-atopic-medium-maxi\/","og_site_name":"V\u00e9torino","article_publisher":"https:\/\/www.facebook.com\/Vetorino\/","article_modified_time":"2025-07-01T09:50:56+00:00","og_image":[{"width":967,"height":1024,"url":"https:\/\/www.vetorino.com\/boutique\/wp-content\/uploads\/2025\/06\/atopic-medium-maxi-chien-croquette.jpg","type":"image\/jpeg"}],"twitter_card":"summary_large_image","twitter_misc":{"Prix":"27,85&euro;","Disponibilit\u00e9":"En stock"},"schema":{"@context":"https:\/\/schema.org","@graph":[{"@type":"WebPage","@id":"https:\/\/www.vetorino.com\/veterinaire\/briancon-05100\/boutique\/product\/advance-veterinary-diets-chien-atopic-medium-maxi\/","url":"https:\/\/www.vetorino.com\/veterinaire\/briancon-05100\/boutique\/product\/advance-veterinary-diets-chien-atopic-medium-maxi\/","name":"Veterinary Diets (Advance) Chien Atopic Medium Maxi Advance - V\u00e9torino","isPartOf":{"@id":"https:\/\/www.vetorino.com\/boutique\/#website"},"primaryImageOfPage":{"@id":"https:\/\/www.vetorino.com\/veterinaire\/briancon-05100\/boutique\/product\/advance-veterinary-diets-chien-atopic-medium-maxi\/#primaryimage"},"image":{"@id":"https:\/\/www.vetorino.com\/veterinaire\/briancon-05100\/boutique\/product\/advance-veterinary-diets-chien-atopic-medium-maxi\/#primaryimage"},"thumbnailUrl":"https:\/\/www.vetorino.com\/boutique\/wp-content\/uploads\/2025\/06\/atopic-medium-maxi-chien-croquette.jpg","datePublished":"2025-06-12T03:35:21+00:00","dateModified":"2025-07-01T09:50:56+00:00","description":"ADVANCE VETERINARY DIETS Atopic Medium\/Maxi est un aliment di\u00e9t\u00e9tique complet et \u00e9quilibr\u00e9 pour chiens adultes et chiots \u00e2g\u00e9s de plus de 4 mois de moyenne et grande taille. Formul\u00e9 pour traiter la peau en cas de dermatite et de perte de poils excessive, et pour r\u00e9duire les intol\u00e9rances aux ingr\u00e9dients et aux nutriments.","breadcrumb":{"@id":"https:\/\/www.vetorino.com\/veterinaire\/briancon-05100\/boutique\/product\/advance-veterinary-diets-chien-atopic-medium-maxi\/#breadcrumb"},"inLanguage":"fr-FR","potentialAction":[{"@type":"ReadAction","target":["https:\/\/www.vetorino.com\/veterinaire\/briancon-05100\/boutique\/product\/advance-veterinary-diets-chien-atopic-medium-maxi\/"]}]},{"@type":"ImageObject","inLanguage":"fr-FR","@id":"https:\/\/www.vetorino.com\/veterinaire\/briancon-05100\/boutique\/product\/advance-veterinary-diets-chien-atopic-medium-maxi\/#primaryimage","url":"https:\/\/www.vetorino.com\/boutique\/wp-content\/uploads\/2025\/06\/atopic-medium-maxi-chien-croquette.jpg","contentUrl":"https:\/\/www.vetorino.com\/boutique\/wp-content\/uploads\/2025\/06\/atopic-medium-maxi-chien-croquette.jpg","width":967,"height":1024},{"@type":"BreadcrumbList","@id":"https:\/\/www.vetorino.com\/veterinaire\/briancon-05100\/boutique\/product\/advance-veterinary-diets-chien-atopic-medium-maxi\/#breadcrumb","itemListElement":[{"@type":"ListItem","position":1,"name":"Accueil","item":"https:\/\/www.vetorino.com\/boutique\/"},{"@type":"ListItem","position":2,"name":"Produits","item":"https:\/\/www.vetorino.com\/boutique\/"},{"@type":"ListItem","position":3,"name":"Chien Atopic Medium Maxi"}]},{"@type":"WebSite","@id":"https:\/\/www.vetorino.com\/boutique\/#website","url":"https:\/\/www.vetorino.com\/boutique\/","name":"V\u00e9torino","description":"","publisher":{"@id":"https:\/\/www.vetorino.com\/boutique\/#organization"},"potentialAction":[{"@type":"SearchAction","target":{"@type":"EntryPoint","urlTemplate":"https:\/\/www.vetorino.com\/boutique\/?s={search_term_string}"},"query-input":{"@type":"PropertyValueSpecification","valueRequired":true,"valueName":"search_term_string"}}],"inLanguage":"fr-FR"},{"@type":"Organization","@id":"https:\/\/www.vetorino.com\/boutique\/#organization","name":"V\u00e9torino","url":"https:\/\/www.vetorino.com\/boutique\/","logo":{"@type":"ImageObject","inLanguage":"fr-FR","@id":"https:\/\/www.vetorino.com\/boutique\/#\/schema\/logo\/image\/","url":"https:\/\/www.vetorino.com\/boutique\/wp-content\/uploads\/2024\/10\/logo.jpg","contentUrl":"https:\/\/www.vetorino.com\/boutique\/wp-content\/uploads\/2024\/10\/logo.jpg","width":1200,"height":610,"caption":"V\u00e9torino"},"image":{"@id":"https:\/\/www.vetorino.com\/boutique\/#\/schema\/logo\/image\/"},"sameAs":["https:\/\/www.facebook.com\/Vetorino\/","https:\/\/www.instagram.com\/vetorino_off\/","https:\/\/www.linkedin.com\/company\/vtorino\/"]}]},"product_brand":"Advance","product_price_amount":"27.85","product_price_currency":"EUR","og_availability":"instock","product_availability":"instock","product_retailer_item_id":"A-1891430","product_condition":"new"},"_links":{"self":[{"href":"https:\/\/www.vetorino.com\/veterinaire\/landos-43340\/boutique\/wp-json\/wp\/v2\/product\/1369762","targetHints":{"allow":["GET"]}}],"collection":[{"href":"https:\/\/www.vetorino.com\/veterinaire\/landos-43340\/boutique\/wp-json\/wp\/v2\/product"}],"about":[{"href":"https:\/\/www.vetorino.com\/veterinaire\/landos-43340\/boutique\/wp-json\/wp\/v2\/types\/product"}],"wp:featuredmedia":[{"embeddable":true,"href":"https:\/\/www.vetorino.com\/veterinaire\/landos-43340\/boutique\/wp-json\/wp\/v2\/media\/1371691"}],"wp:attachment":[{"href":"https:\/\/www.vetorino.com\/veterinaire\/landos-43340\/boutique\/wp-json\/wp\/v2\/media?parent=1369762"}],"wp:term":[{"taxonomy":"product_cat","embeddable":true,"href":"https:\/\/www.vetorino.com\/veterinaire\/landos-43340\/boutique\/wp-json\/wp\/v2\/product_cat?post=1369762"},{"taxonomy":"product_tag","embeddable":true,"href":"https:\/\/www.vetorino.com\/veterinaire\/landos-43340\/boutique\/wp-json\/wp\/v2\/product_tag?post=1369762"}],"curies":[{"name":"wp","href":"https:\/\/api.w.org\/{rel}","templated":true}]}}