{"id":1663409,"date":"2026-01-19T17:51:43","date_gmt":"2026-01-19T16:51:43","guid":{"rendered":"https:\/\/www.vetorino.com\/boutique\/product\/cicavet-creme\/"},"modified":"2026-01-21T10:06:32","modified_gmt":"2026-01-21T09:06:32","slug":"cicavet-creme","status":"publish","type":"product","link":"https:\/\/www.vetorino.com\/veterinaire\/landos-43340\/boutique\/product\/cicavet-creme\/","title":{"rendered":"Cicavet Cr\u00e8me"},"content":{"rendered":"<p><strong>La cr\u00e8me Cicavet est un soin r\u00e9parateur<\/strong> sp\u00e9cialement formul\u00e9 pour <strong>favoriser la cicatrisation de la peau chez les chiens, chats et NAC.<\/strong><\/p>\n<p>Sa formule douce et efficace aide \u00e0 <strong>apaiser, r\u00e9parer et prot\u00e9ger la peau<\/strong> fragilis\u00e9e apr\u00e8s une irritation, une plaie superficielle, une piq\u00fbre d\u2019insecte ou une petite blessure.<\/p>\n<p>Gr\u00e2ce \u00e0 ses actifs naturels apaisants et hydratants, Cicavet <strong>soutient la r\u00e9g\u00e9n\u00e9ration cutan\u00e9e<\/strong> tout en formant une <strong>barri\u00e8re protectrice qui limite les risques d\u2019infection et emp\u00eache le l\u00e9chage excessif.<\/strong><\/p>\n<p><strong>Mode d&#8217;emploi :<\/strong><\/p>\n<p><em>Appliquer sur la zone concern\u00e9e plusieurs fois par jour.<\/em><\/p>\n<p><em>Ne pas appliquer sur les muqueuses oculaires.<\/em><\/p>\n<p><strong>Demander conseil \u00e0 un v\u00e9t\u00e9rinaire.<\/strong><\/p>\n","protected":false},"excerpt":{"rendered":"<p><strong>La cr\u00e8me Cicavet est un soin r\u00e9parateur<\/strong> sp\u00e9cialement formul\u00e9 pour <strong>favoriser la cicatrisation de la peau chez les chiens, chats et NAC.<\/strong><\/p>\n<p>Sa formule douce et efficace aide \u00e0 <strong>apaiser, r\u00e9parer et prot\u00e9ger la peau<\/strong> fragilis\u00e9e apr\u00e8s une irritation, une plaie superficielle, une piq\u00fbre d\u2019insecte ou une petite blessure.<\/p>\n<p>Gr\u00e2ce \u00e0 ses actifs naturels apaisants et hydratants, Cicavet <strong>soutient la r\u00e9g\u00e9n\u00e9ration cutan\u00e9e<\/strong> tout en formant une <strong>barri\u00e8re protectrice qui limite les risques d\u2019infection et emp\u00eache le l\u00e9chage excessif.<\/strong><\/p>\n","protected":false},"featured_media":1664632,"template":"","meta":[],"product_cat":[2697,2698,12611,12612,12560,12561,2727,12568],"product_tag":[],"class_list":{"0":"post-1663409","1":"product","2":"type-product","3":"status-publish","4":"has-post-thumbnail","6":"product_cat-chat","7":"product_cat-chien","8":"product_cat-hygiene-de-la-peau-et-du-pelage-du-chat","9":"product_cat-hygiene-de-la-peau-et-du-pelage-du-chien","10":"product_cat-hygiene-du-chat","11":"product_cat-hygiene-du-chien","12":"product_cat-nac","13":"product_cat-produit-veterinaire-du-chien","14":"pa_marque-labbea","16":"first","17":"instock","18":"taxable","19":"shipping-taxable","20":"purchasable","21":"product-type-simple"},"yoast_head":"<!-- This site is optimized with the Yoast SEO plugin v27.3 - https:\/\/yoast.com\/product\/yoast-seo-wordpress\/ -->\n<title>Cicavet Cr\u00e8me Labbea - V\u00e9torino<\/title>\n<meta name=\"description\" content=\"La cr\u00e8me Cicavet est un soin r\u00e9parateur sp\u00e9cialement formul\u00e9 pour favoriser la cicatrisation de la peau chez les chiens, chats et NAC.  Sa formule douce et efficace aide \u00e0 apaiser, r\u00e9parer et prot\u00e9ger la peau fragilis\u00e9e apr\u00e8s une irritation, une plaie superficielle, une piq\u00fbre d\u2019insecte ou une petite blessure.  Gr\u00e2ce \u00e0 ses actifs naturels apaisants et hydratants, Cicavet soutient la r\u00e9g\u00e9n\u00e9ration cutan\u00e9e tout en formant une barri\u00e8re protectrice qui limite les risques d\u2019infection et emp\u00eache le l\u00e9chage excessif.\" \/>\n<meta name=\"robots\" content=\"noindex, nofollow\" \/>\n<meta property=\"og:locale\" content=\"fr_FR\" \/>\n<meta property=\"og:type\" content=\"article\" \/>\n<meta property=\"og:title\" content=\"Cicavet Cr\u00e8me Labbea - V\u00e9torino\" \/>\n<meta property=\"og:description\" content=\"La cr\u00e8me Cicavet est un soin r\u00e9parateur sp\u00e9cialement formul\u00e9 pour favoriser la cicatrisation de la peau chez les chiens, chats et NAC.  Sa formule douce et efficace aide \u00e0 apaiser, r\u00e9parer et prot\u00e9ger la peau fragilis\u00e9e apr\u00e8s une irritation, une plaie superficielle, une piq\u00fbre d\u2019insecte ou une petite blessure.  Gr\u00e2ce \u00e0 ses actifs naturels apaisants et hydratants, Cicavet soutient la r\u00e9g\u00e9n\u00e9ration cutan\u00e9e tout en formant une barri\u00e8re protectrice qui limite les risques d\u2019infection et emp\u00eache le l\u00e9chage excessif.\" \/>\n<meta property=\"og:url\" content=\"https:\/\/www.vetorino.com\/veterinaire\/landos-43340\/boutique\/product\/cicavet-creme\/\" \/>\n<meta property=\"og:site_name\" content=\"V\u00e9torino\" \/>\n<meta property=\"article:publisher\" content=\"https:\/\/www.facebook.com\/Vetorino\/\" \/>\n<meta property=\"article:modified_time\" content=\"2026-01-21T09:06:32+00:00\" \/>\n<meta property=\"og:image\" content=\"https:\/\/www.vetorino.com\/boutique\/wp-content\/uploads\/2026\/01\/cicavet-creme.jpg\" \/>\n\t<meta property=\"og:image:width\" content=\"1200\" \/>\n\t<meta property=\"og:image:height\" content=\"1200\" \/>\n\t<meta property=\"og:image:type\" content=\"image\/jpeg\" \/>\n<meta name=\"twitter:card\" content=\"summary_large_image\" \/>\n<meta name=\"twitter:label1\" content=\"Prix\" \/>\n\t<meta name=\"twitter:data1\" content=\"14,06&euro;\" \/>\n\t<meta name=\"twitter:label2\" content=\"Disponibilit\u00e9\" \/>\n\t<meta name=\"twitter:data2\" content=\"En stock\" \/>\n<script type=\"application\/ld+json\" class=\"yoast-schema-graph\">{\"@context\":\"https:\\\/\\\/schema.org\",\"@graph\":[{\"@type\":\"WebPage\",\"@id\":\"https:\\\/\\\/www.vetorino.com\\\/boutique\\\/product\\\/cicavet-creme\\\/\",\"url\":\"https:\\\/\\\/www.vetorino.com\\\/boutique\\\/product\\\/cicavet-creme\\\/\",\"name\":\"Cicavet Cr\u00e8me Labbea - V\u00e9torino\",\"isPartOf\":{\"@id\":\"https:\\\/\\\/www.vetorino.com\\\/boutique\\\/#website\"},\"primaryImageOfPage\":{\"@id\":\"https:\\\/\\\/www.vetorino.com\\\/boutique\\\/product\\\/cicavet-creme\\\/#primaryimage\"},\"image\":{\"@id\":\"https:\\\/\\\/www.vetorino.com\\\/boutique\\\/product\\\/cicavet-creme\\\/#primaryimage\"},\"thumbnailUrl\":\"https:\\\/\\\/www.vetorino.com\\\/boutique\\\/wp-content\\\/uploads\\\/2026\\\/01\\\/cicavet-creme.jpg\",\"datePublished\":\"2026-01-19T16:51:43+00:00\",\"dateModified\":\"2026-01-21T09:06:32+00:00\",\"description\":\"La cr\u00e8me Cicavet est un soin r\u00e9parateur sp\u00e9cialement formul\u00e9 pour favoriser la cicatrisation de la peau chez les chiens, chats et NAC. Sa formule douce et efficace aide \u00e0 apaiser, r\u00e9parer et prot\u00e9ger la peau fragilis\u00e9e apr\u00e8s une irritation, une plaie superficielle, une piq\u00fbre d\u2019insecte ou une petite blessure. Gr\u00e2ce \u00e0 ses actifs naturels apaisants et hydratants, Cicavet soutient la r\u00e9g\u00e9n\u00e9ration cutan\u00e9e tout en formant une barri\u00e8re protectrice qui limite les risques d\u2019infection et emp\u00eache le l\u00e9chage excessif.\",\"breadcrumb\":{\"@id\":\"https:\\\/\\\/www.vetorino.com\\\/boutique\\\/product\\\/cicavet-creme\\\/#breadcrumb\"},\"inLanguage\":\"fr-FR\",\"potentialAction\":[{\"@type\":\"ReadAction\",\"target\":[\"https:\\\/\\\/www.vetorino.com\\\/boutique\\\/product\\\/cicavet-creme\\\/\"]}]},{\"@type\":\"ImageObject\",\"inLanguage\":\"fr-FR\",\"@id\":\"https:\\\/\\\/www.vetorino.com\\\/boutique\\\/product\\\/cicavet-creme\\\/#primaryimage\",\"url\":\"https:\\\/\\\/www.vetorino.com\\\/boutique\\\/wp-content\\\/uploads\\\/2026\\\/01\\\/cicavet-creme.jpg\",\"contentUrl\":\"https:\\\/\\\/www.vetorino.com\\\/boutique\\\/wp-content\\\/uploads\\\/2026\\\/01\\\/cicavet-creme.jpg\",\"width\":1200,\"height\":1200},{\"@type\":\"BreadcrumbList\",\"@id\":\"https:\\\/\\\/www.vetorino.com\\\/boutique\\\/product\\\/cicavet-creme\\\/#breadcrumb\",\"itemListElement\":[{\"@type\":\"ListItem\",\"position\":1,\"name\":\"Accueil\",\"item\":\"https:\\\/\\\/www.vetorino.com\\\/boutique\\\/\"},{\"@type\":\"ListItem\",\"position\":2,\"name\":\"Produits\",\"item\":\"https:\\\/\\\/www.vetorino.com\\\/boutique\\\/\"},{\"@type\":\"ListItem\",\"position\":3,\"name\":\"Cicavet Cr\u00e8me\"}]},{\"@type\":\"WebSite\",\"@id\":\"https:\\\/\\\/www.vetorino.com\\\/boutique\\\/#website\",\"url\":\"https:\\\/\\\/www.vetorino.com\\\/boutique\\\/\",\"name\":\"V\u00e9torino\",\"description\":\"\",\"publisher\":{\"@id\":\"https:\\\/\\\/www.vetorino.com\\\/boutique\\\/#organization\"},\"potentialAction\":[{\"@type\":\"SearchAction\",\"target\":{\"@type\":\"EntryPoint\",\"urlTemplate\":\"https:\\\/\\\/www.vetorino.com\\\/boutique\\\/?s={search_term_string}\"},\"query-input\":{\"@type\":\"PropertyValueSpecification\",\"valueRequired\":true,\"valueName\":\"search_term_string\"}}],\"inLanguage\":\"fr-FR\"},{\"@type\":\"Organization\",\"@id\":\"https:\\\/\\\/www.vetorino.com\\\/boutique\\\/#organization\",\"name\":\"V\u00e9torino\",\"url\":\"https:\\\/\\\/www.vetorino.com\\\/boutique\\\/\",\"logo\":{\"@type\":\"ImageObject\",\"inLanguage\":\"fr-FR\",\"@id\":\"https:\\\/\\\/www.vetorino.com\\\/boutique\\\/#\\\/schema\\\/logo\\\/image\\\/\",\"url\":\"https:\\\/\\\/www.vetorino.com\\\/boutique\\\/wp-content\\\/uploads\\\/2024\\\/10\\\/logo.jpg\",\"contentUrl\":\"https:\\\/\\\/www.vetorino.com\\\/boutique\\\/wp-content\\\/uploads\\\/2024\\\/10\\\/logo.jpg\",\"width\":1200,\"height\":610,\"caption\":\"V\u00e9torino\"},\"image\":{\"@id\":\"https:\\\/\\\/www.vetorino.com\\\/boutique\\\/#\\\/schema\\\/logo\\\/image\\\/\"},\"sameAs\":[\"https:\\\/\\\/www.facebook.com\\\/Vetorino\\\/\",\"https:\\\/\\\/www.instagram.com\\\/vetorino_off\\\/\",\"https:\\\/\\\/www.linkedin.com\\\/company\\\/vtorino\\\/\"]}]}<\/script>\n<meta property=\"product:brand\" content=\"Labbea\" \/>\n<meta property=\"product:price:amount\" content=\"14.06\" \/>\n<meta property=\"product:price:currency\" content=\"EUR\" \/>\n<meta property=\"og:availability\" content=\"instock\" \/>\n<meta property=\"product:availability\" content=\"instock\" \/>\n<meta property=\"product:retailer_item_id\" content=\"A-1898570\" \/>\n<meta property=\"product:condition\" content=\"new\" \/>\n<!-- \/ Yoast SEO plugin. -->","yoast_head_json":{"title":"Cicavet Cr\u00e8me Labbea - V\u00e9torino","description":"La cr\u00e8me Cicavet est un soin r\u00e9parateur sp\u00e9cialement formul\u00e9 pour favoriser la cicatrisation de la peau chez les chiens, chats et NAC.  Sa formule douce et efficace aide \u00e0 apaiser, r\u00e9parer et prot\u00e9ger la peau fragilis\u00e9e apr\u00e8s une irritation, une plaie superficielle, une piq\u00fbre d\u2019insecte ou une petite blessure.  Gr\u00e2ce \u00e0 ses actifs naturels apaisants et hydratants, Cicavet soutient la r\u00e9g\u00e9n\u00e9ration cutan\u00e9e tout en formant une barri\u00e8re protectrice qui limite les risques d\u2019infection et emp\u00eache le l\u00e9chage excessif.","robots":{"index":"noindex","follow":"nofollow"},"og_locale":"fr_FR","og_type":"article","og_title":"Cicavet Cr\u00e8me Labbea - V\u00e9torino","og_description":"La cr\u00e8me Cicavet est un soin r\u00e9parateur sp\u00e9cialement formul\u00e9 pour favoriser la cicatrisation de la peau chez les chiens, chats et NAC.  Sa formule douce et efficace aide \u00e0 apaiser, r\u00e9parer et prot\u00e9ger la peau fragilis\u00e9e apr\u00e8s une irritation, une plaie superficielle, une piq\u00fbre d\u2019insecte ou une petite blessure.  Gr\u00e2ce \u00e0 ses actifs naturels apaisants et hydratants, Cicavet soutient la r\u00e9g\u00e9n\u00e9ration cutan\u00e9e tout en formant une barri\u00e8re protectrice qui limite les risques d\u2019infection et emp\u00eache le l\u00e9chage excessif.","og_url":"https:\/\/www.vetorino.com\/veterinaire\/landos-43340\/boutique\/product\/cicavet-creme\/","og_site_name":"V\u00e9torino","article_publisher":"https:\/\/www.facebook.com\/Vetorino\/","article_modified_time":"2026-01-21T09:06:32+00:00","og_image":[{"width":1200,"height":1200,"url":"https:\/\/www.vetorino.com\/boutique\/wp-content\/uploads\/2026\/01\/cicavet-creme.jpg","type":"image\/jpeg"}],"twitter_card":"summary_large_image","twitter_misc":{"Prix":"14,06&euro;","Disponibilit\u00e9":"En stock"},"schema":{"@context":"https:\/\/schema.org","@graph":[{"@type":"WebPage","@id":"https:\/\/www.vetorino.com\/boutique\/product\/cicavet-creme\/","url":"https:\/\/www.vetorino.com\/boutique\/product\/cicavet-creme\/","name":"Cicavet Cr\u00e8me Labbea - V\u00e9torino","isPartOf":{"@id":"https:\/\/www.vetorino.com\/boutique\/#website"},"primaryImageOfPage":{"@id":"https:\/\/www.vetorino.com\/boutique\/product\/cicavet-creme\/#primaryimage"},"image":{"@id":"https:\/\/www.vetorino.com\/boutique\/product\/cicavet-creme\/#primaryimage"},"thumbnailUrl":"https:\/\/www.vetorino.com\/boutique\/wp-content\/uploads\/2026\/01\/cicavet-creme.jpg","datePublished":"2026-01-19T16:51:43+00:00","dateModified":"2026-01-21T09:06:32+00:00","description":"La cr\u00e8me Cicavet est un soin r\u00e9parateur sp\u00e9cialement formul\u00e9 pour favoriser la cicatrisation de la peau chez les chiens, chats et NAC. Sa formule douce et efficace aide \u00e0 apaiser, r\u00e9parer et prot\u00e9ger la peau fragilis\u00e9e apr\u00e8s une irritation, une plaie superficielle, une piq\u00fbre d\u2019insecte ou une petite blessure. Gr\u00e2ce \u00e0 ses actifs naturels apaisants et hydratants, Cicavet soutient la r\u00e9g\u00e9n\u00e9ration cutan\u00e9e tout en formant une barri\u00e8re protectrice qui limite les risques d\u2019infection et emp\u00eache le l\u00e9chage excessif.","breadcrumb":{"@id":"https:\/\/www.vetorino.com\/boutique\/product\/cicavet-creme\/#breadcrumb"},"inLanguage":"fr-FR","potentialAction":[{"@type":"ReadAction","target":["https:\/\/www.vetorino.com\/boutique\/product\/cicavet-creme\/"]}]},{"@type":"ImageObject","inLanguage":"fr-FR","@id":"https:\/\/www.vetorino.com\/boutique\/product\/cicavet-creme\/#primaryimage","url":"https:\/\/www.vetorino.com\/boutique\/wp-content\/uploads\/2026\/01\/cicavet-creme.jpg","contentUrl":"https:\/\/www.vetorino.com\/boutique\/wp-content\/uploads\/2026\/01\/cicavet-creme.jpg","width":1200,"height":1200},{"@type":"BreadcrumbList","@id":"https:\/\/www.vetorino.com\/boutique\/product\/cicavet-creme\/#breadcrumb","itemListElement":[{"@type":"ListItem","position":1,"name":"Accueil","item":"https:\/\/www.vetorino.com\/boutique\/"},{"@type":"ListItem","position":2,"name":"Produits","item":"https:\/\/www.vetorino.com\/boutique\/"},{"@type":"ListItem","position":3,"name":"Cicavet Cr\u00e8me"}]},{"@type":"WebSite","@id":"https:\/\/www.vetorino.com\/boutique\/#website","url":"https:\/\/www.vetorino.com\/boutique\/","name":"V\u00e9torino","description":"","publisher":{"@id":"https:\/\/www.vetorino.com\/boutique\/#organization"},"potentialAction":[{"@type":"SearchAction","target":{"@type":"EntryPoint","urlTemplate":"https:\/\/www.vetorino.com\/boutique\/?s={search_term_string}"},"query-input":{"@type":"PropertyValueSpecification","valueRequired":true,"valueName":"search_term_string"}}],"inLanguage":"fr-FR"},{"@type":"Organization","@id":"https:\/\/www.vetorino.com\/boutique\/#organization","name":"V\u00e9torino","url":"https:\/\/www.vetorino.com\/boutique\/","logo":{"@type":"ImageObject","inLanguage":"fr-FR","@id":"https:\/\/www.vetorino.com\/boutique\/#\/schema\/logo\/image\/","url":"https:\/\/www.vetorino.com\/boutique\/wp-content\/uploads\/2024\/10\/logo.jpg","contentUrl":"https:\/\/www.vetorino.com\/boutique\/wp-content\/uploads\/2024\/10\/logo.jpg","width":1200,"height":610,"caption":"V\u00e9torino"},"image":{"@id":"https:\/\/www.vetorino.com\/boutique\/#\/schema\/logo\/image\/"},"sameAs":["https:\/\/www.facebook.com\/Vetorino\/","https:\/\/www.instagram.com\/vetorino_off\/","https:\/\/www.linkedin.com\/company\/vtorino\/"]}]},"product_brand":"Labbea","product_price_amount":"14.06","product_price_currency":"EUR","og_availability":"instock","product_availability":"instock","product_retailer_item_id":"A-1898570","product_condition":"new"},"_links":{"self":[{"href":"https:\/\/www.vetorino.com\/veterinaire\/landos-43340\/boutique\/wp-json\/wp\/v2\/product\/1663409","targetHints":{"allow":["GET"]}}],"collection":[{"href":"https:\/\/www.vetorino.com\/veterinaire\/landos-43340\/boutique\/wp-json\/wp\/v2\/product"}],"about":[{"href":"https:\/\/www.vetorino.com\/veterinaire\/landos-43340\/boutique\/wp-json\/wp\/v2\/types\/product"}],"wp:featuredmedia":[{"embeddable":true,"href":"https:\/\/www.vetorino.com\/veterinaire\/landos-43340\/boutique\/wp-json\/wp\/v2\/media\/1664632"}],"wp:attachment":[{"href":"https:\/\/www.vetorino.com\/veterinaire\/landos-43340\/boutique\/wp-json\/wp\/v2\/media?parent=1663409"}],"wp:term":[{"taxonomy":"product_cat","embeddable":true,"href":"https:\/\/www.vetorino.com\/veterinaire\/landos-43340\/boutique\/wp-json\/wp\/v2\/product_cat?post=1663409"},{"taxonomy":"product_tag","embeddable":true,"href":"https:\/\/www.vetorino.com\/veterinaire\/landos-43340\/boutique\/wp-json\/wp\/v2\/product_tag?post=1663409"}],"curies":[{"name":"wp","href":"https:\/\/api.w.org\/{rel}","templated":true}]}}