{"id":177393,"date":"2021-05-04T19:03:38","date_gmt":"2021-05-04T17:03:38","guid":{"rendered":"https:\/\/www.vetorino.com\/boutique\/product\/bonutron-sport-pro-new-2\/"},"modified":"2025-02-19T16:57:42","modified_gmt":"2025-02-19T15:57:42","slug":"bonutron-sport-pro-new-2","status":"publish","type":"product","link":"https:\/\/www.vetorino.com\/veterinaire\/landos-43340\/boutique\/product\/bonutron-sport-pro-new-2\/","title":{"rendered":"Bonutron Sport Pro"},"content":{"rendered":"<p><strong>BONUTRON SPORT PRO est un apport nutritionnel compl\u00e9mentaire sp\u00e9cifique des chevaux et poneys de sport de haut niveau, adapt\u00e9 aux habitudes actuelles d&#8217;alimentation.<\/strong><\/p>\n<p><span style=\"color: #808080\">Pour les chevaux et poneys qui travaillent moins, pr\u00e9f\u00e9rez Bonutron LEISURE.<\/span><\/p>\n<p><strong>Utilisation :<br \/>\n<\/strong><\/p>\n<ul>\n<li>Chevaux et poneys de sport de haut niveau.<\/li>\n<li>Entra\u00eenement, course et comp\u00e9tition.<\/li>\n<li>En compl\u00e9ment de l&#8217;alimentation quotidienne.<\/li>\n<\/ul>\n<p><strong>Avantages :<\/strong><\/p>\n<ul>\n<li>Adapt\u00e9 aux\u00a0chevaux et poneys\u00a0qui ont un\u00a0<strong>niveau de travail sup\u00e9rieur \u00e0 7 ou 8h heures par semaine<\/strong>\u00a0: Apporte les \u00e9l\u00e9ments se trouvant en quantit\u00e9 insuffisante dans l&#8217;alimentation quotidienne : Association de min\u00e9raux + 12 vitamines et 4 oligo-\u00e9l\u00e9ments + 3 acides amin\u00e9s et \u00e9l\u00e9ments &#8220;bonus&#8221;<\/li>\n<li>Sp\u00e9cialement d\u00e9velopp\u00e9e pour les rations \u00e0 base de foin de prairie naturelle et con\u00e7ue pour\u00a0<strong>s&#8217;adapter \u00e0 tous les types de rations usuelles<\/strong>.<\/li>\n<li><strong>S\u00e9curisation de la ration<\/strong>\u00a0: contient un capteur de mycotoxines.<\/li>\n<li>Une cible : la\u00a0<strong>performance musculaire<\/strong>\u00a0!<\/li>\n<\/ul>\n","protected":false},"excerpt":{"rendered":"<p><strong>BONUTRON SPORT PRO est un apport nutritionnel compl\u00e9mentaire sp\u00e9cifique des chevaux et poneys de sport de haut niveau, adapt\u00e9 aux habitudes actuelles d&#8217;alimentation.<\/strong><\/p>\n<p><span style=\"color: #808080\">Pour les chevaux et poneys qui travaillent moins, pr\u00e9f\u00e9rez Bonutron LEISURE.<\/span><\/p>\n<p><strong>Utilisation :<br \/>\n<\/strong><\/p>\n<ul>\n<li>Chevaux et poneys de sport de haut niveau.<\/li>\n<li>Entra\u00eenement, course et comp\u00e9tition.<\/li>\n<li>En compl\u00e9ment de l&#8217;alimentation quotidienne.<\/li>\n<\/ul>\n","protected":false},"featured_media":213369,"template":"","meta":[],"product_cat":[12547,12752,12566,12754],"product_tag":[],"class_list":{"0":"post-177393","1":"product","2":"type-product","3":"status-publish","4":"has-post-thumbnail","6":"product_cat-cheval","7":"product_cat-gestion-de-leffort-du-cheval","8":"product_cat-performance-du-cheval","9":"product_cat-soins-au-quotidien-du-cheval","10":"pa_marque-audevard","12":"first","13":"outofstock","14":"taxable","15":"shipping-taxable","16":"product-type-variable"},"yoast_head":"<!-- This site is optimized with the Yoast SEO plugin v27.3 - https:\/\/yoast.com\/product\/yoast-seo-wordpress\/ -->\n<title>Bonutron Sport Pro Audevard - V\u00e9torino<\/title>\n<meta name=\"description\" content=\"BONUTRON SPORT PRO est un apport nutritionnel compl\u00e9mentaire sp\u00e9cifique des chevaux et poneys de sport de haut niveau, adapt\u00e9 aux habitudes actuelles d&#039;alimentation.  Pour les chevaux et poneys qui travaillent moins, pr\u00e9f\u00e9rez Bonutron LEISURE.  Utilisation :    Chevaux et poneys de sport de haut niveau.  Entra\u00eenement, course et comp\u00e9tition.  En compl\u00e9ment de l&#039;alimentation quotidienne.\" \/>\n<meta name=\"robots\" content=\"noindex, nofollow\" \/>\n<meta property=\"og:locale\" content=\"fr_FR\" \/>\n<meta property=\"og:type\" content=\"article\" \/>\n<meta property=\"og:title\" content=\"Bonutron Sport Pro Audevard - V\u00e9torino\" \/>\n<meta property=\"og:description\" content=\"BONUTRON SPORT PRO est un apport nutritionnel compl\u00e9mentaire sp\u00e9cifique des chevaux et poneys de sport de haut niveau, adapt\u00e9 aux habitudes actuelles d&#039;alimentation.  Pour les chevaux et poneys qui travaillent moins, pr\u00e9f\u00e9rez Bonutron LEISURE.  Utilisation :    Chevaux et poneys de sport de haut niveau.  Entra\u00eenement, course et comp\u00e9tition.  En compl\u00e9ment de l&#039;alimentation quotidienne.\" \/>\n<meta property=\"og:url\" content=\"https:\/\/www.vetorino.com\/veterinaire\/landos-43340\/boutique\/product\/bonutron-sport-pro-new-2\/\" \/>\n<meta property=\"og:site_name\" content=\"V\u00e9torino\" \/>\n<meta property=\"article:publisher\" content=\"https:\/\/www.facebook.com\/Vetorino\/\" \/>\n<meta property=\"article:modified_time\" content=\"2025-02-19T15:57:42+00:00\" \/>\n<meta property=\"og:image\" content=\"https:\/\/www.vetorino.com\/boutique\/wp-content\/uploads\/2021\/05\/bonutron-sport-pro.png\" \/>\n\t<meta property=\"og:image:width\" content=\"800\" \/>\n\t<meta property=\"og:image:height\" content=\"800\" \/>\n\t<meta property=\"og:image:type\" content=\"image\/png\" \/>\n<meta name=\"twitter:card\" content=\"summary_large_image\" \/>\n<meta name=\"twitter:label1\" content=\"Disponibilit\u00e9\" \/>\n\t<meta name=\"twitter:data1\" content=\"Rupture de stock\" \/>\n<script type=\"application\/ld+json\" class=\"yoast-schema-graph\">{\"@context\":\"https:\\\/\\\/schema.org\",\"@graph\":[{\"@type\":\"WebPage\",\"@id\":\"https:\\\/\\\/www.vetorino.com\\\/boutique\\\/product\\\/bonutron-sport-pro-new-2\\\/\",\"url\":\"https:\\\/\\\/www.vetorino.com\\\/boutique\\\/product\\\/bonutron-sport-pro-new-2\\\/\",\"name\":\"Bonutron Sport Pro Audevard - V\u00e9torino\",\"isPartOf\":{\"@id\":\"https:\\\/\\\/www.vetorino.com\\\/boutique\\\/#website\"},\"primaryImageOfPage\":{\"@id\":\"https:\\\/\\\/www.vetorino.com\\\/boutique\\\/product\\\/bonutron-sport-pro-new-2\\\/#primaryimage\"},\"image\":{\"@id\":\"https:\\\/\\\/www.vetorino.com\\\/boutique\\\/product\\\/bonutron-sport-pro-new-2\\\/#primaryimage\"},\"thumbnailUrl\":\"https:\\\/\\\/www.vetorino.com\\\/boutique\\\/wp-content\\\/uploads\\\/2021\\\/05\\\/bonutron-sport-pro.png\",\"datePublished\":\"2021-05-04T17:03:38+00:00\",\"dateModified\":\"2025-02-19T15:57:42+00:00\",\"description\":\"BONUTRON SPORT PRO est un apport nutritionnel compl\u00e9mentaire sp\u00e9cifique des chevaux et poneys de sport de haut niveau, adapt\u00e9 aux habitudes actuelles d'alimentation. Pour les chevaux et poneys qui travaillent moins, pr\u00e9f\u00e9rez Bonutron LEISURE. Utilisation : Chevaux et poneys de sport de haut niveau. Entra\u00eenement, course et comp\u00e9tition. En compl\u00e9ment de l'alimentation quotidienne.\",\"breadcrumb\":{\"@id\":\"https:\\\/\\\/www.vetorino.com\\\/boutique\\\/product\\\/bonutron-sport-pro-new-2\\\/#breadcrumb\"},\"inLanguage\":\"fr-FR\",\"potentialAction\":[{\"@type\":\"ReadAction\",\"target\":[\"https:\\\/\\\/www.vetorino.com\\\/boutique\\\/product\\\/bonutron-sport-pro-new-2\\\/\"]}]},{\"@type\":\"ImageObject\",\"inLanguage\":\"fr-FR\",\"@id\":\"https:\\\/\\\/www.vetorino.com\\\/boutique\\\/product\\\/bonutron-sport-pro-new-2\\\/#primaryimage\",\"url\":\"https:\\\/\\\/www.vetorino.com\\\/boutique\\\/wp-content\\\/uploads\\\/2021\\\/05\\\/bonutron-sport-pro.png\",\"contentUrl\":\"https:\\\/\\\/www.vetorino.com\\\/boutique\\\/wp-content\\\/uploads\\\/2021\\\/05\\\/bonutron-sport-pro.png\",\"width\":800,\"height\":800},{\"@type\":\"BreadcrumbList\",\"@id\":\"https:\\\/\\\/www.vetorino.com\\\/boutique\\\/product\\\/bonutron-sport-pro-new-2\\\/#breadcrumb\",\"itemListElement\":[{\"@type\":\"ListItem\",\"position\":1,\"name\":\"Accueil\",\"item\":\"https:\\\/\\\/www.vetorino.com\\\/boutique\\\/\"},{\"@type\":\"ListItem\",\"position\":2,\"name\":\"Produits\",\"item\":\"https:\\\/\\\/www.vetorino.com\\\/boutique\\\/\"},{\"@type\":\"ListItem\",\"position\":3,\"name\":\"Bonutron Sport Pro\"}]},{\"@type\":\"WebSite\",\"@id\":\"https:\\\/\\\/www.vetorino.com\\\/boutique\\\/#website\",\"url\":\"https:\\\/\\\/www.vetorino.com\\\/boutique\\\/\",\"name\":\"V\u00e9torino\",\"description\":\"\",\"publisher\":{\"@id\":\"https:\\\/\\\/www.vetorino.com\\\/boutique\\\/#organization\"},\"potentialAction\":[{\"@type\":\"SearchAction\",\"target\":{\"@type\":\"EntryPoint\",\"urlTemplate\":\"https:\\\/\\\/www.vetorino.com\\\/boutique\\\/?s={search_term_string}\"},\"query-input\":{\"@type\":\"PropertyValueSpecification\",\"valueRequired\":true,\"valueName\":\"search_term_string\"}}],\"inLanguage\":\"fr-FR\"},{\"@type\":\"Organization\",\"@id\":\"https:\\\/\\\/www.vetorino.com\\\/boutique\\\/#organization\",\"name\":\"V\u00e9torino\",\"url\":\"https:\\\/\\\/www.vetorino.com\\\/boutique\\\/\",\"logo\":{\"@type\":\"ImageObject\",\"inLanguage\":\"fr-FR\",\"@id\":\"https:\\\/\\\/www.vetorino.com\\\/boutique\\\/#\\\/schema\\\/logo\\\/image\\\/\",\"url\":\"https:\\\/\\\/www.vetorino.com\\\/boutique\\\/wp-content\\\/uploads\\\/2024\\\/10\\\/logo.jpg\",\"contentUrl\":\"https:\\\/\\\/www.vetorino.com\\\/boutique\\\/wp-content\\\/uploads\\\/2024\\\/10\\\/logo.jpg\",\"width\":1200,\"height\":610,\"caption\":\"V\u00e9torino\"},\"image\":{\"@id\":\"https:\\\/\\\/www.vetorino.com\\\/boutique\\\/#\\\/schema\\\/logo\\\/image\\\/\"},\"sameAs\":[\"https:\\\/\\\/www.facebook.com\\\/Vetorino\\\/\",\"https:\\\/\\\/www.instagram.com\\\/vetorino_off\\\/\",\"https:\\\/\\\/www.linkedin.com\\\/company\\\/vtorino\\\/\"]}]}<\/script>\n<meta property=\"product:brand\" content=\"Audevard\" \/>\n<meta property=\"og:availability\" content=\"out of stock\" \/>\n<meta property=\"product:availability\" content=\"out of stock\" \/>\n<meta property=\"product:condition\" content=\"new\" \/>\n<!-- \/ Yoast SEO plugin. -->","yoast_head_json":{"title":"Bonutron Sport Pro Audevard - V\u00e9torino","description":"BONUTRON SPORT PRO est un apport nutritionnel compl\u00e9mentaire sp\u00e9cifique des chevaux et poneys de sport de haut niveau, adapt\u00e9 aux habitudes actuelles d'alimentation.  Pour les chevaux et poneys qui travaillent moins, pr\u00e9f\u00e9rez Bonutron LEISURE.  Utilisation :    Chevaux et poneys de sport de haut niveau.  Entra\u00eenement, course et comp\u00e9tition.  En compl\u00e9ment de l'alimentation quotidienne.","robots":{"index":"noindex","follow":"nofollow"},"og_locale":"fr_FR","og_type":"article","og_title":"Bonutron Sport Pro Audevard - V\u00e9torino","og_description":"BONUTRON SPORT PRO est un apport nutritionnel compl\u00e9mentaire sp\u00e9cifique des chevaux et poneys de sport de haut niveau, adapt\u00e9 aux habitudes actuelles d'alimentation.  Pour les chevaux et poneys qui travaillent moins, pr\u00e9f\u00e9rez Bonutron LEISURE.  Utilisation :    Chevaux et poneys de sport de haut niveau.  Entra\u00eenement, course et comp\u00e9tition.  En compl\u00e9ment de l'alimentation quotidienne.","og_url":"https:\/\/www.vetorino.com\/veterinaire\/landos-43340\/boutique\/product\/bonutron-sport-pro-new-2\/","og_site_name":"V\u00e9torino","article_publisher":"https:\/\/www.facebook.com\/Vetorino\/","article_modified_time":"2025-02-19T15:57:42+00:00","og_image":[{"width":800,"height":800,"url":"https:\/\/www.vetorino.com\/boutique\/wp-content\/uploads\/2021\/05\/bonutron-sport-pro.png","type":"image\/png"}],"twitter_card":"summary_large_image","twitter_misc":{"Disponibilit\u00e9":"Rupture de stock"},"schema":{"@context":"https:\/\/schema.org","@graph":[{"@type":"WebPage","@id":"https:\/\/www.vetorino.com\/boutique\/product\/bonutron-sport-pro-new-2\/","url":"https:\/\/www.vetorino.com\/boutique\/product\/bonutron-sport-pro-new-2\/","name":"Bonutron Sport Pro Audevard - V\u00e9torino","isPartOf":{"@id":"https:\/\/www.vetorino.com\/boutique\/#website"},"primaryImageOfPage":{"@id":"https:\/\/www.vetorino.com\/boutique\/product\/bonutron-sport-pro-new-2\/#primaryimage"},"image":{"@id":"https:\/\/www.vetorino.com\/boutique\/product\/bonutron-sport-pro-new-2\/#primaryimage"},"thumbnailUrl":"https:\/\/www.vetorino.com\/boutique\/wp-content\/uploads\/2021\/05\/bonutron-sport-pro.png","datePublished":"2021-05-04T17:03:38+00:00","dateModified":"2025-02-19T15:57:42+00:00","description":"BONUTRON SPORT PRO est un apport nutritionnel compl\u00e9mentaire sp\u00e9cifique des chevaux et poneys de sport de haut niveau, adapt\u00e9 aux habitudes actuelles d'alimentation. Pour les chevaux et poneys qui travaillent moins, pr\u00e9f\u00e9rez Bonutron LEISURE. Utilisation : Chevaux et poneys de sport de haut niveau. Entra\u00eenement, course et comp\u00e9tition. En compl\u00e9ment de l'alimentation quotidienne.","breadcrumb":{"@id":"https:\/\/www.vetorino.com\/boutique\/product\/bonutron-sport-pro-new-2\/#breadcrumb"},"inLanguage":"fr-FR","potentialAction":[{"@type":"ReadAction","target":["https:\/\/www.vetorino.com\/boutique\/product\/bonutron-sport-pro-new-2\/"]}]},{"@type":"ImageObject","inLanguage":"fr-FR","@id":"https:\/\/www.vetorino.com\/boutique\/product\/bonutron-sport-pro-new-2\/#primaryimage","url":"https:\/\/www.vetorino.com\/boutique\/wp-content\/uploads\/2021\/05\/bonutron-sport-pro.png","contentUrl":"https:\/\/www.vetorino.com\/boutique\/wp-content\/uploads\/2021\/05\/bonutron-sport-pro.png","width":800,"height":800},{"@type":"BreadcrumbList","@id":"https:\/\/www.vetorino.com\/boutique\/product\/bonutron-sport-pro-new-2\/#breadcrumb","itemListElement":[{"@type":"ListItem","position":1,"name":"Accueil","item":"https:\/\/www.vetorino.com\/boutique\/"},{"@type":"ListItem","position":2,"name":"Produits","item":"https:\/\/www.vetorino.com\/boutique\/"},{"@type":"ListItem","position":3,"name":"Bonutron Sport Pro"}]},{"@type":"WebSite","@id":"https:\/\/www.vetorino.com\/boutique\/#website","url":"https:\/\/www.vetorino.com\/boutique\/","name":"V\u00e9torino","description":"","publisher":{"@id":"https:\/\/www.vetorino.com\/boutique\/#organization"},"potentialAction":[{"@type":"SearchAction","target":{"@type":"EntryPoint","urlTemplate":"https:\/\/www.vetorino.com\/boutique\/?s={search_term_string}"},"query-input":{"@type":"PropertyValueSpecification","valueRequired":true,"valueName":"search_term_string"}}],"inLanguage":"fr-FR"},{"@type":"Organization","@id":"https:\/\/www.vetorino.com\/boutique\/#organization","name":"V\u00e9torino","url":"https:\/\/www.vetorino.com\/boutique\/","logo":{"@type":"ImageObject","inLanguage":"fr-FR","@id":"https:\/\/www.vetorino.com\/boutique\/#\/schema\/logo\/image\/","url":"https:\/\/www.vetorino.com\/boutique\/wp-content\/uploads\/2024\/10\/logo.jpg","contentUrl":"https:\/\/www.vetorino.com\/boutique\/wp-content\/uploads\/2024\/10\/logo.jpg","width":1200,"height":610,"caption":"V\u00e9torino"},"image":{"@id":"https:\/\/www.vetorino.com\/boutique\/#\/schema\/logo\/image\/"},"sameAs":["https:\/\/www.facebook.com\/Vetorino\/","https:\/\/www.instagram.com\/vetorino_off\/","https:\/\/www.linkedin.com\/company\/vtorino\/"]}]},"product_brand":"Audevard","og_availability":"out of stock","product_availability":"out of stock","product_condition":"new"},"_links":{"self":[{"href":"https:\/\/www.vetorino.com\/veterinaire\/landos-43340\/boutique\/wp-json\/wp\/v2\/product\/177393","targetHints":{"allow":["GET"]}}],"collection":[{"href":"https:\/\/www.vetorino.com\/veterinaire\/landos-43340\/boutique\/wp-json\/wp\/v2\/product"}],"about":[{"href":"https:\/\/www.vetorino.com\/veterinaire\/landos-43340\/boutique\/wp-json\/wp\/v2\/types\/product"}],"wp:featuredmedia":[{"embeddable":true,"href":"https:\/\/www.vetorino.com\/veterinaire\/landos-43340\/boutique\/wp-json\/wp\/v2\/media\/213369"}],"wp:attachment":[{"href":"https:\/\/www.vetorino.com\/veterinaire\/landos-43340\/boutique\/wp-json\/wp\/v2\/media?parent=177393"}],"wp:term":[{"taxonomy":"product_cat","embeddable":true,"href":"https:\/\/www.vetorino.com\/veterinaire\/landos-43340\/boutique\/wp-json\/wp\/v2\/product_cat?post=177393"},{"taxonomy":"product_tag","embeddable":true,"href":"https:\/\/www.vetorino.com\/veterinaire\/landos-43340\/boutique\/wp-json\/wp\/v2\/product_tag?post=177393"}],"curies":[{"name":"wp","href":"https:\/\/api.w.org\/{rel}","templated":true}]}}