{"id":187183,"date":"2021-05-31T20:33:25","date_gmt":"2021-05-31T18:33:25","guid":{"rendered":"https:\/\/www.vetorino.com\/boutique\/product\/biochoc-gel-buvable-3\/"},"modified":"2025-07-23T12:29:52","modified_gmt":"2025-07-23T10:29:52","slug":"biochoc-gel-buvable-3","status":"publish","type":"product","link":"https:\/\/www.vetorino.com\/veterinaire\/landos-43340\/boutique\/product\/biochoc-gel-buvable-3\/","title":{"rendered":"Biochoc Gel buvable"},"content":{"rendered":"<p><strong>Biochoc<\/strong> est un gel buvable sp\u00e9cialement<strong> con\u00e7u pour les vaches laiti\u00e8res<\/strong>, pour <strong>r\u00e9duire<\/strong> <strong>les risques de d\u00e9ficit en calcium et de c\u00e9tose<\/strong> au moment du v\u00ealage.<\/p>\n<p>&#8211; Formul\u00e9 avec un apport optimal en\u00a0<strong>calcium<\/strong>,\u00a0<strong>magn\u00e9sium<\/strong>\u00a0et\u00a0<strong>\u00e9nergie<\/strong>, Biochoc r\u00e9pond aux besoins sp\u00e9cifiques des vaches laiti\u00e8res durant cette p\u00e9riode critique.<br \/>\n&#8211; Sa texture en gel aqueux facilite son administration tout en minimisant le risque de fausse d\u00e9glutition, <strong>garantissant une utilisation s\u00fbre et efficace.<\/strong><\/p>\n<p>Offrez \u00e0 vos vaches laiti\u00e8res un soutien nutritionnel adapt\u00e9 pour un v\u00ealage en toute s\u00e9r\u00e9nit\u00e9 gr\u00e2ce \u00e0 Biochoc.<\/p>\n","protected":false},"excerpt":{"rendered":"<p><strong>Biochoc<\/strong> est un gel buvable sp\u00e9cialement<strong> con\u00e7u pour les vaches laiti\u00e8res<\/strong>, pour <strong>r\u00e9duire<\/strong> <strong>les risques de d\u00e9ficit en calcium et de c\u00e9tose<\/strong> au moment du v\u00ealage.<\/p>\n<p>&#8211; Formul\u00e9 avec un apport optimal en\u00a0<strong>calcium<\/strong>,\u00a0<strong>magn\u00e9sium<\/strong>\u00a0et\u00a0<strong>\u00e9nergie<\/strong>, Biochoc r\u00e9pond aux besoins sp\u00e9cifiques des vaches laiti\u00e8res durant cette p\u00e9riode critique.<br \/>\n&#8211; Sa texture en gel aqueux facilite son administration tout en minimisant le risque de fausse d\u00e9glutition, <strong>garantissant une utilisation s\u00fbre et efficace.<\/strong><\/p>\n<p>Offrez \u00e0 vos vaches laiti\u00e8res un soutien nutritionnel adapt\u00e9 pour un v\u00ealage en toute s\u00e9r\u00e9nit\u00e9 gr\u00e2ce \u00e0 Biochoc.<\/p>\n","protected":false},"featured_media":1425113,"template":"","meta":[],"product_cat":[6864,6870],"product_tag":[],"class_list":{"0":"post-187183","1":"product","2":"type-product","3":"status-publish","4":"has-post-thumbnail","6":"product_cat-animaux-delevage","7":"product_cat-bovins","8":"pa_marque-biove","10":"first","11":"instock","12":"taxable","13":"shipping-taxable","14":"purchasable","15":"product-type-simple"},"yoast_head":"<!-- This site is optimized with the Yoast SEO plugin v27.3 - https:\/\/yoast.com\/product\/yoast-seo-wordpress\/ -->\n<title>Biochoc Gel buvable Biove - V\u00e9torino<\/title>\n<meta name=\"description\" content=\"Biochoc est un gel buvable sp\u00e9cialement con\u00e7u pour les vaches laiti\u00e8res, pour r\u00e9duire les risques de d\u00e9ficit en calcium et de c\u00e9tose au moment du v\u00ealage.  - Formul\u00e9 avec un apport optimal en\u00a0calcium,\u00a0magn\u00e9sium\u00a0et\u00a0\u00e9nergie, Biochoc r\u00e9pond aux besoins sp\u00e9cifiques des vaches laiti\u00e8res durant cette p\u00e9riode critique. - Sa texture en gel aqueux facilite son administration tout en minimisant le risque de fausse d\u00e9glutition, garantissant une utilisation s\u00fbre et efficace.  Offrez \u00e0 vos vaches laiti\u00e8res un soutien nutritionnel adapt\u00e9 pour un v\u00ealage en toute s\u00e9r\u00e9nit\u00e9 gr\u00e2ce \u00e0 Biochoc.\" \/>\n<meta name=\"robots\" content=\"noindex, nofollow\" \/>\n<meta property=\"og:locale\" content=\"fr_FR\" \/>\n<meta property=\"og:type\" content=\"article\" \/>\n<meta property=\"og:title\" content=\"Biochoc Gel buvable Biove - V\u00e9torino\" \/>\n<meta property=\"og:description\" content=\"Biochoc est un gel buvable sp\u00e9cialement con\u00e7u pour les vaches laiti\u00e8res, pour r\u00e9duire les risques de d\u00e9ficit en calcium et de c\u00e9tose au moment du v\u00ealage.  - Formul\u00e9 avec un apport optimal en\u00a0calcium,\u00a0magn\u00e9sium\u00a0et\u00a0\u00e9nergie, Biochoc r\u00e9pond aux besoins sp\u00e9cifiques des vaches laiti\u00e8res durant cette p\u00e9riode critique. - Sa texture en gel aqueux facilite son administration tout en minimisant le risque de fausse d\u00e9glutition, garantissant une utilisation s\u00fbre et efficace.  Offrez \u00e0 vos vaches laiti\u00e8res un soutien nutritionnel adapt\u00e9 pour un v\u00ealage en toute s\u00e9r\u00e9nit\u00e9 gr\u00e2ce \u00e0 Biochoc.\" \/>\n<meta property=\"og:url\" content=\"https:\/\/www.vetorino.com\/veterinaire\/landos-43340\/boutique\/product\/biochoc-gel-buvable-3\/\" \/>\n<meta property=\"og:site_name\" content=\"V\u00e9torino\" \/>\n<meta property=\"article:publisher\" content=\"https:\/\/www.facebook.com\/Vetorino\/\" \/>\n<meta property=\"article:modified_time\" content=\"2025-07-23T10:29:52+00:00\" \/>\n<meta property=\"og:image\" content=\"https:\/\/www.vetorino.com\/boutique\/wp-content\/uploads\/2021\/05\/biochoc-gel-buvable-1.jpg\" \/>\n\t<meta property=\"og:image:width\" content=\"555\" \/>\n\t<meta property=\"og:image:height\" content=\"555\" \/>\n\t<meta property=\"og:image:type\" content=\"image\/jpeg\" \/>\n<meta name=\"twitter:card\" content=\"summary_large_image\" \/>\n<meta name=\"twitter:label1\" content=\"Prix\" \/>\n\t<meta name=\"twitter:data1\" content=\"14,11&euro;\" \/>\n\t<meta name=\"twitter:label2\" content=\"Disponibilit\u00e9\" \/>\n\t<meta name=\"twitter:data2\" content=\"En stock\" \/>\n<script type=\"application\/ld+json\" class=\"yoast-schema-graph\">{\"@context\":\"https:\\\/\\\/schema.org\",\"@graph\":[{\"@type\":\"WebPage\",\"@id\":\"https:\\\/\\\/www.vetorino.com\\\/boutique\\\/product\\\/biochoc-gel-buvable-3\\\/\",\"url\":\"https:\\\/\\\/www.vetorino.com\\\/boutique\\\/product\\\/biochoc-gel-buvable-3\\\/\",\"name\":\"Biochoc Gel buvable Biove - V\u00e9torino\",\"isPartOf\":{\"@id\":\"https:\\\/\\\/www.vetorino.com\\\/boutique\\\/#website\"},\"primaryImageOfPage\":{\"@id\":\"https:\\\/\\\/www.vetorino.com\\\/boutique\\\/product\\\/biochoc-gel-buvable-3\\\/#primaryimage\"},\"image\":{\"@id\":\"https:\\\/\\\/www.vetorino.com\\\/boutique\\\/product\\\/biochoc-gel-buvable-3\\\/#primaryimage\"},\"thumbnailUrl\":\"https:\\\/\\\/www.vetorino.com\\\/boutique\\\/wp-content\\\/uploads\\\/2021\\\/05\\\/biochoc-gel-buvable-1.jpg\",\"datePublished\":\"2021-05-31T18:33:25+00:00\",\"dateModified\":\"2025-07-23T10:29:52+00:00\",\"description\":\"Biochoc est un gel buvable sp\u00e9cialement con\u00e7u pour les vaches laiti\u00e8res, pour r\u00e9duire les risques de d\u00e9ficit en calcium et de c\u00e9tose au moment du v\u00ealage. - Formul\u00e9 avec un apport optimal en\u00a0calcium,\u00a0magn\u00e9sium\u00a0et\u00a0\u00e9nergie, Biochoc r\u00e9pond aux besoins sp\u00e9cifiques des vaches laiti\u00e8res durant cette p\u00e9riode critique. - Sa texture en gel aqueux facilite son administration tout en minimisant le risque de fausse d\u00e9glutition, garantissant une utilisation s\u00fbre et efficace. Offrez \u00e0 vos vaches laiti\u00e8res un soutien nutritionnel adapt\u00e9 pour un v\u00ealage en toute s\u00e9r\u00e9nit\u00e9 gr\u00e2ce \u00e0 Biochoc.\",\"breadcrumb\":{\"@id\":\"https:\\\/\\\/www.vetorino.com\\\/boutique\\\/product\\\/biochoc-gel-buvable-3\\\/#breadcrumb\"},\"inLanguage\":\"fr-FR\",\"potentialAction\":[{\"@type\":\"ReadAction\",\"target\":[\"https:\\\/\\\/www.vetorino.com\\\/boutique\\\/product\\\/biochoc-gel-buvable-3\\\/\"]}]},{\"@type\":\"ImageObject\",\"inLanguage\":\"fr-FR\",\"@id\":\"https:\\\/\\\/www.vetorino.com\\\/boutique\\\/product\\\/biochoc-gel-buvable-3\\\/#primaryimage\",\"url\":\"https:\\\/\\\/www.vetorino.com\\\/boutique\\\/wp-content\\\/uploads\\\/2021\\\/05\\\/biochoc-gel-buvable-1.jpg\",\"contentUrl\":\"https:\\\/\\\/www.vetorino.com\\\/boutique\\\/wp-content\\\/uploads\\\/2021\\\/05\\\/biochoc-gel-buvable-1.jpg\",\"width\":555,\"height\":555},{\"@type\":\"BreadcrumbList\",\"@id\":\"https:\\\/\\\/www.vetorino.com\\\/boutique\\\/product\\\/biochoc-gel-buvable-3\\\/#breadcrumb\",\"itemListElement\":[{\"@type\":\"ListItem\",\"position\":1,\"name\":\"Accueil\",\"item\":\"https:\\\/\\\/www.vetorino.com\\\/boutique\\\/\"},{\"@type\":\"ListItem\",\"position\":2,\"name\":\"Produits\",\"item\":\"https:\\\/\\\/www.vetorino.com\\\/boutique\\\/\"},{\"@type\":\"ListItem\",\"position\":3,\"name\":\"Biochoc Gel buvable\"}]},{\"@type\":\"WebSite\",\"@id\":\"https:\\\/\\\/www.vetorino.com\\\/boutique\\\/#website\",\"url\":\"https:\\\/\\\/www.vetorino.com\\\/boutique\\\/\",\"name\":\"V\u00e9torino\",\"description\":\"\",\"publisher\":{\"@id\":\"https:\\\/\\\/www.vetorino.com\\\/boutique\\\/#organization\"},\"potentialAction\":[{\"@type\":\"SearchAction\",\"target\":{\"@type\":\"EntryPoint\",\"urlTemplate\":\"https:\\\/\\\/www.vetorino.com\\\/boutique\\\/?s={search_term_string}\"},\"query-input\":{\"@type\":\"PropertyValueSpecification\",\"valueRequired\":true,\"valueName\":\"search_term_string\"}}],\"inLanguage\":\"fr-FR\"},{\"@type\":\"Organization\",\"@id\":\"https:\\\/\\\/www.vetorino.com\\\/boutique\\\/#organization\",\"name\":\"V\u00e9torino\",\"url\":\"https:\\\/\\\/www.vetorino.com\\\/boutique\\\/\",\"logo\":{\"@type\":\"ImageObject\",\"inLanguage\":\"fr-FR\",\"@id\":\"https:\\\/\\\/www.vetorino.com\\\/boutique\\\/#\\\/schema\\\/logo\\\/image\\\/\",\"url\":\"https:\\\/\\\/www.vetorino.com\\\/boutique\\\/wp-content\\\/uploads\\\/2024\\\/10\\\/logo.jpg\",\"contentUrl\":\"https:\\\/\\\/www.vetorino.com\\\/boutique\\\/wp-content\\\/uploads\\\/2024\\\/10\\\/logo.jpg\",\"width\":1200,\"height\":610,\"caption\":\"V\u00e9torino\"},\"image\":{\"@id\":\"https:\\\/\\\/www.vetorino.com\\\/boutique\\\/#\\\/schema\\\/logo\\\/image\\\/\"},\"sameAs\":[\"https:\\\/\\\/www.facebook.com\\\/Vetorino\\\/\",\"https:\\\/\\\/www.instagram.com\\\/vetorino_off\\\/\",\"https:\\\/\\\/www.linkedin.com\\\/company\\\/vtorino\\\/\"]}]}<\/script>\n<meta property=\"product:brand\" content=\"Biove\" \/>\n<meta property=\"product:price:amount\" content=\"14.11\" \/>\n<meta property=\"product:price:currency\" content=\"EUR\" \/>\n<meta property=\"og:availability\" content=\"instock\" \/>\n<meta property=\"product:availability\" content=\"instock\" \/>\n<meta property=\"product:retailer_item_id\" content=\"A-7342560\" \/>\n<meta property=\"product:condition\" content=\"new\" \/>\n<!-- \/ Yoast SEO plugin. -->","yoast_head_json":{"title":"Biochoc Gel buvable Biove - V\u00e9torino","description":"Biochoc est un gel buvable sp\u00e9cialement con\u00e7u pour les vaches laiti\u00e8res, pour r\u00e9duire les risques de d\u00e9ficit en calcium et de c\u00e9tose au moment du v\u00ealage.  - Formul\u00e9 avec un apport optimal en\u00a0calcium,\u00a0magn\u00e9sium\u00a0et\u00a0\u00e9nergie, Biochoc r\u00e9pond aux besoins sp\u00e9cifiques des vaches laiti\u00e8res durant cette p\u00e9riode critique. - Sa texture en gel aqueux facilite son administration tout en minimisant le risque de fausse d\u00e9glutition, garantissant une utilisation s\u00fbre et efficace.  Offrez \u00e0 vos vaches laiti\u00e8res un soutien nutritionnel adapt\u00e9 pour un v\u00ealage en toute s\u00e9r\u00e9nit\u00e9 gr\u00e2ce \u00e0 Biochoc.","robots":{"index":"noindex","follow":"nofollow"},"og_locale":"fr_FR","og_type":"article","og_title":"Biochoc Gel buvable Biove - V\u00e9torino","og_description":"Biochoc est un gel buvable sp\u00e9cialement con\u00e7u pour les vaches laiti\u00e8res, pour r\u00e9duire les risques de d\u00e9ficit en calcium et de c\u00e9tose au moment du v\u00ealage.  - Formul\u00e9 avec un apport optimal en\u00a0calcium,\u00a0magn\u00e9sium\u00a0et\u00a0\u00e9nergie, Biochoc r\u00e9pond aux besoins sp\u00e9cifiques des vaches laiti\u00e8res durant cette p\u00e9riode critique. - Sa texture en gel aqueux facilite son administration tout en minimisant le risque de fausse d\u00e9glutition, garantissant une utilisation s\u00fbre et efficace.  Offrez \u00e0 vos vaches laiti\u00e8res un soutien nutritionnel adapt\u00e9 pour un v\u00ealage en toute s\u00e9r\u00e9nit\u00e9 gr\u00e2ce \u00e0 Biochoc.","og_url":"https:\/\/www.vetorino.com\/veterinaire\/landos-43340\/boutique\/product\/biochoc-gel-buvable-3\/","og_site_name":"V\u00e9torino","article_publisher":"https:\/\/www.facebook.com\/Vetorino\/","article_modified_time":"2025-07-23T10:29:52+00:00","og_image":[{"width":555,"height":555,"url":"https:\/\/www.vetorino.com\/boutique\/wp-content\/uploads\/2021\/05\/biochoc-gel-buvable-1.jpg","type":"image\/jpeg"}],"twitter_card":"summary_large_image","twitter_misc":{"Prix":"14,11&euro;","Disponibilit\u00e9":"En stock"},"schema":{"@context":"https:\/\/schema.org","@graph":[{"@type":"WebPage","@id":"https:\/\/www.vetorino.com\/boutique\/product\/biochoc-gel-buvable-3\/","url":"https:\/\/www.vetorino.com\/boutique\/product\/biochoc-gel-buvable-3\/","name":"Biochoc Gel buvable Biove - V\u00e9torino","isPartOf":{"@id":"https:\/\/www.vetorino.com\/boutique\/#website"},"primaryImageOfPage":{"@id":"https:\/\/www.vetorino.com\/boutique\/product\/biochoc-gel-buvable-3\/#primaryimage"},"image":{"@id":"https:\/\/www.vetorino.com\/boutique\/product\/biochoc-gel-buvable-3\/#primaryimage"},"thumbnailUrl":"https:\/\/www.vetorino.com\/boutique\/wp-content\/uploads\/2021\/05\/biochoc-gel-buvable-1.jpg","datePublished":"2021-05-31T18:33:25+00:00","dateModified":"2025-07-23T10:29:52+00:00","description":"Biochoc est un gel buvable sp\u00e9cialement con\u00e7u pour les vaches laiti\u00e8res, pour r\u00e9duire les risques de d\u00e9ficit en calcium et de c\u00e9tose au moment du v\u00ealage. - Formul\u00e9 avec un apport optimal en\u00a0calcium,\u00a0magn\u00e9sium\u00a0et\u00a0\u00e9nergie, Biochoc r\u00e9pond aux besoins sp\u00e9cifiques des vaches laiti\u00e8res durant cette p\u00e9riode critique. - Sa texture en gel aqueux facilite son administration tout en minimisant le risque de fausse d\u00e9glutition, garantissant une utilisation s\u00fbre et efficace. Offrez \u00e0 vos vaches laiti\u00e8res un soutien nutritionnel adapt\u00e9 pour un v\u00ealage en toute s\u00e9r\u00e9nit\u00e9 gr\u00e2ce \u00e0 Biochoc.","breadcrumb":{"@id":"https:\/\/www.vetorino.com\/boutique\/product\/biochoc-gel-buvable-3\/#breadcrumb"},"inLanguage":"fr-FR","potentialAction":[{"@type":"ReadAction","target":["https:\/\/www.vetorino.com\/boutique\/product\/biochoc-gel-buvable-3\/"]}]},{"@type":"ImageObject","inLanguage":"fr-FR","@id":"https:\/\/www.vetorino.com\/boutique\/product\/biochoc-gel-buvable-3\/#primaryimage","url":"https:\/\/www.vetorino.com\/boutique\/wp-content\/uploads\/2021\/05\/biochoc-gel-buvable-1.jpg","contentUrl":"https:\/\/www.vetorino.com\/boutique\/wp-content\/uploads\/2021\/05\/biochoc-gel-buvable-1.jpg","width":555,"height":555},{"@type":"BreadcrumbList","@id":"https:\/\/www.vetorino.com\/boutique\/product\/biochoc-gel-buvable-3\/#breadcrumb","itemListElement":[{"@type":"ListItem","position":1,"name":"Accueil","item":"https:\/\/www.vetorino.com\/boutique\/"},{"@type":"ListItem","position":2,"name":"Produits","item":"https:\/\/www.vetorino.com\/boutique\/"},{"@type":"ListItem","position":3,"name":"Biochoc Gel buvable"}]},{"@type":"WebSite","@id":"https:\/\/www.vetorino.com\/boutique\/#website","url":"https:\/\/www.vetorino.com\/boutique\/","name":"V\u00e9torino","description":"","publisher":{"@id":"https:\/\/www.vetorino.com\/boutique\/#organization"},"potentialAction":[{"@type":"SearchAction","target":{"@type":"EntryPoint","urlTemplate":"https:\/\/www.vetorino.com\/boutique\/?s={search_term_string}"},"query-input":{"@type":"PropertyValueSpecification","valueRequired":true,"valueName":"search_term_string"}}],"inLanguage":"fr-FR"},{"@type":"Organization","@id":"https:\/\/www.vetorino.com\/boutique\/#organization","name":"V\u00e9torino","url":"https:\/\/www.vetorino.com\/boutique\/","logo":{"@type":"ImageObject","inLanguage":"fr-FR","@id":"https:\/\/www.vetorino.com\/boutique\/#\/schema\/logo\/image\/","url":"https:\/\/www.vetorino.com\/boutique\/wp-content\/uploads\/2024\/10\/logo.jpg","contentUrl":"https:\/\/www.vetorino.com\/boutique\/wp-content\/uploads\/2024\/10\/logo.jpg","width":1200,"height":610,"caption":"V\u00e9torino"},"image":{"@id":"https:\/\/www.vetorino.com\/boutique\/#\/schema\/logo\/image\/"},"sameAs":["https:\/\/www.facebook.com\/Vetorino\/","https:\/\/www.instagram.com\/vetorino_off\/","https:\/\/www.linkedin.com\/company\/vtorino\/"]}]},"product_brand":"Biove","product_price_amount":"14.11","product_price_currency":"EUR","og_availability":"instock","product_availability":"instock","product_retailer_item_id":"A-7342560","product_condition":"new"},"_links":{"self":[{"href":"https:\/\/www.vetorino.com\/veterinaire\/landos-43340\/boutique\/wp-json\/wp\/v2\/product\/187183","targetHints":{"allow":["GET"]}}],"collection":[{"href":"https:\/\/www.vetorino.com\/veterinaire\/landos-43340\/boutique\/wp-json\/wp\/v2\/product"}],"about":[{"href":"https:\/\/www.vetorino.com\/veterinaire\/landos-43340\/boutique\/wp-json\/wp\/v2\/types\/product"}],"wp:featuredmedia":[{"embeddable":true,"href":"https:\/\/www.vetorino.com\/veterinaire\/landos-43340\/boutique\/wp-json\/wp\/v2\/media\/1425113"}],"wp:attachment":[{"href":"https:\/\/www.vetorino.com\/veterinaire\/landos-43340\/boutique\/wp-json\/wp\/v2\/media?parent=187183"}],"wp:term":[{"taxonomy":"product_cat","embeddable":true,"href":"https:\/\/www.vetorino.com\/veterinaire\/landos-43340\/boutique\/wp-json\/wp\/v2\/product_cat?post=187183"},{"taxonomy":"product_tag","embeddable":true,"href":"https:\/\/www.vetorino.com\/veterinaire\/landos-43340\/boutique\/wp-json\/wp\/v2\/product_tag?post=187183"}],"curies":[{"name":"wp","href":"https:\/\/api.w.org\/{rel}","templated":true}]}}