{"id":187240,"date":"2021-05-31T20:35:05","date_gmt":"2021-05-31T18:35:05","guid":{"rendered":"https:\/\/www.vetorino.com\/boutique\/product\/ente-lact-2\/"},"modified":"2025-08-04T10:21:25","modified_gmt":"2025-08-04T08:21:25","slug":"ente-lact-2","status":"publish","type":"product","link":"https:\/\/www.vetorino.com\/veterinaire\/landos-43340\/boutique\/product\/ente-lact-2\/","title":{"rendered":"Ente Lact"},"content":{"rendered":"<p><strong>Suppl\u00e9ment nutritionnel pour soutenir les ruminants en situation de troubles du transit.<\/strong><\/p>\n<p>Ente Lact est recommand\u00e9 lors de troubles du transit chez les ruminants. Ente Lact apporte de la montmorillonite, <strong>argile de haute qualit\u00e9<\/strong>, dot\u00e9e d&#8217;un tr\u00e8s fort potentiel d&#8217;adsorption (toxines, micro-organismes pathog\u00e8nes, eau) et de <strong>protection de la muqueuse intestinale. <\/strong><\/p>\n<p>En s&#8217;adsorbant \u00e0 la muqueuse intestinale, la montmorillonite<strong> am\u00e9liore la stabilit\u00e9 et la viscosit\u00e9 du mucus.<\/strong> Elle joue un <strong>r\u00f4le de pansement intestinal<\/strong> favorable \u00e0 la r\u00e9g\u00e9n\u00e9ration cellulaire de l&#8217;intestin.<\/p>\n<p><strong>Mode d&#8217;emploi :<\/strong><\/p>\n<p><strong>Bovins adultes :<\/strong><\/p>\n<ul>\n<li>En individuel : 100g par jour pendant 4 \u00e0 5 jours. Diluer la poudre dans 300 mL d&#8217;eau et administrer par voie orale au pistolet drogueur.<\/li>\n<li>En lot: 50g par jour et par bovin pendant 4 \u00e0 5 jours sur la ration.<\/li>\n<\/ul>\n<p><strong>Ovins-Caprins :<\/strong><\/p>\n<ul>\n<li>10 \u00e0 25g dilu\u00e9 dans l&#8217;eau et admistr\u00e9 au pistolet drogueur ou distribu\u00e9 sur la ration, par jour, pendant 4 \u00e0 5 jours.<\/li>\n<\/ul>\n<p><strong>Veaux :<\/strong><\/p>\n<ul>\n<li>30g par jour pendant 4 \u00e0 5 jours \u00e0 diluer dans le lait, de l&#8217;eau ou la solution r\u00e9hydratante.<\/li>\n<\/ul>\n<p><strong>Agneaux-Chevraux :<\/strong><\/p>\n<ul>\n<li>3 \u00e0 5g par jour pendant 4 \u00e0 5 jours \u00e0 diluer dans le lait, de l&#8217;eau ou la solution r\u00e9hydratante.<\/li>\n<\/ul>\n","protected":false},"excerpt":{"rendered":"<p><strong>Suppl\u00e9ment nutritionnel pour soutenir les ruminants en situation de troubles du transit.<\/strong><\/p>\n<p>Ente Lact est recommand\u00e9 lors de troubles du transit chez les ruminants. Ente Lact apporte de la montmorillonite, <strong>argile de haute qualit\u00e9<\/strong>, dot\u00e9e d&#8217;un tr\u00e8s fort potentiel d&#8217;adsorption (toxines, micro-organismes pathog\u00e8nes, eau) et de <strong>protection de la muqueuse intestinale. <\/strong><\/p>\n<p>En s&#8217;adsorbant \u00e0 la muqueuse intestinale, la montmorillonite<strong> am\u00e9liore la stabilit\u00e9 et la viscosit\u00e9 du mucus.<\/strong> Elle joue un <strong>r\u00f4le de pansement intestinal<\/strong> favorable \u00e0 la r\u00e9g\u00e9n\u00e9ration cellulaire de l&#8217;intestin.<\/p>\n","protected":false},"featured_media":1439509,"template":"","meta":[],"product_cat":[6864,6870,6871,6873],"product_tag":[],"class_list":{"0":"post-187240","1":"product","2":"type-product","3":"status-publish","4":"has-post-thumbnail","6":"product_cat-animaux-delevage","7":"product_cat-bovins","8":"product_cat-caprins","9":"product_cat-ovins","10":"pa_marque-savetis","12":"first","13":"instock","14":"taxable","15":"shipping-taxable","16":"purchasable","17":"product-type-variable"},"yoast_head":"<!-- This site is optimized with the Yoast SEO plugin v27.3 - https:\/\/yoast.com\/product\/yoast-seo-wordpress\/ -->\n<title>Ente Lact Savetis - V\u00e9torino<\/title>\n<meta name=\"description\" content=\"Suppl\u00e9ment nutritionnel pour soutenir les ruminants en situation de troubles du transit.  Ente Lact est recommand\u00e9 lors de troubles du transit chez les ruminants. Ente Lact apporte de la montmorillonite, argile de haute qualit\u00e9, dot\u00e9e d&#039;un tr\u00e8s fort potentiel d&#039;adsorption (toxines, micro-organismes pathog\u00e8nes, eau) et de protection de la muqueuse intestinale.   En s&#039;adsorbant \u00e0 la muqueuse intestinale, la montmorillonite am\u00e9liore la stabilit\u00e9 et la viscosit\u00e9 du mucus. Elle joue un r\u00f4le de pansement intestinal favorable \u00e0 la r\u00e9g\u00e9n\u00e9ration cellulaire de l&#039;intestin.\" \/>\n<meta name=\"robots\" content=\"noindex, nofollow\" \/>\n<meta property=\"og:locale\" content=\"fr_FR\" \/>\n<meta property=\"og:type\" content=\"article\" \/>\n<meta property=\"og:title\" content=\"Ente Lact Savetis - V\u00e9torino\" \/>\n<meta property=\"og:description\" content=\"Suppl\u00e9ment nutritionnel pour soutenir les ruminants en situation de troubles du transit.  Ente Lact est recommand\u00e9 lors de troubles du transit chez les ruminants. Ente Lact apporte de la montmorillonite, argile de haute qualit\u00e9, dot\u00e9e d&#039;un tr\u00e8s fort potentiel d&#039;adsorption (toxines, micro-organismes pathog\u00e8nes, eau) et de protection de la muqueuse intestinale.   En s&#039;adsorbant \u00e0 la muqueuse intestinale, la montmorillonite am\u00e9liore la stabilit\u00e9 et la viscosit\u00e9 du mucus. Elle joue un r\u00f4le de pansement intestinal favorable \u00e0 la r\u00e9g\u00e9n\u00e9ration cellulaire de l&#039;intestin.\" \/>\n<meta property=\"og:url\" content=\"https:\/\/www.vetorino.com\/veterinaire\/landos-43340\/boutique\/product\/ente-lact-2\/\" \/>\n<meta property=\"og:site_name\" content=\"V\u00e9torino\" \/>\n<meta property=\"article:publisher\" content=\"https:\/\/www.facebook.com\/Vetorino\/\" \/>\n<meta property=\"article:modified_time\" content=\"2025-08-04T08:21:25+00:00\" \/>\n<meta property=\"og:image\" content=\"https:\/\/www.vetorino.com\/boutique\/wp-content\/uploads\/2021\/05\/entelact.jpg\" \/>\n\t<meta property=\"og:image:width\" content=\"1200\" \/>\n\t<meta property=\"og:image:height\" content=\"1200\" \/>\n\t<meta property=\"og:image:type\" content=\"image\/jpeg\" \/>\n<meta name=\"twitter:card\" content=\"summary_large_image\" \/>\n<meta name=\"twitter:label1\" content=\"Disponibilit\u00e9\" \/>\n\t<meta name=\"twitter:data1\" content=\"En stock\" \/>\n<script type=\"application\/ld+json\" class=\"yoast-schema-graph\">{\"@context\":\"https:\\\/\\\/schema.org\",\"@graph\":[{\"@type\":\"WebPage\",\"@id\":\"https:\\\/\\\/www.vetorino.com\\\/boutique\\\/product\\\/ente-lact-2\\\/\",\"url\":\"https:\\\/\\\/www.vetorino.com\\\/boutique\\\/product\\\/ente-lact-2\\\/\",\"name\":\"Ente Lact Savetis - V\u00e9torino\",\"isPartOf\":{\"@id\":\"https:\\\/\\\/www.vetorino.com\\\/boutique\\\/#website\"},\"primaryImageOfPage\":{\"@id\":\"https:\\\/\\\/www.vetorino.com\\\/boutique\\\/product\\\/ente-lact-2\\\/#primaryimage\"},\"image\":{\"@id\":\"https:\\\/\\\/www.vetorino.com\\\/boutique\\\/product\\\/ente-lact-2\\\/#primaryimage\"},\"thumbnailUrl\":\"https:\\\/\\\/www.vetorino.com\\\/boutique\\\/wp-content\\\/uploads\\\/2021\\\/05\\\/entelact.jpg\",\"datePublished\":\"2021-05-31T18:35:05+00:00\",\"dateModified\":\"2025-08-04T08:21:25+00:00\",\"description\":\"Suppl\u00e9ment nutritionnel pour soutenir les ruminants en situation de troubles du transit. Ente Lact est recommand\u00e9 lors de troubles du transit chez les ruminants. Ente Lact apporte de la montmorillonite, argile de haute qualit\u00e9, dot\u00e9e d'un tr\u00e8s fort potentiel d'adsorption (toxines, micro-organismes pathog\u00e8nes, eau) et de protection de la muqueuse intestinale. En s'adsorbant \u00e0 la muqueuse intestinale, la montmorillonite am\u00e9liore la stabilit\u00e9 et la viscosit\u00e9 du mucus. Elle joue un r\u00f4le de pansement intestinal favorable \u00e0 la r\u00e9g\u00e9n\u00e9ration cellulaire de l'intestin.\",\"breadcrumb\":{\"@id\":\"https:\\\/\\\/www.vetorino.com\\\/boutique\\\/product\\\/ente-lact-2\\\/#breadcrumb\"},\"inLanguage\":\"fr-FR\",\"potentialAction\":[{\"@type\":\"ReadAction\",\"target\":[\"https:\\\/\\\/www.vetorino.com\\\/boutique\\\/product\\\/ente-lact-2\\\/\"]}]},{\"@type\":\"ImageObject\",\"inLanguage\":\"fr-FR\",\"@id\":\"https:\\\/\\\/www.vetorino.com\\\/boutique\\\/product\\\/ente-lact-2\\\/#primaryimage\",\"url\":\"https:\\\/\\\/www.vetorino.com\\\/boutique\\\/wp-content\\\/uploads\\\/2021\\\/05\\\/entelact.jpg\",\"contentUrl\":\"https:\\\/\\\/www.vetorino.com\\\/boutique\\\/wp-content\\\/uploads\\\/2021\\\/05\\\/entelact.jpg\",\"width\":1200,\"height\":1200},{\"@type\":\"BreadcrumbList\",\"@id\":\"https:\\\/\\\/www.vetorino.com\\\/boutique\\\/product\\\/ente-lact-2\\\/#breadcrumb\",\"itemListElement\":[{\"@type\":\"ListItem\",\"position\":1,\"name\":\"Accueil\",\"item\":\"https:\\\/\\\/www.vetorino.com\\\/boutique\\\/\"},{\"@type\":\"ListItem\",\"position\":2,\"name\":\"Produits\",\"item\":\"https:\\\/\\\/www.vetorino.com\\\/boutique\\\/\"},{\"@type\":\"ListItem\",\"position\":3,\"name\":\"Ente Lact\"}]},{\"@type\":\"WebSite\",\"@id\":\"https:\\\/\\\/www.vetorino.com\\\/boutique\\\/#website\",\"url\":\"https:\\\/\\\/www.vetorino.com\\\/boutique\\\/\",\"name\":\"V\u00e9torino\",\"description\":\"\",\"publisher\":{\"@id\":\"https:\\\/\\\/www.vetorino.com\\\/boutique\\\/#organization\"},\"potentialAction\":[{\"@type\":\"SearchAction\",\"target\":{\"@type\":\"EntryPoint\",\"urlTemplate\":\"https:\\\/\\\/www.vetorino.com\\\/boutique\\\/?s={search_term_string}\"},\"query-input\":{\"@type\":\"PropertyValueSpecification\",\"valueRequired\":true,\"valueName\":\"search_term_string\"}}],\"inLanguage\":\"fr-FR\"},{\"@type\":\"Organization\",\"@id\":\"https:\\\/\\\/www.vetorino.com\\\/boutique\\\/#organization\",\"name\":\"V\u00e9torino\",\"url\":\"https:\\\/\\\/www.vetorino.com\\\/boutique\\\/\",\"logo\":{\"@type\":\"ImageObject\",\"inLanguage\":\"fr-FR\",\"@id\":\"https:\\\/\\\/www.vetorino.com\\\/boutique\\\/#\\\/schema\\\/logo\\\/image\\\/\",\"url\":\"https:\\\/\\\/www.vetorino.com\\\/boutique\\\/wp-content\\\/uploads\\\/2024\\\/10\\\/logo.jpg\",\"contentUrl\":\"https:\\\/\\\/www.vetorino.com\\\/boutique\\\/wp-content\\\/uploads\\\/2024\\\/10\\\/logo.jpg\",\"width\":1200,\"height\":610,\"caption\":\"V\u00e9torino\"},\"image\":{\"@id\":\"https:\\\/\\\/www.vetorino.com\\\/boutique\\\/#\\\/schema\\\/logo\\\/image\\\/\"},\"sameAs\":[\"https:\\\/\\\/www.facebook.com\\\/Vetorino\\\/\",\"https:\\\/\\\/www.instagram.com\\\/vetorino_off\\\/\",\"https:\\\/\\\/www.linkedin.com\\\/company\\\/vtorino\\\/\"]}]}<\/script>\n<meta property=\"product:brand\" content=\"Savetis\" \/>\n<meta property=\"og:availability\" content=\"instock\" \/>\n<meta property=\"product:availability\" content=\"instock\" \/>\n<meta property=\"product:condition\" content=\"new\" \/>\n<!-- \/ Yoast SEO plugin. -->","yoast_head_json":{"title":"Ente Lact Savetis - V\u00e9torino","description":"Suppl\u00e9ment nutritionnel pour soutenir les ruminants en situation de troubles du transit.  Ente Lact est recommand\u00e9 lors de troubles du transit chez les ruminants. Ente Lact apporte de la montmorillonite, argile de haute qualit\u00e9, dot\u00e9e d'un tr\u00e8s fort potentiel d'adsorption (toxines, micro-organismes pathog\u00e8nes, eau) et de protection de la muqueuse intestinale.   En s'adsorbant \u00e0 la muqueuse intestinale, la montmorillonite am\u00e9liore la stabilit\u00e9 et la viscosit\u00e9 du mucus. Elle joue un r\u00f4le de pansement intestinal favorable \u00e0 la r\u00e9g\u00e9n\u00e9ration cellulaire de l'intestin.","robots":{"index":"noindex","follow":"nofollow"},"og_locale":"fr_FR","og_type":"article","og_title":"Ente Lact Savetis - V\u00e9torino","og_description":"Suppl\u00e9ment nutritionnel pour soutenir les ruminants en situation de troubles du transit.  Ente Lact est recommand\u00e9 lors de troubles du transit chez les ruminants. Ente Lact apporte de la montmorillonite, argile de haute qualit\u00e9, dot\u00e9e d'un tr\u00e8s fort potentiel d'adsorption (toxines, micro-organismes pathog\u00e8nes, eau) et de protection de la muqueuse intestinale.   En s'adsorbant \u00e0 la muqueuse intestinale, la montmorillonite am\u00e9liore la stabilit\u00e9 et la viscosit\u00e9 du mucus. Elle joue un r\u00f4le de pansement intestinal favorable \u00e0 la r\u00e9g\u00e9n\u00e9ration cellulaire de l'intestin.","og_url":"https:\/\/www.vetorino.com\/veterinaire\/landos-43340\/boutique\/product\/ente-lact-2\/","og_site_name":"V\u00e9torino","article_publisher":"https:\/\/www.facebook.com\/Vetorino\/","article_modified_time":"2025-08-04T08:21:25+00:00","og_image":[{"width":1200,"height":1200,"url":"https:\/\/www.vetorino.com\/boutique\/wp-content\/uploads\/2021\/05\/entelact.jpg","type":"image\/jpeg"}],"twitter_card":"summary_large_image","twitter_misc":{"Disponibilit\u00e9":"En stock"},"schema":{"@context":"https:\/\/schema.org","@graph":[{"@type":"WebPage","@id":"https:\/\/www.vetorino.com\/boutique\/product\/ente-lact-2\/","url":"https:\/\/www.vetorino.com\/boutique\/product\/ente-lact-2\/","name":"Ente Lact Savetis - V\u00e9torino","isPartOf":{"@id":"https:\/\/www.vetorino.com\/boutique\/#website"},"primaryImageOfPage":{"@id":"https:\/\/www.vetorino.com\/boutique\/product\/ente-lact-2\/#primaryimage"},"image":{"@id":"https:\/\/www.vetorino.com\/boutique\/product\/ente-lact-2\/#primaryimage"},"thumbnailUrl":"https:\/\/www.vetorino.com\/boutique\/wp-content\/uploads\/2021\/05\/entelact.jpg","datePublished":"2021-05-31T18:35:05+00:00","dateModified":"2025-08-04T08:21:25+00:00","description":"Suppl\u00e9ment nutritionnel pour soutenir les ruminants en situation de troubles du transit. Ente Lact est recommand\u00e9 lors de troubles du transit chez les ruminants. Ente Lact apporte de la montmorillonite, argile de haute qualit\u00e9, dot\u00e9e d'un tr\u00e8s fort potentiel d'adsorption (toxines, micro-organismes pathog\u00e8nes, eau) et de protection de la muqueuse intestinale. En s'adsorbant \u00e0 la muqueuse intestinale, la montmorillonite am\u00e9liore la stabilit\u00e9 et la viscosit\u00e9 du mucus. Elle joue un r\u00f4le de pansement intestinal favorable \u00e0 la r\u00e9g\u00e9n\u00e9ration cellulaire de l'intestin.","breadcrumb":{"@id":"https:\/\/www.vetorino.com\/boutique\/product\/ente-lact-2\/#breadcrumb"},"inLanguage":"fr-FR","potentialAction":[{"@type":"ReadAction","target":["https:\/\/www.vetorino.com\/boutique\/product\/ente-lact-2\/"]}]},{"@type":"ImageObject","inLanguage":"fr-FR","@id":"https:\/\/www.vetorino.com\/boutique\/product\/ente-lact-2\/#primaryimage","url":"https:\/\/www.vetorino.com\/boutique\/wp-content\/uploads\/2021\/05\/entelact.jpg","contentUrl":"https:\/\/www.vetorino.com\/boutique\/wp-content\/uploads\/2021\/05\/entelact.jpg","width":1200,"height":1200},{"@type":"BreadcrumbList","@id":"https:\/\/www.vetorino.com\/boutique\/product\/ente-lact-2\/#breadcrumb","itemListElement":[{"@type":"ListItem","position":1,"name":"Accueil","item":"https:\/\/www.vetorino.com\/boutique\/"},{"@type":"ListItem","position":2,"name":"Produits","item":"https:\/\/www.vetorino.com\/boutique\/"},{"@type":"ListItem","position":3,"name":"Ente Lact"}]},{"@type":"WebSite","@id":"https:\/\/www.vetorino.com\/boutique\/#website","url":"https:\/\/www.vetorino.com\/boutique\/","name":"V\u00e9torino","description":"","publisher":{"@id":"https:\/\/www.vetorino.com\/boutique\/#organization"},"potentialAction":[{"@type":"SearchAction","target":{"@type":"EntryPoint","urlTemplate":"https:\/\/www.vetorino.com\/boutique\/?s={search_term_string}"},"query-input":{"@type":"PropertyValueSpecification","valueRequired":true,"valueName":"search_term_string"}}],"inLanguage":"fr-FR"},{"@type":"Organization","@id":"https:\/\/www.vetorino.com\/boutique\/#organization","name":"V\u00e9torino","url":"https:\/\/www.vetorino.com\/boutique\/","logo":{"@type":"ImageObject","inLanguage":"fr-FR","@id":"https:\/\/www.vetorino.com\/boutique\/#\/schema\/logo\/image\/","url":"https:\/\/www.vetorino.com\/boutique\/wp-content\/uploads\/2024\/10\/logo.jpg","contentUrl":"https:\/\/www.vetorino.com\/boutique\/wp-content\/uploads\/2024\/10\/logo.jpg","width":1200,"height":610,"caption":"V\u00e9torino"},"image":{"@id":"https:\/\/www.vetorino.com\/boutique\/#\/schema\/logo\/image\/"},"sameAs":["https:\/\/www.facebook.com\/Vetorino\/","https:\/\/www.instagram.com\/vetorino_off\/","https:\/\/www.linkedin.com\/company\/vtorino\/"]}]},"product_brand":"Savetis","og_availability":"instock","product_availability":"instock","product_condition":"new"},"_links":{"self":[{"href":"https:\/\/www.vetorino.com\/veterinaire\/landos-43340\/boutique\/wp-json\/wp\/v2\/product\/187240","targetHints":{"allow":["GET"]}}],"collection":[{"href":"https:\/\/www.vetorino.com\/veterinaire\/landos-43340\/boutique\/wp-json\/wp\/v2\/product"}],"about":[{"href":"https:\/\/www.vetorino.com\/veterinaire\/landos-43340\/boutique\/wp-json\/wp\/v2\/types\/product"}],"wp:featuredmedia":[{"embeddable":true,"href":"https:\/\/www.vetorino.com\/veterinaire\/landos-43340\/boutique\/wp-json\/wp\/v2\/media\/1439509"}],"wp:attachment":[{"href":"https:\/\/www.vetorino.com\/veterinaire\/landos-43340\/boutique\/wp-json\/wp\/v2\/media?parent=187240"}],"wp:term":[{"taxonomy":"product_cat","embeddable":true,"href":"https:\/\/www.vetorino.com\/veterinaire\/landos-43340\/boutique\/wp-json\/wp\/v2\/product_cat?post=187240"},{"taxonomy":"product_tag","embeddable":true,"href":"https:\/\/www.vetorino.com\/veterinaire\/landos-43340\/boutique\/wp-json\/wp\/v2\/product_tag?post=187240"}],"curies":[{"name":"wp","href":"https:\/\/api.w.org\/{rel}","templated":true}]}}