{"id":187266,"date":"2021-05-31T20:35:44","date_gmt":"2021-05-31T18:35:44","guid":{"rendered":"https:\/\/www.vetorino.com\/boutique\/product\/drench-lact-3\/"},"modified":"2025-07-29T12:10:55","modified_gmt":"2025-07-29T10:10:55","slug":"drench-lact-3","status":"publish","type":"product","link":"https:\/\/www.vetorino.com\/veterinaire\/landos-43340\/boutique\/product\/drench-lact-3\/","title":{"rendered":"Drench Lact"},"content":{"rendered":"<p><strong>Le soutien optimal des vaches en convalescence.<\/strong><\/p>\n<p>DrenchLact est un aliment min\u00e9ral recommand\u00e9 chez le bovin adulte<strong> pour assurer une hydratation optimale<\/strong> et <strong>soutenir les fonctions physiologiques d&#8217;\u00e9limination.<\/strong><\/p>\n<p>Administr\u00e9 par drenchage avec 35 \u00e0 45L d&#8217;eau ti\u00e8de, Drench Lact permet, gr\u00e2ce \u00e0 ses apports importants en \u00e9lectrolytes (K+, Na+, Ca2+, Mg2+, PO42-, Cl-), une r\u00e9hydratation rapide et durable de l&#8217;animal.<\/p>\n<p><strong>Demander conseil \u00e0 un v\u00e9t\u00e9rinaire avant utilisation.<\/strong><\/p>\n","protected":false},"excerpt":{"rendered":"<p><strong>Le soutien optimal des vaches en convalescence.<\/strong><\/p>\n<p>DrenchLact est un aliment min\u00e9ral recommand\u00e9 chez le bovin adulte<strong> pour assurer une hydratation optimale<\/strong> et <strong>soutenir les fonctions physiologiques d&#8217;\u00e9limination.<\/strong><\/p>\n<p>Administr\u00e9 par drenchage avec 35 \u00e0 45L d&#8217;eau ti\u00e8de, Drench Lact permet, gr\u00e2ce \u00e0 ses apports importants en \u00e9lectrolytes (K+, Na+, Ca2+, Mg2+, PO42-, Cl-), une r\u00e9hydratation rapide et durable de l&#8217;animal.<\/p>\n<p><strong>Demander conseil \u00e0 un v\u00e9t\u00e9rinaire avant utilisation.<\/strong><\/p>\n","protected":false},"featured_media":1432286,"template":"","meta":[],"product_cat":[6864,6870],"product_tag":[],"class_list":{"0":"post-187266","1":"product","2":"type-product","3":"status-publish","4":"has-post-thumbnail","6":"product_cat-animaux-delevage","7":"product_cat-bovins","8":"pa_marque-savetis","10":"first","11":"instock","12":"taxable","13":"shipping-taxable","14":"purchasable","15":"product-type-simple"},"yoast_head":"<!-- This site is optimized with the Yoast SEO plugin v27.3 - https:\/\/yoast.com\/product\/yoast-seo-wordpress\/ -->\n<title>Drench Lact Savetis - V\u00e9torino<\/title>\n<meta name=\"description\" content=\"Le soutien optimal des vaches en convalescence.  DrenchLact est un aliment min\u00e9ral recommand\u00e9 chez le bovin adulte pour assurer une hydratation optimale et soutenir les fonctions physiologiques d&#039;\u00e9limination.  Administr\u00e9 par drenchage avec 35 \u00e0 45L d&#039;eau ti\u00e8de, Drench Lact permet, gr\u00e2ce \u00e0 ses apports importants en \u00e9lectrolytes (K+, Na+, Ca2+, Mg2+, PO42-, Cl-), une r\u00e9hydratation rapide et durable de l&#039;animal.  Demander conseil \u00e0 un v\u00e9t\u00e9rinaire avant utilisation.\" \/>\n<meta name=\"robots\" content=\"noindex, nofollow\" \/>\n<meta property=\"og:locale\" content=\"fr_FR\" \/>\n<meta property=\"og:type\" content=\"article\" \/>\n<meta property=\"og:title\" content=\"Drench Lact Savetis - V\u00e9torino\" \/>\n<meta property=\"og:description\" content=\"Le soutien optimal des vaches en convalescence.  DrenchLact est un aliment min\u00e9ral recommand\u00e9 chez le bovin adulte pour assurer une hydratation optimale et soutenir les fonctions physiologiques d&#039;\u00e9limination.  Administr\u00e9 par drenchage avec 35 \u00e0 45L d&#039;eau ti\u00e8de, Drench Lact permet, gr\u00e2ce \u00e0 ses apports importants en \u00e9lectrolytes (K+, Na+, Ca2+, Mg2+, PO42-, Cl-), une r\u00e9hydratation rapide et durable de l&#039;animal.  Demander conseil \u00e0 un v\u00e9t\u00e9rinaire avant utilisation.\" \/>\n<meta property=\"og:url\" content=\"https:\/\/www.vetorino.com\/veterinaire\/landos-43340\/boutique\/product\/drench-lact-3\/\" \/>\n<meta property=\"og:site_name\" content=\"V\u00e9torino\" \/>\n<meta property=\"article:publisher\" content=\"https:\/\/www.facebook.com\/Vetorino\/\" \/>\n<meta property=\"article:modified_time\" content=\"2025-07-29T10:10:55+00:00\" \/>\n<meta property=\"og:image\" content=\"https:\/\/www.vetorino.com\/boutique\/wp-content\/uploads\/2021\/05\/savetis-drench-lactis-poudre-550g.72d572.jpg\" \/>\n\t<meta property=\"og:image:width\" content=\"900\" \/>\n\t<meta property=\"og:image:height\" content=\"900\" \/>\n\t<meta property=\"og:image:type\" content=\"image\/jpeg\" \/>\n<meta name=\"twitter:card\" content=\"summary_large_image\" \/>\n<meta name=\"twitter:label1\" content=\"Prix\" \/>\n\t<meta name=\"twitter:data1\" content=\"15,41&euro;\" \/>\n\t<meta name=\"twitter:label2\" content=\"Disponibilit\u00e9\" \/>\n\t<meta name=\"twitter:data2\" content=\"En stock\" \/>\n<script type=\"application\/ld+json\" class=\"yoast-schema-graph\">{\"@context\":\"https:\\\/\\\/schema.org\",\"@graph\":[{\"@type\":\"WebPage\",\"@id\":\"https:\\\/\\\/www.vetorino.com\\\/boutique\\\/product\\\/drench-lact-3\\\/\",\"url\":\"https:\\\/\\\/www.vetorino.com\\\/boutique\\\/product\\\/drench-lact-3\\\/\",\"name\":\"Drench Lact Savetis - V\u00e9torino\",\"isPartOf\":{\"@id\":\"https:\\\/\\\/www.vetorino.com\\\/boutique\\\/#website\"},\"primaryImageOfPage\":{\"@id\":\"https:\\\/\\\/www.vetorino.com\\\/boutique\\\/product\\\/drench-lact-3\\\/#primaryimage\"},\"image\":{\"@id\":\"https:\\\/\\\/www.vetorino.com\\\/boutique\\\/product\\\/drench-lact-3\\\/#primaryimage\"},\"thumbnailUrl\":\"https:\\\/\\\/www.vetorino.com\\\/boutique\\\/wp-content\\\/uploads\\\/2021\\\/05\\\/savetis-drench-lactis-poudre-550g.72d572.jpg\",\"datePublished\":\"2021-05-31T18:35:44+00:00\",\"dateModified\":\"2025-07-29T10:10:55+00:00\",\"description\":\"Le soutien optimal des vaches en convalescence. DrenchLact est un aliment min\u00e9ral recommand\u00e9 chez le bovin adulte pour assurer une hydratation optimale et soutenir les fonctions physiologiques d'\u00e9limination. Administr\u00e9 par drenchage avec 35 \u00e0 45L d'eau ti\u00e8de, Drench Lact permet, gr\u00e2ce \u00e0 ses apports importants en \u00e9lectrolytes (K+, Na+, Ca2+, Mg2+, PO42-, Cl-), une r\u00e9hydratation rapide et durable de l'animal. Demander conseil \u00e0 un v\u00e9t\u00e9rinaire avant utilisation.\",\"breadcrumb\":{\"@id\":\"https:\\\/\\\/www.vetorino.com\\\/boutique\\\/product\\\/drench-lact-3\\\/#breadcrumb\"},\"inLanguage\":\"fr-FR\",\"potentialAction\":[{\"@type\":\"ReadAction\",\"target\":[\"https:\\\/\\\/www.vetorino.com\\\/boutique\\\/product\\\/drench-lact-3\\\/\"]}]},{\"@type\":\"ImageObject\",\"inLanguage\":\"fr-FR\",\"@id\":\"https:\\\/\\\/www.vetorino.com\\\/boutique\\\/product\\\/drench-lact-3\\\/#primaryimage\",\"url\":\"https:\\\/\\\/www.vetorino.com\\\/boutique\\\/wp-content\\\/uploads\\\/2021\\\/05\\\/savetis-drench-lactis-poudre-550g.72d572.jpg\",\"contentUrl\":\"https:\\\/\\\/www.vetorino.com\\\/boutique\\\/wp-content\\\/uploads\\\/2021\\\/05\\\/savetis-drench-lactis-poudre-550g.72d572.jpg\",\"width\":900,\"height\":900},{\"@type\":\"BreadcrumbList\",\"@id\":\"https:\\\/\\\/www.vetorino.com\\\/boutique\\\/product\\\/drench-lact-3\\\/#breadcrumb\",\"itemListElement\":[{\"@type\":\"ListItem\",\"position\":1,\"name\":\"Accueil\",\"item\":\"https:\\\/\\\/www.vetorino.com\\\/boutique\\\/\"},{\"@type\":\"ListItem\",\"position\":2,\"name\":\"Produits\",\"item\":\"https:\\\/\\\/www.vetorino.com\\\/boutique\\\/\"},{\"@type\":\"ListItem\",\"position\":3,\"name\":\"Drench Lact\"}]},{\"@type\":\"WebSite\",\"@id\":\"https:\\\/\\\/www.vetorino.com\\\/boutique\\\/#website\",\"url\":\"https:\\\/\\\/www.vetorino.com\\\/boutique\\\/\",\"name\":\"V\u00e9torino\",\"description\":\"\",\"publisher\":{\"@id\":\"https:\\\/\\\/www.vetorino.com\\\/boutique\\\/#organization\"},\"potentialAction\":[{\"@type\":\"SearchAction\",\"target\":{\"@type\":\"EntryPoint\",\"urlTemplate\":\"https:\\\/\\\/www.vetorino.com\\\/boutique\\\/?s={search_term_string}\"},\"query-input\":{\"@type\":\"PropertyValueSpecification\",\"valueRequired\":true,\"valueName\":\"search_term_string\"}}],\"inLanguage\":\"fr-FR\"},{\"@type\":\"Organization\",\"@id\":\"https:\\\/\\\/www.vetorino.com\\\/boutique\\\/#organization\",\"name\":\"V\u00e9torino\",\"url\":\"https:\\\/\\\/www.vetorino.com\\\/boutique\\\/\",\"logo\":{\"@type\":\"ImageObject\",\"inLanguage\":\"fr-FR\",\"@id\":\"https:\\\/\\\/www.vetorino.com\\\/boutique\\\/#\\\/schema\\\/logo\\\/image\\\/\",\"url\":\"https:\\\/\\\/www.vetorino.com\\\/boutique\\\/wp-content\\\/uploads\\\/2024\\\/10\\\/logo.jpg\",\"contentUrl\":\"https:\\\/\\\/www.vetorino.com\\\/boutique\\\/wp-content\\\/uploads\\\/2024\\\/10\\\/logo.jpg\",\"width\":1200,\"height\":610,\"caption\":\"V\u00e9torino\"},\"image\":{\"@id\":\"https:\\\/\\\/www.vetorino.com\\\/boutique\\\/#\\\/schema\\\/logo\\\/image\\\/\"},\"sameAs\":[\"https:\\\/\\\/www.facebook.com\\\/Vetorino\\\/\",\"https:\\\/\\\/www.instagram.com\\\/vetorino_off\\\/\",\"https:\\\/\\\/www.linkedin.com\\\/company\\\/vtorino\\\/\"]}]}<\/script>\n<meta property=\"product:brand\" content=\"Savetis\" \/>\n<meta property=\"product:price:amount\" content=\"15.41\" \/>\n<meta property=\"product:price:currency\" content=\"EUR\" \/>\n<meta property=\"og:availability\" content=\"instock\" \/>\n<meta property=\"product:availability\" content=\"instock\" \/>\n<meta property=\"product:retailer_item_id\" content=\"A-4241769\" \/>\n<meta property=\"product:condition\" content=\"new\" \/>\n<!-- \/ Yoast SEO plugin. -->","yoast_head_json":{"title":"Drench Lact Savetis - V\u00e9torino","description":"Le soutien optimal des vaches en convalescence.  DrenchLact est un aliment min\u00e9ral recommand\u00e9 chez le bovin adulte pour assurer une hydratation optimale et soutenir les fonctions physiologiques d'\u00e9limination.  Administr\u00e9 par drenchage avec 35 \u00e0 45L d'eau ti\u00e8de, Drench Lact permet, gr\u00e2ce \u00e0 ses apports importants en \u00e9lectrolytes (K+, Na+, Ca2+, Mg2+, PO42-, Cl-), une r\u00e9hydratation rapide et durable de l'animal.  Demander conseil \u00e0 un v\u00e9t\u00e9rinaire avant utilisation.","robots":{"index":"noindex","follow":"nofollow"},"og_locale":"fr_FR","og_type":"article","og_title":"Drench Lact Savetis - V\u00e9torino","og_description":"Le soutien optimal des vaches en convalescence.  DrenchLact est un aliment min\u00e9ral recommand\u00e9 chez le bovin adulte pour assurer une hydratation optimale et soutenir les fonctions physiologiques d'\u00e9limination.  Administr\u00e9 par drenchage avec 35 \u00e0 45L d'eau ti\u00e8de, Drench Lact permet, gr\u00e2ce \u00e0 ses apports importants en \u00e9lectrolytes (K+, Na+, Ca2+, Mg2+, PO42-, Cl-), une r\u00e9hydratation rapide et durable de l'animal.  Demander conseil \u00e0 un v\u00e9t\u00e9rinaire avant utilisation.","og_url":"https:\/\/www.vetorino.com\/veterinaire\/landos-43340\/boutique\/product\/drench-lact-3\/","og_site_name":"V\u00e9torino","article_publisher":"https:\/\/www.facebook.com\/Vetorino\/","article_modified_time":"2025-07-29T10:10:55+00:00","og_image":[{"width":900,"height":900,"url":"https:\/\/www.vetorino.com\/boutique\/wp-content\/uploads\/2021\/05\/savetis-drench-lactis-poudre-550g.72d572.jpg","type":"image\/jpeg"}],"twitter_card":"summary_large_image","twitter_misc":{"Prix":"15,41&euro;","Disponibilit\u00e9":"En stock"},"schema":{"@context":"https:\/\/schema.org","@graph":[{"@type":"WebPage","@id":"https:\/\/www.vetorino.com\/boutique\/product\/drench-lact-3\/","url":"https:\/\/www.vetorino.com\/boutique\/product\/drench-lact-3\/","name":"Drench Lact Savetis - V\u00e9torino","isPartOf":{"@id":"https:\/\/www.vetorino.com\/boutique\/#website"},"primaryImageOfPage":{"@id":"https:\/\/www.vetorino.com\/boutique\/product\/drench-lact-3\/#primaryimage"},"image":{"@id":"https:\/\/www.vetorino.com\/boutique\/product\/drench-lact-3\/#primaryimage"},"thumbnailUrl":"https:\/\/www.vetorino.com\/boutique\/wp-content\/uploads\/2021\/05\/savetis-drench-lactis-poudre-550g.72d572.jpg","datePublished":"2021-05-31T18:35:44+00:00","dateModified":"2025-07-29T10:10:55+00:00","description":"Le soutien optimal des vaches en convalescence. DrenchLact est un aliment min\u00e9ral recommand\u00e9 chez le bovin adulte pour assurer une hydratation optimale et soutenir les fonctions physiologiques d'\u00e9limination. Administr\u00e9 par drenchage avec 35 \u00e0 45L d'eau ti\u00e8de, Drench Lact permet, gr\u00e2ce \u00e0 ses apports importants en \u00e9lectrolytes (K+, Na+, Ca2+, Mg2+, PO42-, Cl-), une r\u00e9hydratation rapide et durable de l'animal. Demander conseil \u00e0 un v\u00e9t\u00e9rinaire avant utilisation.","breadcrumb":{"@id":"https:\/\/www.vetorino.com\/boutique\/product\/drench-lact-3\/#breadcrumb"},"inLanguage":"fr-FR","potentialAction":[{"@type":"ReadAction","target":["https:\/\/www.vetorino.com\/boutique\/product\/drench-lact-3\/"]}]},{"@type":"ImageObject","inLanguage":"fr-FR","@id":"https:\/\/www.vetorino.com\/boutique\/product\/drench-lact-3\/#primaryimage","url":"https:\/\/www.vetorino.com\/boutique\/wp-content\/uploads\/2021\/05\/savetis-drench-lactis-poudre-550g.72d572.jpg","contentUrl":"https:\/\/www.vetorino.com\/boutique\/wp-content\/uploads\/2021\/05\/savetis-drench-lactis-poudre-550g.72d572.jpg","width":900,"height":900},{"@type":"BreadcrumbList","@id":"https:\/\/www.vetorino.com\/boutique\/product\/drench-lact-3\/#breadcrumb","itemListElement":[{"@type":"ListItem","position":1,"name":"Accueil","item":"https:\/\/www.vetorino.com\/boutique\/"},{"@type":"ListItem","position":2,"name":"Produits","item":"https:\/\/www.vetorino.com\/boutique\/"},{"@type":"ListItem","position":3,"name":"Drench Lact"}]},{"@type":"WebSite","@id":"https:\/\/www.vetorino.com\/boutique\/#website","url":"https:\/\/www.vetorino.com\/boutique\/","name":"V\u00e9torino","description":"","publisher":{"@id":"https:\/\/www.vetorino.com\/boutique\/#organization"},"potentialAction":[{"@type":"SearchAction","target":{"@type":"EntryPoint","urlTemplate":"https:\/\/www.vetorino.com\/boutique\/?s={search_term_string}"},"query-input":{"@type":"PropertyValueSpecification","valueRequired":true,"valueName":"search_term_string"}}],"inLanguage":"fr-FR"},{"@type":"Organization","@id":"https:\/\/www.vetorino.com\/boutique\/#organization","name":"V\u00e9torino","url":"https:\/\/www.vetorino.com\/boutique\/","logo":{"@type":"ImageObject","inLanguage":"fr-FR","@id":"https:\/\/www.vetorino.com\/boutique\/#\/schema\/logo\/image\/","url":"https:\/\/www.vetorino.com\/boutique\/wp-content\/uploads\/2024\/10\/logo.jpg","contentUrl":"https:\/\/www.vetorino.com\/boutique\/wp-content\/uploads\/2024\/10\/logo.jpg","width":1200,"height":610,"caption":"V\u00e9torino"},"image":{"@id":"https:\/\/www.vetorino.com\/boutique\/#\/schema\/logo\/image\/"},"sameAs":["https:\/\/www.facebook.com\/Vetorino\/","https:\/\/www.instagram.com\/vetorino_off\/","https:\/\/www.linkedin.com\/company\/vtorino\/"]}]},"product_brand":"Savetis","product_price_amount":"15.41","product_price_currency":"EUR","og_availability":"instock","product_availability":"instock","product_retailer_item_id":"A-4241769","product_condition":"new"},"_links":{"self":[{"href":"https:\/\/www.vetorino.com\/veterinaire\/landos-43340\/boutique\/wp-json\/wp\/v2\/product\/187266","targetHints":{"allow":["GET"]}}],"collection":[{"href":"https:\/\/www.vetorino.com\/veterinaire\/landos-43340\/boutique\/wp-json\/wp\/v2\/product"}],"about":[{"href":"https:\/\/www.vetorino.com\/veterinaire\/landos-43340\/boutique\/wp-json\/wp\/v2\/types\/product"}],"wp:featuredmedia":[{"embeddable":true,"href":"https:\/\/www.vetorino.com\/veterinaire\/landos-43340\/boutique\/wp-json\/wp\/v2\/media\/1432286"}],"wp:attachment":[{"href":"https:\/\/www.vetorino.com\/veterinaire\/landos-43340\/boutique\/wp-json\/wp\/v2\/media?parent=187266"}],"wp:term":[{"taxonomy":"product_cat","embeddable":true,"href":"https:\/\/www.vetorino.com\/veterinaire\/landos-43340\/boutique\/wp-json\/wp\/v2\/product_cat?post=187266"},{"taxonomy":"product_tag","embeddable":true,"href":"https:\/\/www.vetorino.com\/veterinaire\/landos-43340\/boutique\/wp-json\/wp\/v2\/product_tag?post=187266"}],"curies":[{"name":"wp","href":"https:\/\/api.w.org\/{rel}","templated":true}]}}