{"id":187352,"date":"2021-05-31T20:38:31","date_gmt":"2021-05-31T18:38:31","guid":{"rendered":"https:\/\/www.vetorino.com\/boutique\/product\/wamine-florequilibre-initial\/"},"modified":"2025-03-14T10:17:38","modified_gmt":"2025-03-14T09:17:38","slug":"wamine-florequilibre-initial","status":"publish","type":"product","link":"https:\/\/www.vetorino.com\/veterinaire\/landos-43340\/boutique\/product\/wamine-florequilibre-initial\/","title":{"rendered":"Flor\u00c9quilibre Initial"},"content":{"rendered":"<p><strong>Aliment compl\u00e9mentaire pour chiens. Naturellement riche en ferments lactiques.<\/strong><\/p>\n<p><strong>Bienfaits essentiels :<\/strong><\/p>\n<ul>\n<li>Apport de m\u00e9tabolites via les ferments pr\u00e9sents dans le lait.<\/li>\n<li>Contribue \u00e0 l\u2019\u00e9quilibre et au bon fonctionnement des microbiotes.<\/li>\n<\/ul>\n<p><strong>1 g\u00e9lule par jour (adapter en fonction des troubles). Faire avaler la g\u00e9lule directement ou m\u00e9langer la poudre contenue dans la g\u00e9lule avec un peu d\u2019eau avant d\u2019ajouter \u00e0 la nourriture.<\/strong><\/p>\n<p><strong>Dur\u00e9e de la compl\u00e9mentation : 7 jours \u00e0 2 mois &#8211; \u00e0 renouveler si besoin.<\/strong><\/p>\n<p>&nbsp;<\/p>\n","protected":false},"excerpt":{"rendered":"<p><strong>Aliment compl\u00e9mentaire pour chiens en g\u00e9lule. Naturellement riche en ferments lactiques.<\/strong><\/p>\n<p><strong>Bienfaits essentiels :<\/strong><\/p>\n<ul>\n<li>Apport de m\u00e9tabolites via les ferments pr\u00e9sents dans le lait.<\/li>\n<li>Contribue \u00e0 l\u2019\u00e9quilibre et au bon fonctionnement des microbiotes.<\/li>\n<\/ul>\n","protected":false},"featured_media":326002,"template":"","meta":[],"product_cat":[12552,2738,2698],"product_tag":[],"class_list":{"0":"post-187352","1":"product","2":"type-product","3":"status-publish","4":"has-post-thumbnail","6":"product_cat-alimentation-du-chien","7":"product_cat-aliments-complementaires-pour-chien","8":"product_cat-chien","9":"pa_marque-wamine","11":"first","12":"instock","13":"taxable","14":"shipping-taxable","15":"purchasable","16":"product-type-simple"},"yoast_head":"<!-- This site is optimized with the Yoast SEO plugin v27.3 - https:\/\/yoast.com\/product\/yoast-seo-wordpress\/ -->\n<title>Flor\u00c9quilibre Initial Wamine - V\u00e9torino<\/title>\n<meta name=\"description\" content=\"Aliment compl\u00e9mentaire pour chiens en g\u00e9lule. Naturellement riche en ferments lactiques.  Bienfaits essentiels :   Apport de m\u00e9tabolites via les ferments pr\u00e9sents dans le lait.  Contribue \u00e0 l\u2019\u00e9quilibre et au bon fonctionnement des microbiotes.\" \/>\n<meta name=\"robots\" content=\"noindex, nofollow\" \/>\n<meta property=\"og:locale\" content=\"fr_FR\" \/>\n<meta property=\"og:type\" content=\"article\" \/>\n<meta property=\"og:title\" content=\"Flor\u00c9quilibre Initial Wamine - V\u00e9torino\" \/>\n<meta property=\"og:description\" content=\"Aliment compl\u00e9mentaire pour chiens en g\u00e9lule. Naturellement riche en ferments lactiques.  Bienfaits essentiels :   Apport de m\u00e9tabolites via les ferments pr\u00e9sents dans le lait.  Contribue \u00e0 l\u2019\u00e9quilibre et au bon fonctionnement des microbiotes.\" \/>\n<meta property=\"og:url\" content=\"https:\/\/www.vetorino.com\/veterinaire\/landos-43340\/boutique\/product\/wamine-florequilibre-initial\/\" \/>\n<meta property=\"og:site_name\" content=\"V\u00e9torino\" \/>\n<meta property=\"article:publisher\" content=\"https:\/\/www.facebook.com\/Vetorino\/\" \/>\n<meta property=\"article:modified_time\" content=\"2025-03-14T09:17:38+00:00\" \/>\n<meta property=\"og:image\" content=\"https:\/\/www.vetorino.com\/boutique\/wp-content\/uploads\/2021\/05\/florequilibre-initial.png\" \/>\n\t<meta property=\"og:image:width\" content=\"800\" \/>\n\t<meta property=\"og:image:height\" content=\"800\" \/>\n\t<meta property=\"og:image:type\" content=\"image\/png\" \/>\n<meta name=\"twitter:card\" content=\"summary_large_image\" \/>\n<meta name=\"twitter:label1\" content=\"Prix\" \/>\n\t<meta name=\"twitter:data1\" content=\"26,35&euro;\" \/>\n\t<meta name=\"twitter:label2\" content=\"Disponibilit\u00e9\" \/>\n\t<meta name=\"twitter:data2\" content=\"En stock\" \/>\n<script type=\"application\/ld+json\" class=\"yoast-schema-graph\">{\"@context\":\"https:\\\/\\\/schema.org\",\"@graph\":[{\"@type\":\"WebPage\",\"@id\":\"https:\\\/\\\/www.vetorino.com\\\/boutique\\\/product\\\/wamine-florequilibre-initial\\\/\",\"url\":\"https:\\\/\\\/www.vetorino.com\\\/boutique\\\/product\\\/wamine-florequilibre-initial\\\/\",\"name\":\"Flor\u00c9quilibre Initial Wamine - V\u00e9torino\",\"isPartOf\":{\"@id\":\"https:\\\/\\\/www.vetorino.com\\\/boutique\\\/#website\"},\"primaryImageOfPage\":{\"@id\":\"https:\\\/\\\/www.vetorino.com\\\/boutique\\\/product\\\/wamine-florequilibre-initial\\\/#primaryimage\"},\"image\":{\"@id\":\"https:\\\/\\\/www.vetorino.com\\\/boutique\\\/product\\\/wamine-florequilibre-initial\\\/#primaryimage\"},\"thumbnailUrl\":\"https:\\\/\\\/www.vetorino.com\\\/boutique\\\/wp-content\\\/uploads\\\/2021\\\/05\\\/florequilibre-initial.png\",\"datePublished\":\"2021-05-31T18:38:31+00:00\",\"dateModified\":\"2025-03-14T09:17:38+00:00\",\"description\":\"Aliment compl\u00e9mentaire pour chiens en g\u00e9lule. Naturellement riche en ferments lactiques. Bienfaits essentiels : Apport de m\u00e9tabolites via les ferments pr\u00e9sents dans le lait. Contribue \u00e0 l\u2019\u00e9quilibre et au bon fonctionnement des microbiotes.\",\"breadcrumb\":{\"@id\":\"https:\\\/\\\/www.vetorino.com\\\/boutique\\\/product\\\/wamine-florequilibre-initial\\\/#breadcrumb\"},\"inLanguage\":\"fr-FR\",\"potentialAction\":[{\"@type\":\"ReadAction\",\"target\":[\"https:\\\/\\\/www.vetorino.com\\\/boutique\\\/product\\\/wamine-florequilibre-initial\\\/\"]}]},{\"@type\":\"ImageObject\",\"inLanguage\":\"fr-FR\",\"@id\":\"https:\\\/\\\/www.vetorino.com\\\/boutique\\\/product\\\/wamine-florequilibre-initial\\\/#primaryimage\",\"url\":\"https:\\\/\\\/www.vetorino.com\\\/boutique\\\/wp-content\\\/uploads\\\/2021\\\/05\\\/florequilibre-initial.png\",\"contentUrl\":\"https:\\\/\\\/www.vetorino.com\\\/boutique\\\/wp-content\\\/uploads\\\/2021\\\/05\\\/florequilibre-initial.png\",\"width\":800,\"height\":800},{\"@type\":\"BreadcrumbList\",\"@id\":\"https:\\\/\\\/www.vetorino.com\\\/boutique\\\/product\\\/wamine-florequilibre-initial\\\/#breadcrumb\",\"itemListElement\":[{\"@type\":\"ListItem\",\"position\":1,\"name\":\"Accueil\",\"item\":\"https:\\\/\\\/www.vetorino.com\\\/boutique\\\/\"},{\"@type\":\"ListItem\",\"position\":2,\"name\":\"Produits\",\"item\":\"https:\\\/\\\/www.vetorino.com\\\/boutique\\\/\"},{\"@type\":\"ListItem\",\"position\":3,\"name\":\"Flor\u00c9quilibre Initial\"}]},{\"@type\":\"WebSite\",\"@id\":\"https:\\\/\\\/www.vetorino.com\\\/boutique\\\/#website\",\"url\":\"https:\\\/\\\/www.vetorino.com\\\/boutique\\\/\",\"name\":\"V\u00e9torino\",\"description\":\"\",\"publisher\":{\"@id\":\"https:\\\/\\\/www.vetorino.com\\\/boutique\\\/#organization\"},\"potentialAction\":[{\"@type\":\"SearchAction\",\"target\":{\"@type\":\"EntryPoint\",\"urlTemplate\":\"https:\\\/\\\/www.vetorino.com\\\/boutique\\\/?s={search_term_string}\"},\"query-input\":{\"@type\":\"PropertyValueSpecification\",\"valueRequired\":true,\"valueName\":\"search_term_string\"}}],\"inLanguage\":\"fr-FR\"},{\"@type\":\"Organization\",\"@id\":\"https:\\\/\\\/www.vetorino.com\\\/boutique\\\/#organization\",\"name\":\"V\u00e9torino\",\"url\":\"https:\\\/\\\/www.vetorino.com\\\/boutique\\\/\",\"logo\":{\"@type\":\"ImageObject\",\"inLanguage\":\"fr-FR\",\"@id\":\"https:\\\/\\\/www.vetorino.com\\\/boutique\\\/#\\\/schema\\\/logo\\\/image\\\/\",\"url\":\"https:\\\/\\\/www.vetorino.com\\\/boutique\\\/wp-content\\\/uploads\\\/2024\\\/10\\\/logo.jpg\",\"contentUrl\":\"https:\\\/\\\/www.vetorino.com\\\/boutique\\\/wp-content\\\/uploads\\\/2024\\\/10\\\/logo.jpg\",\"width\":1200,\"height\":610,\"caption\":\"V\u00e9torino\"},\"image\":{\"@id\":\"https:\\\/\\\/www.vetorino.com\\\/boutique\\\/#\\\/schema\\\/logo\\\/image\\\/\"},\"sameAs\":[\"https:\\\/\\\/www.facebook.com\\\/Vetorino\\\/\",\"https:\\\/\\\/www.instagram.com\\\/vetorino_off\\\/\",\"https:\\\/\\\/www.linkedin.com\\\/company\\\/vtorino\\\/\"]}]}<\/script>\n<meta property=\"product:brand\" content=\"Wamine\" \/>\n<meta property=\"product:price:amount\" content=\"26.35\" \/>\n<meta property=\"product:price:currency\" content=\"EUR\" \/>\n<meta property=\"og:availability\" content=\"instock\" \/>\n<meta property=\"product:availability\" content=\"instock\" \/>\n<meta property=\"product:retailer_item_id\" content=\"A-1833090\" \/>\n<meta property=\"product:condition\" content=\"new\" \/>\n<!-- \/ Yoast SEO plugin. -->","yoast_head_json":{"title":"Flor\u00c9quilibre Initial Wamine - V\u00e9torino","description":"Aliment compl\u00e9mentaire pour chiens en g\u00e9lule. Naturellement riche en ferments lactiques.  Bienfaits essentiels :   Apport de m\u00e9tabolites via les ferments pr\u00e9sents dans le lait.  Contribue \u00e0 l\u2019\u00e9quilibre et au bon fonctionnement des microbiotes.","robots":{"index":"noindex","follow":"nofollow"},"og_locale":"fr_FR","og_type":"article","og_title":"Flor\u00c9quilibre Initial Wamine - V\u00e9torino","og_description":"Aliment compl\u00e9mentaire pour chiens en g\u00e9lule. Naturellement riche en ferments lactiques.  Bienfaits essentiels :   Apport de m\u00e9tabolites via les ferments pr\u00e9sents dans le lait.  Contribue \u00e0 l\u2019\u00e9quilibre et au bon fonctionnement des microbiotes.","og_url":"https:\/\/www.vetorino.com\/veterinaire\/landos-43340\/boutique\/product\/wamine-florequilibre-initial\/","og_site_name":"V\u00e9torino","article_publisher":"https:\/\/www.facebook.com\/Vetorino\/","article_modified_time":"2025-03-14T09:17:38+00:00","og_image":[{"width":800,"height":800,"url":"https:\/\/www.vetorino.com\/boutique\/wp-content\/uploads\/2021\/05\/florequilibre-initial.png","type":"image\/png"}],"twitter_card":"summary_large_image","twitter_misc":{"Prix":"26,35&euro;","Disponibilit\u00e9":"En stock"},"schema":{"@context":"https:\/\/schema.org","@graph":[{"@type":"WebPage","@id":"https:\/\/www.vetorino.com\/boutique\/product\/wamine-florequilibre-initial\/","url":"https:\/\/www.vetorino.com\/boutique\/product\/wamine-florequilibre-initial\/","name":"Flor\u00c9quilibre Initial Wamine - V\u00e9torino","isPartOf":{"@id":"https:\/\/www.vetorino.com\/boutique\/#website"},"primaryImageOfPage":{"@id":"https:\/\/www.vetorino.com\/boutique\/product\/wamine-florequilibre-initial\/#primaryimage"},"image":{"@id":"https:\/\/www.vetorino.com\/boutique\/product\/wamine-florequilibre-initial\/#primaryimage"},"thumbnailUrl":"https:\/\/www.vetorino.com\/boutique\/wp-content\/uploads\/2021\/05\/florequilibre-initial.png","datePublished":"2021-05-31T18:38:31+00:00","dateModified":"2025-03-14T09:17:38+00:00","description":"Aliment compl\u00e9mentaire pour chiens en g\u00e9lule. Naturellement riche en ferments lactiques. Bienfaits essentiels : Apport de m\u00e9tabolites via les ferments pr\u00e9sents dans le lait. Contribue \u00e0 l\u2019\u00e9quilibre et au bon fonctionnement des microbiotes.","breadcrumb":{"@id":"https:\/\/www.vetorino.com\/boutique\/product\/wamine-florequilibre-initial\/#breadcrumb"},"inLanguage":"fr-FR","potentialAction":[{"@type":"ReadAction","target":["https:\/\/www.vetorino.com\/boutique\/product\/wamine-florequilibre-initial\/"]}]},{"@type":"ImageObject","inLanguage":"fr-FR","@id":"https:\/\/www.vetorino.com\/boutique\/product\/wamine-florequilibre-initial\/#primaryimage","url":"https:\/\/www.vetorino.com\/boutique\/wp-content\/uploads\/2021\/05\/florequilibre-initial.png","contentUrl":"https:\/\/www.vetorino.com\/boutique\/wp-content\/uploads\/2021\/05\/florequilibre-initial.png","width":800,"height":800},{"@type":"BreadcrumbList","@id":"https:\/\/www.vetorino.com\/boutique\/product\/wamine-florequilibre-initial\/#breadcrumb","itemListElement":[{"@type":"ListItem","position":1,"name":"Accueil","item":"https:\/\/www.vetorino.com\/boutique\/"},{"@type":"ListItem","position":2,"name":"Produits","item":"https:\/\/www.vetorino.com\/boutique\/"},{"@type":"ListItem","position":3,"name":"Flor\u00c9quilibre Initial"}]},{"@type":"WebSite","@id":"https:\/\/www.vetorino.com\/boutique\/#website","url":"https:\/\/www.vetorino.com\/boutique\/","name":"V\u00e9torino","description":"","publisher":{"@id":"https:\/\/www.vetorino.com\/boutique\/#organization"},"potentialAction":[{"@type":"SearchAction","target":{"@type":"EntryPoint","urlTemplate":"https:\/\/www.vetorino.com\/boutique\/?s={search_term_string}"},"query-input":{"@type":"PropertyValueSpecification","valueRequired":true,"valueName":"search_term_string"}}],"inLanguage":"fr-FR"},{"@type":"Organization","@id":"https:\/\/www.vetorino.com\/boutique\/#organization","name":"V\u00e9torino","url":"https:\/\/www.vetorino.com\/boutique\/","logo":{"@type":"ImageObject","inLanguage":"fr-FR","@id":"https:\/\/www.vetorino.com\/boutique\/#\/schema\/logo\/image\/","url":"https:\/\/www.vetorino.com\/boutique\/wp-content\/uploads\/2024\/10\/logo.jpg","contentUrl":"https:\/\/www.vetorino.com\/boutique\/wp-content\/uploads\/2024\/10\/logo.jpg","width":1200,"height":610,"caption":"V\u00e9torino"},"image":{"@id":"https:\/\/www.vetorino.com\/boutique\/#\/schema\/logo\/image\/"},"sameAs":["https:\/\/www.facebook.com\/Vetorino\/","https:\/\/www.instagram.com\/vetorino_off\/","https:\/\/www.linkedin.com\/company\/vtorino\/"]}]},"product_brand":"Wamine","product_price_amount":"26.35","product_price_currency":"EUR","og_availability":"instock","product_availability":"instock","product_retailer_item_id":"A-1833090","product_condition":"new"},"_links":{"self":[{"href":"https:\/\/www.vetorino.com\/veterinaire\/landos-43340\/boutique\/wp-json\/wp\/v2\/product\/187352","targetHints":{"allow":["GET"]}}],"collection":[{"href":"https:\/\/www.vetorino.com\/veterinaire\/landos-43340\/boutique\/wp-json\/wp\/v2\/product"}],"about":[{"href":"https:\/\/www.vetorino.com\/veterinaire\/landos-43340\/boutique\/wp-json\/wp\/v2\/types\/product"}],"wp:featuredmedia":[{"embeddable":true,"href":"https:\/\/www.vetorino.com\/veterinaire\/landos-43340\/boutique\/wp-json\/wp\/v2\/media\/326002"}],"wp:attachment":[{"href":"https:\/\/www.vetorino.com\/veterinaire\/landos-43340\/boutique\/wp-json\/wp\/v2\/media?parent=187352"}],"wp:term":[{"taxonomy":"product_cat","embeddable":true,"href":"https:\/\/www.vetorino.com\/veterinaire\/landos-43340\/boutique\/wp-json\/wp\/v2\/product_cat?post=187352"},{"taxonomy":"product_tag","embeddable":true,"href":"https:\/\/www.vetorino.com\/veterinaire\/landos-43340\/boutique\/wp-json\/wp\/v2\/product_tag?post=187352"}],"curies":[{"name":"wp","href":"https:\/\/api.w.org\/{rel}","templated":true}]}}