{"id":318318,"date":"2022-04-29T10:48:10","date_gmt":"2022-04-29T08:48:10","guid":{"rendered":"https:\/\/www.vetorino.com\/boutique\/product\/cat-mother-and-baby-sac-2-kg\/"},"modified":"2025-11-05T12:09:29","modified_gmt":"2025-11-05T11:09:29","slug":"cat-mother-and-baby-sac-2-kg","status":"publish","type":"product","link":"https:\/\/www.vetorino.com\/veterinaire\/landos-43340\/boutique\/product\/cat-mother-and-baby-sac-2-kg\/","title":{"rendered":"Cat Mother &amp; Babycat"},"content":{"rendered":"<p><strong>Royal Canin Mother &amp; Babycat <\/strong>sont sp\u00e9cialement adapt\u00e9es pour r\u00e9pondre aux besoins \u00e9nerg\u00e9tiques \u00e9lev\u00e9s de votre chatte en fin de gestation et pendant la lactation. Elles sont \u00e9galement formul\u00e9es pour favoriser le bon d\u00e9veloppement des chatons jusqu&#8217;\u00e0 l&#8217;\u00e2ge de 4 mois.<\/p>\n<p><strong>Utilisation :<\/strong><\/p>\n<ul>\n<li>Chaton\u00a0jusqu&#8217;\u00e0 4 mois<\/li>\n<li>Chatte en fin de gestation ou en lactation<\/li>\n<\/ul>\n","protected":false},"excerpt":{"rendered":"<p><strong>Royal Canin Mother &amp; Babycat <\/strong>sont sp\u00e9cialement adapt\u00e9es pour r\u00e9pondre aux besoins \u00e9nerg\u00e9tiques \u00e9lev\u00e9s de votre chatte en fin de gestation et pendant la lactation. Elles sont \u00e9galement formul\u00e9es pour favoriser le bon d\u00e9veloppement des chatons jusqu&#8217;\u00e0 l&#8217;\u00e2ge de 4 mois.<\/p>\n<p><strong>Utilisation :<\/strong><\/p>\n<ul>\n<li>Chaton\u00a0jusqu&#8217;\u00e0 4 mois<\/li>\n<li>Chatte en fin de gestation ou en lactation<\/li>\n<\/ul>\n","protected":false},"featured_media":318320,"template":"","meta":[],"product_cat":[12551,12583,2697],"product_tag":[],"class_list":{"0":"post-318318","1":"product","2":"type-product","3":"status-publish","4":"has-post-thumbnail","6":"product_cat-alimentation-du-chat","7":"product_cat-alimentation-premium-pour-chat","8":"product_cat-chat","9":"pa_marque-royal-canin","11":"first","12":"instock","13":"taxable","14":"shipping-taxable","15":"purchasable","16":"product-type-variable"},"yoast_head":"<!-- This site is optimized with the Yoast SEO plugin v27.3 - https:\/\/yoast.com\/product\/yoast-seo-wordpress\/ -->\n<title>Vet Care Nutrition (Royal Canin) Cat Mother &amp; Babycat Royal Canin - V\u00e9torino<\/title>\n<meta name=\"description\" content=\"Royal Canin Mother &amp; Babycat sont sp\u00e9cialement adapt\u00e9es pour r\u00e9pondre aux besoins \u00e9nerg\u00e9tiques \u00e9lev\u00e9s de votre chatte en fin de gestation et pendant la lactation. Elles sont \u00e9galement formul\u00e9es pour favoriser le bon d\u00e9veloppement des chatons jusqu&#039;\u00e0 l&#039;\u00e2ge de 4 mois.  Utilisation :   Chaton\u00a0jusqu&#039;\u00e0 4 mois  Chatte en fin de gestation ou en lactation\" \/>\n<meta name=\"robots\" content=\"noindex, nofollow\" \/>\n<meta property=\"og:locale\" content=\"fr_FR\" \/>\n<meta property=\"og:type\" content=\"article\" \/>\n<meta property=\"og:title\" content=\"Vet Care Nutrition (Royal Canin) Cat Mother &amp; Babycat Royal Canin - V\u00e9torino\" \/>\n<meta property=\"og:description\" content=\"Royal Canin Mother &amp; Babycat sont sp\u00e9cialement adapt\u00e9es pour r\u00e9pondre aux besoins \u00e9nerg\u00e9tiques \u00e9lev\u00e9s de votre chatte en fin de gestation et pendant la lactation. Elles sont \u00e9galement formul\u00e9es pour favoriser le bon d\u00e9veloppement des chatons jusqu&#039;\u00e0 l&#039;\u00e2ge de 4 mois.  Utilisation :   Chaton\u00a0jusqu&#039;\u00e0 4 mois  Chatte en fin de gestation ou en lactation\" \/>\n<meta property=\"og:url\" content=\"https:\/\/www.vetorino.com\/veterinaire\/landos-43340\/boutique\/product\/cat-mother-and-baby-sac-2-kg\/\" \/>\n<meta property=\"og:site_name\" content=\"V\u00e9torino\" \/>\n<meta property=\"article:publisher\" content=\"https:\/\/www.facebook.com\/Vetorino\/\" \/>\n<meta property=\"article:modified_time\" content=\"2025-11-05T11:09:29+00:00\" \/>\n<meta property=\"og:image\" content=\"https:\/\/www.vetorino.com\/boutique\/wp-content\/uploads\/2022\/04\/royal-canin-cat-mother-babycat-vetorino-1.jpeg\" \/>\n\t<meta property=\"og:image:width\" content=\"540\" \/>\n\t<meta property=\"og:image:height\" content=\"540\" \/>\n\t<meta property=\"og:image:type\" content=\"image\/jpeg\" \/>\n<meta name=\"twitter:card\" content=\"summary_large_image\" \/>\n<meta name=\"twitter:label1\" content=\"Disponibilit\u00e9\" \/>\n\t<meta name=\"twitter:data1\" content=\"En stock\" \/>\n<script type=\"application\/ld+json\" class=\"yoast-schema-graph\">{\"@context\":\"https:\\\/\\\/schema.org\",\"@graph\":[{\"@type\":\"WebPage\",\"@id\":\"https:\\\/\\\/www.vetorino.com\\\/veterinaire\\\/briancon-05100\\\/boutique\\\/product\\\/cat-mother-and-baby-sac-2-kg\\\/\",\"url\":\"https:\\\/\\\/www.vetorino.com\\\/veterinaire\\\/briancon-05100\\\/boutique\\\/product\\\/cat-mother-and-baby-sac-2-kg\\\/\",\"name\":\"Vet Care Nutrition (Royal Canin) Cat Mother &amp; Babycat Royal Canin - V\u00e9torino\",\"isPartOf\":{\"@id\":\"https:\\\/\\\/www.vetorino.com\\\/boutique\\\/#website\"},\"primaryImageOfPage\":{\"@id\":\"https:\\\/\\\/www.vetorino.com\\\/veterinaire\\\/briancon-05100\\\/boutique\\\/product\\\/cat-mother-and-baby-sac-2-kg\\\/#primaryimage\"},\"image\":{\"@id\":\"https:\\\/\\\/www.vetorino.com\\\/veterinaire\\\/briancon-05100\\\/boutique\\\/product\\\/cat-mother-and-baby-sac-2-kg\\\/#primaryimage\"},\"thumbnailUrl\":\"https:\\\/\\\/www.vetorino.com\\\/boutique\\\/wp-content\\\/uploads\\\/2022\\\/04\\\/royal-canin-cat-mother-babycat-vetorino-1.jpeg\",\"datePublished\":\"2022-04-29T08:48:10+00:00\",\"dateModified\":\"2025-11-05T11:09:29+00:00\",\"description\":\"Royal Canin Mother &amp; Babycat sont sp\u00e9cialement adapt\u00e9es pour r\u00e9pondre aux besoins \u00e9nerg\u00e9tiques \u00e9lev\u00e9s de votre chatte en fin de gestation et pendant la lactation. Elles sont \u00e9galement formul\u00e9es pour favoriser le bon d\u00e9veloppement des chatons jusqu'\u00e0 l'\u00e2ge de 4 mois. Utilisation : Chaton\u00a0jusqu'\u00e0 4 mois Chatte en fin de gestation ou en lactation\",\"breadcrumb\":{\"@id\":\"https:\\\/\\\/www.vetorino.com\\\/veterinaire\\\/briancon-05100\\\/boutique\\\/product\\\/cat-mother-and-baby-sac-2-kg\\\/#breadcrumb\"},\"inLanguage\":\"fr-FR\",\"potentialAction\":[{\"@type\":\"ReadAction\",\"target\":[\"https:\\\/\\\/www.vetorino.com\\\/veterinaire\\\/briancon-05100\\\/boutique\\\/product\\\/cat-mother-and-baby-sac-2-kg\\\/\"]}]},{\"@type\":\"ImageObject\",\"inLanguage\":\"fr-FR\",\"@id\":\"https:\\\/\\\/www.vetorino.com\\\/veterinaire\\\/briancon-05100\\\/boutique\\\/product\\\/cat-mother-and-baby-sac-2-kg\\\/#primaryimage\",\"url\":\"https:\\\/\\\/www.vetorino.com\\\/boutique\\\/wp-content\\\/uploads\\\/2022\\\/04\\\/royal-canin-cat-mother-babycat-vetorino-1.jpeg\",\"contentUrl\":\"https:\\\/\\\/www.vetorino.com\\\/boutique\\\/wp-content\\\/uploads\\\/2022\\\/04\\\/royal-canin-cat-mother-babycat-vetorino-1.jpeg\",\"width\":540,\"height\":540,\"caption\":\"royal-canin-cat-mother-babycat-vetorino\"},{\"@type\":\"BreadcrumbList\",\"@id\":\"https:\\\/\\\/www.vetorino.com\\\/veterinaire\\\/briancon-05100\\\/boutique\\\/product\\\/cat-mother-and-baby-sac-2-kg\\\/#breadcrumb\",\"itemListElement\":[{\"@type\":\"ListItem\",\"position\":1,\"name\":\"Accueil\",\"item\":\"https:\\\/\\\/www.vetorino.com\\\/boutique\\\/\"},{\"@type\":\"ListItem\",\"position\":2,\"name\":\"Produits\",\"item\":\"https:\\\/\\\/www.vetorino.com\\\/boutique\\\/\"},{\"@type\":\"ListItem\",\"position\":3,\"name\":\"Cat Mother &amp; Babycat\"}]},{\"@type\":\"WebSite\",\"@id\":\"https:\\\/\\\/www.vetorino.com\\\/boutique\\\/#website\",\"url\":\"https:\\\/\\\/www.vetorino.com\\\/boutique\\\/\",\"name\":\"V\u00e9torino\",\"description\":\"\",\"publisher\":{\"@id\":\"https:\\\/\\\/www.vetorino.com\\\/boutique\\\/#organization\"},\"potentialAction\":[{\"@type\":\"SearchAction\",\"target\":{\"@type\":\"EntryPoint\",\"urlTemplate\":\"https:\\\/\\\/www.vetorino.com\\\/boutique\\\/?s={search_term_string}\"},\"query-input\":{\"@type\":\"PropertyValueSpecification\",\"valueRequired\":true,\"valueName\":\"search_term_string\"}}],\"inLanguage\":\"fr-FR\"},{\"@type\":\"Organization\",\"@id\":\"https:\\\/\\\/www.vetorino.com\\\/boutique\\\/#organization\",\"name\":\"V\u00e9torino\",\"url\":\"https:\\\/\\\/www.vetorino.com\\\/boutique\\\/\",\"logo\":{\"@type\":\"ImageObject\",\"inLanguage\":\"fr-FR\",\"@id\":\"https:\\\/\\\/www.vetorino.com\\\/boutique\\\/#\\\/schema\\\/logo\\\/image\\\/\",\"url\":\"https:\\\/\\\/www.vetorino.com\\\/boutique\\\/wp-content\\\/uploads\\\/2024\\\/10\\\/logo.jpg\",\"contentUrl\":\"https:\\\/\\\/www.vetorino.com\\\/boutique\\\/wp-content\\\/uploads\\\/2024\\\/10\\\/logo.jpg\",\"width\":1200,\"height\":610,\"caption\":\"V\u00e9torino\"},\"image\":{\"@id\":\"https:\\\/\\\/www.vetorino.com\\\/boutique\\\/#\\\/schema\\\/logo\\\/image\\\/\"},\"sameAs\":[\"https:\\\/\\\/www.facebook.com\\\/Vetorino\\\/\",\"https:\\\/\\\/www.instagram.com\\\/vetorino_off\\\/\",\"https:\\\/\\\/www.linkedin.com\\\/company\\\/vtorino\\\/\"]}]}<\/script>\n<meta property=\"product:brand\" content=\"Royal Canin\" \/>\n<meta property=\"og:availability\" content=\"instock\" \/>\n<meta property=\"product:availability\" content=\"instock\" \/>\n<meta property=\"product:condition\" content=\"new\" \/>\n<!-- \/ Yoast SEO plugin. -->","yoast_head_json":{"title":"Vet Care Nutrition (Royal Canin) Cat Mother &amp; Babycat Royal Canin - V\u00e9torino","description":"Royal Canin Mother &amp; Babycat sont sp\u00e9cialement adapt\u00e9es pour r\u00e9pondre aux besoins \u00e9nerg\u00e9tiques \u00e9lev\u00e9s de votre chatte en fin de gestation et pendant la lactation. Elles sont \u00e9galement formul\u00e9es pour favoriser le bon d\u00e9veloppement des chatons jusqu'\u00e0 l'\u00e2ge de 4 mois.  Utilisation :   Chaton\u00a0jusqu'\u00e0 4 mois  Chatte en fin de gestation ou en lactation","robots":{"index":"noindex","follow":"nofollow"},"og_locale":"fr_FR","og_type":"article","og_title":"Vet Care Nutrition (Royal Canin) Cat Mother &amp; Babycat Royal Canin - V\u00e9torino","og_description":"Royal Canin Mother &amp; Babycat sont sp\u00e9cialement adapt\u00e9es pour r\u00e9pondre aux besoins \u00e9nerg\u00e9tiques \u00e9lev\u00e9s de votre chatte en fin de gestation et pendant la lactation. Elles sont \u00e9galement formul\u00e9es pour favoriser le bon d\u00e9veloppement des chatons jusqu'\u00e0 l'\u00e2ge de 4 mois.  Utilisation :   Chaton\u00a0jusqu'\u00e0 4 mois  Chatte en fin de gestation ou en lactation","og_url":"https:\/\/www.vetorino.com\/veterinaire\/landos-43340\/boutique\/product\/cat-mother-and-baby-sac-2-kg\/","og_site_name":"V\u00e9torino","article_publisher":"https:\/\/www.facebook.com\/Vetorino\/","article_modified_time":"2025-11-05T11:09:29+00:00","og_image":[{"width":540,"height":540,"url":"https:\/\/www.vetorino.com\/boutique\/wp-content\/uploads\/2022\/04\/royal-canin-cat-mother-babycat-vetorino-1.jpeg","type":"image\/jpeg"}],"twitter_card":"summary_large_image","twitter_misc":{"Disponibilit\u00e9":"En stock"},"schema":{"@context":"https:\/\/schema.org","@graph":[{"@type":"WebPage","@id":"https:\/\/www.vetorino.com\/veterinaire\/briancon-05100\/boutique\/product\/cat-mother-and-baby-sac-2-kg\/","url":"https:\/\/www.vetorino.com\/veterinaire\/briancon-05100\/boutique\/product\/cat-mother-and-baby-sac-2-kg\/","name":"Vet Care Nutrition (Royal Canin) Cat Mother &amp; Babycat Royal Canin - V\u00e9torino","isPartOf":{"@id":"https:\/\/www.vetorino.com\/boutique\/#website"},"primaryImageOfPage":{"@id":"https:\/\/www.vetorino.com\/veterinaire\/briancon-05100\/boutique\/product\/cat-mother-and-baby-sac-2-kg\/#primaryimage"},"image":{"@id":"https:\/\/www.vetorino.com\/veterinaire\/briancon-05100\/boutique\/product\/cat-mother-and-baby-sac-2-kg\/#primaryimage"},"thumbnailUrl":"https:\/\/www.vetorino.com\/boutique\/wp-content\/uploads\/2022\/04\/royal-canin-cat-mother-babycat-vetorino-1.jpeg","datePublished":"2022-04-29T08:48:10+00:00","dateModified":"2025-11-05T11:09:29+00:00","description":"Royal Canin Mother &amp; Babycat sont sp\u00e9cialement adapt\u00e9es pour r\u00e9pondre aux besoins \u00e9nerg\u00e9tiques \u00e9lev\u00e9s de votre chatte en fin de gestation et pendant la lactation. Elles sont \u00e9galement formul\u00e9es pour favoriser le bon d\u00e9veloppement des chatons jusqu'\u00e0 l'\u00e2ge de 4 mois. Utilisation : Chaton\u00a0jusqu'\u00e0 4 mois Chatte en fin de gestation ou en lactation","breadcrumb":{"@id":"https:\/\/www.vetorino.com\/veterinaire\/briancon-05100\/boutique\/product\/cat-mother-and-baby-sac-2-kg\/#breadcrumb"},"inLanguage":"fr-FR","potentialAction":[{"@type":"ReadAction","target":["https:\/\/www.vetorino.com\/veterinaire\/briancon-05100\/boutique\/product\/cat-mother-and-baby-sac-2-kg\/"]}]},{"@type":"ImageObject","inLanguage":"fr-FR","@id":"https:\/\/www.vetorino.com\/veterinaire\/briancon-05100\/boutique\/product\/cat-mother-and-baby-sac-2-kg\/#primaryimage","url":"https:\/\/www.vetorino.com\/boutique\/wp-content\/uploads\/2022\/04\/royal-canin-cat-mother-babycat-vetorino-1.jpeg","contentUrl":"https:\/\/www.vetorino.com\/boutique\/wp-content\/uploads\/2022\/04\/royal-canin-cat-mother-babycat-vetorino-1.jpeg","width":540,"height":540,"caption":"royal-canin-cat-mother-babycat-vetorino"},{"@type":"BreadcrumbList","@id":"https:\/\/www.vetorino.com\/veterinaire\/briancon-05100\/boutique\/product\/cat-mother-and-baby-sac-2-kg\/#breadcrumb","itemListElement":[{"@type":"ListItem","position":1,"name":"Accueil","item":"https:\/\/www.vetorino.com\/boutique\/"},{"@type":"ListItem","position":2,"name":"Produits","item":"https:\/\/www.vetorino.com\/boutique\/"},{"@type":"ListItem","position":3,"name":"Cat Mother &amp; Babycat"}]},{"@type":"WebSite","@id":"https:\/\/www.vetorino.com\/boutique\/#website","url":"https:\/\/www.vetorino.com\/boutique\/","name":"V\u00e9torino","description":"","publisher":{"@id":"https:\/\/www.vetorino.com\/boutique\/#organization"},"potentialAction":[{"@type":"SearchAction","target":{"@type":"EntryPoint","urlTemplate":"https:\/\/www.vetorino.com\/boutique\/?s={search_term_string}"},"query-input":{"@type":"PropertyValueSpecification","valueRequired":true,"valueName":"search_term_string"}}],"inLanguage":"fr-FR"},{"@type":"Organization","@id":"https:\/\/www.vetorino.com\/boutique\/#organization","name":"V\u00e9torino","url":"https:\/\/www.vetorino.com\/boutique\/","logo":{"@type":"ImageObject","inLanguage":"fr-FR","@id":"https:\/\/www.vetorino.com\/boutique\/#\/schema\/logo\/image\/","url":"https:\/\/www.vetorino.com\/boutique\/wp-content\/uploads\/2024\/10\/logo.jpg","contentUrl":"https:\/\/www.vetorino.com\/boutique\/wp-content\/uploads\/2024\/10\/logo.jpg","width":1200,"height":610,"caption":"V\u00e9torino"},"image":{"@id":"https:\/\/www.vetorino.com\/boutique\/#\/schema\/logo\/image\/"},"sameAs":["https:\/\/www.facebook.com\/Vetorino\/","https:\/\/www.instagram.com\/vetorino_off\/","https:\/\/www.linkedin.com\/company\/vtorino\/"]}]},"product_brand":"Royal Canin","og_availability":"instock","product_availability":"instock","product_condition":"new"},"_links":{"self":[{"href":"https:\/\/www.vetorino.com\/veterinaire\/landos-43340\/boutique\/wp-json\/wp\/v2\/product\/318318","targetHints":{"allow":["GET"]}}],"collection":[{"href":"https:\/\/www.vetorino.com\/veterinaire\/landos-43340\/boutique\/wp-json\/wp\/v2\/product"}],"about":[{"href":"https:\/\/www.vetorino.com\/veterinaire\/landos-43340\/boutique\/wp-json\/wp\/v2\/types\/product"}],"wp:featuredmedia":[{"embeddable":true,"href":"https:\/\/www.vetorino.com\/veterinaire\/landos-43340\/boutique\/wp-json\/wp\/v2\/media\/318320"}],"wp:attachment":[{"href":"https:\/\/www.vetorino.com\/veterinaire\/landos-43340\/boutique\/wp-json\/wp\/v2\/media?parent=318318"}],"wp:term":[{"taxonomy":"product_cat","embeddable":true,"href":"https:\/\/www.vetorino.com\/veterinaire\/landos-43340\/boutique\/wp-json\/wp\/v2\/product_cat?post=318318"},{"taxonomy":"product_tag","embeddable":true,"href":"https:\/\/www.vetorino.com\/veterinaire\/landos-43340\/boutique\/wp-json\/wp\/v2\/product_tag?post=318318"}],"curies":[{"name":"wp","href":"https:\/\/api.w.org\/{rel}","templated":true}]}}