{"id":323427,"date":"2022-05-16T14:36:01","date_gmt":"2022-05-16T12:36:01","guid":{"rendered":"https:\/\/www.vetorino.com\/boutique\/product\/fungfeed-chat-hypoallerg-sac-15-kg\/"},"modified":"2025-09-05T14:14:21","modified_gmt":"2025-09-05T12:14:21","slug":"fungfeed-chat-hypoallerg-sac-15-kg","status":"publish","type":"product","link":"https:\/\/www.vetorino.com\/veterinaire\/landos-43340\/boutique\/product\/fungfeed-chat-hypoallerg-sac-15-kg\/","title":{"rendered":"Chat Adulte Hypoallerg\u00e9nique"},"content":{"rendered":"<p><strong>Croquettes compl\u00e8tes et riches en prot\u00e9ines animales, parfaites pour r\u00e9duire les intol\u00e9rances alimentaires. Cet aliment contient de l\u2019insecte comme unique source de prot\u00e9ines animales ainsi qu\u2019un nombre r\u00e9duit d\u2019ingr\u00e9dients afin de minimiser les risques de r\u00e9actions allergiques.<\/strong><\/p>\n<p>Peut aussi \u00eatre donn\u00e9 \u00e0 des chats qui n\u2019ont pas de pathologie mais dont les propri\u00e9taires sont sensibles \u00e0 l\u2019environnement tout en d\u00e9sirant fournir des prot\u00e9ines \u00e0 leurs chats.<\/p>\n<p><strong>Utilisation :<\/strong><\/p>\n<ul>\n<li>Chat adulte<\/li>\n<li>R\u00e9duction des intol\u00e9rances \u00e0 certains ingr\u00e9dients et nutriments<\/li>\n<\/ul>\n<p><strong>Bienfaits essentiels :<\/strong><\/p>\n<ul>\n<li>A base\u00a0<strong>d&#8217;insectes<\/strong>\u00a0comme unique source de prot\u00e9ine animale, rare et riche en acides amin\u00e9s essentiels.<\/li>\n<li>Hautement\u00a0<strong>digestible<\/strong><\/li>\n<li>Riche en\u00a0<strong>prot\u00e9ines animales<\/strong>, pauvre en glucides<\/li>\n<li><strong>R\u00e9duction des intol\u00e9rances<\/strong>\u00a0\u00e0 certains ingr\u00e9dients et nutriments<\/li>\n<li>Nourrir durablement son\u00a0<strong>carnivore<\/strong>\u00a0domestique<\/li>\n<li>Ingr\u00e9dients et fabrication<strong> fran\u00e7aise<\/strong><\/li>\n<\/ul>\n<p><strong>Cet aliment a \u00e9t\u00e9 formul\u00e9 pour les r\u00e9gimes d\u2019\u00e9victions et pour les animaux allergiques. Si vous \u00eates dans cette d\u00e9marche, nous vous recommandons de demander conseil \u00e0 votre v\u00e9t\u00e9rinaire<\/strong><\/p>\n","protected":false},"excerpt":{"rendered":"<div class=\"accordion-item border-top-0 border-start-0 border-end-0 rounded-0\">\n<div id=\"collapse_description\" class=\"accordion-collapse collapse show\" aria-labelledby=\"heading_description\" data-bs-parent=\"#productAccordion\">\n<div class=\"accordion-body px-0\">\n<p><strong>Croquettes hautement digestibles riches en prot\u00e9ines animales, pauvre en glucides. Cet aliment contient\u00a0de l\u2019insecte comme unique source de prot\u00e9ines animales ainsi qu\u2019un nombre r\u00e9duit d\u2019ingr\u00e9dients afin de\u00a0minimiser les risques de r\u00e9actions allergiques.<\/strong><\/p>\n<p>Peut aussi \u00eatre donn\u00e9 \u00e0 des chats qui n\u2019ont pas de pathologie mais dont les propri\u00e9taires sont sensibles \u00e0 l\u2019environnement tout en d\u00e9sirant fournir des prot\u00e9ines \u00e0 leurs chats.<\/p>\n<p><strong>Utilisation :<\/strong><\/p>\n<ul>\n<li>Chat adulte.<\/li>\n<li>R\u00e9duction des intol\u00e9rances \u00e0 certains ingr\u00e9dients et nutriments.<\/li>\n<\/ul>\n<p><strong>Cet aliment a \u00e9t\u00e9 formul\u00e9 pour les r\u00e9gimes d\u2019\u00e9victions et pour les animaux allergiques. Si vous \u00eates dans cette d\u00e9marche, nous vous recommandons de demander conseil \u00e0 votre v\u00e9t\u00e9rinaire.<\/strong><\/p>\n<\/div>\n<\/div>\n<\/div>\n","protected":false},"featured_media":1181435,"template":"","meta":[],"product_cat":[12551,12583,2697],"product_tag":[],"class_list":{"0":"post-323427","1":"product","2":"type-product","3":"status-publish","4":"has-post-thumbnail","6":"product_cat-alimentation-du-chat","7":"product_cat-alimentation-premium-pour-chat","8":"product_cat-chat","9":"pa_marque-fungfeed","11":"first","12":"instock","13":"taxable","14":"shipping-taxable","15":"purchasable","16":"product-type-variable"},"yoast_head":"<!-- This site is optimized with the Yoast SEO plugin v27.3 - https:\/\/yoast.com\/product\/yoast-seo-wordpress\/ -->\n<title>Chat Adulte Hypoallerg\u00e9nique Fungfeed - V\u00e9torino<\/title>\n<meta name=\"description\" content=\"Croquettes hautement digestibles riches en prot\u00e9ines animales, pauvre en glucides. Cet aliment contient\u00a0de l\u2019insecte comme unique source de prot\u00e9ines animales ainsi qu\u2019un nombre r\u00e9duit d\u2019ingr\u00e9dients afin de\u00a0minimiser les risques de r\u00e9actions allergiques.  Peut aussi \u00eatre donn\u00e9 \u00e0 des chats qui n\u2019ont pas de pathologie mais dont les propri\u00e9taires sont sensibles \u00e0 l\u2019environnement tout en d\u00e9sirant fournir des prot\u00e9ines \u00e0 leurs chats.  Utilisation :   Chat adulte.  R\u00e9duction des intol\u00e9rances \u00e0 certains ingr\u00e9dients et nutriments.  Cet aliment a \u00e9t\u00e9 formul\u00e9 pour les r\u00e9gimes d\u2019\u00e9victions et pour les animaux allergiques. Si vous \u00eates dans cette d\u00e9marche, nous vous recommandons de demander conseil \u00e0 votre v\u00e9t\u00e9rinaire.\" \/>\n<meta name=\"robots\" content=\"noindex, nofollow\" \/>\n<meta property=\"og:locale\" content=\"fr_FR\" \/>\n<meta property=\"og:type\" content=\"article\" \/>\n<meta property=\"og:title\" content=\"Chat Adulte Hypoallerg\u00e9nique Fungfeed - V\u00e9torino\" \/>\n<meta property=\"og:description\" content=\"Croquettes hautement digestibles riches en prot\u00e9ines animales, pauvre en glucides. Cet aliment contient\u00a0de l\u2019insecte comme unique source de prot\u00e9ines animales ainsi qu\u2019un nombre r\u00e9duit d\u2019ingr\u00e9dients afin de\u00a0minimiser les risques de r\u00e9actions allergiques.  Peut aussi \u00eatre donn\u00e9 \u00e0 des chats qui n\u2019ont pas de pathologie mais dont les propri\u00e9taires sont sensibles \u00e0 l\u2019environnement tout en d\u00e9sirant fournir des prot\u00e9ines \u00e0 leurs chats.  Utilisation :   Chat adulte.  R\u00e9duction des intol\u00e9rances \u00e0 certains ingr\u00e9dients et nutriments.  Cet aliment a \u00e9t\u00e9 formul\u00e9 pour les r\u00e9gimes d\u2019\u00e9victions et pour les animaux allergiques. Si vous \u00eates dans cette d\u00e9marche, nous vous recommandons de demander conseil \u00e0 votre v\u00e9t\u00e9rinaire.\" \/>\n<meta property=\"og:url\" content=\"https:\/\/www.vetorino.com\/veterinaire\/landos-43340\/boutique\/product\/fungfeed-chat-hypoallerg-sac-15-kg\/\" \/>\n<meta property=\"og:site_name\" content=\"V\u00e9torino\" \/>\n<meta property=\"article:publisher\" content=\"https:\/\/www.facebook.com\/Vetorino\/\" \/>\n<meta property=\"article:modified_time\" content=\"2025-09-05T12:14:21+00:00\" \/>\n<meta property=\"og:image\" content=\"https:\/\/www.vetorino.com\/boutique\/wp-content\/uploads\/2022\/05\/chat-adulte-hypoallergenique.webp\" \/>\n\t<meta property=\"og:image:width\" content=\"800\" \/>\n\t<meta property=\"og:image:height\" content=\"800\" \/>\n\t<meta property=\"og:image:type\" content=\"image\/webp\" \/>\n<meta name=\"twitter:card\" content=\"summary_large_image\" \/>\n<meta name=\"twitter:label1\" content=\"Disponibilit\u00e9\" \/>\n\t<meta name=\"twitter:data1\" content=\"En stock\" \/>\n<script type=\"application\/ld+json\" class=\"yoast-schema-graph\">{\"@context\":\"https:\\\/\\\/schema.org\",\"@graph\":[{\"@type\":\"WebPage\",\"@id\":\"https:\\\/\\\/www.vetorino.com\\\/boutique\\\/product\\\/fungfeed-chat-hypoallerg-sac-15-kg\\\/\",\"url\":\"https:\\\/\\\/www.vetorino.com\\\/boutique\\\/product\\\/fungfeed-chat-hypoallerg-sac-15-kg\\\/\",\"name\":\"Chat Adulte Hypoallerg\u00e9nique Fungfeed - V\u00e9torino\",\"isPartOf\":{\"@id\":\"https:\\\/\\\/www.vetorino.com\\\/boutique\\\/#website\"},\"primaryImageOfPage\":{\"@id\":\"https:\\\/\\\/www.vetorino.com\\\/boutique\\\/product\\\/fungfeed-chat-hypoallerg-sac-15-kg\\\/#primaryimage\"},\"image\":{\"@id\":\"https:\\\/\\\/www.vetorino.com\\\/boutique\\\/product\\\/fungfeed-chat-hypoallerg-sac-15-kg\\\/#primaryimage\"},\"thumbnailUrl\":\"https:\\\/\\\/www.vetorino.com\\\/boutique\\\/wp-content\\\/uploads\\\/2022\\\/05\\\/chat-adulte-hypoallergenique.webp\",\"datePublished\":\"2022-05-16T12:36:01+00:00\",\"dateModified\":\"2025-09-05T12:14:21+00:00\",\"description\":\"Croquettes hautement digestibles riches en prot\u00e9ines animales, pauvre en glucides. Cet aliment contient\u00a0de l\u2019insecte comme unique source de prot\u00e9ines animales ainsi qu\u2019un nombre r\u00e9duit d\u2019ingr\u00e9dients afin de\u00a0minimiser les risques de r\u00e9actions allergiques. Peut aussi \u00eatre donn\u00e9 \u00e0 des chats qui n\u2019ont pas de pathologie mais dont les propri\u00e9taires sont sensibles \u00e0 l\u2019environnement tout en d\u00e9sirant fournir des prot\u00e9ines \u00e0 leurs chats. Utilisation : Chat adulte. R\u00e9duction des intol\u00e9rances \u00e0 certains ingr\u00e9dients et nutriments. Cet aliment a \u00e9t\u00e9 formul\u00e9 pour les r\u00e9gimes d\u2019\u00e9victions et pour les animaux allergiques. Si vous \u00eates dans cette d\u00e9marche, nous vous recommandons de demander conseil \u00e0 votre v\u00e9t\u00e9rinaire.\",\"breadcrumb\":{\"@id\":\"https:\\\/\\\/www.vetorino.com\\\/boutique\\\/product\\\/fungfeed-chat-hypoallerg-sac-15-kg\\\/#breadcrumb\"},\"inLanguage\":\"fr-FR\",\"potentialAction\":[{\"@type\":\"ReadAction\",\"target\":[\"https:\\\/\\\/www.vetorino.com\\\/boutique\\\/product\\\/fungfeed-chat-hypoallerg-sac-15-kg\\\/\"]}]},{\"@type\":\"ImageObject\",\"inLanguage\":\"fr-FR\",\"@id\":\"https:\\\/\\\/www.vetorino.com\\\/boutique\\\/product\\\/fungfeed-chat-hypoallerg-sac-15-kg\\\/#primaryimage\",\"url\":\"https:\\\/\\\/www.vetorino.com\\\/boutique\\\/wp-content\\\/uploads\\\/2022\\\/05\\\/chat-adulte-hypoallergenique.webp\",\"contentUrl\":\"https:\\\/\\\/www.vetorino.com\\\/boutique\\\/wp-content\\\/uploads\\\/2022\\\/05\\\/chat-adulte-hypoallergenique.webp\",\"width\":800,\"height\":800},{\"@type\":\"BreadcrumbList\",\"@id\":\"https:\\\/\\\/www.vetorino.com\\\/boutique\\\/product\\\/fungfeed-chat-hypoallerg-sac-15-kg\\\/#breadcrumb\",\"itemListElement\":[{\"@type\":\"ListItem\",\"position\":1,\"name\":\"Accueil\",\"item\":\"https:\\\/\\\/www.vetorino.com\\\/boutique\\\/\"},{\"@type\":\"ListItem\",\"position\":2,\"name\":\"Produits\",\"item\":\"https:\\\/\\\/www.vetorino.com\\\/boutique\\\/\"},{\"@type\":\"ListItem\",\"position\":3,\"name\":\"Chat Adulte Hypoallerg\u00e9nique\"}]},{\"@type\":\"WebSite\",\"@id\":\"https:\\\/\\\/www.vetorino.com\\\/boutique\\\/#website\",\"url\":\"https:\\\/\\\/www.vetorino.com\\\/boutique\\\/\",\"name\":\"V\u00e9torino\",\"description\":\"\",\"publisher\":{\"@id\":\"https:\\\/\\\/www.vetorino.com\\\/boutique\\\/#organization\"},\"potentialAction\":[{\"@type\":\"SearchAction\",\"target\":{\"@type\":\"EntryPoint\",\"urlTemplate\":\"https:\\\/\\\/www.vetorino.com\\\/boutique\\\/?s={search_term_string}\"},\"query-input\":{\"@type\":\"PropertyValueSpecification\",\"valueRequired\":true,\"valueName\":\"search_term_string\"}}],\"inLanguage\":\"fr-FR\"},{\"@type\":\"Organization\",\"@id\":\"https:\\\/\\\/www.vetorino.com\\\/boutique\\\/#organization\",\"name\":\"V\u00e9torino\",\"url\":\"https:\\\/\\\/www.vetorino.com\\\/boutique\\\/\",\"logo\":{\"@type\":\"ImageObject\",\"inLanguage\":\"fr-FR\",\"@id\":\"https:\\\/\\\/www.vetorino.com\\\/boutique\\\/#\\\/schema\\\/logo\\\/image\\\/\",\"url\":\"https:\\\/\\\/www.vetorino.com\\\/boutique\\\/wp-content\\\/uploads\\\/2024\\\/10\\\/logo.jpg\",\"contentUrl\":\"https:\\\/\\\/www.vetorino.com\\\/boutique\\\/wp-content\\\/uploads\\\/2024\\\/10\\\/logo.jpg\",\"width\":1200,\"height\":610,\"caption\":\"V\u00e9torino\"},\"image\":{\"@id\":\"https:\\\/\\\/www.vetorino.com\\\/boutique\\\/#\\\/schema\\\/logo\\\/image\\\/\"},\"sameAs\":[\"https:\\\/\\\/www.facebook.com\\\/Vetorino\\\/\",\"https:\\\/\\\/www.instagram.com\\\/vetorino_off\\\/\",\"https:\\\/\\\/www.linkedin.com\\\/company\\\/vtorino\\\/\"]}]}<\/script>\n<meta property=\"product:brand\" content=\"Fungfeed\" \/>\n<meta property=\"og:availability\" content=\"instock\" \/>\n<meta property=\"product:availability\" content=\"instock\" \/>\n<meta property=\"product:condition\" content=\"new\" \/>\n<!-- \/ Yoast SEO plugin. -->","yoast_head_json":{"title":"Chat Adulte Hypoallerg\u00e9nique Fungfeed - V\u00e9torino","description":"Croquettes hautement digestibles riches en prot\u00e9ines animales, pauvre en glucides. Cet aliment contient\u00a0de l\u2019insecte comme unique source de prot\u00e9ines animales ainsi qu\u2019un nombre r\u00e9duit d\u2019ingr\u00e9dients afin de\u00a0minimiser les risques de r\u00e9actions allergiques.  Peut aussi \u00eatre donn\u00e9 \u00e0 des chats qui n\u2019ont pas de pathologie mais dont les propri\u00e9taires sont sensibles \u00e0 l\u2019environnement tout en d\u00e9sirant fournir des prot\u00e9ines \u00e0 leurs chats.  Utilisation :   Chat adulte.  R\u00e9duction des intol\u00e9rances \u00e0 certains ingr\u00e9dients et nutriments.  Cet aliment a \u00e9t\u00e9 formul\u00e9 pour les r\u00e9gimes d\u2019\u00e9victions et pour les animaux allergiques. Si vous \u00eates dans cette d\u00e9marche, nous vous recommandons de demander conseil \u00e0 votre v\u00e9t\u00e9rinaire.","robots":{"index":"noindex","follow":"nofollow"},"og_locale":"fr_FR","og_type":"article","og_title":"Chat Adulte Hypoallerg\u00e9nique Fungfeed - V\u00e9torino","og_description":"Croquettes hautement digestibles riches en prot\u00e9ines animales, pauvre en glucides. Cet aliment contient\u00a0de l\u2019insecte comme unique source de prot\u00e9ines animales ainsi qu\u2019un nombre r\u00e9duit d\u2019ingr\u00e9dients afin de\u00a0minimiser les risques de r\u00e9actions allergiques.  Peut aussi \u00eatre donn\u00e9 \u00e0 des chats qui n\u2019ont pas de pathologie mais dont les propri\u00e9taires sont sensibles \u00e0 l\u2019environnement tout en d\u00e9sirant fournir des prot\u00e9ines \u00e0 leurs chats.  Utilisation :   Chat adulte.  R\u00e9duction des intol\u00e9rances \u00e0 certains ingr\u00e9dients et nutriments.  Cet aliment a \u00e9t\u00e9 formul\u00e9 pour les r\u00e9gimes d\u2019\u00e9victions et pour les animaux allergiques. Si vous \u00eates dans cette d\u00e9marche, nous vous recommandons de demander conseil \u00e0 votre v\u00e9t\u00e9rinaire.","og_url":"https:\/\/www.vetorino.com\/veterinaire\/landos-43340\/boutique\/product\/fungfeed-chat-hypoallerg-sac-15-kg\/","og_site_name":"V\u00e9torino","article_publisher":"https:\/\/www.facebook.com\/Vetorino\/","article_modified_time":"2025-09-05T12:14:21+00:00","og_image":[{"width":800,"height":800,"url":"https:\/\/www.vetorino.com\/boutique\/wp-content\/uploads\/2022\/05\/chat-adulte-hypoallergenique.webp","type":"image\/webp"}],"twitter_card":"summary_large_image","twitter_misc":{"Disponibilit\u00e9":"En stock"},"schema":{"@context":"https:\/\/schema.org","@graph":[{"@type":"WebPage","@id":"https:\/\/www.vetorino.com\/boutique\/product\/fungfeed-chat-hypoallerg-sac-15-kg\/","url":"https:\/\/www.vetorino.com\/boutique\/product\/fungfeed-chat-hypoallerg-sac-15-kg\/","name":"Chat Adulte Hypoallerg\u00e9nique Fungfeed - V\u00e9torino","isPartOf":{"@id":"https:\/\/www.vetorino.com\/boutique\/#website"},"primaryImageOfPage":{"@id":"https:\/\/www.vetorino.com\/boutique\/product\/fungfeed-chat-hypoallerg-sac-15-kg\/#primaryimage"},"image":{"@id":"https:\/\/www.vetorino.com\/boutique\/product\/fungfeed-chat-hypoallerg-sac-15-kg\/#primaryimage"},"thumbnailUrl":"https:\/\/www.vetorino.com\/boutique\/wp-content\/uploads\/2022\/05\/chat-adulte-hypoallergenique.webp","datePublished":"2022-05-16T12:36:01+00:00","dateModified":"2025-09-05T12:14:21+00:00","description":"Croquettes hautement digestibles riches en prot\u00e9ines animales, pauvre en glucides. Cet aliment contient\u00a0de l\u2019insecte comme unique source de prot\u00e9ines animales ainsi qu\u2019un nombre r\u00e9duit d\u2019ingr\u00e9dients afin de\u00a0minimiser les risques de r\u00e9actions allergiques. Peut aussi \u00eatre donn\u00e9 \u00e0 des chats qui n\u2019ont pas de pathologie mais dont les propri\u00e9taires sont sensibles \u00e0 l\u2019environnement tout en d\u00e9sirant fournir des prot\u00e9ines \u00e0 leurs chats. Utilisation : Chat adulte. R\u00e9duction des intol\u00e9rances \u00e0 certains ingr\u00e9dients et nutriments. Cet aliment a \u00e9t\u00e9 formul\u00e9 pour les r\u00e9gimes d\u2019\u00e9victions et pour les animaux allergiques. Si vous \u00eates dans cette d\u00e9marche, nous vous recommandons de demander conseil \u00e0 votre v\u00e9t\u00e9rinaire.","breadcrumb":{"@id":"https:\/\/www.vetorino.com\/boutique\/product\/fungfeed-chat-hypoallerg-sac-15-kg\/#breadcrumb"},"inLanguage":"fr-FR","potentialAction":[{"@type":"ReadAction","target":["https:\/\/www.vetorino.com\/boutique\/product\/fungfeed-chat-hypoallerg-sac-15-kg\/"]}]},{"@type":"ImageObject","inLanguage":"fr-FR","@id":"https:\/\/www.vetorino.com\/boutique\/product\/fungfeed-chat-hypoallerg-sac-15-kg\/#primaryimage","url":"https:\/\/www.vetorino.com\/boutique\/wp-content\/uploads\/2022\/05\/chat-adulte-hypoallergenique.webp","contentUrl":"https:\/\/www.vetorino.com\/boutique\/wp-content\/uploads\/2022\/05\/chat-adulte-hypoallergenique.webp","width":800,"height":800},{"@type":"BreadcrumbList","@id":"https:\/\/www.vetorino.com\/boutique\/product\/fungfeed-chat-hypoallerg-sac-15-kg\/#breadcrumb","itemListElement":[{"@type":"ListItem","position":1,"name":"Accueil","item":"https:\/\/www.vetorino.com\/boutique\/"},{"@type":"ListItem","position":2,"name":"Produits","item":"https:\/\/www.vetorino.com\/boutique\/"},{"@type":"ListItem","position":3,"name":"Chat Adulte Hypoallerg\u00e9nique"}]},{"@type":"WebSite","@id":"https:\/\/www.vetorino.com\/boutique\/#website","url":"https:\/\/www.vetorino.com\/boutique\/","name":"V\u00e9torino","description":"","publisher":{"@id":"https:\/\/www.vetorino.com\/boutique\/#organization"},"potentialAction":[{"@type":"SearchAction","target":{"@type":"EntryPoint","urlTemplate":"https:\/\/www.vetorino.com\/boutique\/?s={search_term_string}"},"query-input":{"@type":"PropertyValueSpecification","valueRequired":true,"valueName":"search_term_string"}}],"inLanguage":"fr-FR"},{"@type":"Organization","@id":"https:\/\/www.vetorino.com\/boutique\/#organization","name":"V\u00e9torino","url":"https:\/\/www.vetorino.com\/boutique\/","logo":{"@type":"ImageObject","inLanguage":"fr-FR","@id":"https:\/\/www.vetorino.com\/boutique\/#\/schema\/logo\/image\/","url":"https:\/\/www.vetorino.com\/boutique\/wp-content\/uploads\/2024\/10\/logo.jpg","contentUrl":"https:\/\/www.vetorino.com\/boutique\/wp-content\/uploads\/2024\/10\/logo.jpg","width":1200,"height":610,"caption":"V\u00e9torino"},"image":{"@id":"https:\/\/www.vetorino.com\/boutique\/#\/schema\/logo\/image\/"},"sameAs":["https:\/\/www.facebook.com\/Vetorino\/","https:\/\/www.instagram.com\/vetorino_off\/","https:\/\/www.linkedin.com\/company\/vtorino\/"]}]},"product_brand":"Fungfeed","og_availability":"instock","product_availability":"instock","product_condition":"new"},"_links":{"self":[{"href":"https:\/\/www.vetorino.com\/veterinaire\/landos-43340\/boutique\/wp-json\/wp\/v2\/product\/323427","targetHints":{"allow":["GET"]}}],"collection":[{"href":"https:\/\/www.vetorino.com\/veterinaire\/landos-43340\/boutique\/wp-json\/wp\/v2\/product"}],"about":[{"href":"https:\/\/www.vetorino.com\/veterinaire\/landos-43340\/boutique\/wp-json\/wp\/v2\/types\/product"}],"wp:featuredmedia":[{"embeddable":true,"href":"https:\/\/www.vetorino.com\/veterinaire\/landos-43340\/boutique\/wp-json\/wp\/v2\/media\/1181435"}],"wp:attachment":[{"href":"https:\/\/www.vetorino.com\/veterinaire\/landos-43340\/boutique\/wp-json\/wp\/v2\/media?parent=323427"}],"wp:term":[{"taxonomy":"product_cat","embeddable":true,"href":"https:\/\/www.vetorino.com\/veterinaire\/landos-43340\/boutique\/wp-json\/wp\/v2\/product_cat?post=323427"},{"taxonomy":"product_tag","embeddable":true,"href":"https:\/\/www.vetorino.com\/veterinaire\/landos-43340\/boutique\/wp-json\/wp\/v2\/product_tag?post=323427"}],"curies":[{"name":"wp","href":"https:\/\/api.w.org\/{rel}","templated":true}]}}