{"id":32932,"date":"2020-03-04T21:51:24","date_gmt":"2020-03-04T20:51:24","guid":{"rendered":"https:\/\/www.vetorino.com\/boutique\/product\/oxbow-essentials-adult-rabbit\/"},"modified":"2022-01-04T15:47:04","modified_gmt":"2022-01-04T14:47:04","slug":"oxbow-essentials-adult-rabbit","status":"publish","type":"product","link":"https:\/\/www.vetorino.com\/veterinaire\/landos-43340\/boutique\/product\/oxbow-essentials-adult-rabbit\/","title":{"rendered":"Oxbow Essentials Adult Rabbit"},"content":{"rendered":"<div class='hidden'> Oxbow <\/div>\n<p><b>Caract\u00e9risiques<\/b><br \/> Cet aliment apporte un repas complet en granul\u00e9s, \u00e0 base de foin de phl\u00e9ole des pr\u00e9s d\u00e9shydrat\u00e9 et sans luzerne. Riche en vitamines et min\u00e9raux, il procure \u00e9galement une teneur \u00e9lev\u00e9e en fibres pour maintenir une bonne sant\u00e9 intestinale. Elabor\u00e9 avec des ingr\u00e9dients de qualit\u00e9, cet aliment ne contient ni colorant ni conservateur.<br \/><b>Bon \u00e0 savoir<\/b><br \/> Convient aux lapins \u00e2g\u00e9s de plus de 6 mois. Demandez conseil \u00e0 votre v\u00e9t\u00e9rinaire. De l?eau fra\u00eeche et propre doit \u00eatre disponible \u00e0 tout moment de la journ\u00e9e Donner 20 g \/ repas avec du foin \u00e0 volont\u00e9. Ne pas d\u00e9passer 3% du poids du lapin de granul\u00e9 par jour.INGREDIENTS Phl\u00e9ole des pr\u00e9s d\u00e9shydrat\u00e9e, gousses de soja, issues de bl\u00e9, farine de soja, M\u00e9lasses de Cane, sel, carbonate de calcium, Levures (Saccharomyces cerevisiae), Ac\u00e9tate Vitamine A, Suppl\u00e9ment en Vitamine D3, Suppl\u00e9ment en Vitamine E (tocoph\u00e9rol), Acide Ascorbique, Silice collo\u00efdale, Vitamine K, Riboflavine, Suppl\u00e9ment en Niacine, Suppl\u00e9ment en Vitamine B12, Acide Pantoth\u00e9nique, Biotine, Thiamine, Chlorure de Choline, DL-Methionine, Hydrochlorure de Pyrodoxine, Acide Folique, S\u00e9l\u00e9nium de soude, Sulfate de Magn\u00e9sium, Sulfate de Fer, Carbonate de Cobalt, Oxyde de Mangan\u00e8se, Oxyde de Zinc, Sulfate de Zinc, Sulfate de Cuivre, Huile min\u00e9rale, Iodate de calcium, Chlorure de Potassium<\/p>\n","protected":false},"excerpt":{"rendered":"<p>L&#8217;aliment ADULT, pour lapin adulte, apporte tous les nutriments pour assurer un r\u00e9gime adapt\u00e9 aux besoins de votre compagnon.<\/p>\n","protected":false},"featured_media":76372,"template":"","meta":[],"product_cat":[12578,2812,12671,12563,2727],"product_tag":[],"class_list":{"0":"post-32932","1":"product","2":"type-product","3":"status-publish","4":"has-post-thumbnail","6":"product_cat-alimentation-du-lapin","7":"product_cat-alimentation-pour-lapin-rongeur","8":"product_cat-granule-et-melange-pour-lapin","9":"product_cat-lapin","10":"product_cat-nac","11":"pa_marque-oxbow-animal-health","13":"first","14":"outofstock","15":"taxable","16":"shipping-taxable","17":"product-type-variable"},"yoast_head":"<!-- This site is optimized with the Yoast SEO plugin v27.3 - https:\/\/yoast.com\/product\/yoast-seo-wordpress\/ -->\n<title>Oxbow Essentials Adult Rabbit Oxbow Animal Health - V\u00e9torino<\/title>\n<meta name=\"description\" content=\"L&#039;aliment ADULT, pour lapin adulte, apporte tous les nutriments pour assurer un r\u00e9gime adapt\u00e9 aux besoins de votre compagnon.\" \/>\n<meta name=\"robots\" content=\"noindex, nofollow\" \/>\n<meta property=\"og:locale\" content=\"fr_FR\" \/>\n<meta property=\"og:type\" content=\"article\" \/>\n<meta property=\"og:title\" content=\"Oxbow Essentials Adult Rabbit Oxbow Animal Health - V\u00e9torino\" \/>\n<meta property=\"og:description\" content=\"L&#039;aliment ADULT, pour lapin adulte, apporte tous les nutriments pour assurer un r\u00e9gime adapt\u00e9 aux besoins de votre compagnon.\" \/>\n<meta property=\"og:url\" content=\"https:\/\/www.vetorino.com\/veterinaire\/landos-43340\/boutique\/product\/oxbow-essentials-adult-rabbit\/\" \/>\n<meta property=\"og:site_name\" content=\"V\u00e9torino\" \/>\n<meta property=\"article:publisher\" content=\"https:\/\/www.facebook.com\/Vetorino\/\" \/>\n<meta property=\"article:modified_time\" content=\"2022-01-04T14:47:04+00:00\" \/>\n<meta property=\"og:image\" content=\"https:\/\/www.vetorino.com\/boutique\/wp-content\/uploads\/2020\/03\/aliment-oxbow-essentials-adult-lapins-sac-2-25-kg-17.jpg\" \/>\n\t<meta property=\"og:image:width\" content=\"800\" \/>\n\t<meta property=\"og:image:height\" content=\"800\" \/>\n\t<meta property=\"og:image:type\" content=\"image\/jpeg\" \/>\n<meta name=\"twitter:card\" content=\"summary_large_image\" \/>\n<meta name=\"twitter:label1\" content=\"Disponibilit\u00e9\" \/>\n\t<meta name=\"twitter:data1\" content=\"Rupture de stock\" \/>\n<script type=\"application\/ld+json\" class=\"yoast-schema-graph\">{\"@context\":\"https:\\\/\\\/schema.org\",\"@graph\":[{\"@type\":\"WebPage\",\"@id\":\"https:\\\/\\\/www.vetorino.com\\\/boutique\\\/product\\\/oxbow-essentials-adult-rabbit\\\/\",\"url\":\"https:\\\/\\\/www.vetorino.com\\\/boutique\\\/product\\\/oxbow-essentials-adult-rabbit\\\/\",\"name\":\"Oxbow Essentials Adult Rabbit Oxbow Animal Health - V\u00e9torino\",\"isPartOf\":{\"@id\":\"https:\\\/\\\/www.vetorino.com\\\/boutique\\\/#website\"},\"primaryImageOfPage\":{\"@id\":\"https:\\\/\\\/www.vetorino.com\\\/boutique\\\/product\\\/oxbow-essentials-adult-rabbit\\\/#primaryimage\"},\"image\":{\"@id\":\"https:\\\/\\\/www.vetorino.com\\\/boutique\\\/product\\\/oxbow-essentials-adult-rabbit\\\/#primaryimage\"},\"thumbnailUrl\":\"https:\\\/\\\/www.vetorino.com\\\/boutique\\\/wp-content\\\/uploads\\\/2020\\\/03\\\/aliment-oxbow-essentials-adult-lapins-sac-2-25-kg-17.jpg\",\"datePublished\":\"2020-03-04T20:51:24+00:00\",\"dateModified\":\"2022-01-04T14:47:04+00:00\",\"description\":\"L'aliment ADULT, pour lapin adulte, apporte tous les nutriments pour assurer un r\u00e9gime adapt\u00e9 aux besoins de votre compagnon.\",\"breadcrumb\":{\"@id\":\"https:\\\/\\\/www.vetorino.com\\\/boutique\\\/product\\\/oxbow-essentials-adult-rabbit\\\/#breadcrumb\"},\"inLanguage\":\"fr-FR\",\"potentialAction\":[{\"@type\":\"ReadAction\",\"target\":[\"https:\\\/\\\/www.vetorino.com\\\/boutique\\\/product\\\/oxbow-essentials-adult-rabbit\\\/\"]}]},{\"@type\":\"ImageObject\",\"inLanguage\":\"fr-FR\",\"@id\":\"https:\\\/\\\/www.vetorino.com\\\/boutique\\\/product\\\/oxbow-essentials-adult-rabbit\\\/#primaryimage\",\"url\":\"https:\\\/\\\/www.vetorino.com\\\/boutique\\\/wp-content\\\/uploads\\\/2020\\\/03\\\/aliment-oxbow-essentials-adult-lapins-sac-2-25-kg-17.jpg\",\"contentUrl\":\"https:\\\/\\\/www.vetorino.com\\\/boutique\\\/wp-content\\\/uploads\\\/2020\\\/03\\\/aliment-oxbow-essentials-adult-lapins-sac-2-25-kg-17.jpg\",\"width\":800,\"height\":800},{\"@type\":\"BreadcrumbList\",\"@id\":\"https:\\\/\\\/www.vetorino.com\\\/boutique\\\/product\\\/oxbow-essentials-adult-rabbit\\\/#breadcrumb\",\"itemListElement\":[{\"@type\":\"ListItem\",\"position\":1,\"name\":\"Accueil\",\"item\":\"https:\\\/\\\/www.vetorino.com\\\/boutique\\\/\"},{\"@type\":\"ListItem\",\"position\":2,\"name\":\"Produits\",\"item\":\"https:\\\/\\\/www.vetorino.com\\\/boutique\\\/\"},{\"@type\":\"ListItem\",\"position\":3,\"name\":\"Oxbow Essentials Adult Rabbit\"}]},{\"@type\":\"WebSite\",\"@id\":\"https:\\\/\\\/www.vetorino.com\\\/boutique\\\/#website\",\"url\":\"https:\\\/\\\/www.vetorino.com\\\/boutique\\\/\",\"name\":\"V\u00e9torino\",\"description\":\"\",\"publisher\":{\"@id\":\"https:\\\/\\\/www.vetorino.com\\\/boutique\\\/#organization\"},\"potentialAction\":[{\"@type\":\"SearchAction\",\"target\":{\"@type\":\"EntryPoint\",\"urlTemplate\":\"https:\\\/\\\/www.vetorino.com\\\/boutique\\\/?s={search_term_string}\"},\"query-input\":{\"@type\":\"PropertyValueSpecification\",\"valueRequired\":true,\"valueName\":\"search_term_string\"}}],\"inLanguage\":\"fr-FR\"},{\"@type\":\"Organization\",\"@id\":\"https:\\\/\\\/www.vetorino.com\\\/boutique\\\/#organization\",\"name\":\"V\u00e9torino\",\"url\":\"https:\\\/\\\/www.vetorino.com\\\/boutique\\\/\",\"logo\":{\"@type\":\"ImageObject\",\"inLanguage\":\"fr-FR\",\"@id\":\"https:\\\/\\\/www.vetorino.com\\\/boutique\\\/#\\\/schema\\\/logo\\\/image\\\/\",\"url\":\"https:\\\/\\\/www.vetorino.com\\\/boutique\\\/wp-content\\\/uploads\\\/2024\\\/10\\\/logo.jpg\",\"contentUrl\":\"https:\\\/\\\/www.vetorino.com\\\/boutique\\\/wp-content\\\/uploads\\\/2024\\\/10\\\/logo.jpg\",\"width\":1200,\"height\":610,\"caption\":\"V\u00e9torino\"},\"image\":{\"@id\":\"https:\\\/\\\/www.vetorino.com\\\/boutique\\\/#\\\/schema\\\/logo\\\/image\\\/\"},\"sameAs\":[\"https:\\\/\\\/www.facebook.com\\\/Vetorino\\\/\",\"https:\\\/\\\/www.instagram.com\\\/vetorino_off\\\/\",\"https:\\\/\\\/www.linkedin.com\\\/company\\\/vtorino\\\/\"]}]}<\/script>\n<meta property=\"product:brand\" content=\"Oxbow Animal Health\" \/>\n<meta property=\"og:availability\" content=\"out of stock\" \/>\n<meta property=\"product:availability\" content=\"out of stock\" \/>\n<meta property=\"product:condition\" content=\"new\" \/>\n<!-- \/ Yoast SEO plugin. -->","yoast_head_json":{"title":"Oxbow Essentials Adult Rabbit Oxbow Animal Health - V\u00e9torino","description":"L'aliment ADULT, pour lapin adulte, apporte tous les nutriments pour assurer un r\u00e9gime adapt\u00e9 aux besoins de votre compagnon.","robots":{"index":"noindex","follow":"nofollow"},"og_locale":"fr_FR","og_type":"article","og_title":"Oxbow Essentials Adult Rabbit Oxbow Animal Health - V\u00e9torino","og_description":"L'aliment ADULT, pour lapin adulte, apporte tous les nutriments pour assurer un r\u00e9gime adapt\u00e9 aux besoins de votre compagnon.","og_url":"https:\/\/www.vetorino.com\/veterinaire\/landos-43340\/boutique\/product\/oxbow-essentials-adult-rabbit\/","og_site_name":"V\u00e9torino","article_publisher":"https:\/\/www.facebook.com\/Vetorino\/","article_modified_time":"2022-01-04T14:47:04+00:00","og_image":[{"width":800,"height":800,"url":"https:\/\/www.vetorino.com\/boutique\/wp-content\/uploads\/2020\/03\/aliment-oxbow-essentials-adult-lapins-sac-2-25-kg-17.jpg","type":"image\/jpeg"}],"twitter_card":"summary_large_image","twitter_misc":{"Disponibilit\u00e9":"Rupture de stock"},"schema":{"@context":"https:\/\/schema.org","@graph":[{"@type":"WebPage","@id":"https:\/\/www.vetorino.com\/boutique\/product\/oxbow-essentials-adult-rabbit\/","url":"https:\/\/www.vetorino.com\/boutique\/product\/oxbow-essentials-adult-rabbit\/","name":"Oxbow Essentials Adult Rabbit Oxbow Animal Health - V\u00e9torino","isPartOf":{"@id":"https:\/\/www.vetorino.com\/boutique\/#website"},"primaryImageOfPage":{"@id":"https:\/\/www.vetorino.com\/boutique\/product\/oxbow-essentials-adult-rabbit\/#primaryimage"},"image":{"@id":"https:\/\/www.vetorino.com\/boutique\/product\/oxbow-essentials-adult-rabbit\/#primaryimage"},"thumbnailUrl":"https:\/\/www.vetorino.com\/boutique\/wp-content\/uploads\/2020\/03\/aliment-oxbow-essentials-adult-lapins-sac-2-25-kg-17.jpg","datePublished":"2020-03-04T20:51:24+00:00","dateModified":"2022-01-04T14:47:04+00:00","description":"L'aliment ADULT, pour lapin adulte, apporte tous les nutriments pour assurer un r\u00e9gime adapt\u00e9 aux besoins de votre compagnon.","breadcrumb":{"@id":"https:\/\/www.vetorino.com\/boutique\/product\/oxbow-essentials-adult-rabbit\/#breadcrumb"},"inLanguage":"fr-FR","potentialAction":[{"@type":"ReadAction","target":["https:\/\/www.vetorino.com\/boutique\/product\/oxbow-essentials-adult-rabbit\/"]}]},{"@type":"ImageObject","inLanguage":"fr-FR","@id":"https:\/\/www.vetorino.com\/boutique\/product\/oxbow-essentials-adult-rabbit\/#primaryimage","url":"https:\/\/www.vetorino.com\/boutique\/wp-content\/uploads\/2020\/03\/aliment-oxbow-essentials-adult-lapins-sac-2-25-kg-17.jpg","contentUrl":"https:\/\/www.vetorino.com\/boutique\/wp-content\/uploads\/2020\/03\/aliment-oxbow-essentials-adult-lapins-sac-2-25-kg-17.jpg","width":800,"height":800},{"@type":"BreadcrumbList","@id":"https:\/\/www.vetorino.com\/boutique\/product\/oxbow-essentials-adult-rabbit\/#breadcrumb","itemListElement":[{"@type":"ListItem","position":1,"name":"Accueil","item":"https:\/\/www.vetorino.com\/boutique\/"},{"@type":"ListItem","position":2,"name":"Produits","item":"https:\/\/www.vetorino.com\/boutique\/"},{"@type":"ListItem","position":3,"name":"Oxbow Essentials Adult Rabbit"}]},{"@type":"WebSite","@id":"https:\/\/www.vetorino.com\/boutique\/#website","url":"https:\/\/www.vetorino.com\/boutique\/","name":"V\u00e9torino","description":"","publisher":{"@id":"https:\/\/www.vetorino.com\/boutique\/#organization"},"potentialAction":[{"@type":"SearchAction","target":{"@type":"EntryPoint","urlTemplate":"https:\/\/www.vetorino.com\/boutique\/?s={search_term_string}"},"query-input":{"@type":"PropertyValueSpecification","valueRequired":true,"valueName":"search_term_string"}}],"inLanguage":"fr-FR"},{"@type":"Organization","@id":"https:\/\/www.vetorino.com\/boutique\/#organization","name":"V\u00e9torino","url":"https:\/\/www.vetorino.com\/boutique\/","logo":{"@type":"ImageObject","inLanguage":"fr-FR","@id":"https:\/\/www.vetorino.com\/boutique\/#\/schema\/logo\/image\/","url":"https:\/\/www.vetorino.com\/boutique\/wp-content\/uploads\/2024\/10\/logo.jpg","contentUrl":"https:\/\/www.vetorino.com\/boutique\/wp-content\/uploads\/2024\/10\/logo.jpg","width":1200,"height":610,"caption":"V\u00e9torino"},"image":{"@id":"https:\/\/www.vetorino.com\/boutique\/#\/schema\/logo\/image\/"},"sameAs":["https:\/\/www.facebook.com\/Vetorino\/","https:\/\/www.instagram.com\/vetorino_off\/","https:\/\/www.linkedin.com\/company\/vtorino\/"]}]},"product_brand":"Oxbow Animal Health","og_availability":"out of stock","product_availability":"out of stock","product_condition":"new"},"_links":{"self":[{"href":"https:\/\/www.vetorino.com\/veterinaire\/landos-43340\/boutique\/wp-json\/wp\/v2\/product\/32932","targetHints":{"allow":["GET"]}}],"collection":[{"href":"https:\/\/www.vetorino.com\/veterinaire\/landos-43340\/boutique\/wp-json\/wp\/v2\/product"}],"about":[{"href":"https:\/\/www.vetorino.com\/veterinaire\/landos-43340\/boutique\/wp-json\/wp\/v2\/types\/product"}],"wp:featuredmedia":[{"embeddable":true,"href":"https:\/\/www.vetorino.com\/veterinaire\/landos-43340\/boutique\/wp-json\/wp\/v2\/media\/76372"}],"wp:attachment":[{"href":"https:\/\/www.vetorino.com\/veterinaire\/landos-43340\/boutique\/wp-json\/wp\/v2\/media?parent=32932"}],"wp:term":[{"taxonomy":"product_cat","embeddable":true,"href":"https:\/\/www.vetorino.com\/veterinaire\/landos-43340\/boutique\/wp-json\/wp\/v2\/product_cat?post=32932"},{"taxonomy":"product_tag","embeddable":true,"href":"https:\/\/www.vetorino.com\/veterinaire\/landos-43340\/boutique\/wp-json\/wp\/v2\/product_tag?post=32932"}],"curies":[{"name":"wp","href":"https:\/\/api.w.org\/{rel}","templated":true}]}}