{"id":33680,"date":"2020-03-04T21:58:07","date_gmt":"2020-03-04T20:58:07","guid":{"rendered":"https:\/\/www.vetorino.com\/boutique\/product\/fortiphytol\/"},"modified":"2025-02-21T16:53:01","modified_gmt":"2025-02-21T15:53:01","slug":"fortiphytol","status":"publish","type":"product","link":"https:\/\/www.vetorino.com\/veterinaire\/landos-43340\/boutique\/product\/fortiphytol\/","title":{"rendered":"Fortiphytol sp\u00e9cial tonus"},"content":{"rendered":"<p><strong>Fortiphytol<\/strong> est un compl\u00e9ment alimentaire\u00a0pour chiens ou chats permettant de les aider \u00e0 retrouver\u00a0leur tonus, leur\u00a0dynamisme, leur vitalit\u00e9.<\/p>\n<p>Les comprim\u00e9s Fortiphytol\u00a0sont formul\u00e9s \u00e0 base de gel\u00e9e royale, de ginseng, d&#8217;ac\u00e9rola et de guarana qui stimulent\u00a0les d\u00e9fenses immunitaires.<\/p>\n<p>Fortiphytol est recommand\u00e9 pour les femelles gestantes ou ayant mis bas, pour les chiens ou les chats en p\u00e9riode post-op\u00e9ratoire ou en cas de grosses fatigues.<\/p>\n<p><strong>Principes actifs<\/strong><\/p>\n<ul>\n<li><strong>Gel\u00e9e royale<\/strong> produit d\u2019exception de la ruche riche en micronutriments.<\/li>\n<li><strong>Extrait de Ginseng<\/strong> reconnu pour son action tonifiante et immunostimulante.<\/li>\n<li><strong>Extrait d&#8217;ac\u00e9rola<\/strong> consid\u00e9r\u00e9 comme un super fruit du fait de sa forte teneur en vitamine C.<\/li>\n<li><strong>Guarana<\/strong> reconnu pour ses effets stimulants et \u00e9nergisants.<\/li>\n<li>Ainsi que des oligo-\u00e9l\u00e9ments : Le zinc poss\u00e8de un r\u00f4le important dans la vitalit\u00e9 et le renouvellement cellulaire. Le cuivre participe \u00e0 des r\u00e9actions enzymatiques complexes qui prot\u00e8gent nos cellules de l\u2019agression des radicaux libres. Il poss\u00e8de de plus une activit\u00e9 anti-inflammatoire.<\/li>\n<\/ul>\n<p><strong>Ration journali\u00e8re recommand\u00e9e<\/strong><\/p>\n<p>Pour les chiens de sport, il est n\u00e9cessaire d\u2019arr\u00eater FORTIPHYTOL 5 jours avant une comp\u00e9tition sportive.<\/p>\n<div class=\"table_container\">\n<table border=\"1\" cellspacing=\"1\" cellpadding=\"1\">\n<tbody>\n<tr>\n<td><strong>Poids de l&#8217;animal<\/strong><\/td>\n<td><strong>Comprim\u00e9(s) par jour<\/strong><\/td>\n<\/tr>\n<tr>\n<td>Jusqu&#8217;\u00e0 5 kg<\/td>\n<td>1\/4 de comprim\u00e9<\/td>\n<\/tr>\n<tr>\n<td>De 5 \u00e0 10 kg<\/td>\n<td>1\/2 comprim\u00e9<\/td>\n<\/tr>\n<tr>\n<td>De 10 \u00e0 15 kg<\/td>\n<td>3\/4 de comprim\u00e9<\/td>\n<\/tr>\n<tr>\n<td>De 15 \u00e0 20 kg<\/td>\n<td>1 comprim\u00e9<\/td>\n<\/tr>\n<\/tbody>\n<\/table>\n<\/div>\n","protected":false},"excerpt":{"rendered":"<p><strong>Fortiphytol<\/strong> est un compl\u00e9ment alimentaire\u00a0pour chiens ou chats permettant de les aider \u00e0 retrouver\u00a0leur tonus, leur\u00a0dynamisme, leur vitalit\u00e9.<\/p>\n<p>Les comprim\u00e9s Fortiphytol\u00a0sont formul\u00e9s \u00e0 base de gel\u00e9e royale, de ginseng, d&#8217;ac\u00e9rola et de guarana qui stimulent\u00a0les d\u00e9fenses immunitaires.<\/p>\n","protected":false},"featured_media":1006299,"template":"","meta":[],"product_cat":[12551,12552,2738,2697,2698,15481,15482],"product_tag":[],"class_list":{"0":"post-33680","1":"product","2":"type-product","3":"status-publish","4":"has-post-thumbnail","6":"product_cat-alimentation-du-chat","7":"product_cat-alimentation-du-chien","8":"product_cat-aliments-complementaires-pour-chien","9":"product_cat-chat","10":"product_cat-chien","11":"product_cat-convalescence-du-chat","12":"product_cat-convalescence-du-chien","13":"pa_marque-greenvet","15":"first","16":"instock","17":"taxable","18":"shipping-taxable","19":"purchasable","20":"product-type-simple"},"yoast_head":"<!-- This site is optimized with the Yoast SEO plugin v27.3 - https:\/\/yoast.com\/product\/yoast-seo-wordpress\/ -->\n<title>Fortiphytol sp\u00e9cial tonus Greenvet - V\u00e9torino<\/title>\n<meta name=\"description\" content=\"Fortiphytol est un compl\u00e9ment alimentaire\u00a0pour chiens ou chats permettant de les aider \u00e0 retrouver\u00a0leur tonus, leur\u00a0dynamisme, leur vitalit\u00e9.  Les comprim\u00e9s Fortiphytol\u00a0sont formul\u00e9s \u00e0 base de gel\u00e9e royale, de ginseng, d&#039;ac\u00e9rola et de guarana qui stimulent\u00a0les d\u00e9fenses immunitaires.\" \/>\n<meta name=\"robots\" content=\"noindex, nofollow\" \/>\n<meta property=\"og:locale\" content=\"fr_FR\" \/>\n<meta property=\"og:type\" content=\"article\" \/>\n<meta property=\"og:title\" content=\"Fortiphytol sp\u00e9cial tonus Greenvet - V\u00e9torino\" \/>\n<meta property=\"og:description\" content=\"Fortiphytol est un compl\u00e9ment alimentaire\u00a0pour chiens ou chats permettant de les aider \u00e0 retrouver\u00a0leur tonus, leur\u00a0dynamisme, leur vitalit\u00e9.  Les comprim\u00e9s Fortiphytol\u00a0sont formul\u00e9s \u00e0 base de gel\u00e9e royale, de ginseng, d&#039;ac\u00e9rola et de guarana qui stimulent\u00a0les d\u00e9fenses immunitaires.\" \/>\n<meta property=\"og:url\" content=\"https:\/\/www.vetorino.com\/veterinaire\/landos-43340\/boutique\/product\/fortiphytol\/\" \/>\n<meta property=\"og:site_name\" content=\"V\u00e9torino\" \/>\n<meta property=\"article:publisher\" content=\"https:\/\/www.facebook.com\/Vetorino\/\" \/>\n<meta property=\"article:modified_time\" content=\"2025-02-21T15:53:01+00:00\" \/>\n<meta property=\"og:image\" content=\"https:\/\/www.vetorino.com\/boutique\/wp-content\/uploads\/2020\/03\/Fortiphytol-e1682684393337-800x748-1.webp\" \/>\n\t<meta property=\"og:image:width\" content=\"800\" \/>\n\t<meta property=\"og:image:height\" content=\"748\" \/>\n\t<meta property=\"og:image:type\" content=\"image\/webp\" \/>\n<meta name=\"twitter:card\" content=\"summary_large_image\" \/>\n<meta name=\"twitter:label1\" content=\"Prix\" \/>\n\t<meta name=\"twitter:data1\" content=\"18,06&euro;\" \/>\n\t<meta name=\"twitter:label2\" content=\"Disponibilit\u00e9\" \/>\n\t<meta name=\"twitter:data2\" content=\"En stock\" \/>\n<script type=\"application\/ld+json\" class=\"yoast-schema-graph\">{\"@context\":\"https:\\\/\\\/schema.org\",\"@graph\":[{\"@type\":\"WebPage\",\"@id\":\"https:\\\/\\\/www.vetorino.com\\\/boutique\\\/product\\\/fortiphytol\\\/\",\"url\":\"https:\\\/\\\/www.vetorino.com\\\/boutique\\\/product\\\/fortiphytol\\\/\",\"name\":\"Fortiphytol sp\u00e9cial tonus Greenvet - V\u00e9torino\",\"isPartOf\":{\"@id\":\"https:\\\/\\\/www.vetorino.com\\\/boutique\\\/#website\"},\"primaryImageOfPage\":{\"@id\":\"https:\\\/\\\/www.vetorino.com\\\/boutique\\\/product\\\/fortiphytol\\\/#primaryimage\"},\"image\":{\"@id\":\"https:\\\/\\\/www.vetorino.com\\\/boutique\\\/product\\\/fortiphytol\\\/#primaryimage\"},\"thumbnailUrl\":\"https:\\\/\\\/www.vetorino.com\\\/boutique\\\/wp-content\\\/uploads\\\/2020\\\/03\\\/Fortiphytol-e1682684393337-800x748-1.webp\",\"datePublished\":\"2020-03-04T20:58:07+00:00\",\"dateModified\":\"2025-02-21T15:53:01+00:00\",\"description\":\"Fortiphytol est un compl\u00e9ment alimentaire\u00a0pour chiens ou chats permettant de les aider \u00e0 retrouver\u00a0leur tonus, leur\u00a0dynamisme, leur vitalit\u00e9. Les comprim\u00e9s Fortiphytol\u00a0sont formul\u00e9s \u00e0 base de gel\u00e9e royale, de ginseng, d'ac\u00e9rola et de guarana qui stimulent\u00a0les d\u00e9fenses immunitaires.\",\"breadcrumb\":{\"@id\":\"https:\\\/\\\/www.vetorino.com\\\/boutique\\\/product\\\/fortiphytol\\\/#breadcrumb\"},\"inLanguage\":\"fr-FR\",\"potentialAction\":[{\"@type\":\"ReadAction\",\"target\":[\"https:\\\/\\\/www.vetorino.com\\\/boutique\\\/product\\\/fortiphytol\\\/\"]}]},{\"@type\":\"ImageObject\",\"inLanguage\":\"fr-FR\",\"@id\":\"https:\\\/\\\/www.vetorino.com\\\/boutique\\\/product\\\/fortiphytol\\\/#primaryimage\",\"url\":\"https:\\\/\\\/www.vetorino.com\\\/boutique\\\/wp-content\\\/uploads\\\/2020\\\/03\\\/Fortiphytol-e1682684393337-800x748-1.webp\",\"contentUrl\":\"https:\\\/\\\/www.vetorino.com\\\/boutique\\\/wp-content\\\/uploads\\\/2020\\\/03\\\/Fortiphytol-e1682684393337-800x748-1.webp\",\"width\":800,\"height\":748},{\"@type\":\"BreadcrumbList\",\"@id\":\"https:\\\/\\\/www.vetorino.com\\\/boutique\\\/product\\\/fortiphytol\\\/#breadcrumb\",\"itemListElement\":[{\"@type\":\"ListItem\",\"position\":1,\"name\":\"Accueil\",\"item\":\"https:\\\/\\\/www.vetorino.com\\\/boutique\\\/\"},{\"@type\":\"ListItem\",\"position\":2,\"name\":\"Produits\",\"item\":\"https:\\\/\\\/www.vetorino.com\\\/boutique\\\/\"},{\"@type\":\"ListItem\",\"position\":3,\"name\":\"Fortiphytol sp\u00e9cial tonus\"}]},{\"@type\":\"WebSite\",\"@id\":\"https:\\\/\\\/www.vetorino.com\\\/boutique\\\/#website\",\"url\":\"https:\\\/\\\/www.vetorino.com\\\/boutique\\\/\",\"name\":\"V\u00e9torino\",\"description\":\"\",\"publisher\":{\"@id\":\"https:\\\/\\\/www.vetorino.com\\\/boutique\\\/#organization\"},\"potentialAction\":[{\"@type\":\"SearchAction\",\"target\":{\"@type\":\"EntryPoint\",\"urlTemplate\":\"https:\\\/\\\/www.vetorino.com\\\/boutique\\\/?s={search_term_string}\"},\"query-input\":{\"@type\":\"PropertyValueSpecification\",\"valueRequired\":true,\"valueName\":\"search_term_string\"}}],\"inLanguage\":\"fr-FR\"},{\"@type\":\"Organization\",\"@id\":\"https:\\\/\\\/www.vetorino.com\\\/boutique\\\/#organization\",\"name\":\"V\u00e9torino\",\"url\":\"https:\\\/\\\/www.vetorino.com\\\/boutique\\\/\",\"logo\":{\"@type\":\"ImageObject\",\"inLanguage\":\"fr-FR\",\"@id\":\"https:\\\/\\\/www.vetorino.com\\\/boutique\\\/#\\\/schema\\\/logo\\\/image\\\/\",\"url\":\"https:\\\/\\\/www.vetorino.com\\\/boutique\\\/wp-content\\\/uploads\\\/2024\\\/10\\\/logo.jpg\",\"contentUrl\":\"https:\\\/\\\/www.vetorino.com\\\/boutique\\\/wp-content\\\/uploads\\\/2024\\\/10\\\/logo.jpg\",\"width\":1200,\"height\":610,\"caption\":\"V\u00e9torino\"},\"image\":{\"@id\":\"https:\\\/\\\/www.vetorino.com\\\/boutique\\\/#\\\/schema\\\/logo\\\/image\\\/\"},\"sameAs\":[\"https:\\\/\\\/www.facebook.com\\\/Vetorino\\\/\",\"https:\\\/\\\/www.instagram.com\\\/vetorino_off\\\/\",\"https:\\\/\\\/www.linkedin.com\\\/company\\\/vtorino\\\/\"]}]}<\/script>\n<meta property=\"product:brand\" content=\"Greenvet\" \/>\n<meta property=\"product:price:amount\" content=\"18.06\" \/>\n<meta property=\"product:price:currency\" content=\"EUR\" \/>\n<meta property=\"og:availability\" content=\"instock\" \/>\n<meta property=\"product:availability\" content=\"instock\" \/>\n<meta property=\"product:retailer_item_id\" content=\"A-1819390\" \/>\n<meta property=\"product:condition\" content=\"new\" \/>\n<!-- \/ Yoast SEO plugin. -->","yoast_head_json":{"title":"Fortiphytol sp\u00e9cial tonus Greenvet - V\u00e9torino","description":"Fortiphytol est un compl\u00e9ment alimentaire\u00a0pour chiens ou chats permettant de les aider \u00e0 retrouver\u00a0leur tonus, leur\u00a0dynamisme, leur vitalit\u00e9.  Les comprim\u00e9s Fortiphytol\u00a0sont formul\u00e9s \u00e0 base de gel\u00e9e royale, de ginseng, d'ac\u00e9rola et de guarana qui stimulent\u00a0les d\u00e9fenses immunitaires.","robots":{"index":"noindex","follow":"nofollow"},"og_locale":"fr_FR","og_type":"article","og_title":"Fortiphytol sp\u00e9cial tonus Greenvet - V\u00e9torino","og_description":"Fortiphytol est un compl\u00e9ment alimentaire\u00a0pour chiens ou chats permettant de les aider \u00e0 retrouver\u00a0leur tonus, leur\u00a0dynamisme, leur vitalit\u00e9.  Les comprim\u00e9s Fortiphytol\u00a0sont formul\u00e9s \u00e0 base de gel\u00e9e royale, de ginseng, d'ac\u00e9rola et de guarana qui stimulent\u00a0les d\u00e9fenses immunitaires.","og_url":"https:\/\/www.vetorino.com\/veterinaire\/landos-43340\/boutique\/product\/fortiphytol\/","og_site_name":"V\u00e9torino","article_publisher":"https:\/\/www.facebook.com\/Vetorino\/","article_modified_time":"2025-02-21T15:53:01+00:00","og_image":[{"width":800,"height":748,"url":"https:\/\/www.vetorino.com\/boutique\/wp-content\/uploads\/2020\/03\/Fortiphytol-e1682684393337-800x748-1.webp","type":"image\/webp"}],"twitter_card":"summary_large_image","twitter_misc":{"Prix":"18,06&euro;","Disponibilit\u00e9":"En stock"},"schema":{"@context":"https:\/\/schema.org","@graph":[{"@type":"WebPage","@id":"https:\/\/www.vetorino.com\/boutique\/product\/fortiphytol\/","url":"https:\/\/www.vetorino.com\/boutique\/product\/fortiphytol\/","name":"Fortiphytol sp\u00e9cial tonus Greenvet - V\u00e9torino","isPartOf":{"@id":"https:\/\/www.vetorino.com\/boutique\/#website"},"primaryImageOfPage":{"@id":"https:\/\/www.vetorino.com\/boutique\/product\/fortiphytol\/#primaryimage"},"image":{"@id":"https:\/\/www.vetorino.com\/boutique\/product\/fortiphytol\/#primaryimage"},"thumbnailUrl":"https:\/\/www.vetorino.com\/boutique\/wp-content\/uploads\/2020\/03\/Fortiphytol-e1682684393337-800x748-1.webp","datePublished":"2020-03-04T20:58:07+00:00","dateModified":"2025-02-21T15:53:01+00:00","description":"Fortiphytol est un compl\u00e9ment alimentaire\u00a0pour chiens ou chats permettant de les aider \u00e0 retrouver\u00a0leur tonus, leur\u00a0dynamisme, leur vitalit\u00e9. Les comprim\u00e9s Fortiphytol\u00a0sont formul\u00e9s \u00e0 base de gel\u00e9e royale, de ginseng, d'ac\u00e9rola et de guarana qui stimulent\u00a0les d\u00e9fenses immunitaires.","breadcrumb":{"@id":"https:\/\/www.vetorino.com\/boutique\/product\/fortiphytol\/#breadcrumb"},"inLanguage":"fr-FR","potentialAction":[{"@type":"ReadAction","target":["https:\/\/www.vetorino.com\/boutique\/product\/fortiphytol\/"]}]},{"@type":"ImageObject","inLanguage":"fr-FR","@id":"https:\/\/www.vetorino.com\/boutique\/product\/fortiphytol\/#primaryimage","url":"https:\/\/www.vetorino.com\/boutique\/wp-content\/uploads\/2020\/03\/Fortiphytol-e1682684393337-800x748-1.webp","contentUrl":"https:\/\/www.vetorino.com\/boutique\/wp-content\/uploads\/2020\/03\/Fortiphytol-e1682684393337-800x748-1.webp","width":800,"height":748},{"@type":"BreadcrumbList","@id":"https:\/\/www.vetorino.com\/boutique\/product\/fortiphytol\/#breadcrumb","itemListElement":[{"@type":"ListItem","position":1,"name":"Accueil","item":"https:\/\/www.vetorino.com\/boutique\/"},{"@type":"ListItem","position":2,"name":"Produits","item":"https:\/\/www.vetorino.com\/boutique\/"},{"@type":"ListItem","position":3,"name":"Fortiphytol sp\u00e9cial tonus"}]},{"@type":"WebSite","@id":"https:\/\/www.vetorino.com\/boutique\/#website","url":"https:\/\/www.vetorino.com\/boutique\/","name":"V\u00e9torino","description":"","publisher":{"@id":"https:\/\/www.vetorino.com\/boutique\/#organization"},"potentialAction":[{"@type":"SearchAction","target":{"@type":"EntryPoint","urlTemplate":"https:\/\/www.vetorino.com\/boutique\/?s={search_term_string}"},"query-input":{"@type":"PropertyValueSpecification","valueRequired":true,"valueName":"search_term_string"}}],"inLanguage":"fr-FR"},{"@type":"Organization","@id":"https:\/\/www.vetorino.com\/boutique\/#organization","name":"V\u00e9torino","url":"https:\/\/www.vetorino.com\/boutique\/","logo":{"@type":"ImageObject","inLanguage":"fr-FR","@id":"https:\/\/www.vetorino.com\/boutique\/#\/schema\/logo\/image\/","url":"https:\/\/www.vetorino.com\/boutique\/wp-content\/uploads\/2024\/10\/logo.jpg","contentUrl":"https:\/\/www.vetorino.com\/boutique\/wp-content\/uploads\/2024\/10\/logo.jpg","width":1200,"height":610,"caption":"V\u00e9torino"},"image":{"@id":"https:\/\/www.vetorino.com\/boutique\/#\/schema\/logo\/image\/"},"sameAs":["https:\/\/www.facebook.com\/Vetorino\/","https:\/\/www.instagram.com\/vetorino_off\/","https:\/\/www.linkedin.com\/company\/vtorino\/"]}]},"product_brand":"Greenvet","product_price_amount":"18.06","product_price_currency":"EUR","og_availability":"instock","product_availability":"instock","product_retailer_item_id":"A-1819390","product_condition":"new"},"_links":{"self":[{"href":"https:\/\/www.vetorino.com\/veterinaire\/landos-43340\/boutique\/wp-json\/wp\/v2\/product\/33680","targetHints":{"allow":["GET"]}}],"collection":[{"href":"https:\/\/www.vetorino.com\/veterinaire\/landos-43340\/boutique\/wp-json\/wp\/v2\/product"}],"about":[{"href":"https:\/\/www.vetorino.com\/veterinaire\/landos-43340\/boutique\/wp-json\/wp\/v2\/types\/product"}],"wp:featuredmedia":[{"embeddable":true,"href":"https:\/\/www.vetorino.com\/veterinaire\/landos-43340\/boutique\/wp-json\/wp\/v2\/media\/1006299"}],"wp:attachment":[{"href":"https:\/\/www.vetorino.com\/veterinaire\/landos-43340\/boutique\/wp-json\/wp\/v2\/media?parent=33680"}],"wp:term":[{"taxonomy":"product_cat","embeddable":true,"href":"https:\/\/www.vetorino.com\/veterinaire\/landos-43340\/boutique\/wp-json\/wp\/v2\/product_cat?post=33680"},{"taxonomy":"product_tag","embeddable":true,"href":"https:\/\/www.vetorino.com\/veterinaire\/landos-43340\/boutique\/wp-json\/wp\/v2\/product_tag?post=33680"}],"curies":[{"name":"wp","href":"https:\/\/api.w.org\/{rel}","templated":true}]}}