{"id":33701,"date":"2020-03-04T21:58:15","date_gmt":"2020-03-04T20:58:15","guid":{"rendered":"https:\/\/www.vetorino.com\/boutique\/product\/jouet-extrem-flyer\/"},"modified":"2022-10-24T15:11:15","modified_gmt":"2022-10-24T13:11:15","slug":"jouet-extrem-flyer","status":"publish","type":"product","link":"https:\/\/www.vetorino.com\/veterinaire\/landos-43340\/boutique\/product\/jouet-extrem-flyer\/","title":{"rendered":"Frisbee EXTREME FLYER Chien"},"content":{"rendered":"<p>Le\u00a0<strong>KONG Extreme Flyer<\/strong>\u00a0est r\u00e9alis\u00e9 \u00e0 partir de notre caoutchouc Extreme ultra-r\u00e9sistant capable de supporter les sollicitations vigoureuses des chiens, m\u00eame des plus enthousiastes. Suffisamment souple pour \u00eatre pli\u00e9 et transport\u00e9 facilement mais assez rigide pour voler, l\u2019<strong>Extreme Flyer<\/strong>\u00a0est parfait pour les chiens actifs.<\/p>\n<ul>\n<li>R\u00e9alis\u00e9 \u00e0 partir de notre caoutchouc KONG Extreme ultra-r\u00e9sistant<\/li>\n<li>Le frisbee parfait pour jouer \u00e0 rapporter<\/li>\n<li>Doux pour les dents et les gencives de votre chien<\/li>\n<li>Ne pas utiliser comme jouet \u00e0 m\u00e2cher<\/li>\n<li>Fabriqu\u00e9 aux \u00c9tats-Unis<\/li>\n<li>Disponible en une seule taille : Grand<\/li>\n<\/ul>\n<p><strong>Attention :\u00a0<\/strong>veuillez toujours surveiller votre animal lorsqu&#8217;il s&#8217;amuse avec un jouet. Bien v\u00e9rifier que le jouet n\u2019est pas ab\u00eem\u00e9 ou que des petits morceaux n\u2019ont pas \u00e9t\u00e9 arrach\u00e9s. Si le jouet est endommag\u00e9, mettez-le aussit\u00f4t hors de port\u00e9e de votre animal. Nous vous conseillons fortement de remplacer imm\u00e9diatement le jouet afin d&#8217;\u00e9viter toute blessure.<\/p>\n","protected":false},"excerpt":{"rendered":"<div id=\"description\" class=\"data item content\" role=\"tabpanel\" data-role=\"content\" aria-labelledby=\"tab-label-description\" aria-hidden=\"false\">\n<div class=\"product attribute description\">\n<div class=\"value\">Le Kong Extreme Flyer est r\u00e9alis\u00e9 \u00e0 partir de notre caoutchouc Extreme ultra-r\u00e9sistant capable de supporter les sollicitations vigoureuses des chiens, m\u00eame des plus enthousiastes.<\/div>\n<div class=\"value\">Suffisamment souple pour \u00eatre pli\u00e9 et transport\u00e9 facilement mais assez rigide pour voler, l&#8217;Extreme Flyer est parfait pour les chiens actifs.<\/div>\n<\/div>\n<\/div>\n<div id=\"tab-label-additional\" class=\"data item title active\" tabindex=\"0\" role=\"tab\" aria-labeledby=\"tab-label-additional-title\" data-role=\"collapsible\" data-collapsible=\"true\" aria-controls=\"additional\" aria-selected=\"false\" aria-expanded=\"true\"><\/div>\n","protected":false},"featured_media":481125,"template":"","meta":[],"product_cat":[12550,2698,2800,12621],"product_tag":[],"class_list":{"0":"post-33701","1":"product","2":"type-product","3":"status-publish","4":"has-post-thumbnail","6":"product_cat-accessoires-du-chien","7":"product_cat-chien","8":"product_cat-frisbees-pour-chien","9":"product_cat-jeux-educatifs-pour-chien","10":"pa_marque-kong","12":"first","13":"instock","14":"taxable","15":"shipping-taxable","16":"purchasable","17":"product-type-simple"},"yoast_head":"<!-- This site is optimized with the Yoast SEO plugin v27.3 - https:\/\/yoast.com\/product\/yoast-seo-wordpress\/ -->\n<title>Frisbee EXTREME FLYER Chien Kong - V\u00e9torino<\/title>\n<meta name=\"description\" content=\"Le Kong Extreme Flyer est r\u00e9alis\u00e9 \u00e0 partir de notre caoutchouc Extreme ultra-r\u00e9sistant capable de supporter les sollicitations vigoureuses des chiens, m\u00eame des plus enthousiastes. Suffisamment souple pour \u00eatre pli\u00e9 et transport\u00e9 facilement mais assez rigide pour voler, l&#039;Extreme Flyer est parfait pour les chiens actifs.\" \/>\n<meta name=\"robots\" content=\"noindex, nofollow\" \/>\n<meta property=\"og:locale\" content=\"fr_FR\" \/>\n<meta property=\"og:type\" content=\"article\" \/>\n<meta property=\"og:title\" content=\"Frisbee EXTREME FLYER Chien Kong - V\u00e9torino\" \/>\n<meta property=\"og:description\" content=\"Le Kong Extreme Flyer est r\u00e9alis\u00e9 \u00e0 partir de notre caoutchouc Extreme ultra-r\u00e9sistant capable de supporter les sollicitations vigoureuses des chiens, m\u00eame des plus enthousiastes. Suffisamment souple pour \u00eatre pli\u00e9 et transport\u00e9 facilement mais assez rigide pour voler, l&#039;Extreme Flyer est parfait pour les chiens actifs.\" \/>\n<meta property=\"og:url\" content=\"https:\/\/www.vetorino.com\/veterinaire\/landos-43340\/boutique\/product\/jouet-extrem-flyer\/\" \/>\n<meta property=\"og:site_name\" content=\"V\u00e9torino\" \/>\n<meta property=\"article:publisher\" content=\"https:\/\/www.facebook.com\/Vetorino\/\" \/>\n<meta property=\"article:modified_time\" content=\"2022-10-24T13:11:15+00:00\" \/>\n<meta property=\"og:image\" content=\"https:\/\/www.vetorino.com\/boutique\/wp-content\/uploads\/2020\/03\/209057_pla_kong_extreme_flyer_black_hs_01_8.jpg\" \/>\n\t<meta property=\"og:image:width\" content=\"400\" \/>\n\t<meta property=\"og:image:height\" content=\"400\" \/>\n\t<meta property=\"og:image:type\" content=\"image\/jpeg\" \/>\n<meta name=\"twitter:card\" content=\"summary_large_image\" \/>\n<meta name=\"twitter:label1\" content=\"Prix\" \/>\n\t<meta name=\"twitter:data1\" content=\"16,64&euro;\" \/>\n\t<meta name=\"twitter:label2\" content=\"Disponibilit\u00e9\" \/>\n\t<meta name=\"twitter:data2\" content=\"En stock\" \/>\n<script type=\"application\/ld+json\" class=\"yoast-schema-graph\">{\"@context\":\"https:\\\/\\\/schema.org\",\"@graph\":[{\"@type\":\"WebPage\",\"@id\":\"https:\\\/\\\/www.vetorino.com\\\/boutique\\\/product\\\/jouet-extrem-flyer\\\/\",\"url\":\"https:\\\/\\\/www.vetorino.com\\\/boutique\\\/product\\\/jouet-extrem-flyer\\\/\",\"name\":\"Frisbee EXTREME FLYER Chien Kong - V\u00e9torino\",\"isPartOf\":{\"@id\":\"https:\\\/\\\/www.vetorino.com\\\/boutique\\\/#website\"},\"primaryImageOfPage\":{\"@id\":\"https:\\\/\\\/www.vetorino.com\\\/boutique\\\/product\\\/jouet-extrem-flyer\\\/#primaryimage\"},\"image\":{\"@id\":\"https:\\\/\\\/www.vetorino.com\\\/boutique\\\/product\\\/jouet-extrem-flyer\\\/#primaryimage\"},\"thumbnailUrl\":\"https:\\\/\\\/www.vetorino.com\\\/boutique\\\/wp-content\\\/uploads\\\/2020\\\/03\\\/209057_pla_kong_extreme_flyer_black_hs_01_8.jpg\",\"datePublished\":\"2020-03-04T20:58:15+00:00\",\"dateModified\":\"2022-10-24T13:11:15+00:00\",\"description\":\"Le Kong Extreme Flyer est r\u00e9alis\u00e9 \u00e0 partir de notre caoutchouc Extreme ultra-r\u00e9sistant capable de supporter les sollicitations vigoureuses des chiens, m\u00eame des plus enthousiastes. Suffisamment souple pour \u00eatre pli\u00e9 et transport\u00e9 facilement mais assez rigide pour voler, l'Extreme Flyer est parfait pour les chiens actifs.\",\"breadcrumb\":{\"@id\":\"https:\\\/\\\/www.vetorino.com\\\/boutique\\\/product\\\/jouet-extrem-flyer\\\/#breadcrumb\"},\"inLanguage\":\"fr-FR\",\"potentialAction\":[{\"@type\":\"ReadAction\",\"target\":[\"https:\\\/\\\/www.vetorino.com\\\/boutique\\\/product\\\/jouet-extrem-flyer\\\/\"]}]},{\"@type\":\"ImageObject\",\"inLanguage\":\"fr-FR\",\"@id\":\"https:\\\/\\\/www.vetorino.com\\\/boutique\\\/product\\\/jouet-extrem-flyer\\\/#primaryimage\",\"url\":\"https:\\\/\\\/www.vetorino.com\\\/boutique\\\/wp-content\\\/uploads\\\/2020\\\/03\\\/209057_pla_kong_extreme_flyer_black_hs_01_8.jpg\",\"contentUrl\":\"https:\\\/\\\/www.vetorino.com\\\/boutique\\\/wp-content\\\/uploads\\\/2020\\\/03\\\/209057_pla_kong_extreme_flyer_black_hs_01_8.jpg\",\"width\":400,\"height\":400,\"caption\":\"kong extreme flyer hund\"},{\"@type\":\"BreadcrumbList\",\"@id\":\"https:\\\/\\\/www.vetorino.com\\\/boutique\\\/product\\\/jouet-extrem-flyer\\\/#breadcrumb\",\"itemListElement\":[{\"@type\":\"ListItem\",\"position\":1,\"name\":\"Accueil\",\"item\":\"https:\\\/\\\/www.vetorino.com\\\/boutique\\\/\"},{\"@type\":\"ListItem\",\"position\":2,\"name\":\"Produits\",\"item\":\"https:\\\/\\\/www.vetorino.com\\\/boutique\\\/\"},{\"@type\":\"ListItem\",\"position\":3,\"name\":\"Frisbee EXTREME FLYER Chien\"}]},{\"@type\":\"WebSite\",\"@id\":\"https:\\\/\\\/www.vetorino.com\\\/boutique\\\/#website\",\"url\":\"https:\\\/\\\/www.vetorino.com\\\/boutique\\\/\",\"name\":\"V\u00e9torino\",\"description\":\"\",\"publisher\":{\"@id\":\"https:\\\/\\\/www.vetorino.com\\\/boutique\\\/#organization\"},\"potentialAction\":[{\"@type\":\"SearchAction\",\"target\":{\"@type\":\"EntryPoint\",\"urlTemplate\":\"https:\\\/\\\/www.vetorino.com\\\/boutique\\\/?s={search_term_string}\"},\"query-input\":{\"@type\":\"PropertyValueSpecification\",\"valueRequired\":true,\"valueName\":\"search_term_string\"}}],\"inLanguage\":\"fr-FR\"},{\"@type\":\"Organization\",\"@id\":\"https:\\\/\\\/www.vetorino.com\\\/boutique\\\/#organization\",\"name\":\"V\u00e9torino\",\"url\":\"https:\\\/\\\/www.vetorino.com\\\/boutique\\\/\",\"logo\":{\"@type\":\"ImageObject\",\"inLanguage\":\"fr-FR\",\"@id\":\"https:\\\/\\\/www.vetorino.com\\\/boutique\\\/#\\\/schema\\\/logo\\\/image\\\/\",\"url\":\"https:\\\/\\\/www.vetorino.com\\\/boutique\\\/wp-content\\\/uploads\\\/2024\\\/10\\\/logo.jpg\",\"contentUrl\":\"https:\\\/\\\/www.vetorino.com\\\/boutique\\\/wp-content\\\/uploads\\\/2024\\\/10\\\/logo.jpg\",\"width\":1200,\"height\":610,\"caption\":\"V\u00e9torino\"},\"image\":{\"@id\":\"https:\\\/\\\/www.vetorino.com\\\/boutique\\\/#\\\/schema\\\/logo\\\/image\\\/\"},\"sameAs\":[\"https:\\\/\\\/www.facebook.com\\\/Vetorino\\\/\",\"https:\\\/\\\/www.instagram.com\\\/vetorino_off\\\/\",\"https:\\\/\\\/www.linkedin.com\\\/company\\\/vtorino\\\/\"]}]}<\/script>\n<meta property=\"product:brand\" content=\"Kong\" \/>\n<meta property=\"product:price:amount\" content=\"16.64\" \/>\n<meta property=\"product:price:currency\" content=\"EUR\" \/>\n<meta property=\"og:availability\" content=\"instock\" \/>\n<meta property=\"product:availability\" content=\"instock\" \/>\n<meta property=\"product:retailer_item_id\" content=\"A-1060210\" \/>\n<meta property=\"product:condition\" content=\"new\" \/>\n<!-- \/ Yoast SEO plugin. -->","yoast_head_json":{"title":"Frisbee EXTREME FLYER Chien Kong - V\u00e9torino","description":"Le Kong Extreme Flyer est r\u00e9alis\u00e9 \u00e0 partir de notre caoutchouc Extreme ultra-r\u00e9sistant capable de supporter les sollicitations vigoureuses des chiens, m\u00eame des plus enthousiastes. Suffisamment souple pour \u00eatre pli\u00e9 et transport\u00e9 facilement mais assez rigide pour voler, l'Extreme Flyer est parfait pour les chiens actifs.","robots":{"index":"noindex","follow":"nofollow"},"og_locale":"fr_FR","og_type":"article","og_title":"Frisbee EXTREME FLYER Chien Kong - V\u00e9torino","og_description":"Le Kong Extreme Flyer est r\u00e9alis\u00e9 \u00e0 partir de notre caoutchouc Extreme ultra-r\u00e9sistant capable de supporter les sollicitations vigoureuses des chiens, m\u00eame des plus enthousiastes. Suffisamment souple pour \u00eatre pli\u00e9 et transport\u00e9 facilement mais assez rigide pour voler, l'Extreme Flyer est parfait pour les chiens actifs.","og_url":"https:\/\/www.vetorino.com\/veterinaire\/landos-43340\/boutique\/product\/jouet-extrem-flyer\/","og_site_name":"V\u00e9torino","article_publisher":"https:\/\/www.facebook.com\/Vetorino\/","article_modified_time":"2022-10-24T13:11:15+00:00","og_image":[{"width":400,"height":400,"url":"https:\/\/www.vetorino.com\/boutique\/wp-content\/uploads\/2020\/03\/209057_pla_kong_extreme_flyer_black_hs_01_8.jpg","type":"image\/jpeg"}],"twitter_card":"summary_large_image","twitter_misc":{"Prix":"16,64&euro;","Disponibilit\u00e9":"En stock"},"schema":{"@context":"https:\/\/schema.org","@graph":[{"@type":"WebPage","@id":"https:\/\/www.vetorino.com\/boutique\/product\/jouet-extrem-flyer\/","url":"https:\/\/www.vetorino.com\/boutique\/product\/jouet-extrem-flyer\/","name":"Frisbee EXTREME FLYER Chien Kong - V\u00e9torino","isPartOf":{"@id":"https:\/\/www.vetorino.com\/boutique\/#website"},"primaryImageOfPage":{"@id":"https:\/\/www.vetorino.com\/boutique\/product\/jouet-extrem-flyer\/#primaryimage"},"image":{"@id":"https:\/\/www.vetorino.com\/boutique\/product\/jouet-extrem-flyer\/#primaryimage"},"thumbnailUrl":"https:\/\/www.vetorino.com\/boutique\/wp-content\/uploads\/2020\/03\/209057_pla_kong_extreme_flyer_black_hs_01_8.jpg","datePublished":"2020-03-04T20:58:15+00:00","dateModified":"2022-10-24T13:11:15+00:00","description":"Le Kong Extreme Flyer est r\u00e9alis\u00e9 \u00e0 partir de notre caoutchouc Extreme ultra-r\u00e9sistant capable de supporter les sollicitations vigoureuses des chiens, m\u00eame des plus enthousiastes. Suffisamment souple pour \u00eatre pli\u00e9 et transport\u00e9 facilement mais assez rigide pour voler, l'Extreme Flyer est parfait pour les chiens actifs.","breadcrumb":{"@id":"https:\/\/www.vetorino.com\/boutique\/product\/jouet-extrem-flyer\/#breadcrumb"},"inLanguage":"fr-FR","potentialAction":[{"@type":"ReadAction","target":["https:\/\/www.vetorino.com\/boutique\/product\/jouet-extrem-flyer\/"]}]},{"@type":"ImageObject","inLanguage":"fr-FR","@id":"https:\/\/www.vetorino.com\/boutique\/product\/jouet-extrem-flyer\/#primaryimage","url":"https:\/\/www.vetorino.com\/boutique\/wp-content\/uploads\/2020\/03\/209057_pla_kong_extreme_flyer_black_hs_01_8.jpg","contentUrl":"https:\/\/www.vetorino.com\/boutique\/wp-content\/uploads\/2020\/03\/209057_pla_kong_extreme_flyer_black_hs_01_8.jpg","width":400,"height":400,"caption":"kong extreme flyer hund"},{"@type":"BreadcrumbList","@id":"https:\/\/www.vetorino.com\/boutique\/product\/jouet-extrem-flyer\/#breadcrumb","itemListElement":[{"@type":"ListItem","position":1,"name":"Accueil","item":"https:\/\/www.vetorino.com\/boutique\/"},{"@type":"ListItem","position":2,"name":"Produits","item":"https:\/\/www.vetorino.com\/boutique\/"},{"@type":"ListItem","position":3,"name":"Frisbee EXTREME FLYER Chien"}]},{"@type":"WebSite","@id":"https:\/\/www.vetorino.com\/boutique\/#website","url":"https:\/\/www.vetorino.com\/boutique\/","name":"V\u00e9torino","description":"","publisher":{"@id":"https:\/\/www.vetorino.com\/boutique\/#organization"},"potentialAction":[{"@type":"SearchAction","target":{"@type":"EntryPoint","urlTemplate":"https:\/\/www.vetorino.com\/boutique\/?s={search_term_string}"},"query-input":{"@type":"PropertyValueSpecification","valueRequired":true,"valueName":"search_term_string"}}],"inLanguage":"fr-FR"},{"@type":"Organization","@id":"https:\/\/www.vetorino.com\/boutique\/#organization","name":"V\u00e9torino","url":"https:\/\/www.vetorino.com\/boutique\/","logo":{"@type":"ImageObject","inLanguage":"fr-FR","@id":"https:\/\/www.vetorino.com\/boutique\/#\/schema\/logo\/image\/","url":"https:\/\/www.vetorino.com\/boutique\/wp-content\/uploads\/2024\/10\/logo.jpg","contentUrl":"https:\/\/www.vetorino.com\/boutique\/wp-content\/uploads\/2024\/10\/logo.jpg","width":1200,"height":610,"caption":"V\u00e9torino"},"image":{"@id":"https:\/\/www.vetorino.com\/boutique\/#\/schema\/logo\/image\/"},"sameAs":["https:\/\/www.facebook.com\/Vetorino\/","https:\/\/www.instagram.com\/vetorino_off\/","https:\/\/www.linkedin.com\/company\/vtorino\/"]}]},"product_brand":"Kong","product_price_amount":"16.64","product_price_currency":"EUR","og_availability":"instock","product_availability":"instock","product_retailer_item_id":"A-1060210","product_condition":"new"},"_links":{"self":[{"href":"https:\/\/www.vetorino.com\/veterinaire\/landos-43340\/boutique\/wp-json\/wp\/v2\/product\/33701","targetHints":{"allow":["GET"]}}],"collection":[{"href":"https:\/\/www.vetorino.com\/veterinaire\/landos-43340\/boutique\/wp-json\/wp\/v2\/product"}],"about":[{"href":"https:\/\/www.vetorino.com\/veterinaire\/landos-43340\/boutique\/wp-json\/wp\/v2\/types\/product"}],"wp:featuredmedia":[{"embeddable":true,"href":"https:\/\/www.vetorino.com\/veterinaire\/landos-43340\/boutique\/wp-json\/wp\/v2\/media\/481125"}],"wp:attachment":[{"href":"https:\/\/www.vetorino.com\/veterinaire\/landos-43340\/boutique\/wp-json\/wp\/v2\/media?parent=33701"}],"wp:term":[{"taxonomy":"product_cat","embeddable":true,"href":"https:\/\/www.vetorino.com\/veterinaire\/landos-43340\/boutique\/wp-json\/wp\/v2\/product_cat?post=33701"},{"taxonomy":"product_tag","embeddable":true,"href":"https:\/\/www.vetorino.com\/veterinaire\/landos-43340\/boutique\/wp-json\/wp\/v2\/product_tag?post=33701"}],"curies":[{"name":"wp","href":"https:\/\/api.w.org\/{rel}","templated":true}]}}