{"id":34457,"date":"2020-03-04T22:02:17","date_gmt":"2020-03-04T21:02:17","guid":{"rendered":"https:\/\/www.vetorino.com\/boutique\/product\/jouet-kong-kickeroo\/"},"modified":"2025-03-07T16:49:55","modified_gmt":"2025-03-07T15:49:55","slug":"jouet-kong-kickeroo","status":"publish","type":"product","link":"https:\/\/www.vetorino.com\/veterinaire\/landos-43340\/boutique\/product\/jouet-kong-kickeroo\/","title":{"rendered":"Kong Kickeroo Pattern Girafe"},"content":{"rendered":"<p>Le jouet<strong> KONG Kickeroo<\/strong> Pattern encourage votre chat \u00e0 donner des coups de patte arri\u00e8re et favorise ainsi une activit\u00e9 b\u00e9n\u00e9fique pour la sant\u00e9 sollicitant tout le corps.<\/p>\n<ul>\n<li>La forme allong\u00e9e incite au\u00a0jeu\u00a0et aux coups de pattes arri\u00e8res.<\/li>\n<li>Le froissement et l&#8217;herbe \u00e0 chat rajoute de l\u2019int\u00e9r\u00eat et maintient les minous actifs.<\/li>\n<li>L\u2019herbe \u00e0 chat nord-am\u00e9ricaine KONG de premi\u00e8re qualit\u00e9 d\u00e9cuple le plaisir du jeu.<\/li>\n<li>Les instincts de chasse sont \u00e9veill\u00e9s par les mouvements de la queue virevoltante.<\/li>\n<li>Doux et moelleux.<\/li>\n<\/ul>\n<p>Caract\u00e9ristiques\u00a0Kong Kickeroo Pattern pour chat:<\/p>\n<ul>\n<li><strong>Mati\u00e8re: <\/strong>Tissu et peluche<\/li>\n<li><strong>Couleur: <\/strong>Marron motifs girafe<\/li>\n<li><strong>Taille:\u00a0<\/strong>29,2 x 6,4 x 8,9 cm<\/li>\n<\/ul>\n","protected":false},"excerpt":{"rendered":"<p>Le jouet<strong> KONG Kickeroo<\/strong> Pattern encourage votre chat \u00e0 donner des coups de patte arri\u00e8re et favorise ainsi une activit\u00e9 b\u00e9n\u00e9fique pour la sant\u00e9 sollicitant tout le corps.<\/p>\n","protected":false},"featured_media":832990,"template":"","meta":[],"product_cat":[12548,2697,12620,2774],"product_tag":[],"class_list":{"0":"post-34457","1":"product","2":"type-product","3":"status-publish","4":"has-post-thumbnail","6":"product_cat-accessoire-du-chat","7":"product_cat-chat","8":"product_cat-jeux-educatifs-pour-chat","9":"product_cat-souris-peluches-pour-chat","10":"pa_marque-kong","12":"first","13":"instock","14":"taxable","15":"shipping-taxable","16":"purchasable","17":"product-type-simple"},"yoast_head":"<!-- This site is optimized with the Yoast SEO plugin v27.3 - https:\/\/yoast.com\/product\/yoast-seo-wordpress\/ -->\n<title>Kong Kickeroo Pattern Girafe Kong - V\u00e9torino<\/title>\n<meta name=\"description\" content=\"Le jouet KONG Kickeroo Pattern encourage votre chat \u00e0 donner des coups de patte arri\u00e8re et favorise ainsi une activit\u00e9 b\u00e9n\u00e9fique pour la sant\u00e9 sollicitant tout le corps.\" \/>\n<meta name=\"robots\" content=\"noindex, nofollow\" \/>\n<meta property=\"og:locale\" content=\"fr_FR\" \/>\n<meta property=\"og:type\" content=\"article\" \/>\n<meta property=\"og:title\" content=\"Kong Kickeroo Pattern Girafe Kong - V\u00e9torino\" \/>\n<meta property=\"og:description\" content=\"Le jouet KONG Kickeroo Pattern encourage votre chat \u00e0 donner des coups de patte arri\u00e8re et favorise ainsi une activit\u00e9 b\u00e9n\u00e9fique pour la sant\u00e9 sollicitant tout le corps.\" \/>\n<meta property=\"og:url\" content=\"https:\/\/www.vetorino.com\/veterinaire\/landos-43340\/boutique\/product\/jouet-kong-kickeroo\/\" \/>\n<meta property=\"og:site_name\" content=\"V\u00e9torino\" \/>\n<meta property=\"article:publisher\" content=\"https:\/\/www.facebook.com\/Vetorino\/\" \/>\n<meta property=\"article:modified_time\" content=\"2025-03-07T15:49:55+00:00\" \/>\n<meta property=\"og:image\" content=\"https:\/\/www.vetorino.com\/boutique\/wp-content\/uploads\/2020\/03\/kong-kickeroo-pattern-girafe.jpg\" \/>\n\t<meta property=\"og:image:width\" content=\"800\" \/>\n\t<meta property=\"og:image:height\" content=\"800\" \/>\n\t<meta property=\"og:image:type\" content=\"image\/jpeg\" \/>\n<meta name=\"twitter:card\" content=\"summary_large_image\" \/>\n<meta name=\"twitter:label1\" content=\"Prix\" \/>\n\t<meta name=\"twitter:data1\" content=\"6,13&euro;\" \/>\n\t<meta name=\"twitter:label2\" content=\"Disponibilit\u00e9\" \/>\n\t<meta name=\"twitter:data2\" content=\"En stock\" \/>\n<script type=\"application\/ld+json\" class=\"yoast-schema-graph\">{\"@context\":\"https:\\\/\\\/schema.org\",\"@graph\":[{\"@type\":\"WebPage\",\"@id\":\"https:\\\/\\\/www.vetorino.com\\\/boutique\\\/product\\\/jouet-kong-kickeroo\\\/\",\"url\":\"https:\\\/\\\/www.vetorino.com\\\/boutique\\\/product\\\/jouet-kong-kickeroo\\\/\",\"name\":\"Kong Kickeroo Pattern Girafe Kong - V\u00e9torino\",\"isPartOf\":{\"@id\":\"https:\\\/\\\/www.vetorino.com\\\/boutique\\\/#website\"},\"primaryImageOfPage\":{\"@id\":\"https:\\\/\\\/www.vetorino.com\\\/boutique\\\/product\\\/jouet-kong-kickeroo\\\/#primaryimage\"},\"image\":{\"@id\":\"https:\\\/\\\/www.vetorino.com\\\/boutique\\\/product\\\/jouet-kong-kickeroo\\\/#primaryimage\"},\"thumbnailUrl\":\"https:\\\/\\\/www.vetorino.com\\\/boutique\\\/wp-content\\\/uploads\\\/2020\\\/03\\\/kong-kickeroo-pattern-girafe.jpg\",\"datePublished\":\"2020-03-04T21:02:17+00:00\",\"dateModified\":\"2025-03-07T15:49:55+00:00\",\"description\":\"Le jouet KONG Kickeroo Pattern encourage votre chat \u00e0 donner des coups de patte arri\u00e8re et favorise ainsi une activit\u00e9 b\u00e9n\u00e9fique pour la sant\u00e9 sollicitant tout le corps.\",\"breadcrumb\":{\"@id\":\"https:\\\/\\\/www.vetorino.com\\\/boutique\\\/product\\\/jouet-kong-kickeroo\\\/#breadcrumb\"},\"inLanguage\":\"fr-FR\",\"potentialAction\":[{\"@type\":\"ReadAction\",\"target\":[\"https:\\\/\\\/www.vetorino.com\\\/boutique\\\/product\\\/jouet-kong-kickeroo\\\/\"]}]},{\"@type\":\"ImageObject\",\"inLanguage\":\"fr-FR\",\"@id\":\"https:\\\/\\\/www.vetorino.com\\\/boutique\\\/product\\\/jouet-kong-kickeroo\\\/#primaryimage\",\"url\":\"https:\\\/\\\/www.vetorino.com\\\/boutique\\\/wp-content\\\/uploads\\\/2020\\\/03\\\/kong-kickeroo-pattern-girafe.jpg\",\"contentUrl\":\"https:\\\/\\\/www.vetorino.com\\\/boutique\\\/wp-content\\\/uploads\\\/2020\\\/03\\\/kong-kickeroo-pattern-girafe.jpg\",\"width\":800,\"height\":800},{\"@type\":\"BreadcrumbList\",\"@id\":\"https:\\\/\\\/www.vetorino.com\\\/boutique\\\/product\\\/jouet-kong-kickeroo\\\/#breadcrumb\",\"itemListElement\":[{\"@type\":\"ListItem\",\"position\":1,\"name\":\"Accueil\",\"item\":\"https:\\\/\\\/www.vetorino.com\\\/boutique\\\/\"},{\"@type\":\"ListItem\",\"position\":2,\"name\":\"Produits\",\"item\":\"https:\\\/\\\/www.vetorino.com\\\/boutique\\\/\"},{\"@type\":\"ListItem\",\"position\":3,\"name\":\"Kong Kickeroo Pattern Girafe\"}]},{\"@type\":\"WebSite\",\"@id\":\"https:\\\/\\\/www.vetorino.com\\\/boutique\\\/#website\",\"url\":\"https:\\\/\\\/www.vetorino.com\\\/boutique\\\/\",\"name\":\"V\u00e9torino\",\"description\":\"\",\"publisher\":{\"@id\":\"https:\\\/\\\/www.vetorino.com\\\/boutique\\\/#organization\"},\"potentialAction\":[{\"@type\":\"SearchAction\",\"target\":{\"@type\":\"EntryPoint\",\"urlTemplate\":\"https:\\\/\\\/www.vetorino.com\\\/boutique\\\/?s={search_term_string}\"},\"query-input\":{\"@type\":\"PropertyValueSpecification\",\"valueRequired\":true,\"valueName\":\"search_term_string\"}}],\"inLanguage\":\"fr-FR\"},{\"@type\":\"Organization\",\"@id\":\"https:\\\/\\\/www.vetorino.com\\\/boutique\\\/#organization\",\"name\":\"V\u00e9torino\",\"url\":\"https:\\\/\\\/www.vetorino.com\\\/boutique\\\/\",\"logo\":{\"@type\":\"ImageObject\",\"inLanguage\":\"fr-FR\",\"@id\":\"https:\\\/\\\/www.vetorino.com\\\/boutique\\\/#\\\/schema\\\/logo\\\/image\\\/\",\"url\":\"https:\\\/\\\/www.vetorino.com\\\/boutique\\\/wp-content\\\/uploads\\\/2024\\\/10\\\/logo.jpg\",\"contentUrl\":\"https:\\\/\\\/www.vetorino.com\\\/boutique\\\/wp-content\\\/uploads\\\/2024\\\/10\\\/logo.jpg\",\"width\":1200,\"height\":610,\"caption\":\"V\u00e9torino\"},\"image\":{\"@id\":\"https:\\\/\\\/www.vetorino.com\\\/boutique\\\/#\\\/schema\\\/logo\\\/image\\\/\"},\"sameAs\":[\"https:\\\/\\\/www.facebook.com\\\/Vetorino\\\/\",\"https:\\\/\\\/www.instagram.com\\\/vetorino_off\\\/\",\"https:\\\/\\\/www.linkedin.com\\\/company\\\/vtorino\\\/\"]}]}<\/script>\n<meta property=\"product:brand\" content=\"Kong\" \/>\n<meta property=\"product:price:amount\" content=\"6.13\" \/>\n<meta property=\"product:price:currency\" content=\"EUR\" \/>\n<meta property=\"og:availability\" content=\"instock\" \/>\n<meta property=\"product:availability\" content=\"instock\" \/>\n<meta property=\"product:retailer_item_id\" content=\"A-8222384\" \/>\n<meta property=\"product:condition\" content=\"new\" \/>\n<!-- \/ Yoast SEO plugin. -->","yoast_head_json":{"title":"Kong Kickeroo Pattern Girafe Kong - V\u00e9torino","description":"Le jouet KONG Kickeroo Pattern encourage votre chat \u00e0 donner des coups de patte arri\u00e8re et favorise ainsi une activit\u00e9 b\u00e9n\u00e9fique pour la sant\u00e9 sollicitant tout le corps.","robots":{"index":"noindex","follow":"nofollow"},"og_locale":"fr_FR","og_type":"article","og_title":"Kong Kickeroo Pattern Girafe Kong - V\u00e9torino","og_description":"Le jouet KONG Kickeroo Pattern encourage votre chat \u00e0 donner des coups de patte arri\u00e8re et favorise ainsi une activit\u00e9 b\u00e9n\u00e9fique pour la sant\u00e9 sollicitant tout le corps.","og_url":"https:\/\/www.vetorino.com\/veterinaire\/landos-43340\/boutique\/product\/jouet-kong-kickeroo\/","og_site_name":"V\u00e9torino","article_publisher":"https:\/\/www.facebook.com\/Vetorino\/","article_modified_time":"2025-03-07T15:49:55+00:00","og_image":[{"width":800,"height":800,"url":"https:\/\/www.vetorino.com\/boutique\/wp-content\/uploads\/2020\/03\/kong-kickeroo-pattern-girafe.jpg","type":"image\/jpeg"}],"twitter_card":"summary_large_image","twitter_misc":{"Prix":"6,13&euro;","Disponibilit\u00e9":"En stock"},"schema":{"@context":"https:\/\/schema.org","@graph":[{"@type":"WebPage","@id":"https:\/\/www.vetorino.com\/boutique\/product\/jouet-kong-kickeroo\/","url":"https:\/\/www.vetorino.com\/boutique\/product\/jouet-kong-kickeroo\/","name":"Kong Kickeroo Pattern Girafe Kong - V\u00e9torino","isPartOf":{"@id":"https:\/\/www.vetorino.com\/boutique\/#website"},"primaryImageOfPage":{"@id":"https:\/\/www.vetorino.com\/boutique\/product\/jouet-kong-kickeroo\/#primaryimage"},"image":{"@id":"https:\/\/www.vetorino.com\/boutique\/product\/jouet-kong-kickeroo\/#primaryimage"},"thumbnailUrl":"https:\/\/www.vetorino.com\/boutique\/wp-content\/uploads\/2020\/03\/kong-kickeroo-pattern-girafe.jpg","datePublished":"2020-03-04T21:02:17+00:00","dateModified":"2025-03-07T15:49:55+00:00","description":"Le jouet KONG Kickeroo Pattern encourage votre chat \u00e0 donner des coups de patte arri\u00e8re et favorise ainsi une activit\u00e9 b\u00e9n\u00e9fique pour la sant\u00e9 sollicitant tout le corps.","breadcrumb":{"@id":"https:\/\/www.vetorino.com\/boutique\/product\/jouet-kong-kickeroo\/#breadcrumb"},"inLanguage":"fr-FR","potentialAction":[{"@type":"ReadAction","target":["https:\/\/www.vetorino.com\/boutique\/product\/jouet-kong-kickeroo\/"]}]},{"@type":"ImageObject","inLanguage":"fr-FR","@id":"https:\/\/www.vetorino.com\/boutique\/product\/jouet-kong-kickeroo\/#primaryimage","url":"https:\/\/www.vetorino.com\/boutique\/wp-content\/uploads\/2020\/03\/kong-kickeroo-pattern-girafe.jpg","contentUrl":"https:\/\/www.vetorino.com\/boutique\/wp-content\/uploads\/2020\/03\/kong-kickeroo-pattern-girafe.jpg","width":800,"height":800},{"@type":"BreadcrumbList","@id":"https:\/\/www.vetorino.com\/boutique\/product\/jouet-kong-kickeroo\/#breadcrumb","itemListElement":[{"@type":"ListItem","position":1,"name":"Accueil","item":"https:\/\/www.vetorino.com\/boutique\/"},{"@type":"ListItem","position":2,"name":"Produits","item":"https:\/\/www.vetorino.com\/boutique\/"},{"@type":"ListItem","position":3,"name":"Kong Kickeroo Pattern Girafe"}]},{"@type":"WebSite","@id":"https:\/\/www.vetorino.com\/boutique\/#website","url":"https:\/\/www.vetorino.com\/boutique\/","name":"V\u00e9torino","description":"","publisher":{"@id":"https:\/\/www.vetorino.com\/boutique\/#organization"},"potentialAction":[{"@type":"SearchAction","target":{"@type":"EntryPoint","urlTemplate":"https:\/\/www.vetorino.com\/boutique\/?s={search_term_string}"},"query-input":{"@type":"PropertyValueSpecification","valueRequired":true,"valueName":"search_term_string"}}],"inLanguage":"fr-FR"},{"@type":"Organization","@id":"https:\/\/www.vetorino.com\/boutique\/#organization","name":"V\u00e9torino","url":"https:\/\/www.vetorino.com\/boutique\/","logo":{"@type":"ImageObject","inLanguage":"fr-FR","@id":"https:\/\/www.vetorino.com\/boutique\/#\/schema\/logo\/image\/","url":"https:\/\/www.vetorino.com\/boutique\/wp-content\/uploads\/2024\/10\/logo.jpg","contentUrl":"https:\/\/www.vetorino.com\/boutique\/wp-content\/uploads\/2024\/10\/logo.jpg","width":1200,"height":610,"caption":"V\u00e9torino"},"image":{"@id":"https:\/\/www.vetorino.com\/boutique\/#\/schema\/logo\/image\/"},"sameAs":["https:\/\/www.facebook.com\/Vetorino\/","https:\/\/www.instagram.com\/vetorino_off\/","https:\/\/www.linkedin.com\/company\/vtorino\/"]}]},"product_brand":"Kong","product_price_amount":"6.13","product_price_currency":"EUR","og_availability":"instock","product_availability":"instock","product_retailer_item_id":"A-8222384","product_condition":"new"},"_links":{"self":[{"href":"https:\/\/www.vetorino.com\/veterinaire\/landos-43340\/boutique\/wp-json\/wp\/v2\/product\/34457","targetHints":{"allow":["GET"]}}],"collection":[{"href":"https:\/\/www.vetorino.com\/veterinaire\/landos-43340\/boutique\/wp-json\/wp\/v2\/product"}],"about":[{"href":"https:\/\/www.vetorino.com\/veterinaire\/landos-43340\/boutique\/wp-json\/wp\/v2\/types\/product"}],"wp:featuredmedia":[{"embeddable":true,"href":"https:\/\/www.vetorino.com\/veterinaire\/landos-43340\/boutique\/wp-json\/wp\/v2\/media\/832990"}],"wp:attachment":[{"href":"https:\/\/www.vetorino.com\/veterinaire\/landos-43340\/boutique\/wp-json\/wp\/v2\/media?parent=34457"}],"wp:term":[{"taxonomy":"product_cat","embeddable":true,"href":"https:\/\/www.vetorino.com\/veterinaire\/landos-43340\/boutique\/wp-json\/wp\/v2\/product_cat?post=34457"},{"taxonomy":"product_tag","embeddable":true,"href":"https:\/\/www.vetorino.com\/veterinaire\/landos-43340\/boutique\/wp-json\/wp\/v2\/product_tag?post=34457"}],"curies":[{"name":"wp","href":"https:\/\/api.w.org\/{rel}","templated":true}]}}