{"id":34656,"date":"2020-03-04T22:03:06","date_gmt":"2020-03-04T21:03:06","guid":{"rendered":"https:\/\/www.vetorino.com\/boutique\/product\/dermoscent-essential-oto\/"},"modified":"2025-04-24T14:40:30","modified_gmt":"2025-04-24T12:40:30","slug":"dermoscent-essential-oto","status":"publish","type":"product","link":"https:\/\/www.vetorino.com\/veterinaire\/landos-43340\/boutique\/product\/dermoscent-essential-oto\/","title":{"rendered":"Dermoscent\u00ae Essential Oto\u00ae"},"content":{"rendered":"<p><b>Dermoscent\u00ae Essential Oto\u00ae est un nettoyant physiologique sp\u00e9cifiquement con\u00e7u pour l\u2019hygi\u00e8ne r\u00e9guli\u00e8re des oreilles des chiens, chats et lapins avec un embout twist pratique.<\/b><\/p>\n<p><strong>Utilisation :<\/strong><\/p>\n<ul>\n<li>Oreilles sales : exc\u00e8s de c\u00e9rumen, d\u00e9bris cellulaires\u2026<\/li>\n<li>Mauvaises odeurs<\/li>\n<li>Races pr\u00e9dispos\u00e9es aux d\u00e9sordres auriculaires : poils dans les oreilles (caniche\u2026), oreilles tombantes (cocker, setter, lapin b\u00e9lier\u2026), conduits auditifs \u00e9troits (shar-pei\u2026)<\/li>\n<\/ul>\n<p><strong>Mode d&#8217;emploi :<\/strong><\/p>\n<ul>\n<li>Penchez la t\u00eate de l\u2019animal et maintenez l\u2019oreille orient\u00e9e vers le haut.<\/li>\n<li>Instillez le produit\u00a0dans le conduit afin de le remplir et\u00a0massez\u00a0la base de l\u2019oreille quelques secondes pour d\u00e9coller les salet\u00e9s.<\/li>\n<li>L\u2019animal va secouer la t\u00eate pour \u00e9liminer l\u2019exc\u00e8s de produit rest\u00e9 dans le conduit.<\/li>\n<li>Nettoyez\u00a0ensuite le pavillon\u00a0avec un coton ou une compresse. Il est important de rappeler que\u00a0l\u2019utilisation de coton-tige est d\u00e9conseill\u00e9e.<\/li>\n<li>R\u00e9p\u00e9tez l\u2019op\u00e9ration si n\u00e9cessaire, lorsque l\u2019oreille est tr\u00e8s sale.<\/li>\n<li>Pensez \u00e0\u00a0d\u00e9sinfecter l\u2019embout apr\u00e8s chaque utilisation.<\/li>\n<\/ul>\n<p><strong>Avantages :<\/strong><\/p>\n<ul>\n<li>\u00c0 base d\u2019actifs d&#8217;origine naturelle, il permet d\u2019\u00e9liminer l\u2019exc\u00e8s de c\u00e9rumen, les d\u00e9bris et d\u00e9sodorise les conduits auditifs.<\/li>\n<li>Gr\u00e2ce \u00e0 sa formule sans alcool et aux agents c\u00e9rum\u00e9nolytiques doux, Dermoscent\u00ae Essential Oto\u00ae est parfaitement adapt\u00e9 pour l\u2019entretien des oreilles saines m\u00eame les plus sensibles.<\/li>\n<li>Son utilisation est facilit\u00e9e par un embout twist qui permet l\u2019ouverture d\u2019une seule main. Son flacon transparent permet de bien v\u00e9rifier l\u2019int\u00e9grit\u00e9 de la formule durant toute la vie du produit.<\/li>\n<\/ul>\n","protected":false},"excerpt":{"rendered":"<p><b>Dermoscent\u00ae Essential Oto\u00ae est un nettoyant physiologique sp\u00e9cifiquement con\u00e7u pour l\u2019hygi\u00e8ne r\u00e9guli\u00e8re des oreilles des chiens, chats et lapins avec un embout twist pratique.<\/b><\/p>\n<p><strong>Utilisation :<\/strong><\/p>\n<ul>\n<li>Oreilles sales : exc\u00e8s de c\u00e9rumen, d\u00e9bris cellulaires\u2026<\/li>\n<li>Mauvaises odeurs<\/li>\n<li>Races pr\u00e9dispos\u00e9es aux d\u00e9sordres auriculaires : poils dans les oreilles (caniche\u2026), oreilles tombantes (cocker, setter, lapin b\u00e9lier\u2026), conduits auditifs \u00e9troits (shar-pei\u2026)<\/li>\n<\/ul>\n","protected":false},"featured_media":1302438,"template":"","meta":[],"product_cat":[2697,2698,12613,12614,12560,12561,12618,12563],"product_tag":[],"class_list":{"0":"post-34656","1":"product","2":"type-product","3":"status-publish","4":"has-post-thumbnail","6":"product_cat-chat","7":"product_cat-chien","8":"product_cat-hygiene-des-oreilles-du-chat","9":"product_cat-hygiene-des-oreilles-du-chien","10":"product_cat-hygiene-du-chat","11":"product_cat-hygiene-du-chien","12":"product_cat-hygiene-du-lapin","13":"product_cat-lapin","14":"pa_marque-dermoscent","16":"first","17":"instock","18":"taxable","19":"shipping-taxable","20":"purchasable","21":"product-type-simple"},"yoast_head":"<!-- This site is optimized with the Yoast SEO plugin v27.3 - https:\/\/yoast.com\/product\/yoast-seo-wordpress\/ -->\n<title>Dermoscent\u00ae Essential Oto\u00ae Dermoscent - V\u00e9torino<\/title>\n<meta name=\"description\" content=\"Dermoscent\u00ae Essential Oto\u00ae est un nettoyant physiologique sp\u00e9cifiquement con\u00e7u pour l\u2019hygi\u00e8ne r\u00e9guli\u00e8re des oreilles des chiens, chats et lapins avec un embout twist pratique.  Utilisation :   Oreilles sales : exc\u00e8s de c\u00e9rumen, d\u00e9bris cellulaires\u2026  Mauvaises odeurs  Races pr\u00e9dispos\u00e9es aux d\u00e9sordres auriculaires : poils dans les oreilles (caniche\u2026), oreilles tombantes (cocker, setter, lapin b\u00e9lier\u2026), conduits auditifs \u00e9troits (shar-pei\u2026)\" \/>\n<meta name=\"robots\" content=\"noindex, nofollow\" \/>\n<meta property=\"og:locale\" content=\"fr_FR\" \/>\n<meta property=\"og:type\" content=\"article\" \/>\n<meta property=\"og:title\" content=\"Dermoscent\u00ae Essential Oto\u00ae Dermoscent - V\u00e9torino\" \/>\n<meta property=\"og:description\" content=\"Dermoscent\u00ae Essential Oto\u00ae est un nettoyant physiologique sp\u00e9cifiquement con\u00e7u pour l\u2019hygi\u00e8ne r\u00e9guli\u00e8re des oreilles des chiens, chats et lapins avec un embout twist pratique.  Utilisation :   Oreilles sales : exc\u00e8s de c\u00e9rumen, d\u00e9bris cellulaires\u2026  Mauvaises odeurs  Races pr\u00e9dispos\u00e9es aux d\u00e9sordres auriculaires : poils dans les oreilles (caniche\u2026), oreilles tombantes (cocker, setter, lapin b\u00e9lier\u2026), conduits auditifs \u00e9troits (shar-pei\u2026)\" \/>\n<meta property=\"og:url\" content=\"https:\/\/www.vetorino.com\/veterinaire\/landos-43340\/boutique\/product\/dermoscent-essential-oto\/\" \/>\n<meta property=\"og:site_name\" content=\"V\u00e9torino\" \/>\n<meta property=\"article:publisher\" content=\"https:\/\/www.facebook.com\/Vetorino\/\" \/>\n<meta property=\"article:modified_time\" content=\"2025-04-24T12:40:30+00:00\" \/>\n<meta property=\"og:image\" content=\"https:\/\/www.vetorino.com\/boutique\/wp-content\/uploads\/2020\/03\/dermoscent-essential-oto-1.webp\" \/>\n\t<meta property=\"og:image:width\" content=\"800\" \/>\n\t<meta property=\"og:image:height\" content=\"800\" \/>\n\t<meta property=\"og:image:type\" content=\"image\/webp\" \/>\n<meta name=\"twitter:card\" content=\"summary_large_image\" \/>\n<meta name=\"twitter:label1\" content=\"Prix\" \/>\n\t<meta name=\"twitter:data1\" content=\"10,73&euro;\" \/>\n\t<meta name=\"twitter:label2\" content=\"Disponibilit\u00e9\" \/>\n\t<meta name=\"twitter:data2\" content=\"En stock\" \/>\n<script type=\"application\/ld+json\" class=\"yoast-schema-graph\">{\"@context\":\"https:\\\/\\\/schema.org\",\"@graph\":[{\"@type\":\"WebPage\",\"@id\":\"https:\\\/\\\/www.vetorino.com\\\/boutique\\\/product\\\/dermoscent-essential-oto\\\/\",\"url\":\"https:\\\/\\\/www.vetorino.com\\\/boutique\\\/product\\\/dermoscent-essential-oto\\\/\",\"name\":\"Dermoscent\u00ae Essential Oto\u00ae Dermoscent - V\u00e9torino\",\"isPartOf\":{\"@id\":\"https:\\\/\\\/www.vetorino.com\\\/boutique\\\/#website\"},\"primaryImageOfPage\":{\"@id\":\"https:\\\/\\\/www.vetorino.com\\\/boutique\\\/product\\\/dermoscent-essential-oto\\\/#primaryimage\"},\"image\":{\"@id\":\"https:\\\/\\\/www.vetorino.com\\\/boutique\\\/product\\\/dermoscent-essential-oto\\\/#primaryimage\"},\"thumbnailUrl\":\"https:\\\/\\\/www.vetorino.com\\\/boutique\\\/wp-content\\\/uploads\\\/2020\\\/03\\\/dermoscent-essential-oto-1.webp\",\"datePublished\":\"2020-03-04T21:03:06+00:00\",\"dateModified\":\"2025-04-24T12:40:30+00:00\",\"description\":\"Dermoscent\u00ae Essential Oto\u00ae est un nettoyant physiologique sp\u00e9cifiquement con\u00e7u pour l\u2019hygi\u00e8ne r\u00e9guli\u00e8re des oreilles des chiens, chats et lapins avec un embout twist pratique. Utilisation : Oreilles sales : exc\u00e8s de c\u00e9rumen, d\u00e9bris cellulaires\u2026 Mauvaises odeurs Races pr\u00e9dispos\u00e9es aux d\u00e9sordres auriculaires : poils dans les oreilles (caniche\u2026), oreilles tombantes (cocker, setter, lapin b\u00e9lier\u2026), conduits auditifs \u00e9troits (shar-pei\u2026)\",\"breadcrumb\":{\"@id\":\"https:\\\/\\\/www.vetorino.com\\\/boutique\\\/product\\\/dermoscent-essential-oto\\\/#breadcrumb\"},\"inLanguage\":\"fr-FR\",\"potentialAction\":[{\"@type\":\"ReadAction\",\"target\":[\"https:\\\/\\\/www.vetorino.com\\\/boutique\\\/product\\\/dermoscent-essential-oto\\\/\"]}]},{\"@type\":\"ImageObject\",\"inLanguage\":\"fr-FR\",\"@id\":\"https:\\\/\\\/www.vetorino.com\\\/boutique\\\/product\\\/dermoscent-essential-oto\\\/#primaryimage\",\"url\":\"https:\\\/\\\/www.vetorino.com\\\/boutique\\\/wp-content\\\/uploads\\\/2020\\\/03\\\/dermoscent-essential-oto-1.webp\",\"contentUrl\":\"https:\\\/\\\/www.vetorino.com\\\/boutique\\\/wp-content\\\/uploads\\\/2020\\\/03\\\/dermoscent-essential-oto-1.webp\",\"width\":800,\"height\":800},{\"@type\":\"BreadcrumbList\",\"@id\":\"https:\\\/\\\/www.vetorino.com\\\/boutique\\\/product\\\/dermoscent-essential-oto\\\/#breadcrumb\",\"itemListElement\":[{\"@type\":\"ListItem\",\"position\":1,\"name\":\"Accueil\",\"item\":\"https:\\\/\\\/www.vetorino.com\\\/boutique\\\/\"},{\"@type\":\"ListItem\",\"position\":2,\"name\":\"Produits\",\"item\":\"https:\\\/\\\/www.vetorino.com\\\/boutique\\\/\"},{\"@type\":\"ListItem\",\"position\":3,\"name\":\"Dermoscent\u00ae Essential Oto\u00ae\"}]},{\"@type\":\"WebSite\",\"@id\":\"https:\\\/\\\/www.vetorino.com\\\/boutique\\\/#website\",\"url\":\"https:\\\/\\\/www.vetorino.com\\\/boutique\\\/\",\"name\":\"V\u00e9torino\",\"description\":\"\",\"publisher\":{\"@id\":\"https:\\\/\\\/www.vetorino.com\\\/boutique\\\/#organization\"},\"potentialAction\":[{\"@type\":\"SearchAction\",\"target\":{\"@type\":\"EntryPoint\",\"urlTemplate\":\"https:\\\/\\\/www.vetorino.com\\\/boutique\\\/?s={search_term_string}\"},\"query-input\":{\"@type\":\"PropertyValueSpecification\",\"valueRequired\":true,\"valueName\":\"search_term_string\"}}],\"inLanguage\":\"fr-FR\"},{\"@type\":\"Organization\",\"@id\":\"https:\\\/\\\/www.vetorino.com\\\/boutique\\\/#organization\",\"name\":\"V\u00e9torino\",\"url\":\"https:\\\/\\\/www.vetorino.com\\\/boutique\\\/\",\"logo\":{\"@type\":\"ImageObject\",\"inLanguage\":\"fr-FR\",\"@id\":\"https:\\\/\\\/www.vetorino.com\\\/boutique\\\/#\\\/schema\\\/logo\\\/image\\\/\",\"url\":\"https:\\\/\\\/www.vetorino.com\\\/boutique\\\/wp-content\\\/uploads\\\/2024\\\/10\\\/logo.jpg\",\"contentUrl\":\"https:\\\/\\\/www.vetorino.com\\\/boutique\\\/wp-content\\\/uploads\\\/2024\\\/10\\\/logo.jpg\",\"width\":1200,\"height\":610,\"caption\":\"V\u00e9torino\"},\"image\":{\"@id\":\"https:\\\/\\\/www.vetorino.com\\\/boutique\\\/#\\\/schema\\\/logo\\\/image\\\/\"},\"sameAs\":[\"https:\\\/\\\/www.facebook.com\\\/Vetorino\\\/\",\"https:\\\/\\\/www.instagram.com\\\/vetorino_off\\\/\",\"https:\\\/\\\/www.linkedin.com\\\/company\\\/vtorino\\\/\"]}]}<\/script>\n<meta property=\"product:brand\" content=\"Dermoscent\" \/>\n<meta property=\"product:price:amount\" content=\"10.73\" \/>\n<meta property=\"product:price:currency\" content=\"EUR\" \/>\n<meta property=\"og:availability\" content=\"instock\" \/>\n<meta property=\"product:availability\" content=\"instock\" \/>\n<meta property=\"product:retailer_item_id\" content=\"A-1830440\" \/>\n<meta property=\"product:condition\" content=\"new\" \/>\n<!-- \/ Yoast SEO plugin. -->","yoast_head_json":{"title":"Dermoscent\u00ae Essential Oto\u00ae Dermoscent - V\u00e9torino","description":"Dermoscent\u00ae Essential Oto\u00ae est un nettoyant physiologique sp\u00e9cifiquement con\u00e7u pour l\u2019hygi\u00e8ne r\u00e9guli\u00e8re des oreilles des chiens, chats et lapins avec un embout twist pratique.  Utilisation :   Oreilles sales : exc\u00e8s de c\u00e9rumen, d\u00e9bris cellulaires\u2026  Mauvaises odeurs  Races pr\u00e9dispos\u00e9es aux d\u00e9sordres auriculaires : poils dans les oreilles (caniche\u2026), oreilles tombantes (cocker, setter, lapin b\u00e9lier\u2026), conduits auditifs \u00e9troits (shar-pei\u2026)","robots":{"index":"noindex","follow":"nofollow"},"og_locale":"fr_FR","og_type":"article","og_title":"Dermoscent\u00ae Essential Oto\u00ae Dermoscent - V\u00e9torino","og_description":"Dermoscent\u00ae Essential Oto\u00ae est un nettoyant physiologique sp\u00e9cifiquement con\u00e7u pour l\u2019hygi\u00e8ne r\u00e9guli\u00e8re des oreilles des chiens, chats et lapins avec un embout twist pratique.  Utilisation :   Oreilles sales : exc\u00e8s de c\u00e9rumen, d\u00e9bris cellulaires\u2026  Mauvaises odeurs  Races pr\u00e9dispos\u00e9es aux d\u00e9sordres auriculaires : poils dans les oreilles (caniche\u2026), oreilles tombantes (cocker, setter, lapin b\u00e9lier\u2026), conduits auditifs \u00e9troits (shar-pei\u2026)","og_url":"https:\/\/www.vetorino.com\/veterinaire\/landos-43340\/boutique\/product\/dermoscent-essential-oto\/","og_site_name":"V\u00e9torino","article_publisher":"https:\/\/www.facebook.com\/Vetorino\/","article_modified_time":"2025-04-24T12:40:30+00:00","og_image":[{"width":800,"height":800,"url":"https:\/\/www.vetorino.com\/boutique\/wp-content\/uploads\/2020\/03\/dermoscent-essential-oto-1.webp","type":"image\/webp"}],"twitter_card":"summary_large_image","twitter_misc":{"Prix":"10,73&euro;","Disponibilit\u00e9":"En stock"},"schema":{"@context":"https:\/\/schema.org","@graph":[{"@type":"WebPage","@id":"https:\/\/www.vetorino.com\/boutique\/product\/dermoscent-essential-oto\/","url":"https:\/\/www.vetorino.com\/boutique\/product\/dermoscent-essential-oto\/","name":"Dermoscent\u00ae Essential Oto\u00ae Dermoscent - V\u00e9torino","isPartOf":{"@id":"https:\/\/www.vetorino.com\/boutique\/#website"},"primaryImageOfPage":{"@id":"https:\/\/www.vetorino.com\/boutique\/product\/dermoscent-essential-oto\/#primaryimage"},"image":{"@id":"https:\/\/www.vetorino.com\/boutique\/product\/dermoscent-essential-oto\/#primaryimage"},"thumbnailUrl":"https:\/\/www.vetorino.com\/boutique\/wp-content\/uploads\/2020\/03\/dermoscent-essential-oto-1.webp","datePublished":"2020-03-04T21:03:06+00:00","dateModified":"2025-04-24T12:40:30+00:00","description":"Dermoscent\u00ae Essential Oto\u00ae est un nettoyant physiologique sp\u00e9cifiquement con\u00e7u pour l\u2019hygi\u00e8ne r\u00e9guli\u00e8re des oreilles des chiens, chats et lapins avec un embout twist pratique. Utilisation : Oreilles sales : exc\u00e8s de c\u00e9rumen, d\u00e9bris cellulaires\u2026 Mauvaises odeurs Races pr\u00e9dispos\u00e9es aux d\u00e9sordres auriculaires : poils dans les oreilles (caniche\u2026), oreilles tombantes (cocker, setter, lapin b\u00e9lier\u2026), conduits auditifs \u00e9troits (shar-pei\u2026)","breadcrumb":{"@id":"https:\/\/www.vetorino.com\/boutique\/product\/dermoscent-essential-oto\/#breadcrumb"},"inLanguage":"fr-FR","potentialAction":[{"@type":"ReadAction","target":["https:\/\/www.vetorino.com\/boutique\/product\/dermoscent-essential-oto\/"]}]},{"@type":"ImageObject","inLanguage":"fr-FR","@id":"https:\/\/www.vetorino.com\/boutique\/product\/dermoscent-essential-oto\/#primaryimage","url":"https:\/\/www.vetorino.com\/boutique\/wp-content\/uploads\/2020\/03\/dermoscent-essential-oto-1.webp","contentUrl":"https:\/\/www.vetorino.com\/boutique\/wp-content\/uploads\/2020\/03\/dermoscent-essential-oto-1.webp","width":800,"height":800},{"@type":"BreadcrumbList","@id":"https:\/\/www.vetorino.com\/boutique\/product\/dermoscent-essential-oto\/#breadcrumb","itemListElement":[{"@type":"ListItem","position":1,"name":"Accueil","item":"https:\/\/www.vetorino.com\/boutique\/"},{"@type":"ListItem","position":2,"name":"Produits","item":"https:\/\/www.vetorino.com\/boutique\/"},{"@type":"ListItem","position":3,"name":"Dermoscent\u00ae Essential Oto\u00ae"}]},{"@type":"WebSite","@id":"https:\/\/www.vetorino.com\/boutique\/#website","url":"https:\/\/www.vetorino.com\/boutique\/","name":"V\u00e9torino","description":"","publisher":{"@id":"https:\/\/www.vetorino.com\/boutique\/#organization"},"potentialAction":[{"@type":"SearchAction","target":{"@type":"EntryPoint","urlTemplate":"https:\/\/www.vetorino.com\/boutique\/?s={search_term_string}"},"query-input":{"@type":"PropertyValueSpecification","valueRequired":true,"valueName":"search_term_string"}}],"inLanguage":"fr-FR"},{"@type":"Organization","@id":"https:\/\/www.vetorino.com\/boutique\/#organization","name":"V\u00e9torino","url":"https:\/\/www.vetorino.com\/boutique\/","logo":{"@type":"ImageObject","inLanguage":"fr-FR","@id":"https:\/\/www.vetorino.com\/boutique\/#\/schema\/logo\/image\/","url":"https:\/\/www.vetorino.com\/boutique\/wp-content\/uploads\/2024\/10\/logo.jpg","contentUrl":"https:\/\/www.vetorino.com\/boutique\/wp-content\/uploads\/2024\/10\/logo.jpg","width":1200,"height":610,"caption":"V\u00e9torino"},"image":{"@id":"https:\/\/www.vetorino.com\/boutique\/#\/schema\/logo\/image\/"},"sameAs":["https:\/\/www.facebook.com\/Vetorino\/","https:\/\/www.instagram.com\/vetorino_off\/","https:\/\/www.linkedin.com\/company\/vtorino\/"]}]},"product_brand":"Dermoscent","product_price_amount":"10.73","product_price_currency":"EUR","og_availability":"instock","product_availability":"instock","product_retailer_item_id":"A-1830440","product_condition":"new"},"_links":{"self":[{"href":"https:\/\/www.vetorino.com\/veterinaire\/landos-43340\/boutique\/wp-json\/wp\/v2\/product\/34656","targetHints":{"allow":["GET"]}}],"collection":[{"href":"https:\/\/www.vetorino.com\/veterinaire\/landos-43340\/boutique\/wp-json\/wp\/v2\/product"}],"about":[{"href":"https:\/\/www.vetorino.com\/veterinaire\/landos-43340\/boutique\/wp-json\/wp\/v2\/types\/product"}],"wp:featuredmedia":[{"embeddable":true,"href":"https:\/\/www.vetorino.com\/veterinaire\/landos-43340\/boutique\/wp-json\/wp\/v2\/media\/1302438"}],"wp:attachment":[{"href":"https:\/\/www.vetorino.com\/veterinaire\/landos-43340\/boutique\/wp-json\/wp\/v2\/media?parent=34656"}],"wp:term":[{"taxonomy":"product_cat","embeddable":true,"href":"https:\/\/www.vetorino.com\/veterinaire\/landos-43340\/boutique\/wp-json\/wp\/v2\/product_cat?post=34656"},{"taxonomy":"product_tag","embeddable":true,"href":"https:\/\/www.vetorino.com\/veterinaire\/landos-43340\/boutique\/wp-json\/wp\/v2\/product_tag?post=34656"}],"curies":[{"name":"wp","href":"https:\/\/api.w.org\/{rel}","templated":true}]}}