{"id":35079,"date":"2020-03-04T22:05:39","date_gmt":"2020-03-04T21:05:39","guid":{"rendered":"https:\/\/www.vetorino.com\/boutique\/product\/traumagreen\/"},"modified":"2023-10-11T17:13:19","modified_gmt":"2023-10-11T15:13:19","slug":"traumagreen","status":"publish","type":"product","link":"https:\/\/www.vetorino.com\/veterinaire\/landos-43340\/boutique\/product\/traumagreen\/","title":{"rendered":"Gel de massage TRAUMAGREEN Chien et Chat"},"content":{"rendered":"<p>Traumagreen de Greenvet est un <strong>gel de massage<\/strong> \u00e0 appliquer en cas de <strong>contusions<\/strong>. Il soulage les zones sensibles articulaires et musculaires des chiens et chats.<\/p>\n<p><strong>Principes actifs<\/strong><\/p>\n<p>Hydrolat d\u2019H\u00e9lichryse Italienne Bio (Helichrysum italicum) : reconnu pour ses propri\u00e9t\u00e9s anti-inflammatoires et anti-h\u00e9matomes.<br \/>\nHuile essentielle de Gaulth\u00e9rie Couch\u00e9e (Gaultheria procumbens) : reconnue pour ses propri\u00e9t\u00e9s anti-inflammatoires et antalgiques.<br \/>\nHuile essentielle de Romarin ch\u00e9motype Camphre (Rosmarinus officinalis ct camphre) : reconnue pour ses propri\u00e9t\u00e9s relaxantes musculaires.<br \/>\nHuile essentielle de Menthe Poivr\u00e9e (Mentha piperita) : reconnue pour ses propri\u00e9t\u00e9s anesth\u00e9siantes locales (effet froid).<br \/>\nHuile essentielle d\u2019Eucalyptus citronn\u00e9 (Eucalyptus citriodora) : reconnue pour ses propri\u00e9t\u00e9s anti-inflammatoires et antirhumatismales.<br \/>\nExtrait d\u2019Harpagophyton (Harpagophytum procumbens) : reconnu pour ses propri\u00e9t\u00e9s anti-inflammatoires.<br \/>\nExtrait de Pr\u00eale (Equisetum arvense) : reconnu pour ses propri\u00e9t\u00e9s remin\u00e9ralisantes.<\/p>\n<p><strong>Composition<\/strong><\/p>\n<p>Hydrolat d\u2019H\u00e9lichryse Italienne Bio* (Helichrysum italicum), Huile essentielle de, Gaulth\u00e9rie Couch\u00e9e (Gaultheria procumbens), Huile essentielle d\u2019Eucalyptus citronn\u00e9 (Eucalyptus citriodora), Huile essentielle de Romarin ch\u00e9motype Camphre (Rosmarinus officinalisct camphre), Huile essentielle de Menthe Poivr\u00e9e (Mentha piperita), Extrait d\u2019Harpagophyton (Harpagophytum procumbens), Extrait de Pr\u00eale (Equisetum arvense) *Ingr\u00e9dient issu de l\u2019agriculture biologique.<\/p>\n<p><strong>Mode d&#8217;emploi<\/strong><\/p>\n<p>Appliquer l\u2019\u00e9quivalent d\u2019une noisette de gel sur les zones articulaires et\/ou musculaires sensibles.<br \/>\nBien masser jusqu\u2019\u00e0 p\u00e9n\u00e9tration compl\u00e8te du gel.<br \/>\nRenouveler l\u2019application 3 fois par jour.<br \/>\nNe pas appliquer sur les muqueuses, sur une plaie ou une peau irrit\u00e9e.<br \/>\nUsage externe uniquement.<\/p>\n","protected":false},"excerpt":{"rendered":"<div id=\"product-description-short-18701\" class=\"product-description-short\">\n<p><strong>Traumagreen<\/strong> est un gel de massage destin\u00e9 \u00e0 <strong>soulager<\/strong> les articulations\u00a0et les muscles douloureux\u00a0des chiens et des chats.<\/p>\n<\/div>\n","protected":false},"featured_media":715835,"template":"","meta":[],"product_cat":[2697,2698,12561,12632],"product_tag":[],"class_list":{"0":"post-35079","1":"product","2":"type-product","3":"status-publish","4":"has-post-thumbnail","6":"product_cat-chat","7":"product_cat-chien","8":"product_cat-hygiene-du-chien","9":"product_cat-soutien-articulaire-du-chat","10":"pa_marque-greenpex","12":"first","13":"instock","14":"taxable","15":"shipping-taxable","16":"purchasable","17":"product-type-simple"},"yoast_head":"<!-- This site is optimized with the Yoast SEO plugin v27.3 - https:\/\/yoast.com\/product\/yoast-seo-wordpress\/ -->\n<title>Gel de massage TRAUMAGREEN Chien et Chat Greenpex - V\u00e9torino<\/title>\n<meta name=\"description\" content=\"Traumagreen est un gel de massage destin\u00e9 \u00e0 soulager les articulations\u00a0et les muscles douloureux\u00a0des chiens et des chats.\" \/>\n<meta name=\"robots\" content=\"noindex, nofollow\" \/>\n<meta property=\"og:locale\" content=\"fr_FR\" \/>\n<meta property=\"og:type\" content=\"article\" \/>\n<meta property=\"og:title\" content=\"Gel de massage TRAUMAGREEN Chien et Chat Greenpex - V\u00e9torino\" \/>\n<meta property=\"og:description\" content=\"Traumagreen est un gel de massage destin\u00e9 \u00e0 soulager les articulations\u00a0et les muscles douloureux\u00a0des chiens et des chats.\" \/>\n<meta property=\"og:url\" content=\"https:\/\/www.vetorino.com\/veterinaire\/landos-43340\/boutique\/product\/traumagreen\/\" \/>\n<meta property=\"og:site_name\" content=\"V\u00e9torino\" \/>\n<meta property=\"article:publisher\" content=\"https:\/\/www.facebook.com\/Vetorino\/\" \/>\n<meta property=\"article:modified_time\" content=\"2023-10-11T15:13:19+00:00\" \/>\n<meta property=\"og:image\" content=\"https:\/\/www.vetorino.com\/boutique\/wp-content\/uploads\/2020\/03\/traumagreen-tube-de-125-ml.jpg\" \/>\n\t<meta property=\"og:image:width\" content=\"800\" \/>\n\t<meta property=\"og:image:height\" content=\"800\" \/>\n\t<meta property=\"og:image:type\" content=\"image\/jpeg\" \/>\n<meta name=\"twitter:card\" content=\"summary_large_image\" \/>\n<meta name=\"twitter:label1\" content=\"Prix\" \/>\n\t<meta name=\"twitter:data1\" content=\"16,89&euro;\" \/>\n\t<meta name=\"twitter:label2\" content=\"Disponibilit\u00e9\" \/>\n\t<meta name=\"twitter:data2\" content=\"En stock\" \/>\n<script type=\"application\/ld+json\" class=\"yoast-schema-graph\">{\"@context\":\"https:\\\/\\\/schema.org\",\"@graph\":[{\"@type\":\"WebPage\",\"@id\":\"https:\\\/\\\/www.vetorino.com\\\/boutique\\\/product\\\/traumagreen\\\/\",\"url\":\"https:\\\/\\\/www.vetorino.com\\\/boutique\\\/product\\\/traumagreen\\\/\",\"name\":\"Gel de massage TRAUMAGREEN Chien et Chat Greenpex - V\u00e9torino\",\"isPartOf\":{\"@id\":\"https:\\\/\\\/www.vetorino.com\\\/boutique\\\/#website\"},\"primaryImageOfPage\":{\"@id\":\"https:\\\/\\\/www.vetorino.com\\\/boutique\\\/product\\\/traumagreen\\\/#primaryimage\"},\"image\":{\"@id\":\"https:\\\/\\\/www.vetorino.com\\\/boutique\\\/product\\\/traumagreen\\\/#primaryimage\"},\"thumbnailUrl\":\"https:\\\/\\\/www.vetorino.com\\\/boutique\\\/wp-content\\\/uploads\\\/2020\\\/03\\\/traumagreen-tube-de-125-ml.jpg\",\"datePublished\":\"2020-03-04T21:05:39+00:00\",\"dateModified\":\"2023-10-11T15:13:19+00:00\",\"description\":\"Traumagreen est un gel de massage destin\u00e9 \u00e0 soulager les articulations\u00a0et les muscles douloureux\u00a0des chiens et des chats.\",\"breadcrumb\":{\"@id\":\"https:\\\/\\\/www.vetorino.com\\\/boutique\\\/product\\\/traumagreen\\\/#breadcrumb\"},\"inLanguage\":\"fr-FR\",\"potentialAction\":[{\"@type\":\"ReadAction\",\"target\":[\"https:\\\/\\\/www.vetorino.com\\\/boutique\\\/product\\\/traumagreen\\\/\"]}]},{\"@type\":\"ImageObject\",\"inLanguage\":\"fr-FR\",\"@id\":\"https:\\\/\\\/www.vetorino.com\\\/boutique\\\/product\\\/traumagreen\\\/#primaryimage\",\"url\":\"https:\\\/\\\/www.vetorino.com\\\/boutique\\\/wp-content\\\/uploads\\\/2020\\\/03\\\/traumagreen-tube-de-125-ml.jpg\",\"contentUrl\":\"https:\\\/\\\/www.vetorino.com\\\/boutique\\\/wp-content\\\/uploads\\\/2020\\\/03\\\/traumagreen-tube-de-125-ml.jpg\",\"width\":800,\"height\":800},{\"@type\":\"BreadcrumbList\",\"@id\":\"https:\\\/\\\/www.vetorino.com\\\/boutique\\\/product\\\/traumagreen\\\/#breadcrumb\",\"itemListElement\":[{\"@type\":\"ListItem\",\"position\":1,\"name\":\"Accueil\",\"item\":\"https:\\\/\\\/www.vetorino.com\\\/boutique\\\/\"},{\"@type\":\"ListItem\",\"position\":2,\"name\":\"Produits\",\"item\":\"https:\\\/\\\/www.vetorino.com\\\/boutique\\\/\"},{\"@type\":\"ListItem\",\"position\":3,\"name\":\"Gel de massage TRAUMAGREEN Chien et Chat\"}]},{\"@type\":\"WebSite\",\"@id\":\"https:\\\/\\\/www.vetorino.com\\\/boutique\\\/#website\",\"url\":\"https:\\\/\\\/www.vetorino.com\\\/boutique\\\/\",\"name\":\"V\u00e9torino\",\"description\":\"\",\"publisher\":{\"@id\":\"https:\\\/\\\/www.vetorino.com\\\/boutique\\\/#organization\"},\"potentialAction\":[{\"@type\":\"SearchAction\",\"target\":{\"@type\":\"EntryPoint\",\"urlTemplate\":\"https:\\\/\\\/www.vetorino.com\\\/boutique\\\/?s={search_term_string}\"},\"query-input\":{\"@type\":\"PropertyValueSpecification\",\"valueRequired\":true,\"valueName\":\"search_term_string\"}}],\"inLanguage\":\"fr-FR\"},{\"@type\":\"Organization\",\"@id\":\"https:\\\/\\\/www.vetorino.com\\\/boutique\\\/#organization\",\"name\":\"V\u00e9torino\",\"url\":\"https:\\\/\\\/www.vetorino.com\\\/boutique\\\/\",\"logo\":{\"@type\":\"ImageObject\",\"inLanguage\":\"fr-FR\",\"@id\":\"https:\\\/\\\/www.vetorino.com\\\/boutique\\\/#\\\/schema\\\/logo\\\/image\\\/\",\"url\":\"https:\\\/\\\/www.vetorino.com\\\/boutique\\\/wp-content\\\/uploads\\\/2024\\\/10\\\/logo.jpg\",\"contentUrl\":\"https:\\\/\\\/www.vetorino.com\\\/boutique\\\/wp-content\\\/uploads\\\/2024\\\/10\\\/logo.jpg\",\"width\":1200,\"height\":610,\"caption\":\"V\u00e9torino\"},\"image\":{\"@id\":\"https:\\\/\\\/www.vetorino.com\\\/boutique\\\/#\\\/schema\\\/logo\\\/image\\\/\"},\"sameAs\":[\"https:\\\/\\\/www.facebook.com\\\/Vetorino\\\/\",\"https:\\\/\\\/www.instagram.com\\\/vetorino_off\\\/\",\"https:\\\/\\\/www.linkedin.com\\\/company\\\/vtorino\\\/\"]}]}<\/script>\n<meta property=\"product:brand\" content=\"Greenpex\" \/>\n<meta property=\"product:price:amount\" content=\"16.89\" \/>\n<meta property=\"product:price:currency\" content=\"EUR\" \/>\n<meta property=\"og:availability\" content=\"instock\" \/>\n<meta property=\"product:availability\" content=\"instock\" \/>\n<meta property=\"product:retailer_item_id\" content=\"A-1837370\" \/>\n<meta property=\"product:condition\" content=\"new\" \/>\n<!-- \/ Yoast SEO plugin. -->","yoast_head_json":{"title":"Gel de massage TRAUMAGREEN Chien et Chat Greenpex - V\u00e9torino","description":"Traumagreen est un gel de massage destin\u00e9 \u00e0 soulager les articulations\u00a0et les muscles douloureux\u00a0des chiens et des chats.","robots":{"index":"noindex","follow":"nofollow"},"og_locale":"fr_FR","og_type":"article","og_title":"Gel de massage TRAUMAGREEN Chien et Chat Greenpex - V\u00e9torino","og_description":"Traumagreen est un gel de massage destin\u00e9 \u00e0 soulager les articulations\u00a0et les muscles douloureux\u00a0des chiens et des chats.","og_url":"https:\/\/www.vetorino.com\/veterinaire\/landos-43340\/boutique\/product\/traumagreen\/","og_site_name":"V\u00e9torino","article_publisher":"https:\/\/www.facebook.com\/Vetorino\/","article_modified_time":"2023-10-11T15:13:19+00:00","og_image":[{"width":800,"height":800,"url":"https:\/\/www.vetorino.com\/boutique\/wp-content\/uploads\/2020\/03\/traumagreen-tube-de-125-ml.jpg","type":"image\/jpeg"}],"twitter_card":"summary_large_image","twitter_misc":{"Prix":"16,89&euro;","Disponibilit\u00e9":"En stock"},"schema":{"@context":"https:\/\/schema.org","@graph":[{"@type":"WebPage","@id":"https:\/\/www.vetorino.com\/boutique\/product\/traumagreen\/","url":"https:\/\/www.vetorino.com\/boutique\/product\/traumagreen\/","name":"Gel de massage TRAUMAGREEN Chien et Chat Greenpex - V\u00e9torino","isPartOf":{"@id":"https:\/\/www.vetorino.com\/boutique\/#website"},"primaryImageOfPage":{"@id":"https:\/\/www.vetorino.com\/boutique\/product\/traumagreen\/#primaryimage"},"image":{"@id":"https:\/\/www.vetorino.com\/boutique\/product\/traumagreen\/#primaryimage"},"thumbnailUrl":"https:\/\/www.vetorino.com\/boutique\/wp-content\/uploads\/2020\/03\/traumagreen-tube-de-125-ml.jpg","datePublished":"2020-03-04T21:05:39+00:00","dateModified":"2023-10-11T15:13:19+00:00","description":"Traumagreen est un gel de massage destin\u00e9 \u00e0 soulager les articulations\u00a0et les muscles douloureux\u00a0des chiens et des chats.","breadcrumb":{"@id":"https:\/\/www.vetorino.com\/boutique\/product\/traumagreen\/#breadcrumb"},"inLanguage":"fr-FR","potentialAction":[{"@type":"ReadAction","target":["https:\/\/www.vetorino.com\/boutique\/product\/traumagreen\/"]}]},{"@type":"ImageObject","inLanguage":"fr-FR","@id":"https:\/\/www.vetorino.com\/boutique\/product\/traumagreen\/#primaryimage","url":"https:\/\/www.vetorino.com\/boutique\/wp-content\/uploads\/2020\/03\/traumagreen-tube-de-125-ml.jpg","contentUrl":"https:\/\/www.vetorino.com\/boutique\/wp-content\/uploads\/2020\/03\/traumagreen-tube-de-125-ml.jpg","width":800,"height":800},{"@type":"BreadcrumbList","@id":"https:\/\/www.vetorino.com\/boutique\/product\/traumagreen\/#breadcrumb","itemListElement":[{"@type":"ListItem","position":1,"name":"Accueil","item":"https:\/\/www.vetorino.com\/boutique\/"},{"@type":"ListItem","position":2,"name":"Produits","item":"https:\/\/www.vetorino.com\/boutique\/"},{"@type":"ListItem","position":3,"name":"Gel de massage TRAUMAGREEN Chien et Chat"}]},{"@type":"WebSite","@id":"https:\/\/www.vetorino.com\/boutique\/#website","url":"https:\/\/www.vetorino.com\/boutique\/","name":"V\u00e9torino","description":"","publisher":{"@id":"https:\/\/www.vetorino.com\/boutique\/#organization"},"potentialAction":[{"@type":"SearchAction","target":{"@type":"EntryPoint","urlTemplate":"https:\/\/www.vetorino.com\/boutique\/?s={search_term_string}"},"query-input":{"@type":"PropertyValueSpecification","valueRequired":true,"valueName":"search_term_string"}}],"inLanguage":"fr-FR"},{"@type":"Organization","@id":"https:\/\/www.vetorino.com\/boutique\/#organization","name":"V\u00e9torino","url":"https:\/\/www.vetorino.com\/boutique\/","logo":{"@type":"ImageObject","inLanguage":"fr-FR","@id":"https:\/\/www.vetorino.com\/boutique\/#\/schema\/logo\/image\/","url":"https:\/\/www.vetorino.com\/boutique\/wp-content\/uploads\/2024\/10\/logo.jpg","contentUrl":"https:\/\/www.vetorino.com\/boutique\/wp-content\/uploads\/2024\/10\/logo.jpg","width":1200,"height":610,"caption":"V\u00e9torino"},"image":{"@id":"https:\/\/www.vetorino.com\/boutique\/#\/schema\/logo\/image\/"},"sameAs":["https:\/\/www.facebook.com\/Vetorino\/","https:\/\/www.instagram.com\/vetorino_off\/","https:\/\/www.linkedin.com\/company\/vtorino\/"]}]},"product_brand":"Greenpex","product_price_amount":"16.89","product_price_currency":"EUR","og_availability":"instock","product_availability":"instock","product_retailer_item_id":"A-1837370","product_condition":"new"},"_links":{"self":[{"href":"https:\/\/www.vetorino.com\/veterinaire\/landos-43340\/boutique\/wp-json\/wp\/v2\/product\/35079","targetHints":{"allow":["GET"]}}],"collection":[{"href":"https:\/\/www.vetorino.com\/veterinaire\/landos-43340\/boutique\/wp-json\/wp\/v2\/product"}],"about":[{"href":"https:\/\/www.vetorino.com\/veterinaire\/landos-43340\/boutique\/wp-json\/wp\/v2\/types\/product"}],"wp:featuredmedia":[{"embeddable":true,"href":"https:\/\/www.vetorino.com\/veterinaire\/landos-43340\/boutique\/wp-json\/wp\/v2\/media\/715835"}],"wp:attachment":[{"href":"https:\/\/www.vetorino.com\/veterinaire\/landos-43340\/boutique\/wp-json\/wp\/v2\/media?parent=35079"}],"wp:term":[{"taxonomy":"product_cat","embeddable":true,"href":"https:\/\/www.vetorino.com\/veterinaire\/landos-43340\/boutique\/wp-json\/wp\/v2\/product_cat?post=35079"},{"taxonomy":"product_tag","embeddable":true,"href":"https:\/\/www.vetorino.com\/veterinaire\/landos-43340\/boutique\/wp-json\/wp\/v2\/product_tag?post=35079"}],"curies":[{"name":"wp","href":"https:\/\/api.w.org\/{rel}","templated":true}]}}