{"id":35329,"date":"2020-03-04T22:55:09","date_gmt":"2020-03-04T21:55:09","guid":{"rendered":"https:\/\/www.vetorino.com\/boutique\/product\/harnais-confort-reg-moov\/"},"modified":"2024-07-03T15:55:52","modified_gmt":"2024-07-03T13:55:52","slug":"harnais-confort-reg-moov","status":"publish","type":"product","link":"https:\/\/www.vetorino.com\/veterinaire\/landos-43340\/boutique\/product\/harnais-confort-reg-moov\/","title":{"rendered":"Harnais confort Reg Moov"},"content":{"rendered":"<p>Harnais Confort R\u00e9glable XS Moov Rouge de la marque Zolux.<\/p>\n<p>Avec cet Harnais Confort, vous pourrez ainsi voyagez, sortir, bougez en toute s\u00e9curit\u00e9 et toute s\u00e9r\u00e9nit\u00e9 avec votre animal.<\/p>\n<p>Disponible en 2 couleurs : rouge et noir. Ici est propos\u00e9e la couleur rouge.<\/p>\n<p><strong>Caract\u00e9ristiques Harnais Confort R\u00e9glable XS Moov :<\/strong><br \/>\n&#8211; Bandeau r\u00e9fl\u00e9chissant<br \/>\n&#8211; R\u00e9glable<\/p>\n<p><strong>Taille Harnais Confort R\u00e9glable XS Moov :<\/strong><br \/>\n&#8211; Tour de cou minimum : 30cm<br \/>\n&#8211; Tour de cou maximal : 40cm<br \/>\n&#8211; Tour de poitrine minimum : 38cm<br \/>\n&#8211; Tour de poitrine maximal : 51cm<\/p>\n<p><b>Caract\u00e9risiques<\/b><br \/>\nCe harnais, fabriqu\u00e9 \u00e0 partir de mat\u00e9riaux r\u00e9sistants, confortable et pratique, est r\u00e9fl\u00e9chissant, r\u00e9glable et r\u00e9siste \u00e0 l&#8217;eau. Il est \u00e9quip\u00e9 d&#8217;une poign\u00e9e doubl\u00e9e de n\u00e9opr\u00e8ne, s&#8217;adapte \u00e0 la morphologie de l&#8217;animal et n&#8217;exerce pas de pression sur la gorge du chien.<\/p>\n<p>Demandez conseil \u00e0 votre v\u00e9t\u00e9rinaire. Assurez-vous que le harnais est correctement ajust\u00e9 et bien fix\u00e9 pour le confort et la s\u00e9curit\u00e9 de l&#8217;animal.<\/p>\n","protected":false},"excerpt":{"rendered":"<p>Ce harnais, fabriqu\u00e9 \u00e0 partir de mat\u00e9riaux r\u00e9sistants, confortable et pratique, est r\u00e9fl\u00e9chissant, r\u00e9glable et r\u00e9siste \u00e0 l&#8217;eau. Il est \u00e9quip\u00e9 d&#8217;une poign\u00e9e doubl\u00e9e de n\u00e9opr\u00e8ne, s&#8217;adapte \u00e0 la morphologie de l&#8217;animal et n&#8217;exerce pas de pression sur la gorge du chien.<\/p>\n","protected":false},"featured_media":77573,"template":"","meta":[],"product_cat":[12550,2775,2698,2777],"product_tag":[],"class_list":{"0":"post-35329","1":"product","2":"type-product","3":"status-publish","4":"has-post-thumbnail","6":"product_cat-accessoires-du-chien","7":"product_cat-aliments-medicalises-pour-chien","8":"product_cat-chien","9":"product_cat-colliers-laisses-et-harnais-pour-chien","10":"pa_marque-zolux","12":"first","13":"instock","14":"taxable","15":"shipping-taxable","16":"purchasable","17":"product-type-variable"},"yoast_head":"<!-- This site is optimized with the Yoast SEO plugin v27.3 - https:\/\/yoast.com\/product\/yoast-seo-wordpress\/ -->\n<title>Harnais confort Reg Moov Zolux - V\u00e9torino<\/title>\n<meta name=\"description\" content=\"Ce harnais, fabriqu\u00e9 \u00e0 partir de mat\u00e9riaux r\u00e9sistants, confortable et pratique, est r\u00e9fl\u00e9chissant, r\u00e9glable et r\u00e9siste \u00e0 l&#039;eau. Il est \u00e9quip\u00e9 d&#039;une poign\u00e9e doubl\u00e9e de n\u00e9opr\u00e8ne, s&#039;adapte \u00e0 la morphologie de l&#039;animal et n&#039;exerce pas de pression sur la gorge du chien.\" \/>\n<meta name=\"robots\" content=\"noindex, nofollow\" \/>\n<meta property=\"og:locale\" content=\"fr_FR\" \/>\n<meta property=\"og:type\" content=\"article\" \/>\n<meta property=\"og:title\" content=\"Harnais confort Reg Moov Zolux - V\u00e9torino\" \/>\n<meta property=\"og:description\" content=\"Ce harnais, fabriqu\u00e9 \u00e0 partir de mat\u00e9riaux r\u00e9sistants, confortable et pratique, est r\u00e9fl\u00e9chissant, r\u00e9glable et r\u00e9siste \u00e0 l&#039;eau. Il est \u00e9quip\u00e9 d&#039;une poign\u00e9e doubl\u00e9e de n\u00e9opr\u00e8ne, s&#039;adapte \u00e0 la morphologie de l&#039;animal et n&#039;exerce pas de pression sur la gorge du chien.\" \/>\n<meta property=\"og:url\" content=\"https:\/\/www.vetorino.com\/veterinaire\/landos-43340\/boutique\/product\/harnais-confort-reg-moov\/\" \/>\n<meta property=\"og:site_name\" content=\"V\u00e9torino\" \/>\n<meta property=\"article:publisher\" content=\"https:\/\/www.facebook.com\/Vetorino\/\" \/>\n<meta property=\"article:modified_time\" content=\"2024-07-03T13:55:52+00:00\" \/>\n<meta property=\"og:image\" content=\"https:\/\/www.vetorino.com\/boutique\/wp-content\/uploads\/2020\/03\/harnais-confort-reglable-moov-tl-chien-12.jpg\" \/>\n\t<meta property=\"og:image:width\" content=\"800\" \/>\n\t<meta property=\"og:image:height\" content=\"800\" \/>\n\t<meta property=\"og:image:type\" content=\"image\/jpeg\" \/>\n<meta name=\"twitter:card\" content=\"summary_large_image\" \/>\n<meta name=\"twitter:label1\" content=\"Disponibilit\u00e9\" \/>\n\t<meta name=\"twitter:data1\" content=\"En stock\" \/>\n<script type=\"application\/ld+json\" class=\"yoast-schema-graph\">{\"@context\":\"https:\\\/\\\/schema.org\",\"@graph\":[{\"@type\":\"WebPage\",\"@id\":\"https:\\\/\\\/www.vetorino.com\\\/boutique\\\/product\\\/harnais-confort-reg-moov\\\/\",\"url\":\"https:\\\/\\\/www.vetorino.com\\\/boutique\\\/product\\\/harnais-confort-reg-moov\\\/\",\"name\":\"Harnais confort Reg Moov Zolux - V\u00e9torino\",\"isPartOf\":{\"@id\":\"https:\\\/\\\/www.vetorino.com\\\/boutique\\\/#website\"},\"primaryImageOfPage\":{\"@id\":\"https:\\\/\\\/www.vetorino.com\\\/boutique\\\/product\\\/harnais-confort-reg-moov\\\/#primaryimage\"},\"image\":{\"@id\":\"https:\\\/\\\/www.vetorino.com\\\/boutique\\\/product\\\/harnais-confort-reg-moov\\\/#primaryimage\"},\"thumbnailUrl\":\"https:\\\/\\\/www.vetorino.com\\\/boutique\\\/wp-content\\\/uploads\\\/2020\\\/03\\\/harnais-confort-reglable-moov-tl-chien-12.jpg\",\"datePublished\":\"2020-03-04T21:55:09+00:00\",\"dateModified\":\"2024-07-03T13:55:52+00:00\",\"description\":\"Ce harnais, fabriqu\u00e9 \u00e0 partir de mat\u00e9riaux r\u00e9sistants, confortable et pratique, est r\u00e9fl\u00e9chissant, r\u00e9glable et r\u00e9siste \u00e0 l'eau. Il est \u00e9quip\u00e9 d'une poign\u00e9e doubl\u00e9e de n\u00e9opr\u00e8ne, s'adapte \u00e0 la morphologie de l'animal et n'exerce pas de pression sur la gorge du chien.\",\"breadcrumb\":{\"@id\":\"https:\\\/\\\/www.vetorino.com\\\/boutique\\\/product\\\/harnais-confort-reg-moov\\\/#breadcrumb\"},\"inLanguage\":\"fr-FR\",\"potentialAction\":[{\"@type\":\"ReadAction\",\"target\":[\"https:\\\/\\\/www.vetorino.com\\\/boutique\\\/product\\\/harnais-confort-reg-moov\\\/\"]}]},{\"@type\":\"ImageObject\",\"inLanguage\":\"fr-FR\",\"@id\":\"https:\\\/\\\/www.vetorino.com\\\/boutique\\\/product\\\/harnais-confort-reg-moov\\\/#primaryimage\",\"url\":\"https:\\\/\\\/www.vetorino.com\\\/boutique\\\/wp-content\\\/uploads\\\/2020\\\/03\\\/harnais-confort-reglable-moov-tl-chien-12.jpg\",\"contentUrl\":\"https:\\\/\\\/www.vetorino.com\\\/boutique\\\/wp-content\\\/uploads\\\/2020\\\/03\\\/harnais-confort-reglable-moov-tl-chien-12.jpg\",\"width\":800,\"height\":800},{\"@type\":\"BreadcrumbList\",\"@id\":\"https:\\\/\\\/www.vetorino.com\\\/boutique\\\/product\\\/harnais-confort-reg-moov\\\/#breadcrumb\",\"itemListElement\":[{\"@type\":\"ListItem\",\"position\":1,\"name\":\"Accueil\",\"item\":\"https:\\\/\\\/www.vetorino.com\\\/boutique\\\/\"},{\"@type\":\"ListItem\",\"position\":2,\"name\":\"Produits\",\"item\":\"https:\\\/\\\/www.vetorino.com\\\/boutique\\\/\"},{\"@type\":\"ListItem\",\"position\":3,\"name\":\"Harnais confort Reg Moov\"}]},{\"@type\":\"WebSite\",\"@id\":\"https:\\\/\\\/www.vetorino.com\\\/boutique\\\/#website\",\"url\":\"https:\\\/\\\/www.vetorino.com\\\/boutique\\\/\",\"name\":\"V\u00e9torino\",\"description\":\"\",\"publisher\":{\"@id\":\"https:\\\/\\\/www.vetorino.com\\\/boutique\\\/#organization\"},\"potentialAction\":[{\"@type\":\"SearchAction\",\"target\":{\"@type\":\"EntryPoint\",\"urlTemplate\":\"https:\\\/\\\/www.vetorino.com\\\/boutique\\\/?s={search_term_string}\"},\"query-input\":{\"@type\":\"PropertyValueSpecification\",\"valueRequired\":true,\"valueName\":\"search_term_string\"}}],\"inLanguage\":\"fr-FR\"},{\"@type\":\"Organization\",\"@id\":\"https:\\\/\\\/www.vetorino.com\\\/boutique\\\/#organization\",\"name\":\"V\u00e9torino\",\"url\":\"https:\\\/\\\/www.vetorino.com\\\/boutique\\\/\",\"logo\":{\"@type\":\"ImageObject\",\"inLanguage\":\"fr-FR\",\"@id\":\"https:\\\/\\\/www.vetorino.com\\\/boutique\\\/#\\\/schema\\\/logo\\\/image\\\/\",\"url\":\"https:\\\/\\\/www.vetorino.com\\\/boutique\\\/wp-content\\\/uploads\\\/2024\\\/10\\\/logo.jpg\",\"contentUrl\":\"https:\\\/\\\/www.vetorino.com\\\/boutique\\\/wp-content\\\/uploads\\\/2024\\\/10\\\/logo.jpg\",\"width\":1200,\"height\":610,\"caption\":\"V\u00e9torino\"},\"image\":{\"@id\":\"https:\\\/\\\/www.vetorino.com\\\/boutique\\\/#\\\/schema\\\/logo\\\/image\\\/\"},\"sameAs\":[\"https:\\\/\\\/www.facebook.com\\\/Vetorino\\\/\",\"https:\\\/\\\/www.instagram.com\\\/vetorino_off\\\/\",\"https:\\\/\\\/www.linkedin.com\\\/company\\\/vtorino\\\/\"]}]}<\/script>\n<meta property=\"product:brand\" content=\"Zolux\" \/>\n<meta property=\"og:availability\" content=\"instock\" \/>\n<meta property=\"product:availability\" content=\"instock\" \/>\n<meta property=\"product:condition\" content=\"new\" \/>\n<!-- \/ Yoast SEO plugin. -->","yoast_head_json":{"title":"Harnais confort Reg Moov Zolux - V\u00e9torino","description":"Ce harnais, fabriqu\u00e9 \u00e0 partir de mat\u00e9riaux r\u00e9sistants, confortable et pratique, est r\u00e9fl\u00e9chissant, r\u00e9glable et r\u00e9siste \u00e0 l'eau. Il est \u00e9quip\u00e9 d'une poign\u00e9e doubl\u00e9e de n\u00e9opr\u00e8ne, s'adapte \u00e0 la morphologie de l'animal et n'exerce pas de pression sur la gorge du chien.","robots":{"index":"noindex","follow":"nofollow"},"og_locale":"fr_FR","og_type":"article","og_title":"Harnais confort Reg Moov Zolux - V\u00e9torino","og_description":"Ce harnais, fabriqu\u00e9 \u00e0 partir de mat\u00e9riaux r\u00e9sistants, confortable et pratique, est r\u00e9fl\u00e9chissant, r\u00e9glable et r\u00e9siste \u00e0 l'eau. Il est \u00e9quip\u00e9 d'une poign\u00e9e doubl\u00e9e de n\u00e9opr\u00e8ne, s'adapte \u00e0 la morphologie de l'animal et n'exerce pas de pression sur la gorge du chien.","og_url":"https:\/\/www.vetorino.com\/veterinaire\/landos-43340\/boutique\/product\/harnais-confort-reg-moov\/","og_site_name":"V\u00e9torino","article_publisher":"https:\/\/www.facebook.com\/Vetorino\/","article_modified_time":"2024-07-03T13:55:52+00:00","og_image":[{"width":800,"height":800,"url":"https:\/\/www.vetorino.com\/boutique\/wp-content\/uploads\/2020\/03\/harnais-confort-reglable-moov-tl-chien-12.jpg","type":"image\/jpeg"}],"twitter_card":"summary_large_image","twitter_misc":{"Disponibilit\u00e9":"En stock"},"schema":{"@context":"https:\/\/schema.org","@graph":[{"@type":"WebPage","@id":"https:\/\/www.vetorino.com\/boutique\/product\/harnais-confort-reg-moov\/","url":"https:\/\/www.vetorino.com\/boutique\/product\/harnais-confort-reg-moov\/","name":"Harnais confort Reg Moov Zolux - V\u00e9torino","isPartOf":{"@id":"https:\/\/www.vetorino.com\/boutique\/#website"},"primaryImageOfPage":{"@id":"https:\/\/www.vetorino.com\/boutique\/product\/harnais-confort-reg-moov\/#primaryimage"},"image":{"@id":"https:\/\/www.vetorino.com\/boutique\/product\/harnais-confort-reg-moov\/#primaryimage"},"thumbnailUrl":"https:\/\/www.vetorino.com\/boutique\/wp-content\/uploads\/2020\/03\/harnais-confort-reglable-moov-tl-chien-12.jpg","datePublished":"2020-03-04T21:55:09+00:00","dateModified":"2024-07-03T13:55:52+00:00","description":"Ce harnais, fabriqu\u00e9 \u00e0 partir de mat\u00e9riaux r\u00e9sistants, confortable et pratique, est r\u00e9fl\u00e9chissant, r\u00e9glable et r\u00e9siste \u00e0 l'eau. Il est \u00e9quip\u00e9 d'une poign\u00e9e doubl\u00e9e de n\u00e9opr\u00e8ne, s'adapte \u00e0 la morphologie de l'animal et n'exerce pas de pression sur la gorge du chien.","breadcrumb":{"@id":"https:\/\/www.vetorino.com\/boutique\/product\/harnais-confort-reg-moov\/#breadcrumb"},"inLanguage":"fr-FR","potentialAction":[{"@type":"ReadAction","target":["https:\/\/www.vetorino.com\/boutique\/product\/harnais-confort-reg-moov\/"]}]},{"@type":"ImageObject","inLanguage":"fr-FR","@id":"https:\/\/www.vetorino.com\/boutique\/product\/harnais-confort-reg-moov\/#primaryimage","url":"https:\/\/www.vetorino.com\/boutique\/wp-content\/uploads\/2020\/03\/harnais-confort-reglable-moov-tl-chien-12.jpg","contentUrl":"https:\/\/www.vetorino.com\/boutique\/wp-content\/uploads\/2020\/03\/harnais-confort-reglable-moov-tl-chien-12.jpg","width":800,"height":800},{"@type":"BreadcrumbList","@id":"https:\/\/www.vetorino.com\/boutique\/product\/harnais-confort-reg-moov\/#breadcrumb","itemListElement":[{"@type":"ListItem","position":1,"name":"Accueil","item":"https:\/\/www.vetorino.com\/boutique\/"},{"@type":"ListItem","position":2,"name":"Produits","item":"https:\/\/www.vetorino.com\/boutique\/"},{"@type":"ListItem","position":3,"name":"Harnais confort Reg Moov"}]},{"@type":"WebSite","@id":"https:\/\/www.vetorino.com\/boutique\/#website","url":"https:\/\/www.vetorino.com\/boutique\/","name":"V\u00e9torino","description":"","publisher":{"@id":"https:\/\/www.vetorino.com\/boutique\/#organization"},"potentialAction":[{"@type":"SearchAction","target":{"@type":"EntryPoint","urlTemplate":"https:\/\/www.vetorino.com\/boutique\/?s={search_term_string}"},"query-input":{"@type":"PropertyValueSpecification","valueRequired":true,"valueName":"search_term_string"}}],"inLanguage":"fr-FR"},{"@type":"Organization","@id":"https:\/\/www.vetorino.com\/boutique\/#organization","name":"V\u00e9torino","url":"https:\/\/www.vetorino.com\/boutique\/","logo":{"@type":"ImageObject","inLanguage":"fr-FR","@id":"https:\/\/www.vetorino.com\/boutique\/#\/schema\/logo\/image\/","url":"https:\/\/www.vetorino.com\/boutique\/wp-content\/uploads\/2024\/10\/logo.jpg","contentUrl":"https:\/\/www.vetorino.com\/boutique\/wp-content\/uploads\/2024\/10\/logo.jpg","width":1200,"height":610,"caption":"V\u00e9torino"},"image":{"@id":"https:\/\/www.vetorino.com\/boutique\/#\/schema\/logo\/image\/"},"sameAs":["https:\/\/www.facebook.com\/Vetorino\/","https:\/\/www.instagram.com\/vetorino_off\/","https:\/\/www.linkedin.com\/company\/vtorino\/"]}]},"product_brand":"Zolux","og_availability":"instock","product_availability":"instock","product_condition":"new"},"_links":{"self":[{"href":"https:\/\/www.vetorino.com\/veterinaire\/landos-43340\/boutique\/wp-json\/wp\/v2\/product\/35329","targetHints":{"allow":["GET"]}}],"collection":[{"href":"https:\/\/www.vetorino.com\/veterinaire\/landos-43340\/boutique\/wp-json\/wp\/v2\/product"}],"about":[{"href":"https:\/\/www.vetorino.com\/veterinaire\/landos-43340\/boutique\/wp-json\/wp\/v2\/types\/product"}],"wp:featuredmedia":[{"embeddable":true,"href":"https:\/\/www.vetorino.com\/veterinaire\/landos-43340\/boutique\/wp-json\/wp\/v2\/media\/77573"}],"wp:attachment":[{"href":"https:\/\/www.vetorino.com\/veterinaire\/landos-43340\/boutique\/wp-json\/wp\/v2\/media?parent=35329"}],"wp:term":[{"taxonomy":"product_cat","embeddable":true,"href":"https:\/\/www.vetorino.com\/veterinaire\/landos-43340\/boutique\/wp-json\/wp\/v2\/product_cat?post=35329"},{"taxonomy":"product_tag","embeddable":true,"href":"https:\/\/www.vetorino.com\/veterinaire\/landos-43340\/boutique\/wp-json\/wp\/v2\/product_tag?post=35329"}],"curies":[{"name":"wp","href":"https:\/\/api.w.org\/{rel}","templated":true}]}}