{"id":35507,"date":"2020-03-04T22:56:09","date_gmt":"2020-03-04T21:56:09","guid":{"rendered":"https:\/\/www.vetorino.com\/boutique\/product\/medical-pet-shirt-top-4in1\/"},"modified":"2024-07-16T10:42:54","modified_gmt":"2024-07-16T08:42:54","slug":"medical-pet-shirt-top-4in1","status":"publish","type":"product","link":"https:\/\/www.vetorino.com\/veterinaire\/landos-43340\/boutique\/product\/medical-pet-shirt-top-4in1\/","title":{"rendered":"Medical Pet Shirt Top 4in1"},"content":{"rendered":"<p>Ce <strong>gilet de protection Medical Pet Shirt<\/strong> va prot\u00e9ger les <strong>plaies<\/strong> ou les <strong>bandages<\/strong> pr\u00e9sents sur le <strong>thorax, dos ou l&#8217;encoloure<\/strong> de votre chien.<\/p>\n<p>La partie thoracique est con\u00e7ue en <strong>coton double<\/strong>, la partie du dos et de l&#8217;encolure sont en<strong> stretch avec des bandes de renfort en coton.\u00a0<\/strong><\/p>\n<p>Il ira parfaitement \u00e0 votre toutou puisqu&#8217;il est <strong>ajustable<\/strong> gr\u00e2ce aux velcros et\/ou pressions.<\/p>\n<p>Il a \u00e9t\u00e9 d\u00e9velopp\u00e9 par des v\u00e9t\u00e9rinaires.<\/p>\n<p>Son entretien est facile car vous pourrez le <strong>laver en machine<\/strong> \u00e0 30\u00b0.<\/p>\n<h3>Les plus du produit :<\/h3>\n<ul>\n<li>D\u00e9velopp\u00e9 par des v\u00e9t\u00e9rinaires<\/li>\n<li>Lavable en machine<\/li>\n<li>Ajustable avec du velcro et\/ou pressions<\/li>\n<li>Protection des plaies et bandages<\/li>\n<\/ul>\n<h3>Dans quels cas l&#8217;utiliser ?<\/h3>\n<ul>\n<li>Apr\u00e8s l&#8217;op\u00e9ration chirurgicale (alternative pour la collerette)<\/li>\n<li>En cas d&#8217;affections dermatologiques<\/li>\n<\/ul>\n","protected":false},"excerpt":{"rendered":"<div class=\"product-info-short-description\">\n<div class=\"product attribute overview\">\n<p class=\"value\">Le gilet de protection Medical Pet Shirt Top 4in1 va couvrir le dos, le thorax et l&#8217;encolure de votre chien. Id\u00e9al apr\u00e8s une op\u00e9ration ou une blessure, ce gilet emp\u00eachera votre toutou de toucher ses plaies ou bandages.<\/p>\n<\/div>\n<\/div>\n","protected":false},"featured_media":77660,"template":"","meta":[],"product_cat":[12550,2698,12596,12561],"product_tag":[],"class_list":{"0":"post-35507","1":"product","2":"type-product","3":"status-publish","4":"has-post-thumbnail","6":"product_cat-accessoires-du-chien","7":"product_cat-chien","8":"product_cat-confort-du-chien","9":"product_cat-hygiene-du-chien","10":"pa_marque-medical-pet-shirt","12":"first","13":"instock","14":"taxable","15":"shipping-taxable","16":"purchasable","17":"product-type-variable"},"yoast_head":"<!-- This site is optimized with the Yoast SEO plugin v27.3 - https:\/\/yoast.com\/product\/yoast-seo-wordpress\/ -->\n<title>Medical Pet Shirt Top 4in1 Medical Pet Shirt - V\u00e9torino<\/title>\n<meta name=\"description\" content=\"Le gilet de protection Medical Pet Shirt Top 4in1 va couvrir le dos, le thorax et l&#039;encolure de votre chien. Id\u00e9al apr\u00e8s une op\u00e9ration ou une blessure, ce gilet emp\u00eachera votre toutou de toucher ses plaies ou bandages.\" \/>\n<meta name=\"robots\" content=\"noindex, nofollow\" \/>\n<meta property=\"og:locale\" content=\"fr_FR\" \/>\n<meta property=\"og:type\" content=\"article\" \/>\n<meta property=\"og:title\" content=\"Medical Pet Shirt Top 4in1 Medical Pet Shirt - V\u00e9torino\" \/>\n<meta property=\"og:description\" content=\"Le gilet de protection Medical Pet Shirt Top 4in1 va couvrir le dos, le thorax et l&#039;encolure de votre chien. Id\u00e9al apr\u00e8s une op\u00e9ration ou une blessure, ce gilet emp\u00eachera votre toutou de toucher ses plaies ou bandages.\" \/>\n<meta property=\"og:url\" content=\"https:\/\/www.vetorino.com\/veterinaire\/landos-43340\/boutique\/product\/medical-pet-shirt-top-4in1\/\" \/>\n<meta property=\"og:site_name\" content=\"V\u00e9torino\" \/>\n<meta property=\"article:publisher\" content=\"https:\/\/www.facebook.com\/Vetorino\/\" \/>\n<meta property=\"article:modified_time\" content=\"2024-07-16T08:42:54+00:00\" \/>\n<meta property=\"og:image\" content=\"https:\/\/www.vetorino.com\/boutique\/wp-content\/uploads\/2020\/03\/gilet-de-protection-chien-medical-pet-shirt-top-4-en-1-t-l-12.jpg\" \/>\n\t<meta property=\"og:image:width\" content=\"800\" \/>\n\t<meta property=\"og:image:height\" content=\"800\" \/>\n\t<meta property=\"og:image:type\" content=\"image\/jpeg\" \/>\n<meta name=\"twitter:card\" content=\"summary_large_image\" \/>\n<meta name=\"twitter:label1\" content=\"Disponibilit\u00e9\" \/>\n\t<meta name=\"twitter:data1\" content=\"En stock\" \/>\n<script type=\"application\/ld+json\" class=\"yoast-schema-graph\">{\"@context\":\"https:\\\/\\\/schema.org\",\"@graph\":[{\"@type\":\"WebPage\",\"@id\":\"https:\\\/\\\/www.vetorino.com\\\/boutique\\\/product\\\/medical-pet-shirt-top-4in1\\\/\",\"url\":\"https:\\\/\\\/www.vetorino.com\\\/boutique\\\/product\\\/medical-pet-shirt-top-4in1\\\/\",\"name\":\"Medical Pet Shirt Top 4in1 Medical Pet Shirt - V\u00e9torino\",\"isPartOf\":{\"@id\":\"https:\\\/\\\/www.vetorino.com\\\/boutique\\\/#website\"},\"primaryImageOfPage\":{\"@id\":\"https:\\\/\\\/www.vetorino.com\\\/boutique\\\/product\\\/medical-pet-shirt-top-4in1\\\/#primaryimage\"},\"image\":{\"@id\":\"https:\\\/\\\/www.vetorino.com\\\/boutique\\\/product\\\/medical-pet-shirt-top-4in1\\\/#primaryimage\"},\"thumbnailUrl\":\"https:\\\/\\\/www.vetorino.com\\\/boutique\\\/wp-content\\\/uploads\\\/2020\\\/03\\\/gilet-de-protection-chien-medical-pet-shirt-top-4-en-1-t-l-12.jpg\",\"datePublished\":\"2020-03-04T21:56:09+00:00\",\"dateModified\":\"2024-07-16T08:42:54+00:00\",\"description\":\"Le gilet de protection Medical Pet Shirt Top 4in1 va couvrir le dos, le thorax et l'encolure de votre chien. Id\u00e9al apr\u00e8s une op\u00e9ration ou une blessure, ce gilet emp\u00eachera votre toutou de toucher ses plaies ou bandages.\",\"breadcrumb\":{\"@id\":\"https:\\\/\\\/www.vetorino.com\\\/boutique\\\/product\\\/medical-pet-shirt-top-4in1\\\/#breadcrumb\"},\"inLanguage\":\"fr-FR\",\"potentialAction\":[{\"@type\":\"ReadAction\",\"target\":[\"https:\\\/\\\/www.vetorino.com\\\/boutique\\\/product\\\/medical-pet-shirt-top-4in1\\\/\"]}]},{\"@type\":\"ImageObject\",\"inLanguage\":\"fr-FR\",\"@id\":\"https:\\\/\\\/www.vetorino.com\\\/boutique\\\/product\\\/medical-pet-shirt-top-4in1\\\/#primaryimage\",\"url\":\"https:\\\/\\\/www.vetorino.com\\\/boutique\\\/wp-content\\\/uploads\\\/2020\\\/03\\\/gilet-de-protection-chien-medical-pet-shirt-top-4-en-1-t-l-12.jpg\",\"contentUrl\":\"https:\\\/\\\/www.vetorino.com\\\/boutique\\\/wp-content\\\/uploads\\\/2020\\\/03\\\/gilet-de-protection-chien-medical-pet-shirt-top-4-en-1-t-l-12.jpg\",\"width\":800,\"height\":800},{\"@type\":\"BreadcrumbList\",\"@id\":\"https:\\\/\\\/www.vetorino.com\\\/boutique\\\/product\\\/medical-pet-shirt-top-4in1\\\/#breadcrumb\",\"itemListElement\":[{\"@type\":\"ListItem\",\"position\":1,\"name\":\"Accueil\",\"item\":\"https:\\\/\\\/www.vetorino.com\\\/boutique\\\/\"},{\"@type\":\"ListItem\",\"position\":2,\"name\":\"Produits\",\"item\":\"https:\\\/\\\/www.vetorino.com\\\/boutique\\\/\"},{\"@type\":\"ListItem\",\"position\":3,\"name\":\"Medical Pet Shirt Top 4in1\"}]},{\"@type\":\"WebSite\",\"@id\":\"https:\\\/\\\/www.vetorino.com\\\/boutique\\\/#website\",\"url\":\"https:\\\/\\\/www.vetorino.com\\\/boutique\\\/\",\"name\":\"V\u00e9torino\",\"description\":\"\",\"publisher\":{\"@id\":\"https:\\\/\\\/www.vetorino.com\\\/boutique\\\/#organization\"},\"potentialAction\":[{\"@type\":\"SearchAction\",\"target\":{\"@type\":\"EntryPoint\",\"urlTemplate\":\"https:\\\/\\\/www.vetorino.com\\\/boutique\\\/?s={search_term_string}\"},\"query-input\":{\"@type\":\"PropertyValueSpecification\",\"valueRequired\":true,\"valueName\":\"search_term_string\"}}],\"inLanguage\":\"fr-FR\"},{\"@type\":\"Organization\",\"@id\":\"https:\\\/\\\/www.vetorino.com\\\/boutique\\\/#organization\",\"name\":\"V\u00e9torino\",\"url\":\"https:\\\/\\\/www.vetorino.com\\\/boutique\\\/\",\"logo\":{\"@type\":\"ImageObject\",\"inLanguage\":\"fr-FR\",\"@id\":\"https:\\\/\\\/www.vetorino.com\\\/boutique\\\/#\\\/schema\\\/logo\\\/image\\\/\",\"url\":\"https:\\\/\\\/www.vetorino.com\\\/boutique\\\/wp-content\\\/uploads\\\/2024\\\/10\\\/logo.jpg\",\"contentUrl\":\"https:\\\/\\\/www.vetorino.com\\\/boutique\\\/wp-content\\\/uploads\\\/2024\\\/10\\\/logo.jpg\",\"width\":1200,\"height\":610,\"caption\":\"V\u00e9torino\"},\"image\":{\"@id\":\"https:\\\/\\\/www.vetorino.com\\\/boutique\\\/#\\\/schema\\\/logo\\\/image\\\/\"},\"sameAs\":[\"https:\\\/\\\/www.facebook.com\\\/Vetorino\\\/\",\"https:\\\/\\\/www.instagram.com\\\/vetorino_off\\\/\",\"https:\\\/\\\/www.linkedin.com\\\/company\\\/vtorino\\\/\"]}]}<\/script>\n<meta property=\"product:brand\" content=\"Medical Pet Shirt\" \/>\n<meta property=\"og:availability\" content=\"instock\" \/>\n<meta property=\"product:availability\" content=\"instock\" \/>\n<meta property=\"product:condition\" content=\"new\" \/>\n<!-- \/ Yoast SEO plugin. -->","yoast_head_json":{"title":"Medical Pet Shirt Top 4in1 Medical Pet Shirt - V\u00e9torino","description":"Le gilet de protection Medical Pet Shirt Top 4in1 va couvrir le dos, le thorax et l'encolure de votre chien. Id\u00e9al apr\u00e8s une op\u00e9ration ou une blessure, ce gilet emp\u00eachera votre toutou de toucher ses plaies ou bandages.","robots":{"index":"noindex","follow":"nofollow"},"og_locale":"fr_FR","og_type":"article","og_title":"Medical Pet Shirt Top 4in1 Medical Pet Shirt - V\u00e9torino","og_description":"Le gilet de protection Medical Pet Shirt Top 4in1 va couvrir le dos, le thorax et l'encolure de votre chien. Id\u00e9al apr\u00e8s une op\u00e9ration ou une blessure, ce gilet emp\u00eachera votre toutou de toucher ses plaies ou bandages.","og_url":"https:\/\/www.vetorino.com\/veterinaire\/landos-43340\/boutique\/product\/medical-pet-shirt-top-4in1\/","og_site_name":"V\u00e9torino","article_publisher":"https:\/\/www.facebook.com\/Vetorino\/","article_modified_time":"2024-07-16T08:42:54+00:00","og_image":[{"width":800,"height":800,"url":"https:\/\/www.vetorino.com\/boutique\/wp-content\/uploads\/2020\/03\/gilet-de-protection-chien-medical-pet-shirt-top-4-en-1-t-l-12.jpg","type":"image\/jpeg"}],"twitter_card":"summary_large_image","twitter_misc":{"Disponibilit\u00e9":"En stock"},"schema":{"@context":"https:\/\/schema.org","@graph":[{"@type":"WebPage","@id":"https:\/\/www.vetorino.com\/boutique\/product\/medical-pet-shirt-top-4in1\/","url":"https:\/\/www.vetorino.com\/boutique\/product\/medical-pet-shirt-top-4in1\/","name":"Medical Pet Shirt Top 4in1 Medical Pet Shirt - V\u00e9torino","isPartOf":{"@id":"https:\/\/www.vetorino.com\/boutique\/#website"},"primaryImageOfPage":{"@id":"https:\/\/www.vetorino.com\/boutique\/product\/medical-pet-shirt-top-4in1\/#primaryimage"},"image":{"@id":"https:\/\/www.vetorino.com\/boutique\/product\/medical-pet-shirt-top-4in1\/#primaryimage"},"thumbnailUrl":"https:\/\/www.vetorino.com\/boutique\/wp-content\/uploads\/2020\/03\/gilet-de-protection-chien-medical-pet-shirt-top-4-en-1-t-l-12.jpg","datePublished":"2020-03-04T21:56:09+00:00","dateModified":"2024-07-16T08:42:54+00:00","description":"Le gilet de protection Medical Pet Shirt Top 4in1 va couvrir le dos, le thorax et l'encolure de votre chien. Id\u00e9al apr\u00e8s une op\u00e9ration ou une blessure, ce gilet emp\u00eachera votre toutou de toucher ses plaies ou bandages.","breadcrumb":{"@id":"https:\/\/www.vetorino.com\/boutique\/product\/medical-pet-shirt-top-4in1\/#breadcrumb"},"inLanguage":"fr-FR","potentialAction":[{"@type":"ReadAction","target":["https:\/\/www.vetorino.com\/boutique\/product\/medical-pet-shirt-top-4in1\/"]}]},{"@type":"ImageObject","inLanguage":"fr-FR","@id":"https:\/\/www.vetorino.com\/boutique\/product\/medical-pet-shirt-top-4in1\/#primaryimage","url":"https:\/\/www.vetorino.com\/boutique\/wp-content\/uploads\/2020\/03\/gilet-de-protection-chien-medical-pet-shirt-top-4-en-1-t-l-12.jpg","contentUrl":"https:\/\/www.vetorino.com\/boutique\/wp-content\/uploads\/2020\/03\/gilet-de-protection-chien-medical-pet-shirt-top-4-en-1-t-l-12.jpg","width":800,"height":800},{"@type":"BreadcrumbList","@id":"https:\/\/www.vetorino.com\/boutique\/product\/medical-pet-shirt-top-4in1\/#breadcrumb","itemListElement":[{"@type":"ListItem","position":1,"name":"Accueil","item":"https:\/\/www.vetorino.com\/boutique\/"},{"@type":"ListItem","position":2,"name":"Produits","item":"https:\/\/www.vetorino.com\/boutique\/"},{"@type":"ListItem","position":3,"name":"Medical Pet Shirt Top 4in1"}]},{"@type":"WebSite","@id":"https:\/\/www.vetorino.com\/boutique\/#website","url":"https:\/\/www.vetorino.com\/boutique\/","name":"V\u00e9torino","description":"","publisher":{"@id":"https:\/\/www.vetorino.com\/boutique\/#organization"},"potentialAction":[{"@type":"SearchAction","target":{"@type":"EntryPoint","urlTemplate":"https:\/\/www.vetorino.com\/boutique\/?s={search_term_string}"},"query-input":{"@type":"PropertyValueSpecification","valueRequired":true,"valueName":"search_term_string"}}],"inLanguage":"fr-FR"},{"@type":"Organization","@id":"https:\/\/www.vetorino.com\/boutique\/#organization","name":"V\u00e9torino","url":"https:\/\/www.vetorino.com\/boutique\/","logo":{"@type":"ImageObject","inLanguage":"fr-FR","@id":"https:\/\/www.vetorino.com\/boutique\/#\/schema\/logo\/image\/","url":"https:\/\/www.vetorino.com\/boutique\/wp-content\/uploads\/2024\/10\/logo.jpg","contentUrl":"https:\/\/www.vetorino.com\/boutique\/wp-content\/uploads\/2024\/10\/logo.jpg","width":1200,"height":610,"caption":"V\u00e9torino"},"image":{"@id":"https:\/\/www.vetorino.com\/boutique\/#\/schema\/logo\/image\/"},"sameAs":["https:\/\/www.facebook.com\/Vetorino\/","https:\/\/www.instagram.com\/vetorino_off\/","https:\/\/www.linkedin.com\/company\/vtorino\/"]}]},"product_brand":"Medical Pet Shirt","og_availability":"instock","product_availability":"instock","product_condition":"new"},"_links":{"self":[{"href":"https:\/\/www.vetorino.com\/veterinaire\/landos-43340\/boutique\/wp-json\/wp\/v2\/product\/35507","targetHints":{"allow":["GET"]}}],"collection":[{"href":"https:\/\/www.vetorino.com\/veterinaire\/landos-43340\/boutique\/wp-json\/wp\/v2\/product"}],"about":[{"href":"https:\/\/www.vetorino.com\/veterinaire\/landos-43340\/boutique\/wp-json\/wp\/v2\/types\/product"}],"wp:featuredmedia":[{"embeddable":true,"href":"https:\/\/www.vetorino.com\/veterinaire\/landos-43340\/boutique\/wp-json\/wp\/v2\/media\/77660"}],"wp:attachment":[{"href":"https:\/\/www.vetorino.com\/veterinaire\/landos-43340\/boutique\/wp-json\/wp\/v2\/media?parent=35507"}],"wp:term":[{"taxonomy":"product_cat","embeddable":true,"href":"https:\/\/www.vetorino.com\/veterinaire\/landos-43340\/boutique\/wp-json\/wp\/v2\/product_cat?post=35507"},{"taxonomy":"product_tag","embeddable":true,"href":"https:\/\/www.vetorino.com\/veterinaire\/landos-43340\/boutique\/wp-json\/wp\/v2\/product_tag?post=35507"}],"curies":[{"name":"wp","href":"https:\/\/api.w.org\/{rel}","templated":true}]}}