{"id":35810,"date":"2020-03-04T22:57:46","date_gmt":"2020-03-04T21:57:46","guid":{"rendered":"https:\/\/www.vetorino.com\/boutique\/product\/vetoquinol-care-calculs-urinaires-gel\/"},"modified":"2025-09-05T17:39:59","modified_gmt":"2025-09-05T15:39:59","slug":"vetoquinol-care-calculs-urinaires-gel","status":"publish","type":"product","link":"https:\/\/www.vetorino.com\/veterinaire\/landos-43340\/boutique\/product\/vetoquinol-care-calculs-urinaires-gel\/","title":{"rendered":"Calculs Urinaires \u2013 compl\u00e9ment chat &amp; chien"},"content":{"rendered":"<div class=\"hidden\">\n<div id=\"product-description-short-2454\">\n<p><strong>Le gel Calculs Urinaires aide \u00e0 diminuer les r\u00e9cidives de calculs de struvite gr\u00e2ce aux propri\u00e9t\u00e9s d\u2019acidification de l\u2019urine de la DL-M\u00e9thionine.<\/strong><\/p>\n<p>Profitable aux chats atteints du syndrome urologique f\u00e9lin (SUF), et aux chiens sujets \u00e0 la formation de calculs de struvite.<\/p>\n<p><strong>Mode d&#8217;emploi et voie d&#8217;administration :\u00a0<\/strong><\/p>\n<p><strong><br \/>\n<em>&#8211;\u00a0<\/em><\/strong><em>Chats : \u00bd &#8211; 1 cuill\u00e8re \u00e0 caf\u00e9 (3-6 g) 2 \u00e0 3 fois par jour<\/em><br \/>\n<em>&#8211; Chiens : \u00bd &#8211; 3 cuill\u00e8res \u00e0 caf\u00e9 2 \u00e0 3 fois par jour.<\/em><br \/>\n<em>&#8211; En compl\u00e9ment d&#8217;une alimentation adapt\u00e9e.<\/em><br \/>\n<em>&#8211; Directement dans la gueule de l&#8217;animal ou m\u00e9lang\u00e9 \u00e0 la nourriture ou \u00e0 l&#8217;eau de boisson.<\/em><\/p>\n<\/div>\n<\/div>\n","protected":false},"excerpt":{"rendered":"<p><strong>Le gel Calculs Urinaires aide \u00e0 diminuer les r\u00e9cidives de calculs de struvite gr\u00e2ce aux propri\u00e9t\u00e9s d\u2019acidification de l\u2019urine de la DL-M\u00e9thionine.<\/strong><\/p>\n<p><strong>Utilisation :<\/strong><\/p>\n<ul>\n<li>Chats atteints du syndrome urologique f\u00e9lin (SUF)<\/li>\n<li>Chiens sujets \u00e0 la formation de calculs de struvite.<\/li>\n<\/ul>\n","protected":false},"featured_media":1478636,"template":"","meta":[],"product_cat":[2730,2738,2697,2698,12645,12646],"product_tag":[],"class_list":{"0":"post-35810","1":"product","2":"type-product","3":"status-publish","4":"has-post-thumbnail","6":"product_cat-aliments-complementaires-pour-chat","7":"product_cat-aliments-complementaires-pour-chien","8":"product_cat-chat","9":"product_cat-chien","10":"product_cat-systeme-urinaire-du-chat","11":"product_cat-systeme-urinaire-du-chien","12":"pa_marque-vetoquinol","14":"first","15":"instock","16":"taxable","17":"shipping-taxable","18":"purchasable","19":"product-type-simple"},"yoast_head":"<!-- This site is optimized with the Yoast SEO plugin v27.3 - https:\/\/yoast.com\/product\/yoast-seo-wordpress\/ -->\n<title>Calculs Urinaires \u2013 compl\u00e9ment chat &amp; chien V\u00e9toquinol - V\u00e9torino<\/title>\n<meta name=\"description\" content=\"Le gel Calculs Urinaires aide \u00e0 diminuer les r\u00e9cidives de calculs de struvite gr\u00e2ce aux propri\u00e9t\u00e9s d\u2019acidification de l\u2019urine de la DL-M\u00e9thionine.  Utilisation :   Chats atteints du syndrome urologique f\u00e9lin (SUF)  Chiens sujets \u00e0 la formation de calculs de struvite.\" \/>\n<meta name=\"robots\" content=\"noindex, nofollow\" \/>\n<meta property=\"og:locale\" content=\"fr_FR\" \/>\n<meta property=\"og:type\" content=\"article\" \/>\n<meta property=\"og:title\" content=\"Calculs Urinaires \u2013 compl\u00e9ment chat &amp; chien V\u00e9toquinol - V\u00e9torino\" \/>\n<meta property=\"og:description\" content=\"Le gel Calculs Urinaires aide \u00e0 diminuer les r\u00e9cidives de calculs de struvite gr\u00e2ce aux propri\u00e9t\u00e9s d\u2019acidification de l\u2019urine de la DL-M\u00e9thionine.  Utilisation :   Chats atteints du syndrome urologique f\u00e9lin (SUF)  Chiens sujets \u00e0 la formation de calculs de struvite.\" \/>\n<meta property=\"og:url\" content=\"https:\/\/www.vetorino.com\/veterinaire\/landos-43340\/boutique\/product\/vetoquinol-care-calculs-urinaires-gel\/\" \/>\n<meta property=\"og:site_name\" content=\"V\u00e9torino\" \/>\n<meta property=\"article:publisher\" content=\"https:\/\/www.facebook.com\/Vetorino\/\" \/>\n<meta property=\"article:modified_time\" content=\"2025-09-05T15:39:59+00:00\" \/>\n<meta property=\"og:image\" content=\"https:\/\/www.vetorino.com\/boutique\/wp-content\/uploads\/2020\/03\/calculs-urinaires-gel.webp\" \/>\n\t<meta property=\"og:image:width\" content=\"800\" \/>\n\t<meta property=\"og:image:height\" content=\"800\" \/>\n\t<meta property=\"og:image:type\" content=\"image\/webp\" \/>\n<meta name=\"twitter:card\" content=\"summary_large_image\" \/>\n<meta name=\"twitter:label1\" content=\"Prix\" \/>\n\t<meta name=\"twitter:data1\" content=\"14,66&euro;\" \/>\n\t<meta name=\"twitter:label2\" content=\"Disponibilit\u00e9\" \/>\n\t<meta name=\"twitter:data2\" content=\"En stock\" \/>\n<script type=\"application\/ld+json\" class=\"yoast-schema-graph\">{\"@context\":\"https:\\\/\\\/schema.org\",\"@graph\":[{\"@type\":\"WebPage\",\"@id\":\"https:\\\/\\\/www.vetorino.com\\\/boutique\\\/product\\\/vetoquinol-care-calculs-urinaires-gel\\\/\",\"url\":\"https:\\\/\\\/www.vetorino.com\\\/boutique\\\/product\\\/vetoquinol-care-calculs-urinaires-gel\\\/\",\"name\":\"Calculs Urinaires \u2013 compl\u00e9ment chat &amp; chien V\u00e9toquinol - V\u00e9torino\",\"isPartOf\":{\"@id\":\"https:\\\/\\\/www.vetorino.com\\\/boutique\\\/#website\"},\"primaryImageOfPage\":{\"@id\":\"https:\\\/\\\/www.vetorino.com\\\/boutique\\\/product\\\/vetoquinol-care-calculs-urinaires-gel\\\/#primaryimage\"},\"image\":{\"@id\":\"https:\\\/\\\/www.vetorino.com\\\/boutique\\\/product\\\/vetoquinol-care-calculs-urinaires-gel\\\/#primaryimage\"},\"thumbnailUrl\":\"https:\\\/\\\/www.vetorino.com\\\/boutique\\\/wp-content\\\/uploads\\\/2020\\\/03\\\/calculs-urinaires-gel.webp\",\"datePublished\":\"2020-03-04T21:57:46+00:00\",\"dateModified\":\"2025-09-05T15:39:59+00:00\",\"description\":\"Le gel Calculs Urinaires aide \u00e0 diminuer les r\u00e9cidives de calculs de struvite gr\u00e2ce aux propri\u00e9t\u00e9s d\u2019acidification de l\u2019urine de la DL-M\u00e9thionine. Utilisation : Chats atteints du syndrome urologique f\u00e9lin (SUF) Chiens sujets \u00e0 la formation de calculs de struvite.\",\"breadcrumb\":{\"@id\":\"https:\\\/\\\/www.vetorino.com\\\/boutique\\\/product\\\/vetoquinol-care-calculs-urinaires-gel\\\/#breadcrumb\"},\"inLanguage\":\"fr-FR\",\"potentialAction\":[{\"@type\":\"ReadAction\",\"target\":[\"https:\\\/\\\/www.vetorino.com\\\/boutique\\\/product\\\/vetoquinol-care-calculs-urinaires-gel\\\/\"]}]},{\"@type\":\"ImageObject\",\"inLanguage\":\"fr-FR\",\"@id\":\"https:\\\/\\\/www.vetorino.com\\\/boutique\\\/product\\\/vetoquinol-care-calculs-urinaires-gel\\\/#primaryimage\",\"url\":\"https:\\\/\\\/www.vetorino.com\\\/boutique\\\/wp-content\\\/uploads\\\/2020\\\/03\\\/calculs-urinaires-gel.webp\",\"contentUrl\":\"https:\\\/\\\/www.vetorino.com\\\/boutique\\\/wp-content\\\/uploads\\\/2020\\\/03\\\/calculs-urinaires-gel.webp\",\"width\":800,\"height\":800},{\"@type\":\"BreadcrumbList\",\"@id\":\"https:\\\/\\\/www.vetorino.com\\\/boutique\\\/product\\\/vetoquinol-care-calculs-urinaires-gel\\\/#breadcrumb\",\"itemListElement\":[{\"@type\":\"ListItem\",\"position\":1,\"name\":\"Accueil\",\"item\":\"https:\\\/\\\/www.vetorino.com\\\/boutique\\\/\"},{\"@type\":\"ListItem\",\"position\":2,\"name\":\"Produits\",\"item\":\"https:\\\/\\\/www.vetorino.com\\\/boutique\\\/\"},{\"@type\":\"ListItem\",\"position\":3,\"name\":\"Calculs Urinaires \u2013 compl\u00e9ment chat &amp; chien\"}]},{\"@type\":\"WebSite\",\"@id\":\"https:\\\/\\\/www.vetorino.com\\\/boutique\\\/#website\",\"url\":\"https:\\\/\\\/www.vetorino.com\\\/boutique\\\/\",\"name\":\"V\u00e9torino\",\"description\":\"\",\"publisher\":{\"@id\":\"https:\\\/\\\/www.vetorino.com\\\/boutique\\\/#organization\"},\"potentialAction\":[{\"@type\":\"SearchAction\",\"target\":{\"@type\":\"EntryPoint\",\"urlTemplate\":\"https:\\\/\\\/www.vetorino.com\\\/boutique\\\/?s={search_term_string}\"},\"query-input\":{\"@type\":\"PropertyValueSpecification\",\"valueRequired\":true,\"valueName\":\"search_term_string\"}}],\"inLanguage\":\"fr-FR\"},{\"@type\":\"Organization\",\"@id\":\"https:\\\/\\\/www.vetorino.com\\\/boutique\\\/#organization\",\"name\":\"V\u00e9torino\",\"url\":\"https:\\\/\\\/www.vetorino.com\\\/boutique\\\/\",\"logo\":{\"@type\":\"ImageObject\",\"inLanguage\":\"fr-FR\",\"@id\":\"https:\\\/\\\/www.vetorino.com\\\/boutique\\\/#\\\/schema\\\/logo\\\/image\\\/\",\"url\":\"https:\\\/\\\/www.vetorino.com\\\/boutique\\\/wp-content\\\/uploads\\\/2024\\\/10\\\/logo.jpg\",\"contentUrl\":\"https:\\\/\\\/www.vetorino.com\\\/boutique\\\/wp-content\\\/uploads\\\/2024\\\/10\\\/logo.jpg\",\"width\":1200,\"height\":610,\"caption\":\"V\u00e9torino\"},\"image\":{\"@id\":\"https:\\\/\\\/www.vetorino.com\\\/boutique\\\/#\\\/schema\\\/logo\\\/image\\\/\"},\"sameAs\":[\"https:\\\/\\\/www.facebook.com\\\/Vetorino\\\/\",\"https:\\\/\\\/www.instagram.com\\\/vetorino_off\\\/\",\"https:\\\/\\\/www.linkedin.com\\\/company\\\/vtorino\\\/\"]}]}<\/script>\n<meta property=\"product:brand\" content=\"V\u00e9toquinol\" \/>\n<meta property=\"product:price:amount\" content=\"14.66\" \/>\n<meta property=\"product:price:currency\" content=\"EUR\" \/>\n<meta property=\"og:availability\" content=\"instock\" \/>\n<meta property=\"product:availability\" content=\"instock\" \/>\n<meta property=\"product:retailer_item_id\" content=\"A-8133321\" \/>\n<meta property=\"product:condition\" content=\"new\" \/>\n<!-- \/ Yoast SEO plugin. -->","yoast_head_json":{"title":"Calculs Urinaires \u2013 compl\u00e9ment chat &amp; chien V\u00e9toquinol - V\u00e9torino","description":"Le gel Calculs Urinaires aide \u00e0 diminuer les r\u00e9cidives de calculs de struvite gr\u00e2ce aux propri\u00e9t\u00e9s d\u2019acidification de l\u2019urine de la DL-M\u00e9thionine.  Utilisation :   Chats atteints du syndrome urologique f\u00e9lin (SUF)  Chiens sujets \u00e0 la formation de calculs de struvite.","robots":{"index":"noindex","follow":"nofollow"},"og_locale":"fr_FR","og_type":"article","og_title":"Calculs Urinaires \u2013 compl\u00e9ment chat &amp; chien V\u00e9toquinol - V\u00e9torino","og_description":"Le gel Calculs Urinaires aide \u00e0 diminuer les r\u00e9cidives de calculs de struvite gr\u00e2ce aux propri\u00e9t\u00e9s d\u2019acidification de l\u2019urine de la DL-M\u00e9thionine.  Utilisation :   Chats atteints du syndrome urologique f\u00e9lin (SUF)  Chiens sujets \u00e0 la formation de calculs de struvite.","og_url":"https:\/\/www.vetorino.com\/veterinaire\/landos-43340\/boutique\/product\/vetoquinol-care-calculs-urinaires-gel\/","og_site_name":"V\u00e9torino","article_publisher":"https:\/\/www.facebook.com\/Vetorino\/","article_modified_time":"2025-09-05T15:39:59+00:00","og_image":[{"width":800,"height":800,"url":"https:\/\/www.vetorino.com\/boutique\/wp-content\/uploads\/2020\/03\/calculs-urinaires-gel.webp","type":"image\/webp"}],"twitter_card":"summary_large_image","twitter_misc":{"Prix":"14,66&euro;","Disponibilit\u00e9":"En stock"},"schema":{"@context":"https:\/\/schema.org","@graph":[{"@type":"WebPage","@id":"https:\/\/www.vetorino.com\/boutique\/product\/vetoquinol-care-calculs-urinaires-gel\/","url":"https:\/\/www.vetorino.com\/boutique\/product\/vetoquinol-care-calculs-urinaires-gel\/","name":"Calculs Urinaires \u2013 compl\u00e9ment chat &amp; chien V\u00e9toquinol - V\u00e9torino","isPartOf":{"@id":"https:\/\/www.vetorino.com\/boutique\/#website"},"primaryImageOfPage":{"@id":"https:\/\/www.vetorino.com\/boutique\/product\/vetoquinol-care-calculs-urinaires-gel\/#primaryimage"},"image":{"@id":"https:\/\/www.vetorino.com\/boutique\/product\/vetoquinol-care-calculs-urinaires-gel\/#primaryimage"},"thumbnailUrl":"https:\/\/www.vetorino.com\/boutique\/wp-content\/uploads\/2020\/03\/calculs-urinaires-gel.webp","datePublished":"2020-03-04T21:57:46+00:00","dateModified":"2025-09-05T15:39:59+00:00","description":"Le gel Calculs Urinaires aide \u00e0 diminuer les r\u00e9cidives de calculs de struvite gr\u00e2ce aux propri\u00e9t\u00e9s d\u2019acidification de l\u2019urine de la DL-M\u00e9thionine. Utilisation : Chats atteints du syndrome urologique f\u00e9lin (SUF) Chiens sujets \u00e0 la formation de calculs de struvite.","breadcrumb":{"@id":"https:\/\/www.vetorino.com\/boutique\/product\/vetoquinol-care-calculs-urinaires-gel\/#breadcrumb"},"inLanguage":"fr-FR","potentialAction":[{"@type":"ReadAction","target":["https:\/\/www.vetorino.com\/boutique\/product\/vetoquinol-care-calculs-urinaires-gel\/"]}]},{"@type":"ImageObject","inLanguage":"fr-FR","@id":"https:\/\/www.vetorino.com\/boutique\/product\/vetoquinol-care-calculs-urinaires-gel\/#primaryimage","url":"https:\/\/www.vetorino.com\/boutique\/wp-content\/uploads\/2020\/03\/calculs-urinaires-gel.webp","contentUrl":"https:\/\/www.vetorino.com\/boutique\/wp-content\/uploads\/2020\/03\/calculs-urinaires-gel.webp","width":800,"height":800},{"@type":"BreadcrumbList","@id":"https:\/\/www.vetorino.com\/boutique\/product\/vetoquinol-care-calculs-urinaires-gel\/#breadcrumb","itemListElement":[{"@type":"ListItem","position":1,"name":"Accueil","item":"https:\/\/www.vetorino.com\/boutique\/"},{"@type":"ListItem","position":2,"name":"Produits","item":"https:\/\/www.vetorino.com\/boutique\/"},{"@type":"ListItem","position":3,"name":"Calculs Urinaires \u2013 compl\u00e9ment chat &amp; chien"}]},{"@type":"WebSite","@id":"https:\/\/www.vetorino.com\/boutique\/#website","url":"https:\/\/www.vetorino.com\/boutique\/","name":"V\u00e9torino","description":"","publisher":{"@id":"https:\/\/www.vetorino.com\/boutique\/#organization"},"potentialAction":[{"@type":"SearchAction","target":{"@type":"EntryPoint","urlTemplate":"https:\/\/www.vetorino.com\/boutique\/?s={search_term_string}"},"query-input":{"@type":"PropertyValueSpecification","valueRequired":true,"valueName":"search_term_string"}}],"inLanguage":"fr-FR"},{"@type":"Organization","@id":"https:\/\/www.vetorino.com\/boutique\/#organization","name":"V\u00e9torino","url":"https:\/\/www.vetorino.com\/boutique\/","logo":{"@type":"ImageObject","inLanguage":"fr-FR","@id":"https:\/\/www.vetorino.com\/boutique\/#\/schema\/logo\/image\/","url":"https:\/\/www.vetorino.com\/boutique\/wp-content\/uploads\/2024\/10\/logo.jpg","contentUrl":"https:\/\/www.vetorino.com\/boutique\/wp-content\/uploads\/2024\/10\/logo.jpg","width":1200,"height":610,"caption":"V\u00e9torino"},"image":{"@id":"https:\/\/www.vetorino.com\/boutique\/#\/schema\/logo\/image\/"},"sameAs":["https:\/\/www.facebook.com\/Vetorino\/","https:\/\/www.instagram.com\/vetorino_off\/","https:\/\/www.linkedin.com\/company\/vtorino\/"]}]},"product_brand":"V\u00e9toquinol","product_price_amount":"14.66","product_price_currency":"EUR","og_availability":"instock","product_availability":"instock","product_retailer_item_id":"A-8133321","product_condition":"new"},"_links":{"self":[{"href":"https:\/\/www.vetorino.com\/veterinaire\/landos-43340\/boutique\/wp-json\/wp\/v2\/product\/35810","targetHints":{"allow":["GET"]}}],"collection":[{"href":"https:\/\/www.vetorino.com\/veterinaire\/landos-43340\/boutique\/wp-json\/wp\/v2\/product"}],"about":[{"href":"https:\/\/www.vetorino.com\/veterinaire\/landos-43340\/boutique\/wp-json\/wp\/v2\/types\/product"}],"wp:featuredmedia":[{"embeddable":true,"href":"https:\/\/www.vetorino.com\/veterinaire\/landos-43340\/boutique\/wp-json\/wp\/v2\/media\/1478636"}],"wp:attachment":[{"href":"https:\/\/www.vetorino.com\/veterinaire\/landos-43340\/boutique\/wp-json\/wp\/v2\/media?parent=35810"}],"wp:term":[{"taxonomy":"product_cat","embeddable":true,"href":"https:\/\/www.vetorino.com\/veterinaire\/landos-43340\/boutique\/wp-json\/wp\/v2\/product_cat?post=35810"},{"taxonomy":"product_tag","embeddable":true,"href":"https:\/\/www.vetorino.com\/veterinaire\/landos-43340\/boutique\/wp-json\/wp\/v2\/product_tag?post=35810"}],"curies":[{"name":"wp","href":"https:\/\/api.w.org\/{rel}","templated":true}]}}