{"id":36027,"date":"2020-03-04T23:01:23","date_gmt":"2020-03-04T22:01:23","guid":{"rendered":"https:\/\/www.vetorino.com\/boutique\/product\/shampooing-insectifuge\/"},"modified":"2026-02-24T16:56:02","modified_gmt":"2026-02-24T15:56:02","slug":"shampooing-insectifuge","status":"publish","type":"product","link":"https:\/\/www.vetorino.com\/veterinaire\/landos-43340\/boutique\/product\/shampooing-insectifuge\/","title":{"rendered":"Shampooing Insectifuge &#8211; chien"},"content":{"rendered":"<p><strong>Le shampooing insectifuge Greenvet<\/strong> est un <strong>produit antiparasitaire<\/strong> pour chien \u00e0 base d&#8217;huile essentielle de lavandin et d&#8217;extrait de Margosa, avec une agr\u00e9able senteur de lavande.<\/p>\n<p>Il convient \u00e0 <strong>tout type de pelage<\/strong>, offrant une protection instantan\u00e9e contre les parasites piqueurs tels que les moustiques, les puces et les tiques.<\/p>\n<p><strong>Les avantages de ce produit :\u00a0<\/strong><\/p>\n<ul>\n<li>\u00c9loigne les parasites externes<\/li>\n<li>Limite les piq\u00fbres<\/li>\n<li>Senteur de lavande<\/li>\n<li>Action instantan\u00e9e<\/li>\n<li>Convient \u00e0 tout type de pelage<\/li>\n<li>Convient aux peaux sensibles<\/li>\n<li>Shampooing naturel<\/li>\n<li>Sans paraben, ni colorant<\/li>\n<li>Peut-\u00eatre utilis\u00e9 fr\u00e9quemment<\/li>\n<\/ul>\n<p><strong>\u26a0\u00a0 Attention<\/strong> :<strong> Provoque une s\u00e9v\u00e8re irritation des yeux<\/strong>. En cas de contact avec les yeux, rincer \u00e0 l&#8217;eau pendant quelques minutes. Si l&#8217;irritation oculaire persiste, consulter un m\u00e9decin.<\/p>\n<p><strong>Mode d&#8217;emploi :<\/strong><\/p>\n<ol>\n<li>Mouiller tout le corps de l&#8217;animal \u00e0 l&#8217;eau ti\u00e8de.<\/li>\n<li>R\u00e9partir le shampooing derri\u00e8re le cou et sur la ligne du dos.<\/li>\n<li>Faire mousser en \u00e9talant le shampooing de chaque c\u00f4t\u00e9 du corps.<\/li>\n<li>Rincer abondamment \u00e0 l&#8217;eau claire.<\/li>\n<li>L&#8217;application peut \u00eatre renouvel\u00e9e 2 fois par semaine en cas de forte pression parasitaire.<\/li>\n<\/ol>\n","protected":false},"excerpt":{"rendered":"<p><strong>Le shampooing insectifuge Greenvet<\/strong> est un <strong>produit antiparasitaire<\/strong> pour chien \u00e0 base d&#8217;huile essentielle de lavandin et d&#8217;extrait de Margosa, avec une agr\u00e9able senteur de lavande.<\/p>\n<p>Il convient \u00e0 <strong>tout type de pelage<\/strong>, offrant une protection instantan\u00e9e contre les parasites piqueurs tels que les moustiques, les puces et les tiques.<\/p>\n","protected":false},"featured_media":1717554,"template":"","meta":[],"product_cat":[2698,12611,12612,12560,12561],"product_tag":[],"class_list":{"0":"post-36027","1":"product","2":"type-product","3":"status-publish","4":"has-post-thumbnail","6":"product_cat-chien","7":"product_cat-hygiene-de-la-peau-et-du-pelage-du-chat","8":"product_cat-hygiene-de-la-peau-et-du-pelage-du-chien","9":"product_cat-hygiene-du-chat","10":"product_cat-hygiene-du-chien","11":"pa_marque-greenvet","13":"first","14":"instock","15":"taxable","16":"shipping-taxable","17":"purchasable","18":"product-type-simple"},"yoast_head":"<!-- This site is optimized with the Yoast SEO plugin v27.3 - https:\/\/yoast.com\/product\/yoast-seo-wordpress\/ -->\n<title>Shampooing Insectifuge - chien Greenvet - V\u00e9torino<\/title>\n<meta name=\"description\" content=\"Le shampooing insectifuge Greenvet est un produit antiparasitaire pour chien \u00e0 base d&#039;huile essentielle de lavandin et d&#039;extrait de Margosa, avec une agr\u00e9able senteur de lavande.  Il convient \u00e0 tout type de pelage, offrant une protection instantan\u00e9e contre les parasites piqueurs tels que les moustiques, les puces et les tiques.\" \/>\n<meta name=\"robots\" content=\"noindex, nofollow\" \/>\n<meta property=\"og:locale\" content=\"fr_FR\" \/>\n<meta property=\"og:type\" content=\"article\" \/>\n<meta property=\"og:title\" content=\"Shampooing Insectifuge - chien Greenvet - V\u00e9torino\" \/>\n<meta property=\"og:description\" content=\"Le shampooing insectifuge Greenvet est un produit antiparasitaire pour chien \u00e0 base d&#039;huile essentielle de lavandin et d&#039;extrait de Margosa, avec une agr\u00e9able senteur de lavande.  Il convient \u00e0 tout type de pelage, offrant une protection instantan\u00e9e contre les parasites piqueurs tels que les moustiques, les puces et les tiques.\" \/>\n<meta property=\"og:url\" content=\"https:\/\/www.vetorino.com\/veterinaire\/landos-43340\/boutique\/product\/shampooing-insectifuge\/\" \/>\n<meta property=\"og:site_name\" content=\"V\u00e9torino\" \/>\n<meta property=\"article:publisher\" content=\"https:\/\/www.facebook.com\/Vetorino\/\" \/>\n<meta property=\"article:modified_time\" content=\"2026-02-24T15:56:02+00:00\" \/>\n<meta property=\"og:image\" content=\"https:\/\/www.vetorino.com\/boutique\/wp-content\/uploads\/2020\/03\/shampoing-insectifuge-greenvet.webp\" \/>\n\t<meta property=\"og:image:width\" content=\"600\" \/>\n\t<meta property=\"og:image:height\" content=\"700\" \/>\n\t<meta property=\"og:image:type\" content=\"image\/webp\" \/>\n<meta name=\"twitter:card\" content=\"summary_large_image\" \/>\n<meta name=\"twitter:label1\" content=\"Prix\" \/>\n\t<meta name=\"twitter:data1\" content=\"12,79&euro;\" \/>\n\t<meta name=\"twitter:label2\" content=\"Disponibilit\u00e9\" \/>\n\t<meta name=\"twitter:data2\" content=\"En stock\" \/>\n<script type=\"application\/ld+json\" class=\"yoast-schema-graph\">{\"@context\":\"https:\\\/\\\/schema.org\",\"@graph\":[{\"@type\":\"WebPage\",\"@id\":\"https:\\\/\\\/www.vetorino.com\\\/boutique\\\/product\\\/shampooing-insectifuge\\\/\",\"url\":\"https:\\\/\\\/www.vetorino.com\\\/boutique\\\/product\\\/shampooing-insectifuge\\\/\",\"name\":\"Shampooing Insectifuge - chien Greenvet - V\u00e9torino\",\"isPartOf\":{\"@id\":\"https:\\\/\\\/www.vetorino.com\\\/boutique\\\/#website\"},\"primaryImageOfPage\":{\"@id\":\"https:\\\/\\\/www.vetorino.com\\\/boutique\\\/product\\\/shampooing-insectifuge\\\/#primaryimage\"},\"image\":{\"@id\":\"https:\\\/\\\/www.vetorino.com\\\/boutique\\\/product\\\/shampooing-insectifuge\\\/#primaryimage\"},\"thumbnailUrl\":\"https:\\\/\\\/www.vetorino.com\\\/boutique\\\/wp-content\\\/uploads\\\/2020\\\/03\\\/shampoing-insectifuge-greenvet.webp\",\"datePublished\":\"2020-03-04T22:01:23+00:00\",\"dateModified\":\"2026-02-24T15:56:02+00:00\",\"description\":\"Le shampooing insectifuge Greenvet est un produit antiparasitaire pour chien \u00e0 base d'huile essentielle de lavandin et d'extrait de Margosa, avec une agr\u00e9able senteur de lavande. Il convient \u00e0 tout type de pelage, offrant une protection instantan\u00e9e contre les parasites piqueurs tels que les moustiques, les puces et les tiques.\",\"breadcrumb\":{\"@id\":\"https:\\\/\\\/www.vetorino.com\\\/boutique\\\/product\\\/shampooing-insectifuge\\\/#breadcrumb\"},\"inLanguage\":\"fr-FR\",\"potentialAction\":[{\"@type\":\"ReadAction\",\"target\":[\"https:\\\/\\\/www.vetorino.com\\\/boutique\\\/product\\\/shampooing-insectifuge\\\/\"]}]},{\"@type\":\"ImageObject\",\"inLanguage\":\"fr-FR\",\"@id\":\"https:\\\/\\\/www.vetorino.com\\\/boutique\\\/product\\\/shampooing-insectifuge\\\/#primaryimage\",\"url\":\"https:\\\/\\\/www.vetorino.com\\\/boutique\\\/wp-content\\\/uploads\\\/2020\\\/03\\\/shampoing-insectifuge-greenvet.webp\",\"contentUrl\":\"https:\\\/\\\/www.vetorino.com\\\/boutique\\\/wp-content\\\/uploads\\\/2020\\\/03\\\/shampoing-insectifuge-greenvet.webp\",\"width\":600,\"height\":700},{\"@type\":\"BreadcrumbList\",\"@id\":\"https:\\\/\\\/www.vetorino.com\\\/boutique\\\/product\\\/shampooing-insectifuge\\\/#breadcrumb\",\"itemListElement\":[{\"@type\":\"ListItem\",\"position\":1,\"name\":\"Accueil\",\"item\":\"https:\\\/\\\/www.vetorino.com\\\/boutique\\\/\"},{\"@type\":\"ListItem\",\"position\":2,\"name\":\"Produits\",\"item\":\"https:\\\/\\\/www.vetorino.com\\\/boutique\\\/\"},{\"@type\":\"ListItem\",\"position\":3,\"name\":\"Shampooing Insectifuge &#8211; chien\"}]},{\"@type\":\"WebSite\",\"@id\":\"https:\\\/\\\/www.vetorino.com\\\/boutique\\\/#website\",\"url\":\"https:\\\/\\\/www.vetorino.com\\\/boutique\\\/\",\"name\":\"V\u00e9torino\",\"description\":\"\",\"publisher\":{\"@id\":\"https:\\\/\\\/www.vetorino.com\\\/boutique\\\/#organization\"},\"potentialAction\":[{\"@type\":\"SearchAction\",\"target\":{\"@type\":\"EntryPoint\",\"urlTemplate\":\"https:\\\/\\\/www.vetorino.com\\\/boutique\\\/?s={search_term_string}\"},\"query-input\":{\"@type\":\"PropertyValueSpecification\",\"valueRequired\":true,\"valueName\":\"search_term_string\"}}],\"inLanguage\":\"fr-FR\"},{\"@type\":\"Organization\",\"@id\":\"https:\\\/\\\/www.vetorino.com\\\/boutique\\\/#organization\",\"name\":\"V\u00e9torino\",\"url\":\"https:\\\/\\\/www.vetorino.com\\\/boutique\\\/\",\"logo\":{\"@type\":\"ImageObject\",\"inLanguage\":\"fr-FR\",\"@id\":\"https:\\\/\\\/www.vetorino.com\\\/boutique\\\/#\\\/schema\\\/logo\\\/image\\\/\",\"url\":\"https:\\\/\\\/www.vetorino.com\\\/boutique\\\/wp-content\\\/uploads\\\/2024\\\/10\\\/logo.jpg\",\"contentUrl\":\"https:\\\/\\\/www.vetorino.com\\\/boutique\\\/wp-content\\\/uploads\\\/2024\\\/10\\\/logo.jpg\",\"width\":1200,\"height\":610,\"caption\":\"V\u00e9torino\"},\"image\":{\"@id\":\"https:\\\/\\\/www.vetorino.com\\\/boutique\\\/#\\\/schema\\\/logo\\\/image\\\/\"},\"sameAs\":[\"https:\\\/\\\/www.facebook.com\\\/Vetorino\\\/\",\"https:\\\/\\\/www.instagram.com\\\/vetorino_off\\\/\",\"https:\\\/\\\/www.linkedin.com\\\/company\\\/vtorino\\\/\"]}]}<\/script>\n<meta property=\"product:brand\" content=\"Greenvet\" \/>\n<meta property=\"product:price:amount\" content=\"12.79\" \/>\n<meta property=\"product:price:currency\" content=\"EUR\" \/>\n<meta property=\"og:availability\" content=\"instock\" \/>\n<meta property=\"product:availability\" content=\"instock\" \/>\n<meta property=\"product:retailer_item_id\" content=\"A-8119686\" \/>\n<meta property=\"product:condition\" content=\"new\" \/>\n<!-- \/ Yoast SEO plugin. -->","yoast_head_json":{"title":"Shampooing Insectifuge - chien Greenvet - V\u00e9torino","description":"Le shampooing insectifuge Greenvet est un produit antiparasitaire pour chien \u00e0 base d'huile essentielle de lavandin et d'extrait de Margosa, avec une agr\u00e9able senteur de lavande.  Il convient \u00e0 tout type de pelage, offrant une protection instantan\u00e9e contre les parasites piqueurs tels que les moustiques, les puces et les tiques.","robots":{"index":"noindex","follow":"nofollow"},"og_locale":"fr_FR","og_type":"article","og_title":"Shampooing Insectifuge - chien Greenvet - V\u00e9torino","og_description":"Le shampooing insectifuge Greenvet est un produit antiparasitaire pour chien \u00e0 base d'huile essentielle de lavandin et d'extrait de Margosa, avec une agr\u00e9able senteur de lavande.  Il convient \u00e0 tout type de pelage, offrant une protection instantan\u00e9e contre les parasites piqueurs tels que les moustiques, les puces et les tiques.","og_url":"https:\/\/www.vetorino.com\/veterinaire\/landos-43340\/boutique\/product\/shampooing-insectifuge\/","og_site_name":"V\u00e9torino","article_publisher":"https:\/\/www.facebook.com\/Vetorino\/","article_modified_time":"2026-02-24T15:56:02+00:00","og_image":[{"width":600,"height":700,"url":"https:\/\/www.vetorino.com\/boutique\/wp-content\/uploads\/2020\/03\/shampoing-insectifuge-greenvet.webp","type":"image\/webp"}],"twitter_card":"summary_large_image","twitter_misc":{"Prix":"12,79&euro;","Disponibilit\u00e9":"En stock"},"schema":{"@context":"https:\/\/schema.org","@graph":[{"@type":"WebPage","@id":"https:\/\/www.vetorino.com\/boutique\/product\/shampooing-insectifuge\/","url":"https:\/\/www.vetorino.com\/boutique\/product\/shampooing-insectifuge\/","name":"Shampooing Insectifuge - chien Greenvet - V\u00e9torino","isPartOf":{"@id":"https:\/\/www.vetorino.com\/boutique\/#website"},"primaryImageOfPage":{"@id":"https:\/\/www.vetorino.com\/boutique\/product\/shampooing-insectifuge\/#primaryimage"},"image":{"@id":"https:\/\/www.vetorino.com\/boutique\/product\/shampooing-insectifuge\/#primaryimage"},"thumbnailUrl":"https:\/\/www.vetorino.com\/boutique\/wp-content\/uploads\/2020\/03\/shampoing-insectifuge-greenvet.webp","datePublished":"2020-03-04T22:01:23+00:00","dateModified":"2026-02-24T15:56:02+00:00","description":"Le shampooing insectifuge Greenvet est un produit antiparasitaire pour chien \u00e0 base d'huile essentielle de lavandin et d'extrait de Margosa, avec une agr\u00e9able senteur de lavande. Il convient \u00e0 tout type de pelage, offrant une protection instantan\u00e9e contre les parasites piqueurs tels que les moustiques, les puces et les tiques.","breadcrumb":{"@id":"https:\/\/www.vetorino.com\/boutique\/product\/shampooing-insectifuge\/#breadcrumb"},"inLanguage":"fr-FR","potentialAction":[{"@type":"ReadAction","target":["https:\/\/www.vetorino.com\/boutique\/product\/shampooing-insectifuge\/"]}]},{"@type":"ImageObject","inLanguage":"fr-FR","@id":"https:\/\/www.vetorino.com\/boutique\/product\/shampooing-insectifuge\/#primaryimage","url":"https:\/\/www.vetorino.com\/boutique\/wp-content\/uploads\/2020\/03\/shampoing-insectifuge-greenvet.webp","contentUrl":"https:\/\/www.vetorino.com\/boutique\/wp-content\/uploads\/2020\/03\/shampoing-insectifuge-greenvet.webp","width":600,"height":700},{"@type":"BreadcrumbList","@id":"https:\/\/www.vetorino.com\/boutique\/product\/shampooing-insectifuge\/#breadcrumb","itemListElement":[{"@type":"ListItem","position":1,"name":"Accueil","item":"https:\/\/www.vetorino.com\/boutique\/"},{"@type":"ListItem","position":2,"name":"Produits","item":"https:\/\/www.vetorino.com\/boutique\/"},{"@type":"ListItem","position":3,"name":"Shampooing Insectifuge &#8211; chien"}]},{"@type":"WebSite","@id":"https:\/\/www.vetorino.com\/boutique\/#website","url":"https:\/\/www.vetorino.com\/boutique\/","name":"V\u00e9torino","description":"","publisher":{"@id":"https:\/\/www.vetorino.com\/boutique\/#organization"},"potentialAction":[{"@type":"SearchAction","target":{"@type":"EntryPoint","urlTemplate":"https:\/\/www.vetorino.com\/boutique\/?s={search_term_string}"},"query-input":{"@type":"PropertyValueSpecification","valueRequired":true,"valueName":"search_term_string"}}],"inLanguage":"fr-FR"},{"@type":"Organization","@id":"https:\/\/www.vetorino.com\/boutique\/#organization","name":"V\u00e9torino","url":"https:\/\/www.vetorino.com\/boutique\/","logo":{"@type":"ImageObject","inLanguage":"fr-FR","@id":"https:\/\/www.vetorino.com\/boutique\/#\/schema\/logo\/image\/","url":"https:\/\/www.vetorino.com\/boutique\/wp-content\/uploads\/2024\/10\/logo.jpg","contentUrl":"https:\/\/www.vetorino.com\/boutique\/wp-content\/uploads\/2024\/10\/logo.jpg","width":1200,"height":610,"caption":"V\u00e9torino"},"image":{"@id":"https:\/\/www.vetorino.com\/boutique\/#\/schema\/logo\/image\/"},"sameAs":["https:\/\/www.facebook.com\/Vetorino\/","https:\/\/www.instagram.com\/vetorino_off\/","https:\/\/www.linkedin.com\/company\/vtorino\/"]}]},"product_brand":"Greenvet","product_price_amount":"12.79","product_price_currency":"EUR","og_availability":"instock","product_availability":"instock","product_retailer_item_id":"A-8119686","product_condition":"new"},"_links":{"self":[{"href":"https:\/\/www.vetorino.com\/veterinaire\/landos-43340\/boutique\/wp-json\/wp\/v2\/product\/36027","targetHints":{"allow":["GET"]}}],"collection":[{"href":"https:\/\/www.vetorino.com\/veterinaire\/landos-43340\/boutique\/wp-json\/wp\/v2\/product"}],"about":[{"href":"https:\/\/www.vetorino.com\/veterinaire\/landos-43340\/boutique\/wp-json\/wp\/v2\/types\/product"}],"wp:featuredmedia":[{"embeddable":true,"href":"https:\/\/www.vetorino.com\/veterinaire\/landos-43340\/boutique\/wp-json\/wp\/v2\/media\/1717554"}],"wp:attachment":[{"href":"https:\/\/www.vetorino.com\/veterinaire\/landos-43340\/boutique\/wp-json\/wp\/v2\/media?parent=36027"}],"wp:term":[{"taxonomy":"product_cat","embeddable":true,"href":"https:\/\/www.vetorino.com\/veterinaire\/landos-43340\/boutique\/wp-json\/wp\/v2\/product_cat?post=36027"},{"taxonomy":"product_tag","embeddable":true,"href":"https:\/\/www.vetorino.com\/veterinaire\/landos-43340\/boutique\/wp-json\/wp\/v2\/product_tag?post=36027"}],"curies":[{"name":"wp","href":"https:\/\/api.w.org\/{rel}","templated":true}]}}