{"id":36909,"date":"2020-03-04T23:11:04","date_gmt":"2020-03-04T22:11:04","guid":{"rendered":"https:\/\/www.vetorino.com\/boutique\/product\/canizyme\/"},"modified":"2024-08-27T16:24:27","modified_gmt":"2024-08-27T14:24:27","slug":"canizyme","status":"publish","type":"product","link":"https:\/\/www.vetorino.com\/veterinaire\/landos-43340\/boutique\/product\/canizyme\/","title":{"rendered":"Compl\u00e9ment CANIZYME Chien"},"content":{"rendered":"<div class=\"hidden\">Ornis<\/div>\n<p><b>Caract\u00e9risiques<\/b><br \/>\nCe compl\u00e9ment est fabriqu\u00e9 avec un complexe bio-enymatique vitamin\u00e9 \u00e0 tropisme digestif. Il participe au bon fonctionnement du syst\u00e8me digestive et de la flore intestinale en particulier lors,\u00a0de transitions alimentaires, de sevrage, de traitement antibiotiques et en cas de stress. Il am\u00e9liore la digestibilit\u00e9 de la ration alimentaire lors de besoins nutritionnels accrus (, gestation, lactation, activit\u00e9 physique intense, convalescence, s\u00e9nescence&#8230;). Conditionnement : Pot de 350 g.<br \/>\n<b>Bon \u00e0 savoir<\/b><br \/>\nDemandez conseil \u00e0 votre v\u00e9t\u00e9rinaire. De l?eau fra\u00eeche et propre doit \u00eatre disponible \u00e0 tout moment de la journ\u00e9e.<\/p>\n","protected":false},"excerpt":{"rendered":"<p>L&#8217;aliment compl\u00e9mentaire CANIZYME, pour chien, contribue au maintien et \u00e0 l&#8217;\u00e9quilibre la fonction digestive et la flore intestinale.<\/p>\n","protected":false},"featured_media":1005703,"template":"","meta":[],"product_cat":[2738,2698],"product_tag":[],"class_list":{"0":"post-36909","1":"product","2":"type-product","3":"status-publish","4":"has-post-thumbnail","6":"product_cat-aliments-complementaires-pour-chien","7":"product_cat-chien","8":"pa_marque-ornis","10":"first","11":"instock","12":"taxable","13":"shipping-taxable","14":"purchasable","15":"product-type-simple"},"yoast_head":"<!-- This site is optimized with the Yoast SEO plugin v27.3 - https:\/\/yoast.com\/product\/yoast-seo-wordpress\/ -->\n<title>Compl\u00e9ment CANIZYME Chien Ornithologie - V\u00e9torino<\/title>\n<meta name=\"description\" content=\"L&#039;aliment compl\u00e9mentaire CANIZYME, pour chien, contribue au maintien et \u00e0 l&#039;\u00e9quilibre la fonction digestive et la flore intestinale.\" \/>\n<meta name=\"robots\" content=\"noindex, nofollow\" \/>\n<meta property=\"og:locale\" content=\"fr_FR\" \/>\n<meta property=\"og:type\" content=\"article\" \/>\n<meta property=\"og:title\" content=\"Compl\u00e9ment CANIZYME Chien Ornithologie - V\u00e9torino\" \/>\n<meta property=\"og:description\" content=\"L&#039;aliment compl\u00e9mentaire CANIZYME, pour chien, contribue au maintien et \u00e0 l&#039;\u00e9quilibre la fonction digestive et la flore intestinale.\" \/>\n<meta property=\"og:url\" content=\"https:\/\/www.vetorino.com\/veterinaire\/landos-43340\/boutique\/product\/canizyme\/\" \/>\n<meta property=\"og:site_name\" content=\"V\u00e9torino\" \/>\n<meta property=\"article:publisher\" content=\"https:\/\/www.facebook.com\/Vetorino\/\" \/>\n<meta property=\"article:modified_time\" content=\"2024-08-27T14:24:27+00:00\" \/>\n<meta property=\"og:image\" content=\"https:\/\/www.vetorino.com\/boutique\/wp-content\/uploads\/2020\/03\/canizyme-350-grs.jpg\" \/>\n\t<meta property=\"og:image:width\" content=\"700\" \/>\n\t<meta property=\"og:image:height\" content=\"700\" \/>\n\t<meta property=\"og:image:type\" content=\"image\/jpeg\" \/>\n<meta name=\"twitter:card\" content=\"summary_large_image\" \/>\n<meta name=\"twitter:label1\" content=\"Prix\" \/>\n\t<meta name=\"twitter:data1\" content=\"28,44&euro;\" \/>\n\t<meta name=\"twitter:label2\" content=\"Disponibilit\u00e9\" \/>\n\t<meta name=\"twitter:data2\" content=\"En stock\" \/>\n<script type=\"application\/ld+json\" class=\"yoast-schema-graph\">{\"@context\":\"https:\\\/\\\/schema.org\",\"@graph\":[{\"@type\":\"WebPage\",\"@id\":\"https:\\\/\\\/www.vetorino.com\\\/boutique\\\/product\\\/canizyme\\\/\",\"url\":\"https:\\\/\\\/www.vetorino.com\\\/boutique\\\/product\\\/canizyme\\\/\",\"name\":\"Compl\u00e9ment CANIZYME Chien Ornithologie - V\u00e9torino\",\"isPartOf\":{\"@id\":\"https:\\\/\\\/www.vetorino.com\\\/boutique\\\/#website\"},\"primaryImageOfPage\":{\"@id\":\"https:\\\/\\\/www.vetorino.com\\\/boutique\\\/product\\\/canizyme\\\/#primaryimage\"},\"image\":{\"@id\":\"https:\\\/\\\/www.vetorino.com\\\/boutique\\\/product\\\/canizyme\\\/#primaryimage\"},\"thumbnailUrl\":\"https:\\\/\\\/www.vetorino.com\\\/boutique\\\/wp-content\\\/uploads\\\/2020\\\/03\\\/canizyme-350-grs.jpg\",\"datePublished\":\"2020-03-04T22:11:04+00:00\",\"dateModified\":\"2024-08-27T14:24:27+00:00\",\"description\":\"L'aliment compl\u00e9mentaire CANIZYME, pour chien, contribue au maintien et \u00e0 l'\u00e9quilibre la fonction digestive et la flore intestinale.\",\"breadcrumb\":{\"@id\":\"https:\\\/\\\/www.vetorino.com\\\/boutique\\\/product\\\/canizyme\\\/#breadcrumb\"},\"inLanguage\":\"fr-FR\",\"potentialAction\":[{\"@type\":\"ReadAction\",\"target\":[\"https:\\\/\\\/www.vetorino.com\\\/boutique\\\/product\\\/canizyme\\\/\"]}]},{\"@type\":\"ImageObject\",\"inLanguage\":\"fr-FR\",\"@id\":\"https:\\\/\\\/www.vetorino.com\\\/boutique\\\/product\\\/canizyme\\\/#primaryimage\",\"url\":\"https:\\\/\\\/www.vetorino.com\\\/boutique\\\/wp-content\\\/uploads\\\/2020\\\/03\\\/canizyme-350-grs.jpg\",\"contentUrl\":\"https:\\\/\\\/www.vetorino.com\\\/boutique\\\/wp-content\\\/uploads\\\/2020\\\/03\\\/canizyme-350-grs.jpg\",\"width\":700,\"height\":700},{\"@type\":\"BreadcrumbList\",\"@id\":\"https:\\\/\\\/www.vetorino.com\\\/boutique\\\/product\\\/canizyme\\\/#breadcrumb\",\"itemListElement\":[{\"@type\":\"ListItem\",\"position\":1,\"name\":\"Accueil\",\"item\":\"https:\\\/\\\/www.vetorino.com\\\/boutique\\\/\"},{\"@type\":\"ListItem\",\"position\":2,\"name\":\"Produits\",\"item\":\"https:\\\/\\\/www.vetorino.com\\\/boutique\\\/\"},{\"@type\":\"ListItem\",\"position\":3,\"name\":\"Compl\u00e9ment CANIZYME Chien\"}]},{\"@type\":\"WebSite\",\"@id\":\"https:\\\/\\\/www.vetorino.com\\\/boutique\\\/#website\",\"url\":\"https:\\\/\\\/www.vetorino.com\\\/boutique\\\/\",\"name\":\"V\u00e9torino\",\"description\":\"\",\"publisher\":{\"@id\":\"https:\\\/\\\/www.vetorino.com\\\/boutique\\\/#organization\"},\"potentialAction\":[{\"@type\":\"SearchAction\",\"target\":{\"@type\":\"EntryPoint\",\"urlTemplate\":\"https:\\\/\\\/www.vetorino.com\\\/boutique\\\/?s={search_term_string}\"},\"query-input\":{\"@type\":\"PropertyValueSpecification\",\"valueRequired\":true,\"valueName\":\"search_term_string\"}}],\"inLanguage\":\"fr-FR\"},{\"@type\":\"Organization\",\"@id\":\"https:\\\/\\\/www.vetorino.com\\\/boutique\\\/#organization\",\"name\":\"V\u00e9torino\",\"url\":\"https:\\\/\\\/www.vetorino.com\\\/boutique\\\/\",\"logo\":{\"@type\":\"ImageObject\",\"inLanguage\":\"fr-FR\",\"@id\":\"https:\\\/\\\/www.vetorino.com\\\/boutique\\\/#\\\/schema\\\/logo\\\/image\\\/\",\"url\":\"https:\\\/\\\/www.vetorino.com\\\/boutique\\\/wp-content\\\/uploads\\\/2024\\\/10\\\/logo.jpg\",\"contentUrl\":\"https:\\\/\\\/www.vetorino.com\\\/boutique\\\/wp-content\\\/uploads\\\/2024\\\/10\\\/logo.jpg\",\"width\":1200,\"height\":610,\"caption\":\"V\u00e9torino\"},\"image\":{\"@id\":\"https:\\\/\\\/www.vetorino.com\\\/boutique\\\/#\\\/schema\\\/logo\\\/image\\\/\"},\"sameAs\":[\"https:\\\/\\\/www.facebook.com\\\/Vetorino\\\/\",\"https:\\\/\\\/www.instagram.com\\\/vetorino_off\\\/\",\"https:\\\/\\\/www.linkedin.com\\\/company\\\/vtorino\\\/\"]}]}<\/script>\n<meta property=\"product:brand\" content=\"Ornithologie\" \/>\n<meta property=\"product:price:amount\" content=\"28.44\" \/>\n<meta property=\"product:price:currency\" content=\"EUR\" \/>\n<meta property=\"og:availability\" content=\"instock\" \/>\n<meta property=\"product:availability\" content=\"instock\" \/>\n<meta property=\"product:retailer_item_id\" content=\"A-6655564\" \/>\n<meta property=\"product:condition\" content=\"new\" \/>\n<!-- \/ Yoast SEO plugin. -->","yoast_head_json":{"title":"Compl\u00e9ment CANIZYME Chien Ornithologie - V\u00e9torino","description":"L'aliment compl\u00e9mentaire CANIZYME, pour chien, contribue au maintien et \u00e0 l'\u00e9quilibre la fonction digestive et la flore intestinale.","robots":{"index":"noindex","follow":"nofollow"},"og_locale":"fr_FR","og_type":"article","og_title":"Compl\u00e9ment CANIZYME Chien Ornithologie - V\u00e9torino","og_description":"L'aliment compl\u00e9mentaire CANIZYME, pour chien, contribue au maintien et \u00e0 l'\u00e9quilibre la fonction digestive et la flore intestinale.","og_url":"https:\/\/www.vetorino.com\/veterinaire\/landos-43340\/boutique\/product\/canizyme\/","og_site_name":"V\u00e9torino","article_publisher":"https:\/\/www.facebook.com\/Vetorino\/","article_modified_time":"2024-08-27T14:24:27+00:00","og_image":[{"width":700,"height":700,"url":"https:\/\/www.vetorino.com\/boutique\/wp-content\/uploads\/2020\/03\/canizyme-350-grs.jpg","type":"image\/jpeg"}],"twitter_card":"summary_large_image","twitter_misc":{"Prix":"28,44&euro;","Disponibilit\u00e9":"En stock"},"schema":{"@context":"https:\/\/schema.org","@graph":[{"@type":"WebPage","@id":"https:\/\/www.vetorino.com\/boutique\/product\/canizyme\/","url":"https:\/\/www.vetorino.com\/boutique\/product\/canizyme\/","name":"Compl\u00e9ment CANIZYME Chien Ornithologie - V\u00e9torino","isPartOf":{"@id":"https:\/\/www.vetorino.com\/boutique\/#website"},"primaryImageOfPage":{"@id":"https:\/\/www.vetorino.com\/boutique\/product\/canizyme\/#primaryimage"},"image":{"@id":"https:\/\/www.vetorino.com\/boutique\/product\/canizyme\/#primaryimage"},"thumbnailUrl":"https:\/\/www.vetorino.com\/boutique\/wp-content\/uploads\/2020\/03\/canizyme-350-grs.jpg","datePublished":"2020-03-04T22:11:04+00:00","dateModified":"2024-08-27T14:24:27+00:00","description":"L'aliment compl\u00e9mentaire CANIZYME, pour chien, contribue au maintien et \u00e0 l'\u00e9quilibre la fonction digestive et la flore intestinale.","breadcrumb":{"@id":"https:\/\/www.vetorino.com\/boutique\/product\/canizyme\/#breadcrumb"},"inLanguage":"fr-FR","potentialAction":[{"@type":"ReadAction","target":["https:\/\/www.vetorino.com\/boutique\/product\/canizyme\/"]}]},{"@type":"ImageObject","inLanguage":"fr-FR","@id":"https:\/\/www.vetorino.com\/boutique\/product\/canizyme\/#primaryimage","url":"https:\/\/www.vetorino.com\/boutique\/wp-content\/uploads\/2020\/03\/canizyme-350-grs.jpg","contentUrl":"https:\/\/www.vetorino.com\/boutique\/wp-content\/uploads\/2020\/03\/canizyme-350-grs.jpg","width":700,"height":700},{"@type":"BreadcrumbList","@id":"https:\/\/www.vetorino.com\/boutique\/product\/canizyme\/#breadcrumb","itemListElement":[{"@type":"ListItem","position":1,"name":"Accueil","item":"https:\/\/www.vetorino.com\/boutique\/"},{"@type":"ListItem","position":2,"name":"Produits","item":"https:\/\/www.vetorino.com\/boutique\/"},{"@type":"ListItem","position":3,"name":"Compl\u00e9ment CANIZYME Chien"}]},{"@type":"WebSite","@id":"https:\/\/www.vetorino.com\/boutique\/#website","url":"https:\/\/www.vetorino.com\/boutique\/","name":"V\u00e9torino","description":"","publisher":{"@id":"https:\/\/www.vetorino.com\/boutique\/#organization"},"potentialAction":[{"@type":"SearchAction","target":{"@type":"EntryPoint","urlTemplate":"https:\/\/www.vetorino.com\/boutique\/?s={search_term_string}"},"query-input":{"@type":"PropertyValueSpecification","valueRequired":true,"valueName":"search_term_string"}}],"inLanguage":"fr-FR"},{"@type":"Organization","@id":"https:\/\/www.vetorino.com\/boutique\/#organization","name":"V\u00e9torino","url":"https:\/\/www.vetorino.com\/boutique\/","logo":{"@type":"ImageObject","inLanguage":"fr-FR","@id":"https:\/\/www.vetorino.com\/boutique\/#\/schema\/logo\/image\/","url":"https:\/\/www.vetorino.com\/boutique\/wp-content\/uploads\/2024\/10\/logo.jpg","contentUrl":"https:\/\/www.vetorino.com\/boutique\/wp-content\/uploads\/2024\/10\/logo.jpg","width":1200,"height":610,"caption":"V\u00e9torino"},"image":{"@id":"https:\/\/www.vetorino.com\/boutique\/#\/schema\/logo\/image\/"},"sameAs":["https:\/\/www.facebook.com\/Vetorino\/","https:\/\/www.instagram.com\/vetorino_off\/","https:\/\/www.linkedin.com\/company\/vtorino\/"]}]},"product_brand":"Ornithologie","product_price_amount":"28.44","product_price_currency":"EUR","og_availability":"instock","product_availability":"instock","product_retailer_item_id":"A-6655564","product_condition":"new"},"_links":{"self":[{"href":"https:\/\/www.vetorino.com\/veterinaire\/landos-43340\/boutique\/wp-json\/wp\/v2\/product\/36909","targetHints":{"allow":["GET"]}}],"collection":[{"href":"https:\/\/www.vetorino.com\/veterinaire\/landos-43340\/boutique\/wp-json\/wp\/v2\/product"}],"about":[{"href":"https:\/\/www.vetorino.com\/veterinaire\/landos-43340\/boutique\/wp-json\/wp\/v2\/types\/product"}],"wp:featuredmedia":[{"embeddable":true,"href":"https:\/\/www.vetorino.com\/veterinaire\/landos-43340\/boutique\/wp-json\/wp\/v2\/media\/1005703"}],"wp:attachment":[{"href":"https:\/\/www.vetorino.com\/veterinaire\/landos-43340\/boutique\/wp-json\/wp\/v2\/media?parent=36909"}],"wp:term":[{"taxonomy":"product_cat","embeddable":true,"href":"https:\/\/www.vetorino.com\/veterinaire\/landos-43340\/boutique\/wp-json\/wp\/v2\/product_cat?post=36909"},{"taxonomy":"product_tag","embeddable":true,"href":"https:\/\/www.vetorino.com\/veterinaire\/landos-43340\/boutique\/wp-json\/wp\/v2\/product_tag?post=36909"}],"curies":[{"name":"wp","href":"https:\/\/api.w.org\/{rel}","templated":true}]}}