{"id":36975,"date":"2020-03-04T23:11:28","date_gmt":"2020-03-04T22:11:28","guid":{"rendered":"https:\/\/www.vetorino.com\/boutique\/product\/diarsanyl-pate-orale\/"},"modified":"2025-03-05T17:16:39","modified_gmt":"2025-03-05T16:16:39","slug":"diarsanyl-pate-orale","status":"publish","type":"product","link":"https:\/\/www.vetorino.com\/veterinaire\/landos-43340\/boutique\/product\/diarsanyl-pate-orale\/","title":{"rendered":"Diarsanyl +"},"content":{"rendered":"<p><strong>Diarsanyl est un aliment compl\u00e9mentaire di\u00e9t\u00e9tique pour la r\u00e9duction du risque de malabsorption intestinale aigu\u00eb.<\/strong><\/p>\n<p><strong>Utilisation :<\/strong><\/p>\n<ul>\n<li>Chez les chiens de plus de 30\u00a0kg<\/li>\n<li>En cas de diarrh\u00e9e aigu\u00eb et pendant la p\u00e9riode de r\u00e9tablissement qui s&#8217;en suit<\/li>\n<\/ul>\n<p><strong>Mode d&#8217;emploi :<\/strong><br \/>\nVoie orale. Agit en couvrant la muqueuse digestive d&#8217;un film protecteur.<\/p>\n<p>Administrer\u00a0selon les doses suivantes :<\/p>\n<ul>\n<li>Chiens de plus de 30 kg, poulains, veaux :\u00a020 ml par jour en 2 prises, soit 1 cran (10 ml) de la seringue-doseuse de 60 ml matin et soir pendant 3 \u00e0 15 jours<\/li>\n<\/ul>\n<p>Placer l&#8217;embout de la seringue dans la bouche au niveau de la commissure des l\u00e8vres de l&#8217;animal.<br \/>\nEnfoncer le piston de la seringue. Le cran du piston doit rentrer \u00e0 l&#8217;int\u00e9rieur de la seringue.<\/p>\n","protected":false},"excerpt":{"rendered":"<p>Aliment compl\u00e9mentaire di\u00e9t\u00e9tique pour poulains, veaux, chiens et chats souffrant de diarrh\u00e9e aig\u00e0e. Diarsanyl r\u00e9duit le risque de malabsorption intestinale. Il se pr\u00e9sente sous forme de p\u00e0 te orale qui adh\u00e8re \u00e0 la muqueuse digestive pour la prot\u00e9ger. Existe en seringue de 10, 24 et 60mL.<\/p>\n","protected":false},"featured_media":874753,"template":"","meta":[],"product_cat":[12552,2738,2698,12636],"product_tag":[],"class_list":{"0":"post-36975","1":"product","2":"type-product","3":"status-publish","4":"has-post-thumbnail","6":"product_cat-alimentation-du-chien","7":"product_cat-aliments-complementaires-pour-chien","8":"product_cat-chien","9":"product_cat-systeme-digestif-du-chien","10":"pa_marque-ceva","12":"first","13":"instock","14":"taxable","15":"shipping-taxable","16":"purchasable","17":"product-type-variable"},"yoast_head":"<!-- This site is optimized with the Yoast SEO plugin v27.3 - https:\/\/yoast.com\/product\/yoast-seo-wordpress\/ -->\n<title>Diarsanyl + Ceva - V\u00e9torino<\/title>\n<meta name=\"description\" content=\"Aliment compl\u00e9mentaire di\u00e9t\u00e9tique pour poulains, veaux, chiens et chats souffrant de diarrh\u00e9e aig\u00e0e. Diarsanyl r\u00e9duit le risque de malabsorption intestinale. Il se pr\u00e9sente sous forme de p\u00e0 te orale qui adh\u00e8re \u00e0 la muqueuse digestive pour la prot\u00e9ger. Existe en seringue de 10, 24 et 60mL.\" \/>\n<meta name=\"robots\" content=\"noindex, nofollow\" \/>\n<meta property=\"og:locale\" content=\"fr_FR\" \/>\n<meta property=\"og:type\" content=\"article\" \/>\n<meta property=\"og:title\" content=\"Diarsanyl + Ceva - V\u00e9torino\" \/>\n<meta property=\"og:description\" content=\"Aliment compl\u00e9mentaire di\u00e9t\u00e9tique pour poulains, veaux, chiens et chats souffrant de diarrh\u00e9e aig\u00e0e. Diarsanyl r\u00e9duit le risque de malabsorption intestinale. Il se pr\u00e9sente sous forme de p\u00e0 te orale qui adh\u00e8re \u00e0 la muqueuse digestive pour la prot\u00e9ger. Existe en seringue de 10, 24 et 60mL.\" \/>\n<meta property=\"og:url\" content=\"https:\/\/www.vetorino.com\/veterinaire\/landos-43340\/boutique\/product\/diarsanyl-pate-orale\/\" \/>\n<meta property=\"og:site_name\" content=\"V\u00e9torino\" \/>\n<meta property=\"article:publisher\" content=\"https:\/\/www.facebook.com\/Vetorino\/\" \/>\n<meta property=\"article:modified_time\" content=\"2025-03-05T16:16:39+00:00\" \/>\n<meta property=\"og:image\" content=\"https:\/\/www.vetorino.com\/boutique\/wp-content\/uploads\/2020\/03\/diarsanyl-.jpg\" \/>\n\t<meta property=\"og:image:width\" content=\"540\" \/>\n\t<meta property=\"og:image:height\" content=\"540\" \/>\n\t<meta property=\"og:image:type\" content=\"image\/jpeg\" \/>\n<meta name=\"twitter:card\" content=\"summary_large_image\" \/>\n<meta name=\"twitter:label1\" content=\"Disponibilit\u00e9\" \/>\n\t<meta name=\"twitter:data1\" content=\"En stock\" \/>\n<script type=\"application\/ld+json\" class=\"yoast-schema-graph\">{\"@context\":\"https:\\\/\\\/schema.org\",\"@graph\":[{\"@type\":\"WebPage\",\"@id\":\"https:\\\/\\\/www.vetorino.com\\\/boutique\\\/product\\\/diarsanyl-pate-orale\\\/\",\"url\":\"https:\\\/\\\/www.vetorino.com\\\/boutique\\\/product\\\/diarsanyl-pate-orale\\\/\",\"name\":\"Diarsanyl + Ceva - V\u00e9torino\",\"isPartOf\":{\"@id\":\"https:\\\/\\\/www.vetorino.com\\\/boutique\\\/#website\"},\"primaryImageOfPage\":{\"@id\":\"https:\\\/\\\/www.vetorino.com\\\/boutique\\\/product\\\/diarsanyl-pate-orale\\\/#primaryimage\"},\"image\":{\"@id\":\"https:\\\/\\\/www.vetorino.com\\\/boutique\\\/product\\\/diarsanyl-pate-orale\\\/#primaryimage\"},\"thumbnailUrl\":\"https:\\\/\\\/www.vetorino.com\\\/boutique\\\/wp-content\\\/uploads\\\/2020\\\/03\\\/diarsanyl-.jpg\",\"datePublished\":\"2020-03-04T22:11:28+00:00\",\"dateModified\":\"2025-03-05T16:16:39+00:00\",\"description\":\"Aliment compl\u00e9mentaire di\u00e9t\u00e9tique pour poulains, veaux, chiens et chats souffrant de diarrh\u00e9e aig\u00e0e. Diarsanyl r\u00e9duit le risque de malabsorption intestinale. Il se pr\u00e9sente sous forme de p\u00e0 te orale qui adh\u00e8re \u00e0 la muqueuse digestive pour la prot\u00e9ger. Existe en seringue de 10, 24 et 60mL.\",\"breadcrumb\":{\"@id\":\"https:\\\/\\\/www.vetorino.com\\\/boutique\\\/product\\\/diarsanyl-pate-orale\\\/#breadcrumb\"},\"inLanguage\":\"fr-FR\",\"potentialAction\":[{\"@type\":\"ReadAction\",\"target\":[\"https:\\\/\\\/www.vetorino.com\\\/boutique\\\/product\\\/diarsanyl-pate-orale\\\/\"]}]},{\"@type\":\"ImageObject\",\"inLanguage\":\"fr-FR\",\"@id\":\"https:\\\/\\\/www.vetorino.com\\\/boutique\\\/product\\\/diarsanyl-pate-orale\\\/#primaryimage\",\"url\":\"https:\\\/\\\/www.vetorino.com\\\/boutique\\\/wp-content\\\/uploads\\\/2020\\\/03\\\/diarsanyl-.jpg\",\"contentUrl\":\"https:\\\/\\\/www.vetorino.com\\\/boutique\\\/wp-content\\\/uploads\\\/2020\\\/03\\\/diarsanyl-.jpg\",\"width\":540,\"height\":540},{\"@type\":\"BreadcrumbList\",\"@id\":\"https:\\\/\\\/www.vetorino.com\\\/boutique\\\/product\\\/diarsanyl-pate-orale\\\/#breadcrumb\",\"itemListElement\":[{\"@type\":\"ListItem\",\"position\":1,\"name\":\"Accueil\",\"item\":\"https:\\\/\\\/www.vetorino.com\\\/boutique\\\/\"},{\"@type\":\"ListItem\",\"position\":2,\"name\":\"Produits\",\"item\":\"https:\\\/\\\/www.vetorino.com\\\/boutique\\\/\"},{\"@type\":\"ListItem\",\"position\":3,\"name\":\"Diarsanyl +\"}]},{\"@type\":\"WebSite\",\"@id\":\"https:\\\/\\\/www.vetorino.com\\\/boutique\\\/#website\",\"url\":\"https:\\\/\\\/www.vetorino.com\\\/boutique\\\/\",\"name\":\"V\u00e9torino\",\"description\":\"\",\"publisher\":{\"@id\":\"https:\\\/\\\/www.vetorino.com\\\/boutique\\\/#organization\"},\"potentialAction\":[{\"@type\":\"SearchAction\",\"target\":{\"@type\":\"EntryPoint\",\"urlTemplate\":\"https:\\\/\\\/www.vetorino.com\\\/boutique\\\/?s={search_term_string}\"},\"query-input\":{\"@type\":\"PropertyValueSpecification\",\"valueRequired\":true,\"valueName\":\"search_term_string\"}}],\"inLanguage\":\"fr-FR\"},{\"@type\":\"Organization\",\"@id\":\"https:\\\/\\\/www.vetorino.com\\\/boutique\\\/#organization\",\"name\":\"V\u00e9torino\",\"url\":\"https:\\\/\\\/www.vetorino.com\\\/boutique\\\/\",\"logo\":{\"@type\":\"ImageObject\",\"inLanguage\":\"fr-FR\",\"@id\":\"https:\\\/\\\/www.vetorino.com\\\/boutique\\\/#\\\/schema\\\/logo\\\/image\\\/\",\"url\":\"https:\\\/\\\/www.vetorino.com\\\/boutique\\\/wp-content\\\/uploads\\\/2024\\\/10\\\/logo.jpg\",\"contentUrl\":\"https:\\\/\\\/www.vetorino.com\\\/boutique\\\/wp-content\\\/uploads\\\/2024\\\/10\\\/logo.jpg\",\"width\":1200,\"height\":610,\"caption\":\"V\u00e9torino\"},\"image\":{\"@id\":\"https:\\\/\\\/www.vetorino.com\\\/boutique\\\/#\\\/schema\\\/logo\\\/image\\\/\"},\"sameAs\":[\"https:\\\/\\\/www.facebook.com\\\/Vetorino\\\/\",\"https:\\\/\\\/www.instagram.com\\\/vetorino_off\\\/\",\"https:\\\/\\\/www.linkedin.com\\\/company\\\/vtorino\\\/\"]}]}<\/script>\n<meta property=\"product:brand\" content=\"Ceva\" \/>\n<meta property=\"og:availability\" content=\"instock\" \/>\n<meta property=\"product:availability\" content=\"instock\" \/>\n<meta property=\"product:condition\" content=\"new\" \/>\n<!-- \/ Yoast SEO plugin. -->","yoast_head_json":{"title":"Diarsanyl + Ceva - V\u00e9torino","description":"Aliment compl\u00e9mentaire di\u00e9t\u00e9tique pour poulains, veaux, chiens et chats souffrant de diarrh\u00e9e aig\u00e0e. Diarsanyl r\u00e9duit le risque de malabsorption intestinale. Il se pr\u00e9sente sous forme de p\u00e0 te orale qui adh\u00e8re \u00e0 la muqueuse digestive pour la prot\u00e9ger. Existe en seringue de 10, 24 et 60mL.","robots":{"index":"noindex","follow":"nofollow"},"og_locale":"fr_FR","og_type":"article","og_title":"Diarsanyl + Ceva - V\u00e9torino","og_description":"Aliment compl\u00e9mentaire di\u00e9t\u00e9tique pour poulains, veaux, chiens et chats souffrant de diarrh\u00e9e aig\u00e0e. Diarsanyl r\u00e9duit le risque de malabsorption intestinale. Il se pr\u00e9sente sous forme de p\u00e0 te orale qui adh\u00e8re \u00e0 la muqueuse digestive pour la prot\u00e9ger. Existe en seringue de 10, 24 et 60mL.","og_url":"https:\/\/www.vetorino.com\/veterinaire\/landos-43340\/boutique\/product\/diarsanyl-pate-orale\/","og_site_name":"V\u00e9torino","article_publisher":"https:\/\/www.facebook.com\/Vetorino\/","article_modified_time":"2025-03-05T16:16:39+00:00","og_image":[{"width":540,"height":540,"url":"https:\/\/www.vetorino.com\/boutique\/wp-content\/uploads\/2020\/03\/diarsanyl-.jpg","type":"image\/jpeg"}],"twitter_card":"summary_large_image","twitter_misc":{"Disponibilit\u00e9":"En stock"},"schema":{"@context":"https:\/\/schema.org","@graph":[{"@type":"WebPage","@id":"https:\/\/www.vetorino.com\/boutique\/product\/diarsanyl-pate-orale\/","url":"https:\/\/www.vetorino.com\/boutique\/product\/diarsanyl-pate-orale\/","name":"Diarsanyl + Ceva - V\u00e9torino","isPartOf":{"@id":"https:\/\/www.vetorino.com\/boutique\/#website"},"primaryImageOfPage":{"@id":"https:\/\/www.vetorino.com\/boutique\/product\/diarsanyl-pate-orale\/#primaryimage"},"image":{"@id":"https:\/\/www.vetorino.com\/boutique\/product\/diarsanyl-pate-orale\/#primaryimage"},"thumbnailUrl":"https:\/\/www.vetorino.com\/boutique\/wp-content\/uploads\/2020\/03\/diarsanyl-.jpg","datePublished":"2020-03-04T22:11:28+00:00","dateModified":"2025-03-05T16:16:39+00:00","description":"Aliment compl\u00e9mentaire di\u00e9t\u00e9tique pour poulains, veaux, chiens et chats souffrant de diarrh\u00e9e aig\u00e0e. Diarsanyl r\u00e9duit le risque de malabsorption intestinale. Il se pr\u00e9sente sous forme de p\u00e0 te orale qui adh\u00e8re \u00e0 la muqueuse digestive pour la prot\u00e9ger. Existe en seringue de 10, 24 et 60mL.","breadcrumb":{"@id":"https:\/\/www.vetorino.com\/boutique\/product\/diarsanyl-pate-orale\/#breadcrumb"},"inLanguage":"fr-FR","potentialAction":[{"@type":"ReadAction","target":["https:\/\/www.vetorino.com\/boutique\/product\/diarsanyl-pate-orale\/"]}]},{"@type":"ImageObject","inLanguage":"fr-FR","@id":"https:\/\/www.vetorino.com\/boutique\/product\/diarsanyl-pate-orale\/#primaryimage","url":"https:\/\/www.vetorino.com\/boutique\/wp-content\/uploads\/2020\/03\/diarsanyl-.jpg","contentUrl":"https:\/\/www.vetorino.com\/boutique\/wp-content\/uploads\/2020\/03\/diarsanyl-.jpg","width":540,"height":540},{"@type":"BreadcrumbList","@id":"https:\/\/www.vetorino.com\/boutique\/product\/diarsanyl-pate-orale\/#breadcrumb","itemListElement":[{"@type":"ListItem","position":1,"name":"Accueil","item":"https:\/\/www.vetorino.com\/boutique\/"},{"@type":"ListItem","position":2,"name":"Produits","item":"https:\/\/www.vetorino.com\/boutique\/"},{"@type":"ListItem","position":3,"name":"Diarsanyl +"}]},{"@type":"WebSite","@id":"https:\/\/www.vetorino.com\/boutique\/#website","url":"https:\/\/www.vetorino.com\/boutique\/","name":"V\u00e9torino","description":"","publisher":{"@id":"https:\/\/www.vetorino.com\/boutique\/#organization"},"potentialAction":[{"@type":"SearchAction","target":{"@type":"EntryPoint","urlTemplate":"https:\/\/www.vetorino.com\/boutique\/?s={search_term_string}"},"query-input":{"@type":"PropertyValueSpecification","valueRequired":true,"valueName":"search_term_string"}}],"inLanguage":"fr-FR"},{"@type":"Organization","@id":"https:\/\/www.vetorino.com\/boutique\/#organization","name":"V\u00e9torino","url":"https:\/\/www.vetorino.com\/boutique\/","logo":{"@type":"ImageObject","inLanguage":"fr-FR","@id":"https:\/\/www.vetorino.com\/boutique\/#\/schema\/logo\/image\/","url":"https:\/\/www.vetorino.com\/boutique\/wp-content\/uploads\/2024\/10\/logo.jpg","contentUrl":"https:\/\/www.vetorino.com\/boutique\/wp-content\/uploads\/2024\/10\/logo.jpg","width":1200,"height":610,"caption":"V\u00e9torino"},"image":{"@id":"https:\/\/www.vetorino.com\/boutique\/#\/schema\/logo\/image\/"},"sameAs":["https:\/\/www.facebook.com\/Vetorino\/","https:\/\/www.instagram.com\/vetorino_off\/","https:\/\/www.linkedin.com\/company\/vtorino\/"]}]},"product_brand":"Ceva","og_availability":"instock","product_availability":"instock","product_condition":"new"},"_links":{"self":[{"href":"https:\/\/www.vetorino.com\/veterinaire\/landos-43340\/boutique\/wp-json\/wp\/v2\/product\/36975","targetHints":{"allow":["GET"]}}],"collection":[{"href":"https:\/\/www.vetorino.com\/veterinaire\/landos-43340\/boutique\/wp-json\/wp\/v2\/product"}],"about":[{"href":"https:\/\/www.vetorino.com\/veterinaire\/landos-43340\/boutique\/wp-json\/wp\/v2\/types\/product"}],"wp:featuredmedia":[{"embeddable":true,"href":"https:\/\/www.vetorino.com\/veterinaire\/landos-43340\/boutique\/wp-json\/wp\/v2\/media\/874753"}],"wp:attachment":[{"href":"https:\/\/www.vetorino.com\/veterinaire\/landos-43340\/boutique\/wp-json\/wp\/v2\/media?parent=36975"}],"wp:term":[{"taxonomy":"product_cat","embeddable":true,"href":"https:\/\/www.vetorino.com\/veterinaire\/landos-43340\/boutique\/wp-json\/wp\/v2\/product_cat?post=36975"},{"taxonomy":"product_tag","embeddable":true,"href":"https:\/\/www.vetorino.com\/veterinaire\/landos-43340\/boutique\/wp-json\/wp\/v2\/product_tag?post=36975"}],"curies":[{"name":"wp","href":"https:\/\/api.w.org\/{rel}","templated":true}]}}