{"id":37182,"date":"2020-03-04T23:53:12","date_gmt":"2020-03-04T22:53:12","guid":{"rendered":"https:\/\/www.vetorino.com\/boutique\/product\/senephytol\/"},"modified":"2024-06-28T13:59:46","modified_gmt":"2024-06-28T11:59:46","slug":"senephytol","status":"publish","type":"product","link":"https:\/\/www.vetorino.com\/veterinaire\/landos-43340\/boutique\/product\/senephytol\/","title":{"rendered":"Senephytol"},"content":{"rendered":"<p><strong>Senephytol <\/strong>est un aliment compl\u00e9mentaire \u00e0 base d\u2019extraits de Guarana et d\u2019Eleuth\u00e9rocoque\u00a0pour donner du tonus aux\u00a0chiens\u00a0et\u00a0chats. Cette formule participe \u00e0 apporter chez les animaux \u00e2g\u00e9s ou sportifs : un effet\u00a0de protection c\u00e9r\u00e9brale contre la d\u00e9g\u00e9n\u00e9rescence neuronale responsable de certaines d\u00e9ficiences cognitives, un effet\u00a0anti-\u00e2ge par la capacit\u00e9 de ses constituants qui contribuent \u00e0 lutter contre les stress oxydatifs auxquels sont soumises toutes les cellules de l\u2019organisme au cours de la vie, et un effet\u00a0\u201c\u00e9nergisant\u201d pour les chiens sportifs : coup de fouet, tonification et soutien de la fonction cardio-respiratoire \u00e0 l\u2019effort. Meilleure oxyg\u00e9nation donc am\u00e9lioration des capacit\u00e9s musculaires en activit\u00e9 et meilleure r\u00e9cup\u00e9ration.<\/p>\n<ul>\n<li>Format : 30 comprim\u00e9s ou 30 blisters de 10 comprim\u00e9s.<\/li>\n<li>Comprim\u00e9s app\u00e9tents, ar\u00f4me boeuf.<\/li>\n<\/ul>\n<p><strong>B\u00e9n\u00e9fices<\/strong><\/p>\n<ul>\n<li>Contient de la Guarana,\u00a0une plante traditionnellement utilis\u00e9e pour stimuler le syst\u00e8me\u00a0nerveux central dans des p\u00e9riodes de fatigue ou de troubles de la vigilance. Elle est \u00e9galement reconnue pour ses propri\u00e9t\u00e9s anti-oxydantes.<\/li>\n<li>Contient de l&#8217;Eleuth\u00e9ocoque, une plante aussi\u00a0nomm\u00e9e \u201cginseng sib\u00e9rien\u201d, utilis\u00e9e depuis plus de 4000 ans en Asie et au Canada. Elle a la r\u00e9putation d\u2019am\u00e9liorer les performances physiques et intellectuelles. Elle fait partie des plantes \u201cadaptog\u00e8nes\u201d, c\u2019est-\u00e0-dire qui aident l\u2019organisme \u00e0 r\u00e9pondre aux agressions et favoriser un retour \u00e0 l\u2019\u00e9quilibre.<\/li>\n<li>Contient de la Levure de bi\u00e8re, riche\u00a0en vitamines du groupe B dont leur action est reconnue sur le syst\u00e8me nerveux et peau, ongles et poils.<\/li>\n<li>Contient de la Myrtille, un petit fruit bleu riche en tanins et en anthocyanosides (polyph\u00e9nols), qui lui conf\u00e8rent des propri\u00e9t\u00e9s antioxydantes et vaso-protectrices. La myrtille est ainsi connue pour am\u00e9liorer les capacit\u00e9s cognitives, favoriser l\u2019acuit\u00e9 visuelle, et limiter la cataracte, qui est induite par un stress oxydant.<\/li>\n<li>Contient de la levure enrichie en s\u00e9l\u00e9nium\u00a0: Le s\u00e9l\u00e9nium est un anti-radicalaire majeur assimilable tel quel par l\u2019organisme et biodisponible. Son action sur le syst\u00e8me immunitaire est couramment admis.<\/li>\n<li>Contient de la Glutamine,\u00a0cyst\u00e9ine\u00a0et\u00a0glycine\u00a0: Acides amin\u00e9s pr\u00e9curseurs du glutathion dont la carence est responsable du vieillissement du cristallin (cataracte s\u00e9nile).<\/li>\n<\/ul>\n<p>&nbsp;<\/p>\n","protected":false},"excerpt":{"rendered":"<p><strong>Senephytol\u00a0<\/strong>est un aliment compl\u00e9mentaire \u00e0 base d\u2019extraits de Guarana et d\u2019Eleuth\u00e9rocoque\u00a0pour donner du tonus aux\u00a0chiens\u00a0et\u00a0chats. Cette formule participe \u00e0 apporter chez les animaux \u00e2g\u00e9s ou sportifs<\/p>\n","protected":false},"featured_media":959132,"template":"","meta":[],"product_cat":[12551,12552,2730,2738,2697,2698],"product_tag":[],"class_list":{"0":"post-37182","1":"product","2":"type-product","3":"status-publish","4":"has-post-thumbnail","6":"product_cat-alimentation-du-chat","7":"product_cat-alimentation-du-chien","8":"product_cat-aliments-complementaires-pour-chat","9":"product_cat-aliments-complementaires-pour-chien","10":"product_cat-chat","11":"product_cat-chien","12":"pa_marque-greenvet","14":"first","15":"instock","16":"taxable","17":"shipping-taxable","18":"purchasable","19":"product-type-variable"},"yoast_head":"<!-- This site is optimized with the Yoast SEO plugin v27.3 - https:\/\/yoast.com\/product\/yoast-seo-wordpress\/ -->\n<title>Senephytol Greenvet - V\u00e9torino<\/title>\n<meta name=\"description\" content=\"Senephytol\u00a0est un aliment compl\u00e9mentaire \u00e0 base d\u2019extraits de Guarana et d\u2019Eleuth\u00e9rocoque\u00a0pour donner du tonus aux\u00a0chiens\u00a0et\u00a0chats. Cette formule participe \u00e0 apporter chez les animaux \u00e2g\u00e9s ou sportifs\" \/>\n<meta name=\"robots\" content=\"noindex, nofollow\" \/>\n<meta property=\"og:locale\" content=\"fr_FR\" \/>\n<meta property=\"og:type\" content=\"article\" \/>\n<meta property=\"og:title\" content=\"Senephytol Greenvet - V\u00e9torino\" \/>\n<meta property=\"og:description\" content=\"Senephytol\u00a0est un aliment compl\u00e9mentaire \u00e0 base d\u2019extraits de Guarana et d\u2019Eleuth\u00e9rocoque\u00a0pour donner du tonus aux\u00a0chiens\u00a0et\u00a0chats. Cette formule participe \u00e0 apporter chez les animaux \u00e2g\u00e9s ou sportifs\" \/>\n<meta property=\"og:url\" content=\"https:\/\/www.vetorino.com\/veterinaire\/landos-43340\/boutique\/product\/senephytol\/\" \/>\n<meta property=\"og:site_name\" content=\"V\u00e9torino\" \/>\n<meta property=\"article:publisher\" content=\"https:\/\/www.facebook.com\/Vetorino\/\" \/>\n<meta property=\"article:modified_time\" content=\"2024-06-28T11:59:46+00:00\" \/>\n<meta property=\"og:image\" content=\"https:\/\/www.vetorino.com\/boutique\/wp-content\/uploads\/2020\/03\/greenvet-senephytol-pour-chiens-et-chats.jpg\" \/>\n\t<meta property=\"og:image:width\" content=\"452\" \/>\n\t<meta property=\"og:image:height\" content=\"452\" \/>\n\t<meta property=\"og:image:type\" content=\"image\/jpeg\" \/>\n<meta name=\"twitter:card\" content=\"summary_large_image\" \/>\n<meta name=\"twitter:label1\" content=\"Disponibilit\u00e9\" \/>\n\t<meta name=\"twitter:data1\" content=\"En stock\" \/>\n<script type=\"application\/ld+json\" class=\"yoast-schema-graph\">{\"@context\":\"https:\\\/\\\/schema.org\",\"@graph\":[{\"@type\":\"WebPage\",\"@id\":\"https:\\\/\\\/www.vetorino.com\\\/boutique\\\/product\\\/senephytol\\\/\",\"url\":\"https:\\\/\\\/www.vetorino.com\\\/boutique\\\/product\\\/senephytol\\\/\",\"name\":\"Senephytol Greenvet - V\u00e9torino\",\"isPartOf\":{\"@id\":\"https:\\\/\\\/www.vetorino.com\\\/boutique\\\/#website\"},\"primaryImageOfPage\":{\"@id\":\"https:\\\/\\\/www.vetorino.com\\\/boutique\\\/product\\\/senephytol\\\/#primaryimage\"},\"image\":{\"@id\":\"https:\\\/\\\/www.vetorino.com\\\/boutique\\\/product\\\/senephytol\\\/#primaryimage\"},\"thumbnailUrl\":\"https:\\\/\\\/www.vetorino.com\\\/boutique\\\/wp-content\\\/uploads\\\/2020\\\/03\\\/greenvet-senephytol-pour-chiens-et-chats.jpg\",\"datePublished\":\"2020-03-04T22:53:12+00:00\",\"dateModified\":\"2024-06-28T11:59:46+00:00\",\"description\":\"Senephytol\u00a0est un aliment compl\u00e9mentaire \u00e0 base d\u2019extraits de Guarana et d\u2019Eleuth\u00e9rocoque\u00a0pour donner du tonus aux\u00a0chiens\u00a0et\u00a0chats. Cette formule participe \u00e0 apporter chez les animaux \u00e2g\u00e9s ou sportifs\",\"breadcrumb\":{\"@id\":\"https:\\\/\\\/www.vetorino.com\\\/boutique\\\/product\\\/senephytol\\\/#breadcrumb\"},\"inLanguage\":\"fr-FR\",\"potentialAction\":[{\"@type\":\"ReadAction\",\"target\":[\"https:\\\/\\\/www.vetorino.com\\\/boutique\\\/product\\\/senephytol\\\/\"]}]},{\"@type\":\"ImageObject\",\"inLanguage\":\"fr-FR\",\"@id\":\"https:\\\/\\\/www.vetorino.com\\\/boutique\\\/product\\\/senephytol\\\/#primaryimage\",\"url\":\"https:\\\/\\\/www.vetorino.com\\\/boutique\\\/wp-content\\\/uploads\\\/2020\\\/03\\\/greenvet-senephytol-pour-chiens-et-chats.jpg\",\"contentUrl\":\"https:\\\/\\\/www.vetorino.com\\\/boutique\\\/wp-content\\\/uploads\\\/2020\\\/03\\\/greenvet-senephytol-pour-chiens-et-chats.jpg\",\"width\":452,\"height\":452},{\"@type\":\"BreadcrumbList\",\"@id\":\"https:\\\/\\\/www.vetorino.com\\\/boutique\\\/product\\\/senephytol\\\/#breadcrumb\",\"itemListElement\":[{\"@type\":\"ListItem\",\"position\":1,\"name\":\"Accueil\",\"item\":\"https:\\\/\\\/www.vetorino.com\\\/boutique\\\/\"},{\"@type\":\"ListItem\",\"position\":2,\"name\":\"Produits\",\"item\":\"https:\\\/\\\/www.vetorino.com\\\/boutique\\\/\"},{\"@type\":\"ListItem\",\"position\":3,\"name\":\"Senephytol\"}]},{\"@type\":\"WebSite\",\"@id\":\"https:\\\/\\\/www.vetorino.com\\\/boutique\\\/#website\",\"url\":\"https:\\\/\\\/www.vetorino.com\\\/boutique\\\/\",\"name\":\"V\u00e9torino\",\"description\":\"\",\"publisher\":{\"@id\":\"https:\\\/\\\/www.vetorino.com\\\/boutique\\\/#organization\"},\"potentialAction\":[{\"@type\":\"SearchAction\",\"target\":{\"@type\":\"EntryPoint\",\"urlTemplate\":\"https:\\\/\\\/www.vetorino.com\\\/boutique\\\/?s={search_term_string}\"},\"query-input\":{\"@type\":\"PropertyValueSpecification\",\"valueRequired\":true,\"valueName\":\"search_term_string\"}}],\"inLanguage\":\"fr-FR\"},{\"@type\":\"Organization\",\"@id\":\"https:\\\/\\\/www.vetorino.com\\\/boutique\\\/#organization\",\"name\":\"V\u00e9torino\",\"url\":\"https:\\\/\\\/www.vetorino.com\\\/boutique\\\/\",\"logo\":{\"@type\":\"ImageObject\",\"inLanguage\":\"fr-FR\",\"@id\":\"https:\\\/\\\/www.vetorino.com\\\/boutique\\\/#\\\/schema\\\/logo\\\/image\\\/\",\"url\":\"https:\\\/\\\/www.vetorino.com\\\/boutique\\\/wp-content\\\/uploads\\\/2024\\\/10\\\/logo.jpg\",\"contentUrl\":\"https:\\\/\\\/www.vetorino.com\\\/boutique\\\/wp-content\\\/uploads\\\/2024\\\/10\\\/logo.jpg\",\"width\":1200,\"height\":610,\"caption\":\"V\u00e9torino\"},\"image\":{\"@id\":\"https:\\\/\\\/www.vetorino.com\\\/boutique\\\/#\\\/schema\\\/logo\\\/image\\\/\"},\"sameAs\":[\"https:\\\/\\\/www.facebook.com\\\/Vetorino\\\/\",\"https:\\\/\\\/www.instagram.com\\\/vetorino_off\\\/\",\"https:\\\/\\\/www.linkedin.com\\\/company\\\/vtorino\\\/\"]}]}<\/script>\n<meta property=\"product:brand\" content=\"Greenvet\" \/>\n<meta property=\"og:availability\" content=\"instock\" \/>\n<meta property=\"product:availability\" content=\"instock\" \/>\n<meta property=\"product:condition\" content=\"new\" \/>\n<!-- \/ Yoast SEO plugin. -->","yoast_head_json":{"title":"Senephytol Greenvet - V\u00e9torino","description":"Senephytol\u00a0est un aliment compl\u00e9mentaire \u00e0 base d\u2019extraits de Guarana et d\u2019Eleuth\u00e9rocoque\u00a0pour donner du tonus aux\u00a0chiens\u00a0et\u00a0chats. Cette formule participe \u00e0 apporter chez les animaux \u00e2g\u00e9s ou sportifs","robots":{"index":"noindex","follow":"nofollow"},"og_locale":"fr_FR","og_type":"article","og_title":"Senephytol Greenvet - V\u00e9torino","og_description":"Senephytol\u00a0est un aliment compl\u00e9mentaire \u00e0 base d\u2019extraits de Guarana et d\u2019Eleuth\u00e9rocoque\u00a0pour donner du tonus aux\u00a0chiens\u00a0et\u00a0chats. Cette formule participe \u00e0 apporter chez les animaux \u00e2g\u00e9s ou sportifs","og_url":"https:\/\/www.vetorino.com\/veterinaire\/landos-43340\/boutique\/product\/senephytol\/","og_site_name":"V\u00e9torino","article_publisher":"https:\/\/www.facebook.com\/Vetorino\/","article_modified_time":"2024-06-28T11:59:46+00:00","og_image":[{"width":452,"height":452,"url":"https:\/\/www.vetorino.com\/boutique\/wp-content\/uploads\/2020\/03\/greenvet-senephytol-pour-chiens-et-chats.jpg","type":"image\/jpeg"}],"twitter_card":"summary_large_image","twitter_misc":{"Disponibilit\u00e9":"En stock"},"schema":{"@context":"https:\/\/schema.org","@graph":[{"@type":"WebPage","@id":"https:\/\/www.vetorino.com\/boutique\/product\/senephytol\/","url":"https:\/\/www.vetorino.com\/boutique\/product\/senephytol\/","name":"Senephytol Greenvet - V\u00e9torino","isPartOf":{"@id":"https:\/\/www.vetorino.com\/boutique\/#website"},"primaryImageOfPage":{"@id":"https:\/\/www.vetorino.com\/boutique\/product\/senephytol\/#primaryimage"},"image":{"@id":"https:\/\/www.vetorino.com\/boutique\/product\/senephytol\/#primaryimage"},"thumbnailUrl":"https:\/\/www.vetorino.com\/boutique\/wp-content\/uploads\/2020\/03\/greenvet-senephytol-pour-chiens-et-chats.jpg","datePublished":"2020-03-04T22:53:12+00:00","dateModified":"2024-06-28T11:59:46+00:00","description":"Senephytol\u00a0est un aliment compl\u00e9mentaire \u00e0 base d\u2019extraits de Guarana et d\u2019Eleuth\u00e9rocoque\u00a0pour donner du tonus aux\u00a0chiens\u00a0et\u00a0chats. Cette formule participe \u00e0 apporter chez les animaux \u00e2g\u00e9s ou sportifs","breadcrumb":{"@id":"https:\/\/www.vetorino.com\/boutique\/product\/senephytol\/#breadcrumb"},"inLanguage":"fr-FR","potentialAction":[{"@type":"ReadAction","target":["https:\/\/www.vetorino.com\/boutique\/product\/senephytol\/"]}]},{"@type":"ImageObject","inLanguage":"fr-FR","@id":"https:\/\/www.vetorino.com\/boutique\/product\/senephytol\/#primaryimage","url":"https:\/\/www.vetorino.com\/boutique\/wp-content\/uploads\/2020\/03\/greenvet-senephytol-pour-chiens-et-chats.jpg","contentUrl":"https:\/\/www.vetorino.com\/boutique\/wp-content\/uploads\/2020\/03\/greenvet-senephytol-pour-chiens-et-chats.jpg","width":452,"height":452},{"@type":"BreadcrumbList","@id":"https:\/\/www.vetorino.com\/boutique\/product\/senephytol\/#breadcrumb","itemListElement":[{"@type":"ListItem","position":1,"name":"Accueil","item":"https:\/\/www.vetorino.com\/boutique\/"},{"@type":"ListItem","position":2,"name":"Produits","item":"https:\/\/www.vetorino.com\/boutique\/"},{"@type":"ListItem","position":3,"name":"Senephytol"}]},{"@type":"WebSite","@id":"https:\/\/www.vetorino.com\/boutique\/#website","url":"https:\/\/www.vetorino.com\/boutique\/","name":"V\u00e9torino","description":"","publisher":{"@id":"https:\/\/www.vetorino.com\/boutique\/#organization"},"potentialAction":[{"@type":"SearchAction","target":{"@type":"EntryPoint","urlTemplate":"https:\/\/www.vetorino.com\/boutique\/?s={search_term_string}"},"query-input":{"@type":"PropertyValueSpecification","valueRequired":true,"valueName":"search_term_string"}}],"inLanguage":"fr-FR"},{"@type":"Organization","@id":"https:\/\/www.vetorino.com\/boutique\/#organization","name":"V\u00e9torino","url":"https:\/\/www.vetorino.com\/boutique\/","logo":{"@type":"ImageObject","inLanguage":"fr-FR","@id":"https:\/\/www.vetorino.com\/boutique\/#\/schema\/logo\/image\/","url":"https:\/\/www.vetorino.com\/boutique\/wp-content\/uploads\/2024\/10\/logo.jpg","contentUrl":"https:\/\/www.vetorino.com\/boutique\/wp-content\/uploads\/2024\/10\/logo.jpg","width":1200,"height":610,"caption":"V\u00e9torino"},"image":{"@id":"https:\/\/www.vetorino.com\/boutique\/#\/schema\/logo\/image\/"},"sameAs":["https:\/\/www.facebook.com\/Vetorino\/","https:\/\/www.instagram.com\/vetorino_off\/","https:\/\/www.linkedin.com\/company\/vtorino\/"]}]},"product_brand":"Greenvet","og_availability":"instock","product_availability":"instock","product_condition":"new"},"_links":{"self":[{"href":"https:\/\/www.vetorino.com\/veterinaire\/landos-43340\/boutique\/wp-json\/wp\/v2\/product\/37182","targetHints":{"allow":["GET"]}}],"collection":[{"href":"https:\/\/www.vetorino.com\/veterinaire\/landos-43340\/boutique\/wp-json\/wp\/v2\/product"}],"about":[{"href":"https:\/\/www.vetorino.com\/veterinaire\/landos-43340\/boutique\/wp-json\/wp\/v2\/types\/product"}],"wp:featuredmedia":[{"embeddable":true,"href":"https:\/\/www.vetorino.com\/veterinaire\/landos-43340\/boutique\/wp-json\/wp\/v2\/media\/959132"}],"wp:attachment":[{"href":"https:\/\/www.vetorino.com\/veterinaire\/landos-43340\/boutique\/wp-json\/wp\/v2\/media?parent=37182"}],"wp:term":[{"taxonomy":"product_cat","embeddable":true,"href":"https:\/\/www.vetorino.com\/veterinaire\/landos-43340\/boutique\/wp-json\/wp\/v2\/product_cat?post=37182"},{"taxonomy":"product_tag","embeddable":true,"href":"https:\/\/www.vetorino.com\/veterinaire\/landos-43340\/boutique\/wp-json\/wp\/v2\/product_tag?post=37182"}],"curies":[{"name":"wp","href":"https:\/\/api.w.org\/{rel}","templated":true}]}}