{"id":37195,"date":"2020-03-04T23:53:16","date_gmt":"2020-03-04T22:53:16","guid":{"rendered":"https:\/\/www.vetorino.com\/boutique\/product\/shampooing-activmue\/"},"modified":"2026-02-25T12:26:14","modified_gmt":"2026-02-25T11:26:14","slug":"shampooing-activmue","status":"publish","type":"product","link":"https:\/\/www.vetorino.com\/veterinaire\/landos-43340\/boutique\/product\/shampooing-activmue\/","title":{"rendered":"Shampooing Activ&#8217;Mue &#8211; chien &#038; chat"},"content":{"rendered":"<p>Activ&#8217;mue est un shampooing Greenvet con\u00e7u pour<strong>\u00a0am\u00e9liorer la repousse<\/strong>\u00a0du pelage de votre animal lors de la p\u00e9riode de mue.<\/p>\n<p>L&#8217;<strong>arnica<\/strong>\u00a0active le ph\u00e9nom\u00e8ne naturel de la mue en <strong>am\u00e9liorant la microcirculation sanguine<\/strong>.<\/p>\n<p>La biotine, les extraits d&#8217;Ail et de Cresson,<strong>\u00a0riches en vitamines A<\/strong> et extraits soufr\u00e9s organiques directement assimilables<strong>, stimulent le bulbe pileux et favorisent la repousse<\/strong>.<\/p>\n<p>Attention : Provoque une s\u00e9v\u00e8re irritation des yeux. En cas de contact avec les yeux rincer abondamment, consulter un v\u00e9t\u00e9rinaire si l&#8217;irritation persiste.<\/p>\n<p><strong>Mode d&#8217;emploi :<\/strong><\/p>\n<ol>\n<li><em>Mouiller la totalit\u00e9 du corps de l&#8217;animal en impr\u00e9gnant totalement le sous-poil et la peau.<\/em><\/li>\n<li><em>Verser les premi\u00e8res doses sur le dos, r\u00e9partir sur la totalit\u00e9 du corps.<\/em><\/li>\n<li><em>Rincer.<\/em><\/li>\n<li><em>Proc\u00e9der \u00e0 une seconde application.<\/em><\/li>\n<li><em>Laisser agir 2 \u00e0 4 min, puis rincer soigneusement. S\u00e9cher l&#8217;animal.<\/em><\/li>\n<\/ol>\n","protected":false},"excerpt":{"rendered":"<p>Le shampooing Activ&#8217;mue <strong>r\u00e9pond au probl\u00e8me des chutes de poils continues<\/strong> chez le chien et le chat.<\/p>\n<p>Il est formul\u00e9<strong> sans paraben<\/strong> et<strong> sans colorant<\/strong>.<\/p>\n<ul>\n<li>Meilleure repousse du poil<\/li>\n<li>Am\u00e9lioration de la microcirculation sanguine<\/li>\n<li>Riche en vitamine A<\/li>\n<\/ul>\n","protected":false},"featured_media":1718949,"template":"","meta":[],"product_cat":[2697,2698,12611,12612,12560,12561],"product_tag":[],"class_list":{"0":"post-37195","1":"product","2":"type-product","3":"status-publish","4":"has-post-thumbnail","6":"product_cat-chat","7":"product_cat-chien","8":"product_cat-hygiene-de-la-peau-et-du-pelage-du-chat","9":"product_cat-hygiene-de-la-peau-et-du-pelage-du-chien","10":"product_cat-hygiene-du-chat","11":"product_cat-hygiene-du-chien","12":"pa_marque-greenvet","14":"first","15":"instock","16":"taxable","17":"shipping-taxable","18":"purchasable","19":"product-type-simple"},"yoast_head":"<!-- This site is optimized with the Yoast SEO plugin v27.3 - https:\/\/yoast.com\/product\/yoast-seo-wordpress\/ -->\n<title>Shampooing Activ&#039;Mue - chien &amp; chat Greenvet - V\u00e9torino<\/title>\n<meta name=\"description\" content=\"Le shampooing Activ&#039;mue r\u00e9pond au probl\u00e8me des chutes de poils continues chez le chien et le chat.  Il est formul\u00e9 sans paraben et sans colorant.   Meilleure repousse du poil  Am\u00e9lioration de la microcirculation sanguine  Riche en vitamine A\" \/>\n<meta name=\"robots\" content=\"noindex, nofollow\" \/>\n<meta property=\"og:locale\" content=\"fr_FR\" \/>\n<meta property=\"og:type\" content=\"article\" \/>\n<meta property=\"og:title\" content=\"Shampooing Activ&#039;Mue - chien &amp; chat Greenvet - V\u00e9torino\" \/>\n<meta property=\"og:description\" content=\"Le shampooing Activ&#039;mue r\u00e9pond au probl\u00e8me des chutes de poils continues chez le chien et le chat.  Il est formul\u00e9 sans paraben et sans colorant.   Meilleure repousse du poil  Am\u00e9lioration de la microcirculation sanguine  Riche en vitamine A\" \/>\n<meta property=\"og:url\" content=\"https:\/\/www.vetorino.com\/veterinaire\/landos-43340\/boutique\/product\/shampooing-activmue\/\" \/>\n<meta property=\"og:site_name\" content=\"V\u00e9torino\" \/>\n<meta property=\"article:publisher\" content=\"https:\/\/www.facebook.com\/Vetorino\/\" \/>\n<meta property=\"article:modified_time\" content=\"2026-02-25T11:26:14+00:00\" \/>\n<meta property=\"og:image\" content=\"https:\/\/www.vetorino.com\/boutique\/wp-content\/uploads\/2020\/03\/activ-mue-shampoing.jpg\" \/>\n\t<meta property=\"og:image:width\" content=\"555\" \/>\n\t<meta property=\"og:image:height\" content=\"555\" \/>\n\t<meta property=\"og:image:type\" content=\"image\/jpeg\" \/>\n<meta name=\"twitter:card\" content=\"summary_large_image\" \/>\n<meta name=\"twitter:label1\" content=\"Prix\" \/>\n\t<meta name=\"twitter:data1\" content=\"12,67&euro;\" \/>\n\t<meta name=\"twitter:label2\" content=\"Disponibilit\u00e9\" \/>\n\t<meta name=\"twitter:data2\" content=\"En stock\" \/>\n<script type=\"application\/ld+json\" class=\"yoast-schema-graph\">{\"@context\":\"https:\\\/\\\/schema.org\",\"@graph\":[{\"@type\":\"WebPage\",\"@id\":\"https:\\\/\\\/www.vetorino.com\\\/boutique\\\/product\\\/shampooing-activmue\\\/\",\"url\":\"https:\\\/\\\/www.vetorino.com\\\/boutique\\\/product\\\/shampooing-activmue\\\/\",\"name\":\"Shampooing Activ'Mue - chien & chat Greenvet - V\u00e9torino\",\"isPartOf\":{\"@id\":\"https:\\\/\\\/www.vetorino.com\\\/boutique\\\/#website\"},\"primaryImageOfPage\":{\"@id\":\"https:\\\/\\\/www.vetorino.com\\\/boutique\\\/product\\\/shampooing-activmue\\\/#primaryimage\"},\"image\":{\"@id\":\"https:\\\/\\\/www.vetorino.com\\\/boutique\\\/product\\\/shampooing-activmue\\\/#primaryimage\"},\"thumbnailUrl\":\"https:\\\/\\\/www.vetorino.com\\\/boutique\\\/wp-content\\\/uploads\\\/2020\\\/03\\\/activ-mue-shampoing.jpg\",\"datePublished\":\"2020-03-04T22:53:16+00:00\",\"dateModified\":\"2026-02-25T11:26:14+00:00\",\"description\":\"Le shampooing Activ'mue r\u00e9pond au probl\u00e8me des chutes de poils continues chez le chien et le chat. Il est formul\u00e9 sans paraben et sans colorant. Meilleure repousse du poil Am\u00e9lioration de la microcirculation sanguine Riche en vitamine A\",\"breadcrumb\":{\"@id\":\"https:\\\/\\\/www.vetorino.com\\\/boutique\\\/product\\\/shampooing-activmue\\\/#breadcrumb\"},\"inLanguage\":\"fr-FR\",\"potentialAction\":[{\"@type\":\"ReadAction\",\"target\":[\"https:\\\/\\\/www.vetorino.com\\\/boutique\\\/product\\\/shampooing-activmue\\\/\"]}]},{\"@type\":\"ImageObject\",\"inLanguage\":\"fr-FR\",\"@id\":\"https:\\\/\\\/www.vetorino.com\\\/boutique\\\/product\\\/shampooing-activmue\\\/#primaryimage\",\"url\":\"https:\\\/\\\/www.vetorino.com\\\/boutique\\\/wp-content\\\/uploads\\\/2020\\\/03\\\/activ-mue-shampoing.jpg\",\"contentUrl\":\"https:\\\/\\\/www.vetorino.com\\\/boutique\\\/wp-content\\\/uploads\\\/2020\\\/03\\\/activ-mue-shampoing.jpg\",\"width\":555,\"height\":555},{\"@type\":\"BreadcrumbList\",\"@id\":\"https:\\\/\\\/www.vetorino.com\\\/boutique\\\/product\\\/shampooing-activmue\\\/#breadcrumb\",\"itemListElement\":[{\"@type\":\"ListItem\",\"position\":1,\"name\":\"Accueil\",\"item\":\"https:\\\/\\\/www.vetorino.com\\\/boutique\\\/\"},{\"@type\":\"ListItem\",\"position\":2,\"name\":\"Produits\",\"item\":\"https:\\\/\\\/www.vetorino.com\\\/boutique\\\/\"},{\"@type\":\"ListItem\",\"position\":3,\"name\":\"Shampooing Activ&#8217;Mue &#8211; chien &#038; chat\"}]},{\"@type\":\"WebSite\",\"@id\":\"https:\\\/\\\/www.vetorino.com\\\/boutique\\\/#website\",\"url\":\"https:\\\/\\\/www.vetorino.com\\\/boutique\\\/\",\"name\":\"V\u00e9torino\",\"description\":\"\",\"publisher\":{\"@id\":\"https:\\\/\\\/www.vetorino.com\\\/boutique\\\/#organization\"},\"potentialAction\":[{\"@type\":\"SearchAction\",\"target\":{\"@type\":\"EntryPoint\",\"urlTemplate\":\"https:\\\/\\\/www.vetorino.com\\\/boutique\\\/?s={search_term_string}\"},\"query-input\":{\"@type\":\"PropertyValueSpecification\",\"valueRequired\":true,\"valueName\":\"search_term_string\"}}],\"inLanguage\":\"fr-FR\"},{\"@type\":\"Organization\",\"@id\":\"https:\\\/\\\/www.vetorino.com\\\/boutique\\\/#organization\",\"name\":\"V\u00e9torino\",\"url\":\"https:\\\/\\\/www.vetorino.com\\\/boutique\\\/\",\"logo\":{\"@type\":\"ImageObject\",\"inLanguage\":\"fr-FR\",\"@id\":\"https:\\\/\\\/www.vetorino.com\\\/boutique\\\/#\\\/schema\\\/logo\\\/image\\\/\",\"url\":\"https:\\\/\\\/www.vetorino.com\\\/boutique\\\/wp-content\\\/uploads\\\/2024\\\/10\\\/logo.jpg\",\"contentUrl\":\"https:\\\/\\\/www.vetorino.com\\\/boutique\\\/wp-content\\\/uploads\\\/2024\\\/10\\\/logo.jpg\",\"width\":1200,\"height\":610,\"caption\":\"V\u00e9torino\"},\"image\":{\"@id\":\"https:\\\/\\\/www.vetorino.com\\\/boutique\\\/#\\\/schema\\\/logo\\\/image\\\/\"},\"sameAs\":[\"https:\\\/\\\/www.facebook.com\\\/Vetorino\\\/\",\"https:\\\/\\\/www.instagram.com\\\/vetorino_off\\\/\",\"https:\\\/\\\/www.linkedin.com\\\/company\\\/vtorino\\\/\"]}]}<\/script>\n<meta property=\"product:brand\" content=\"Greenvet\" \/>\n<meta property=\"product:price:amount\" content=\"12.67\" \/>\n<meta property=\"product:price:currency\" content=\"EUR\" \/>\n<meta property=\"og:availability\" content=\"instock\" \/>\n<meta property=\"product:availability\" content=\"instock\" \/>\n<meta property=\"product:retailer_item_id\" content=\"A-8092852\" \/>\n<meta property=\"product:condition\" content=\"new\" \/>\n<!-- \/ Yoast SEO plugin. -->","yoast_head_json":{"title":"Shampooing Activ'Mue - chien & chat Greenvet - V\u00e9torino","description":"Le shampooing Activ'mue r\u00e9pond au probl\u00e8me des chutes de poils continues chez le chien et le chat.  Il est formul\u00e9 sans paraben et sans colorant.   Meilleure repousse du poil  Am\u00e9lioration de la microcirculation sanguine  Riche en vitamine A","robots":{"index":"noindex","follow":"nofollow"},"og_locale":"fr_FR","og_type":"article","og_title":"Shampooing Activ'Mue - chien & chat Greenvet - V\u00e9torino","og_description":"Le shampooing Activ'mue r\u00e9pond au probl\u00e8me des chutes de poils continues chez le chien et le chat.  Il est formul\u00e9 sans paraben et sans colorant.   Meilleure repousse du poil  Am\u00e9lioration de la microcirculation sanguine  Riche en vitamine A","og_url":"https:\/\/www.vetorino.com\/veterinaire\/landos-43340\/boutique\/product\/shampooing-activmue\/","og_site_name":"V\u00e9torino","article_publisher":"https:\/\/www.facebook.com\/Vetorino\/","article_modified_time":"2026-02-25T11:26:14+00:00","og_image":[{"width":555,"height":555,"url":"https:\/\/www.vetorino.com\/boutique\/wp-content\/uploads\/2020\/03\/activ-mue-shampoing.jpg","type":"image\/jpeg"}],"twitter_card":"summary_large_image","twitter_misc":{"Prix":"12,67&euro;","Disponibilit\u00e9":"En stock"},"schema":{"@context":"https:\/\/schema.org","@graph":[{"@type":"WebPage","@id":"https:\/\/www.vetorino.com\/boutique\/product\/shampooing-activmue\/","url":"https:\/\/www.vetorino.com\/boutique\/product\/shampooing-activmue\/","name":"Shampooing Activ'Mue - chien & chat Greenvet - V\u00e9torino","isPartOf":{"@id":"https:\/\/www.vetorino.com\/boutique\/#website"},"primaryImageOfPage":{"@id":"https:\/\/www.vetorino.com\/boutique\/product\/shampooing-activmue\/#primaryimage"},"image":{"@id":"https:\/\/www.vetorino.com\/boutique\/product\/shampooing-activmue\/#primaryimage"},"thumbnailUrl":"https:\/\/www.vetorino.com\/boutique\/wp-content\/uploads\/2020\/03\/activ-mue-shampoing.jpg","datePublished":"2020-03-04T22:53:16+00:00","dateModified":"2026-02-25T11:26:14+00:00","description":"Le shampooing Activ'mue r\u00e9pond au probl\u00e8me des chutes de poils continues chez le chien et le chat. Il est formul\u00e9 sans paraben et sans colorant. Meilleure repousse du poil Am\u00e9lioration de la microcirculation sanguine Riche en vitamine A","breadcrumb":{"@id":"https:\/\/www.vetorino.com\/boutique\/product\/shampooing-activmue\/#breadcrumb"},"inLanguage":"fr-FR","potentialAction":[{"@type":"ReadAction","target":["https:\/\/www.vetorino.com\/boutique\/product\/shampooing-activmue\/"]}]},{"@type":"ImageObject","inLanguage":"fr-FR","@id":"https:\/\/www.vetorino.com\/boutique\/product\/shampooing-activmue\/#primaryimage","url":"https:\/\/www.vetorino.com\/boutique\/wp-content\/uploads\/2020\/03\/activ-mue-shampoing.jpg","contentUrl":"https:\/\/www.vetorino.com\/boutique\/wp-content\/uploads\/2020\/03\/activ-mue-shampoing.jpg","width":555,"height":555},{"@type":"BreadcrumbList","@id":"https:\/\/www.vetorino.com\/boutique\/product\/shampooing-activmue\/#breadcrumb","itemListElement":[{"@type":"ListItem","position":1,"name":"Accueil","item":"https:\/\/www.vetorino.com\/boutique\/"},{"@type":"ListItem","position":2,"name":"Produits","item":"https:\/\/www.vetorino.com\/boutique\/"},{"@type":"ListItem","position":3,"name":"Shampooing Activ&#8217;Mue &#8211; chien &#038; chat"}]},{"@type":"WebSite","@id":"https:\/\/www.vetorino.com\/boutique\/#website","url":"https:\/\/www.vetorino.com\/boutique\/","name":"V\u00e9torino","description":"","publisher":{"@id":"https:\/\/www.vetorino.com\/boutique\/#organization"},"potentialAction":[{"@type":"SearchAction","target":{"@type":"EntryPoint","urlTemplate":"https:\/\/www.vetorino.com\/boutique\/?s={search_term_string}"},"query-input":{"@type":"PropertyValueSpecification","valueRequired":true,"valueName":"search_term_string"}}],"inLanguage":"fr-FR"},{"@type":"Organization","@id":"https:\/\/www.vetorino.com\/boutique\/#organization","name":"V\u00e9torino","url":"https:\/\/www.vetorino.com\/boutique\/","logo":{"@type":"ImageObject","inLanguage":"fr-FR","@id":"https:\/\/www.vetorino.com\/boutique\/#\/schema\/logo\/image\/","url":"https:\/\/www.vetorino.com\/boutique\/wp-content\/uploads\/2024\/10\/logo.jpg","contentUrl":"https:\/\/www.vetorino.com\/boutique\/wp-content\/uploads\/2024\/10\/logo.jpg","width":1200,"height":610,"caption":"V\u00e9torino"},"image":{"@id":"https:\/\/www.vetorino.com\/boutique\/#\/schema\/logo\/image\/"},"sameAs":["https:\/\/www.facebook.com\/Vetorino\/","https:\/\/www.instagram.com\/vetorino_off\/","https:\/\/www.linkedin.com\/company\/vtorino\/"]}]},"product_brand":"Greenvet","product_price_amount":"12.67","product_price_currency":"EUR","og_availability":"instock","product_availability":"instock","product_retailer_item_id":"A-8092852","product_condition":"new"},"_links":{"self":[{"href":"https:\/\/www.vetorino.com\/veterinaire\/landos-43340\/boutique\/wp-json\/wp\/v2\/product\/37195","targetHints":{"allow":["GET"]}}],"collection":[{"href":"https:\/\/www.vetorino.com\/veterinaire\/landos-43340\/boutique\/wp-json\/wp\/v2\/product"}],"about":[{"href":"https:\/\/www.vetorino.com\/veterinaire\/landos-43340\/boutique\/wp-json\/wp\/v2\/types\/product"}],"wp:featuredmedia":[{"embeddable":true,"href":"https:\/\/www.vetorino.com\/veterinaire\/landos-43340\/boutique\/wp-json\/wp\/v2\/media\/1718949"}],"wp:attachment":[{"href":"https:\/\/www.vetorino.com\/veterinaire\/landos-43340\/boutique\/wp-json\/wp\/v2\/media?parent=37195"}],"wp:term":[{"taxonomy":"product_cat","embeddable":true,"href":"https:\/\/www.vetorino.com\/veterinaire\/landos-43340\/boutique\/wp-json\/wp\/v2\/product_cat?post=37195"},{"taxonomy":"product_tag","embeddable":true,"href":"https:\/\/www.vetorino.com\/veterinaire\/landos-43340\/boutique\/wp-json\/wp\/v2\/product_tag?post=37195"}],"curies":[{"name":"wp","href":"https:\/\/api.w.org\/{rel}","templated":true}]}}