{"id":37450,"date":"2020-03-04T23:54:45","date_gmt":"2020-03-04T22:54:45","guid":{"rendered":"https:\/\/www.vetorino.com\/boutique\/product\/vet-hpm-cat-digestive-s\/"},"modified":"2025-11-05T17:54:55","modified_gmt":"2025-11-05T16:54:55","slug":"vet-hpm-cat-digestive-s","status":"publish","type":"product","link":"https:\/\/www.vetorino.com\/veterinaire\/landos-43340\/boutique\/product\/vet-hpm-cat-digestive-s\/","title":{"rendered":"G1 &#8211; Gastro Digestive Support Cat"},"content":{"rendered":"<p><strong>L&#8217;aliment VETERINARY HMP &#8211;\u00a0Gastro Digestive Support Cat\u00a0est un aliment di\u00e9t\u00e9tique et \u00e9quilibr\u00e9\u00a0destin\u00e9 \u00e0 compenser la maldigestion et \u00e0 r\u00e9duire les troubles aigus de l\u2019absorption intestinale chez le chat.\u00a0<\/strong><\/p>\n<p>Avec une formulation pauvre en glucides et riche en prot\u00e9ines, dont une grande majorit\u00e9 de prot\u00e9ines animales, il respecte les besoins nutritionnels des carnivores.<\/p>\n<p><strong>Utilisation :<\/strong><\/p>\n<ul>\n<li>Chat sujet \u00e0 des troubles digestifs<\/li>\n<li>Chat en r\u00e9cup\u00e9ration nutritionnelle \/ convalescence<\/li>\n<\/ul>\n<p><strong>Bienfaits essentiels :<\/strong><\/p>\n<ul>\n<li><strong>Limitation de la sollicitation du tractus digestif<\/strong>\u00a0: Densit\u00e9 \u00e9nerg\u00e9tique \u00e9lev\u00e9e et haute digestibilit\u00e9.<\/li>\n<li><strong>Immunit\u00e9 digestive avec Digest Plus Complex<\/strong>\u00a0: Argile, probiotiques, pr\u00e9biotiques, fibres, butyrate et nucl\u00e9otides.<\/li>\n<li><strong>Maintien de la prise alimentaire gr\u00e2ce \u00e0 une app\u00e9tence \u00e9lev\u00e9e\u00a0<\/strong>: Prot\u00e9ines animales et mati\u00e8res grasses.<\/li>\n<li><strong>Limitation du nombre d\u2019allerg\u00e8nes alimentaires<\/strong>\u00a0: Sans b\u0153uf, gluten, ma\u00efs, bl\u00e9, soja, \u0153uf, poisson, produits laitiers.<\/li>\n<li><strong>Compensation des pertes<\/strong>\u00a0: Densit\u00e9 \u00e9nerg\u00e9tique \u00e9lev\u00e9e et augmentation de la prise de boisson (prot\u00e9ines et sodium)<\/li>\n<\/ul>\n<p><strong>Aliment fabriqu\u00e9 en France :<br \/>\n<\/strong>C\u2019est dans le sud de la France, au sein de Virbac Nutrition \u00e0 Vauvert (Camargue), que la gamme est produite et conditionn\u00e9e.<br \/>\nLes aliments sont issus d\u2019une expertise d\u00e9di\u00e9e \u00e0 la nutrition pour chiens et chats afin de r\u00e9pondre aux exigences des propri\u00e9taires en mati\u00e8re de qualit\u00e9, tra\u00e7abilit\u00e9 et s\u00e9curit\u00e9 alimentaire.<\/p>\n<p><strong>Cet aliment est destin\u00e9 \u00e0 la prise en charge nutritionnelle d\u2019une maladie. Pour la sant\u00e9 de votre chat, il est recommand\u00e9 de consulter votre v\u00e9t\u00e9rinaire et de respecter scrupuleusement ses recommandations nutritionnelles.<\/strong><\/p>\n","protected":false},"excerpt":{"rendered":"<p><strong>Aliment di\u00e9t\u00e9tique et \u00e9quilibr\u00e9\u00a0destin\u00e9 \u00e0 compenser la maldigestion et \u00e0 r\u00e9duire les troubles aigus de l\u2019absorption intestinale chez le chat.\u00a0<\/strong><\/p>\n<p>Avec une formulation pauvre en glucides et riche en prot\u00e9ines, dont une grande majorit\u00e9 de prot\u00e9ines animales, il respecte les besoins nutritionnels des carnivores.<strong><br \/>\n<\/strong><br \/>\n<strong>Utilisation :<\/strong><\/p>\n<ul>\n<li>Chat sujet \u00e0 des troubles digestifs<\/li>\n<li>Chat en r\u00e9cup\u00e9ration nutritionnelle \/ convalescence<\/li>\n<\/ul>\n","protected":false},"featured_media":902464,"template":"","meta":[],"product_cat":[12551,12581,2697],"product_tag":[],"class_list":{"0":"post-37450","1":"product","2":"type-product","3":"status-publish","4":"has-post-thumbnail","6":"product_cat-alimentation-du-chat","7":"product_cat-alimentation-medicalisee-pour-chat","8":"product_cat-chat","9":"pa_marque-virbac","11":"first","12":"instock","13":"taxable","14":"shipping-taxable","15":"purchasable","16":"product-type-variable"},"yoast_head":"<!-- This site is optimized with the Yoast SEO plugin v27.3 - https:\/\/yoast.com\/product\/yoast-seo-wordpress\/ -->\n<title>Veterinary HPM (Virbac) G1 - Gastro Digestive Support Cat Virbac - V\u00e9torino<\/title>\n<meta name=\"description\" content=\"Aliment di\u00e9t\u00e9tique et \u00e9quilibr\u00e9\u00a0destin\u00e9 \u00e0 compenser la maldigestion et \u00e0 r\u00e9duire les troubles aigus de l\u2019absorption intestinale chez le chat.\u00a0  Avec une formulation pauvre en glucides et riche en prot\u00e9ines, dont une grande majorit\u00e9 de prot\u00e9ines animales, il respecte les besoins nutritionnels des carnivores.  Utilisation :   Chat sujet \u00e0 des troubles digestifs  Chat en r\u00e9cup\u00e9ration nutritionnelle \/ convalescence\" \/>\n<meta name=\"robots\" content=\"noindex, nofollow\" \/>\n<meta property=\"og:locale\" content=\"fr_FR\" \/>\n<meta property=\"og:type\" content=\"article\" \/>\n<meta property=\"og:title\" content=\"Veterinary HPM (Virbac) G1 - Gastro Digestive Support Cat Virbac - V\u00e9torino\" \/>\n<meta property=\"og:description\" content=\"Aliment di\u00e9t\u00e9tique et \u00e9quilibr\u00e9\u00a0destin\u00e9 \u00e0 compenser la maldigestion et \u00e0 r\u00e9duire les troubles aigus de l\u2019absorption intestinale chez le chat.\u00a0  Avec une formulation pauvre en glucides et riche en prot\u00e9ines, dont une grande majorit\u00e9 de prot\u00e9ines animales, il respecte les besoins nutritionnels des carnivores.  Utilisation :   Chat sujet \u00e0 des troubles digestifs  Chat en r\u00e9cup\u00e9ration nutritionnelle \/ convalescence\" \/>\n<meta property=\"og:url\" content=\"https:\/\/www.vetorino.com\/veterinaire\/landos-43340\/boutique\/product\/vet-hpm-cat-digestive-s\/\" \/>\n<meta property=\"og:site_name\" content=\"V\u00e9torino\" \/>\n<meta property=\"article:publisher\" content=\"https:\/\/www.facebook.com\/Vetorino\/\" \/>\n<meta property=\"article:modified_time\" content=\"2025-11-05T16:54:55+00:00\" \/>\n<meta property=\"og:image\" content=\"https:\/\/www.vetorino.com\/boutique\/wp-content\/uploads\/2020\/06\/g1-gastro-digestive-support-cat.jpg\" \/>\n\t<meta property=\"og:image:width\" content=\"458\" \/>\n\t<meta property=\"og:image:height\" content=\"458\" \/>\n\t<meta property=\"og:image:type\" content=\"image\/jpeg\" \/>\n<meta name=\"twitter:card\" content=\"summary_large_image\" \/>\n<meta name=\"twitter:label1\" content=\"Disponibilit\u00e9\" \/>\n\t<meta name=\"twitter:data1\" content=\"En stock\" \/>\n<script type=\"application\/ld+json\" class=\"yoast-schema-graph\">{\"@context\":\"https:\\\/\\\/schema.org\",\"@graph\":[{\"@type\":\"WebPage\",\"@id\":\"https:\\\/\\\/www.vetorino.com\\\/boutique\\\/product\\\/vet-hpm-cat-digestive-s\\\/\",\"url\":\"https:\\\/\\\/www.vetorino.com\\\/boutique\\\/product\\\/vet-hpm-cat-digestive-s\\\/\",\"name\":\"Veterinary HPM (Virbac) G1 - Gastro Digestive Support Cat Virbac - V\u00e9torino\",\"isPartOf\":{\"@id\":\"https:\\\/\\\/www.vetorino.com\\\/boutique\\\/#website\"},\"primaryImageOfPage\":{\"@id\":\"https:\\\/\\\/www.vetorino.com\\\/boutique\\\/product\\\/vet-hpm-cat-digestive-s\\\/#primaryimage\"},\"image\":{\"@id\":\"https:\\\/\\\/www.vetorino.com\\\/boutique\\\/product\\\/vet-hpm-cat-digestive-s\\\/#primaryimage\"},\"thumbnailUrl\":\"https:\\\/\\\/www.vetorino.com\\\/boutique\\\/wp-content\\\/uploads\\\/2020\\\/06\\\/g1-gastro-digestive-support-cat.jpg\",\"datePublished\":\"2020-03-04T22:54:45+00:00\",\"dateModified\":\"2025-11-05T16:54:55+00:00\",\"description\":\"Aliment di\u00e9t\u00e9tique et \u00e9quilibr\u00e9\u00a0destin\u00e9 \u00e0 compenser la maldigestion et \u00e0 r\u00e9duire les troubles aigus de l\u2019absorption intestinale chez le chat.\u00a0 Avec une formulation pauvre en glucides et riche en prot\u00e9ines, dont une grande majorit\u00e9 de prot\u00e9ines animales, il respecte les besoins nutritionnels des carnivores. Utilisation : Chat sujet \u00e0 des troubles digestifs Chat en r\u00e9cup\u00e9ration nutritionnelle \\\/ convalescence\",\"breadcrumb\":{\"@id\":\"https:\\\/\\\/www.vetorino.com\\\/boutique\\\/product\\\/vet-hpm-cat-digestive-s\\\/#breadcrumb\"},\"inLanguage\":\"fr-FR\",\"potentialAction\":[{\"@type\":\"ReadAction\",\"target\":[\"https:\\\/\\\/www.vetorino.com\\\/boutique\\\/product\\\/vet-hpm-cat-digestive-s\\\/\"]}]},{\"@type\":\"ImageObject\",\"inLanguage\":\"fr-FR\",\"@id\":\"https:\\\/\\\/www.vetorino.com\\\/boutique\\\/product\\\/vet-hpm-cat-digestive-s\\\/#primaryimage\",\"url\":\"https:\\\/\\\/www.vetorino.com\\\/boutique\\\/wp-content\\\/uploads\\\/2020\\\/06\\\/g1-gastro-digestive-support-cat.jpg\",\"contentUrl\":\"https:\\\/\\\/www.vetorino.com\\\/boutique\\\/wp-content\\\/uploads\\\/2020\\\/06\\\/g1-gastro-digestive-support-cat.jpg\",\"width\":458,\"height\":458},{\"@type\":\"BreadcrumbList\",\"@id\":\"https:\\\/\\\/www.vetorino.com\\\/boutique\\\/product\\\/vet-hpm-cat-digestive-s\\\/#breadcrumb\",\"itemListElement\":[{\"@type\":\"ListItem\",\"position\":1,\"name\":\"Accueil\",\"item\":\"https:\\\/\\\/www.vetorino.com\\\/boutique\\\/\"},{\"@type\":\"ListItem\",\"position\":2,\"name\":\"Produits\",\"item\":\"https:\\\/\\\/www.vetorino.com\\\/boutique\\\/\"},{\"@type\":\"ListItem\",\"position\":3,\"name\":\"G1 &#8211; Gastro Digestive Support Cat\"}]},{\"@type\":\"WebSite\",\"@id\":\"https:\\\/\\\/www.vetorino.com\\\/boutique\\\/#website\",\"url\":\"https:\\\/\\\/www.vetorino.com\\\/boutique\\\/\",\"name\":\"V\u00e9torino\",\"description\":\"\",\"publisher\":{\"@id\":\"https:\\\/\\\/www.vetorino.com\\\/boutique\\\/#organization\"},\"potentialAction\":[{\"@type\":\"SearchAction\",\"target\":{\"@type\":\"EntryPoint\",\"urlTemplate\":\"https:\\\/\\\/www.vetorino.com\\\/boutique\\\/?s={search_term_string}\"},\"query-input\":{\"@type\":\"PropertyValueSpecification\",\"valueRequired\":true,\"valueName\":\"search_term_string\"}}],\"inLanguage\":\"fr-FR\"},{\"@type\":\"Organization\",\"@id\":\"https:\\\/\\\/www.vetorino.com\\\/boutique\\\/#organization\",\"name\":\"V\u00e9torino\",\"url\":\"https:\\\/\\\/www.vetorino.com\\\/boutique\\\/\",\"logo\":{\"@type\":\"ImageObject\",\"inLanguage\":\"fr-FR\",\"@id\":\"https:\\\/\\\/www.vetorino.com\\\/boutique\\\/#\\\/schema\\\/logo\\\/image\\\/\",\"url\":\"https:\\\/\\\/www.vetorino.com\\\/boutique\\\/wp-content\\\/uploads\\\/2024\\\/10\\\/logo.jpg\",\"contentUrl\":\"https:\\\/\\\/www.vetorino.com\\\/boutique\\\/wp-content\\\/uploads\\\/2024\\\/10\\\/logo.jpg\",\"width\":1200,\"height\":610,\"caption\":\"V\u00e9torino\"},\"image\":{\"@id\":\"https:\\\/\\\/www.vetorino.com\\\/boutique\\\/#\\\/schema\\\/logo\\\/image\\\/\"},\"sameAs\":[\"https:\\\/\\\/www.facebook.com\\\/Vetorino\\\/\",\"https:\\\/\\\/www.instagram.com\\\/vetorino_off\\\/\",\"https:\\\/\\\/www.linkedin.com\\\/company\\\/vtorino\\\/\"]}]}<\/script>\n<meta property=\"product:brand\" content=\"Virbac\" \/>\n<meta property=\"og:availability\" content=\"instock\" \/>\n<meta property=\"product:availability\" content=\"instock\" \/>\n<meta property=\"product:condition\" content=\"new\" \/>\n<!-- \/ Yoast SEO plugin. -->","yoast_head_json":{"title":"Veterinary HPM (Virbac) G1 - Gastro Digestive Support Cat Virbac - V\u00e9torino","description":"Aliment di\u00e9t\u00e9tique et \u00e9quilibr\u00e9\u00a0destin\u00e9 \u00e0 compenser la maldigestion et \u00e0 r\u00e9duire les troubles aigus de l\u2019absorption intestinale chez le chat.\u00a0  Avec une formulation pauvre en glucides et riche en prot\u00e9ines, dont une grande majorit\u00e9 de prot\u00e9ines animales, il respecte les besoins nutritionnels des carnivores.  Utilisation :   Chat sujet \u00e0 des troubles digestifs  Chat en r\u00e9cup\u00e9ration nutritionnelle \/ convalescence","robots":{"index":"noindex","follow":"nofollow"},"og_locale":"fr_FR","og_type":"article","og_title":"Veterinary HPM (Virbac) G1 - Gastro Digestive Support Cat Virbac - V\u00e9torino","og_description":"Aliment di\u00e9t\u00e9tique et \u00e9quilibr\u00e9\u00a0destin\u00e9 \u00e0 compenser la maldigestion et \u00e0 r\u00e9duire les troubles aigus de l\u2019absorption intestinale chez le chat.\u00a0  Avec une formulation pauvre en glucides et riche en prot\u00e9ines, dont une grande majorit\u00e9 de prot\u00e9ines animales, il respecte les besoins nutritionnels des carnivores.  Utilisation :   Chat sujet \u00e0 des troubles digestifs  Chat en r\u00e9cup\u00e9ration nutritionnelle \/ convalescence","og_url":"https:\/\/www.vetorino.com\/veterinaire\/landos-43340\/boutique\/product\/vet-hpm-cat-digestive-s\/","og_site_name":"V\u00e9torino","article_publisher":"https:\/\/www.facebook.com\/Vetorino\/","article_modified_time":"2025-11-05T16:54:55+00:00","og_image":[{"width":458,"height":458,"url":"https:\/\/www.vetorino.com\/boutique\/wp-content\/uploads\/2020\/06\/g1-gastro-digestive-support-cat.jpg","type":"image\/jpeg"}],"twitter_card":"summary_large_image","twitter_misc":{"Disponibilit\u00e9":"En stock"},"schema":{"@context":"https:\/\/schema.org","@graph":[{"@type":"WebPage","@id":"https:\/\/www.vetorino.com\/boutique\/product\/vet-hpm-cat-digestive-s\/","url":"https:\/\/www.vetorino.com\/boutique\/product\/vet-hpm-cat-digestive-s\/","name":"Veterinary HPM (Virbac) G1 - Gastro Digestive Support Cat Virbac - V\u00e9torino","isPartOf":{"@id":"https:\/\/www.vetorino.com\/boutique\/#website"},"primaryImageOfPage":{"@id":"https:\/\/www.vetorino.com\/boutique\/product\/vet-hpm-cat-digestive-s\/#primaryimage"},"image":{"@id":"https:\/\/www.vetorino.com\/boutique\/product\/vet-hpm-cat-digestive-s\/#primaryimage"},"thumbnailUrl":"https:\/\/www.vetorino.com\/boutique\/wp-content\/uploads\/2020\/06\/g1-gastro-digestive-support-cat.jpg","datePublished":"2020-03-04T22:54:45+00:00","dateModified":"2025-11-05T16:54:55+00:00","description":"Aliment di\u00e9t\u00e9tique et \u00e9quilibr\u00e9\u00a0destin\u00e9 \u00e0 compenser la maldigestion et \u00e0 r\u00e9duire les troubles aigus de l\u2019absorption intestinale chez le chat.\u00a0 Avec une formulation pauvre en glucides et riche en prot\u00e9ines, dont une grande majorit\u00e9 de prot\u00e9ines animales, il respecte les besoins nutritionnels des carnivores. Utilisation : Chat sujet \u00e0 des troubles digestifs Chat en r\u00e9cup\u00e9ration nutritionnelle \/ convalescence","breadcrumb":{"@id":"https:\/\/www.vetorino.com\/boutique\/product\/vet-hpm-cat-digestive-s\/#breadcrumb"},"inLanguage":"fr-FR","potentialAction":[{"@type":"ReadAction","target":["https:\/\/www.vetorino.com\/boutique\/product\/vet-hpm-cat-digestive-s\/"]}]},{"@type":"ImageObject","inLanguage":"fr-FR","@id":"https:\/\/www.vetorino.com\/boutique\/product\/vet-hpm-cat-digestive-s\/#primaryimage","url":"https:\/\/www.vetorino.com\/boutique\/wp-content\/uploads\/2020\/06\/g1-gastro-digestive-support-cat.jpg","contentUrl":"https:\/\/www.vetorino.com\/boutique\/wp-content\/uploads\/2020\/06\/g1-gastro-digestive-support-cat.jpg","width":458,"height":458},{"@type":"BreadcrumbList","@id":"https:\/\/www.vetorino.com\/boutique\/product\/vet-hpm-cat-digestive-s\/#breadcrumb","itemListElement":[{"@type":"ListItem","position":1,"name":"Accueil","item":"https:\/\/www.vetorino.com\/boutique\/"},{"@type":"ListItem","position":2,"name":"Produits","item":"https:\/\/www.vetorino.com\/boutique\/"},{"@type":"ListItem","position":3,"name":"G1 &#8211; Gastro Digestive Support Cat"}]},{"@type":"WebSite","@id":"https:\/\/www.vetorino.com\/boutique\/#website","url":"https:\/\/www.vetorino.com\/boutique\/","name":"V\u00e9torino","description":"","publisher":{"@id":"https:\/\/www.vetorino.com\/boutique\/#organization"},"potentialAction":[{"@type":"SearchAction","target":{"@type":"EntryPoint","urlTemplate":"https:\/\/www.vetorino.com\/boutique\/?s={search_term_string}"},"query-input":{"@type":"PropertyValueSpecification","valueRequired":true,"valueName":"search_term_string"}}],"inLanguage":"fr-FR"},{"@type":"Organization","@id":"https:\/\/www.vetorino.com\/boutique\/#organization","name":"V\u00e9torino","url":"https:\/\/www.vetorino.com\/boutique\/","logo":{"@type":"ImageObject","inLanguage":"fr-FR","@id":"https:\/\/www.vetorino.com\/boutique\/#\/schema\/logo\/image\/","url":"https:\/\/www.vetorino.com\/boutique\/wp-content\/uploads\/2024\/10\/logo.jpg","contentUrl":"https:\/\/www.vetorino.com\/boutique\/wp-content\/uploads\/2024\/10\/logo.jpg","width":1200,"height":610,"caption":"V\u00e9torino"},"image":{"@id":"https:\/\/www.vetorino.com\/boutique\/#\/schema\/logo\/image\/"},"sameAs":["https:\/\/www.facebook.com\/Vetorino\/","https:\/\/www.instagram.com\/vetorino_off\/","https:\/\/www.linkedin.com\/company\/vtorino\/"]}]},"product_brand":"Virbac","og_availability":"instock","product_availability":"instock","product_condition":"new"},"_links":{"self":[{"href":"https:\/\/www.vetorino.com\/veterinaire\/landos-43340\/boutique\/wp-json\/wp\/v2\/product\/37450","targetHints":{"allow":["GET"]}}],"collection":[{"href":"https:\/\/www.vetorino.com\/veterinaire\/landos-43340\/boutique\/wp-json\/wp\/v2\/product"}],"about":[{"href":"https:\/\/www.vetorino.com\/veterinaire\/landos-43340\/boutique\/wp-json\/wp\/v2\/types\/product"}],"wp:featuredmedia":[{"embeddable":true,"href":"https:\/\/www.vetorino.com\/veterinaire\/landos-43340\/boutique\/wp-json\/wp\/v2\/media\/902464"}],"wp:attachment":[{"href":"https:\/\/www.vetorino.com\/veterinaire\/landos-43340\/boutique\/wp-json\/wp\/v2\/media?parent=37450"}],"wp:term":[{"taxonomy":"product_cat","embeddable":true,"href":"https:\/\/www.vetorino.com\/veterinaire\/landos-43340\/boutique\/wp-json\/wp\/v2\/product_cat?post=37450"},{"taxonomy":"product_tag","embeddable":true,"href":"https:\/\/www.vetorino.com\/veterinaire\/landos-43340\/boutique\/wp-json\/wp\/v2\/product_tag?post=37450"}],"curies":[{"name":"wp","href":"https:\/\/api.w.org\/{rel}","templated":true}]}}