{"id":503959,"date":"2022-11-09T20:25:38","date_gmt":"2022-11-09T19:25:38","guid":{"rendered":"https:\/\/www.vetorino.com\/boutique\/product\/easypill-chien-confort-renal-15-barres\/"},"modified":"2024-06-07T11:38:42","modified_gmt":"2024-06-07T09:38:42","slug":"easypill-chien-confort-renal-15-barres","status":"publish","type":"product","link":"https:\/\/www.vetorino.com\/veterinaire\/landos-43340\/boutique\/product\/easypill-chien-confort-renal-15-barres\/","title":{"rendered":"Chien Confort R\u00e9nal"},"content":{"rendered":"<p><strong>Easypill Confort R\u00e9nal pour chien soutien la fonction r\u00e9nale en cas d&#8217;insuffisance r\u00e9nale chronique.<\/strong><\/p>\n<p>Chien sujet aux probl\u00e8mes r\u00e9naux<\/p>\n<p><strong>Mode d&#8217;emploi :<\/strong><\/p>\n<p>Voie orale. L\u2019excellente app\u00e9tence du produit permet g\u00e9n\u00e9ralement une prise spontan\u00e9e par l\u2019animal.<br \/>\nRespecter les dosages pr\u00e9scrits par votre v\u00e9t\u00e9rinaire<\/p>\n<p><strong>Bienfaits essentiels :<\/strong><\/p>\n<p>Un apport prolong\u00e9 en acides gras Om\u00e9ga 3 (EPA et DHA) pr\u00e9vient la d\u00e9t\u00e9rioration du d\u00e9bit de filtration glom\u00e9rulaire (DFG) et pr\u00e9serve la fonction r\u00e9nale lors d\u2019IRC.<\/p>\n","protected":false},"excerpt":{"rendered":"<p><strong>Easypill Confort R\u00e9nal pour chien soutien la fonction r\u00e9nale en cas d&#8217;insuffisance r\u00e9nale chronique.<\/strong><\/p>\n<p>Chien sujet aux probl\u00e8mes r\u00e9naux<\/p>\n<p>Avant utilisation, il est recommand\u00e9 de demander l&#8217;avis d&#8217;un v\u00e9t\u00e9rinaire.<\/p>\n<p>Autres conditionnements<\/p>\n","protected":false},"featured_media":711978,"template":"","meta":[],"product_cat":[2738,2698,12568],"product_tag":[],"class_list":{"0":"post-503959","1":"product","2":"type-product","3":"status-publish","4":"has-post-thumbnail","6":"product_cat-aliments-complementaires-pour-chien","7":"product_cat-chien","8":"product_cat-produit-veterinaire-du-chien","9":"pa_marque-osalia","11":"first","12":"instock","13":"taxable","14":"shipping-taxable","15":"purchasable","16":"product-type-simple"},"yoast_head":"<!-- This site is optimized with the Yoast SEO plugin v27.3 - https:\/\/yoast.com\/product\/yoast-seo-wordpress\/ -->\n<title>Easypill Chien Confort R\u00e9nal Osalia - V\u00e9torino<\/title>\n<meta name=\"description\" content=\"Easypill Confort R\u00e9nal pour chien soutien la fonction r\u00e9nale en cas d&#039;insuffisance r\u00e9nale chronique.  Chien sujet aux probl\u00e8mes r\u00e9naux  Avant utilisation, il est recommand\u00e9 de demander l&#039;avis d&#039;un v\u00e9t\u00e9rinaire.  Autres conditionnements\" \/>\n<meta name=\"robots\" content=\"noindex, nofollow\" \/>\n<meta property=\"og:locale\" content=\"fr_FR\" \/>\n<meta property=\"og:type\" content=\"article\" \/>\n<meta property=\"og:title\" content=\"Easypill Chien Confort R\u00e9nal Osalia - V\u00e9torino\" \/>\n<meta property=\"og:description\" content=\"Easypill Confort R\u00e9nal pour chien soutien la fonction r\u00e9nale en cas d&#039;insuffisance r\u00e9nale chronique.  Chien sujet aux probl\u00e8mes r\u00e9naux  Avant utilisation, il est recommand\u00e9 de demander l&#039;avis d&#039;un v\u00e9t\u00e9rinaire.  Autres conditionnements\" \/>\n<meta property=\"og:url\" content=\"https:\/\/www.vetorino.com\/veterinaire\/landos-43340\/boutique\/product\/easypill-chien-confort-renal-15-barres\/\" \/>\n<meta property=\"og:site_name\" content=\"V\u00e9torino\" \/>\n<meta property=\"article:publisher\" content=\"https:\/\/www.facebook.com\/Vetorino\/\" \/>\n<meta property=\"article:modified_time\" content=\"2024-06-07T09:38:42+00:00\" \/>\n<meta property=\"og:image\" content=\"https:\/\/www.vetorino.com\/boutique\/wp-content\/uploads\/2022\/11\/chien-confort-renal.jpg.png\" \/>\n\t<meta property=\"og:image:width\" content=\"540\" \/>\n\t<meta property=\"og:image:height\" content=\"540\" \/>\n\t<meta property=\"og:image:type\" content=\"image\/png\" \/>\n<meta name=\"twitter:card\" content=\"summary_large_image\" \/>\n<meta name=\"twitter:label1\" content=\"Prix\" \/>\n\t<meta name=\"twitter:data1\" content=\"62,60&euro;\" \/>\n\t<meta name=\"twitter:label2\" content=\"Disponibilit\u00e9\" \/>\n\t<meta name=\"twitter:data2\" content=\"En stock\" \/>\n<script type=\"application\/ld+json\" class=\"yoast-schema-graph\">{\"@context\":\"https:\\\/\\\/schema.org\",\"@graph\":[{\"@type\":\"WebPage\",\"@id\":\"https:\\\/\\\/www.vetorino.com\\\/boutique\\\/product\\\/easypill-chien-confort-renal-15-barres\\\/\",\"url\":\"https:\\\/\\\/www.vetorino.com\\\/boutique\\\/product\\\/easypill-chien-confort-renal-15-barres\\\/\",\"name\":\"Easypill Chien Confort R\u00e9nal Osalia - V\u00e9torino\",\"isPartOf\":{\"@id\":\"https:\\\/\\\/www.vetorino.com\\\/boutique\\\/#website\"},\"primaryImageOfPage\":{\"@id\":\"https:\\\/\\\/www.vetorino.com\\\/boutique\\\/product\\\/easypill-chien-confort-renal-15-barres\\\/#primaryimage\"},\"image\":{\"@id\":\"https:\\\/\\\/www.vetorino.com\\\/boutique\\\/product\\\/easypill-chien-confort-renal-15-barres\\\/#primaryimage\"},\"thumbnailUrl\":\"https:\\\/\\\/www.vetorino.com\\\/boutique\\\/wp-content\\\/uploads\\\/2022\\\/11\\\/chien-confort-renal.jpg.png\",\"datePublished\":\"2022-11-09T19:25:38+00:00\",\"dateModified\":\"2024-06-07T09:38:42+00:00\",\"description\":\"Easypill Confort R\u00e9nal pour chien soutien la fonction r\u00e9nale en cas d'insuffisance r\u00e9nale chronique. Chien sujet aux probl\u00e8mes r\u00e9naux Avant utilisation, il est recommand\u00e9 de demander l'avis d'un v\u00e9t\u00e9rinaire. Autres conditionnements\",\"breadcrumb\":{\"@id\":\"https:\\\/\\\/www.vetorino.com\\\/boutique\\\/product\\\/easypill-chien-confort-renal-15-barres\\\/#breadcrumb\"},\"inLanguage\":\"fr-FR\",\"potentialAction\":[{\"@type\":\"ReadAction\",\"target\":[\"https:\\\/\\\/www.vetorino.com\\\/boutique\\\/product\\\/easypill-chien-confort-renal-15-barres\\\/\"]}]},{\"@type\":\"ImageObject\",\"inLanguage\":\"fr-FR\",\"@id\":\"https:\\\/\\\/www.vetorino.com\\\/boutique\\\/product\\\/easypill-chien-confort-renal-15-barres\\\/#primaryimage\",\"url\":\"https:\\\/\\\/www.vetorino.com\\\/boutique\\\/wp-content\\\/uploads\\\/2022\\\/11\\\/chien-confort-renal.jpg.png\",\"contentUrl\":\"https:\\\/\\\/www.vetorino.com\\\/boutique\\\/wp-content\\\/uploads\\\/2022\\\/11\\\/chien-confort-renal.jpg.png\",\"width\":540,\"height\":540},{\"@type\":\"BreadcrumbList\",\"@id\":\"https:\\\/\\\/www.vetorino.com\\\/boutique\\\/product\\\/easypill-chien-confort-renal-15-barres\\\/#breadcrumb\",\"itemListElement\":[{\"@type\":\"ListItem\",\"position\":1,\"name\":\"Accueil\",\"item\":\"https:\\\/\\\/www.vetorino.com\\\/boutique\\\/\"},{\"@type\":\"ListItem\",\"position\":2,\"name\":\"Produits\",\"item\":\"https:\\\/\\\/www.vetorino.com\\\/boutique\\\/\"},{\"@type\":\"ListItem\",\"position\":3,\"name\":\"Chien Confort R\u00e9nal\"}]},{\"@type\":\"WebSite\",\"@id\":\"https:\\\/\\\/www.vetorino.com\\\/boutique\\\/#website\",\"url\":\"https:\\\/\\\/www.vetorino.com\\\/boutique\\\/\",\"name\":\"V\u00e9torino\",\"description\":\"\",\"publisher\":{\"@id\":\"https:\\\/\\\/www.vetorino.com\\\/boutique\\\/#organization\"},\"potentialAction\":[{\"@type\":\"SearchAction\",\"target\":{\"@type\":\"EntryPoint\",\"urlTemplate\":\"https:\\\/\\\/www.vetorino.com\\\/boutique\\\/?s={search_term_string}\"},\"query-input\":{\"@type\":\"PropertyValueSpecification\",\"valueRequired\":true,\"valueName\":\"search_term_string\"}}],\"inLanguage\":\"fr-FR\"},{\"@type\":\"Organization\",\"@id\":\"https:\\\/\\\/www.vetorino.com\\\/boutique\\\/#organization\",\"name\":\"V\u00e9torino\",\"url\":\"https:\\\/\\\/www.vetorino.com\\\/boutique\\\/\",\"logo\":{\"@type\":\"ImageObject\",\"inLanguage\":\"fr-FR\",\"@id\":\"https:\\\/\\\/www.vetorino.com\\\/boutique\\\/#\\\/schema\\\/logo\\\/image\\\/\",\"url\":\"https:\\\/\\\/www.vetorino.com\\\/boutique\\\/wp-content\\\/uploads\\\/2024\\\/10\\\/logo.jpg\",\"contentUrl\":\"https:\\\/\\\/www.vetorino.com\\\/boutique\\\/wp-content\\\/uploads\\\/2024\\\/10\\\/logo.jpg\",\"width\":1200,\"height\":610,\"caption\":\"V\u00e9torino\"},\"image\":{\"@id\":\"https:\\\/\\\/www.vetorino.com\\\/boutique\\\/#\\\/schema\\\/logo\\\/image\\\/\"},\"sameAs\":[\"https:\\\/\\\/www.facebook.com\\\/Vetorino\\\/\",\"https:\\\/\\\/www.instagram.com\\\/vetorino_off\\\/\",\"https:\\\/\\\/www.linkedin.com\\\/company\\\/vtorino\\\/\"]}]}<\/script>\n<meta property=\"product:brand\" content=\"Osalia\" \/>\n<meta property=\"product:price:amount\" content=\"62.60\" \/>\n<meta property=\"product:price:currency\" content=\"EUR\" \/>\n<meta property=\"og:availability\" content=\"instock\" \/>\n<meta property=\"product:availability\" content=\"instock\" \/>\n<meta property=\"product:retailer_item_id\" content=\"A-1870070\" \/>\n<meta property=\"product:condition\" content=\"new\" \/>\n<!-- \/ Yoast SEO plugin. -->","yoast_head_json":{"title":"Easypill Chien Confort R\u00e9nal Osalia - V\u00e9torino","description":"Easypill Confort R\u00e9nal pour chien soutien la fonction r\u00e9nale en cas d'insuffisance r\u00e9nale chronique.  Chien sujet aux probl\u00e8mes r\u00e9naux  Avant utilisation, il est recommand\u00e9 de demander l'avis d'un v\u00e9t\u00e9rinaire.  Autres conditionnements","robots":{"index":"noindex","follow":"nofollow"},"og_locale":"fr_FR","og_type":"article","og_title":"Easypill Chien Confort R\u00e9nal Osalia - V\u00e9torino","og_description":"Easypill Confort R\u00e9nal pour chien soutien la fonction r\u00e9nale en cas d'insuffisance r\u00e9nale chronique.  Chien sujet aux probl\u00e8mes r\u00e9naux  Avant utilisation, il est recommand\u00e9 de demander l'avis d'un v\u00e9t\u00e9rinaire.  Autres conditionnements","og_url":"https:\/\/www.vetorino.com\/veterinaire\/landos-43340\/boutique\/product\/easypill-chien-confort-renal-15-barres\/","og_site_name":"V\u00e9torino","article_publisher":"https:\/\/www.facebook.com\/Vetorino\/","article_modified_time":"2024-06-07T09:38:42+00:00","og_image":[{"width":540,"height":540,"url":"https:\/\/www.vetorino.com\/boutique\/wp-content\/uploads\/2022\/11\/chien-confort-renal.jpg.png","type":"image\/png"}],"twitter_card":"summary_large_image","twitter_misc":{"Prix":"62,60&euro;","Disponibilit\u00e9":"En stock"},"schema":{"@context":"https:\/\/schema.org","@graph":[{"@type":"WebPage","@id":"https:\/\/www.vetorino.com\/boutique\/product\/easypill-chien-confort-renal-15-barres\/","url":"https:\/\/www.vetorino.com\/boutique\/product\/easypill-chien-confort-renal-15-barres\/","name":"Easypill Chien Confort R\u00e9nal Osalia - V\u00e9torino","isPartOf":{"@id":"https:\/\/www.vetorino.com\/boutique\/#website"},"primaryImageOfPage":{"@id":"https:\/\/www.vetorino.com\/boutique\/product\/easypill-chien-confort-renal-15-barres\/#primaryimage"},"image":{"@id":"https:\/\/www.vetorino.com\/boutique\/product\/easypill-chien-confort-renal-15-barres\/#primaryimage"},"thumbnailUrl":"https:\/\/www.vetorino.com\/boutique\/wp-content\/uploads\/2022\/11\/chien-confort-renal.jpg.png","datePublished":"2022-11-09T19:25:38+00:00","dateModified":"2024-06-07T09:38:42+00:00","description":"Easypill Confort R\u00e9nal pour chien soutien la fonction r\u00e9nale en cas d'insuffisance r\u00e9nale chronique. Chien sujet aux probl\u00e8mes r\u00e9naux Avant utilisation, il est recommand\u00e9 de demander l'avis d'un v\u00e9t\u00e9rinaire. Autres conditionnements","breadcrumb":{"@id":"https:\/\/www.vetorino.com\/boutique\/product\/easypill-chien-confort-renal-15-barres\/#breadcrumb"},"inLanguage":"fr-FR","potentialAction":[{"@type":"ReadAction","target":["https:\/\/www.vetorino.com\/boutique\/product\/easypill-chien-confort-renal-15-barres\/"]}]},{"@type":"ImageObject","inLanguage":"fr-FR","@id":"https:\/\/www.vetorino.com\/boutique\/product\/easypill-chien-confort-renal-15-barres\/#primaryimage","url":"https:\/\/www.vetorino.com\/boutique\/wp-content\/uploads\/2022\/11\/chien-confort-renal.jpg.png","contentUrl":"https:\/\/www.vetorino.com\/boutique\/wp-content\/uploads\/2022\/11\/chien-confort-renal.jpg.png","width":540,"height":540},{"@type":"BreadcrumbList","@id":"https:\/\/www.vetorino.com\/boutique\/product\/easypill-chien-confort-renal-15-barres\/#breadcrumb","itemListElement":[{"@type":"ListItem","position":1,"name":"Accueil","item":"https:\/\/www.vetorino.com\/boutique\/"},{"@type":"ListItem","position":2,"name":"Produits","item":"https:\/\/www.vetorino.com\/boutique\/"},{"@type":"ListItem","position":3,"name":"Chien Confort R\u00e9nal"}]},{"@type":"WebSite","@id":"https:\/\/www.vetorino.com\/boutique\/#website","url":"https:\/\/www.vetorino.com\/boutique\/","name":"V\u00e9torino","description":"","publisher":{"@id":"https:\/\/www.vetorino.com\/boutique\/#organization"},"potentialAction":[{"@type":"SearchAction","target":{"@type":"EntryPoint","urlTemplate":"https:\/\/www.vetorino.com\/boutique\/?s={search_term_string}"},"query-input":{"@type":"PropertyValueSpecification","valueRequired":true,"valueName":"search_term_string"}}],"inLanguage":"fr-FR"},{"@type":"Organization","@id":"https:\/\/www.vetorino.com\/boutique\/#organization","name":"V\u00e9torino","url":"https:\/\/www.vetorino.com\/boutique\/","logo":{"@type":"ImageObject","inLanguage":"fr-FR","@id":"https:\/\/www.vetorino.com\/boutique\/#\/schema\/logo\/image\/","url":"https:\/\/www.vetorino.com\/boutique\/wp-content\/uploads\/2024\/10\/logo.jpg","contentUrl":"https:\/\/www.vetorino.com\/boutique\/wp-content\/uploads\/2024\/10\/logo.jpg","width":1200,"height":610,"caption":"V\u00e9torino"},"image":{"@id":"https:\/\/www.vetorino.com\/boutique\/#\/schema\/logo\/image\/"},"sameAs":["https:\/\/www.facebook.com\/Vetorino\/","https:\/\/www.instagram.com\/vetorino_off\/","https:\/\/www.linkedin.com\/company\/vtorino\/"]}]},"product_brand":"Osalia","product_price_amount":"62.60","product_price_currency":"EUR","og_availability":"instock","product_availability":"instock","product_retailer_item_id":"A-1870070","product_condition":"new"},"_links":{"self":[{"href":"https:\/\/www.vetorino.com\/veterinaire\/landos-43340\/boutique\/wp-json\/wp\/v2\/product\/503959","targetHints":{"allow":["GET"]}}],"collection":[{"href":"https:\/\/www.vetorino.com\/veterinaire\/landos-43340\/boutique\/wp-json\/wp\/v2\/product"}],"about":[{"href":"https:\/\/www.vetorino.com\/veterinaire\/landos-43340\/boutique\/wp-json\/wp\/v2\/types\/product"}],"wp:featuredmedia":[{"embeddable":true,"href":"https:\/\/www.vetorino.com\/veterinaire\/landos-43340\/boutique\/wp-json\/wp\/v2\/media\/711978"}],"wp:attachment":[{"href":"https:\/\/www.vetorino.com\/veterinaire\/landos-43340\/boutique\/wp-json\/wp\/v2\/media?parent=503959"}],"wp:term":[{"taxonomy":"product_cat","embeddable":true,"href":"https:\/\/www.vetorino.com\/veterinaire\/landos-43340\/boutique\/wp-json\/wp\/v2\/product_cat?post=503959"},{"taxonomy":"product_tag","embeddable":true,"href":"https:\/\/www.vetorino.com\/veterinaire\/landos-43340\/boutique\/wp-json\/wp\/v2\/product_tag?post=503959"}],"curies":[{"name":"wp","href":"https:\/\/api.w.org\/{rel}","templated":true}]}}